{"id":78028,"date":"2023-09-07T12:40:11","date_gmt":"2023-09-07T12:40:11","guid":{"rendered":"https:\/\/asteralabs.org\/product\/hgh-hormone-de-croissance-humaine\/"},"modified":"2026-01-15T10:26:22","modified_gmt":"2026-01-15T10:26:22","slug":"hgh-hormone-de-croissance-humaine","status":"publish","type":"product","link":"https:\/\/asteralabs.org\/fr\/product\/hgh-hormone-de-croissance-humaine\/","title":{"rendered":"HGH (hormone de croissance humaine)"},"content":{"rendered":"<p><strong>POSOLOGIE<\/strong>: Hormone de croissance humaine (HGH), 16 UI par flacon<\/p>\n<p><strong>CONTENU DE L&#8217;EMBALLAGE :<\/strong><\/p>\n<p>10 flacons contenant chacun 16 UI de solution injectable<\/p>\n<p><strong>QU&#8217;EST-CE QUE C&#8217;EST :<\/strong><\/p>\n<p>L&#8217;hormone de croissance humaine (HCH) est une hormone naturelle produite par l&#8217;hypophyse, essentielle \u00e0 la croissance, au d\u00e9veloppement et \u00e0 la r\u00e9g\u00e9n\u00e9ration des tissus. La HGH synth\u00e9tique, identique \u00e0 l&#8217;hormone naturelle, est utilis\u00e9e pour traiter les troubles de la croissance chez les enfants et les d\u00e9ficiences hormonales chez les adultes. Elle est \u00e9galement recherch\u00e9e pour ses effets b\u00e9n\u00e9fiques potentiels sur la croissance musculaire, la perte de graisse et la lutte contre le vieillissement. La HGH soutient le d\u00e9veloppement musculaire, favorise la d\u00e9gradation des graisses, am\u00e9liore la densit\u00e9 osseuse et contribue \u00e0 la r\u00e9paration des tissus conjonctifs, ce qui en fait une hormone polyvalente pour l&#8217;optimisation de la sant\u00e9 et des performances.<\/p>\n<p><strong>COMMENT L&#8217;UTILISER ?<\/strong><\/p>\n<ul>\n<li>Pour un usage g\u00e9n\u00e9ral :<\/li>\n<\/ul>\n<p>Les doses typiques varient de 1 \u00e0 4 UI par jour. Des doses plus faibles (1 \u00e0 2 UI) sont souvent utilis\u00e9es pour lutter contre le vieillissement ou pour le bien-\u00eatre, tandis que des doses plus \u00e9lev\u00e9es (3 \u00e0 10 UI) peuvent \u00eatre prescrites \u00e0 des fins th\u00e9rapeutiques ou pour am\u00e9liorer les performances, par exemple 3 UI pour br\u00fbler les graisses et 4 \u00e0 8 UI pour gagner de la masse.<\/p>\n<ul>\n<li>L&#8217;administration :<\/li>\n<\/ul>\n<p>La HGH est administr\u00e9e par injection sous-cutan\u00e9e dans le tissu adipeux de l&#8217;abdomen, des cuisses ou des fesses.<\/p>\n<ul>\n<li>Calendrier :<\/li>\n<\/ul>\n<p>Les injections sont g\u00e9n\u00e9ralement administr\u00e9es le matin ou avant le coucher pour s&#8217;aligner sur les sch\u00e9mas de s\u00e9cr\u00e9tion naturelle du corps, optimisant ainsi ses effets. Si le dosage est sup\u00e9rieur \u00e0 2 UI, il doit \u00eatre divis\u00e9 de mani\u00e8re \u00e9gale entre le matin et le coucher, et il doit \u00eatre inject\u00e9 \u00e0 jeun. <strong><br \/>\nINFORMATIONS SUR LES LOTS :<br \/>\n<\/strong>Num\u00e9ro de lot : <span data-sheets-root=\"1\">IT47260<\/span><br \/>\nDate de fabrication : <span data-sheets-root=\"1\" data-sheets-value=\"{\" data-sheets-userformat=\"{\">10.2025<\/span>.<br \/>\nDate d&#8217;expiration : <span data-sheets-root=\"1\" data-sheets-value=\"{\" data-sheets-userformat=\"{\">10.2028<\/span>.<\/p>\n<p>&nbsp;<\/p>\n<p>&nbsp;<\/p>\n","protected":false},"excerpt":{"rendered":"<p>POSOLOGIE: Hormone de croissance humaine (HGH), 16 UI par flacon CONTENU DE L&#8217;EMBALLAGE : 10 flacons contenant chacun 16 UI de solution injectable QU&#8217;EST-CE QUE C&#8217;EST : L&#8217;hormone de croissance humaine (HCH) est une hormone naturelle produite par l&#8217;hypophyse, essentielle \u00e0 la croissance, au d\u00e9veloppement et \u00e0 la r\u00e9g\u00e9n\u00e9ration des tissus. La HGH synth\u00e9tique, identique&hellip;<\/p>\n","protected":false},"featured_media":80475,"comment_status":"closed","ping_status":"closed","template":"","meta":[],"product_cat":[161,190],"product_tag":[],"yoast_head":"<!-- This site is optimized with the Yoast SEO plugin v23.0 - https:\/\/yoast.com\/wordpress\/plugins\/seo\/ -->\n<title>HGH (hormone de croissance humaine) - Astera Labs<\/title>\n<meta name=\"robots\" content=\"index, follow, max-snippet:-1, max-image-preview:large, max-video-preview:-1\" \/>\n<link rel=\"canonical\" href=\"https:\/\/asteralabs.org\/fr\/product\/hgh-hormone-de-croissance-humaine\/\" \/>\n<meta property=\"og:locale\" content=\"fr_FR\" \/>\n<meta property=\"og:type\" content=\"article\" \/>\n<meta property=\"og:title\" content=\"HGH (hormone de croissance humaine) - Astera Labs\" \/>\n<meta property=\"og:description\" content=\"POSOLOGIE: Hormone de croissance humaine (HGH), 16 UI par flacon CONTENU DE L&#8217;EMBALLAGE : 10 flacons contenant chacun 16 UI de solution injectable QU&#8217;EST-CE QUE C&#8217;EST : L&#8217;hormone de croissance humaine (HCH) est une hormone naturelle produite par l&#8217;hypophyse, essentielle \u00e0 la croissance, au d\u00e9veloppement et \u00e0 la r\u00e9g\u00e9n\u00e9ration des tissus. La HGH synth\u00e9tique, identique&hellip;\" \/>\n<meta property=\"og:url\" content=\"https:\/\/asteralabs.org\/fr\/product\/hgh-hormone-de-croissance-humaine\/\" \/>\n<meta property=\"og:site_name\" content=\"Astera Labs\" \/>\n<meta property=\"article:modified_time\" content=\"2026-01-15T10:26:22+00:00\" \/>\n<meta property=\"og:image\" content=\"https:\/\/asteralabs.org\/wp-content\/uploads\/2023\/09\/HGH-human-growth-hormone-vial-front-noBG.png\" \/>\n\t<meta property=\"og:image:width\" content=\"2000\" \/>\n\t<meta property=\"og:image:height\" content=\"2000\" \/>\n\t<meta property=\"og:image:type\" content=\"image\/png\" \/>\n<meta name=\"twitter:card\" content=\"summary_large_image\" \/>\n<script type=\"application\/ld+json\" class=\"yoast-schema-graph\">{\"@context\":\"https:\/\/schema.org\",\"@graph\":[{\"@type\":\"WebPage\",\"@id\":\"https:\/\/asteralabs.org\/fr\/product\/hgh-hormone-de-croissance-humaine\/\",\"url\":\"https:\/\/asteralabs.org\/fr\/product\/hgh-hormone-de-croissance-humaine\/\",\"name\":\"HGH (hormone de croissance humaine) - Astera Labs\",\"isPartOf\":{\"@id\":\"https:\/\/asteralabs.org\/fr\/#website\"},\"primaryImageOfPage\":{\"@id\":\"https:\/\/asteralabs.org\/fr\/product\/hgh-hormone-de-croissance-humaine\/#primaryimage\"},\"image\":{\"@id\":\"https:\/\/asteralabs.org\/fr\/product\/hgh-hormone-de-croissance-humaine\/#primaryimage\"},\"thumbnailUrl\":\"https:\/\/asteralabs.org\/wp-content\/uploads\/2023\/09\/HGH-human-growth-hormone-vial-front-noBG-FIXED.png\",\"datePublished\":\"2023-09-07T12:40:11+00:00\",\"dateModified\":\"2026-01-15T10:26:22+00:00\",\"breadcrumb\":{\"@id\":\"https:\/\/asteralabs.org\/fr\/product\/hgh-hormone-de-croissance-humaine\/#breadcrumb\"},\"inLanguage\":\"fr-FR\",\"potentialAction\":[{\"@type\":\"ReadAction\",\"target\":[\"https:\/\/asteralabs.org\/fr\/product\/hgh-hormone-de-croissance-humaine\/\"]}]},{\"@type\":\"ImageObject\",\"inLanguage\":\"fr-FR\",\"@id\":\"https:\/\/asteralabs.org\/fr\/product\/hgh-hormone-de-croissance-humaine\/#primaryimage\",\"url\":\"https:\/\/asteralabs.org\/wp-content\/uploads\/2023\/09\/HGH-human-growth-hormone-vial-front-noBG-FIXED.png\",\"contentUrl\":\"https:\/\/asteralabs.org\/wp-content\/uploads\/2023\/09\/HGH-human-growth-hormone-vial-front-noBG-FIXED.png\",\"width\":2000,\"height\":2000},{\"@type\":\"BreadcrumbList\",\"@id\":\"https:\/\/asteralabs.org\/fr\/product\/hgh-hormone-de-croissance-humaine\/#breadcrumb\",\"itemListElement\":[{\"@type\":\"ListItem\",\"position\":1,\"name\":\"Home\",\"item\":\"https:\/\/asteralabs.org\/fr\/\"},{\"@type\":\"ListItem\",\"position\":2,\"name\":\"Boutique\",\"item\":\"https:\/\/asteralabs.org\/boutique\/\"},{\"@type\":\"ListItem\",\"position\":3,\"name\":\"HGH (hormone de croissance humaine)\"}]},{\"@type\":\"WebSite\",\"@id\":\"https:\/\/asteralabs.org\/fr\/#website\",\"url\":\"https:\/\/asteralabs.org\/fr\/\",\"name\":\"Astera Labs\",\"description\":\"Improve Your Quality Of Life\",\"publisher\":{\"@id\":\"https:\/\/asteralabs.org\/fr\/#organization\"},\"potentialAction\":[{\"@type\":\"SearchAction\",\"target\":{\"@type\":\"EntryPoint\",\"urlTemplate\":\"https:\/\/asteralabs.org\/fr\/?s={search_term_string}\"},\"query-input\":\"required name=search_term_string\"}],\"inLanguage\":\"fr-FR\"},{\"@type\":\"Organization\",\"@id\":\"https:\/\/asteralabs.org\/fr\/#organization\",\"name\":\"Astera Labs\",\"url\":\"https:\/\/asteralabs.org\/fr\/\",\"logo\":{\"@type\":\"ImageObject\",\"inLanguage\":\"fr-FR\",\"@id\":\"https:\/\/asteralabs.org\/fr\/#\/schema\/logo\/image\/\",\"url\":\"https:\/\/asteralabs.org\/wp-content\/uploads\/2022\/12\/astera-2.png\",\"contentUrl\":\"https:\/\/asteralabs.org\/wp-content\/uploads\/2022\/12\/astera-2.png\",\"width\":437,\"height\":111,\"caption\":\"Astera Labs\"},\"image\":{\"@id\":\"https:\/\/asteralabs.org\/fr\/#\/schema\/logo\/image\/\"}}]}<\/script>\n<!-- \/ Yoast SEO plugin. -->","yoast_head_json":{"title":"HGH (hormone de croissance humaine) - Astera Labs","robots":{"index":"index","follow":"follow","max-snippet":"max-snippet:-1","max-image-preview":"max-image-preview:large","max-video-preview":"max-video-preview:-1"},"canonical":"https:\/\/asteralabs.org\/fr\/product\/hgh-hormone-de-croissance-humaine\/","og_locale":"fr_FR","og_type":"article","og_title":"HGH (hormone de croissance humaine) - Astera Labs","og_description":"POSOLOGIE: Hormone de croissance humaine (HGH), 16 UI par flacon CONTENU DE L&#8217;EMBALLAGE : 10 flacons contenant chacun 16 UI de solution injectable QU&#8217;EST-CE QUE C&#8217;EST : L&#8217;hormone de croissance humaine (HCH) est une hormone naturelle produite par l&#8217;hypophyse, essentielle \u00e0 la croissance, au d\u00e9veloppement et \u00e0 la r\u00e9g\u00e9n\u00e9ration des tissus. La HGH synth\u00e9tique, identique&hellip;","og_url":"https:\/\/asteralabs.org\/fr\/product\/hgh-hormone-de-croissance-humaine\/","og_site_name":"Astera Labs","article_modified_time":"2026-01-15T10:26:22+00:00","og_image":[{"width":2000,"height":2000,"url":"https:\/\/asteralabs.org\/wp-content\/uploads\/2023\/09\/HGH-human-growth-hormone-vial-front-noBG.png","type":"image\/png"}],"twitter_card":"summary_large_image","schema":{"@context":"https:\/\/schema.org","@graph":[{"@type":"WebPage","@id":"https:\/\/asteralabs.org\/fr\/product\/hgh-hormone-de-croissance-humaine\/","url":"https:\/\/asteralabs.org\/fr\/product\/hgh-hormone-de-croissance-humaine\/","name":"HGH (hormone de croissance humaine) - Astera Labs","isPartOf":{"@id":"https:\/\/asteralabs.org\/fr\/#website"},"primaryImageOfPage":{"@id":"https:\/\/asteralabs.org\/fr\/product\/hgh-hormone-de-croissance-humaine\/#primaryimage"},"image":{"@id":"https:\/\/asteralabs.org\/fr\/product\/hgh-hormone-de-croissance-humaine\/#primaryimage"},"thumbnailUrl":"https:\/\/asteralabs.org\/wp-content\/uploads\/2023\/09\/HGH-human-growth-hormone-vial-front-noBG-FIXED.png","datePublished":"2023-09-07T12:40:11+00:00","dateModified":"2026-01-15T10:26:22+00:00","breadcrumb":{"@id":"https:\/\/asteralabs.org\/fr\/product\/hgh-hormone-de-croissance-humaine\/#breadcrumb"},"inLanguage":"fr-FR","potentialAction":[{"@type":"ReadAction","target":["https:\/\/asteralabs.org\/fr\/product\/hgh-hormone-de-croissance-humaine\/"]}]},{"@type":"ImageObject","inLanguage":"fr-FR","@id":"https:\/\/asteralabs.org\/fr\/product\/hgh-hormone-de-croissance-humaine\/#primaryimage","url":"https:\/\/asteralabs.org\/wp-content\/uploads\/2023\/09\/HGH-human-growth-hormone-vial-front-noBG-FIXED.png","contentUrl":"https:\/\/asteralabs.org\/wp-content\/uploads\/2023\/09\/HGH-human-growth-hormone-vial-front-noBG-FIXED.png","width":2000,"height":2000},{"@type":"BreadcrumbList","@id":"https:\/\/asteralabs.org\/fr\/product\/hgh-hormone-de-croissance-humaine\/#breadcrumb","itemListElement":[{"@type":"ListItem","position":1,"name":"Home","item":"https:\/\/asteralabs.org\/fr\/"},{"@type":"ListItem","position":2,"name":"Boutique","item":"https:\/\/asteralabs.org\/boutique\/"},{"@type":"ListItem","position":3,"name":"HGH (hormone de croissance humaine)"}]},{"@type":"WebSite","@id":"https:\/\/asteralabs.org\/fr\/#website","url":"https:\/\/asteralabs.org\/fr\/","name":"Astera Labs","description":"Improve Your Quality Of Life","publisher":{"@id":"https:\/\/asteralabs.org\/fr\/#organization"},"potentialAction":[{"@type":"SearchAction","target":{"@type":"EntryPoint","urlTemplate":"https:\/\/asteralabs.org\/fr\/?s={search_term_string}"},"query-input":"required name=search_term_string"}],"inLanguage":"fr-FR"},{"@type":"Organization","@id":"https:\/\/asteralabs.org\/fr\/#organization","name":"Astera Labs","url":"https:\/\/asteralabs.org\/fr\/","logo":{"@type":"ImageObject","inLanguage":"fr-FR","@id":"https:\/\/asteralabs.org\/fr\/#\/schema\/logo\/image\/","url":"https:\/\/asteralabs.org\/wp-content\/uploads\/2022\/12\/astera-2.png","contentUrl":"https:\/\/asteralabs.org\/wp-content\/uploads\/2022\/12\/astera-2.png","width":437,"height":111,"caption":"Astera Labs"},"image":{"@id":"https:\/\/asteralabs.org\/fr\/#\/schema\/logo\/image\/"}}]}},"_links":{"self":[{"href":"https:\/\/asteralabs.org\/fr\/wp-json\/wp\/v2\/product\/78028"}],"collection":[{"href":"https:\/\/asteralabs.org\/fr\/wp-json\/wp\/v2\/product"}],"about":[{"href":"https:\/\/asteralabs.org\/fr\/wp-json\/wp\/v2\/types\/product"}],"replies":[{"embeddable":true,"href":"https:\/\/asteralabs.org\/fr\/wp-json\/wp\/v2\/comments?post=78028"}],"version-history":[{"count":2,"href":"https:\/\/asteralabs.org\/fr\/wp-json\/wp\/v2\/product\/78028\/revisions"}],"predecessor-version":[{"id":79448,"href":"https:\/\/asteralabs.org\/fr\/wp-json\/wp\/v2\/product\/78028\/revisions\/79448"}],"wp:featuredmedia":[{"embeddable":true,"href":"https:\/\/asteralabs.org\/fr\/wp-json\/wp\/v2\/media\/80475"}],"wp:attachment":[{"href":"https:\/\/asteralabs.org\/fr\/wp-json\/wp\/v2\/media?parent=78028"}],"wp:term":[{"taxonomy":"product_cat","embeddable":true,"href":"https:\/\/asteralabs.org\/fr\/wp-json\/wp\/v2\/product_cat?post=78028"},{"taxonomy":"product_tag","embeddable":true,"href":"https:\/\/asteralabs.org\/fr\/wp-json\/wp\/v2\/product_tag?post=78028"}],"curies":[{"name":"wp","href":"https:\/\/api.w.org\/{rel}","templated":true}]}}