{"id":78034,"date":"2023-09-07T12:39:07","date_gmt":"2023-09-07T12:39:07","guid":{"rendered":"https:\/\/asteralabs.org\/product\/hcg-gonadotrophine-chorionique-humaine\/"},"modified":"2026-01-15T10:43:03","modified_gmt":"2026-01-15T10:43:03","slug":"hcg-gonadotrophine-chorionique-humaine","status":"publish","type":"product","link":"https:\/\/asteralabs.org\/fr\/product\/hcg-gonadotrophine-chorionique-humaine\/","title":{"rendered":"HCG (Gonadotrophine Chorionique Humaine)"},"content":{"rendered":"<p><strong>POSOLOGIE<\/strong>: Gonadotrophine chorionique humaine (HCG), 5000 UI par flacon<\/p>\n<p><strong>CONTENU DE L&#8217;EMBALLAGE :<\/strong><\/p>\n<p>1 flacon contenant 5000 UI de solution injectable<\/p>\n<p><strong>QU&#8217;EST-CE QUE C&#8217;EST :<\/strong><\/p>\n<p>La gonadotrophine chorionique humaine (HCG) est une hormone injectable tr\u00e8s efficace qui imite la fonction de l&#8217;hormone lut\u00e9inisante (LH) dans l&#8217;organisme. Elle est couramment utilis\u00e9e pour soutenir la fertilit\u00e9 chez les femmes, restaurer les niveaux naturels de testost\u00e9rone chez les hommes ayant un faible taux de testost\u00e9rone et pr\u00e9venir le r\u00e9tr\u00e9cissement des testicules pendant les cycles de st\u00e9ro\u00efdes anabolisants. L&#8217;HCG favorise l&#8217;ovulation, stimule la production de testost\u00e9rone, maintient la fonction testiculaire et am\u00e9liore la qualit\u00e9 du sperme, ce qui en fait un outil pr\u00e9cieux pour la sant\u00e9 reproductive et l&#8217;\u00e9quilibre hormonal chez les hommes et les femmes.<\/p>\n<p><strong>COMMENT L&#8217;UTILISER ?<\/strong><\/p>\n<p>Le dosage recommand\u00e9 de l&#8217;HCG d\u00e9pend de son objectif :<\/p>\n<ul>\n<li>Pour la fertilit\u00e9 (femmes) :<\/li>\n<\/ul>\n<p>L&#8217;HCG est utilis\u00e9e pour d\u00e9clencher l&#8217;ovulation chez les femmes qui suivent un traitement de fertilit\u00e9. Le protocole type comprend une seule injection intramusculaire de 5 000 \u00e0 10 000 UI, administr\u00e9e environ 36 heures avant l&#8217;ins\u00e9mination intra-ut\u00e9rine (IUI) ou le pr\u00e9l\u00e8vement d&#8217;ovules en vue d&#8217;une f\u00e9condation in vitro (FIV).<\/p>\n<ul>\n<li>Pour le soutien de la fertilit\u00e9 (hommes) :<\/li>\n<\/ul>\n<p>La dose typique est de 500 \u00e0 1000 UI, administr\u00e9e par injection intramusculaire ou sous-cutan\u00e9e, deux \u00e0 trois fois par semaine. <strong>INFORMATIONS SUR LES LOTS :<br \/>\n<\/strong>Num\u00e9ro de lot : <span data-sheets-root=\"1\">GR69023<\/span><br \/>\nDate de fabrication : <span data-sheets-root=\"1\" data-sheets-value=\"{&quot;1&quot;:2,&quot;2&quot;:&quot;03.2023.&quot;}\" data-sheets-userformat=\"{&quot;2&quot;:577,&quot;3&quot;:{&quot;1&quot;:0},&quot;9&quot;:0,&quot;12&quot;:0}\">10.2025.<\/span><br \/>\nDate d&#8217;expiration : 10<span data-sheets-root=\"1\" data-sheets-value=\"{&quot;1&quot;:2,&quot;2&quot;:&quot;03.2026.&quot;}\" data-sheets-userformat=\"{&quot;2&quot;:637,&quot;3&quot;:{&quot;1&quot;:0},&quot;5&quot;:{&quot;1&quot;:[{&quot;1&quot;:2,&quot;2&quot;:0,&quot;5&quot;:{&quot;1&quot;:2,&quot;2&quot;:0}},{&quot;1&quot;:0,&quot;2&quot;:0,&quot;3&quot;:3},{&quot;1&quot;:1,&quot;2&quot;:0,&quot;4&quot;:1}]},&quot;6&quot;:{&quot;1&quot;:[{&quot;1&quot;:2,&quot;2&quot;:0,&quot;5&quot;:{&quot;1&quot;:2,&quot;2&quot;:0}},{&quot;1&quot;:0,&quot;2&quot;:0,&quot;3&quot;:3},{&quot;1&quot;:1,&quot;2&quot;:0,&quot;4&quot;:1}]},&quot;7&quot;:{&quot;1&quot;:[{&quot;1&quot;:2,&quot;2&quot;:0,&quot;5&quot;:{&quot;1&quot;:2,&quot;2&quot;:0}},{&quot;1&quot;:0,&quot;2&quot;:0,&quot;3&quot;:3},{&quot;1&quot;:1,&quot;2&quot;:0,&quot;4&quot;:1}]},&quot;8&quot;:{&quot;1&quot;:[{&quot;1&quot;:2,&quot;2&quot;:0,&quot;5&quot;:{&quot;1&quot;:2,&quot;2&quot;:0}},{&quot;1&quot;:0,&quot;2&quot;:0,&quot;3&quot;:3},{&quot;1&quot;:1,&quot;2&quot;:0,&quot;4&quot;:1}]},&quot;9&quot;:0,&quot;12&quot;:0}\">.2028.<\/span><\/p>\n","protected":false},"excerpt":{"rendered":"<p>POSOLOGIE: Gonadotrophine chorionique humaine (HCG), 5000 UI par flacon CONTENU DE L&#8217;EMBALLAGE : 1 flacon contenant 5000 UI de solution injectable QU&#8217;EST-CE QUE C&#8217;EST : La gonadotrophine chorionique humaine (HCG) est une hormone injectable tr\u00e8s efficace qui imite la fonction de l&#8217;hormone lut\u00e9inisante (LH) dans l&#8217;organisme. Elle est couramment utilis\u00e9e pour soutenir la fertilit\u00e9 chez&hellip;<\/p>\n","protected":false},"featured_media":80466,"comment_status":"closed","ping_status":"closed","template":"","meta":[],"product_cat":[161,190],"product_tag":[],"yoast_head":"<!-- This site is optimized with the Yoast SEO plugin v23.0 - https:\/\/yoast.com\/wordpress\/plugins\/seo\/ -->\n<title>HCG (Gonadotrophine Chorionique Humaine) - Astera Labs<\/title>\n<meta name=\"robots\" content=\"index, follow, max-snippet:-1, max-image-preview:large, max-video-preview:-1\" \/>\n<link rel=\"canonical\" href=\"https:\/\/asteralabs.org\/fr\/product\/hcg-gonadotrophine-chorionique-humaine\/\" \/>\n<meta property=\"og:locale\" content=\"fr_FR\" \/>\n<meta property=\"og:type\" content=\"article\" \/>\n<meta property=\"og:title\" content=\"HCG (Gonadotrophine Chorionique Humaine) - Astera Labs\" \/>\n<meta property=\"og:description\" content=\"POSOLOGIE: Gonadotrophine chorionique humaine (HCG), 5000 UI par flacon CONTENU DE L&#8217;EMBALLAGE : 1 flacon contenant 5000 UI de solution injectable QU&#8217;EST-CE QUE C&#8217;EST : La gonadotrophine chorionique humaine (HCG) est une hormone injectable tr\u00e8s efficace qui imite la fonction de l&#8217;hormone lut\u00e9inisante (LH) dans l&#8217;organisme. Elle est couramment utilis\u00e9e pour soutenir la fertilit\u00e9 chez&hellip;\" \/>\n<meta property=\"og:url\" content=\"https:\/\/asteralabs.org\/fr\/product\/hcg-gonadotrophine-chorionique-humaine\/\" \/>\n<meta property=\"og:site_name\" content=\"Astera Labs\" \/>\n<meta property=\"article:modified_time\" content=\"2026-01-15T10:43:03+00:00\" \/>\n<meta property=\"og:image\" content=\"https:\/\/asteralabs.org\/wp-content\/uploads\/2023\/09\/HCG-vial-front-noBG.png\" \/>\n\t<meta property=\"og:image:width\" content=\"2000\" \/>\n\t<meta property=\"og:image:height\" content=\"2000\" \/>\n\t<meta property=\"og:image:type\" content=\"image\/png\" \/>\n<meta name=\"twitter:card\" content=\"summary_large_image\" \/>\n<script type=\"application\/ld+json\" class=\"yoast-schema-graph\">{\"@context\":\"https:\/\/schema.org\",\"@graph\":[{\"@type\":\"WebPage\",\"@id\":\"https:\/\/asteralabs.org\/fr\/product\/hcg-gonadotrophine-chorionique-humaine\/\",\"url\":\"https:\/\/asteralabs.org\/fr\/product\/hcg-gonadotrophine-chorionique-humaine\/\",\"name\":\"HCG (Gonadotrophine Chorionique Humaine) - Astera Labs\",\"isPartOf\":{\"@id\":\"https:\/\/asteralabs.org\/fr\/#website\"},\"primaryImageOfPage\":{\"@id\":\"https:\/\/asteralabs.org\/fr\/product\/hcg-gonadotrophine-chorionique-humaine\/#primaryimage\"},\"image\":{\"@id\":\"https:\/\/asteralabs.org\/fr\/product\/hcg-gonadotrophine-chorionique-humaine\/#primaryimage\"},\"thumbnailUrl\":\"https:\/\/asteralabs.org\/wp-content\/uploads\/2023\/09\/HCG-vial-front-noBG-FIXED.png\",\"datePublished\":\"2023-09-07T12:39:07+00:00\",\"dateModified\":\"2026-01-15T10:43:03+00:00\",\"breadcrumb\":{\"@id\":\"https:\/\/asteralabs.org\/fr\/product\/hcg-gonadotrophine-chorionique-humaine\/#breadcrumb\"},\"inLanguage\":\"fr-FR\",\"potentialAction\":[{\"@type\":\"ReadAction\",\"target\":[\"https:\/\/asteralabs.org\/fr\/product\/hcg-gonadotrophine-chorionique-humaine\/\"]}]},{\"@type\":\"ImageObject\",\"inLanguage\":\"fr-FR\",\"@id\":\"https:\/\/asteralabs.org\/fr\/product\/hcg-gonadotrophine-chorionique-humaine\/#primaryimage\",\"url\":\"https:\/\/asteralabs.org\/wp-content\/uploads\/2023\/09\/HCG-vial-front-noBG-FIXED.png\",\"contentUrl\":\"https:\/\/asteralabs.org\/wp-content\/uploads\/2023\/09\/HCG-vial-front-noBG-FIXED.png\",\"width\":2000,\"height\":2000},{\"@type\":\"BreadcrumbList\",\"@id\":\"https:\/\/asteralabs.org\/fr\/product\/hcg-gonadotrophine-chorionique-humaine\/#breadcrumb\",\"itemListElement\":[{\"@type\":\"ListItem\",\"position\":1,\"name\":\"Home\",\"item\":\"https:\/\/asteralabs.org\/fr\/\"},{\"@type\":\"ListItem\",\"position\":2,\"name\":\"Boutique\",\"item\":\"https:\/\/asteralabs.org\/boutique\/\"},{\"@type\":\"ListItem\",\"position\":3,\"name\":\"HCG (Gonadotrophine Chorionique Humaine)\"}]},{\"@type\":\"WebSite\",\"@id\":\"https:\/\/asteralabs.org\/fr\/#website\",\"url\":\"https:\/\/asteralabs.org\/fr\/\",\"name\":\"Astera Labs\",\"description\":\"Improve Your Quality Of Life\",\"publisher\":{\"@id\":\"https:\/\/asteralabs.org\/fr\/#organization\"},\"potentialAction\":[{\"@type\":\"SearchAction\",\"target\":{\"@type\":\"EntryPoint\",\"urlTemplate\":\"https:\/\/asteralabs.org\/fr\/?s={search_term_string}\"},\"query-input\":\"required name=search_term_string\"}],\"inLanguage\":\"fr-FR\"},{\"@type\":\"Organization\",\"@id\":\"https:\/\/asteralabs.org\/fr\/#organization\",\"name\":\"Astera Labs\",\"url\":\"https:\/\/asteralabs.org\/fr\/\",\"logo\":{\"@type\":\"ImageObject\",\"inLanguage\":\"fr-FR\",\"@id\":\"https:\/\/asteralabs.org\/fr\/#\/schema\/logo\/image\/\",\"url\":\"https:\/\/asteralabs.org\/wp-content\/uploads\/2022\/12\/astera-2.png\",\"contentUrl\":\"https:\/\/asteralabs.org\/wp-content\/uploads\/2022\/12\/astera-2.png\",\"width\":437,\"height\":111,\"caption\":\"Astera Labs\"},\"image\":{\"@id\":\"https:\/\/asteralabs.org\/fr\/#\/schema\/logo\/image\/\"}}]}<\/script>\n<!-- \/ Yoast SEO plugin. -->","yoast_head_json":{"title":"HCG (Gonadotrophine Chorionique Humaine) - Astera Labs","robots":{"index":"index","follow":"follow","max-snippet":"max-snippet:-1","max-image-preview":"max-image-preview:large","max-video-preview":"max-video-preview:-1"},"canonical":"https:\/\/asteralabs.org\/fr\/product\/hcg-gonadotrophine-chorionique-humaine\/","og_locale":"fr_FR","og_type":"article","og_title":"HCG (Gonadotrophine Chorionique Humaine) - Astera Labs","og_description":"POSOLOGIE: Gonadotrophine chorionique humaine (HCG), 5000 UI par flacon CONTENU DE L&#8217;EMBALLAGE : 1 flacon contenant 5000 UI de solution injectable QU&#8217;EST-CE QUE C&#8217;EST : La gonadotrophine chorionique humaine (HCG) est une hormone injectable tr\u00e8s efficace qui imite la fonction de l&#8217;hormone lut\u00e9inisante (LH) dans l&#8217;organisme. Elle est couramment utilis\u00e9e pour soutenir la fertilit\u00e9 chez&hellip;","og_url":"https:\/\/asteralabs.org\/fr\/product\/hcg-gonadotrophine-chorionique-humaine\/","og_site_name":"Astera Labs","article_modified_time":"2026-01-15T10:43:03+00:00","og_image":[{"width":2000,"height":2000,"url":"https:\/\/asteralabs.org\/wp-content\/uploads\/2023\/09\/HCG-vial-front-noBG.png","type":"image\/png"}],"twitter_card":"summary_large_image","schema":{"@context":"https:\/\/schema.org","@graph":[{"@type":"WebPage","@id":"https:\/\/asteralabs.org\/fr\/product\/hcg-gonadotrophine-chorionique-humaine\/","url":"https:\/\/asteralabs.org\/fr\/product\/hcg-gonadotrophine-chorionique-humaine\/","name":"HCG (Gonadotrophine Chorionique Humaine) - Astera Labs","isPartOf":{"@id":"https:\/\/asteralabs.org\/fr\/#website"},"primaryImageOfPage":{"@id":"https:\/\/asteralabs.org\/fr\/product\/hcg-gonadotrophine-chorionique-humaine\/#primaryimage"},"image":{"@id":"https:\/\/asteralabs.org\/fr\/product\/hcg-gonadotrophine-chorionique-humaine\/#primaryimage"},"thumbnailUrl":"https:\/\/asteralabs.org\/wp-content\/uploads\/2023\/09\/HCG-vial-front-noBG-FIXED.png","datePublished":"2023-09-07T12:39:07+00:00","dateModified":"2026-01-15T10:43:03+00:00","breadcrumb":{"@id":"https:\/\/asteralabs.org\/fr\/product\/hcg-gonadotrophine-chorionique-humaine\/#breadcrumb"},"inLanguage":"fr-FR","potentialAction":[{"@type":"ReadAction","target":["https:\/\/asteralabs.org\/fr\/product\/hcg-gonadotrophine-chorionique-humaine\/"]}]},{"@type":"ImageObject","inLanguage":"fr-FR","@id":"https:\/\/asteralabs.org\/fr\/product\/hcg-gonadotrophine-chorionique-humaine\/#primaryimage","url":"https:\/\/asteralabs.org\/wp-content\/uploads\/2023\/09\/HCG-vial-front-noBG-FIXED.png","contentUrl":"https:\/\/asteralabs.org\/wp-content\/uploads\/2023\/09\/HCG-vial-front-noBG-FIXED.png","width":2000,"height":2000},{"@type":"BreadcrumbList","@id":"https:\/\/asteralabs.org\/fr\/product\/hcg-gonadotrophine-chorionique-humaine\/#breadcrumb","itemListElement":[{"@type":"ListItem","position":1,"name":"Home","item":"https:\/\/asteralabs.org\/fr\/"},{"@type":"ListItem","position":2,"name":"Boutique","item":"https:\/\/asteralabs.org\/boutique\/"},{"@type":"ListItem","position":3,"name":"HCG (Gonadotrophine Chorionique Humaine)"}]},{"@type":"WebSite","@id":"https:\/\/asteralabs.org\/fr\/#website","url":"https:\/\/asteralabs.org\/fr\/","name":"Astera Labs","description":"Improve Your Quality Of Life","publisher":{"@id":"https:\/\/asteralabs.org\/fr\/#organization"},"potentialAction":[{"@type":"SearchAction","target":{"@type":"EntryPoint","urlTemplate":"https:\/\/asteralabs.org\/fr\/?s={search_term_string}"},"query-input":"required name=search_term_string"}],"inLanguage":"fr-FR"},{"@type":"Organization","@id":"https:\/\/asteralabs.org\/fr\/#organization","name":"Astera Labs","url":"https:\/\/asteralabs.org\/fr\/","logo":{"@type":"ImageObject","inLanguage":"fr-FR","@id":"https:\/\/asteralabs.org\/fr\/#\/schema\/logo\/image\/","url":"https:\/\/asteralabs.org\/wp-content\/uploads\/2022\/12\/astera-2.png","contentUrl":"https:\/\/asteralabs.org\/wp-content\/uploads\/2022\/12\/astera-2.png","width":437,"height":111,"caption":"Astera Labs"},"image":{"@id":"https:\/\/asteralabs.org\/fr\/#\/schema\/logo\/image\/"}}]}},"_links":{"self":[{"href":"https:\/\/asteralabs.org\/fr\/wp-json\/wp\/v2\/product\/78034"}],"collection":[{"href":"https:\/\/asteralabs.org\/fr\/wp-json\/wp\/v2\/product"}],"about":[{"href":"https:\/\/asteralabs.org\/fr\/wp-json\/wp\/v2\/types\/product"}],"replies":[{"embeddable":true,"href":"https:\/\/asteralabs.org\/fr\/wp-json\/wp\/v2\/comments?post=78034"}],"version-history":[{"count":2,"href":"https:\/\/asteralabs.org\/fr\/wp-json\/wp\/v2\/product\/78034\/revisions"}],"predecessor-version":[{"id":79486,"href":"https:\/\/asteralabs.org\/fr\/wp-json\/wp\/v2\/product\/78034\/revisions\/79486"}],"wp:featuredmedia":[{"embeddable":true,"href":"https:\/\/asteralabs.org\/fr\/wp-json\/wp\/v2\/media\/80466"}],"wp:attachment":[{"href":"https:\/\/asteralabs.org\/fr\/wp-json\/wp\/v2\/media?parent=78034"}],"wp:term":[{"taxonomy":"product_cat","embeddable":true,"href":"https:\/\/asteralabs.org\/fr\/wp-json\/wp\/v2\/product_cat?post=78034"},{"taxonomy":"product_tag","embeddable":true,"href":"https:\/\/asteralabs.org\/fr\/wp-json\/wp\/v2\/product_tag?post=78034"}],"curies":[{"name":"wp","href":"https:\/\/api.w.org\/{rel}","templated":true}]}}