{"id":78045,"date":"2023-09-07T12:35:37","date_gmt":"2023-09-07T12:35:37","guid":{"rendered":"https:\/\/asteralabs.org\/product\/sr9009-50-comprimes\/"},"modified":"2026-01-15T11:07:36","modified_gmt":"2026-01-15T11:07:36","slug":"sr9009-50-comprimes","status":"publish","type":"product","link":"https:\/\/asteralabs.org\/fr\/product\/sr9009-50-comprimes\/","title":{"rendered":"SR9009 50 comprim\u00e9s"},"content":{"rendered":"<p><strong>POSOLOGIE<\/strong>: SR9009 Stenabolic 10 mg par comprim\u00e9<\/p>\n<p><strong>CONTENU DE L&#8217;EMBALLAGE :<\/strong><\/p>\n<p>1 Sachet de 50 comprim\u00e9s, contenant chacun 10 mg<\/p>\n<p><strong>QU&#8217;EST-CE QUE C&#8217;EST :<\/strong><\/p>\n<p>Stenabolic, \u00e9galement connu sous le nom de SR9009, est un compos\u00e9 unique connu pour sa capacit\u00e9 \u00e0 influencer de multiples fonctions corporelles, notamment le stockage des graisses, le m\u00e9tabolisme du glucose et la r\u00e9gulation du rythme circadien. Il est appr\u00e9ci\u00e9 par la communaut\u00e9 des bodybuilders pour son potentiel \u00e0 stimuler la capacit\u00e9 d&#8217;exercice, \u00e0 am\u00e9liorer l&#8217;endurance et \u00e0 aider \u00e0 la perte de graisse.<\/p>\n<p><strong>COMMENT L&#8217;UTILISER ?<\/strong><\/p>\n<p>La posologie recommand\u00e9e pour Stenabolic se situe entre 10 mg et 40 mg par jour, souvent divis\u00e9e en deux ou trois doses tout au long de la journ\u00e9e en raison de sa courte demi-vie d&#8217;environ 4 \u00e0 6 heures. <strong>INFORMATIONS SUR LES LOTS :<br \/>\n<\/strong>Num\u00e9ro de lot : <span data-sheets-root=\"1\" data-sheets-value=\"{\" data-sheets-userformat=\"{\">XT17311<\/span><br \/>\nDate de fabrication : <span data-sheets-root=\"1\" data-sheets-value=\"{\" data-sheets-userformat=\"{\">10.2025.<\/span><br \/>\nDate d&#8217;expiration : <span data-sheets-root=\"1\" data-sheets-value=\"{\" data-sheets-userformat=\"{\">10.2028.<\/span><\/p>\n","protected":false},"excerpt":{"rendered":"<p>POSOLOGIE: SR9009 Stenabolic 10 mg par comprim\u00e9 CONTENU DE L&#8217;EMBALLAGE : 1 Sachet de 50 comprim\u00e9s, contenant chacun 10 mg QU&#8217;EST-CE QUE C&#8217;EST : Stenabolic, \u00e9galement connu sous le nom de SR9009, est un compos\u00e9 unique connu pour sa capacit\u00e9 \u00e0 influencer de multiples fonctions corporelles, notamment le stockage des graisses, le m\u00e9tabolisme du glucose&hellip;<\/p>\n","protected":false},"featured_media":76473,"comment_status":"closed","ping_status":"closed","template":"","meta":{"_acf_changed":false},"product_brand":[],"product_cat":[199,161],"product_tag":[],"class_list":{"0":"post-78045","1":"product","2":"type-product","3":"status-publish","4":"has-post-thumbnail","6":"product_cat-sarms-fr","7":"product_cat-all-fr","8":"description-off","10":"first","11":"instock","12":"shipping-taxable","13":"product-type-simple"},"acf":[],"yoast_head":"<!-- This site is optimized with the Yoast SEO plugin v27.4 - https:\/\/yoast.com\/product\/yoast-seo-wordpress\/ -->\n<title>SR9009 50 comprim\u00e9s - Astera Labs<\/title>\n<meta name=\"robots\" content=\"index, follow, max-snippet:-1, max-image-preview:large, max-video-preview:-1\" \/>\n<link rel=\"canonical\" href=\"https:\/\/asteralabs.org\/fr\/product\/sr9009-50-comprimes\/\" \/>\n<meta property=\"og:locale\" content=\"fr_FR\" \/>\n<meta property=\"og:type\" content=\"article\" \/>\n<meta property=\"og:title\" content=\"SR9009 50 comprim\u00e9s - Astera Labs\" \/>\n<meta property=\"og:description\" content=\"POSOLOGIE: SR9009 Stenabolic 10 mg par comprim\u00e9 CONTENU DE L&#8217;EMBALLAGE : 1 Sachet de 50 comprim\u00e9s, contenant chacun 10 mg QU&#8217;EST-CE QUE C&#8217;EST : Stenabolic, \u00e9galement connu sous le nom de SR9009, est un compos\u00e9 unique connu pour sa capacit\u00e9 \u00e0 influencer de multiples fonctions corporelles, notamment le stockage des graisses, le m\u00e9tabolisme du glucose&hellip;\" \/>\n<meta property=\"og:url\" content=\"https:\/\/asteralabs.org\/fr\/product\/sr9009-50-comprimes\/\" \/>\n<meta property=\"og:site_name\" content=\"Astera Labs\" \/>\n<meta property=\"article:modified_time\" content=\"2026-01-15T11:07:36+00:00\" \/>\n<meta property=\"og:image\" content=\"https:\/\/asteralabs.org\/wp-content\/uploads\/2023\/09\/Astera-zipbag-SARMs-SR9009.png\" \/>\n\t<meta property=\"og:image:width\" content=\"2000\" \/>\n\t<meta property=\"og:image:height\" content=\"2000\" \/>\n\t<meta property=\"og:image:type\" content=\"image\/png\" \/>\n<meta name=\"twitter:card\" content=\"summary_large_image\" \/>\n<script type=\"application\/ld+json\" class=\"yoast-schema-graph\">{\"@context\":\"https:\\\/\\\/schema.org\",\"@graph\":[{\"@type\":\"WebPage\",\"@id\":\"https:\\\/\\\/asteralabs.org\\\/fr\\\/product\\\/sr9009-50-comprimes\\\/\",\"url\":\"https:\\\/\\\/asteralabs.org\\\/fr\\\/product\\\/sr9009-50-comprimes\\\/\",\"name\":\"SR9009 50 comprim\u00e9s - Astera Labs\",\"isPartOf\":{\"@id\":\"https:\\\/\\\/asteralabs.org\\\/fr\\\/#website\"},\"primaryImageOfPage\":{\"@id\":\"https:\\\/\\\/asteralabs.org\\\/fr\\\/product\\\/sr9009-50-comprimes\\\/#primaryimage\"},\"image\":{\"@id\":\"https:\\\/\\\/asteralabs.org\\\/fr\\\/product\\\/sr9009-50-comprimes\\\/#primaryimage\"},\"thumbnailUrl\":\"https:\\\/\\\/asteralabs.org\\\/wp-content\\\/uploads\\\/2023\\\/09\\\/Astera-zipbag-SARMs-SR9009.png\",\"datePublished\":\"2023-09-07T12:35:37+00:00\",\"dateModified\":\"2026-01-15T11:07:36+00:00\",\"breadcrumb\":{\"@id\":\"https:\\\/\\\/asteralabs.org\\\/fr\\\/product\\\/sr9009-50-comprimes\\\/#breadcrumb\"},\"inLanguage\":\"fr-FR\",\"potentialAction\":[{\"@type\":\"ReadAction\",\"target\":[\"https:\\\/\\\/asteralabs.org\\\/fr\\\/product\\\/sr9009-50-comprimes\\\/\"]}]},{\"@type\":\"ImageObject\",\"inLanguage\":\"fr-FR\",\"@id\":\"https:\\\/\\\/asteralabs.org\\\/fr\\\/product\\\/sr9009-50-comprimes\\\/#primaryimage\",\"url\":\"https:\\\/\\\/asteralabs.org\\\/wp-content\\\/uploads\\\/2023\\\/09\\\/Astera-zipbag-SARMs-SR9009.png\",\"contentUrl\":\"https:\\\/\\\/asteralabs.org\\\/wp-content\\\/uploads\\\/2023\\\/09\\\/Astera-zipbag-SARMs-SR9009.png\",\"width\":2000,\"height\":2000},{\"@type\":\"BreadcrumbList\",\"@id\":\"https:\\\/\\\/asteralabs.org\\\/fr\\\/product\\\/sr9009-50-comprimes\\\/#breadcrumb\",\"itemListElement\":[{\"@type\":\"ListItem\",\"position\":1,\"name\":\"Home\",\"item\":\"https:\\\/\\\/asteralabs.org\\\/fr\\\/\"},{\"@type\":\"ListItem\",\"position\":2,\"name\":\"Boutique\",\"item\":\"https:\\\/\\\/asteralabs.org\\\/fr\\\/boutique\\\/\"},{\"@type\":\"ListItem\",\"position\":3,\"name\":\"SR9009 50 comprim\u00e9s\"}]},{\"@type\":\"WebSite\",\"@id\":\"https:\\\/\\\/asteralabs.org\\\/fr\\\/#website\",\"url\":\"https:\\\/\\\/asteralabs.org\\\/fr\\\/\",\"name\":\"Astera Labs\",\"description\":\"Improve Your Quality Of Life\",\"publisher\":{\"@id\":\"https:\\\/\\\/asteralabs.org\\\/fr\\\/#organization\"},\"potentialAction\":[{\"@type\":\"SearchAction\",\"target\":{\"@type\":\"EntryPoint\",\"urlTemplate\":\"https:\\\/\\\/asteralabs.org\\\/fr\\\/?s={search_term_string}\"},\"query-input\":{\"@type\":\"PropertyValueSpecification\",\"valueRequired\":true,\"valueName\":\"search_term_string\"}}],\"inLanguage\":\"fr-FR\"},{\"@type\":\"Organization\",\"@id\":\"https:\\\/\\\/asteralabs.org\\\/fr\\\/#organization\",\"name\":\"Astera Labs\",\"url\":\"https:\\\/\\\/asteralabs.org\\\/fr\\\/\",\"logo\":{\"@type\":\"ImageObject\",\"inLanguage\":\"fr-FR\",\"@id\":\"https:\\\/\\\/asteralabs.org\\\/fr\\\/#\\\/schema\\\/logo\\\/image\\\/\",\"url\":\"https:\\\/\\\/asteralabs.org\\\/wp-content\\\/uploads\\\/2022\\\/12\\\/astera-2.png\",\"contentUrl\":\"https:\\\/\\\/asteralabs.org\\\/wp-content\\\/uploads\\\/2022\\\/12\\\/astera-2.png\",\"width\":437,\"height\":111,\"caption\":\"Astera Labs\"},\"image\":{\"@id\":\"https:\\\/\\\/asteralabs.org\\\/fr\\\/#\\\/schema\\\/logo\\\/image\\\/\"}}]}<\/script>\n<!-- \/ Yoast SEO plugin. -->","yoast_head_json":{"title":"SR9009 50 comprim\u00e9s - Astera Labs","robots":{"index":"index","follow":"follow","max-snippet":"max-snippet:-1","max-image-preview":"max-image-preview:large","max-video-preview":"max-video-preview:-1"},"canonical":"https:\/\/asteralabs.org\/fr\/product\/sr9009-50-comprimes\/","og_locale":"fr_FR","og_type":"article","og_title":"SR9009 50 comprim\u00e9s - Astera Labs","og_description":"POSOLOGIE: SR9009 Stenabolic 10 mg par comprim\u00e9 CONTENU DE L&#8217;EMBALLAGE : 1 Sachet de 50 comprim\u00e9s, contenant chacun 10 mg QU&#8217;EST-CE QUE C&#8217;EST : Stenabolic, \u00e9galement connu sous le nom de SR9009, est un compos\u00e9 unique connu pour sa capacit\u00e9 \u00e0 influencer de multiples fonctions corporelles, notamment le stockage des graisses, le m\u00e9tabolisme du glucose&hellip;","og_url":"https:\/\/asteralabs.org\/fr\/product\/sr9009-50-comprimes\/","og_site_name":"Astera Labs","article_modified_time":"2026-01-15T11:07:36+00:00","og_image":[{"width":2000,"height":2000,"url":"https:\/\/asteralabs.org\/wp-content\/uploads\/2023\/09\/Astera-zipbag-SARMs-SR9009.png","type":"image\/png"}],"twitter_card":"summary_large_image","schema":{"@context":"https:\/\/schema.org","@graph":[{"@type":"WebPage","@id":"https:\/\/asteralabs.org\/fr\/product\/sr9009-50-comprimes\/","url":"https:\/\/asteralabs.org\/fr\/product\/sr9009-50-comprimes\/","name":"SR9009 50 comprim\u00e9s - Astera Labs","isPartOf":{"@id":"https:\/\/asteralabs.org\/fr\/#website"},"primaryImageOfPage":{"@id":"https:\/\/asteralabs.org\/fr\/product\/sr9009-50-comprimes\/#primaryimage"},"image":{"@id":"https:\/\/asteralabs.org\/fr\/product\/sr9009-50-comprimes\/#primaryimage"},"thumbnailUrl":"https:\/\/asteralabs.org\/wp-content\/uploads\/2023\/09\/Astera-zipbag-SARMs-SR9009.png","datePublished":"2023-09-07T12:35:37+00:00","dateModified":"2026-01-15T11:07:36+00:00","breadcrumb":{"@id":"https:\/\/asteralabs.org\/fr\/product\/sr9009-50-comprimes\/#breadcrumb"},"inLanguage":"fr-FR","potentialAction":[{"@type":"ReadAction","target":["https:\/\/asteralabs.org\/fr\/product\/sr9009-50-comprimes\/"]}]},{"@type":"ImageObject","inLanguage":"fr-FR","@id":"https:\/\/asteralabs.org\/fr\/product\/sr9009-50-comprimes\/#primaryimage","url":"https:\/\/asteralabs.org\/wp-content\/uploads\/2023\/09\/Astera-zipbag-SARMs-SR9009.png","contentUrl":"https:\/\/asteralabs.org\/wp-content\/uploads\/2023\/09\/Astera-zipbag-SARMs-SR9009.png","width":2000,"height":2000},{"@type":"BreadcrumbList","@id":"https:\/\/asteralabs.org\/fr\/product\/sr9009-50-comprimes\/#breadcrumb","itemListElement":[{"@type":"ListItem","position":1,"name":"Home","item":"https:\/\/asteralabs.org\/fr\/"},{"@type":"ListItem","position":2,"name":"Boutique","item":"https:\/\/asteralabs.org\/fr\/boutique\/"},{"@type":"ListItem","position":3,"name":"SR9009 50 comprim\u00e9s"}]},{"@type":"WebSite","@id":"https:\/\/asteralabs.org\/fr\/#website","url":"https:\/\/asteralabs.org\/fr\/","name":"Astera Labs","description":"Improve Your Quality Of Life","publisher":{"@id":"https:\/\/asteralabs.org\/fr\/#organization"},"potentialAction":[{"@type":"SearchAction","target":{"@type":"EntryPoint","urlTemplate":"https:\/\/asteralabs.org\/fr\/?s={search_term_string}"},"query-input":{"@type":"PropertyValueSpecification","valueRequired":true,"valueName":"search_term_string"}}],"inLanguage":"fr-FR"},{"@type":"Organization","@id":"https:\/\/asteralabs.org\/fr\/#organization","name":"Astera Labs","url":"https:\/\/asteralabs.org\/fr\/","logo":{"@type":"ImageObject","inLanguage":"fr-FR","@id":"https:\/\/asteralabs.org\/fr\/#\/schema\/logo\/image\/","url":"https:\/\/asteralabs.org\/wp-content\/uploads\/2022\/12\/astera-2.png","contentUrl":"https:\/\/asteralabs.org\/wp-content\/uploads\/2022\/12\/astera-2.png","width":437,"height":111,"caption":"Astera Labs"},"image":{"@id":"https:\/\/asteralabs.org\/fr\/#\/schema\/logo\/image\/"}}]}},"_links":{"self":[{"href":"https:\/\/asteralabs.org\/fr\/wp-json\/wp\/v2\/product\/78045","targetHints":{"allow":["GET"]}}],"collection":[{"href":"https:\/\/asteralabs.org\/fr\/wp-json\/wp\/v2\/product"}],"about":[{"href":"https:\/\/asteralabs.org\/fr\/wp-json\/wp\/v2\/types\/product"}],"replies":[{"embeddable":true,"href":"https:\/\/asteralabs.org\/fr\/wp-json\/wp\/v2\/comments?post=78045"}],"version-history":[{"count":2,"href":"https:\/\/asteralabs.org\/fr\/wp-json\/wp\/v2\/product\/78045\/revisions"}],"predecessor-version":[{"id":79558,"href":"https:\/\/asteralabs.org\/fr\/wp-json\/wp\/v2\/product\/78045\/revisions\/79558"}],"wp:featuredmedia":[{"embeddable":true,"href":"https:\/\/asteralabs.org\/fr\/wp-json\/wp\/v2\/media\/76473"}],"wp:attachment":[{"href":"https:\/\/asteralabs.org\/fr\/wp-json\/wp\/v2\/media?parent=78045"}],"wp:term":[{"taxonomy":"product_brand","embeddable":true,"href":"https:\/\/asteralabs.org\/fr\/wp-json\/wp\/v2\/product_brand?post=78045"},{"taxonomy":"product_cat","embeddable":true,"href":"https:\/\/asteralabs.org\/fr\/wp-json\/wp\/v2\/product_cat?post=78045"},{"taxonomy":"product_tag","embeddable":true,"href":"https:\/\/asteralabs.org\/fr\/wp-json\/wp\/v2\/product_tag?post=78045"}],"curies":[{"name":"wp","href":"https:\/\/api.w.org\/{rel}","templated":true}]}}