{"id":78058,"date":"2023-09-07T12:34:48","date_gmt":"2023-09-07T12:34:48","guid":{"rendered":"https:\/\/asteralabs.org\/product\/s4-50-comprimes\/"},"modified":"2026-01-15T12:27:07","modified_gmt":"2026-01-15T12:27:07","slug":"s4-50-comprimes","status":"publish","type":"product","link":"https:\/\/asteralabs.org\/fr\/product\/s4-50-comprimes\/","title":{"rendered":"S4 50 comprim\u00e9s"},"content":{"rendered":"<p><strong>POSOLOGIE<\/strong>: S4 Andarine 25 mg par comprim\u00e9<\/p>\n<p><strong>CONTENU DE L&#8217;EMBALLAGE :<\/strong><\/p>\n<p>1 Sachet de 50 comprim\u00e9s, contenant chacun 25 mg<\/p>\n<p><strong>QU&#8217;EST-CE QUE C&#8217;EST :<\/strong><\/p>\n<p>L&#8217;andarine, commun\u00e9ment appel\u00e9e S4, est l&#8217;un des plus puissants modulateurs s\u00e9lectifs des r\u00e9cepteurs aux androg\u00e8nes (SARM) disponibles, connu pour sa capacit\u00e9 \u00e0 am\u00e9liorer l&#8217;entra\u00eenement et le physique en g\u00e9n\u00e9ral. Il n&#8217;est actuellement plus aussi populaire parmi les bodybuilders et les athl\u00e8tes qu&#8217;il ne l&#8217;\u00e9tait dans le pass\u00e9.<br \/>\n<strong>AVANTAGES :<br \/>\n<\/strong><\/p>\n<p>Les principaux avantages de la S4 sont la promotion de la croissance musculaire, l&#8217;augmentation de la force, l&#8217;am\u00e9lioration de la densit\u00e9 min\u00e9rale osseuse, la r\u00e9duction de la graisse corporelle, l&#8217;acc\u00e9l\u00e9ration de la r\u00e9cup\u00e9ration musculaire et l&#8217;obtention de gains rapides.<\/p>\n<p><strong>COMMENT L&#8217;UTILISER ?<\/strong><\/p>\n<p>Pour les nouveaux utilisateurs, une dose initiale de 25 mg par jour est g\u00e9n\u00e9ralement recommand\u00e9e pendant les deux premi\u00e8res semaines, apr\u00e8s quoi la dose peut \u00eatre augment\u00e9e progressivement. Il est toutefois conseill\u00e9 de ne pas d\u00e9passer une dose quotidienne de 50 mg, car cela peut entra\u00eener des troubles de la vision oculaire tels que la nictalopie. La dose doit \u00eatre divis\u00e9e en au moins deux prises. <strong><br \/>\nINFORMATIONS SUR LES LOTS :<br \/>\n<\/strong>Num\u00e9ro de lot : <span data-sheets-root=\"1\">LI49903<\/span><br \/>\nDate de fabrication : <span data-sheets-root=\"1\" data-sheets-value=\"{&quot;1&quot;:2,&quot;2&quot;:&quot;03.2023.&quot;}\" data-sheets-userformat=\"{&quot;2&quot;:577,&quot;3&quot;:{&quot;1&quot;:0},&quot;9&quot;:0,&quot;12&quot;:0}\">10.2025.<\/span><br \/>\nDate d&#8217;expiration : 10<span data-sheets-root=\"1\" data-sheets-value=\"{&quot;1&quot;:2,&quot;2&quot;:&quot;03.2026.&quot;}\" data-sheets-userformat=\"{&quot;2&quot;:637,&quot;3&quot;:{&quot;1&quot;:0},&quot;5&quot;:{&quot;1&quot;:[{&quot;1&quot;:2,&quot;2&quot;:0,&quot;5&quot;:{&quot;1&quot;:2,&quot;2&quot;:0}},{&quot;1&quot;:0,&quot;2&quot;:0,&quot;3&quot;:3},{&quot;1&quot;:1,&quot;2&quot;:0,&quot;4&quot;:1}]},&quot;6&quot;:{&quot;1&quot;:[{&quot;1&quot;:2,&quot;2&quot;:0,&quot;5&quot;:{&quot;1&quot;:2,&quot;2&quot;:0}},{&quot;1&quot;:0,&quot;2&quot;:0,&quot;3&quot;:3},{&quot;1&quot;:1,&quot;2&quot;:0,&quot;4&quot;:1}]},&quot;7&quot;:{&quot;1&quot;:[{&quot;1&quot;:2,&quot;2&quot;:0,&quot;5&quot;:{&quot;1&quot;:2,&quot;2&quot;:0}},{&quot;1&quot;:0,&quot;2&quot;:0,&quot;3&quot;:3},{&quot;1&quot;:1,&quot;2&quot;:0,&quot;4&quot;:1}]},&quot;8&quot;:{&quot;1&quot;:[{&quot;1&quot;:2,&quot;2&quot;:0,&quot;5&quot;:{&quot;1&quot;:2,&quot;2&quot;:0}},{&quot;1&quot;:0,&quot;2&quot;:0,&quot;3&quot;:3},{&quot;1&quot;:1,&quot;2&quot;:0,&quot;4&quot;:1}]},&quot;9&quot;:0,&quot;12&quot;:0}\">.2028<\/span><\/p>\n","protected":false},"excerpt":{"rendered":"<p>POSOLOGIE: S4 Andarine 25 mg par comprim\u00e9 CONTENU DE L&#8217;EMBALLAGE : 1 Sachet de 50 comprim\u00e9s, contenant chacun 25 mg QU&#8217;EST-CE QUE C&#8217;EST : L&#8217;andarine, commun\u00e9ment appel\u00e9e S4, est l&#8217;un des plus puissants modulateurs s\u00e9lectifs des r\u00e9cepteurs aux androg\u00e8nes (SARM) disponibles, connu pour sa capacit\u00e9 \u00e0 am\u00e9liorer l&#8217;entra\u00eenement et le physique en g\u00e9n\u00e9ral. Il n&#8217;est&hellip;<\/p>\n","protected":false},"featured_media":76465,"comment_status":"closed","ping_status":"closed","template":"","meta":[],"product_cat":[161,199],"product_tag":[],"yoast_head":"<!-- This site is optimized with the Yoast SEO plugin v23.0 - https:\/\/yoast.com\/wordpress\/plugins\/seo\/ -->\n<title>S4 50 comprim\u00e9s - Astera Labs<\/title>\n<meta name=\"robots\" content=\"index, follow, max-snippet:-1, max-image-preview:large, max-video-preview:-1\" \/>\n<link rel=\"canonical\" href=\"https:\/\/asteralabs.org\/fr\/product\/s4-50-comprimes\/\" \/>\n<meta property=\"og:locale\" content=\"fr_FR\" \/>\n<meta property=\"og:type\" content=\"article\" \/>\n<meta property=\"og:title\" content=\"S4 50 comprim\u00e9s - Astera Labs\" \/>\n<meta property=\"og:description\" content=\"POSOLOGIE: S4 Andarine 25 mg par comprim\u00e9 CONTENU DE L&#8217;EMBALLAGE : 1 Sachet de 50 comprim\u00e9s, contenant chacun 25 mg QU&#8217;EST-CE QUE C&#8217;EST : L&#8217;andarine, commun\u00e9ment appel\u00e9e S4, est l&#8217;un des plus puissants modulateurs s\u00e9lectifs des r\u00e9cepteurs aux androg\u00e8nes (SARM) disponibles, connu pour sa capacit\u00e9 \u00e0 am\u00e9liorer l&#8217;entra\u00eenement et le physique en g\u00e9n\u00e9ral. Il n&#8217;est&hellip;\" \/>\n<meta property=\"og:url\" content=\"https:\/\/asteralabs.org\/fr\/product\/s4-50-comprimes\/\" \/>\n<meta property=\"og:site_name\" content=\"Astera Labs\" \/>\n<meta property=\"article:modified_time\" content=\"2026-01-15T12:27:07+00:00\" \/>\n<meta property=\"og:image\" content=\"https:\/\/asteralabs.org\/wp-content\/uploads\/2023\/09\/Astera-zipbag-SARMs-S4.png\" \/>\n\t<meta property=\"og:image:width\" content=\"2000\" \/>\n\t<meta property=\"og:image:height\" content=\"2000\" \/>\n\t<meta property=\"og:image:type\" content=\"image\/png\" \/>\n<meta name=\"twitter:card\" content=\"summary_large_image\" \/>\n<script type=\"application\/ld+json\" class=\"yoast-schema-graph\">{\"@context\":\"https:\/\/schema.org\",\"@graph\":[{\"@type\":\"WebPage\",\"@id\":\"https:\/\/asteralabs.org\/fr\/product\/s4-50-comprimes\/\",\"url\":\"https:\/\/asteralabs.org\/fr\/product\/s4-50-comprimes\/\",\"name\":\"S4 50 comprim\u00e9s - Astera Labs\",\"isPartOf\":{\"@id\":\"https:\/\/asteralabs.org\/fr\/#website\"},\"primaryImageOfPage\":{\"@id\":\"https:\/\/asteralabs.org\/fr\/product\/s4-50-comprimes\/#primaryimage\"},\"image\":{\"@id\":\"https:\/\/asteralabs.org\/fr\/product\/s4-50-comprimes\/#primaryimage\"},\"thumbnailUrl\":\"https:\/\/asteralabs.org\/wp-content\/uploads\/2023\/09\/Astera-zipbag-SARMs-S4.png\",\"datePublished\":\"2023-09-07T12:34:48+00:00\",\"dateModified\":\"2026-01-15T12:27:07+00:00\",\"breadcrumb\":{\"@id\":\"https:\/\/asteralabs.org\/fr\/product\/s4-50-comprimes\/#breadcrumb\"},\"inLanguage\":\"fr-FR\",\"potentialAction\":[{\"@type\":\"ReadAction\",\"target\":[\"https:\/\/asteralabs.org\/fr\/product\/s4-50-comprimes\/\"]}]},{\"@type\":\"ImageObject\",\"inLanguage\":\"fr-FR\",\"@id\":\"https:\/\/asteralabs.org\/fr\/product\/s4-50-comprimes\/#primaryimage\",\"url\":\"https:\/\/asteralabs.org\/wp-content\/uploads\/2023\/09\/Astera-zipbag-SARMs-S4.png\",\"contentUrl\":\"https:\/\/asteralabs.org\/wp-content\/uploads\/2023\/09\/Astera-zipbag-SARMs-S4.png\",\"width\":2000,\"height\":2000},{\"@type\":\"BreadcrumbList\",\"@id\":\"https:\/\/asteralabs.org\/fr\/product\/s4-50-comprimes\/#breadcrumb\",\"itemListElement\":[{\"@type\":\"ListItem\",\"position\":1,\"name\":\"Home\",\"item\":\"https:\/\/asteralabs.org\/fr\/\"},{\"@type\":\"ListItem\",\"position\":2,\"name\":\"Boutique\",\"item\":\"https:\/\/asteralabs.org\/boutique\/\"},{\"@type\":\"ListItem\",\"position\":3,\"name\":\"S4 50 comprim\u00e9s\"}]},{\"@type\":\"WebSite\",\"@id\":\"https:\/\/asteralabs.org\/fr\/#website\",\"url\":\"https:\/\/asteralabs.org\/fr\/\",\"name\":\"Astera Labs\",\"description\":\"Improve Your Quality Of Life\",\"publisher\":{\"@id\":\"https:\/\/asteralabs.org\/fr\/#organization\"},\"potentialAction\":[{\"@type\":\"SearchAction\",\"target\":{\"@type\":\"EntryPoint\",\"urlTemplate\":\"https:\/\/asteralabs.org\/fr\/?s={search_term_string}\"},\"query-input\":\"required name=search_term_string\"}],\"inLanguage\":\"fr-FR\"},{\"@type\":\"Organization\",\"@id\":\"https:\/\/asteralabs.org\/fr\/#organization\",\"name\":\"Astera Labs\",\"url\":\"https:\/\/asteralabs.org\/fr\/\",\"logo\":{\"@type\":\"ImageObject\",\"inLanguage\":\"fr-FR\",\"@id\":\"https:\/\/asteralabs.org\/fr\/#\/schema\/logo\/image\/\",\"url\":\"https:\/\/asteralabs.org\/wp-content\/uploads\/2022\/12\/astera-2.png\",\"contentUrl\":\"https:\/\/asteralabs.org\/wp-content\/uploads\/2022\/12\/astera-2.png\",\"width\":437,\"height\":111,\"caption\":\"Astera Labs\"},\"image\":{\"@id\":\"https:\/\/asteralabs.org\/fr\/#\/schema\/logo\/image\/\"}}]}<\/script>\n<!-- \/ Yoast SEO plugin. -->","yoast_head_json":{"title":"S4 50 comprim\u00e9s - Astera Labs","robots":{"index":"index","follow":"follow","max-snippet":"max-snippet:-1","max-image-preview":"max-image-preview:large","max-video-preview":"max-video-preview:-1"},"canonical":"https:\/\/asteralabs.org\/fr\/product\/s4-50-comprimes\/","og_locale":"fr_FR","og_type":"article","og_title":"S4 50 comprim\u00e9s - Astera Labs","og_description":"POSOLOGIE: S4 Andarine 25 mg par comprim\u00e9 CONTENU DE L&#8217;EMBALLAGE : 1 Sachet de 50 comprim\u00e9s, contenant chacun 25 mg QU&#8217;EST-CE QUE C&#8217;EST : L&#8217;andarine, commun\u00e9ment appel\u00e9e S4, est l&#8217;un des plus puissants modulateurs s\u00e9lectifs des r\u00e9cepteurs aux androg\u00e8nes (SARM) disponibles, connu pour sa capacit\u00e9 \u00e0 am\u00e9liorer l&#8217;entra\u00eenement et le physique en g\u00e9n\u00e9ral. Il n&#8217;est&hellip;","og_url":"https:\/\/asteralabs.org\/fr\/product\/s4-50-comprimes\/","og_site_name":"Astera Labs","article_modified_time":"2026-01-15T12:27:07+00:00","og_image":[{"width":2000,"height":2000,"url":"https:\/\/asteralabs.org\/wp-content\/uploads\/2023\/09\/Astera-zipbag-SARMs-S4.png","type":"image\/png"}],"twitter_card":"summary_large_image","schema":{"@context":"https:\/\/schema.org","@graph":[{"@type":"WebPage","@id":"https:\/\/asteralabs.org\/fr\/product\/s4-50-comprimes\/","url":"https:\/\/asteralabs.org\/fr\/product\/s4-50-comprimes\/","name":"S4 50 comprim\u00e9s - Astera Labs","isPartOf":{"@id":"https:\/\/asteralabs.org\/fr\/#website"},"primaryImageOfPage":{"@id":"https:\/\/asteralabs.org\/fr\/product\/s4-50-comprimes\/#primaryimage"},"image":{"@id":"https:\/\/asteralabs.org\/fr\/product\/s4-50-comprimes\/#primaryimage"},"thumbnailUrl":"https:\/\/asteralabs.org\/wp-content\/uploads\/2023\/09\/Astera-zipbag-SARMs-S4.png","datePublished":"2023-09-07T12:34:48+00:00","dateModified":"2026-01-15T12:27:07+00:00","breadcrumb":{"@id":"https:\/\/asteralabs.org\/fr\/product\/s4-50-comprimes\/#breadcrumb"},"inLanguage":"fr-FR","potentialAction":[{"@type":"ReadAction","target":["https:\/\/asteralabs.org\/fr\/product\/s4-50-comprimes\/"]}]},{"@type":"ImageObject","inLanguage":"fr-FR","@id":"https:\/\/asteralabs.org\/fr\/product\/s4-50-comprimes\/#primaryimage","url":"https:\/\/asteralabs.org\/wp-content\/uploads\/2023\/09\/Astera-zipbag-SARMs-S4.png","contentUrl":"https:\/\/asteralabs.org\/wp-content\/uploads\/2023\/09\/Astera-zipbag-SARMs-S4.png","width":2000,"height":2000},{"@type":"BreadcrumbList","@id":"https:\/\/asteralabs.org\/fr\/product\/s4-50-comprimes\/#breadcrumb","itemListElement":[{"@type":"ListItem","position":1,"name":"Home","item":"https:\/\/asteralabs.org\/fr\/"},{"@type":"ListItem","position":2,"name":"Boutique","item":"https:\/\/asteralabs.org\/boutique\/"},{"@type":"ListItem","position":3,"name":"S4 50 comprim\u00e9s"}]},{"@type":"WebSite","@id":"https:\/\/asteralabs.org\/fr\/#website","url":"https:\/\/asteralabs.org\/fr\/","name":"Astera Labs","description":"Improve Your Quality Of Life","publisher":{"@id":"https:\/\/asteralabs.org\/fr\/#organization"},"potentialAction":[{"@type":"SearchAction","target":{"@type":"EntryPoint","urlTemplate":"https:\/\/asteralabs.org\/fr\/?s={search_term_string}"},"query-input":"required name=search_term_string"}],"inLanguage":"fr-FR"},{"@type":"Organization","@id":"https:\/\/asteralabs.org\/fr\/#organization","name":"Astera Labs","url":"https:\/\/asteralabs.org\/fr\/","logo":{"@type":"ImageObject","inLanguage":"fr-FR","@id":"https:\/\/asteralabs.org\/fr\/#\/schema\/logo\/image\/","url":"https:\/\/asteralabs.org\/wp-content\/uploads\/2022\/12\/astera-2.png","contentUrl":"https:\/\/asteralabs.org\/wp-content\/uploads\/2022\/12\/astera-2.png","width":437,"height":111,"caption":"Astera Labs"},"image":{"@id":"https:\/\/asteralabs.org\/fr\/#\/schema\/logo\/image\/"}}]}},"_links":{"self":[{"href":"https:\/\/asteralabs.org\/fr\/wp-json\/wp\/v2\/product\/78058"}],"collection":[{"href":"https:\/\/asteralabs.org\/fr\/wp-json\/wp\/v2\/product"}],"about":[{"href":"https:\/\/asteralabs.org\/fr\/wp-json\/wp\/v2\/types\/product"}],"replies":[{"embeddable":true,"href":"https:\/\/asteralabs.org\/fr\/wp-json\/wp\/v2\/comments?post=78058"}],"version-history":[{"count":2,"href":"https:\/\/asteralabs.org\/fr\/wp-json\/wp\/v2\/product\/78058\/revisions"}],"predecessor-version":[{"id":79675,"href":"https:\/\/asteralabs.org\/fr\/wp-json\/wp\/v2\/product\/78058\/revisions\/79675"}],"wp:featuredmedia":[{"embeddable":true,"href":"https:\/\/asteralabs.org\/fr\/wp-json\/wp\/v2\/media\/76465"}],"wp:attachment":[{"href":"https:\/\/asteralabs.org\/fr\/wp-json\/wp\/v2\/media?parent=78058"}],"wp:term":[{"taxonomy":"product_cat","embeddable":true,"href":"https:\/\/asteralabs.org\/fr\/wp-json\/wp\/v2\/product_cat?post=78058"},{"taxonomy":"product_tag","embeddable":true,"href":"https:\/\/asteralabs.org\/fr\/wp-json\/wp\/v2\/product_tag?post=78058"}],"curies":[{"name":"wp","href":"https:\/\/api.w.org\/{rel}","templated":true}]}}