{"id":78064,"date":"2023-09-07T12:34:02","date_gmt":"2023-09-07T12:34:02","guid":{"rendered":"https:\/\/asteralabs.org\/product\/s23-50-comprimes\/"},"modified":"2026-01-15T12:33:41","modified_gmt":"2026-01-15T12:33:41","slug":"s23-50-comprimes","status":"publish","type":"product","link":"https:\/\/asteralabs.org\/fr\/product\/s23-50-comprimes\/","title":{"rendered":"S23 50 comprim\u00e9s"},"content":{"rendered":"<p><strong>POSOLOGIE<\/strong>: S23 10 mg par comprim\u00e9<\/p>\n<p><strong>CONTENU DE L&#8217;EMBALLAGE :<\/strong><\/p>\n<p>1 Sachet de 50 comprim\u00e9s, contenant chacun 10 mg<\/p>\n<p><strong>QU&#8217;EST-CE QUE C&#8217;EST :<\/strong><\/p>\n<p>Le S23 est un modulateur s\u00e9lectif des r\u00e9cepteurs aux androg\u00e8nes (SARM) administr\u00e9 par voie orale, connu pour sa capacit\u00e9 \u00e0 augmenter la masse musculaire maigre et la densit\u00e9 osseuse. Contrairement aux st\u00e9ro\u00efdes traditionnels, le S23 est s\u00e9lectif au niveau des tissus, ce qui signifie qu&#8217;il cible sp\u00e9cifiquement certains tissus. Il aide \u00e0 r\u00e9duire la r\u00e9tention d&#8217;eau, favorisant une apparence plus d\u00e9finie et cisel\u00e9e avec une duret\u00e9 musculaire accrue et une texture granuleuse. Il s&#8217;agit probablement du SARM le plus puissant disponible sur le march\u00e9.<\/p>\n<p><strong>COMMENT L&#8217;UTILISER ?<\/strong><\/p>\n<p>Pour des r\u00e9sultats optimaux, un dosage quotidien de 10 \u00e0 30 mg est recommand\u00e9 pour les hommes, divis\u00e9 en deux doses en raison de la demi-vie de 12 heures du S23. Comme il est tr\u00e8s puissant, il est recommand\u00e9 de ne pas d\u00e9passer 6 semaines de prise quotidienne et de l&#8217;accompagner d&#8217;un produit de soutien h\u00e9patique comme le TUDCA. <strong><br \/>\nINFORMATIONS SUR LES LOTS :<br \/>\n<\/strong>Num\u00e9ro de lot : <span data-sheets-root=\"1\" data-sheets-value=\"{\" data-sheets-userformat=\"{\">WS35857<\/span><br \/>\nDate de fabrication : <span data-sheets-root=\"1\" data-sheets-value=\"{\" data-sheets-userformat=\"{\">10.2025.<\/span><br \/>\nDate d&#8217;expiration : <span data-sheets-root=\"1\" data-sheets-value=\"{\" data-sheets-userformat=\"{\">10.2028.<\/span><\/p>\n","protected":false},"excerpt":{"rendered":"<p>POSOLOGIE: S23 10 mg par comprim\u00e9 CONTENU DE L&#8217;EMBALLAGE : 1 Sachet de 50 comprim\u00e9s, contenant chacun 10 mg QU&#8217;EST-CE QUE C&#8217;EST : Le S23 est un modulateur s\u00e9lectif des r\u00e9cepteurs aux androg\u00e8nes (SARM) administr\u00e9 par voie orale, connu pour sa capacit\u00e9 \u00e0 augmenter la masse musculaire maigre et la densit\u00e9 osseuse. Contrairement aux st\u00e9ro\u00efdes&hellip;<\/p>\n","protected":false},"featured_media":76457,"comment_status":"closed","ping_status":"closed","template":"","meta":[],"product_cat":[161,199],"product_tag":[],"yoast_head":"<!-- This site is optimized with the Yoast SEO plugin v23.0 - https:\/\/yoast.com\/wordpress\/plugins\/seo\/ -->\n<title>S23 50 comprim\u00e9s - Astera Labs<\/title>\n<meta name=\"robots\" content=\"index, follow, max-snippet:-1, max-image-preview:large, max-video-preview:-1\" \/>\n<link rel=\"canonical\" href=\"https:\/\/asteralabs.org\/fr\/product\/s23-50-comprimes\/\" \/>\n<meta property=\"og:locale\" content=\"fr_FR\" \/>\n<meta property=\"og:type\" content=\"article\" \/>\n<meta property=\"og:title\" content=\"S23 50 comprim\u00e9s - Astera Labs\" \/>\n<meta property=\"og:description\" content=\"POSOLOGIE: S23 10 mg par comprim\u00e9 CONTENU DE L&#8217;EMBALLAGE : 1 Sachet de 50 comprim\u00e9s, contenant chacun 10 mg QU&#8217;EST-CE QUE C&#8217;EST : Le S23 est un modulateur s\u00e9lectif des r\u00e9cepteurs aux androg\u00e8nes (SARM) administr\u00e9 par voie orale, connu pour sa capacit\u00e9 \u00e0 augmenter la masse musculaire maigre et la densit\u00e9 osseuse. Contrairement aux st\u00e9ro\u00efdes&hellip;\" \/>\n<meta property=\"og:url\" content=\"https:\/\/asteralabs.org\/fr\/product\/s23-50-comprimes\/\" \/>\n<meta property=\"og:site_name\" content=\"Astera Labs\" \/>\n<meta property=\"article:modified_time\" content=\"2026-01-15T12:33:41+00:00\" \/>\n<meta property=\"og:image\" content=\"https:\/\/asteralabs.org\/wp-content\/uploads\/2023\/09\/Astera-zipbag-SARMs-S23.png\" \/>\n\t<meta property=\"og:image:width\" content=\"2000\" \/>\n\t<meta property=\"og:image:height\" content=\"2000\" \/>\n\t<meta property=\"og:image:type\" content=\"image\/png\" \/>\n<meta name=\"twitter:card\" content=\"summary_large_image\" \/>\n<script type=\"application\/ld+json\" class=\"yoast-schema-graph\">{\"@context\":\"https:\/\/schema.org\",\"@graph\":[{\"@type\":\"WebPage\",\"@id\":\"https:\/\/asteralabs.org\/fr\/product\/s23-50-comprimes\/\",\"url\":\"https:\/\/asteralabs.org\/fr\/product\/s23-50-comprimes\/\",\"name\":\"S23 50 comprim\u00e9s - Astera Labs\",\"isPartOf\":{\"@id\":\"https:\/\/asteralabs.org\/fr\/#website\"},\"primaryImageOfPage\":{\"@id\":\"https:\/\/asteralabs.org\/fr\/product\/s23-50-comprimes\/#primaryimage\"},\"image\":{\"@id\":\"https:\/\/asteralabs.org\/fr\/product\/s23-50-comprimes\/#primaryimage\"},\"thumbnailUrl\":\"https:\/\/asteralabs.org\/wp-content\/uploads\/2023\/09\/Astera-zipbag-SARMs-S23.png\",\"datePublished\":\"2023-09-07T12:34:02+00:00\",\"dateModified\":\"2026-01-15T12:33:41+00:00\",\"breadcrumb\":{\"@id\":\"https:\/\/asteralabs.org\/fr\/product\/s23-50-comprimes\/#breadcrumb\"},\"inLanguage\":\"fr-FR\",\"potentialAction\":[{\"@type\":\"ReadAction\",\"target\":[\"https:\/\/asteralabs.org\/fr\/product\/s23-50-comprimes\/\"]}]},{\"@type\":\"ImageObject\",\"inLanguage\":\"fr-FR\",\"@id\":\"https:\/\/asteralabs.org\/fr\/product\/s23-50-comprimes\/#primaryimage\",\"url\":\"https:\/\/asteralabs.org\/wp-content\/uploads\/2023\/09\/Astera-zipbag-SARMs-S23.png\",\"contentUrl\":\"https:\/\/asteralabs.org\/wp-content\/uploads\/2023\/09\/Astera-zipbag-SARMs-S23.png\",\"width\":2000,\"height\":2000},{\"@type\":\"BreadcrumbList\",\"@id\":\"https:\/\/asteralabs.org\/fr\/product\/s23-50-comprimes\/#breadcrumb\",\"itemListElement\":[{\"@type\":\"ListItem\",\"position\":1,\"name\":\"Home\",\"item\":\"https:\/\/asteralabs.org\/fr\/\"},{\"@type\":\"ListItem\",\"position\":2,\"name\":\"Boutique\",\"item\":\"https:\/\/asteralabs.org\/boutique\/\"},{\"@type\":\"ListItem\",\"position\":3,\"name\":\"S23 50 comprim\u00e9s\"}]},{\"@type\":\"WebSite\",\"@id\":\"https:\/\/asteralabs.org\/fr\/#website\",\"url\":\"https:\/\/asteralabs.org\/fr\/\",\"name\":\"Astera Labs\",\"description\":\"Improve Your Quality Of Life\",\"publisher\":{\"@id\":\"https:\/\/asteralabs.org\/fr\/#organization\"},\"potentialAction\":[{\"@type\":\"SearchAction\",\"target\":{\"@type\":\"EntryPoint\",\"urlTemplate\":\"https:\/\/asteralabs.org\/fr\/?s={search_term_string}\"},\"query-input\":\"required name=search_term_string\"}],\"inLanguage\":\"fr-FR\"},{\"@type\":\"Organization\",\"@id\":\"https:\/\/asteralabs.org\/fr\/#organization\",\"name\":\"Astera Labs\",\"url\":\"https:\/\/asteralabs.org\/fr\/\",\"logo\":{\"@type\":\"ImageObject\",\"inLanguage\":\"fr-FR\",\"@id\":\"https:\/\/asteralabs.org\/fr\/#\/schema\/logo\/image\/\",\"url\":\"https:\/\/asteralabs.org\/wp-content\/uploads\/2022\/12\/astera-2.png\",\"contentUrl\":\"https:\/\/asteralabs.org\/wp-content\/uploads\/2022\/12\/astera-2.png\",\"width\":437,\"height\":111,\"caption\":\"Astera Labs\"},\"image\":{\"@id\":\"https:\/\/asteralabs.org\/fr\/#\/schema\/logo\/image\/\"}}]}<\/script>\n<!-- \/ Yoast SEO plugin. -->","yoast_head_json":{"title":"S23 50 comprim\u00e9s - Astera Labs","robots":{"index":"index","follow":"follow","max-snippet":"max-snippet:-1","max-image-preview":"max-image-preview:large","max-video-preview":"max-video-preview:-1"},"canonical":"https:\/\/asteralabs.org\/fr\/product\/s23-50-comprimes\/","og_locale":"fr_FR","og_type":"article","og_title":"S23 50 comprim\u00e9s - Astera Labs","og_description":"POSOLOGIE: S23 10 mg par comprim\u00e9 CONTENU DE L&#8217;EMBALLAGE : 1 Sachet de 50 comprim\u00e9s, contenant chacun 10 mg QU&#8217;EST-CE QUE C&#8217;EST : Le S23 est un modulateur s\u00e9lectif des r\u00e9cepteurs aux androg\u00e8nes (SARM) administr\u00e9 par voie orale, connu pour sa capacit\u00e9 \u00e0 augmenter la masse musculaire maigre et la densit\u00e9 osseuse. Contrairement aux st\u00e9ro\u00efdes&hellip;","og_url":"https:\/\/asteralabs.org\/fr\/product\/s23-50-comprimes\/","og_site_name":"Astera Labs","article_modified_time":"2026-01-15T12:33:41+00:00","og_image":[{"width":2000,"height":2000,"url":"https:\/\/asteralabs.org\/wp-content\/uploads\/2023\/09\/Astera-zipbag-SARMs-S23.png","type":"image\/png"}],"twitter_card":"summary_large_image","schema":{"@context":"https:\/\/schema.org","@graph":[{"@type":"WebPage","@id":"https:\/\/asteralabs.org\/fr\/product\/s23-50-comprimes\/","url":"https:\/\/asteralabs.org\/fr\/product\/s23-50-comprimes\/","name":"S23 50 comprim\u00e9s - Astera Labs","isPartOf":{"@id":"https:\/\/asteralabs.org\/fr\/#website"},"primaryImageOfPage":{"@id":"https:\/\/asteralabs.org\/fr\/product\/s23-50-comprimes\/#primaryimage"},"image":{"@id":"https:\/\/asteralabs.org\/fr\/product\/s23-50-comprimes\/#primaryimage"},"thumbnailUrl":"https:\/\/asteralabs.org\/wp-content\/uploads\/2023\/09\/Astera-zipbag-SARMs-S23.png","datePublished":"2023-09-07T12:34:02+00:00","dateModified":"2026-01-15T12:33:41+00:00","breadcrumb":{"@id":"https:\/\/asteralabs.org\/fr\/product\/s23-50-comprimes\/#breadcrumb"},"inLanguage":"fr-FR","potentialAction":[{"@type":"ReadAction","target":["https:\/\/asteralabs.org\/fr\/product\/s23-50-comprimes\/"]}]},{"@type":"ImageObject","inLanguage":"fr-FR","@id":"https:\/\/asteralabs.org\/fr\/product\/s23-50-comprimes\/#primaryimage","url":"https:\/\/asteralabs.org\/wp-content\/uploads\/2023\/09\/Astera-zipbag-SARMs-S23.png","contentUrl":"https:\/\/asteralabs.org\/wp-content\/uploads\/2023\/09\/Astera-zipbag-SARMs-S23.png","width":2000,"height":2000},{"@type":"BreadcrumbList","@id":"https:\/\/asteralabs.org\/fr\/product\/s23-50-comprimes\/#breadcrumb","itemListElement":[{"@type":"ListItem","position":1,"name":"Home","item":"https:\/\/asteralabs.org\/fr\/"},{"@type":"ListItem","position":2,"name":"Boutique","item":"https:\/\/asteralabs.org\/boutique\/"},{"@type":"ListItem","position":3,"name":"S23 50 comprim\u00e9s"}]},{"@type":"WebSite","@id":"https:\/\/asteralabs.org\/fr\/#website","url":"https:\/\/asteralabs.org\/fr\/","name":"Astera Labs","description":"Improve Your Quality Of Life","publisher":{"@id":"https:\/\/asteralabs.org\/fr\/#organization"},"potentialAction":[{"@type":"SearchAction","target":{"@type":"EntryPoint","urlTemplate":"https:\/\/asteralabs.org\/fr\/?s={search_term_string}"},"query-input":"required name=search_term_string"}],"inLanguage":"fr-FR"},{"@type":"Organization","@id":"https:\/\/asteralabs.org\/fr\/#organization","name":"Astera Labs","url":"https:\/\/asteralabs.org\/fr\/","logo":{"@type":"ImageObject","inLanguage":"fr-FR","@id":"https:\/\/asteralabs.org\/fr\/#\/schema\/logo\/image\/","url":"https:\/\/asteralabs.org\/wp-content\/uploads\/2022\/12\/astera-2.png","contentUrl":"https:\/\/asteralabs.org\/wp-content\/uploads\/2022\/12\/astera-2.png","width":437,"height":111,"caption":"Astera Labs"},"image":{"@id":"https:\/\/asteralabs.org\/fr\/#\/schema\/logo\/image\/"}}]}},"_links":{"self":[{"href":"https:\/\/asteralabs.org\/fr\/wp-json\/wp\/v2\/product\/78064"}],"collection":[{"href":"https:\/\/asteralabs.org\/fr\/wp-json\/wp\/v2\/product"}],"about":[{"href":"https:\/\/asteralabs.org\/fr\/wp-json\/wp\/v2\/types\/product"}],"replies":[{"embeddable":true,"href":"https:\/\/asteralabs.org\/fr\/wp-json\/wp\/v2\/comments?post=78064"}],"version-history":[{"count":2,"href":"https:\/\/asteralabs.org\/fr\/wp-json\/wp\/v2\/product\/78064\/revisions"}],"predecessor-version":[{"id":79703,"href":"https:\/\/asteralabs.org\/fr\/wp-json\/wp\/v2\/product\/78064\/revisions\/79703"}],"wp:featuredmedia":[{"embeddable":true,"href":"https:\/\/asteralabs.org\/fr\/wp-json\/wp\/v2\/media\/76457"}],"wp:attachment":[{"href":"https:\/\/asteralabs.org\/fr\/wp-json\/wp\/v2\/media?parent=78064"}],"wp:term":[{"taxonomy":"product_cat","embeddable":true,"href":"https:\/\/asteralabs.org\/fr\/wp-json\/wp\/v2\/product_cat?post=78064"},{"taxonomy":"product_tag","embeddable":true,"href":"https:\/\/asteralabs.org\/fr\/wp-json\/wp\/v2\/product_tag?post=78064"}],"curies":[{"name":"wp","href":"https:\/\/api.w.org\/{rel}","templated":true}]}}