{"id":78071,"date":"2023-09-07T12:30:27","date_gmt":"2023-09-07T12:30:27","guid":{"rendered":"https:\/\/asteralabs.org\/product\/rad140-50-comprimes\/"},"modified":"2026-01-15T12:38:58","modified_gmt":"2026-01-15T12:38:58","slug":"rad140-50-comprimes","status":"publish","type":"product","link":"https:\/\/asteralabs.org\/fr\/product\/rad140-50-comprimes\/","title":{"rendered":"RAD140 50 comprim\u00e9s"},"content":{"rendered":"<p><strong>POSOLOGIE<\/strong>: RAD140 Testolone 10 mg par comprim\u00e9<\/p>\n<p><strong>CONTENU DE L&#8217;EMBALLAGE :<\/strong><\/p>\n<p>1 Sachet de 50 comprim\u00e9s, contenant chacun 10 mg<\/p>\n<p><strong>QU&#8217;EST-CE QUE C&#8217;EST :<\/strong><\/p>\n<p>La testolone, \u00e9galement appel\u00e9e RAD140, est un modulateur s\u00e9lectif des r\u00e9cepteurs aux androg\u00e8nes (SARM) reconnu pour son fort potentiel de promotion de la croissance musculaire. Reconnu comme l&#8217;un des SARM les plus efficaces pour la prise de masse, il est tr\u00e8s appr\u00e9ci\u00e9 pour am\u00e9liorer la taille et la force des muscles.<br \/>\n<strong>AVANTAGES :<br \/>\n<\/strong><\/p>\n<p>RAD140 cible sp\u00e9cifiquement le d\u00e9veloppement musculaire, en soutenant \u00e0 la fois la croissance musculaire et les fonctions c\u00e9r\u00e9brales. Au-del\u00e0 de la prise de masse, RAD140 convient \u00e9galement aux cycles de coupe, car il aide \u00e0 d\u00e9velopper le tissu musculaire maigre tout en favorisant la perte de graisse, ce qui en fait une option polyvalente pour diff\u00e9rents objectifs de remise en forme, ainsi que pour les performances de force.<\/p>\n<p><strong>COMMENT L&#8217;UTILISER ?<\/strong><\/p>\n<p>Pour obtenir les meilleurs r\u00e9sultats, RAD140 est g\u00e9n\u00e9ralement utilis\u00e9 par cycles de 8 semaines maximum. Une prise quotidienne de 10 \u00e0 30 mg est souvent recommand\u00e9e pour am\u00e9liorer la force, avec des doses efficaces allant de 10 mg \u00e0 100 mg. Il est conseill\u00e9 de ne pas d\u00e9passer un cycle de 8 semaines. <strong><br \/>\nINFORMATIONS SUR LES LOTS :<br \/>\n<\/strong>Num\u00e9ro de lot : <span data-sheets-root=\"1\">SE67214<\/span><br \/>\nDate de fabrication : 10<span data-sheets-root=\"1\" data-sheets-value=\"{&quot;1&quot;:2,&quot;2&quot;:&quot;03.2023.&quot;}\" data-sheets-userformat=\"{&quot;2&quot;:577,&quot;3&quot;:{&quot;1&quot;:0},&quot;9&quot;:0,&quot;12&quot;:0}\">.2025.<\/span><br \/>\nDate d&#8217;expiration : 10<span data-sheets-root=\"1\" data-sheets-value=\"{&quot;1&quot;:2,&quot;2&quot;:&quot;03.2026.&quot;}\" data-sheets-userformat=\"{&quot;2&quot;:637,&quot;3&quot;:{&quot;1&quot;:0},&quot;5&quot;:{&quot;1&quot;:[{&quot;1&quot;:2,&quot;2&quot;:0,&quot;5&quot;:{&quot;1&quot;:2,&quot;2&quot;:0}},{&quot;1&quot;:0,&quot;2&quot;:0,&quot;3&quot;:3},{&quot;1&quot;:1,&quot;2&quot;:0,&quot;4&quot;:1}]},&quot;6&quot;:{&quot;1&quot;:[{&quot;1&quot;:2,&quot;2&quot;:0,&quot;5&quot;:{&quot;1&quot;:2,&quot;2&quot;:0}},{&quot;1&quot;:0,&quot;2&quot;:0,&quot;3&quot;:3},{&quot;1&quot;:1,&quot;2&quot;:0,&quot;4&quot;:1}]},&quot;7&quot;:{&quot;1&quot;:[{&quot;1&quot;:2,&quot;2&quot;:0,&quot;5&quot;:{&quot;1&quot;:2,&quot;2&quot;:0}},{&quot;1&quot;:0,&quot;2&quot;:0,&quot;3&quot;:3},{&quot;1&quot;:1,&quot;2&quot;:0,&quot;4&quot;:1}]},&quot;8&quot;:{&quot;1&quot;:[{&quot;1&quot;:2,&quot;2&quot;:0,&quot;5&quot;:{&quot;1&quot;:2,&quot;2&quot;:0}},{&quot;1&quot;:0,&quot;2&quot;:0,&quot;3&quot;:3},{&quot;1&quot;:1,&quot;2&quot;:0,&quot;4&quot;:1}]},&quot;9&quot;:0,&quot;12&quot;:0}\">.2028.<\/span><\/p>\n","protected":false},"excerpt":{"rendered":"<p>POSOLOGIE: RAD140 Testolone 10 mg par comprim\u00e9 CONTENU DE L&#8217;EMBALLAGE : 1 Sachet de 50 comprim\u00e9s, contenant chacun 10 mg QU&#8217;EST-CE QUE C&#8217;EST : La testolone, \u00e9galement appel\u00e9e RAD140, est un modulateur s\u00e9lectif des r\u00e9cepteurs aux androg\u00e8nes (SARM) reconnu pour son fort potentiel de promotion de la croissance musculaire. Reconnu comme l&#8217;un des SARM les&hellip;<\/p>\n","protected":false},"featured_media":76449,"comment_status":"closed","ping_status":"closed","template":"","meta":[],"product_cat":[161,199],"product_tag":[],"yoast_head":"<!-- This site is optimized with the Yoast SEO plugin v23.0 - https:\/\/yoast.com\/wordpress\/plugins\/seo\/ -->\n<title>RAD140 50 comprim\u00e9s - Astera Labs<\/title>\n<meta name=\"robots\" content=\"index, follow, max-snippet:-1, max-image-preview:large, max-video-preview:-1\" \/>\n<link rel=\"canonical\" href=\"https:\/\/asteralabs.org\/fr\/product\/rad140-50-comprimes\/\" \/>\n<meta property=\"og:locale\" content=\"fr_FR\" \/>\n<meta property=\"og:type\" content=\"article\" \/>\n<meta property=\"og:title\" content=\"RAD140 50 comprim\u00e9s - Astera Labs\" \/>\n<meta property=\"og:description\" content=\"POSOLOGIE: RAD140 Testolone 10 mg par comprim\u00e9 CONTENU DE L&#8217;EMBALLAGE : 1 Sachet de 50 comprim\u00e9s, contenant chacun 10 mg QU&#8217;EST-CE QUE C&#8217;EST : La testolone, \u00e9galement appel\u00e9e RAD140, est un modulateur s\u00e9lectif des r\u00e9cepteurs aux androg\u00e8nes (SARM) reconnu pour son fort potentiel de promotion de la croissance musculaire. Reconnu comme l&#8217;un des SARM les&hellip;\" \/>\n<meta property=\"og:url\" content=\"https:\/\/asteralabs.org\/fr\/product\/rad140-50-comprimes\/\" \/>\n<meta property=\"og:site_name\" content=\"Astera Labs\" \/>\n<meta property=\"article:modified_time\" content=\"2026-01-15T12:38:58+00:00\" \/>\n<meta property=\"og:image\" content=\"https:\/\/asteralabs.org\/wp-content\/uploads\/2023\/09\/Astera-zipbag-SARMs-RAD140.png\" \/>\n\t<meta property=\"og:image:width\" content=\"2000\" \/>\n\t<meta property=\"og:image:height\" content=\"2000\" \/>\n\t<meta property=\"og:image:type\" content=\"image\/png\" \/>\n<meta name=\"twitter:card\" content=\"summary_large_image\" \/>\n<script type=\"application\/ld+json\" class=\"yoast-schema-graph\">{\"@context\":\"https:\/\/schema.org\",\"@graph\":[{\"@type\":\"WebPage\",\"@id\":\"https:\/\/asteralabs.org\/fr\/product\/rad140-50-comprimes\/\",\"url\":\"https:\/\/asteralabs.org\/fr\/product\/rad140-50-comprimes\/\",\"name\":\"RAD140 50 comprim\u00e9s - Astera Labs\",\"isPartOf\":{\"@id\":\"https:\/\/asteralabs.org\/fr\/#website\"},\"primaryImageOfPage\":{\"@id\":\"https:\/\/asteralabs.org\/fr\/product\/rad140-50-comprimes\/#primaryimage\"},\"image\":{\"@id\":\"https:\/\/asteralabs.org\/fr\/product\/rad140-50-comprimes\/#primaryimage\"},\"thumbnailUrl\":\"https:\/\/asteralabs.org\/wp-content\/uploads\/2023\/09\/Astera-zipbag-SARMs-RAD140.png\",\"datePublished\":\"2023-09-07T12:30:27+00:00\",\"dateModified\":\"2026-01-15T12:38:58+00:00\",\"breadcrumb\":{\"@id\":\"https:\/\/asteralabs.org\/fr\/product\/rad140-50-comprimes\/#breadcrumb\"},\"inLanguage\":\"fr-FR\",\"potentialAction\":[{\"@type\":\"ReadAction\",\"target\":[\"https:\/\/asteralabs.org\/fr\/product\/rad140-50-comprimes\/\"]}]},{\"@type\":\"ImageObject\",\"inLanguage\":\"fr-FR\",\"@id\":\"https:\/\/asteralabs.org\/fr\/product\/rad140-50-comprimes\/#primaryimage\",\"url\":\"https:\/\/asteralabs.org\/wp-content\/uploads\/2023\/09\/Astera-zipbag-SARMs-RAD140.png\",\"contentUrl\":\"https:\/\/asteralabs.org\/wp-content\/uploads\/2023\/09\/Astera-zipbag-SARMs-RAD140.png\",\"width\":2000,\"height\":2000},{\"@type\":\"BreadcrumbList\",\"@id\":\"https:\/\/asteralabs.org\/fr\/product\/rad140-50-comprimes\/#breadcrumb\",\"itemListElement\":[{\"@type\":\"ListItem\",\"position\":1,\"name\":\"Home\",\"item\":\"https:\/\/asteralabs.org\/fr\/\"},{\"@type\":\"ListItem\",\"position\":2,\"name\":\"Boutique\",\"item\":\"https:\/\/asteralabs.org\/boutique\/\"},{\"@type\":\"ListItem\",\"position\":3,\"name\":\"RAD140 50 comprim\u00e9s\"}]},{\"@type\":\"WebSite\",\"@id\":\"https:\/\/asteralabs.org\/fr\/#website\",\"url\":\"https:\/\/asteralabs.org\/fr\/\",\"name\":\"Astera Labs\",\"description\":\"Improve Your Quality Of Life\",\"publisher\":{\"@id\":\"https:\/\/asteralabs.org\/fr\/#organization\"},\"potentialAction\":[{\"@type\":\"SearchAction\",\"target\":{\"@type\":\"EntryPoint\",\"urlTemplate\":\"https:\/\/asteralabs.org\/fr\/?s={search_term_string}\"},\"query-input\":\"required name=search_term_string\"}],\"inLanguage\":\"fr-FR\"},{\"@type\":\"Organization\",\"@id\":\"https:\/\/asteralabs.org\/fr\/#organization\",\"name\":\"Astera Labs\",\"url\":\"https:\/\/asteralabs.org\/fr\/\",\"logo\":{\"@type\":\"ImageObject\",\"inLanguage\":\"fr-FR\",\"@id\":\"https:\/\/asteralabs.org\/fr\/#\/schema\/logo\/image\/\",\"url\":\"https:\/\/asteralabs.org\/wp-content\/uploads\/2022\/12\/astera-2.png\",\"contentUrl\":\"https:\/\/asteralabs.org\/wp-content\/uploads\/2022\/12\/astera-2.png\",\"width\":437,\"height\":111,\"caption\":\"Astera Labs\"},\"image\":{\"@id\":\"https:\/\/asteralabs.org\/fr\/#\/schema\/logo\/image\/\"}}]}<\/script>\n<!-- \/ Yoast SEO plugin. -->","yoast_head_json":{"title":"RAD140 50 comprim\u00e9s - Astera Labs","robots":{"index":"index","follow":"follow","max-snippet":"max-snippet:-1","max-image-preview":"max-image-preview:large","max-video-preview":"max-video-preview:-1"},"canonical":"https:\/\/asteralabs.org\/fr\/product\/rad140-50-comprimes\/","og_locale":"fr_FR","og_type":"article","og_title":"RAD140 50 comprim\u00e9s - Astera Labs","og_description":"POSOLOGIE: RAD140 Testolone 10 mg par comprim\u00e9 CONTENU DE L&#8217;EMBALLAGE : 1 Sachet de 50 comprim\u00e9s, contenant chacun 10 mg QU&#8217;EST-CE QUE C&#8217;EST : La testolone, \u00e9galement appel\u00e9e RAD140, est un modulateur s\u00e9lectif des r\u00e9cepteurs aux androg\u00e8nes (SARM) reconnu pour son fort potentiel de promotion de la croissance musculaire. Reconnu comme l&#8217;un des SARM les&hellip;","og_url":"https:\/\/asteralabs.org\/fr\/product\/rad140-50-comprimes\/","og_site_name":"Astera Labs","article_modified_time":"2026-01-15T12:38:58+00:00","og_image":[{"width":2000,"height":2000,"url":"https:\/\/asteralabs.org\/wp-content\/uploads\/2023\/09\/Astera-zipbag-SARMs-RAD140.png","type":"image\/png"}],"twitter_card":"summary_large_image","schema":{"@context":"https:\/\/schema.org","@graph":[{"@type":"WebPage","@id":"https:\/\/asteralabs.org\/fr\/product\/rad140-50-comprimes\/","url":"https:\/\/asteralabs.org\/fr\/product\/rad140-50-comprimes\/","name":"RAD140 50 comprim\u00e9s - Astera Labs","isPartOf":{"@id":"https:\/\/asteralabs.org\/fr\/#website"},"primaryImageOfPage":{"@id":"https:\/\/asteralabs.org\/fr\/product\/rad140-50-comprimes\/#primaryimage"},"image":{"@id":"https:\/\/asteralabs.org\/fr\/product\/rad140-50-comprimes\/#primaryimage"},"thumbnailUrl":"https:\/\/asteralabs.org\/wp-content\/uploads\/2023\/09\/Astera-zipbag-SARMs-RAD140.png","datePublished":"2023-09-07T12:30:27+00:00","dateModified":"2026-01-15T12:38:58+00:00","breadcrumb":{"@id":"https:\/\/asteralabs.org\/fr\/product\/rad140-50-comprimes\/#breadcrumb"},"inLanguage":"fr-FR","potentialAction":[{"@type":"ReadAction","target":["https:\/\/asteralabs.org\/fr\/product\/rad140-50-comprimes\/"]}]},{"@type":"ImageObject","inLanguage":"fr-FR","@id":"https:\/\/asteralabs.org\/fr\/product\/rad140-50-comprimes\/#primaryimage","url":"https:\/\/asteralabs.org\/wp-content\/uploads\/2023\/09\/Astera-zipbag-SARMs-RAD140.png","contentUrl":"https:\/\/asteralabs.org\/wp-content\/uploads\/2023\/09\/Astera-zipbag-SARMs-RAD140.png","width":2000,"height":2000},{"@type":"BreadcrumbList","@id":"https:\/\/asteralabs.org\/fr\/product\/rad140-50-comprimes\/#breadcrumb","itemListElement":[{"@type":"ListItem","position":1,"name":"Home","item":"https:\/\/asteralabs.org\/fr\/"},{"@type":"ListItem","position":2,"name":"Boutique","item":"https:\/\/asteralabs.org\/boutique\/"},{"@type":"ListItem","position":3,"name":"RAD140 50 comprim\u00e9s"}]},{"@type":"WebSite","@id":"https:\/\/asteralabs.org\/fr\/#website","url":"https:\/\/asteralabs.org\/fr\/","name":"Astera Labs","description":"Improve Your Quality Of Life","publisher":{"@id":"https:\/\/asteralabs.org\/fr\/#organization"},"potentialAction":[{"@type":"SearchAction","target":{"@type":"EntryPoint","urlTemplate":"https:\/\/asteralabs.org\/fr\/?s={search_term_string}"},"query-input":"required name=search_term_string"}],"inLanguage":"fr-FR"},{"@type":"Organization","@id":"https:\/\/asteralabs.org\/fr\/#organization","name":"Astera Labs","url":"https:\/\/asteralabs.org\/fr\/","logo":{"@type":"ImageObject","inLanguage":"fr-FR","@id":"https:\/\/asteralabs.org\/fr\/#\/schema\/logo\/image\/","url":"https:\/\/asteralabs.org\/wp-content\/uploads\/2022\/12\/astera-2.png","contentUrl":"https:\/\/asteralabs.org\/wp-content\/uploads\/2022\/12\/astera-2.png","width":437,"height":111,"caption":"Astera Labs"},"image":{"@id":"https:\/\/asteralabs.org\/fr\/#\/schema\/logo\/image\/"}}]}},"_links":{"self":[{"href":"https:\/\/asteralabs.org\/fr\/wp-json\/wp\/v2\/product\/78071"}],"collection":[{"href":"https:\/\/asteralabs.org\/fr\/wp-json\/wp\/v2\/product"}],"about":[{"href":"https:\/\/asteralabs.org\/fr\/wp-json\/wp\/v2\/types\/product"}],"replies":[{"embeddable":true,"href":"https:\/\/asteralabs.org\/fr\/wp-json\/wp\/v2\/comments?post=78071"}],"version-history":[{"count":2,"href":"https:\/\/asteralabs.org\/fr\/wp-json\/wp\/v2\/product\/78071\/revisions"}],"predecessor-version":[{"id":79720,"href":"https:\/\/asteralabs.org\/fr\/wp-json\/wp\/v2\/product\/78071\/revisions\/79720"}],"wp:featuredmedia":[{"embeddable":true,"href":"https:\/\/asteralabs.org\/fr\/wp-json\/wp\/v2\/media\/76449"}],"wp:attachment":[{"href":"https:\/\/asteralabs.org\/fr\/wp-json\/wp\/v2\/media?parent=78071"}],"wp:term":[{"taxonomy":"product_cat","embeddable":true,"href":"https:\/\/asteralabs.org\/fr\/wp-json\/wp\/v2\/product_cat?post=78071"},{"taxonomy":"product_tag","embeddable":true,"href":"https:\/\/asteralabs.org\/fr\/wp-json\/wp\/v2\/product_tag?post=78071"}],"curies":[{"name":"wp","href":"https:\/\/api.w.org\/{rel}","templated":true}]}}