{"id":78087,"date":"2023-09-07T12:29:31","date_gmt":"2023-09-07T12:29:31","guid":{"rendered":"https:\/\/asteralabs.org\/product\/mk677-50-tabs\/"},"modified":"2026-01-15T12:43:58","modified_gmt":"2026-01-15T12:43:58","slug":"mk677-50-tabs","status":"publish","type":"product","link":"https:\/\/asteralabs.org\/fr\/product\/mk677-50-tabs\/","title":{"rendered":"MK677 50 tabs"},"content":{"rendered":"<p><strong>POSOLOGIE<\/strong>:<br \/>\nMK-677 Ibutamoren 10 mg par comprim\u00e9<\/p>\n<p><strong>CONTENU DE L&#8217;EMBALLAGE :<\/strong><\/p>\n<p>1 Sachet de 50 comprim\u00e9s, contenant chacun 10 mg<\/p>\n<p><strong>QU&#8217;EST-CE QUE C&#8217;EST :<\/strong><\/p>\n<p>L&#8217;ibutamoren, \u00e9galement connu sous le nom de MK-677, est un compos\u00e9 qui stimule la lib\u00e9ration de l&#8217;hormone de croissance, ce qui entra\u00eene des niveaux \u00e9lev\u00e9s d&#8217;hormone de croissance et d&#8217;IGF-1 dans l&#8217;organisme. Ses effets visent \u00e0 am\u00e9liorer la masse osseuse et musculaire, \u00e0 augmenter la densit\u00e9 min\u00e9rale osseuse, \u00e0 am\u00e9liorer la qualit\u00e9 du sommeil, \u00e0 stimuler la fonction de la m\u00e9moire et \u00e0 renforcer le syst\u00e8me immunitaire.<br \/>\n<strong>AVANTAGES :<br \/>\n<\/strong><\/p>\n<p>Pour les utilisateurs exp\u00e9riment\u00e9s, un dosage de 20 \u00e0 30 mg par jour est g\u00e9n\u00e9ralement bien tol\u00e9r\u00e9, \u00e9quilibrant les effets d\u00e9sir\u00e9s avec des risques d&#8217;effets secondaires minimis\u00e9s. Ce dosage est populaire parmi les culturistes qui cherchent \u00e0 optimiser la croissance musculaire. Pour les nouveaux utilisateurs, une dose initiale plus faible de 10 mg par jour est conseill\u00e9e, avec des augmentations progressives en fonction de la tol\u00e9rance individuelle.<\/p>\n<p><strong>COMMENT L&#8217;UTILISER ?<\/strong><\/p>\n<p>Le dosage recommand\u00e9 pour le MK-677 Ibutamoren est g\u00e9n\u00e9ralement compris entre 10 et 30 mg, \u00e0 prendre une fois par jour. La plupart des utilisateurs estiment que 20 \u00e0 30 mg par jour permettent d&#8217;obtenir des effets optimaux. Il est recommand\u00e9 de prendre 10 mg avant le petit-d\u00e9jeuner et 10 mg avant le coucher. <strong>INFORMATIONS SUR LES LOTS :<br \/>\n<\/strong>Num\u00e9ro de lot : <span data-sheets-root=\"1\" data-sheets-value=\"{\" data-sheets-userformat=\"{\">MC87806<\/span><br \/>\nDate de fabrication : <span data-sheets-root=\"1\" data-sheets-value=\"{\" data-sheets-userformat=\"{\">10.2025.<\/span><br \/>\nDate d&#8217;expiration : <span data-sheets-root=\"1\" data-sheets-value=\"{\" data-sheets-userformat=\"{\">10.2028.<\/span><\/p>\n","protected":false},"excerpt":{"rendered":"<p>POSOLOGIE: MK-677 Ibutamoren 10 mg par comprim\u00e9 CONTENU DE L&#8217;EMBALLAGE : 1 Sachet de 50 comprim\u00e9s, contenant chacun 10 mg QU&#8217;EST-CE QUE C&#8217;EST : L&#8217;ibutamoren, \u00e9galement connu sous le nom de MK-677, est un compos\u00e9 qui stimule la lib\u00e9ration de l&#8217;hormone de croissance, ce qui entra\u00eene des niveaux \u00e9lev\u00e9s d&#8217;hormone de croissance et d&#8217;IGF-1 dans&hellip;<\/p>\n","protected":false},"featured_media":76433,"comment_status":"closed","ping_status":"closed","template":"","meta":[],"product_cat":[161,199],"product_tag":[],"yoast_head":"<!-- This site is optimized with the Yoast SEO plugin v23.0 - https:\/\/yoast.com\/wordpress\/plugins\/seo\/ -->\n<title>MK677 50 tabs - Astera Labs<\/title>\n<meta name=\"robots\" content=\"index, follow, max-snippet:-1, max-image-preview:large, max-video-preview:-1\" \/>\n<link rel=\"canonical\" href=\"https:\/\/asteralabs.org\/fr\/product\/mk677-50-tabs\/\" \/>\n<meta property=\"og:locale\" content=\"fr_FR\" \/>\n<meta property=\"og:type\" content=\"article\" \/>\n<meta property=\"og:title\" content=\"MK677 50 tabs - Astera Labs\" \/>\n<meta property=\"og:description\" content=\"POSOLOGIE: MK-677 Ibutamoren 10 mg par comprim\u00e9 CONTENU DE L&#8217;EMBALLAGE : 1 Sachet de 50 comprim\u00e9s, contenant chacun 10 mg QU&#8217;EST-CE QUE C&#8217;EST : L&#8217;ibutamoren, \u00e9galement connu sous le nom de MK-677, est un compos\u00e9 qui stimule la lib\u00e9ration de l&#8217;hormone de croissance, ce qui entra\u00eene des niveaux \u00e9lev\u00e9s d&#8217;hormone de croissance et d&#8217;IGF-1 dans&hellip;\" \/>\n<meta property=\"og:url\" content=\"https:\/\/asteralabs.org\/fr\/product\/mk677-50-tabs\/\" \/>\n<meta property=\"og:site_name\" content=\"Astera Labs\" \/>\n<meta property=\"article:modified_time\" content=\"2026-01-15T12:43:58+00:00\" \/>\n<meta property=\"og:image\" content=\"https:\/\/asteralabs.org\/wp-content\/uploads\/2023\/09\/Astera-zipbag-SARMs-MK677.png\" \/>\n\t<meta property=\"og:image:width\" content=\"2000\" \/>\n\t<meta property=\"og:image:height\" content=\"2000\" \/>\n\t<meta property=\"og:image:type\" content=\"image\/png\" \/>\n<meta name=\"twitter:card\" content=\"summary_large_image\" \/>\n<script type=\"application\/ld+json\" class=\"yoast-schema-graph\">{\"@context\":\"https:\/\/schema.org\",\"@graph\":[{\"@type\":\"WebPage\",\"@id\":\"https:\/\/asteralabs.org\/fr\/product\/mk677-50-tabs\/\",\"url\":\"https:\/\/asteralabs.org\/fr\/product\/mk677-50-tabs\/\",\"name\":\"MK677 50 tabs - Astera Labs\",\"isPartOf\":{\"@id\":\"https:\/\/asteralabs.org\/fr\/#website\"},\"primaryImageOfPage\":{\"@id\":\"https:\/\/asteralabs.org\/fr\/product\/mk677-50-tabs\/#primaryimage\"},\"image\":{\"@id\":\"https:\/\/asteralabs.org\/fr\/product\/mk677-50-tabs\/#primaryimage\"},\"thumbnailUrl\":\"https:\/\/asteralabs.org\/wp-content\/uploads\/2023\/09\/Astera-zipbag-SARMs-MK677.png\",\"datePublished\":\"2023-09-07T12:29:31+00:00\",\"dateModified\":\"2026-01-15T12:43:58+00:00\",\"breadcrumb\":{\"@id\":\"https:\/\/asteralabs.org\/fr\/product\/mk677-50-tabs\/#breadcrumb\"},\"inLanguage\":\"fr-FR\",\"potentialAction\":[{\"@type\":\"ReadAction\",\"target\":[\"https:\/\/asteralabs.org\/fr\/product\/mk677-50-tabs\/\"]}]},{\"@type\":\"ImageObject\",\"inLanguage\":\"fr-FR\",\"@id\":\"https:\/\/asteralabs.org\/fr\/product\/mk677-50-tabs\/#primaryimage\",\"url\":\"https:\/\/asteralabs.org\/wp-content\/uploads\/2023\/09\/Astera-zipbag-SARMs-MK677.png\",\"contentUrl\":\"https:\/\/asteralabs.org\/wp-content\/uploads\/2023\/09\/Astera-zipbag-SARMs-MK677.png\",\"width\":2000,\"height\":2000},{\"@type\":\"BreadcrumbList\",\"@id\":\"https:\/\/asteralabs.org\/fr\/product\/mk677-50-tabs\/#breadcrumb\",\"itemListElement\":[{\"@type\":\"ListItem\",\"position\":1,\"name\":\"Home\",\"item\":\"https:\/\/asteralabs.org\/fr\/\"},{\"@type\":\"ListItem\",\"position\":2,\"name\":\"Boutique\",\"item\":\"https:\/\/asteralabs.org\/boutique\/\"},{\"@type\":\"ListItem\",\"position\":3,\"name\":\"MK677 50 tabs\"}]},{\"@type\":\"WebSite\",\"@id\":\"https:\/\/asteralabs.org\/fr\/#website\",\"url\":\"https:\/\/asteralabs.org\/fr\/\",\"name\":\"Astera Labs\",\"description\":\"Improve Your Quality Of Life\",\"publisher\":{\"@id\":\"https:\/\/asteralabs.org\/fr\/#organization\"},\"potentialAction\":[{\"@type\":\"SearchAction\",\"target\":{\"@type\":\"EntryPoint\",\"urlTemplate\":\"https:\/\/asteralabs.org\/fr\/?s={search_term_string}\"},\"query-input\":\"required name=search_term_string\"}],\"inLanguage\":\"fr-FR\"},{\"@type\":\"Organization\",\"@id\":\"https:\/\/asteralabs.org\/fr\/#organization\",\"name\":\"Astera Labs\",\"url\":\"https:\/\/asteralabs.org\/fr\/\",\"logo\":{\"@type\":\"ImageObject\",\"inLanguage\":\"fr-FR\",\"@id\":\"https:\/\/asteralabs.org\/fr\/#\/schema\/logo\/image\/\",\"url\":\"https:\/\/asteralabs.org\/wp-content\/uploads\/2022\/12\/astera-2.png\",\"contentUrl\":\"https:\/\/asteralabs.org\/wp-content\/uploads\/2022\/12\/astera-2.png\",\"width\":437,\"height\":111,\"caption\":\"Astera Labs\"},\"image\":{\"@id\":\"https:\/\/asteralabs.org\/fr\/#\/schema\/logo\/image\/\"}}]}<\/script>\n<!-- \/ Yoast SEO plugin. -->","yoast_head_json":{"title":"MK677 50 tabs - Astera Labs","robots":{"index":"index","follow":"follow","max-snippet":"max-snippet:-1","max-image-preview":"max-image-preview:large","max-video-preview":"max-video-preview:-1"},"canonical":"https:\/\/asteralabs.org\/fr\/product\/mk677-50-tabs\/","og_locale":"fr_FR","og_type":"article","og_title":"MK677 50 tabs - Astera Labs","og_description":"POSOLOGIE: MK-677 Ibutamoren 10 mg par comprim\u00e9 CONTENU DE L&#8217;EMBALLAGE : 1 Sachet de 50 comprim\u00e9s, contenant chacun 10 mg QU&#8217;EST-CE QUE C&#8217;EST : L&#8217;ibutamoren, \u00e9galement connu sous le nom de MK-677, est un compos\u00e9 qui stimule la lib\u00e9ration de l&#8217;hormone de croissance, ce qui entra\u00eene des niveaux \u00e9lev\u00e9s d&#8217;hormone de croissance et d&#8217;IGF-1 dans&hellip;","og_url":"https:\/\/asteralabs.org\/fr\/product\/mk677-50-tabs\/","og_site_name":"Astera Labs","article_modified_time":"2026-01-15T12:43:58+00:00","og_image":[{"width":2000,"height":2000,"url":"https:\/\/asteralabs.org\/wp-content\/uploads\/2023\/09\/Astera-zipbag-SARMs-MK677.png","type":"image\/png"}],"twitter_card":"summary_large_image","schema":{"@context":"https:\/\/schema.org","@graph":[{"@type":"WebPage","@id":"https:\/\/asteralabs.org\/fr\/product\/mk677-50-tabs\/","url":"https:\/\/asteralabs.org\/fr\/product\/mk677-50-tabs\/","name":"MK677 50 tabs - Astera Labs","isPartOf":{"@id":"https:\/\/asteralabs.org\/fr\/#website"},"primaryImageOfPage":{"@id":"https:\/\/asteralabs.org\/fr\/product\/mk677-50-tabs\/#primaryimage"},"image":{"@id":"https:\/\/asteralabs.org\/fr\/product\/mk677-50-tabs\/#primaryimage"},"thumbnailUrl":"https:\/\/asteralabs.org\/wp-content\/uploads\/2023\/09\/Astera-zipbag-SARMs-MK677.png","datePublished":"2023-09-07T12:29:31+00:00","dateModified":"2026-01-15T12:43:58+00:00","breadcrumb":{"@id":"https:\/\/asteralabs.org\/fr\/product\/mk677-50-tabs\/#breadcrumb"},"inLanguage":"fr-FR","potentialAction":[{"@type":"ReadAction","target":["https:\/\/asteralabs.org\/fr\/product\/mk677-50-tabs\/"]}]},{"@type":"ImageObject","inLanguage":"fr-FR","@id":"https:\/\/asteralabs.org\/fr\/product\/mk677-50-tabs\/#primaryimage","url":"https:\/\/asteralabs.org\/wp-content\/uploads\/2023\/09\/Astera-zipbag-SARMs-MK677.png","contentUrl":"https:\/\/asteralabs.org\/wp-content\/uploads\/2023\/09\/Astera-zipbag-SARMs-MK677.png","width":2000,"height":2000},{"@type":"BreadcrumbList","@id":"https:\/\/asteralabs.org\/fr\/product\/mk677-50-tabs\/#breadcrumb","itemListElement":[{"@type":"ListItem","position":1,"name":"Home","item":"https:\/\/asteralabs.org\/fr\/"},{"@type":"ListItem","position":2,"name":"Boutique","item":"https:\/\/asteralabs.org\/boutique\/"},{"@type":"ListItem","position":3,"name":"MK677 50 tabs"}]},{"@type":"WebSite","@id":"https:\/\/asteralabs.org\/fr\/#website","url":"https:\/\/asteralabs.org\/fr\/","name":"Astera Labs","description":"Improve Your Quality Of Life","publisher":{"@id":"https:\/\/asteralabs.org\/fr\/#organization"},"potentialAction":[{"@type":"SearchAction","target":{"@type":"EntryPoint","urlTemplate":"https:\/\/asteralabs.org\/fr\/?s={search_term_string}"},"query-input":"required name=search_term_string"}],"inLanguage":"fr-FR"},{"@type":"Organization","@id":"https:\/\/asteralabs.org\/fr\/#organization","name":"Astera Labs","url":"https:\/\/asteralabs.org\/fr\/","logo":{"@type":"ImageObject","inLanguage":"fr-FR","@id":"https:\/\/asteralabs.org\/fr\/#\/schema\/logo\/image\/","url":"https:\/\/asteralabs.org\/wp-content\/uploads\/2022\/12\/astera-2.png","contentUrl":"https:\/\/asteralabs.org\/wp-content\/uploads\/2022\/12\/astera-2.png","width":437,"height":111,"caption":"Astera Labs"},"image":{"@id":"https:\/\/asteralabs.org\/fr\/#\/schema\/logo\/image\/"}}]}},"_links":{"self":[{"href":"https:\/\/asteralabs.org\/fr\/wp-json\/wp\/v2\/product\/78087"}],"collection":[{"href":"https:\/\/asteralabs.org\/fr\/wp-json\/wp\/v2\/product"}],"about":[{"href":"https:\/\/asteralabs.org\/fr\/wp-json\/wp\/v2\/types\/product"}],"replies":[{"embeddable":true,"href":"https:\/\/asteralabs.org\/fr\/wp-json\/wp\/v2\/comments?post=78087"}],"version-history":[{"count":2,"href":"https:\/\/asteralabs.org\/fr\/wp-json\/wp\/v2\/product\/78087\/revisions"}],"predecessor-version":[{"id":79738,"href":"https:\/\/asteralabs.org\/fr\/wp-json\/wp\/v2\/product\/78087\/revisions\/79738"}],"wp:featuredmedia":[{"embeddable":true,"href":"https:\/\/asteralabs.org\/fr\/wp-json\/wp\/v2\/media\/76433"}],"wp:attachment":[{"href":"https:\/\/asteralabs.org\/fr\/wp-json\/wp\/v2\/media?parent=78087"}],"wp:term":[{"taxonomy":"product_cat","embeddable":true,"href":"https:\/\/asteralabs.org\/fr\/wp-json\/wp\/v2\/product_cat?post=78087"},{"taxonomy":"product_tag","embeddable":true,"href":"https:\/\/asteralabs.org\/fr\/wp-json\/wp\/v2\/product_tag?post=78087"}],"curies":[{"name":"wp","href":"https:\/\/api.w.org\/{rel}","templated":true}]}}