{"id":78113,"date":"2023-01-13T20:28:42","date_gmt":"2023-01-13T20:28:42","guid":{"rendered":"https:\/\/asteralabs.org\/product\/citrate-de-sildenafil-viagra-50-comprimes\/"},"modified":"2026-01-16T10:41:02","modified_gmt":"2026-01-16T10:41:02","slug":"citrate-de-sildenafil-viagra-50-comprimes","status":"publish","type":"product","link":"https:\/\/asteralabs.org\/fr\/product\/citrate-de-sildenafil-viagra-50-comprimes\/","title":{"rendered":"Citrate de sild\u00e9nafil (Viagra) 50 comprim\u00e9s"},"content":{"rendered":"<p><strong>POSOLOGIE : <\/strong><br \/>\nCitrate de sild\u00e9nafil (Viagra) 100mg\/comprim\u00e9 <strong>CONTENU DU PAQUET : <\/strong><br \/>\n1 sachet, 50 comprim\u00e9s, 100 mg par comprim\u00e9 <strong>QU&#8217;EST-CE QUE C&#8217;EST : <\/strong><br \/>\nC&#8217;est le m\u00e9dicament le plus populaire pour le traitement de la dysfonction \u00e9rectile, en outre il peut \u00eatre utile pour am\u00e9liorer la pression art\u00e9rielle et une meilleure vascularisation. <strong>MODE D&#8217;EMPLOI : <\/strong><br \/>\nIl est recommand\u00e9 de prendre entre 50 et 100 mg une heure avant l&#8217;activit\u00e9 sexuelle. Le m\u00eame protocole peut \u00e9galement \u00eatre appliqu\u00e9 pour am\u00e9liorer la vascularisation pendant l&#8217;entra\u00eenement. Le m\u00eame protocole peut \u00eatre appliqu\u00e9 pour am\u00e9liorer la vascularisation pendant l&#8217;entra\u00eenement. La dose doit \u00eatre modifi\u00e9e jusqu&#8217;\u00e0 ce que vous obteniez l&#8217;effet d\u00e9sir\u00e9. <strong>INFORMATIONS SUR LES LOTS :<br \/>\n<\/strong>Num\u00e9ro de lot : <span data-sheets-root=\"1\" data-sheets-value=\"{\" data-sheets-userformat=\"{\">MM20034<\/span><br \/>\nDate de fabrication : <span data-sheets-root=\"1\" data-sheets-value=\"{\" data-sheets-userformat=\"{\">10.2025.<\/span><br \/>\nDate d&#8217;expiration : <span data-sheets-root=\"1\" data-sheets-value=\"{\" data-sheets-userformat=\"{\">10.2028.<\/span><\/p>\n","protected":false},"excerpt":{"rendered":"<p>POSOLOGIE : Citrate de sild\u00e9nafil (Viagra) 100mg\/comprim\u00e9 CONTENU DU PAQUET : 1 sachet, 50 comprim\u00e9s, 100 mg par comprim\u00e9 QU&#8217;EST-CE QUE C&#8217;EST : C&#8217;est le m\u00e9dicament le plus populaire pour le traitement de la dysfonction \u00e9rectile, en outre il peut \u00eatre utile pour am\u00e9liorer la pression art\u00e9rielle et une meilleure vascularisation. MODE D&#8217;EMPLOI : Il&hellip;<\/p>\n","protected":false},"featured_media":76097,"comment_status":"open","ping_status":"closed","template":"","meta":[],"product_cat":[161,178],"product_tag":[],"yoast_head":"<!-- This site is optimized with the Yoast SEO plugin v23.0 - https:\/\/yoast.com\/wordpress\/plugins\/seo\/ -->\n<title>Citrate de sild\u00e9nafil (Viagra) 50 comprim\u00e9s - Astera Labs<\/title>\n<meta name=\"robots\" content=\"index, follow, max-snippet:-1, max-image-preview:large, max-video-preview:-1\" \/>\n<link rel=\"canonical\" href=\"https:\/\/asteralabs.org\/fr\/product\/citrate-de-sildenafil-viagra-50-comprimes\/\" \/>\n<meta property=\"og:locale\" content=\"fr_FR\" \/>\n<meta property=\"og:type\" content=\"article\" \/>\n<meta property=\"og:title\" content=\"Citrate de sild\u00e9nafil (Viagra) 50 comprim\u00e9s - Astera Labs\" \/>\n<meta property=\"og:description\" content=\"POSOLOGIE : Citrate de sild\u00e9nafil (Viagra) 100mg\/comprim\u00e9 CONTENU DU PAQUET : 1 sachet, 50 comprim\u00e9s, 100 mg par comprim\u00e9 QU&#8217;EST-CE QUE C&#8217;EST : C&#8217;est le m\u00e9dicament le plus populaire pour le traitement de la dysfonction \u00e9rectile, en outre il peut \u00eatre utile pour am\u00e9liorer la pression art\u00e9rielle et une meilleure vascularisation. MODE D&#8217;EMPLOI : Il&hellip;\" \/>\n<meta property=\"og:url\" content=\"https:\/\/asteralabs.org\/fr\/product\/citrate-de-sildenafil-viagra-50-comprimes\/\" \/>\n<meta property=\"og:site_name\" content=\"Astera Labs\" \/>\n<meta property=\"article:modified_time\" content=\"2026-01-16T10:41:02+00:00\" \/>\n<meta property=\"og:image\" content=\"https:\/\/asteralabs.org\/wp-content\/uploads\/2023\/01\/Sildenafil-Citrate-50-tabs-mockup-nbg.png\" \/>\n\t<meta property=\"og:image:width\" content=\"2000\" \/>\n\t<meta property=\"og:image:height\" content=\"2000\" \/>\n\t<meta property=\"og:image:type\" content=\"image\/png\" \/>\n<meta name=\"twitter:card\" content=\"summary_large_image\" \/>\n<script type=\"application\/ld+json\" class=\"yoast-schema-graph\">{\"@context\":\"https:\/\/schema.org\",\"@graph\":[{\"@type\":\"WebPage\",\"@id\":\"https:\/\/asteralabs.org\/fr\/product\/citrate-de-sildenafil-viagra-50-comprimes\/\",\"url\":\"https:\/\/asteralabs.org\/fr\/product\/citrate-de-sildenafil-viagra-50-comprimes\/\",\"name\":\"Citrate de sild\u00e9nafil (Viagra) 50 comprim\u00e9s - Astera Labs\",\"isPartOf\":{\"@id\":\"https:\/\/asteralabs.org\/fr\/#website\"},\"primaryImageOfPage\":{\"@id\":\"https:\/\/asteralabs.org\/fr\/product\/citrate-de-sildenafil-viagra-50-comprimes\/#primaryimage\"},\"image\":{\"@id\":\"https:\/\/asteralabs.org\/fr\/product\/citrate-de-sildenafil-viagra-50-comprimes\/#primaryimage\"},\"thumbnailUrl\":\"https:\/\/asteralabs.org\/wp-content\/uploads\/2023\/01\/Sildenafil-Citrate-50-tabs-mockup-nbg.png\",\"datePublished\":\"2023-01-13T20:28:42+00:00\",\"dateModified\":\"2026-01-16T10:41:02+00:00\",\"breadcrumb\":{\"@id\":\"https:\/\/asteralabs.org\/fr\/product\/citrate-de-sildenafil-viagra-50-comprimes\/#breadcrumb\"},\"inLanguage\":\"fr-FR\",\"potentialAction\":[{\"@type\":\"ReadAction\",\"target\":[\"https:\/\/asteralabs.org\/fr\/product\/citrate-de-sildenafil-viagra-50-comprimes\/\"]}]},{\"@type\":\"ImageObject\",\"inLanguage\":\"fr-FR\",\"@id\":\"https:\/\/asteralabs.org\/fr\/product\/citrate-de-sildenafil-viagra-50-comprimes\/#primaryimage\",\"url\":\"https:\/\/asteralabs.org\/wp-content\/uploads\/2023\/01\/Sildenafil-Citrate-50-tabs-mockup-nbg.png\",\"contentUrl\":\"https:\/\/asteralabs.org\/wp-content\/uploads\/2023\/01\/Sildenafil-Citrate-50-tabs-mockup-nbg.png\",\"width\":2000,\"height\":2000},{\"@type\":\"BreadcrumbList\",\"@id\":\"https:\/\/asteralabs.org\/fr\/product\/citrate-de-sildenafil-viagra-50-comprimes\/#breadcrumb\",\"itemListElement\":[{\"@type\":\"ListItem\",\"position\":1,\"name\":\"Home\",\"item\":\"https:\/\/asteralabs.org\/fr\/\"},{\"@type\":\"ListItem\",\"position\":2,\"name\":\"Boutique\",\"item\":\"https:\/\/asteralabs.org\/boutique\/\"},{\"@type\":\"ListItem\",\"position\":3,\"name\":\"Citrate de sild\u00e9nafil (Viagra) 50 comprim\u00e9s\"}]},{\"@type\":\"WebSite\",\"@id\":\"https:\/\/asteralabs.org\/fr\/#website\",\"url\":\"https:\/\/asteralabs.org\/fr\/\",\"name\":\"Astera Labs\",\"description\":\"Improve Your Quality Of Life\",\"publisher\":{\"@id\":\"https:\/\/asteralabs.org\/fr\/#organization\"},\"potentialAction\":[{\"@type\":\"SearchAction\",\"target\":{\"@type\":\"EntryPoint\",\"urlTemplate\":\"https:\/\/asteralabs.org\/fr\/?s={search_term_string}\"},\"query-input\":\"required name=search_term_string\"}],\"inLanguage\":\"fr-FR\"},{\"@type\":\"Organization\",\"@id\":\"https:\/\/asteralabs.org\/fr\/#organization\",\"name\":\"Astera Labs\",\"url\":\"https:\/\/asteralabs.org\/fr\/\",\"logo\":{\"@type\":\"ImageObject\",\"inLanguage\":\"fr-FR\",\"@id\":\"https:\/\/asteralabs.org\/fr\/#\/schema\/logo\/image\/\",\"url\":\"https:\/\/asteralabs.org\/wp-content\/uploads\/2022\/12\/astera-2.png\",\"contentUrl\":\"https:\/\/asteralabs.org\/wp-content\/uploads\/2022\/12\/astera-2.png\",\"width\":437,\"height\":111,\"caption\":\"Astera Labs\"},\"image\":{\"@id\":\"https:\/\/asteralabs.org\/fr\/#\/schema\/logo\/image\/\"}}]}<\/script>\n<!-- \/ Yoast SEO plugin. -->","yoast_head_json":{"title":"Citrate de sild\u00e9nafil (Viagra) 50 comprim\u00e9s - Astera Labs","robots":{"index":"index","follow":"follow","max-snippet":"max-snippet:-1","max-image-preview":"max-image-preview:large","max-video-preview":"max-video-preview:-1"},"canonical":"https:\/\/asteralabs.org\/fr\/product\/citrate-de-sildenafil-viagra-50-comprimes\/","og_locale":"fr_FR","og_type":"article","og_title":"Citrate de sild\u00e9nafil (Viagra) 50 comprim\u00e9s - Astera Labs","og_description":"POSOLOGIE : Citrate de sild\u00e9nafil (Viagra) 100mg\/comprim\u00e9 CONTENU DU PAQUET : 1 sachet, 50 comprim\u00e9s, 100 mg par comprim\u00e9 QU&#8217;EST-CE QUE C&#8217;EST : C&#8217;est le m\u00e9dicament le plus populaire pour le traitement de la dysfonction \u00e9rectile, en outre il peut \u00eatre utile pour am\u00e9liorer la pression art\u00e9rielle et une meilleure vascularisation. MODE D&#8217;EMPLOI : Il&hellip;","og_url":"https:\/\/asteralabs.org\/fr\/product\/citrate-de-sildenafil-viagra-50-comprimes\/","og_site_name":"Astera Labs","article_modified_time":"2026-01-16T10:41:02+00:00","og_image":[{"width":2000,"height":2000,"url":"https:\/\/asteralabs.org\/wp-content\/uploads\/2023\/01\/Sildenafil-Citrate-50-tabs-mockup-nbg.png","type":"image\/png"}],"twitter_card":"summary_large_image","schema":{"@context":"https:\/\/schema.org","@graph":[{"@type":"WebPage","@id":"https:\/\/asteralabs.org\/fr\/product\/citrate-de-sildenafil-viagra-50-comprimes\/","url":"https:\/\/asteralabs.org\/fr\/product\/citrate-de-sildenafil-viagra-50-comprimes\/","name":"Citrate de sild\u00e9nafil (Viagra) 50 comprim\u00e9s - Astera Labs","isPartOf":{"@id":"https:\/\/asteralabs.org\/fr\/#website"},"primaryImageOfPage":{"@id":"https:\/\/asteralabs.org\/fr\/product\/citrate-de-sildenafil-viagra-50-comprimes\/#primaryimage"},"image":{"@id":"https:\/\/asteralabs.org\/fr\/product\/citrate-de-sildenafil-viagra-50-comprimes\/#primaryimage"},"thumbnailUrl":"https:\/\/asteralabs.org\/wp-content\/uploads\/2023\/01\/Sildenafil-Citrate-50-tabs-mockup-nbg.png","datePublished":"2023-01-13T20:28:42+00:00","dateModified":"2026-01-16T10:41:02+00:00","breadcrumb":{"@id":"https:\/\/asteralabs.org\/fr\/product\/citrate-de-sildenafil-viagra-50-comprimes\/#breadcrumb"},"inLanguage":"fr-FR","potentialAction":[{"@type":"ReadAction","target":["https:\/\/asteralabs.org\/fr\/product\/citrate-de-sildenafil-viagra-50-comprimes\/"]}]},{"@type":"ImageObject","inLanguage":"fr-FR","@id":"https:\/\/asteralabs.org\/fr\/product\/citrate-de-sildenafil-viagra-50-comprimes\/#primaryimage","url":"https:\/\/asteralabs.org\/wp-content\/uploads\/2023\/01\/Sildenafil-Citrate-50-tabs-mockup-nbg.png","contentUrl":"https:\/\/asteralabs.org\/wp-content\/uploads\/2023\/01\/Sildenafil-Citrate-50-tabs-mockup-nbg.png","width":2000,"height":2000},{"@type":"BreadcrumbList","@id":"https:\/\/asteralabs.org\/fr\/product\/citrate-de-sildenafil-viagra-50-comprimes\/#breadcrumb","itemListElement":[{"@type":"ListItem","position":1,"name":"Home","item":"https:\/\/asteralabs.org\/fr\/"},{"@type":"ListItem","position":2,"name":"Boutique","item":"https:\/\/asteralabs.org\/boutique\/"},{"@type":"ListItem","position":3,"name":"Citrate de sild\u00e9nafil (Viagra) 50 comprim\u00e9s"}]},{"@type":"WebSite","@id":"https:\/\/asteralabs.org\/fr\/#website","url":"https:\/\/asteralabs.org\/fr\/","name":"Astera Labs","description":"Improve Your Quality Of Life","publisher":{"@id":"https:\/\/asteralabs.org\/fr\/#organization"},"potentialAction":[{"@type":"SearchAction","target":{"@type":"EntryPoint","urlTemplate":"https:\/\/asteralabs.org\/fr\/?s={search_term_string}"},"query-input":"required name=search_term_string"}],"inLanguage":"fr-FR"},{"@type":"Organization","@id":"https:\/\/asteralabs.org\/fr\/#organization","name":"Astera Labs","url":"https:\/\/asteralabs.org\/fr\/","logo":{"@type":"ImageObject","inLanguage":"fr-FR","@id":"https:\/\/asteralabs.org\/fr\/#\/schema\/logo\/image\/","url":"https:\/\/asteralabs.org\/wp-content\/uploads\/2022\/12\/astera-2.png","contentUrl":"https:\/\/asteralabs.org\/wp-content\/uploads\/2022\/12\/astera-2.png","width":437,"height":111,"caption":"Astera Labs"},"image":{"@id":"https:\/\/asteralabs.org\/fr\/#\/schema\/logo\/image\/"}}]}},"_links":{"self":[{"href":"https:\/\/asteralabs.org\/fr\/wp-json\/wp\/v2\/product\/78113"}],"collection":[{"href":"https:\/\/asteralabs.org\/fr\/wp-json\/wp\/v2\/product"}],"about":[{"href":"https:\/\/asteralabs.org\/fr\/wp-json\/wp\/v2\/types\/product"}],"replies":[{"embeddable":true,"href":"https:\/\/asteralabs.org\/fr\/wp-json\/wp\/v2\/comments?post=78113"}],"version-history":[{"count":0,"href":"https:\/\/asteralabs.org\/fr\/wp-json\/wp\/v2\/product\/78113\/revisions"}],"wp:featuredmedia":[{"embeddable":true,"href":"https:\/\/asteralabs.org\/fr\/wp-json\/wp\/v2\/media\/76097"}],"wp:attachment":[{"href":"https:\/\/asteralabs.org\/fr\/wp-json\/wp\/v2\/media?parent=78113"}],"wp:term":[{"taxonomy":"product_cat","embeddable":true,"href":"https:\/\/asteralabs.org\/fr\/wp-json\/wp\/v2\/product_cat?post=78113"},{"taxonomy":"product_tag","embeddable":true,"href":"https:\/\/asteralabs.org\/fr\/wp-json\/wp\/v2\/product_tag?post=78113"}],"curies":[{"name":"wp","href":"https:\/\/api.w.org\/{rel}","templated":true}]}}