{"id":78136,"date":"2023-01-10T23:02:18","date_gmt":"2023-01-10T23:02:18","guid":{"rendered":"https:\/\/asteralabs.org\/product\/fluoxymesterone-halotestin\/"},"modified":"2026-01-16T09:11:01","modified_gmt":"2026-01-16T09:11:01","slug":"fluoxymesterone-halotestin","status":"publish","type":"product","link":"https:\/\/asteralabs.org\/fr\/product\/fluoxymesterone-halotestin\/","title":{"rendered":"Fluoxymest\u00e9rone (Halotestin)"},"content":{"rendered":"<p><strong>POSOLOGIE : <\/strong><br \/>\nFluoxymesterone (Halotestin) 5mg\/tab <strong>CONTENU DE L&#8217;EMBALLAGE : <\/strong><br \/>\n1 satchet, 50tabs, 5 mg par tab <strong>QU&#8217;EST-CE QUE C&#8217;EST : <\/strong><br \/>\nLa fluoxymest\u00e9rone est un st\u00e9ro\u00efde oral tr\u00e8s puissant qui pr\u00e9sente des propri\u00e9t\u00e9s androg\u00e8nes extr\u00eamement fortes. Pour les bodybuilders et les athl\u00e8tes de force, la fluoxymest\u00e9rone offre plusieurs avantages distincts par rapport \u00e0 d&#8217;autres m\u00e9dicaments. Cependant, ces avantages s&#8217;accompagnent d&#8217;effets secondaires potentiels importants. <strong>MODE D&#8217;EMPLOI : <\/strong><br \/>\nLa dose et la dur\u00e9e du cycle d\u00e9pendent des objectifs de l&#8217;utilisateur. Les doses varient de 20 \u00e0 50 mg par jour et il n&#8217;est pas recommand\u00e9 de l&#8217;utiliser pendant plus de 4 \u00e0 6 semaines d&#8217;affil\u00e9e. Dans le bodybuilding, il est utilis\u00e9 pour br\u00fbler plus de graisse et donner une apparence plus androg\u00e8ne pour les comp\u00e9titions, dans les sports de contact ou de force, il est utilis\u00e9 pour augmenter la force et l&#8217;agressivit\u00e9. <strong>INFORMATIONS SUR LES LOTS :<br \/>\n<\/strong>Num\u00e9ro de lot : <span data-sheets-root=\"1\" data-sheets-value=\"{\" data-sheets-userformat=\"{\">DP05787<\/span><br \/>\nDate de fabrication : <span data-sheets-root=\"1\" data-sheets-value=\"{\" data-sheets-userformat=\"{\">10.2025.<\/span><br \/>\nDate d&#8217;expiration : <span data-sheets-root=\"1\" data-sheets-value=\"{\" data-sheets-userformat=\"{\">10.2028.<\/span><\/p>\n","protected":false},"excerpt":{"rendered":"<p>POSOLOGIE : Fluoxymesterone (Halotestin) 5mg\/tab CONTENU DE L&#8217;EMBALLAGE : 1 satchet, 50tabs, 5 mg par tab QU&#8217;EST-CE QUE C&#8217;EST : La fluoxymest\u00e9rone est un st\u00e9ro\u00efde oral tr\u00e8s puissant qui pr\u00e9sente des propri\u00e9t\u00e9s androg\u00e8nes extr\u00eamement fortes. Pour les bodybuilders et les athl\u00e8tes de force, la fluoxymest\u00e9rone offre plusieurs avantages distincts par rapport \u00e0 d&#8217;autres m\u00e9dicaments. Cependant,&hellip;<\/p>\n","protected":false},"featured_media":76057,"comment_status":"open","ping_status":"closed","template":"","meta":[],"product_cat":[161,178],"product_tag":[],"yoast_head":"<!-- This site is optimized with the Yoast SEO plugin v23.0 - https:\/\/yoast.com\/wordpress\/plugins\/seo\/ -->\n<title>Fluoxymest\u00e9rone (Halotestin) - Astera Labs<\/title>\n<meta name=\"robots\" content=\"index, follow, max-snippet:-1, max-image-preview:large, max-video-preview:-1\" \/>\n<link rel=\"canonical\" href=\"https:\/\/asteralabs.org\/fr\/product\/fluoxymesterone-halotestin\/\" \/>\n<meta property=\"og:locale\" content=\"fr_FR\" \/>\n<meta property=\"og:type\" content=\"article\" \/>\n<meta property=\"og:title\" content=\"Fluoxymest\u00e9rone (Halotestin) - Astera Labs\" \/>\n<meta property=\"og:description\" content=\"POSOLOGIE : Fluoxymesterone (Halotestin) 5mg\/tab CONTENU DE L&#8217;EMBALLAGE : 1 satchet, 50tabs, 5 mg par tab QU&#8217;EST-CE QUE C&#8217;EST : La fluoxymest\u00e9rone est un st\u00e9ro\u00efde oral tr\u00e8s puissant qui pr\u00e9sente des propri\u00e9t\u00e9s androg\u00e8nes extr\u00eamement fortes. Pour les bodybuilders et les athl\u00e8tes de force, la fluoxymest\u00e9rone offre plusieurs avantages distincts par rapport \u00e0 d&#8217;autres m\u00e9dicaments. Cependant,&hellip;\" \/>\n<meta property=\"og:url\" content=\"https:\/\/asteralabs.org\/fr\/product\/fluoxymesterone-halotestin\/\" \/>\n<meta property=\"og:site_name\" content=\"Astera Labs\" \/>\n<meta property=\"article:modified_time\" content=\"2026-01-16T09:11:01+00:00\" \/>\n<meta property=\"og:image\" content=\"https:\/\/asteralabs.org\/wp-content\/uploads\/2023\/01\/Halotestin-mockup-nbg.png\" \/>\n\t<meta property=\"og:image:width\" content=\"2000\" \/>\n\t<meta property=\"og:image:height\" content=\"2000\" \/>\n\t<meta property=\"og:image:type\" content=\"image\/png\" \/>\n<meta name=\"twitter:card\" content=\"summary_large_image\" \/>\n<script type=\"application\/ld+json\" class=\"yoast-schema-graph\">{\"@context\":\"https:\/\/schema.org\",\"@graph\":[{\"@type\":\"WebPage\",\"@id\":\"https:\/\/asteralabs.org\/fr\/product\/fluoxymesterone-halotestin\/\",\"url\":\"https:\/\/asteralabs.org\/fr\/product\/fluoxymesterone-halotestin\/\",\"name\":\"Fluoxymest\u00e9rone (Halotestin) - Astera Labs\",\"isPartOf\":{\"@id\":\"https:\/\/asteralabs.org\/fr\/#website\"},\"primaryImageOfPage\":{\"@id\":\"https:\/\/asteralabs.org\/fr\/product\/fluoxymesterone-halotestin\/#primaryimage\"},\"image\":{\"@id\":\"https:\/\/asteralabs.org\/fr\/product\/fluoxymesterone-halotestin\/#primaryimage\"},\"thumbnailUrl\":\"https:\/\/asteralabs.org\/wp-content\/uploads\/2023\/01\/Halotestin-mockup-nbg.png\",\"datePublished\":\"2023-01-10T23:02:18+00:00\",\"dateModified\":\"2026-01-16T09:11:01+00:00\",\"breadcrumb\":{\"@id\":\"https:\/\/asteralabs.org\/fr\/product\/fluoxymesterone-halotestin\/#breadcrumb\"},\"inLanguage\":\"fr-FR\",\"potentialAction\":[{\"@type\":\"ReadAction\",\"target\":[\"https:\/\/asteralabs.org\/fr\/product\/fluoxymesterone-halotestin\/\"]}]},{\"@type\":\"ImageObject\",\"inLanguage\":\"fr-FR\",\"@id\":\"https:\/\/asteralabs.org\/fr\/product\/fluoxymesterone-halotestin\/#primaryimage\",\"url\":\"https:\/\/asteralabs.org\/wp-content\/uploads\/2023\/01\/Halotestin-mockup-nbg.png\",\"contentUrl\":\"https:\/\/asteralabs.org\/wp-content\/uploads\/2023\/01\/Halotestin-mockup-nbg.png\",\"width\":2000,\"height\":2000},{\"@type\":\"BreadcrumbList\",\"@id\":\"https:\/\/asteralabs.org\/fr\/product\/fluoxymesterone-halotestin\/#breadcrumb\",\"itemListElement\":[{\"@type\":\"ListItem\",\"position\":1,\"name\":\"Home\",\"item\":\"https:\/\/asteralabs.org\/fr\/\"},{\"@type\":\"ListItem\",\"position\":2,\"name\":\"Boutique\",\"item\":\"https:\/\/asteralabs.org\/boutique\/\"},{\"@type\":\"ListItem\",\"position\":3,\"name\":\"Fluoxymest\u00e9rone (Halotestin)\"}]},{\"@type\":\"WebSite\",\"@id\":\"https:\/\/asteralabs.org\/fr\/#website\",\"url\":\"https:\/\/asteralabs.org\/fr\/\",\"name\":\"Astera Labs\",\"description\":\"Improve Your Quality Of Life\",\"publisher\":{\"@id\":\"https:\/\/asteralabs.org\/fr\/#organization\"},\"potentialAction\":[{\"@type\":\"SearchAction\",\"target\":{\"@type\":\"EntryPoint\",\"urlTemplate\":\"https:\/\/asteralabs.org\/fr\/?s={search_term_string}\"},\"query-input\":\"required name=search_term_string\"}],\"inLanguage\":\"fr-FR\"},{\"@type\":\"Organization\",\"@id\":\"https:\/\/asteralabs.org\/fr\/#organization\",\"name\":\"Astera Labs\",\"url\":\"https:\/\/asteralabs.org\/fr\/\",\"logo\":{\"@type\":\"ImageObject\",\"inLanguage\":\"fr-FR\",\"@id\":\"https:\/\/asteralabs.org\/fr\/#\/schema\/logo\/image\/\",\"url\":\"https:\/\/asteralabs.org\/wp-content\/uploads\/2022\/12\/astera-2.png\",\"contentUrl\":\"https:\/\/asteralabs.org\/wp-content\/uploads\/2022\/12\/astera-2.png\",\"width\":437,\"height\":111,\"caption\":\"Astera Labs\"},\"image\":{\"@id\":\"https:\/\/asteralabs.org\/fr\/#\/schema\/logo\/image\/\"}}]}<\/script>\n<!-- \/ Yoast SEO plugin. -->","yoast_head_json":{"title":"Fluoxymest\u00e9rone (Halotestin) - Astera Labs","robots":{"index":"index","follow":"follow","max-snippet":"max-snippet:-1","max-image-preview":"max-image-preview:large","max-video-preview":"max-video-preview:-1"},"canonical":"https:\/\/asteralabs.org\/fr\/product\/fluoxymesterone-halotestin\/","og_locale":"fr_FR","og_type":"article","og_title":"Fluoxymest\u00e9rone (Halotestin) - Astera Labs","og_description":"POSOLOGIE : Fluoxymesterone (Halotestin) 5mg\/tab CONTENU DE L&#8217;EMBALLAGE : 1 satchet, 50tabs, 5 mg par tab QU&#8217;EST-CE QUE C&#8217;EST : La fluoxymest\u00e9rone est un st\u00e9ro\u00efde oral tr\u00e8s puissant qui pr\u00e9sente des propri\u00e9t\u00e9s androg\u00e8nes extr\u00eamement fortes. Pour les bodybuilders et les athl\u00e8tes de force, la fluoxymest\u00e9rone offre plusieurs avantages distincts par rapport \u00e0 d&#8217;autres m\u00e9dicaments. Cependant,&hellip;","og_url":"https:\/\/asteralabs.org\/fr\/product\/fluoxymesterone-halotestin\/","og_site_name":"Astera Labs","article_modified_time":"2026-01-16T09:11:01+00:00","og_image":[{"width":2000,"height":2000,"url":"https:\/\/asteralabs.org\/wp-content\/uploads\/2023\/01\/Halotestin-mockup-nbg.png","type":"image\/png"}],"twitter_card":"summary_large_image","schema":{"@context":"https:\/\/schema.org","@graph":[{"@type":"WebPage","@id":"https:\/\/asteralabs.org\/fr\/product\/fluoxymesterone-halotestin\/","url":"https:\/\/asteralabs.org\/fr\/product\/fluoxymesterone-halotestin\/","name":"Fluoxymest\u00e9rone (Halotestin) - Astera Labs","isPartOf":{"@id":"https:\/\/asteralabs.org\/fr\/#website"},"primaryImageOfPage":{"@id":"https:\/\/asteralabs.org\/fr\/product\/fluoxymesterone-halotestin\/#primaryimage"},"image":{"@id":"https:\/\/asteralabs.org\/fr\/product\/fluoxymesterone-halotestin\/#primaryimage"},"thumbnailUrl":"https:\/\/asteralabs.org\/wp-content\/uploads\/2023\/01\/Halotestin-mockup-nbg.png","datePublished":"2023-01-10T23:02:18+00:00","dateModified":"2026-01-16T09:11:01+00:00","breadcrumb":{"@id":"https:\/\/asteralabs.org\/fr\/product\/fluoxymesterone-halotestin\/#breadcrumb"},"inLanguage":"fr-FR","potentialAction":[{"@type":"ReadAction","target":["https:\/\/asteralabs.org\/fr\/product\/fluoxymesterone-halotestin\/"]}]},{"@type":"ImageObject","inLanguage":"fr-FR","@id":"https:\/\/asteralabs.org\/fr\/product\/fluoxymesterone-halotestin\/#primaryimage","url":"https:\/\/asteralabs.org\/wp-content\/uploads\/2023\/01\/Halotestin-mockup-nbg.png","contentUrl":"https:\/\/asteralabs.org\/wp-content\/uploads\/2023\/01\/Halotestin-mockup-nbg.png","width":2000,"height":2000},{"@type":"BreadcrumbList","@id":"https:\/\/asteralabs.org\/fr\/product\/fluoxymesterone-halotestin\/#breadcrumb","itemListElement":[{"@type":"ListItem","position":1,"name":"Home","item":"https:\/\/asteralabs.org\/fr\/"},{"@type":"ListItem","position":2,"name":"Boutique","item":"https:\/\/asteralabs.org\/boutique\/"},{"@type":"ListItem","position":3,"name":"Fluoxymest\u00e9rone (Halotestin)"}]},{"@type":"WebSite","@id":"https:\/\/asteralabs.org\/fr\/#website","url":"https:\/\/asteralabs.org\/fr\/","name":"Astera Labs","description":"Improve Your Quality Of Life","publisher":{"@id":"https:\/\/asteralabs.org\/fr\/#organization"},"potentialAction":[{"@type":"SearchAction","target":{"@type":"EntryPoint","urlTemplate":"https:\/\/asteralabs.org\/fr\/?s={search_term_string}"},"query-input":"required name=search_term_string"}],"inLanguage":"fr-FR"},{"@type":"Organization","@id":"https:\/\/asteralabs.org\/fr\/#organization","name":"Astera Labs","url":"https:\/\/asteralabs.org\/fr\/","logo":{"@type":"ImageObject","inLanguage":"fr-FR","@id":"https:\/\/asteralabs.org\/fr\/#\/schema\/logo\/image\/","url":"https:\/\/asteralabs.org\/wp-content\/uploads\/2022\/12\/astera-2.png","contentUrl":"https:\/\/asteralabs.org\/wp-content\/uploads\/2022\/12\/astera-2.png","width":437,"height":111,"caption":"Astera Labs"},"image":{"@id":"https:\/\/asteralabs.org\/fr\/#\/schema\/logo\/image\/"}}]}},"_links":{"self":[{"href":"https:\/\/asteralabs.org\/fr\/wp-json\/wp\/v2\/product\/78136"}],"collection":[{"href":"https:\/\/asteralabs.org\/fr\/wp-json\/wp\/v2\/product"}],"about":[{"href":"https:\/\/asteralabs.org\/fr\/wp-json\/wp\/v2\/types\/product"}],"replies":[{"embeddable":true,"href":"https:\/\/asteralabs.org\/fr\/wp-json\/wp\/v2\/comments?post=78136"}],"version-history":[{"count":0,"href":"https:\/\/asteralabs.org\/fr\/wp-json\/wp\/v2\/product\/78136\/revisions"}],"wp:featuredmedia":[{"embeddable":true,"href":"https:\/\/asteralabs.org\/fr\/wp-json\/wp\/v2\/media\/76057"}],"wp:attachment":[{"href":"https:\/\/asteralabs.org\/fr\/wp-json\/wp\/v2\/media?parent=78136"}],"wp:term":[{"taxonomy":"product_cat","embeddable":true,"href":"https:\/\/asteralabs.org\/fr\/wp-json\/wp\/v2\/product_cat?post=78136"},{"taxonomy":"product_tag","embeddable":true,"href":"https:\/\/asteralabs.org\/fr\/wp-json\/wp\/v2\/product_tag?post=78136"}],"curies":[{"name":"wp","href":"https:\/\/api.w.org\/{rel}","templated":true}]}}