{"id":78142,"date":"2023-01-10T23:01:27","date_gmt":"2023-01-10T23:01:27","guid":{"rendered":"https:\/\/asteralabs.org\/product\/chlorodehydromethyltestosterone-turinabol\/"},"modified":"2026-01-16T08:24:57","modified_gmt":"2026-01-16T08:24:57","slug":"chlorodehydromethyltestosterone-turinabol","status":"publish","type":"product","link":"https:\/\/asteralabs.org\/fr\/product\/chlorodehydromethyltestosterone-turinabol\/","title":{"rendered":"Chlorod\u00e9hydrom\u00e9thyltestost\u00e9rone (Turinabol)"},"content":{"rendered":"<p><strong>POSOLOGIE : <\/strong><br \/>\nChlorod\u00e9hydrom\u00e9thyltestost\u00e9rone (Turinabol) 20 mg\/comprim\u00e9 <strong>CONTENU DU PAQUET : <\/strong><br \/>\n1 sachet, 100 comprim\u00e9s, 20 mg par comprim\u00e9 <strong>QU&#8217;EST-CE QUE C&#8217;EST : <\/strong><br \/>\nLe Turinabol est un compos\u00e9 17-alpha-alkyl\u00e9 qui est un d\u00e9riv\u00e9 du Dianabol.<br \/>\nIl se caract\u00e9rise par une liaison 4-chloro qui inhibe l&#8217;aromatisation du compos\u00e9. Il a \u00e9galement un effet avantageux en termes de capacit\u00e9 \u00e0 r\u00e9duire la liaison de la globuline liant les hormones sexuelles \u00e0 d&#8217;autres st\u00e9ro\u00efdes anabolisants.<br \/>\nM\u00eame \u00e0 des doses relativement faibles, il est assez efficace dans cette fonction et pourrait am\u00e9liorer l&#8217;action de tout anabolisant qu&#8217;un utilisateur pourrait utiliser avec le compos\u00e9. <strong>MODE D&#8217;EMPLOI : <\/strong><br \/>\nLes doses varient de 40 \u00e0 60 mg, bien que certains utilisateurs aient utilis\u00e9 des doses allant jusqu&#8217;\u00e0 100 mg. Il n&#8217;est pas tr\u00e8s h\u00e9patotoxique et peut donc \u00eatre utilis\u00e9 par cycles de 8 semaines. Il est conseill\u00e9 de diviser la dose en deux prises quotidiennes.<\/p>\n<p><strong>INFORMATIONS SUR LES LOTS :<br \/>\n<\/strong>Num\u00e9ro de lot : <span data-sheets-root=\"1\" data-sheets-value=\"{\" data-sheets-userformat=\"{\">BF14358<\/span><br \/>\nDate de fabrication : <span data-sheets-root=\"1\" data-sheets-value=\"{\" data-sheets-userformat=\"{\">10.2025.<\/span><br \/>\nDate d&#8217;expiration : <span data-sheets-root=\"1\" data-sheets-value=\"{\" data-sheets-userformat=\"{\">10.2028.<\/span><\/p>\n","protected":false},"excerpt":{"rendered":"<p>POSOLOGIE : Chlorod\u00e9hydrom\u00e9thyltestost\u00e9rone (Turinabol) 20 mg\/comprim\u00e9 CONTENU DU PAQUET : 1 sachet, 100 comprim\u00e9s, 20 mg par comprim\u00e9 QU&#8217;EST-CE QUE C&#8217;EST : Le Turinabol est un compos\u00e9 17-alpha-alkyl\u00e9 qui est un d\u00e9riv\u00e9 du Dianabol. Il se caract\u00e9rise par une liaison 4-chloro qui inhibe l&#8217;aromatisation du compos\u00e9. Il a \u00e9galement un effet avantageux en termes de&hellip;<\/p>\n","protected":false},"featured_media":76361,"comment_status":"open","ping_status":"closed","template":"","meta":{"_acf_changed":false},"product_brand":[],"product_cat":[161,178],"product_tag":[],"class_list":{"0":"post-78142","1":"product","2":"type-product","3":"status-publish","4":"has-post-thumbnail","6":"product_cat-all-fr","7":"product_cat-orals-fr","8":"description-off","10":"first","11":"instock","12":"shipping-taxable","13":"product-type-simple"},"acf":[],"yoast_head":"<!-- This site is optimized with the Yoast SEO plugin v27.4 - https:\/\/yoast.com\/product\/yoast-seo-wordpress\/ -->\n<title>Chlorod\u00e9hydrom\u00e9thyltestost\u00e9rone (Turinabol) - Astera Labs<\/title>\n<meta name=\"robots\" content=\"index, follow, max-snippet:-1, max-image-preview:large, max-video-preview:-1\" \/>\n<link rel=\"canonical\" href=\"https:\/\/asteralabs.org\/fr\/product\/chlorodehydromethyltestosterone-turinabol\/\" \/>\n<meta property=\"og:locale\" content=\"fr_FR\" \/>\n<meta property=\"og:type\" content=\"article\" \/>\n<meta property=\"og:title\" content=\"Chlorod\u00e9hydrom\u00e9thyltestost\u00e9rone (Turinabol) - Astera Labs\" \/>\n<meta property=\"og:description\" content=\"POSOLOGIE : Chlorod\u00e9hydrom\u00e9thyltestost\u00e9rone (Turinabol) 20 mg\/comprim\u00e9 CONTENU DU PAQUET : 1 sachet, 100 comprim\u00e9s, 20 mg par comprim\u00e9 QU&#8217;EST-CE QUE C&#8217;EST : Le Turinabol est un compos\u00e9 17-alpha-alkyl\u00e9 qui est un d\u00e9riv\u00e9 du Dianabol. Il se caract\u00e9rise par une liaison 4-chloro qui inhibe l&#8217;aromatisation du compos\u00e9. Il a \u00e9galement un effet avantageux en termes de&hellip;\" \/>\n<meta property=\"og:url\" content=\"https:\/\/asteralabs.org\/fr\/product\/chlorodehydromethyltestosterone-turinabol\/\" \/>\n<meta property=\"og:site_name\" content=\"Astera Labs\" \/>\n<meta property=\"article:modified_time\" content=\"2026-01-16T08:24:57+00:00\" \/>\n<meta property=\"og:image\" content=\"https:\/\/asteralabs.org\/wp-content\/uploads\/2023\/01\/Turinabol-mockup-nbg.png\" \/>\n\t<meta property=\"og:image:width\" content=\"2000\" \/>\n\t<meta property=\"og:image:height\" content=\"2000\" \/>\n\t<meta property=\"og:image:type\" content=\"image\/png\" \/>\n<meta name=\"twitter:card\" content=\"summary_large_image\" \/>\n<script type=\"application\/ld+json\" class=\"yoast-schema-graph\">{\"@context\":\"https:\\\/\\\/schema.org\",\"@graph\":[{\"@type\":\"WebPage\",\"@id\":\"https:\\\/\\\/asteralabs.org\\\/fr\\\/product\\\/chlorodehydromethyltestosterone-turinabol\\\/\",\"url\":\"https:\\\/\\\/asteralabs.org\\\/fr\\\/product\\\/chlorodehydromethyltestosterone-turinabol\\\/\",\"name\":\"Chlorod\u00e9hydrom\u00e9thyltestost\u00e9rone (Turinabol) - Astera Labs\",\"isPartOf\":{\"@id\":\"https:\\\/\\\/asteralabs.org\\\/fr\\\/#website\"},\"primaryImageOfPage\":{\"@id\":\"https:\\\/\\\/asteralabs.org\\\/fr\\\/product\\\/chlorodehydromethyltestosterone-turinabol\\\/#primaryimage\"},\"image\":{\"@id\":\"https:\\\/\\\/asteralabs.org\\\/fr\\\/product\\\/chlorodehydromethyltestosterone-turinabol\\\/#primaryimage\"},\"thumbnailUrl\":\"https:\\\/\\\/asteralabs.org\\\/wp-content\\\/uploads\\\/2023\\\/01\\\/Turinabol-mockup-nbg.png\",\"datePublished\":\"2023-01-10T23:01:27+00:00\",\"dateModified\":\"2026-01-16T08:24:57+00:00\",\"breadcrumb\":{\"@id\":\"https:\\\/\\\/asteralabs.org\\\/fr\\\/product\\\/chlorodehydromethyltestosterone-turinabol\\\/#breadcrumb\"},\"inLanguage\":\"fr-FR\",\"potentialAction\":[{\"@type\":\"ReadAction\",\"target\":[\"https:\\\/\\\/asteralabs.org\\\/fr\\\/product\\\/chlorodehydromethyltestosterone-turinabol\\\/\"]}]},{\"@type\":\"ImageObject\",\"inLanguage\":\"fr-FR\",\"@id\":\"https:\\\/\\\/asteralabs.org\\\/fr\\\/product\\\/chlorodehydromethyltestosterone-turinabol\\\/#primaryimage\",\"url\":\"https:\\\/\\\/asteralabs.org\\\/wp-content\\\/uploads\\\/2023\\\/01\\\/Turinabol-mockup-nbg.png\",\"contentUrl\":\"https:\\\/\\\/asteralabs.org\\\/wp-content\\\/uploads\\\/2023\\\/01\\\/Turinabol-mockup-nbg.png\",\"width\":2000,\"height\":2000},{\"@type\":\"BreadcrumbList\",\"@id\":\"https:\\\/\\\/asteralabs.org\\\/fr\\\/product\\\/chlorodehydromethyltestosterone-turinabol\\\/#breadcrumb\",\"itemListElement\":[{\"@type\":\"ListItem\",\"position\":1,\"name\":\"Home\",\"item\":\"https:\\\/\\\/asteralabs.org\\\/fr\\\/\"},{\"@type\":\"ListItem\",\"position\":2,\"name\":\"Boutique\",\"item\":\"https:\\\/\\\/asteralabs.org\\\/fr\\\/boutique\\\/\"},{\"@type\":\"ListItem\",\"position\":3,\"name\":\"Chlorod\u00e9hydrom\u00e9thyltestost\u00e9rone (Turinabol)\"}]},{\"@type\":\"WebSite\",\"@id\":\"https:\\\/\\\/asteralabs.org\\\/fr\\\/#website\",\"url\":\"https:\\\/\\\/asteralabs.org\\\/fr\\\/\",\"name\":\"Astera Labs\",\"description\":\"Improve Your Quality Of Life\",\"publisher\":{\"@id\":\"https:\\\/\\\/asteralabs.org\\\/fr\\\/#organization\"},\"potentialAction\":[{\"@type\":\"SearchAction\",\"target\":{\"@type\":\"EntryPoint\",\"urlTemplate\":\"https:\\\/\\\/asteralabs.org\\\/fr\\\/?s={search_term_string}\"},\"query-input\":{\"@type\":\"PropertyValueSpecification\",\"valueRequired\":true,\"valueName\":\"search_term_string\"}}],\"inLanguage\":\"fr-FR\"},{\"@type\":\"Organization\",\"@id\":\"https:\\\/\\\/asteralabs.org\\\/fr\\\/#organization\",\"name\":\"Astera Labs\",\"url\":\"https:\\\/\\\/asteralabs.org\\\/fr\\\/\",\"logo\":{\"@type\":\"ImageObject\",\"inLanguage\":\"fr-FR\",\"@id\":\"https:\\\/\\\/asteralabs.org\\\/fr\\\/#\\\/schema\\\/logo\\\/image\\\/\",\"url\":\"https:\\\/\\\/asteralabs.org\\\/wp-content\\\/uploads\\\/2022\\\/12\\\/astera-2.png\",\"contentUrl\":\"https:\\\/\\\/asteralabs.org\\\/wp-content\\\/uploads\\\/2022\\\/12\\\/astera-2.png\",\"width\":437,\"height\":111,\"caption\":\"Astera Labs\"},\"image\":{\"@id\":\"https:\\\/\\\/asteralabs.org\\\/fr\\\/#\\\/schema\\\/logo\\\/image\\\/\"}}]}<\/script>\n<!-- \/ Yoast SEO plugin. -->","yoast_head_json":{"title":"Chlorod\u00e9hydrom\u00e9thyltestost\u00e9rone (Turinabol) - Astera Labs","robots":{"index":"index","follow":"follow","max-snippet":"max-snippet:-1","max-image-preview":"max-image-preview:large","max-video-preview":"max-video-preview:-1"},"canonical":"https:\/\/asteralabs.org\/fr\/product\/chlorodehydromethyltestosterone-turinabol\/","og_locale":"fr_FR","og_type":"article","og_title":"Chlorod\u00e9hydrom\u00e9thyltestost\u00e9rone (Turinabol) - Astera Labs","og_description":"POSOLOGIE : Chlorod\u00e9hydrom\u00e9thyltestost\u00e9rone (Turinabol) 20 mg\/comprim\u00e9 CONTENU DU PAQUET : 1 sachet, 100 comprim\u00e9s, 20 mg par comprim\u00e9 QU&#8217;EST-CE QUE C&#8217;EST : Le Turinabol est un compos\u00e9 17-alpha-alkyl\u00e9 qui est un d\u00e9riv\u00e9 du Dianabol. Il se caract\u00e9rise par une liaison 4-chloro qui inhibe l&#8217;aromatisation du compos\u00e9. Il a \u00e9galement un effet avantageux en termes de&hellip;","og_url":"https:\/\/asteralabs.org\/fr\/product\/chlorodehydromethyltestosterone-turinabol\/","og_site_name":"Astera Labs","article_modified_time":"2026-01-16T08:24:57+00:00","og_image":[{"width":2000,"height":2000,"url":"https:\/\/asteralabs.org\/wp-content\/uploads\/2023\/01\/Turinabol-mockup-nbg.png","type":"image\/png"}],"twitter_card":"summary_large_image","schema":{"@context":"https:\/\/schema.org","@graph":[{"@type":"WebPage","@id":"https:\/\/asteralabs.org\/fr\/product\/chlorodehydromethyltestosterone-turinabol\/","url":"https:\/\/asteralabs.org\/fr\/product\/chlorodehydromethyltestosterone-turinabol\/","name":"Chlorod\u00e9hydrom\u00e9thyltestost\u00e9rone (Turinabol) - Astera Labs","isPartOf":{"@id":"https:\/\/asteralabs.org\/fr\/#website"},"primaryImageOfPage":{"@id":"https:\/\/asteralabs.org\/fr\/product\/chlorodehydromethyltestosterone-turinabol\/#primaryimage"},"image":{"@id":"https:\/\/asteralabs.org\/fr\/product\/chlorodehydromethyltestosterone-turinabol\/#primaryimage"},"thumbnailUrl":"https:\/\/asteralabs.org\/wp-content\/uploads\/2023\/01\/Turinabol-mockup-nbg.png","datePublished":"2023-01-10T23:01:27+00:00","dateModified":"2026-01-16T08:24:57+00:00","breadcrumb":{"@id":"https:\/\/asteralabs.org\/fr\/product\/chlorodehydromethyltestosterone-turinabol\/#breadcrumb"},"inLanguage":"fr-FR","potentialAction":[{"@type":"ReadAction","target":["https:\/\/asteralabs.org\/fr\/product\/chlorodehydromethyltestosterone-turinabol\/"]}]},{"@type":"ImageObject","inLanguage":"fr-FR","@id":"https:\/\/asteralabs.org\/fr\/product\/chlorodehydromethyltestosterone-turinabol\/#primaryimage","url":"https:\/\/asteralabs.org\/wp-content\/uploads\/2023\/01\/Turinabol-mockup-nbg.png","contentUrl":"https:\/\/asteralabs.org\/wp-content\/uploads\/2023\/01\/Turinabol-mockup-nbg.png","width":2000,"height":2000},{"@type":"BreadcrumbList","@id":"https:\/\/asteralabs.org\/fr\/product\/chlorodehydromethyltestosterone-turinabol\/#breadcrumb","itemListElement":[{"@type":"ListItem","position":1,"name":"Home","item":"https:\/\/asteralabs.org\/fr\/"},{"@type":"ListItem","position":2,"name":"Boutique","item":"https:\/\/asteralabs.org\/fr\/boutique\/"},{"@type":"ListItem","position":3,"name":"Chlorod\u00e9hydrom\u00e9thyltestost\u00e9rone (Turinabol)"}]},{"@type":"WebSite","@id":"https:\/\/asteralabs.org\/fr\/#website","url":"https:\/\/asteralabs.org\/fr\/","name":"Astera Labs","description":"Improve Your Quality Of Life","publisher":{"@id":"https:\/\/asteralabs.org\/fr\/#organization"},"potentialAction":[{"@type":"SearchAction","target":{"@type":"EntryPoint","urlTemplate":"https:\/\/asteralabs.org\/fr\/?s={search_term_string}"},"query-input":{"@type":"PropertyValueSpecification","valueRequired":true,"valueName":"search_term_string"}}],"inLanguage":"fr-FR"},{"@type":"Organization","@id":"https:\/\/asteralabs.org\/fr\/#organization","name":"Astera Labs","url":"https:\/\/asteralabs.org\/fr\/","logo":{"@type":"ImageObject","inLanguage":"fr-FR","@id":"https:\/\/asteralabs.org\/fr\/#\/schema\/logo\/image\/","url":"https:\/\/asteralabs.org\/wp-content\/uploads\/2022\/12\/astera-2.png","contentUrl":"https:\/\/asteralabs.org\/wp-content\/uploads\/2022\/12\/astera-2.png","width":437,"height":111,"caption":"Astera Labs"},"image":{"@id":"https:\/\/asteralabs.org\/fr\/#\/schema\/logo\/image\/"}}]}},"_links":{"self":[{"href":"https:\/\/asteralabs.org\/fr\/wp-json\/wp\/v2\/product\/78142","targetHints":{"allow":["GET"]}}],"collection":[{"href":"https:\/\/asteralabs.org\/fr\/wp-json\/wp\/v2\/product"}],"about":[{"href":"https:\/\/asteralabs.org\/fr\/wp-json\/wp\/v2\/types\/product"}],"replies":[{"embeddable":true,"href":"https:\/\/asteralabs.org\/fr\/wp-json\/wp\/v2\/comments?post=78142"}],"version-history":[{"count":0,"href":"https:\/\/asteralabs.org\/fr\/wp-json\/wp\/v2\/product\/78142\/revisions"}],"wp:featuredmedia":[{"embeddable":true,"href":"https:\/\/asteralabs.org\/fr\/wp-json\/wp\/v2\/media\/76361"}],"wp:attachment":[{"href":"https:\/\/asteralabs.org\/fr\/wp-json\/wp\/v2\/media?parent=78142"}],"wp:term":[{"taxonomy":"product_brand","embeddable":true,"href":"https:\/\/asteralabs.org\/fr\/wp-json\/wp\/v2\/product_brand?post=78142"},{"taxonomy":"product_cat","embeddable":true,"href":"https:\/\/asteralabs.org\/fr\/wp-json\/wp\/v2\/product_cat?post=78142"},{"taxonomy":"product_tag","embeddable":true,"href":"https:\/\/asteralabs.org\/fr\/wp-json\/wp\/v2\/product_tag?post=78142"}],"curies":[{"name":"wp","href":"https:\/\/api.w.org\/{rel}","templated":true}]}}