{"id":78147,"date":"2023-01-10T23:00:06","date_gmt":"2023-01-10T23:00:06","guid":{"rendered":"https:\/\/asteralabs.org\/product\/clenbuterol-hcl\/"},"modified":"2026-01-16T08:32:15","modified_gmt":"2026-01-16T08:32:15","slug":"clenbuterol-hcl","status":"publish","type":"product","link":"https:\/\/asteralabs.org\/fr\/product\/clenbuterol-hcl\/","title":{"rendered":"Clenbut\u00e9rol HCL"},"content":{"rendered":"<p><strong>POSOLOGIE : <\/strong><br \/>\nClenbut\u00e9rol HCL 40 mcg\/comprim\u00e9<\/p>\n<p><strong>CONTENU DU PAQUET : <\/strong><br \/>\n1 sachet, 100 comprim\u00e9s, 40mcg par comprim\u00e9<\/p>\n<p><strong>QU&#8217;EST-CE QUE C&#8217;EST : <\/strong><br \/>\nLe clenbut\u00e9rol est une amine sympathomim\u00e9tique utilis\u00e9e par les personnes souffrant de troubles respiratoires comme d\u00e9congestionnant et bronchodilatateur. En ce qui concerne l&#8217;utilisation du clenbut\u00e9rol par les athl\u00e8tes de force et les culturistes, sa fonction d&#8217;agoniste b\u00eata-2 peut contribuer \u00e0 augmenter la lipolyse. Cela se fait par le biais d&#8217;une augmentation du m\u00e9tabolisme de base, ainsi que d&#8217;une augmentation de la production de chaleur dans les mitochondries, ce qui permet d&#8217;augmenter la temp\u00e9rature corporelle et donc d&#8217;accro\u00eetre la thermogen\u00e8se. En outre, il a \u00e9t\u00e9 d\u00e9montr\u00e9 que le clenbut\u00e9rol est capable de stimuler directement les cellules graisseuses et d&#8217;acc\u00e9l\u00e9rer la d\u00e9composition des triglyc\u00e9rides, formant ainsi des acides gras libres.<\/p>\n<p><strong>MODE D&#8217;EMPLOI : <\/strong><br \/>\nBien que le clenbut\u00e9rol ait une demi-vie tr\u00e8s longue, il est recommand\u00e9 de diviser la dose en trois prises espac\u00e9es dans la journ\u00e9e. La dose initiale est g\u00e9n\u00e9ralement de 20 mcg, il est conseill\u00e9 d&#8217;augmenter la dose petit \u00e0 petit chaque fois qu&#8217;il cesse d&#8217;exercer son effet (il est conseill\u00e9 de rechercher un mod\u00e8le de cycle pyramidal de clenbut\u00e9rol). Pour \u00e9viter les effets secondaires ind\u00e9sirables tels que la tachycardie ou le remodelage cardiaque, il est conseill\u00e9 de l&#8217;associer \u00e0 de faibles doses de N\u00e9bivolol.<\/p>\n<p><strong>INFORMATIONS SUR LES LOTS :<br \/>\n<\/strong>Num\u00e9ro de lot : <span data-sheets-root=\"1\" data-sheets-value=\"{&quot;1&quot;:2,&quot;2&quot;:&quot;DI28036&quot;}\" data-sheets-userformat=\"{&quot;2&quot;:4224,&quot;10&quot;:2,&quot;15&quot;:&quot;Arial&quot;}\">AD21833<\/span><br \/>\nDate de fabrication : <span data-sheets-root=\"1\" data-sheets-value=\"{\" data-sheets-userformat=\"{\">10.2025.<\/span><br \/>\nDate d&#8217;expiration : <span data-sheets-root=\"1\" data-sheets-value=\"{\" data-sheets-userformat=\"{\">10.2028.<\/span><\/p>\n","protected":false},"excerpt":{"rendered":"<p>POSOLOGIE : Clenbut\u00e9rol HCL 40 mcg\/comprim\u00e9 CONTENU DU PAQUET : 1 sachet, 100 comprim\u00e9s, 40mcg par comprim\u00e9 QU&#8217;EST-CE QUE C&#8217;EST : Le clenbut\u00e9rol est une amine sympathomim\u00e9tique utilis\u00e9e par les personnes souffrant de troubles respiratoires comme d\u00e9congestionnant et bronchodilatateur. En ce qui concerne l&#8217;utilisation du clenbut\u00e9rol par les athl\u00e8tes de force et les culturistes, sa&hellip;<\/p>\n","protected":false},"featured_media":76225,"comment_status":"open","ping_status":"closed","template":"","meta":[],"product_cat":[161,178],"product_tag":[],"yoast_head":"<!-- This site is optimized with the Yoast SEO plugin v23.0 - https:\/\/yoast.com\/wordpress\/plugins\/seo\/ -->\n<title>Clenbut\u00e9rol HCL - Astera Labs<\/title>\n<meta name=\"robots\" content=\"index, follow, max-snippet:-1, max-image-preview:large, max-video-preview:-1\" \/>\n<link rel=\"canonical\" href=\"https:\/\/asteralabs.org\/fr\/product\/clenbuterol-hcl\/\" \/>\n<meta property=\"og:locale\" content=\"fr_FR\" \/>\n<meta property=\"og:type\" content=\"article\" \/>\n<meta property=\"og:title\" content=\"Clenbut\u00e9rol HCL - Astera Labs\" \/>\n<meta property=\"og:description\" content=\"POSOLOGIE : Clenbut\u00e9rol HCL 40 mcg\/comprim\u00e9 CONTENU DU PAQUET : 1 sachet, 100 comprim\u00e9s, 40mcg par comprim\u00e9 QU&#8217;EST-CE QUE C&#8217;EST : Le clenbut\u00e9rol est une amine sympathomim\u00e9tique utilis\u00e9e par les personnes souffrant de troubles respiratoires comme d\u00e9congestionnant et bronchodilatateur. En ce qui concerne l&#8217;utilisation du clenbut\u00e9rol par les athl\u00e8tes de force et les culturistes, sa&hellip;\" \/>\n<meta property=\"og:url\" content=\"https:\/\/asteralabs.org\/fr\/product\/clenbuterol-hcl\/\" \/>\n<meta property=\"og:site_name\" content=\"Astera Labs\" \/>\n<meta property=\"article:modified_time\" content=\"2026-01-16T08:32:15+00:00\" \/>\n<meta property=\"og:image\" content=\"https:\/\/asteralabs.org\/wp-content\/uploads\/2023\/01\/Clenbuterol-HCL-mockup-nbg.png\" \/>\n\t<meta property=\"og:image:width\" content=\"2000\" \/>\n\t<meta property=\"og:image:height\" content=\"2000\" \/>\n\t<meta property=\"og:image:type\" content=\"image\/png\" \/>\n<meta name=\"twitter:card\" content=\"summary_large_image\" \/>\n<script type=\"application\/ld+json\" class=\"yoast-schema-graph\">{\"@context\":\"https:\/\/schema.org\",\"@graph\":[{\"@type\":\"WebPage\",\"@id\":\"https:\/\/asteralabs.org\/fr\/product\/clenbuterol-hcl\/\",\"url\":\"https:\/\/asteralabs.org\/fr\/product\/clenbuterol-hcl\/\",\"name\":\"Clenbut\u00e9rol HCL - Astera Labs\",\"isPartOf\":{\"@id\":\"https:\/\/asteralabs.org\/fr\/#website\"},\"primaryImageOfPage\":{\"@id\":\"https:\/\/asteralabs.org\/fr\/product\/clenbuterol-hcl\/#primaryimage\"},\"image\":{\"@id\":\"https:\/\/asteralabs.org\/fr\/product\/clenbuterol-hcl\/#primaryimage\"},\"thumbnailUrl\":\"https:\/\/asteralabs.org\/wp-content\/uploads\/2023\/01\/Clenbuterol-HCL-mockup-nbg.png\",\"datePublished\":\"2023-01-10T23:00:06+00:00\",\"dateModified\":\"2026-01-16T08:32:15+00:00\",\"breadcrumb\":{\"@id\":\"https:\/\/asteralabs.org\/fr\/product\/clenbuterol-hcl\/#breadcrumb\"},\"inLanguage\":\"fr-FR\",\"potentialAction\":[{\"@type\":\"ReadAction\",\"target\":[\"https:\/\/asteralabs.org\/fr\/product\/clenbuterol-hcl\/\"]}]},{\"@type\":\"ImageObject\",\"inLanguage\":\"fr-FR\",\"@id\":\"https:\/\/asteralabs.org\/fr\/product\/clenbuterol-hcl\/#primaryimage\",\"url\":\"https:\/\/asteralabs.org\/wp-content\/uploads\/2023\/01\/Clenbuterol-HCL-mockup-nbg.png\",\"contentUrl\":\"https:\/\/asteralabs.org\/wp-content\/uploads\/2023\/01\/Clenbuterol-HCL-mockup-nbg.png\",\"width\":2000,\"height\":2000},{\"@type\":\"BreadcrumbList\",\"@id\":\"https:\/\/asteralabs.org\/fr\/product\/clenbuterol-hcl\/#breadcrumb\",\"itemListElement\":[{\"@type\":\"ListItem\",\"position\":1,\"name\":\"Home\",\"item\":\"https:\/\/asteralabs.org\/fr\/\"},{\"@type\":\"ListItem\",\"position\":2,\"name\":\"Boutique\",\"item\":\"https:\/\/asteralabs.org\/boutique\/\"},{\"@type\":\"ListItem\",\"position\":3,\"name\":\"Clenbut\u00e9rol HCL\"}]},{\"@type\":\"WebSite\",\"@id\":\"https:\/\/asteralabs.org\/fr\/#website\",\"url\":\"https:\/\/asteralabs.org\/fr\/\",\"name\":\"Astera Labs\",\"description\":\"Improve Your Quality Of Life\",\"publisher\":{\"@id\":\"https:\/\/asteralabs.org\/fr\/#organization\"},\"potentialAction\":[{\"@type\":\"SearchAction\",\"target\":{\"@type\":\"EntryPoint\",\"urlTemplate\":\"https:\/\/asteralabs.org\/fr\/?s={search_term_string}\"},\"query-input\":\"required name=search_term_string\"}],\"inLanguage\":\"fr-FR\"},{\"@type\":\"Organization\",\"@id\":\"https:\/\/asteralabs.org\/fr\/#organization\",\"name\":\"Astera Labs\",\"url\":\"https:\/\/asteralabs.org\/fr\/\",\"logo\":{\"@type\":\"ImageObject\",\"inLanguage\":\"fr-FR\",\"@id\":\"https:\/\/asteralabs.org\/fr\/#\/schema\/logo\/image\/\",\"url\":\"https:\/\/asteralabs.org\/wp-content\/uploads\/2022\/12\/astera-2.png\",\"contentUrl\":\"https:\/\/asteralabs.org\/wp-content\/uploads\/2022\/12\/astera-2.png\",\"width\":437,\"height\":111,\"caption\":\"Astera Labs\"},\"image\":{\"@id\":\"https:\/\/asteralabs.org\/fr\/#\/schema\/logo\/image\/\"}}]}<\/script>\n<!-- \/ Yoast SEO plugin. -->","yoast_head_json":{"title":"Clenbut\u00e9rol HCL - Astera Labs","robots":{"index":"index","follow":"follow","max-snippet":"max-snippet:-1","max-image-preview":"max-image-preview:large","max-video-preview":"max-video-preview:-1"},"canonical":"https:\/\/asteralabs.org\/fr\/product\/clenbuterol-hcl\/","og_locale":"fr_FR","og_type":"article","og_title":"Clenbut\u00e9rol HCL - Astera Labs","og_description":"POSOLOGIE : Clenbut\u00e9rol HCL 40 mcg\/comprim\u00e9 CONTENU DU PAQUET : 1 sachet, 100 comprim\u00e9s, 40mcg par comprim\u00e9 QU&#8217;EST-CE QUE C&#8217;EST : Le clenbut\u00e9rol est une amine sympathomim\u00e9tique utilis\u00e9e par les personnes souffrant de troubles respiratoires comme d\u00e9congestionnant et bronchodilatateur. En ce qui concerne l&#8217;utilisation du clenbut\u00e9rol par les athl\u00e8tes de force et les culturistes, sa&hellip;","og_url":"https:\/\/asteralabs.org\/fr\/product\/clenbuterol-hcl\/","og_site_name":"Astera Labs","article_modified_time":"2026-01-16T08:32:15+00:00","og_image":[{"width":2000,"height":2000,"url":"https:\/\/asteralabs.org\/wp-content\/uploads\/2023\/01\/Clenbuterol-HCL-mockup-nbg.png","type":"image\/png"}],"twitter_card":"summary_large_image","schema":{"@context":"https:\/\/schema.org","@graph":[{"@type":"WebPage","@id":"https:\/\/asteralabs.org\/fr\/product\/clenbuterol-hcl\/","url":"https:\/\/asteralabs.org\/fr\/product\/clenbuterol-hcl\/","name":"Clenbut\u00e9rol HCL - Astera Labs","isPartOf":{"@id":"https:\/\/asteralabs.org\/fr\/#website"},"primaryImageOfPage":{"@id":"https:\/\/asteralabs.org\/fr\/product\/clenbuterol-hcl\/#primaryimage"},"image":{"@id":"https:\/\/asteralabs.org\/fr\/product\/clenbuterol-hcl\/#primaryimage"},"thumbnailUrl":"https:\/\/asteralabs.org\/wp-content\/uploads\/2023\/01\/Clenbuterol-HCL-mockup-nbg.png","datePublished":"2023-01-10T23:00:06+00:00","dateModified":"2026-01-16T08:32:15+00:00","breadcrumb":{"@id":"https:\/\/asteralabs.org\/fr\/product\/clenbuterol-hcl\/#breadcrumb"},"inLanguage":"fr-FR","potentialAction":[{"@type":"ReadAction","target":["https:\/\/asteralabs.org\/fr\/product\/clenbuterol-hcl\/"]}]},{"@type":"ImageObject","inLanguage":"fr-FR","@id":"https:\/\/asteralabs.org\/fr\/product\/clenbuterol-hcl\/#primaryimage","url":"https:\/\/asteralabs.org\/wp-content\/uploads\/2023\/01\/Clenbuterol-HCL-mockup-nbg.png","contentUrl":"https:\/\/asteralabs.org\/wp-content\/uploads\/2023\/01\/Clenbuterol-HCL-mockup-nbg.png","width":2000,"height":2000},{"@type":"BreadcrumbList","@id":"https:\/\/asteralabs.org\/fr\/product\/clenbuterol-hcl\/#breadcrumb","itemListElement":[{"@type":"ListItem","position":1,"name":"Home","item":"https:\/\/asteralabs.org\/fr\/"},{"@type":"ListItem","position":2,"name":"Boutique","item":"https:\/\/asteralabs.org\/boutique\/"},{"@type":"ListItem","position":3,"name":"Clenbut\u00e9rol HCL"}]},{"@type":"WebSite","@id":"https:\/\/asteralabs.org\/fr\/#website","url":"https:\/\/asteralabs.org\/fr\/","name":"Astera Labs","description":"Improve Your Quality Of Life","publisher":{"@id":"https:\/\/asteralabs.org\/fr\/#organization"},"potentialAction":[{"@type":"SearchAction","target":{"@type":"EntryPoint","urlTemplate":"https:\/\/asteralabs.org\/fr\/?s={search_term_string}"},"query-input":"required name=search_term_string"}],"inLanguage":"fr-FR"},{"@type":"Organization","@id":"https:\/\/asteralabs.org\/fr\/#organization","name":"Astera Labs","url":"https:\/\/asteralabs.org\/fr\/","logo":{"@type":"ImageObject","inLanguage":"fr-FR","@id":"https:\/\/asteralabs.org\/fr\/#\/schema\/logo\/image\/","url":"https:\/\/asteralabs.org\/wp-content\/uploads\/2022\/12\/astera-2.png","contentUrl":"https:\/\/asteralabs.org\/wp-content\/uploads\/2022\/12\/astera-2.png","width":437,"height":111,"caption":"Astera Labs"},"image":{"@id":"https:\/\/asteralabs.org\/fr\/#\/schema\/logo\/image\/"}}]}},"_links":{"self":[{"href":"https:\/\/asteralabs.org\/fr\/wp-json\/wp\/v2\/product\/78147"}],"collection":[{"href":"https:\/\/asteralabs.org\/fr\/wp-json\/wp\/v2\/product"}],"about":[{"href":"https:\/\/asteralabs.org\/fr\/wp-json\/wp\/v2\/types\/product"}],"replies":[{"embeddable":true,"href":"https:\/\/asteralabs.org\/fr\/wp-json\/wp\/v2\/comments?post=78147"}],"version-history":[{"count":1,"href":"https:\/\/asteralabs.org\/fr\/wp-json\/wp\/v2\/product\/78147\/revisions"}],"predecessor-version":[{"id":78754,"href":"https:\/\/asteralabs.org\/fr\/wp-json\/wp\/v2\/product\/78147\/revisions\/78754"}],"wp:featuredmedia":[{"embeddable":true,"href":"https:\/\/asteralabs.org\/fr\/wp-json\/wp\/v2\/media\/76225"}],"wp:attachment":[{"href":"https:\/\/asteralabs.org\/fr\/wp-json\/wp\/v2\/media?parent=78147"}],"wp:term":[{"taxonomy":"product_cat","embeddable":true,"href":"https:\/\/asteralabs.org\/fr\/wp-json\/wp\/v2\/product_cat?post=78147"},{"taxonomy":"product_tag","embeddable":true,"href":"https:\/\/asteralabs.org\/fr\/wp-json\/wp\/v2\/product_tag?post=78147"}],"curies":[{"name":"wp","href":"https:\/\/api.w.org\/{rel}","templated":true}]}}