{"id":78154,"date":"2023-01-10T22:58:54","date_gmt":"2023-01-10T22:58:54","guid":{"rendered":"https:\/\/asteralabs.org\/product\/methyltrenbolone\/"},"modified":"2026-01-16T10:15:18","modified_gmt":"2026-01-16T10:15:18","slug":"methyltrenbolone","status":"publish","type":"product","link":"https:\/\/asteralabs.org\/fr\/product\/methyltrenbolone\/","title":{"rendered":"M\u00e9thyltrenbolone"},"content":{"rendered":"<p><strong>POSOLOGIE : <\/strong><br \/>\nM\u00e9thyltrenbolone 1mg\/comprim\u00e9 <strong>CONTENU DE L&#8217;EMBALLAGE : <\/strong><br \/>\n1 sachet, 50 comprim\u00e9s, 1mg par comprim\u00e9 <strong>QU&#8217;EST-CE QUE C&#8217;EST : <\/strong><br \/>\nLa m\u00e9tribolone est un st\u00e9ro\u00efde anabolisant-androg\u00e8ne (SAA) synth\u00e9tique et actif par voie orale et un d\u00e9riv\u00e9 17\u03b1-alkyl\u00e9 de la nandrolone (19-nortestost\u00e9rone). C&#8217;est l&#8217;un des st\u00e9ro\u00efdes les plus puissants et les plus toxiques qui existent. Les changements en termes de force et d&#8217;esth\u00e9tique observ\u00e9s lors de son utilisation sont impressionnants. <strong>MODE D&#8217;EMPLOI : <\/strong><br \/>\nLes doses quotidiennes varient entre 500 et 1000 mcg divis\u00e9s en 2 doses, bien que la plupart des utilisateurs l&#8217;utilisent quelques heures avant l&#8217;entra\u00eenement. Il n&#8217;est pas recommand\u00e9 de l&#8217;utiliser pendant plus de 2 semaines d&#8217;affil\u00e9e, il est obligatoire d&#8217;utiliser un protecteur h\u00e9patique comme le TUDCA, pour \u00e9viter les effets secondaires psychologiques, il est conseill\u00e9 d&#8217;utiliser SAME car il est tr\u00e8s utile au niveau h\u00e9patique et \u00e9motionnel. <strong>INFORMATIONS SUR LES LOTS :<br \/>\n<\/strong>Num\u00e9ro de lot : <span data-sheets-root=\"1\" data-sheets-value=\"{\" data-sheets-userformat=\"{\">RM67280<\/span><br \/>\nDate de fabrication : <span data-sheets-root=\"1\" data-sheets-value=\"{\" data-sheets-userformat=\"{\">10.2025.<\/span><br \/>\nDate d&#8217;expiration : <span data-sheets-root=\"1\" data-sheets-value=\"{\" data-sheets-userformat=\"{\">10.2028.<\/span><\/p>\n","protected":false},"excerpt":{"rendered":"<p>POSOLOGIE : M\u00e9thyltrenbolone 1mg\/comprim\u00e9 CONTENU DE L&#8217;EMBALLAGE : 1 sachet, 50 comprim\u00e9s, 1mg par comprim\u00e9 QU&#8217;EST-CE QUE C&#8217;EST : La m\u00e9tribolone est un st\u00e9ro\u00efde anabolisant-androg\u00e8ne (SAA) synth\u00e9tique et actif par voie orale et un d\u00e9riv\u00e9 17\u03b1-alkyl\u00e9 de la nandrolone (19-nortestost\u00e9rone). C&#8217;est l&#8217;un des st\u00e9ro\u00efdes les plus puissants et les plus toxiques qui existent. Les changements&hellip;<\/p>\n","protected":false},"featured_media":76305,"comment_status":"open","ping_status":"closed","template":"","meta":[],"product_cat":[161,178],"product_tag":[],"yoast_head":"<!-- This site is optimized with the Yoast SEO plugin v23.0 - https:\/\/yoast.com\/wordpress\/plugins\/seo\/ -->\n<title>M\u00e9thyltrenbolone - Astera Labs<\/title>\n<meta name=\"robots\" content=\"index, follow, max-snippet:-1, max-image-preview:large, max-video-preview:-1\" \/>\n<link rel=\"canonical\" href=\"https:\/\/asteralabs.org\/fr\/product\/methyltrenbolone\/\" \/>\n<meta property=\"og:locale\" content=\"fr_FR\" \/>\n<meta property=\"og:type\" content=\"article\" \/>\n<meta property=\"og:title\" content=\"M\u00e9thyltrenbolone - Astera Labs\" \/>\n<meta property=\"og:description\" content=\"POSOLOGIE : M\u00e9thyltrenbolone 1mg\/comprim\u00e9 CONTENU DE L&#8217;EMBALLAGE : 1 sachet, 50 comprim\u00e9s, 1mg par comprim\u00e9 QU&#8217;EST-CE QUE C&#8217;EST : La m\u00e9tribolone est un st\u00e9ro\u00efde anabolisant-androg\u00e8ne (SAA) synth\u00e9tique et actif par voie orale et un d\u00e9riv\u00e9 17\u03b1-alkyl\u00e9 de la nandrolone (19-nortestost\u00e9rone). C&#8217;est l&#8217;un des st\u00e9ro\u00efdes les plus puissants et les plus toxiques qui existent. Les changements&hellip;\" \/>\n<meta property=\"og:url\" content=\"https:\/\/asteralabs.org\/fr\/product\/methyltrenbolone\/\" \/>\n<meta property=\"og:site_name\" content=\"Astera Labs\" \/>\n<meta property=\"article:modified_time\" content=\"2026-01-16T10:15:18+00:00\" \/>\n<meta property=\"og:image\" content=\"https:\/\/asteralabs.org\/wp-content\/uploads\/2023\/01\/Methyltrenbolone-mockup-nbg.png\" \/>\n\t<meta property=\"og:image:width\" content=\"2000\" \/>\n\t<meta property=\"og:image:height\" content=\"2000\" \/>\n\t<meta property=\"og:image:type\" content=\"image\/png\" \/>\n<meta name=\"twitter:card\" content=\"summary_large_image\" \/>\n<script type=\"application\/ld+json\" class=\"yoast-schema-graph\">{\"@context\":\"https:\/\/schema.org\",\"@graph\":[{\"@type\":\"WebPage\",\"@id\":\"https:\/\/asteralabs.org\/fr\/product\/methyltrenbolone\/\",\"url\":\"https:\/\/asteralabs.org\/fr\/product\/methyltrenbolone\/\",\"name\":\"M\u00e9thyltrenbolone - Astera Labs\",\"isPartOf\":{\"@id\":\"https:\/\/asteralabs.org\/fr\/#website\"},\"primaryImageOfPage\":{\"@id\":\"https:\/\/asteralabs.org\/fr\/product\/methyltrenbolone\/#primaryimage\"},\"image\":{\"@id\":\"https:\/\/asteralabs.org\/fr\/product\/methyltrenbolone\/#primaryimage\"},\"thumbnailUrl\":\"https:\/\/asteralabs.org\/wp-content\/uploads\/2023\/01\/Methyltrenbolone-mockup-nbg.png\",\"datePublished\":\"2023-01-10T22:58:54+00:00\",\"dateModified\":\"2026-01-16T10:15:18+00:00\",\"breadcrumb\":{\"@id\":\"https:\/\/asteralabs.org\/fr\/product\/methyltrenbolone\/#breadcrumb\"},\"inLanguage\":\"fr-FR\",\"potentialAction\":[{\"@type\":\"ReadAction\",\"target\":[\"https:\/\/asteralabs.org\/fr\/product\/methyltrenbolone\/\"]}]},{\"@type\":\"ImageObject\",\"inLanguage\":\"fr-FR\",\"@id\":\"https:\/\/asteralabs.org\/fr\/product\/methyltrenbolone\/#primaryimage\",\"url\":\"https:\/\/asteralabs.org\/wp-content\/uploads\/2023\/01\/Methyltrenbolone-mockup-nbg.png\",\"contentUrl\":\"https:\/\/asteralabs.org\/wp-content\/uploads\/2023\/01\/Methyltrenbolone-mockup-nbg.png\",\"width\":2000,\"height\":2000},{\"@type\":\"BreadcrumbList\",\"@id\":\"https:\/\/asteralabs.org\/fr\/product\/methyltrenbolone\/#breadcrumb\",\"itemListElement\":[{\"@type\":\"ListItem\",\"position\":1,\"name\":\"Home\",\"item\":\"https:\/\/asteralabs.org\/fr\/\"},{\"@type\":\"ListItem\",\"position\":2,\"name\":\"Boutique\",\"item\":\"https:\/\/asteralabs.org\/boutique\/\"},{\"@type\":\"ListItem\",\"position\":3,\"name\":\"M\u00e9thyltrenbolone\"}]},{\"@type\":\"WebSite\",\"@id\":\"https:\/\/asteralabs.org\/fr\/#website\",\"url\":\"https:\/\/asteralabs.org\/fr\/\",\"name\":\"Astera Labs\",\"description\":\"Improve Your Quality Of Life\",\"publisher\":{\"@id\":\"https:\/\/asteralabs.org\/fr\/#organization\"},\"potentialAction\":[{\"@type\":\"SearchAction\",\"target\":{\"@type\":\"EntryPoint\",\"urlTemplate\":\"https:\/\/asteralabs.org\/fr\/?s={search_term_string}\"},\"query-input\":\"required name=search_term_string\"}],\"inLanguage\":\"fr-FR\"},{\"@type\":\"Organization\",\"@id\":\"https:\/\/asteralabs.org\/fr\/#organization\",\"name\":\"Astera Labs\",\"url\":\"https:\/\/asteralabs.org\/fr\/\",\"logo\":{\"@type\":\"ImageObject\",\"inLanguage\":\"fr-FR\",\"@id\":\"https:\/\/asteralabs.org\/fr\/#\/schema\/logo\/image\/\",\"url\":\"https:\/\/asteralabs.org\/wp-content\/uploads\/2022\/12\/astera-2.png\",\"contentUrl\":\"https:\/\/asteralabs.org\/wp-content\/uploads\/2022\/12\/astera-2.png\",\"width\":437,\"height\":111,\"caption\":\"Astera Labs\"},\"image\":{\"@id\":\"https:\/\/asteralabs.org\/fr\/#\/schema\/logo\/image\/\"}}]}<\/script>\n<!-- \/ Yoast SEO plugin. -->","yoast_head_json":{"title":"M\u00e9thyltrenbolone - Astera Labs","robots":{"index":"index","follow":"follow","max-snippet":"max-snippet:-1","max-image-preview":"max-image-preview:large","max-video-preview":"max-video-preview:-1"},"canonical":"https:\/\/asteralabs.org\/fr\/product\/methyltrenbolone\/","og_locale":"fr_FR","og_type":"article","og_title":"M\u00e9thyltrenbolone - Astera Labs","og_description":"POSOLOGIE : M\u00e9thyltrenbolone 1mg\/comprim\u00e9 CONTENU DE L&#8217;EMBALLAGE : 1 sachet, 50 comprim\u00e9s, 1mg par comprim\u00e9 QU&#8217;EST-CE QUE C&#8217;EST : La m\u00e9tribolone est un st\u00e9ro\u00efde anabolisant-androg\u00e8ne (SAA) synth\u00e9tique et actif par voie orale et un d\u00e9riv\u00e9 17\u03b1-alkyl\u00e9 de la nandrolone (19-nortestost\u00e9rone). C&#8217;est l&#8217;un des st\u00e9ro\u00efdes les plus puissants et les plus toxiques qui existent. Les changements&hellip;","og_url":"https:\/\/asteralabs.org\/fr\/product\/methyltrenbolone\/","og_site_name":"Astera Labs","article_modified_time":"2026-01-16T10:15:18+00:00","og_image":[{"width":2000,"height":2000,"url":"https:\/\/asteralabs.org\/wp-content\/uploads\/2023\/01\/Methyltrenbolone-mockup-nbg.png","type":"image\/png"}],"twitter_card":"summary_large_image","schema":{"@context":"https:\/\/schema.org","@graph":[{"@type":"WebPage","@id":"https:\/\/asteralabs.org\/fr\/product\/methyltrenbolone\/","url":"https:\/\/asteralabs.org\/fr\/product\/methyltrenbolone\/","name":"M\u00e9thyltrenbolone - Astera Labs","isPartOf":{"@id":"https:\/\/asteralabs.org\/fr\/#website"},"primaryImageOfPage":{"@id":"https:\/\/asteralabs.org\/fr\/product\/methyltrenbolone\/#primaryimage"},"image":{"@id":"https:\/\/asteralabs.org\/fr\/product\/methyltrenbolone\/#primaryimage"},"thumbnailUrl":"https:\/\/asteralabs.org\/wp-content\/uploads\/2023\/01\/Methyltrenbolone-mockup-nbg.png","datePublished":"2023-01-10T22:58:54+00:00","dateModified":"2026-01-16T10:15:18+00:00","breadcrumb":{"@id":"https:\/\/asteralabs.org\/fr\/product\/methyltrenbolone\/#breadcrumb"},"inLanguage":"fr-FR","potentialAction":[{"@type":"ReadAction","target":["https:\/\/asteralabs.org\/fr\/product\/methyltrenbolone\/"]}]},{"@type":"ImageObject","inLanguage":"fr-FR","@id":"https:\/\/asteralabs.org\/fr\/product\/methyltrenbolone\/#primaryimage","url":"https:\/\/asteralabs.org\/wp-content\/uploads\/2023\/01\/Methyltrenbolone-mockup-nbg.png","contentUrl":"https:\/\/asteralabs.org\/wp-content\/uploads\/2023\/01\/Methyltrenbolone-mockup-nbg.png","width":2000,"height":2000},{"@type":"BreadcrumbList","@id":"https:\/\/asteralabs.org\/fr\/product\/methyltrenbolone\/#breadcrumb","itemListElement":[{"@type":"ListItem","position":1,"name":"Home","item":"https:\/\/asteralabs.org\/fr\/"},{"@type":"ListItem","position":2,"name":"Boutique","item":"https:\/\/asteralabs.org\/boutique\/"},{"@type":"ListItem","position":3,"name":"M\u00e9thyltrenbolone"}]},{"@type":"WebSite","@id":"https:\/\/asteralabs.org\/fr\/#website","url":"https:\/\/asteralabs.org\/fr\/","name":"Astera Labs","description":"Improve Your Quality Of Life","publisher":{"@id":"https:\/\/asteralabs.org\/fr\/#organization"},"potentialAction":[{"@type":"SearchAction","target":{"@type":"EntryPoint","urlTemplate":"https:\/\/asteralabs.org\/fr\/?s={search_term_string}"},"query-input":"required name=search_term_string"}],"inLanguage":"fr-FR"},{"@type":"Organization","@id":"https:\/\/asteralabs.org\/fr\/#organization","name":"Astera Labs","url":"https:\/\/asteralabs.org\/fr\/","logo":{"@type":"ImageObject","inLanguage":"fr-FR","@id":"https:\/\/asteralabs.org\/fr\/#\/schema\/logo\/image\/","url":"https:\/\/asteralabs.org\/wp-content\/uploads\/2022\/12\/astera-2.png","contentUrl":"https:\/\/asteralabs.org\/wp-content\/uploads\/2022\/12\/astera-2.png","width":437,"height":111,"caption":"Astera Labs"},"image":{"@id":"https:\/\/asteralabs.org\/fr\/#\/schema\/logo\/image\/"}}]}},"_links":{"self":[{"href":"https:\/\/asteralabs.org\/fr\/wp-json\/wp\/v2\/product\/78154"}],"collection":[{"href":"https:\/\/asteralabs.org\/fr\/wp-json\/wp\/v2\/product"}],"about":[{"href":"https:\/\/asteralabs.org\/fr\/wp-json\/wp\/v2\/types\/product"}],"replies":[{"embeddable":true,"href":"https:\/\/asteralabs.org\/fr\/wp-json\/wp\/v2\/comments?post=78154"}],"version-history":[{"count":0,"href":"https:\/\/asteralabs.org\/fr\/wp-json\/wp\/v2\/product\/78154\/revisions"}],"wp:featuredmedia":[{"embeddable":true,"href":"https:\/\/asteralabs.org\/fr\/wp-json\/wp\/v2\/media\/76305"}],"wp:attachment":[{"href":"https:\/\/asteralabs.org\/fr\/wp-json\/wp\/v2\/media?parent=78154"}],"wp:term":[{"taxonomy":"product_cat","embeddable":true,"href":"https:\/\/asteralabs.org\/fr\/wp-json\/wp\/v2\/product_cat?post=78154"},{"taxonomy":"product_tag","embeddable":true,"href":"https:\/\/asteralabs.org\/fr\/wp-json\/wp\/v2\/product_tag?post=78154"}],"curies":[{"name":"wp","href":"https:\/\/api.w.org\/{rel}","templated":true}]}}