{"id":78176,"date":"2023-01-10T22:55:43","date_gmt":"2023-01-10T22:55:43","guid":{"rendered":"https:\/\/asteralabs.org\/product\/methyl-1-testosterone\/"},"modified":"2026-01-16T09:51:58","modified_gmt":"2026-01-16T09:51:58","slug":"methyl-1-testosterone","status":"publish","type":"product","link":"https:\/\/asteralabs.org\/fr\/product\/methyl-1-testosterone\/","title":{"rendered":"M\u00e9thyl-1-Testost\u00e9rone"},"content":{"rendered":"<p><strong>POSOLOGIE : <\/strong><br \/>\nM\u00e9thyl-1-testost\u00e9rone 10mg\/comprim\u00e9 <strong>CONTENU DE L&#8217;EMBALLAGE : <\/strong><br \/>\n1 satchet, 50 comprim\u00e9s, 10mg par comprim\u00e9 <strong>QU&#8217;EST-CE QUE C&#8217;EST : <\/strong><br \/>\nIl s&#8217;agit d&#8217;un st\u00e9ro\u00efde anabolisant-androg\u00e8ne synth\u00e9tique et actif par voie orale qui n&#8217;a jamais \u00e9t\u00e9 commercialis\u00e9 pour un usage m\u00e9dical. Il s&#8217;agit du d\u00e9riv\u00e9 17\u03b1-m\u00e9thyl de la 1-testost\u00e9rone (\u03941-DHT ; dihydrobold\u00e9none). <strong>MODE D&#8217;EMPLOI : <\/strong><br \/>\nS&#8217;agissant d&#8217;un st\u00e9ro\u00efde qui n&#8217;a jamais eu d&#8217;usage th\u00e9rapeutique, les recommandations d&#8217;utilisation sont bas\u00e9es sur les exp\u00e9riences des utilisateurs qui l&#8217;ont utilis\u00e9, les doses varient de 10-30mg par jour, il a normalement \u00e9t\u00e9 pris quelques heures avant l&#8217;entra\u00eenement, il n&#8217;est pas recommand\u00e9 de d\u00e9passer 4 semaines d&#8217;utilisation. <strong>INFORMATIONS SUR LES LOTS :<br \/>\n<\/strong>Num\u00e9ro de lot : <span data-sheets-root=\"1\" data-sheets-value=\"{\" data-sheets-userformat=\"{\">YB46413<\/span><br \/>\nDate de fabrication : 10<span data-sheets-root=\"1\" data-sheets-value=\"{&quot;1&quot;:2,&quot;2&quot;:&quot;03.2023.&quot;}\" data-sheets-userformat=\"{&quot;2&quot;:577,&quot;3&quot;:{&quot;1&quot;:0},&quot;9&quot;:0,&quot;12&quot;:0}\">.2025.<\/span><br \/>\nDate d&#8217;expiration : <span data-sheets-root=\"1\" data-sheets-value=\"{\" data-sheets-userformat=\"{\">10.2028.<\/span><\/p>\n","protected":false},"excerpt":{"rendered":"<p>POSOLOGIE : M\u00e9thyl-1-testost\u00e9rone 10mg\/comprim\u00e9 CONTENU DE L&#8217;EMBALLAGE : 1 satchet, 50 comprim\u00e9s, 10mg par comprim\u00e9 QU&#8217;EST-CE QUE C&#8217;EST : Il s&#8217;agit d&#8217;un st\u00e9ro\u00efde anabolisant-androg\u00e8ne synth\u00e9tique et actif par voie orale qui n&#8217;a jamais \u00e9t\u00e9 commercialis\u00e9 pour un usage m\u00e9dical. Il s&#8217;agit du d\u00e9riv\u00e9 17\u03b1-m\u00e9thyl de la 1-testost\u00e9rone (\u03941-DHT ; dihydrobold\u00e9none). MODE D&#8217;EMPLOI : S&#8217;agissant d&#8217;un&hellip;<\/p>\n","protected":false},"featured_media":76289,"comment_status":"open","ping_status":"closed","template":"","meta":[],"product_cat":[161,178],"product_tag":[],"yoast_head":"<!-- This site is optimized with the Yoast SEO plugin v23.0 - https:\/\/yoast.com\/wordpress\/plugins\/seo\/ -->\n<title>M\u00e9thyl-1-Testost\u00e9rone - Astera Labs<\/title>\n<meta name=\"robots\" content=\"index, follow, max-snippet:-1, max-image-preview:large, max-video-preview:-1\" \/>\n<link rel=\"canonical\" href=\"https:\/\/asteralabs.org\/fr\/product\/methyl-1-testosterone\/\" \/>\n<meta property=\"og:locale\" content=\"fr_FR\" \/>\n<meta property=\"og:type\" content=\"article\" \/>\n<meta property=\"og:title\" content=\"M\u00e9thyl-1-Testost\u00e9rone - Astera Labs\" \/>\n<meta property=\"og:description\" content=\"POSOLOGIE : M\u00e9thyl-1-testost\u00e9rone 10mg\/comprim\u00e9 CONTENU DE L&#8217;EMBALLAGE : 1 satchet, 50 comprim\u00e9s, 10mg par comprim\u00e9 QU&#8217;EST-CE QUE C&#8217;EST : Il s&#8217;agit d&#8217;un st\u00e9ro\u00efde anabolisant-androg\u00e8ne synth\u00e9tique et actif par voie orale qui n&#8217;a jamais \u00e9t\u00e9 commercialis\u00e9 pour un usage m\u00e9dical. Il s&#8217;agit du d\u00e9riv\u00e9 17\u03b1-m\u00e9thyl de la 1-testost\u00e9rone (\u03941-DHT ; dihydrobold\u00e9none). MODE D&#8217;EMPLOI : S&#8217;agissant d&#8217;un&hellip;\" \/>\n<meta property=\"og:url\" content=\"https:\/\/asteralabs.org\/fr\/product\/methyl-1-testosterone\/\" \/>\n<meta property=\"og:site_name\" content=\"Astera Labs\" \/>\n<meta property=\"article:modified_time\" content=\"2026-01-16T09:51:58+00:00\" \/>\n<meta property=\"og:image\" content=\"https:\/\/asteralabs.org\/wp-content\/uploads\/2023\/01\/Methyl-1-testosterone-mockup-nbg.png\" \/>\n\t<meta property=\"og:image:width\" content=\"2000\" \/>\n\t<meta property=\"og:image:height\" content=\"2000\" \/>\n\t<meta property=\"og:image:type\" content=\"image\/png\" \/>\n<meta name=\"twitter:card\" content=\"summary_large_image\" \/>\n<script type=\"application\/ld+json\" class=\"yoast-schema-graph\">{\"@context\":\"https:\/\/schema.org\",\"@graph\":[{\"@type\":\"WebPage\",\"@id\":\"https:\/\/asteralabs.org\/fr\/product\/methyl-1-testosterone\/\",\"url\":\"https:\/\/asteralabs.org\/fr\/product\/methyl-1-testosterone\/\",\"name\":\"M\u00e9thyl-1-Testost\u00e9rone - Astera Labs\",\"isPartOf\":{\"@id\":\"https:\/\/asteralabs.org\/fr\/#website\"},\"primaryImageOfPage\":{\"@id\":\"https:\/\/asteralabs.org\/fr\/product\/methyl-1-testosterone\/#primaryimage\"},\"image\":{\"@id\":\"https:\/\/asteralabs.org\/fr\/product\/methyl-1-testosterone\/#primaryimage\"},\"thumbnailUrl\":\"https:\/\/asteralabs.org\/wp-content\/uploads\/2023\/01\/Methyl-1-testosterone-mockup-nbg.png\",\"datePublished\":\"2023-01-10T22:55:43+00:00\",\"dateModified\":\"2026-01-16T09:51:58+00:00\",\"breadcrumb\":{\"@id\":\"https:\/\/asteralabs.org\/fr\/product\/methyl-1-testosterone\/#breadcrumb\"},\"inLanguage\":\"fr-FR\",\"potentialAction\":[{\"@type\":\"ReadAction\",\"target\":[\"https:\/\/asteralabs.org\/fr\/product\/methyl-1-testosterone\/\"]}]},{\"@type\":\"ImageObject\",\"inLanguage\":\"fr-FR\",\"@id\":\"https:\/\/asteralabs.org\/fr\/product\/methyl-1-testosterone\/#primaryimage\",\"url\":\"https:\/\/asteralabs.org\/wp-content\/uploads\/2023\/01\/Methyl-1-testosterone-mockup-nbg.png\",\"contentUrl\":\"https:\/\/asteralabs.org\/wp-content\/uploads\/2023\/01\/Methyl-1-testosterone-mockup-nbg.png\",\"width\":2000,\"height\":2000},{\"@type\":\"BreadcrumbList\",\"@id\":\"https:\/\/asteralabs.org\/fr\/product\/methyl-1-testosterone\/#breadcrumb\",\"itemListElement\":[{\"@type\":\"ListItem\",\"position\":1,\"name\":\"Home\",\"item\":\"https:\/\/asteralabs.org\/fr\/\"},{\"@type\":\"ListItem\",\"position\":2,\"name\":\"Boutique\",\"item\":\"https:\/\/asteralabs.org\/boutique\/\"},{\"@type\":\"ListItem\",\"position\":3,\"name\":\"M\u00e9thyl-1-Testost\u00e9rone\"}]},{\"@type\":\"WebSite\",\"@id\":\"https:\/\/asteralabs.org\/fr\/#website\",\"url\":\"https:\/\/asteralabs.org\/fr\/\",\"name\":\"Astera Labs\",\"description\":\"Improve Your Quality Of Life\",\"publisher\":{\"@id\":\"https:\/\/asteralabs.org\/fr\/#organization\"},\"potentialAction\":[{\"@type\":\"SearchAction\",\"target\":{\"@type\":\"EntryPoint\",\"urlTemplate\":\"https:\/\/asteralabs.org\/fr\/?s={search_term_string}\"},\"query-input\":\"required name=search_term_string\"}],\"inLanguage\":\"fr-FR\"},{\"@type\":\"Organization\",\"@id\":\"https:\/\/asteralabs.org\/fr\/#organization\",\"name\":\"Astera Labs\",\"url\":\"https:\/\/asteralabs.org\/fr\/\",\"logo\":{\"@type\":\"ImageObject\",\"inLanguage\":\"fr-FR\",\"@id\":\"https:\/\/asteralabs.org\/fr\/#\/schema\/logo\/image\/\",\"url\":\"https:\/\/asteralabs.org\/wp-content\/uploads\/2022\/12\/astera-2.png\",\"contentUrl\":\"https:\/\/asteralabs.org\/wp-content\/uploads\/2022\/12\/astera-2.png\",\"width\":437,\"height\":111,\"caption\":\"Astera Labs\"},\"image\":{\"@id\":\"https:\/\/asteralabs.org\/fr\/#\/schema\/logo\/image\/\"}}]}<\/script>\n<!-- \/ Yoast SEO plugin. -->","yoast_head_json":{"title":"M\u00e9thyl-1-Testost\u00e9rone - Astera Labs","robots":{"index":"index","follow":"follow","max-snippet":"max-snippet:-1","max-image-preview":"max-image-preview:large","max-video-preview":"max-video-preview:-1"},"canonical":"https:\/\/asteralabs.org\/fr\/product\/methyl-1-testosterone\/","og_locale":"fr_FR","og_type":"article","og_title":"M\u00e9thyl-1-Testost\u00e9rone - Astera Labs","og_description":"POSOLOGIE : M\u00e9thyl-1-testost\u00e9rone 10mg\/comprim\u00e9 CONTENU DE L&#8217;EMBALLAGE : 1 satchet, 50 comprim\u00e9s, 10mg par comprim\u00e9 QU&#8217;EST-CE QUE C&#8217;EST : Il s&#8217;agit d&#8217;un st\u00e9ro\u00efde anabolisant-androg\u00e8ne synth\u00e9tique et actif par voie orale qui n&#8217;a jamais \u00e9t\u00e9 commercialis\u00e9 pour un usage m\u00e9dical. Il s&#8217;agit du d\u00e9riv\u00e9 17\u03b1-m\u00e9thyl de la 1-testost\u00e9rone (\u03941-DHT ; dihydrobold\u00e9none). MODE D&#8217;EMPLOI : S&#8217;agissant d&#8217;un&hellip;","og_url":"https:\/\/asteralabs.org\/fr\/product\/methyl-1-testosterone\/","og_site_name":"Astera Labs","article_modified_time":"2026-01-16T09:51:58+00:00","og_image":[{"width":2000,"height":2000,"url":"https:\/\/asteralabs.org\/wp-content\/uploads\/2023\/01\/Methyl-1-testosterone-mockup-nbg.png","type":"image\/png"}],"twitter_card":"summary_large_image","schema":{"@context":"https:\/\/schema.org","@graph":[{"@type":"WebPage","@id":"https:\/\/asteralabs.org\/fr\/product\/methyl-1-testosterone\/","url":"https:\/\/asteralabs.org\/fr\/product\/methyl-1-testosterone\/","name":"M\u00e9thyl-1-Testost\u00e9rone - Astera Labs","isPartOf":{"@id":"https:\/\/asteralabs.org\/fr\/#website"},"primaryImageOfPage":{"@id":"https:\/\/asteralabs.org\/fr\/product\/methyl-1-testosterone\/#primaryimage"},"image":{"@id":"https:\/\/asteralabs.org\/fr\/product\/methyl-1-testosterone\/#primaryimage"},"thumbnailUrl":"https:\/\/asteralabs.org\/wp-content\/uploads\/2023\/01\/Methyl-1-testosterone-mockup-nbg.png","datePublished":"2023-01-10T22:55:43+00:00","dateModified":"2026-01-16T09:51:58+00:00","breadcrumb":{"@id":"https:\/\/asteralabs.org\/fr\/product\/methyl-1-testosterone\/#breadcrumb"},"inLanguage":"fr-FR","potentialAction":[{"@type":"ReadAction","target":["https:\/\/asteralabs.org\/fr\/product\/methyl-1-testosterone\/"]}]},{"@type":"ImageObject","inLanguage":"fr-FR","@id":"https:\/\/asteralabs.org\/fr\/product\/methyl-1-testosterone\/#primaryimage","url":"https:\/\/asteralabs.org\/wp-content\/uploads\/2023\/01\/Methyl-1-testosterone-mockup-nbg.png","contentUrl":"https:\/\/asteralabs.org\/wp-content\/uploads\/2023\/01\/Methyl-1-testosterone-mockup-nbg.png","width":2000,"height":2000},{"@type":"BreadcrumbList","@id":"https:\/\/asteralabs.org\/fr\/product\/methyl-1-testosterone\/#breadcrumb","itemListElement":[{"@type":"ListItem","position":1,"name":"Home","item":"https:\/\/asteralabs.org\/fr\/"},{"@type":"ListItem","position":2,"name":"Boutique","item":"https:\/\/asteralabs.org\/boutique\/"},{"@type":"ListItem","position":3,"name":"M\u00e9thyl-1-Testost\u00e9rone"}]},{"@type":"WebSite","@id":"https:\/\/asteralabs.org\/fr\/#website","url":"https:\/\/asteralabs.org\/fr\/","name":"Astera Labs","description":"Improve Your Quality Of Life","publisher":{"@id":"https:\/\/asteralabs.org\/fr\/#organization"},"potentialAction":[{"@type":"SearchAction","target":{"@type":"EntryPoint","urlTemplate":"https:\/\/asteralabs.org\/fr\/?s={search_term_string}"},"query-input":"required name=search_term_string"}],"inLanguage":"fr-FR"},{"@type":"Organization","@id":"https:\/\/asteralabs.org\/fr\/#organization","name":"Astera Labs","url":"https:\/\/asteralabs.org\/fr\/","logo":{"@type":"ImageObject","inLanguage":"fr-FR","@id":"https:\/\/asteralabs.org\/fr\/#\/schema\/logo\/image\/","url":"https:\/\/asteralabs.org\/wp-content\/uploads\/2022\/12\/astera-2.png","contentUrl":"https:\/\/asteralabs.org\/wp-content\/uploads\/2022\/12\/astera-2.png","width":437,"height":111,"caption":"Astera Labs"},"image":{"@id":"https:\/\/asteralabs.org\/fr\/#\/schema\/logo\/image\/"}}]}},"_links":{"self":[{"href":"https:\/\/asteralabs.org\/fr\/wp-json\/wp\/v2\/product\/78176"}],"collection":[{"href":"https:\/\/asteralabs.org\/fr\/wp-json\/wp\/v2\/product"}],"about":[{"href":"https:\/\/asteralabs.org\/fr\/wp-json\/wp\/v2\/types\/product"}],"replies":[{"embeddable":true,"href":"https:\/\/asteralabs.org\/fr\/wp-json\/wp\/v2\/comments?post=78176"}],"version-history":[{"count":0,"href":"https:\/\/asteralabs.org\/fr\/wp-json\/wp\/v2\/product\/78176\/revisions"}],"wp:featuredmedia":[{"embeddable":true,"href":"https:\/\/asteralabs.org\/fr\/wp-json\/wp\/v2\/media\/76289"}],"wp:attachment":[{"href":"https:\/\/asteralabs.org\/fr\/wp-json\/wp\/v2\/media?parent=78176"}],"wp:term":[{"taxonomy":"product_cat","embeddable":true,"href":"https:\/\/asteralabs.org\/fr\/wp-json\/wp\/v2\/product_cat?post=78176"},{"taxonomy":"product_tag","embeddable":true,"href":"https:\/\/asteralabs.org\/fr\/wp-json\/wp\/v2\/product_tag?post=78176"}],"curies":[{"name":"wp","href":"https:\/\/api.w.org\/{rel}","templated":true}]}}