{"id":78182,"date":"2023-01-10T22:54:15","date_gmt":"2023-01-10T22:54:15","guid":{"rendered":"https:\/\/asteralabs.org\/product\/levothyroxine-sodique-t4\/"},"modified":"2026-01-16T09:29:35","modified_gmt":"2026-01-16T09:29:35","slug":"levothyroxine-sodique-t4","status":"publish","type":"product","link":"https:\/\/asteralabs.org\/fr\/product\/levothyroxine-sodique-t4\/","title":{"rendered":"L\u00e9vothyroxine sodique (T4)"},"content":{"rendered":"<p><strong>POSOLOGIE : <\/strong><br \/>\nL\u00e9vothyroxine sodique (T4) 50mcg\/comprim\u00e9 <strong>CONTENU DE <\/strong> L&#8217;<strong>EMBALLAGE <\/strong>:<br \/>\n1 sachet, 50 comprim\u00e9s, 50mcg par comprim\u00e9 <strong>QU&#8217;EST-CE QUE C&#8217;EST : <\/strong><br \/>\nLa thyroxine, \u00e9galement appel\u00e9e t\u00e9traiodothyronine (g\u00e9n\u00e9ralement abr\u00e9g\u00e9e T4), est le principal type d&#8217;hormone thyro\u00efdienne s\u00e9cr\u00e9t\u00e9e par les cellules folliculaires de la glande thyro\u00efdienne. Elle est utilis\u00e9e pour augmenter le m\u00e9tabolisme de base, ce qui favorise la perte de poids et de graisse. <strong>MODE D&#8217;EMPLOI : <\/strong><br \/>\nLa dose d&#8217;utilisation d\u00e9pend de l&#8217;usage que vous voulez en faire. Si vous voulez simplement l&#8217;utiliser pour \u00e9viter une certaine adaptation au niveau du m\u00e9tabolisme de base, limitez-vous \u00e0 utiliser la T4 \u00e0 une dose quotidienne comprise entre 12,5 et 50 mcg par jour. Si l&#8217;on veut l&#8217;utiliser pour augmenter significativement le m\u00e9tabolisme de base, la dose \u00e0 utiliser sera de 250 mcg par jour. La dose est prise une fois par jour \u00e0 jeun. <strong>INFORMATIONS SUR LES LOTS :<br \/>\n<\/strong>Num\u00e9ro de lot : <span data-sheets-root=\"1\" data-sheets-value=\"{\" data-sheets-userformat=\"{\">XE28298<\/span><br \/>\nDate de fabrication : <span data-sheets-root=\"1\" data-sheets-value=\"{\" data-sheets-userformat=\"{\">10.2025.<\/span><br \/>\nDate d&#8217;expiration : <span data-sheets-root=\"1\" data-sheets-value=\"{\" data-sheets-userformat=\"{\">10.2028.<\/span><\/p>\n","protected":false},"excerpt":{"rendered":"<p>POSOLOGIE : L\u00e9vothyroxine sodique (T4) 50mcg\/comprim\u00e9 CONTENU DE L&#8217;EMBALLAGE : 1 sachet, 50 comprim\u00e9s, 50mcg par comprim\u00e9 QU&#8217;EST-CE QUE C&#8217;EST : La thyroxine, \u00e9galement appel\u00e9e t\u00e9traiodothyronine (g\u00e9n\u00e9ralement abr\u00e9g\u00e9e T4), est le principal type d&#8217;hormone thyro\u00efdienne s\u00e9cr\u00e9t\u00e9e par les cellules folliculaires de la glande thyro\u00efdienne. Elle est utilis\u00e9e pour augmenter le m\u00e9tabolisme de base, ce qui&hellip;<\/p>\n","protected":false},"featured_media":76065,"comment_status":"open","ping_status":"closed","template":"","meta":{"_acf_changed":false},"product_brand":[],"product_cat":[161,178],"product_tag":[],"class_list":{"0":"post-78182","1":"product","2":"type-product","3":"status-publish","4":"has-post-thumbnail","6":"product_cat-all-fr","7":"product_cat-orals-fr","8":"description-off","10":"first","11":"instock","12":"shipping-taxable","13":"product-type-simple"},"acf":[],"yoast_head":"<!-- This site is optimized with the Yoast SEO plugin v27.4 - https:\/\/yoast.com\/product\/yoast-seo-wordpress\/ -->\n<title>L\u00e9vothyroxine sodique (T4) - Astera Labs<\/title>\n<meta name=\"robots\" content=\"index, follow, max-snippet:-1, max-image-preview:large, max-video-preview:-1\" \/>\n<link rel=\"canonical\" href=\"https:\/\/asteralabs.org\/fr\/product\/levothyroxine-sodique-t4\/\" \/>\n<meta property=\"og:locale\" content=\"fr_FR\" \/>\n<meta property=\"og:type\" content=\"article\" \/>\n<meta property=\"og:title\" content=\"L\u00e9vothyroxine sodique (T4) - Astera Labs\" \/>\n<meta property=\"og:description\" content=\"POSOLOGIE : L\u00e9vothyroxine sodique (T4) 50mcg\/comprim\u00e9 CONTENU DE L&#8217;EMBALLAGE : 1 sachet, 50 comprim\u00e9s, 50mcg par comprim\u00e9 QU&#8217;EST-CE QUE C&#8217;EST : La thyroxine, \u00e9galement appel\u00e9e t\u00e9traiodothyronine (g\u00e9n\u00e9ralement abr\u00e9g\u00e9e T4), est le principal type d&#8217;hormone thyro\u00efdienne s\u00e9cr\u00e9t\u00e9e par les cellules folliculaires de la glande thyro\u00efdienne. Elle est utilis\u00e9e pour augmenter le m\u00e9tabolisme de base, ce qui&hellip;\" \/>\n<meta property=\"og:url\" content=\"https:\/\/asteralabs.org\/fr\/product\/levothyroxine-sodique-t4\/\" \/>\n<meta property=\"og:site_name\" content=\"Astera Labs\" \/>\n<meta property=\"article:modified_time\" content=\"2026-01-16T09:29:35+00:00\" \/>\n<meta property=\"og:image\" content=\"https:\/\/asteralabs.org\/wp-content\/uploads\/2023\/01\/T4-mockup-nbg.png\" \/>\n\t<meta property=\"og:image:width\" content=\"2000\" \/>\n\t<meta property=\"og:image:height\" content=\"2000\" \/>\n\t<meta property=\"og:image:type\" content=\"image\/png\" \/>\n<meta name=\"twitter:card\" content=\"summary_large_image\" \/>\n<script type=\"application\/ld+json\" class=\"yoast-schema-graph\">{\"@context\":\"https:\\\/\\\/schema.org\",\"@graph\":[{\"@type\":\"WebPage\",\"@id\":\"https:\\\/\\\/asteralabs.org\\\/fr\\\/product\\\/levothyroxine-sodique-t4\\\/\",\"url\":\"https:\\\/\\\/asteralabs.org\\\/fr\\\/product\\\/levothyroxine-sodique-t4\\\/\",\"name\":\"L\u00e9vothyroxine sodique (T4) - Astera Labs\",\"isPartOf\":{\"@id\":\"https:\\\/\\\/asteralabs.org\\\/fr\\\/#website\"},\"primaryImageOfPage\":{\"@id\":\"https:\\\/\\\/asteralabs.org\\\/fr\\\/product\\\/levothyroxine-sodique-t4\\\/#primaryimage\"},\"image\":{\"@id\":\"https:\\\/\\\/asteralabs.org\\\/fr\\\/product\\\/levothyroxine-sodique-t4\\\/#primaryimage\"},\"thumbnailUrl\":\"https:\\\/\\\/asteralabs.org\\\/wp-content\\\/uploads\\\/2023\\\/01\\\/T4-mockup-nbg.png\",\"datePublished\":\"2023-01-10T22:54:15+00:00\",\"dateModified\":\"2026-01-16T09:29:35+00:00\",\"breadcrumb\":{\"@id\":\"https:\\\/\\\/asteralabs.org\\\/fr\\\/product\\\/levothyroxine-sodique-t4\\\/#breadcrumb\"},\"inLanguage\":\"fr-FR\",\"potentialAction\":[{\"@type\":\"ReadAction\",\"target\":[\"https:\\\/\\\/asteralabs.org\\\/fr\\\/product\\\/levothyroxine-sodique-t4\\\/\"]}]},{\"@type\":\"ImageObject\",\"inLanguage\":\"fr-FR\",\"@id\":\"https:\\\/\\\/asteralabs.org\\\/fr\\\/product\\\/levothyroxine-sodique-t4\\\/#primaryimage\",\"url\":\"https:\\\/\\\/asteralabs.org\\\/wp-content\\\/uploads\\\/2023\\\/01\\\/T4-mockup-nbg.png\",\"contentUrl\":\"https:\\\/\\\/asteralabs.org\\\/wp-content\\\/uploads\\\/2023\\\/01\\\/T4-mockup-nbg.png\",\"width\":2000,\"height\":2000},{\"@type\":\"BreadcrumbList\",\"@id\":\"https:\\\/\\\/asteralabs.org\\\/fr\\\/product\\\/levothyroxine-sodique-t4\\\/#breadcrumb\",\"itemListElement\":[{\"@type\":\"ListItem\",\"position\":1,\"name\":\"Home\",\"item\":\"https:\\\/\\\/asteralabs.org\\\/fr\\\/\"},{\"@type\":\"ListItem\",\"position\":2,\"name\":\"Boutique\",\"item\":\"https:\\\/\\\/asteralabs.org\\\/fr\\\/boutique\\\/\"},{\"@type\":\"ListItem\",\"position\":3,\"name\":\"L\u00e9vothyroxine sodique (T4)\"}]},{\"@type\":\"WebSite\",\"@id\":\"https:\\\/\\\/asteralabs.org\\\/fr\\\/#website\",\"url\":\"https:\\\/\\\/asteralabs.org\\\/fr\\\/\",\"name\":\"Astera Labs\",\"description\":\"Improve Your Quality Of Life\",\"publisher\":{\"@id\":\"https:\\\/\\\/asteralabs.org\\\/fr\\\/#organization\"},\"potentialAction\":[{\"@type\":\"SearchAction\",\"target\":{\"@type\":\"EntryPoint\",\"urlTemplate\":\"https:\\\/\\\/asteralabs.org\\\/fr\\\/?s={search_term_string}\"},\"query-input\":{\"@type\":\"PropertyValueSpecification\",\"valueRequired\":true,\"valueName\":\"search_term_string\"}}],\"inLanguage\":\"fr-FR\"},{\"@type\":\"Organization\",\"@id\":\"https:\\\/\\\/asteralabs.org\\\/fr\\\/#organization\",\"name\":\"Astera Labs\",\"url\":\"https:\\\/\\\/asteralabs.org\\\/fr\\\/\",\"logo\":{\"@type\":\"ImageObject\",\"inLanguage\":\"fr-FR\",\"@id\":\"https:\\\/\\\/asteralabs.org\\\/fr\\\/#\\\/schema\\\/logo\\\/image\\\/\",\"url\":\"https:\\\/\\\/asteralabs.org\\\/wp-content\\\/uploads\\\/2022\\\/12\\\/astera-2.png\",\"contentUrl\":\"https:\\\/\\\/asteralabs.org\\\/wp-content\\\/uploads\\\/2022\\\/12\\\/astera-2.png\",\"width\":437,\"height\":111,\"caption\":\"Astera Labs\"},\"image\":{\"@id\":\"https:\\\/\\\/asteralabs.org\\\/fr\\\/#\\\/schema\\\/logo\\\/image\\\/\"}}]}<\/script>\n<!-- \/ Yoast SEO plugin. -->","yoast_head_json":{"title":"L\u00e9vothyroxine sodique (T4) - Astera Labs","robots":{"index":"index","follow":"follow","max-snippet":"max-snippet:-1","max-image-preview":"max-image-preview:large","max-video-preview":"max-video-preview:-1"},"canonical":"https:\/\/asteralabs.org\/fr\/product\/levothyroxine-sodique-t4\/","og_locale":"fr_FR","og_type":"article","og_title":"L\u00e9vothyroxine sodique (T4) - Astera Labs","og_description":"POSOLOGIE : L\u00e9vothyroxine sodique (T4) 50mcg\/comprim\u00e9 CONTENU DE L&#8217;EMBALLAGE : 1 sachet, 50 comprim\u00e9s, 50mcg par comprim\u00e9 QU&#8217;EST-CE QUE C&#8217;EST : La thyroxine, \u00e9galement appel\u00e9e t\u00e9traiodothyronine (g\u00e9n\u00e9ralement abr\u00e9g\u00e9e T4), est le principal type d&#8217;hormone thyro\u00efdienne s\u00e9cr\u00e9t\u00e9e par les cellules folliculaires de la glande thyro\u00efdienne. Elle est utilis\u00e9e pour augmenter le m\u00e9tabolisme de base, ce qui&hellip;","og_url":"https:\/\/asteralabs.org\/fr\/product\/levothyroxine-sodique-t4\/","og_site_name":"Astera Labs","article_modified_time":"2026-01-16T09:29:35+00:00","og_image":[{"width":2000,"height":2000,"url":"https:\/\/asteralabs.org\/wp-content\/uploads\/2023\/01\/T4-mockup-nbg.png","type":"image\/png"}],"twitter_card":"summary_large_image","schema":{"@context":"https:\/\/schema.org","@graph":[{"@type":"WebPage","@id":"https:\/\/asteralabs.org\/fr\/product\/levothyroxine-sodique-t4\/","url":"https:\/\/asteralabs.org\/fr\/product\/levothyroxine-sodique-t4\/","name":"L\u00e9vothyroxine sodique (T4) - Astera Labs","isPartOf":{"@id":"https:\/\/asteralabs.org\/fr\/#website"},"primaryImageOfPage":{"@id":"https:\/\/asteralabs.org\/fr\/product\/levothyroxine-sodique-t4\/#primaryimage"},"image":{"@id":"https:\/\/asteralabs.org\/fr\/product\/levothyroxine-sodique-t4\/#primaryimage"},"thumbnailUrl":"https:\/\/asteralabs.org\/wp-content\/uploads\/2023\/01\/T4-mockup-nbg.png","datePublished":"2023-01-10T22:54:15+00:00","dateModified":"2026-01-16T09:29:35+00:00","breadcrumb":{"@id":"https:\/\/asteralabs.org\/fr\/product\/levothyroxine-sodique-t4\/#breadcrumb"},"inLanguage":"fr-FR","potentialAction":[{"@type":"ReadAction","target":["https:\/\/asteralabs.org\/fr\/product\/levothyroxine-sodique-t4\/"]}]},{"@type":"ImageObject","inLanguage":"fr-FR","@id":"https:\/\/asteralabs.org\/fr\/product\/levothyroxine-sodique-t4\/#primaryimage","url":"https:\/\/asteralabs.org\/wp-content\/uploads\/2023\/01\/T4-mockup-nbg.png","contentUrl":"https:\/\/asteralabs.org\/wp-content\/uploads\/2023\/01\/T4-mockup-nbg.png","width":2000,"height":2000},{"@type":"BreadcrumbList","@id":"https:\/\/asteralabs.org\/fr\/product\/levothyroxine-sodique-t4\/#breadcrumb","itemListElement":[{"@type":"ListItem","position":1,"name":"Home","item":"https:\/\/asteralabs.org\/fr\/"},{"@type":"ListItem","position":2,"name":"Boutique","item":"https:\/\/asteralabs.org\/fr\/boutique\/"},{"@type":"ListItem","position":3,"name":"L\u00e9vothyroxine sodique (T4)"}]},{"@type":"WebSite","@id":"https:\/\/asteralabs.org\/fr\/#website","url":"https:\/\/asteralabs.org\/fr\/","name":"Astera Labs","description":"Improve Your Quality Of Life","publisher":{"@id":"https:\/\/asteralabs.org\/fr\/#organization"},"potentialAction":[{"@type":"SearchAction","target":{"@type":"EntryPoint","urlTemplate":"https:\/\/asteralabs.org\/fr\/?s={search_term_string}"},"query-input":{"@type":"PropertyValueSpecification","valueRequired":true,"valueName":"search_term_string"}}],"inLanguage":"fr-FR"},{"@type":"Organization","@id":"https:\/\/asteralabs.org\/fr\/#organization","name":"Astera Labs","url":"https:\/\/asteralabs.org\/fr\/","logo":{"@type":"ImageObject","inLanguage":"fr-FR","@id":"https:\/\/asteralabs.org\/fr\/#\/schema\/logo\/image\/","url":"https:\/\/asteralabs.org\/wp-content\/uploads\/2022\/12\/astera-2.png","contentUrl":"https:\/\/asteralabs.org\/wp-content\/uploads\/2022\/12\/astera-2.png","width":437,"height":111,"caption":"Astera Labs"},"image":{"@id":"https:\/\/asteralabs.org\/fr\/#\/schema\/logo\/image\/"}}]}},"_links":{"self":[{"href":"https:\/\/asteralabs.org\/fr\/wp-json\/wp\/v2\/product\/78182","targetHints":{"allow":["GET"]}}],"collection":[{"href":"https:\/\/asteralabs.org\/fr\/wp-json\/wp\/v2\/product"}],"about":[{"href":"https:\/\/asteralabs.org\/fr\/wp-json\/wp\/v2\/types\/product"}],"replies":[{"embeddable":true,"href":"https:\/\/asteralabs.org\/fr\/wp-json\/wp\/v2\/comments?post=78182"}],"version-history":[{"count":0,"href":"https:\/\/asteralabs.org\/fr\/wp-json\/wp\/v2\/product\/78182\/revisions"}],"wp:featuredmedia":[{"embeddable":true,"href":"https:\/\/asteralabs.org\/fr\/wp-json\/wp\/v2\/media\/76065"}],"wp:attachment":[{"href":"https:\/\/asteralabs.org\/fr\/wp-json\/wp\/v2\/media?parent=78182"}],"wp:term":[{"taxonomy":"product_brand","embeddable":true,"href":"https:\/\/asteralabs.org\/fr\/wp-json\/wp\/v2\/product_brand?post=78182"},{"taxonomy":"product_cat","embeddable":true,"href":"https:\/\/asteralabs.org\/fr\/wp-json\/wp\/v2\/product_cat?post=78182"},{"taxonomy":"product_tag","embeddable":true,"href":"https:\/\/asteralabs.org\/fr\/wp-json\/wp\/v2\/product_tag?post=78182"}],"curies":[{"name":"wp","href":"https:\/\/api.w.org\/{rel}","templated":true}]}}