{"id":78188,"date":"2023-01-10T22:53:33","date_gmt":"2023-01-10T22:53:33","guid":{"rendered":"https:\/\/asteralabs.org\/product\/liothyronine-sodique-t3\/"},"modified":"2026-01-16T09:23:09","modified_gmt":"2026-01-16T09:23:09","slug":"liothyronine-sodique-t3","status":"publish","type":"product","link":"https:\/\/asteralabs.org\/fr\/product\/liothyronine-sodique-t3\/","title":{"rendered":"Liothyronine sodique (T3)"},"content":{"rendered":"<p><strong>POSOLOGIE : <\/strong><br \/>\nLiothyronine sodique (T3) 25mcg\/comprim\u00e9 <strong>CONTENU DU PAQUET : <\/strong><br \/>\n1 sachet, 50 comprim\u00e9s, 25mcg par comprim\u00e9 <strong>QU&#8217;EST-CE QUE C&#8217;EST : <\/strong><br \/>\nLa triiodothyronine, \u00e9galement connue sous le nom de T3, est une hormone thyro\u00efdienne. Elle affecte presque tous les processus physiologiques de l&#8217;organisme, y compris la croissance et le d\u00e9veloppement, le m\u00e9tabolisme, la temp\u00e9rature corporelle et le rythme cardiaque. Elle est utilis\u00e9e pour augmenter le m\u00e9tabolisme de base, ce qui favorise la perte de poids et de graisse. <strong>MODE D&#8217;EMPLOI : <\/strong><br \/>\nSi nous voulons l&#8217;utiliser pour augmenter de mani\u00e8re significative le m\u00e9tabolisme de base, la dose \u00e0 utiliser sera de 62,5 mcg par jour. Des doses plus faibles peuvent fonctionner, mais selon les essais cliniques, cette dose devrait \u00eatre la meilleure pour ceux qui cherchent \u00e0 faire un changement.<br \/>\nLa dose est prise une fois par jour sur un estomac vide.<\/p>\n<p><strong>INFORMATIONS SUR LES LOTS :<br \/>\n<\/strong>Num\u00e9ro de lot : <span data-sheets-root=\"1\" data-sheets-value=\"{\" data-sheets-userformat=\"{\">ZD82095<\/span><br \/>\nDate de fabrication : <span data-sheets-root=\"1\" data-sheets-value=\"{\" data-sheets-userformat=\"{\">10.2025.<\/span><br \/>\nDate d&#8217;expiration : <span data-sheets-root=\"1\" data-sheets-value=\"{\" data-sheets-userformat=\"{\">10.2028.<\/span><\/p>\n","protected":false},"excerpt":{"rendered":"<p>POSOLOGIE : Liothyronine sodique (T3) 25mcg\/comprim\u00e9 CONTENU DU PAQUET : 1 sachet, 50 comprim\u00e9s, 25mcg par comprim\u00e9 QU&#8217;EST-CE QUE C&#8217;EST : La triiodothyronine, \u00e9galement connue sous le nom de T3, est une hormone thyro\u00efdienne. Elle affecte presque tous les processus physiologiques de l&#8217;organisme, y compris la croissance et le d\u00e9veloppement, le m\u00e9tabolisme, la temp\u00e9rature corporelle&hellip;<\/p>\n","protected":false},"featured_media":76073,"comment_status":"open","ping_status":"closed","template":"","meta":[],"product_cat":[161,178],"product_tag":[],"yoast_head":"<!-- This site is optimized with the Yoast SEO plugin v23.0 - https:\/\/yoast.com\/wordpress\/plugins\/seo\/ -->\n<title>Liothyronine sodique (T3) - Astera Labs<\/title>\n<meta name=\"robots\" content=\"index, follow, max-snippet:-1, max-image-preview:large, max-video-preview:-1\" \/>\n<link rel=\"canonical\" href=\"https:\/\/asteralabs.org\/fr\/product\/liothyronine-sodique-t3\/\" \/>\n<meta property=\"og:locale\" content=\"fr_FR\" \/>\n<meta property=\"og:type\" content=\"article\" \/>\n<meta property=\"og:title\" content=\"Liothyronine sodique (T3) - Astera Labs\" \/>\n<meta property=\"og:description\" content=\"POSOLOGIE : Liothyronine sodique (T3) 25mcg\/comprim\u00e9 CONTENU DU PAQUET : 1 sachet, 50 comprim\u00e9s, 25mcg par comprim\u00e9 QU&#8217;EST-CE QUE C&#8217;EST : La triiodothyronine, \u00e9galement connue sous le nom de T3, est une hormone thyro\u00efdienne. Elle affecte presque tous les processus physiologiques de l&#8217;organisme, y compris la croissance et le d\u00e9veloppement, le m\u00e9tabolisme, la temp\u00e9rature corporelle&hellip;\" \/>\n<meta property=\"og:url\" content=\"https:\/\/asteralabs.org\/fr\/product\/liothyronine-sodique-t3\/\" \/>\n<meta property=\"og:site_name\" content=\"Astera Labs\" \/>\n<meta property=\"article:modified_time\" content=\"2026-01-16T09:23:09+00:00\" \/>\n<meta property=\"og:image\" content=\"https:\/\/asteralabs.org\/wp-content\/uploads\/2023\/01\/T3-mockup-nbg.png\" \/>\n\t<meta property=\"og:image:width\" content=\"2000\" \/>\n\t<meta property=\"og:image:height\" content=\"2000\" \/>\n\t<meta property=\"og:image:type\" content=\"image\/png\" \/>\n<meta name=\"twitter:card\" content=\"summary_large_image\" \/>\n<script type=\"application\/ld+json\" class=\"yoast-schema-graph\">{\"@context\":\"https:\/\/schema.org\",\"@graph\":[{\"@type\":\"WebPage\",\"@id\":\"https:\/\/asteralabs.org\/fr\/product\/liothyronine-sodique-t3\/\",\"url\":\"https:\/\/asteralabs.org\/fr\/product\/liothyronine-sodique-t3\/\",\"name\":\"Liothyronine sodique (T3) - Astera Labs\",\"isPartOf\":{\"@id\":\"https:\/\/asteralabs.org\/fr\/#website\"},\"primaryImageOfPage\":{\"@id\":\"https:\/\/asteralabs.org\/fr\/product\/liothyronine-sodique-t3\/#primaryimage\"},\"image\":{\"@id\":\"https:\/\/asteralabs.org\/fr\/product\/liothyronine-sodique-t3\/#primaryimage\"},\"thumbnailUrl\":\"https:\/\/asteralabs.org\/wp-content\/uploads\/2023\/01\/T3-mockup-nbg.png\",\"datePublished\":\"2023-01-10T22:53:33+00:00\",\"dateModified\":\"2026-01-16T09:23:09+00:00\",\"breadcrumb\":{\"@id\":\"https:\/\/asteralabs.org\/fr\/product\/liothyronine-sodique-t3\/#breadcrumb\"},\"inLanguage\":\"fr-FR\",\"potentialAction\":[{\"@type\":\"ReadAction\",\"target\":[\"https:\/\/asteralabs.org\/fr\/product\/liothyronine-sodique-t3\/\"]}]},{\"@type\":\"ImageObject\",\"inLanguage\":\"fr-FR\",\"@id\":\"https:\/\/asteralabs.org\/fr\/product\/liothyronine-sodique-t3\/#primaryimage\",\"url\":\"https:\/\/asteralabs.org\/wp-content\/uploads\/2023\/01\/T3-mockup-nbg.png\",\"contentUrl\":\"https:\/\/asteralabs.org\/wp-content\/uploads\/2023\/01\/T3-mockup-nbg.png\",\"width\":2000,\"height\":2000},{\"@type\":\"BreadcrumbList\",\"@id\":\"https:\/\/asteralabs.org\/fr\/product\/liothyronine-sodique-t3\/#breadcrumb\",\"itemListElement\":[{\"@type\":\"ListItem\",\"position\":1,\"name\":\"Home\",\"item\":\"https:\/\/asteralabs.org\/fr\/\"},{\"@type\":\"ListItem\",\"position\":2,\"name\":\"Boutique\",\"item\":\"https:\/\/asteralabs.org\/boutique\/\"},{\"@type\":\"ListItem\",\"position\":3,\"name\":\"Liothyronine sodique (T3)\"}]},{\"@type\":\"WebSite\",\"@id\":\"https:\/\/asteralabs.org\/fr\/#website\",\"url\":\"https:\/\/asteralabs.org\/fr\/\",\"name\":\"Astera Labs\",\"description\":\"Improve Your Quality Of Life\",\"publisher\":{\"@id\":\"https:\/\/asteralabs.org\/fr\/#organization\"},\"potentialAction\":[{\"@type\":\"SearchAction\",\"target\":{\"@type\":\"EntryPoint\",\"urlTemplate\":\"https:\/\/asteralabs.org\/fr\/?s={search_term_string}\"},\"query-input\":\"required name=search_term_string\"}],\"inLanguage\":\"fr-FR\"},{\"@type\":\"Organization\",\"@id\":\"https:\/\/asteralabs.org\/fr\/#organization\",\"name\":\"Astera Labs\",\"url\":\"https:\/\/asteralabs.org\/fr\/\",\"logo\":{\"@type\":\"ImageObject\",\"inLanguage\":\"fr-FR\",\"@id\":\"https:\/\/asteralabs.org\/fr\/#\/schema\/logo\/image\/\",\"url\":\"https:\/\/asteralabs.org\/wp-content\/uploads\/2022\/12\/astera-2.png\",\"contentUrl\":\"https:\/\/asteralabs.org\/wp-content\/uploads\/2022\/12\/astera-2.png\",\"width\":437,\"height\":111,\"caption\":\"Astera Labs\"},\"image\":{\"@id\":\"https:\/\/asteralabs.org\/fr\/#\/schema\/logo\/image\/\"}}]}<\/script>\n<!-- \/ Yoast SEO plugin. -->","yoast_head_json":{"title":"Liothyronine sodique (T3) - Astera Labs","robots":{"index":"index","follow":"follow","max-snippet":"max-snippet:-1","max-image-preview":"max-image-preview:large","max-video-preview":"max-video-preview:-1"},"canonical":"https:\/\/asteralabs.org\/fr\/product\/liothyronine-sodique-t3\/","og_locale":"fr_FR","og_type":"article","og_title":"Liothyronine sodique (T3) - Astera Labs","og_description":"POSOLOGIE : Liothyronine sodique (T3) 25mcg\/comprim\u00e9 CONTENU DU PAQUET : 1 sachet, 50 comprim\u00e9s, 25mcg par comprim\u00e9 QU&#8217;EST-CE QUE C&#8217;EST : La triiodothyronine, \u00e9galement connue sous le nom de T3, est une hormone thyro\u00efdienne. Elle affecte presque tous les processus physiologiques de l&#8217;organisme, y compris la croissance et le d\u00e9veloppement, le m\u00e9tabolisme, la temp\u00e9rature corporelle&hellip;","og_url":"https:\/\/asteralabs.org\/fr\/product\/liothyronine-sodique-t3\/","og_site_name":"Astera Labs","article_modified_time":"2026-01-16T09:23:09+00:00","og_image":[{"width":2000,"height":2000,"url":"https:\/\/asteralabs.org\/wp-content\/uploads\/2023\/01\/T3-mockup-nbg.png","type":"image\/png"}],"twitter_card":"summary_large_image","schema":{"@context":"https:\/\/schema.org","@graph":[{"@type":"WebPage","@id":"https:\/\/asteralabs.org\/fr\/product\/liothyronine-sodique-t3\/","url":"https:\/\/asteralabs.org\/fr\/product\/liothyronine-sodique-t3\/","name":"Liothyronine sodique (T3) - Astera Labs","isPartOf":{"@id":"https:\/\/asteralabs.org\/fr\/#website"},"primaryImageOfPage":{"@id":"https:\/\/asteralabs.org\/fr\/product\/liothyronine-sodique-t3\/#primaryimage"},"image":{"@id":"https:\/\/asteralabs.org\/fr\/product\/liothyronine-sodique-t3\/#primaryimage"},"thumbnailUrl":"https:\/\/asteralabs.org\/wp-content\/uploads\/2023\/01\/T3-mockup-nbg.png","datePublished":"2023-01-10T22:53:33+00:00","dateModified":"2026-01-16T09:23:09+00:00","breadcrumb":{"@id":"https:\/\/asteralabs.org\/fr\/product\/liothyronine-sodique-t3\/#breadcrumb"},"inLanguage":"fr-FR","potentialAction":[{"@type":"ReadAction","target":["https:\/\/asteralabs.org\/fr\/product\/liothyronine-sodique-t3\/"]}]},{"@type":"ImageObject","inLanguage":"fr-FR","@id":"https:\/\/asteralabs.org\/fr\/product\/liothyronine-sodique-t3\/#primaryimage","url":"https:\/\/asteralabs.org\/wp-content\/uploads\/2023\/01\/T3-mockup-nbg.png","contentUrl":"https:\/\/asteralabs.org\/wp-content\/uploads\/2023\/01\/T3-mockup-nbg.png","width":2000,"height":2000},{"@type":"BreadcrumbList","@id":"https:\/\/asteralabs.org\/fr\/product\/liothyronine-sodique-t3\/#breadcrumb","itemListElement":[{"@type":"ListItem","position":1,"name":"Home","item":"https:\/\/asteralabs.org\/fr\/"},{"@type":"ListItem","position":2,"name":"Boutique","item":"https:\/\/asteralabs.org\/boutique\/"},{"@type":"ListItem","position":3,"name":"Liothyronine sodique (T3)"}]},{"@type":"WebSite","@id":"https:\/\/asteralabs.org\/fr\/#website","url":"https:\/\/asteralabs.org\/fr\/","name":"Astera Labs","description":"Improve Your Quality Of Life","publisher":{"@id":"https:\/\/asteralabs.org\/fr\/#organization"},"potentialAction":[{"@type":"SearchAction","target":{"@type":"EntryPoint","urlTemplate":"https:\/\/asteralabs.org\/fr\/?s={search_term_string}"},"query-input":"required name=search_term_string"}],"inLanguage":"fr-FR"},{"@type":"Organization","@id":"https:\/\/asteralabs.org\/fr\/#organization","name":"Astera Labs","url":"https:\/\/asteralabs.org\/fr\/","logo":{"@type":"ImageObject","inLanguage":"fr-FR","@id":"https:\/\/asteralabs.org\/fr\/#\/schema\/logo\/image\/","url":"https:\/\/asteralabs.org\/wp-content\/uploads\/2022\/12\/astera-2.png","contentUrl":"https:\/\/asteralabs.org\/wp-content\/uploads\/2022\/12\/astera-2.png","width":437,"height":111,"caption":"Astera Labs"},"image":{"@id":"https:\/\/asteralabs.org\/fr\/#\/schema\/logo\/image\/"}}]}},"_links":{"self":[{"href":"https:\/\/asteralabs.org\/fr\/wp-json\/wp\/v2\/product\/78188"}],"collection":[{"href":"https:\/\/asteralabs.org\/fr\/wp-json\/wp\/v2\/product"}],"about":[{"href":"https:\/\/asteralabs.org\/fr\/wp-json\/wp\/v2\/types\/product"}],"replies":[{"embeddable":true,"href":"https:\/\/asteralabs.org\/fr\/wp-json\/wp\/v2\/comments?post=78188"}],"version-history":[{"count":0,"href":"https:\/\/asteralabs.org\/fr\/wp-json\/wp\/v2\/product\/78188\/revisions"}],"wp:featuredmedia":[{"embeddable":true,"href":"https:\/\/asteralabs.org\/fr\/wp-json\/wp\/v2\/media\/76073"}],"wp:attachment":[{"href":"https:\/\/asteralabs.org\/fr\/wp-json\/wp\/v2\/media?parent=78188"}],"wp:term":[{"taxonomy":"product_cat","embeddable":true,"href":"https:\/\/asteralabs.org\/fr\/wp-json\/wp\/v2\/product_cat?post=78188"},{"taxonomy":"product_tag","embeddable":true,"href":"https:\/\/asteralabs.org\/fr\/wp-json\/wp\/v2\/product_tag?post=78188"}],"curies":[{"name":"wp","href":"https:\/\/api.w.org\/{rel}","templated":true}]}}