{"id":78194,"date":"2023-01-10T22:52:49","date_gmt":"2023-01-10T22:52:49","guid":{"rendered":"https:\/\/asteralabs.org\/product\/17a-methyltestosterone\/"},"modified":"2026-01-16T08:03:19","modified_gmt":"2026-01-16T08:03:19","slug":"17a-methyltestosterone","status":"publish","type":"product","link":"https:\/\/asteralabs.org\/fr\/product\/17a-methyltestosterone\/","title":{"rendered":"17a-M\u00e9thyltestost\u00e9rone"},"content":{"rendered":"\t\t<div data-elementor-type=\"product-post\" data-elementor-id=\"78194\" class=\"elementor elementor-78194 elementor-72857\" data-elementor-post-type=\"product\">\n\t\t\t\t\t\t<section class=\"elementor-section elementor-top-section elementor-element elementor-element-43f5b61 elementor-section-boxed elementor-section-height-default elementor-section-height-default\" data-id=\"43f5b61\" data-element_type=\"section\" data-e-type=\"section\">\n\t\t\t\t\t\t<div class=\"elementor-container elementor-column-gap-default\">\n\t\t\t\t\t<div class=\"elementor-column elementor-col-100 elementor-top-column elementor-element elementor-element-2b859882\" data-id=\"2b859882\" data-element_type=\"column\" data-e-type=\"column\">\n\t\t\t<div class=\"elementor-widget-wrap elementor-element-populated\">\n\t\t\t\t\t\t<div class=\"elementor-element elementor-element-1a825791 elementor-widget elementor-widget-text-editor\" data-id=\"1a825791\" data-element_type=\"widget\" data-e-type=\"widget\" data-widget_type=\"text-editor.default\">\n\t\t\t\t<div class=\"elementor-widget-container\">\n\t\t\t\t\t\t\t\t\t<p><strong>POSOLOGIE : <\/strong><br \/>17a-M\u00e9thyltestost\u00e9rone 25mg\/comprim\u00e9 <strong>CONTENU DU PAQUET : <\/strong><br \/>1 sachet, 100 comprim\u00e9s, 25mg par comprim\u00e9 <strong>QU&#8217;EST-CE QUE C&#8217;EST : <\/strong><br \/>est un m\u00e9dicament androg\u00e8ne et st\u00e9ro\u00efde anabolisant qui est utilis\u00e9 dans le traitement des faibles niveaux de testost\u00e9rone chez les hommes, des retards de pubert\u00e9 chez les gar\u00e7ons, \u00e0 faibles doses comme composant de la th\u00e9rapie hormonale de la m\u00e9nopause pour les sympt\u00f4mes de la m\u00e9nopause tels que les bouff\u00e9es de chaleur, l&#8217;ost\u00e9oporose et la baisse du d\u00e9sir sexuel chez les femmes, ainsi que pour traiter le cancer du sein chez les femmes. <strong>MODE D&#8217;EMPLOI : <\/strong><br \/>Des preuves anecdotiques nous indiquent d&#8217;utiliser entre 25 et 50 mg, de pr\u00e9f\u00e9rence pour de courtes p\u00e9riodes de temps, en faisant attention aux niveaux d&#8217;\u0153strog\u00e8ne et en l&#8217;utilisant de pr\u00e9f\u00e9rence avant l&#8217;entra\u00eenement. <strong>INFORMATIONS SUR LES LOTS :<br \/><\/strong>Num\u00e9ro de lot : <span data-sheets-root=\"1\" data-sheets-value=\"{\" data-sheets-userformat=\"{\">GH32316<\/span><br \/>Date de fabrication : 10<span data-sheets-root=\"1\" data-sheets-value=\"{\" data-sheets-userformat=\"{\">.2025.<\/span><br \/>Date d&#8217;expiration : 10<span data-sheets-root=\"1\" data-sheets-value=\"{\" data-sheets-userformat=\"{\">.2028.<\/span><\/p>\t\t\t\t\t\t\t\t<\/div>\n\t\t\t\t<\/div>\n\t\t\t\t\t<\/div>\n\t\t<\/div>\n\t\t\t\t\t<\/div>\n\t\t<\/section>\n\t\t\t\t<\/div>\n\t\t","protected":false},"excerpt":{"rendered":"<p>POSOLOGIE : 17a-M\u00e9thyltestost\u00e9rone 25mg\/comprim\u00e9 CONTENU DU PAQUET : 1 sachet, 100 comprim\u00e9s, 25mg par comprim\u00e9 QU&#8217;EST-CE QUE C&#8217;EST : est un m\u00e9dicament androg\u00e8ne et st\u00e9ro\u00efde anabolisant qui est utilis\u00e9 dans le traitement des faibles niveaux de testost\u00e9rone chez les hommes, des retards de pubert\u00e9 chez les gar\u00e7ons, \u00e0 faibles doses comme composant de la th\u00e9rapie&hellip;<\/p>\n","protected":false},"featured_media":76201,"comment_status":"open","ping_status":"closed","template":"","meta":{"_acf_changed":false},"product_brand":[],"product_cat":[161,178],"product_tag":[],"class_list":{"0":"post-78194","1":"product","2":"type-product","3":"status-publish","4":"has-post-thumbnail","6":"product_cat-all-fr","7":"product_cat-orals-fr","9":"first","10":"instock","11":"shipping-taxable","12":"product-type-simple"},"acf":[],"yoast_head":"<!-- This site is optimized with the Yoast SEO plugin v27.4 - https:\/\/yoast.com\/product\/yoast-seo-wordpress\/ -->\n<title>17a-M\u00e9thyltestost\u00e9rone - Astera Labs<\/title>\n<meta name=\"robots\" content=\"index, follow, max-snippet:-1, max-image-preview:large, max-video-preview:-1\" \/>\n<link rel=\"canonical\" href=\"https:\/\/asteralabs.org\/fr\/product\/17a-methyltestosterone\/\" \/>\n<meta property=\"og:locale\" content=\"fr_FR\" \/>\n<meta property=\"og:type\" content=\"article\" \/>\n<meta property=\"og:title\" content=\"17a-M\u00e9thyltestost\u00e9rone - Astera Labs\" \/>\n<meta property=\"og:description\" content=\"POSOLOGIE : 17a-M\u00e9thyltestost\u00e9rone 25mg\/comprim\u00e9 CONTENU DU PAQUET : 1 sachet, 100 comprim\u00e9s, 25mg par comprim\u00e9 QU&#8217;EST-CE QUE C&#8217;EST : est un m\u00e9dicament androg\u00e8ne et st\u00e9ro\u00efde anabolisant qui est utilis\u00e9 dans le traitement des faibles niveaux de testost\u00e9rone chez les hommes, des retards de pubert\u00e9 chez les gar\u00e7ons, \u00e0 faibles doses comme composant de la th\u00e9rapie&hellip;\" \/>\n<meta property=\"og:url\" content=\"https:\/\/asteralabs.org\/fr\/product\/17a-methyltestosterone\/\" \/>\n<meta property=\"og:site_name\" content=\"Astera Labs\" \/>\n<meta property=\"article:modified_time\" content=\"2026-01-16T08:03:19+00:00\" \/>\n<meta property=\"og:image\" content=\"https:\/\/asteralabs.org\/wp-content\/uploads\/2023\/01\/17\u03b1-Methyltestosterone-mockup-nbg.png\" \/>\n\t<meta property=\"og:image:width\" content=\"2000\" \/>\n\t<meta property=\"og:image:height\" content=\"2000\" \/>\n\t<meta property=\"og:image:type\" content=\"image\/png\" \/>\n<meta name=\"twitter:card\" content=\"summary_large_image\" \/>\n<script type=\"application\/ld+json\" class=\"yoast-schema-graph\">{\"@context\":\"https:\\\/\\\/schema.org\",\"@graph\":[{\"@type\":\"WebPage\",\"@id\":\"https:\\\/\\\/asteralabs.org\\\/fr\\\/product\\\/17a-methyltestosterone\\\/\",\"url\":\"https:\\\/\\\/asteralabs.org\\\/fr\\\/product\\\/17a-methyltestosterone\\\/\",\"name\":\"17a-M\u00e9thyltestost\u00e9rone - Astera Labs\",\"isPartOf\":{\"@id\":\"https:\\\/\\\/asteralabs.org\\\/fr\\\/#website\"},\"primaryImageOfPage\":{\"@id\":\"https:\\\/\\\/asteralabs.org\\\/fr\\\/product\\\/17a-methyltestosterone\\\/#primaryimage\"},\"image\":{\"@id\":\"https:\\\/\\\/asteralabs.org\\\/fr\\\/product\\\/17a-methyltestosterone\\\/#primaryimage\"},\"thumbnailUrl\":\"https:\\\/\\\/asteralabs.org\\\/wp-content\\\/uploads\\\/2023\\\/01\\\/17\u03b1-Methyltestosterone-mockup-nbg.png\",\"datePublished\":\"2023-01-10T22:52:49+00:00\",\"dateModified\":\"2026-01-16T08:03:19+00:00\",\"breadcrumb\":{\"@id\":\"https:\\\/\\\/asteralabs.org\\\/fr\\\/product\\\/17a-methyltestosterone\\\/#breadcrumb\"},\"inLanguage\":\"fr-FR\",\"potentialAction\":[{\"@type\":\"ReadAction\",\"target\":[\"https:\\\/\\\/asteralabs.org\\\/fr\\\/product\\\/17a-methyltestosterone\\\/\"]}]},{\"@type\":\"ImageObject\",\"inLanguage\":\"fr-FR\",\"@id\":\"https:\\\/\\\/asteralabs.org\\\/fr\\\/product\\\/17a-methyltestosterone\\\/#primaryimage\",\"url\":\"https:\\\/\\\/asteralabs.org\\\/wp-content\\\/uploads\\\/2023\\\/01\\\/17\u03b1-Methyltestosterone-mockup-nbg.png\",\"contentUrl\":\"https:\\\/\\\/asteralabs.org\\\/wp-content\\\/uploads\\\/2023\\\/01\\\/17\u03b1-Methyltestosterone-mockup-nbg.png\",\"width\":2000,\"height\":2000},{\"@type\":\"BreadcrumbList\",\"@id\":\"https:\\\/\\\/asteralabs.org\\\/fr\\\/product\\\/17a-methyltestosterone\\\/#breadcrumb\",\"itemListElement\":[{\"@type\":\"ListItem\",\"position\":1,\"name\":\"Home\",\"item\":\"https:\\\/\\\/asteralabs.org\\\/fr\\\/\"},{\"@type\":\"ListItem\",\"position\":2,\"name\":\"Boutique\",\"item\":\"https:\\\/\\\/asteralabs.org\\\/fr\\\/boutique\\\/\"},{\"@type\":\"ListItem\",\"position\":3,\"name\":\"17a-M\u00e9thyltestost\u00e9rone\"}]},{\"@type\":\"WebSite\",\"@id\":\"https:\\\/\\\/asteralabs.org\\\/fr\\\/#website\",\"url\":\"https:\\\/\\\/asteralabs.org\\\/fr\\\/\",\"name\":\"Astera Labs\",\"description\":\"Improve Your Quality Of Life\",\"publisher\":{\"@id\":\"https:\\\/\\\/asteralabs.org\\\/fr\\\/#organization\"},\"potentialAction\":[{\"@type\":\"SearchAction\",\"target\":{\"@type\":\"EntryPoint\",\"urlTemplate\":\"https:\\\/\\\/asteralabs.org\\\/fr\\\/?s={search_term_string}\"},\"query-input\":{\"@type\":\"PropertyValueSpecification\",\"valueRequired\":true,\"valueName\":\"search_term_string\"}}],\"inLanguage\":\"fr-FR\"},{\"@type\":\"Organization\",\"@id\":\"https:\\\/\\\/asteralabs.org\\\/fr\\\/#organization\",\"name\":\"Astera Labs\",\"url\":\"https:\\\/\\\/asteralabs.org\\\/fr\\\/\",\"logo\":{\"@type\":\"ImageObject\",\"inLanguage\":\"fr-FR\",\"@id\":\"https:\\\/\\\/asteralabs.org\\\/fr\\\/#\\\/schema\\\/logo\\\/image\\\/\",\"url\":\"https:\\\/\\\/asteralabs.org\\\/wp-content\\\/uploads\\\/2022\\\/12\\\/astera-2.png\",\"contentUrl\":\"https:\\\/\\\/asteralabs.org\\\/wp-content\\\/uploads\\\/2022\\\/12\\\/astera-2.png\",\"width\":437,\"height\":111,\"caption\":\"Astera Labs\"},\"image\":{\"@id\":\"https:\\\/\\\/asteralabs.org\\\/fr\\\/#\\\/schema\\\/logo\\\/image\\\/\"}}]}<\/script>\n<!-- \/ Yoast SEO plugin. -->","yoast_head_json":{"title":"17a-M\u00e9thyltestost\u00e9rone - Astera Labs","robots":{"index":"index","follow":"follow","max-snippet":"max-snippet:-1","max-image-preview":"max-image-preview:large","max-video-preview":"max-video-preview:-1"},"canonical":"https:\/\/asteralabs.org\/fr\/product\/17a-methyltestosterone\/","og_locale":"fr_FR","og_type":"article","og_title":"17a-M\u00e9thyltestost\u00e9rone - Astera Labs","og_description":"POSOLOGIE : 17a-M\u00e9thyltestost\u00e9rone 25mg\/comprim\u00e9 CONTENU DU PAQUET : 1 sachet, 100 comprim\u00e9s, 25mg par comprim\u00e9 QU&#8217;EST-CE QUE C&#8217;EST : est un m\u00e9dicament androg\u00e8ne et st\u00e9ro\u00efde anabolisant qui est utilis\u00e9 dans le traitement des faibles niveaux de testost\u00e9rone chez les hommes, des retards de pubert\u00e9 chez les gar\u00e7ons, \u00e0 faibles doses comme composant de la th\u00e9rapie&hellip;","og_url":"https:\/\/asteralabs.org\/fr\/product\/17a-methyltestosterone\/","og_site_name":"Astera Labs","article_modified_time":"2026-01-16T08:03:19+00:00","og_image":[{"width":2000,"height":2000,"url":"https:\/\/asteralabs.org\/wp-content\/uploads\/2023\/01\/17\u03b1-Methyltestosterone-mockup-nbg.png","type":"image\/png"}],"twitter_card":"summary_large_image","schema":{"@context":"https:\/\/schema.org","@graph":[{"@type":"WebPage","@id":"https:\/\/asteralabs.org\/fr\/product\/17a-methyltestosterone\/","url":"https:\/\/asteralabs.org\/fr\/product\/17a-methyltestosterone\/","name":"17a-M\u00e9thyltestost\u00e9rone - Astera Labs","isPartOf":{"@id":"https:\/\/asteralabs.org\/fr\/#website"},"primaryImageOfPage":{"@id":"https:\/\/asteralabs.org\/fr\/product\/17a-methyltestosterone\/#primaryimage"},"image":{"@id":"https:\/\/asteralabs.org\/fr\/product\/17a-methyltestosterone\/#primaryimage"},"thumbnailUrl":"https:\/\/asteralabs.org\/wp-content\/uploads\/2023\/01\/17\u03b1-Methyltestosterone-mockup-nbg.png","datePublished":"2023-01-10T22:52:49+00:00","dateModified":"2026-01-16T08:03:19+00:00","breadcrumb":{"@id":"https:\/\/asteralabs.org\/fr\/product\/17a-methyltestosterone\/#breadcrumb"},"inLanguage":"fr-FR","potentialAction":[{"@type":"ReadAction","target":["https:\/\/asteralabs.org\/fr\/product\/17a-methyltestosterone\/"]}]},{"@type":"ImageObject","inLanguage":"fr-FR","@id":"https:\/\/asteralabs.org\/fr\/product\/17a-methyltestosterone\/#primaryimage","url":"https:\/\/asteralabs.org\/wp-content\/uploads\/2023\/01\/17\u03b1-Methyltestosterone-mockup-nbg.png","contentUrl":"https:\/\/asteralabs.org\/wp-content\/uploads\/2023\/01\/17\u03b1-Methyltestosterone-mockup-nbg.png","width":2000,"height":2000},{"@type":"BreadcrumbList","@id":"https:\/\/asteralabs.org\/fr\/product\/17a-methyltestosterone\/#breadcrumb","itemListElement":[{"@type":"ListItem","position":1,"name":"Home","item":"https:\/\/asteralabs.org\/fr\/"},{"@type":"ListItem","position":2,"name":"Boutique","item":"https:\/\/asteralabs.org\/fr\/boutique\/"},{"@type":"ListItem","position":3,"name":"17a-M\u00e9thyltestost\u00e9rone"}]},{"@type":"WebSite","@id":"https:\/\/asteralabs.org\/fr\/#website","url":"https:\/\/asteralabs.org\/fr\/","name":"Astera Labs","description":"Improve Your Quality Of Life","publisher":{"@id":"https:\/\/asteralabs.org\/fr\/#organization"},"potentialAction":[{"@type":"SearchAction","target":{"@type":"EntryPoint","urlTemplate":"https:\/\/asteralabs.org\/fr\/?s={search_term_string}"},"query-input":{"@type":"PropertyValueSpecification","valueRequired":true,"valueName":"search_term_string"}}],"inLanguage":"fr-FR"},{"@type":"Organization","@id":"https:\/\/asteralabs.org\/fr\/#organization","name":"Astera Labs","url":"https:\/\/asteralabs.org\/fr\/","logo":{"@type":"ImageObject","inLanguage":"fr-FR","@id":"https:\/\/asteralabs.org\/fr\/#\/schema\/logo\/image\/","url":"https:\/\/asteralabs.org\/wp-content\/uploads\/2022\/12\/astera-2.png","contentUrl":"https:\/\/asteralabs.org\/wp-content\/uploads\/2022\/12\/astera-2.png","width":437,"height":111,"caption":"Astera Labs"},"image":{"@id":"https:\/\/asteralabs.org\/fr\/#\/schema\/logo\/image\/"}}]}},"_links":{"self":[{"href":"https:\/\/asteralabs.org\/fr\/wp-json\/wp\/v2\/product\/78194","targetHints":{"allow":["GET"]}}],"collection":[{"href":"https:\/\/asteralabs.org\/fr\/wp-json\/wp\/v2\/product"}],"about":[{"href":"https:\/\/asteralabs.org\/fr\/wp-json\/wp\/v2\/types\/product"}],"replies":[{"embeddable":true,"href":"https:\/\/asteralabs.org\/fr\/wp-json\/wp\/v2\/comments?post=78194"}],"version-history":[{"count":0,"href":"https:\/\/asteralabs.org\/fr\/wp-json\/wp\/v2\/product\/78194\/revisions"}],"wp:featuredmedia":[{"embeddable":true,"href":"https:\/\/asteralabs.org\/fr\/wp-json\/wp\/v2\/media\/76201"}],"wp:attachment":[{"href":"https:\/\/asteralabs.org\/fr\/wp-json\/wp\/v2\/media?parent=78194"}],"wp:term":[{"taxonomy":"product_brand","embeddable":true,"href":"https:\/\/asteralabs.org\/fr\/wp-json\/wp\/v2\/product_brand?post=78194"},{"taxonomy":"product_cat","embeddable":true,"href":"https:\/\/asteralabs.org\/fr\/wp-json\/wp\/v2\/product_cat?post=78194"},{"taxonomy":"product_tag","embeddable":true,"href":"https:\/\/asteralabs.org\/fr\/wp-json\/wp\/v2\/product_tag?post=78194"}],"curies":[{"name":"wp","href":"https:\/\/api.w.org\/{rel}","templated":true}]}}