{"id":78210,"date":"2023-01-10T22:52:10","date_gmt":"2023-01-10T22:52:10","guid":{"rendered":"https:\/\/asteralabs.org\/product\/citrate-de-tamoxifene\/"},"modified":"2026-01-15T13:10:26","modified_gmt":"2026-01-15T13:10:26","slug":"citrate-de-tamoxifene","status":"publish","type":"product","link":"https:\/\/asteralabs.org\/fr\/product\/citrate-de-tamoxifene\/","title":{"rendered":"Citrate de tamoxif\u00e8ne"},"content":{"rendered":"<p><strong>POSOLOGIE : <\/strong><br \/>\nCitrate de tamoxif\u00e8ne 20mg\/comprim\u00e9 <strong>CONTENU DE L&#8217;EMBALLAGE : <\/strong><br \/>\n1 sachet, 50 comprim\u00e9s, 20mg par comprim\u00e9 <strong>QU&#8217;EST-CE QUE C&#8217;EST : <\/strong><br \/>\nLe citrate de tamoxif\u00e8ne est un modulateur s\u00e9lectif des r\u00e9cepteurs des \u0153strog\u00e8nes. Les modulateurs s\u00e9lectifs des r\u00e9cepteurs des \u0153strog\u00e8nes peuvent agir en tant qu&#8217;agonistes ou antagonistes des r\u00e9cepteurs des \u0153strog\u00e8nes. L&#8217;activit\u00e9 du citrate de tamoxif\u00e8ne est s\u00e9lective au niveau des tissus et agit sur les r\u00e9cepteurs d&#8217;\u0153strog\u00e8nes situ\u00e9s dans le foie, le sein et les os.<br \/>\nLorsque la mol\u00e9cule de tamoxif\u00e8ne se lie \u00e0 ce r\u00e9cepteur, l&#8217;\u0153strog\u00e8ne est bloqu\u00e9 et ne peut pas avoir d&#8217;effet. Pour les culturistes, le citrate de tamoxif\u00e8ne peut aider de deux mani\u00e8res.<br \/>\nTout d&#8217;abord, en raison de l&#8217;affinit\u00e9 de liaison du compos\u00e9, il est capable d&#8217;aider \u00e0 la pr\u00e9vention de la gyn\u00e9comastie. Le tamoxif\u00e8ne entre en comp\u00e9tition avec l&#8217;\u0153strog\u00e8ne pour les r\u00e9cepteurs d&#8217;\u0153strog\u00e8ne dans certains tissus, y compris le sein, et s&#8217;il peut se lier au r\u00e9cepteur, l&#8217;\u0153strog\u00e8ne n&#8217;aura pas l&#8217;occasion d&#8217;interagir avec le r\u00e9cepteur et la gyn\u00e9comastie ne pourra donc pas se d\u00e9velopper. Le deuxi\u00e8me aspect du citrate de tamoxif\u00e8ne, et peut-\u00eatre le plus b\u00e9n\u00e9fique pour les utilisateurs de st\u00e9ro\u00efdes, est sa capacit\u00e9 \u00e0 augmenter la production d&#8217;hormone lut\u00e9inisante et d&#8217;hormone folliculo-stimulante, et donc d&#8217;augmenter la testost\u00e9rone. C&#8217;est la raison pour laquelle il est<br \/>\nsouvent utilis\u00e9 par les utilisateurs de st\u00e9ro\u00efdes au cours de leur th\u00e9rapie post-cycle. <strong>MODE D&#8217;EMPLOI : <\/strong><br \/>\nLa dose pour traiter la gyn\u00e9comastie et pour \u00eatre utilis\u00e9e dans la PCT varie entre 20-40mg par jour, la dose doit \u00eatre ajust\u00e9e jusqu&#8217;\u00e0 ce que l&#8217;effet d\u00e9sir\u00e9 soit atteint.<\/p>\n<p><strong>INFORMATIONS SUR LES LOTS :<br \/>\n<\/strong>Num\u00e9ro de lot : <span data-sheets-root=\"1\" data-sheets-value=\"{\" data-sheets-userformat=\"{\">ZF85240<\/span><br \/>\nDate de fabrication : <span data-sheets-root=\"1\" data-sheets-value=\"{\" data-sheets-userformat=\"{\">10.2025.<\/span><br \/>\nDate d&#8217;expiration : <span data-sheets-root=\"1\" data-sheets-value=\"{\" data-sheets-userformat=\"{\">10.2028.<\/span><\/p>\n","protected":false},"excerpt":{"rendered":"<p>POSOLOGIE : Citrate de tamoxif\u00e8ne 20mg\/comprim\u00e9 CONTENU DE L&#8217;EMBALLAGE : 1 sachet, 50 comprim\u00e9s, 20mg par comprim\u00e9 QU&#8217;EST-CE QUE C&#8217;EST : Le citrate de tamoxif\u00e8ne est un modulateur s\u00e9lectif des r\u00e9cepteurs des \u0153strog\u00e8nes. Les modulateurs s\u00e9lectifs des r\u00e9cepteurs des \u0153strog\u00e8nes peuvent agir en tant qu&#8217;agonistes ou antagonistes des r\u00e9cepteurs des \u0153strog\u00e8nes. L&#8217;activit\u00e9 du citrate de&hellip;<\/p>\n","protected":false},"featured_media":76353,"comment_status":"open","ping_status":"closed","template":"","meta":[],"product_cat":[161,178],"product_tag":[],"yoast_head":"<!-- This site is optimized with the Yoast SEO plugin v23.0 - https:\/\/yoast.com\/wordpress\/plugins\/seo\/ -->\n<title>Citrate de tamoxif\u00e8ne - Astera Labs<\/title>\n<meta name=\"robots\" content=\"index, follow, max-snippet:-1, max-image-preview:large, max-video-preview:-1\" \/>\n<link rel=\"canonical\" href=\"https:\/\/asteralabs.org\/fr\/product\/citrate-de-tamoxifene\/\" \/>\n<meta property=\"og:locale\" content=\"fr_FR\" \/>\n<meta property=\"og:type\" content=\"article\" \/>\n<meta property=\"og:title\" content=\"Citrate de tamoxif\u00e8ne - Astera Labs\" \/>\n<meta property=\"og:description\" content=\"POSOLOGIE : Citrate de tamoxif\u00e8ne 20mg\/comprim\u00e9 CONTENU DE L&#8217;EMBALLAGE : 1 sachet, 50 comprim\u00e9s, 20mg par comprim\u00e9 QU&#8217;EST-CE QUE C&#8217;EST : Le citrate de tamoxif\u00e8ne est un modulateur s\u00e9lectif des r\u00e9cepteurs des \u0153strog\u00e8nes. Les modulateurs s\u00e9lectifs des r\u00e9cepteurs des \u0153strog\u00e8nes peuvent agir en tant qu&#8217;agonistes ou antagonistes des r\u00e9cepteurs des \u0153strog\u00e8nes. L&#8217;activit\u00e9 du citrate de&hellip;\" \/>\n<meta property=\"og:url\" content=\"https:\/\/asteralabs.org\/fr\/product\/citrate-de-tamoxifene\/\" \/>\n<meta property=\"og:site_name\" content=\"Astera Labs\" \/>\n<meta property=\"article:modified_time\" content=\"2026-01-15T13:10:26+00:00\" \/>\n<meta property=\"og:image\" content=\"https:\/\/asteralabs.org\/wp-content\/uploads\/2023\/01\/Tamoxifen-citrate-mockup-nbg.png\" \/>\n\t<meta property=\"og:image:width\" content=\"2000\" \/>\n\t<meta property=\"og:image:height\" content=\"2000\" \/>\n\t<meta property=\"og:image:type\" content=\"image\/png\" \/>\n<meta name=\"twitter:card\" content=\"summary_large_image\" \/>\n<script type=\"application\/ld+json\" class=\"yoast-schema-graph\">{\"@context\":\"https:\/\/schema.org\",\"@graph\":[{\"@type\":\"WebPage\",\"@id\":\"https:\/\/asteralabs.org\/fr\/product\/citrate-de-tamoxifene\/\",\"url\":\"https:\/\/asteralabs.org\/fr\/product\/citrate-de-tamoxifene\/\",\"name\":\"Citrate de tamoxif\u00e8ne - Astera Labs\",\"isPartOf\":{\"@id\":\"https:\/\/asteralabs.org\/fr\/#website\"},\"primaryImageOfPage\":{\"@id\":\"https:\/\/asteralabs.org\/fr\/product\/citrate-de-tamoxifene\/#primaryimage\"},\"image\":{\"@id\":\"https:\/\/asteralabs.org\/fr\/product\/citrate-de-tamoxifene\/#primaryimage\"},\"thumbnailUrl\":\"https:\/\/asteralabs.org\/wp-content\/uploads\/2023\/01\/Tamoxifen-citrate-mockup-nbg.png\",\"datePublished\":\"2023-01-10T22:52:10+00:00\",\"dateModified\":\"2026-01-15T13:10:26+00:00\",\"breadcrumb\":{\"@id\":\"https:\/\/asteralabs.org\/fr\/product\/citrate-de-tamoxifene\/#breadcrumb\"},\"inLanguage\":\"fr-FR\",\"potentialAction\":[{\"@type\":\"ReadAction\",\"target\":[\"https:\/\/asteralabs.org\/fr\/product\/citrate-de-tamoxifene\/\"]}]},{\"@type\":\"ImageObject\",\"inLanguage\":\"fr-FR\",\"@id\":\"https:\/\/asteralabs.org\/fr\/product\/citrate-de-tamoxifene\/#primaryimage\",\"url\":\"https:\/\/asteralabs.org\/wp-content\/uploads\/2023\/01\/Tamoxifen-citrate-mockup-nbg.png\",\"contentUrl\":\"https:\/\/asteralabs.org\/wp-content\/uploads\/2023\/01\/Tamoxifen-citrate-mockup-nbg.png\",\"width\":2000,\"height\":2000},{\"@type\":\"BreadcrumbList\",\"@id\":\"https:\/\/asteralabs.org\/fr\/product\/citrate-de-tamoxifene\/#breadcrumb\",\"itemListElement\":[{\"@type\":\"ListItem\",\"position\":1,\"name\":\"Home\",\"item\":\"https:\/\/asteralabs.org\/fr\/\"},{\"@type\":\"ListItem\",\"position\":2,\"name\":\"Boutique\",\"item\":\"https:\/\/asteralabs.org\/boutique\/\"},{\"@type\":\"ListItem\",\"position\":3,\"name\":\"Citrate de tamoxif\u00e8ne\"}]},{\"@type\":\"WebSite\",\"@id\":\"https:\/\/asteralabs.org\/fr\/#website\",\"url\":\"https:\/\/asteralabs.org\/fr\/\",\"name\":\"Astera Labs\",\"description\":\"Improve Your Quality Of Life\",\"publisher\":{\"@id\":\"https:\/\/asteralabs.org\/fr\/#organization\"},\"potentialAction\":[{\"@type\":\"SearchAction\",\"target\":{\"@type\":\"EntryPoint\",\"urlTemplate\":\"https:\/\/asteralabs.org\/fr\/?s={search_term_string}\"},\"query-input\":\"required name=search_term_string\"}],\"inLanguage\":\"fr-FR\"},{\"@type\":\"Organization\",\"@id\":\"https:\/\/asteralabs.org\/fr\/#organization\",\"name\":\"Astera Labs\",\"url\":\"https:\/\/asteralabs.org\/fr\/\",\"logo\":{\"@type\":\"ImageObject\",\"inLanguage\":\"fr-FR\",\"@id\":\"https:\/\/asteralabs.org\/fr\/#\/schema\/logo\/image\/\",\"url\":\"https:\/\/asteralabs.org\/wp-content\/uploads\/2022\/12\/astera-2.png\",\"contentUrl\":\"https:\/\/asteralabs.org\/wp-content\/uploads\/2022\/12\/astera-2.png\",\"width\":437,\"height\":111,\"caption\":\"Astera Labs\"},\"image\":{\"@id\":\"https:\/\/asteralabs.org\/fr\/#\/schema\/logo\/image\/\"}}]}<\/script>\n<!-- \/ Yoast SEO plugin. -->","yoast_head_json":{"title":"Citrate de tamoxif\u00e8ne - Astera Labs","robots":{"index":"index","follow":"follow","max-snippet":"max-snippet:-1","max-image-preview":"max-image-preview:large","max-video-preview":"max-video-preview:-1"},"canonical":"https:\/\/asteralabs.org\/fr\/product\/citrate-de-tamoxifene\/","og_locale":"fr_FR","og_type":"article","og_title":"Citrate de tamoxif\u00e8ne - Astera Labs","og_description":"POSOLOGIE : Citrate de tamoxif\u00e8ne 20mg\/comprim\u00e9 CONTENU DE L&#8217;EMBALLAGE : 1 sachet, 50 comprim\u00e9s, 20mg par comprim\u00e9 QU&#8217;EST-CE QUE C&#8217;EST : Le citrate de tamoxif\u00e8ne est un modulateur s\u00e9lectif des r\u00e9cepteurs des \u0153strog\u00e8nes. Les modulateurs s\u00e9lectifs des r\u00e9cepteurs des \u0153strog\u00e8nes peuvent agir en tant qu&#8217;agonistes ou antagonistes des r\u00e9cepteurs des \u0153strog\u00e8nes. L&#8217;activit\u00e9 du citrate de&hellip;","og_url":"https:\/\/asteralabs.org\/fr\/product\/citrate-de-tamoxifene\/","og_site_name":"Astera Labs","article_modified_time":"2026-01-15T13:10:26+00:00","og_image":[{"width":2000,"height":2000,"url":"https:\/\/asteralabs.org\/wp-content\/uploads\/2023\/01\/Tamoxifen-citrate-mockup-nbg.png","type":"image\/png"}],"twitter_card":"summary_large_image","schema":{"@context":"https:\/\/schema.org","@graph":[{"@type":"WebPage","@id":"https:\/\/asteralabs.org\/fr\/product\/citrate-de-tamoxifene\/","url":"https:\/\/asteralabs.org\/fr\/product\/citrate-de-tamoxifene\/","name":"Citrate de tamoxif\u00e8ne - Astera Labs","isPartOf":{"@id":"https:\/\/asteralabs.org\/fr\/#website"},"primaryImageOfPage":{"@id":"https:\/\/asteralabs.org\/fr\/product\/citrate-de-tamoxifene\/#primaryimage"},"image":{"@id":"https:\/\/asteralabs.org\/fr\/product\/citrate-de-tamoxifene\/#primaryimage"},"thumbnailUrl":"https:\/\/asteralabs.org\/wp-content\/uploads\/2023\/01\/Tamoxifen-citrate-mockup-nbg.png","datePublished":"2023-01-10T22:52:10+00:00","dateModified":"2026-01-15T13:10:26+00:00","breadcrumb":{"@id":"https:\/\/asteralabs.org\/fr\/product\/citrate-de-tamoxifene\/#breadcrumb"},"inLanguage":"fr-FR","potentialAction":[{"@type":"ReadAction","target":["https:\/\/asteralabs.org\/fr\/product\/citrate-de-tamoxifene\/"]}]},{"@type":"ImageObject","inLanguage":"fr-FR","@id":"https:\/\/asteralabs.org\/fr\/product\/citrate-de-tamoxifene\/#primaryimage","url":"https:\/\/asteralabs.org\/wp-content\/uploads\/2023\/01\/Tamoxifen-citrate-mockup-nbg.png","contentUrl":"https:\/\/asteralabs.org\/wp-content\/uploads\/2023\/01\/Tamoxifen-citrate-mockup-nbg.png","width":2000,"height":2000},{"@type":"BreadcrumbList","@id":"https:\/\/asteralabs.org\/fr\/product\/citrate-de-tamoxifene\/#breadcrumb","itemListElement":[{"@type":"ListItem","position":1,"name":"Home","item":"https:\/\/asteralabs.org\/fr\/"},{"@type":"ListItem","position":2,"name":"Boutique","item":"https:\/\/asteralabs.org\/boutique\/"},{"@type":"ListItem","position":3,"name":"Citrate de tamoxif\u00e8ne"}]},{"@type":"WebSite","@id":"https:\/\/asteralabs.org\/fr\/#website","url":"https:\/\/asteralabs.org\/fr\/","name":"Astera Labs","description":"Improve Your Quality Of Life","publisher":{"@id":"https:\/\/asteralabs.org\/fr\/#organization"},"potentialAction":[{"@type":"SearchAction","target":{"@type":"EntryPoint","urlTemplate":"https:\/\/asteralabs.org\/fr\/?s={search_term_string}"},"query-input":"required name=search_term_string"}],"inLanguage":"fr-FR"},{"@type":"Organization","@id":"https:\/\/asteralabs.org\/fr\/#organization","name":"Astera Labs","url":"https:\/\/asteralabs.org\/fr\/","logo":{"@type":"ImageObject","inLanguage":"fr-FR","@id":"https:\/\/asteralabs.org\/fr\/#\/schema\/logo\/image\/","url":"https:\/\/asteralabs.org\/wp-content\/uploads\/2022\/12\/astera-2.png","contentUrl":"https:\/\/asteralabs.org\/wp-content\/uploads\/2022\/12\/astera-2.png","width":437,"height":111,"caption":"Astera Labs"},"image":{"@id":"https:\/\/asteralabs.org\/fr\/#\/schema\/logo\/image\/"}}]}},"_links":{"self":[{"href":"https:\/\/asteralabs.org\/fr\/wp-json\/wp\/v2\/product\/78210"}],"collection":[{"href":"https:\/\/asteralabs.org\/fr\/wp-json\/wp\/v2\/product"}],"about":[{"href":"https:\/\/asteralabs.org\/fr\/wp-json\/wp\/v2\/types\/product"}],"replies":[{"embeddable":true,"href":"https:\/\/asteralabs.org\/fr\/wp-json\/wp\/v2\/comments?post=78210"}],"version-history":[{"count":1,"href":"https:\/\/asteralabs.org\/fr\/wp-json\/wp\/v2\/product\/78210\/revisions"}],"predecessor-version":[{"id":79848,"href":"https:\/\/asteralabs.org\/fr\/wp-json\/wp\/v2\/product\/78210\/revisions\/79848"}],"wp:featuredmedia":[{"embeddable":true,"href":"https:\/\/asteralabs.org\/fr\/wp-json\/wp\/v2\/media\/76353"}],"wp:attachment":[{"href":"https:\/\/asteralabs.org\/fr\/wp-json\/wp\/v2\/media?parent=78210"}],"wp:term":[{"taxonomy":"product_cat","embeddable":true,"href":"https:\/\/asteralabs.org\/fr\/wp-json\/wp\/v2\/product_cat?post=78210"},{"taxonomy":"product_tag","embeddable":true,"href":"https:\/\/asteralabs.org\/fr\/wp-json\/wp\/v2\/product_tag?post=78210"}],"curies":[{"name":"wp","href":"https:\/\/api.w.org\/{rel}","templated":true}]}}