{"id":78224,"date":"2023-01-10T22:49:48","date_gmt":"2023-01-10T22:49:48","guid":{"rendered":"https:\/\/asteralabs.org\/product\/anastrozole\/"},"modified":"2026-01-16T08:11:40","modified_gmt":"2026-01-16T08:11:40","slug":"anastrozole","status":"publish","type":"product","link":"https:\/\/asteralabs.org\/fr\/product\/anastrozole\/","title":{"rendered":"Anastrozole"},"content":{"rendered":"<p><strong>POSOLOGIE : <\/strong><br \/>\nAnastrozole 1mg\/comprim\u00e9 <strong>CONTENU DE L&#8217;EMBALLAGE : <\/strong><br \/>\n1 sachet, 50 comprim\u00e9s, 1mg par comprim\u00e9 <strong>QU&#8217;EST-CE QUE C&#8217;EST : <\/strong><br \/>\nL&#8217;anastrozole est un inhibiteur de l&#8217;aromatase. Les inhibiteurs de l&#8217;aromatase emp\u00eachent la conversion des androg\u00e8nes en \u0153strog\u00e8nes dans les graisses, les muscles, les seins et le cerveau. L&#8217;utilisation m\u00e9dicale de l&#8217;anastrozole consiste principalement \u00e0 inhiber la progression et la croissance du cancer du sein chez les femmes en bloquant l&#8217;enzyme aromatase. Certains m\u00e9decins l&#8217;ont \u00e9galement utilis\u00e9 pour tenter de traiter une faible production de testost\u00e9rone chez les hommes, ainsi qu&#8217;en association avec une th\u00e9rapie de remplacement de la testost\u00e9rone.<br \/>\nPour les culturistes et les athl\u00e8tes de force, l&#8217;anastrozole est utilis\u00e9 pour minimiser l&#8217;aromatisation des st\u00e9ro\u00efdes anabolisants et, dans une moindre mesure, pour sa capacit\u00e9 \u00e0 augmenter les niveaux de testost\u00e9rone chez les utilisateurs.<br \/>\nEn r\u00e9duisant la quantit\u00e9 d&#8217;\u0153strog\u00e8nes dans le corps d&#8217;un utilisateur de st\u00e9ro\u00efdes, il sera en mesure d&#8217;\u00e9viter les effets secondaires li\u00e9s aux \u0153strog\u00e8nes tels que la r\u00e9tention d&#8217;eau, la gynocomastie, etc. <strong>MODE D&#8217;EMPLOI : <\/strong><br \/>\nLe dosage varie consid\u00e9rablement en fonction de l&#8217;utilisateur et des compos\u00e9s aromatisants utilis\u00e9s, certains utilisateurs trouveront que 0,5 mg de E3.5D est suffisant pour ne pas avoir d&#8217;effets secondaires li\u00e9s aux \u0153strog\u00e8nes.<\/p>\n<p><strong>INFORMATIONS SUR LES LOTS :<br \/>\n<\/strong>Num\u00e9ro de lot : <span data-sheets-root=\"1\" data-sheets-value=\"{\" data-sheets-userformat=\"{\">DM55007<\/span><br \/>\nDate de fabrication : <span data-sheets-root=\"1\" data-sheets-value=\"{\" data-sheets-userformat=\"{\">10.2025.<\/span><br \/>\nDate d&#8217;expiration : <span data-sheets-root=\"1\" data-sheets-value=\"{\" data-sheets-userformat=\"{\">10.2028.<\/span><\/p>\n","protected":false},"excerpt":{"rendered":"<p>POSOLOGIE : Anastrozole 1mg\/comprim\u00e9 CONTENU DE L&#8217;EMBALLAGE : 1 sachet, 50 comprim\u00e9s, 1mg par comprim\u00e9 QU&#8217;EST-CE QUE C&#8217;EST : L&#8217;anastrozole est un inhibiteur de l&#8217;aromatase. Les inhibiteurs de l&#8217;aromatase emp\u00eachent la conversion des androg\u00e8nes en \u0153strog\u00e8nes dans les graisses, les muscles, les seins et le cerveau. L&#8217;utilisation m\u00e9dicale de l&#8217;anastrozole consiste principalement \u00e0 inhiber la&hellip;<\/p>\n","protected":false},"featured_media":76209,"comment_status":"open","ping_status":"closed","template":"","meta":{"_acf_changed":false},"product_brand":[],"product_cat":[161,178],"product_tag":[],"class_list":{"0":"post-78224","1":"product","2":"type-product","3":"status-publish","4":"has-post-thumbnail","6":"product_cat-all-fr","7":"product_cat-orals-fr","8":"description-off","10":"first","11":"instock","12":"shipping-taxable","13":"product-type-simple"},"acf":[],"yoast_head":"<!-- This site is optimized with the Yoast SEO plugin v27.4 - https:\/\/yoast.com\/product\/yoast-seo-wordpress\/ -->\n<title>Anastrozole - Astera Labs<\/title>\n<meta name=\"robots\" content=\"index, follow, max-snippet:-1, max-image-preview:large, max-video-preview:-1\" \/>\n<link rel=\"canonical\" href=\"https:\/\/asteralabs.org\/fr\/product\/anastrozole\/\" \/>\n<meta property=\"og:locale\" content=\"fr_FR\" \/>\n<meta property=\"og:type\" content=\"article\" \/>\n<meta property=\"og:title\" content=\"Anastrozole - Astera Labs\" \/>\n<meta property=\"og:description\" content=\"POSOLOGIE : Anastrozole 1mg\/comprim\u00e9 CONTENU DE L&#8217;EMBALLAGE : 1 sachet, 50 comprim\u00e9s, 1mg par comprim\u00e9 QU&#8217;EST-CE QUE C&#8217;EST : L&#8217;anastrozole est un inhibiteur de l&#8217;aromatase. Les inhibiteurs de l&#8217;aromatase emp\u00eachent la conversion des androg\u00e8nes en \u0153strog\u00e8nes dans les graisses, les muscles, les seins et le cerveau. L&#8217;utilisation m\u00e9dicale de l&#8217;anastrozole consiste principalement \u00e0 inhiber la&hellip;\" \/>\n<meta property=\"og:url\" content=\"https:\/\/asteralabs.org\/fr\/product\/anastrozole\/\" \/>\n<meta property=\"og:site_name\" content=\"Astera Labs\" \/>\n<meta property=\"article:modified_time\" content=\"2026-01-16T08:11:40+00:00\" \/>\n<meta property=\"og:image\" content=\"https:\/\/asteralabs.org\/wp-content\/uploads\/2023\/01\/Anastrozole-mockup-nbg.png\" \/>\n\t<meta property=\"og:image:width\" content=\"2000\" \/>\n\t<meta property=\"og:image:height\" content=\"2000\" \/>\n\t<meta property=\"og:image:type\" content=\"image\/png\" \/>\n<meta name=\"twitter:card\" content=\"summary_large_image\" \/>\n<script type=\"application\/ld+json\" class=\"yoast-schema-graph\">{\"@context\":\"https:\\\/\\\/schema.org\",\"@graph\":[{\"@type\":\"WebPage\",\"@id\":\"https:\\\/\\\/asteralabs.org\\\/fr\\\/product\\\/anastrozole\\\/\",\"url\":\"https:\\\/\\\/asteralabs.org\\\/fr\\\/product\\\/anastrozole\\\/\",\"name\":\"Anastrozole - Astera Labs\",\"isPartOf\":{\"@id\":\"https:\\\/\\\/asteralabs.org\\\/fr\\\/#website\"},\"primaryImageOfPage\":{\"@id\":\"https:\\\/\\\/asteralabs.org\\\/fr\\\/product\\\/anastrozole\\\/#primaryimage\"},\"image\":{\"@id\":\"https:\\\/\\\/asteralabs.org\\\/fr\\\/product\\\/anastrozole\\\/#primaryimage\"},\"thumbnailUrl\":\"https:\\\/\\\/asteralabs.org\\\/wp-content\\\/uploads\\\/2023\\\/01\\\/Anastrozole-mockup-nbg.png\",\"datePublished\":\"2023-01-10T22:49:48+00:00\",\"dateModified\":\"2026-01-16T08:11:40+00:00\",\"breadcrumb\":{\"@id\":\"https:\\\/\\\/asteralabs.org\\\/fr\\\/product\\\/anastrozole\\\/#breadcrumb\"},\"inLanguage\":\"fr-FR\",\"potentialAction\":[{\"@type\":\"ReadAction\",\"target\":[\"https:\\\/\\\/asteralabs.org\\\/fr\\\/product\\\/anastrozole\\\/\"]}]},{\"@type\":\"ImageObject\",\"inLanguage\":\"fr-FR\",\"@id\":\"https:\\\/\\\/asteralabs.org\\\/fr\\\/product\\\/anastrozole\\\/#primaryimage\",\"url\":\"https:\\\/\\\/asteralabs.org\\\/wp-content\\\/uploads\\\/2023\\\/01\\\/Anastrozole-mockup-nbg.png\",\"contentUrl\":\"https:\\\/\\\/asteralabs.org\\\/wp-content\\\/uploads\\\/2023\\\/01\\\/Anastrozole-mockup-nbg.png\",\"width\":2000,\"height\":2000},{\"@type\":\"BreadcrumbList\",\"@id\":\"https:\\\/\\\/asteralabs.org\\\/fr\\\/product\\\/anastrozole\\\/#breadcrumb\",\"itemListElement\":[{\"@type\":\"ListItem\",\"position\":1,\"name\":\"Home\",\"item\":\"https:\\\/\\\/asteralabs.org\\\/fr\\\/\"},{\"@type\":\"ListItem\",\"position\":2,\"name\":\"Shop\",\"item\":\"https:\\\/\\\/asteralabs.org\\\/shop\\\/\"},{\"@type\":\"ListItem\",\"position\":3,\"name\":\"Anastrozole\"}]},{\"@type\":\"WebSite\",\"@id\":\"https:\\\/\\\/asteralabs.org\\\/fr\\\/#website\",\"url\":\"https:\\\/\\\/asteralabs.org\\\/fr\\\/\",\"name\":\"Astera Labs\",\"description\":\"Improve Your Quality Of Life\",\"publisher\":{\"@id\":\"https:\\\/\\\/asteralabs.org\\\/fr\\\/#organization\"},\"potentialAction\":[{\"@type\":\"SearchAction\",\"target\":{\"@type\":\"EntryPoint\",\"urlTemplate\":\"https:\\\/\\\/asteralabs.org\\\/fr\\\/?s={search_term_string}\"},\"query-input\":{\"@type\":\"PropertyValueSpecification\",\"valueRequired\":true,\"valueName\":\"search_term_string\"}}],\"inLanguage\":\"fr-FR\"},{\"@type\":\"Organization\",\"@id\":\"https:\\\/\\\/asteralabs.org\\\/fr\\\/#organization\",\"name\":\"Astera Labs\",\"url\":\"https:\\\/\\\/asteralabs.org\\\/fr\\\/\",\"logo\":{\"@type\":\"ImageObject\",\"inLanguage\":\"fr-FR\",\"@id\":\"https:\\\/\\\/asteralabs.org\\\/fr\\\/#\\\/schema\\\/logo\\\/image\\\/\",\"url\":\"https:\\\/\\\/asteralabs.org\\\/wp-content\\\/uploads\\\/2022\\\/12\\\/astera-2.png\",\"contentUrl\":\"https:\\\/\\\/asteralabs.org\\\/wp-content\\\/uploads\\\/2022\\\/12\\\/astera-2.png\",\"width\":437,\"height\":111,\"caption\":\"Astera Labs\"},\"image\":{\"@id\":\"https:\\\/\\\/asteralabs.org\\\/fr\\\/#\\\/schema\\\/logo\\\/image\\\/\"}}]}<\/script>\n<!-- \/ Yoast SEO plugin. -->","yoast_head_json":{"title":"Anastrozole - Astera Labs","robots":{"index":"index","follow":"follow","max-snippet":"max-snippet:-1","max-image-preview":"max-image-preview:large","max-video-preview":"max-video-preview:-1"},"canonical":"https:\/\/asteralabs.org\/fr\/product\/anastrozole\/","og_locale":"fr_FR","og_type":"article","og_title":"Anastrozole - Astera Labs","og_description":"POSOLOGIE : Anastrozole 1mg\/comprim\u00e9 CONTENU DE L&#8217;EMBALLAGE : 1 sachet, 50 comprim\u00e9s, 1mg par comprim\u00e9 QU&#8217;EST-CE QUE C&#8217;EST : L&#8217;anastrozole est un inhibiteur de l&#8217;aromatase. Les inhibiteurs de l&#8217;aromatase emp\u00eachent la conversion des androg\u00e8nes en \u0153strog\u00e8nes dans les graisses, les muscles, les seins et le cerveau. L&#8217;utilisation m\u00e9dicale de l&#8217;anastrozole consiste principalement \u00e0 inhiber la&hellip;","og_url":"https:\/\/asteralabs.org\/fr\/product\/anastrozole\/","og_site_name":"Astera Labs","article_modified_time":"2026-01-16T08:11:40+00:00","og_image":[{"width":2000,"height":2000,"url":"https:\/\/asteralabs.org\/wp-content\/uploads\/2023\/01\/Anastrozole-mockup-nbg.png","type":"image\/png"}],"twitter_card":"summary_large_image","schema":{"@context":"https:\/\/schema.org","@graph":[{"@type":"WebPage","@id":"https:\/\/asteralabs.org\/fr\/product\/anastrozole\/","url":"https:\/\/asteralabs.org\/fr\/product\/anastrozole\/","name":"Anastrozole - Astera Labs","isPartOf":{"@id":"https:\/\/asteralabs.org\/fr\/#website"},"primaryImageOfPage":{"@id":"https:\/\/asteralabs.org\/fr\/product\/anastrozole\/#primaryimage"},"image":{"@id":"https:\/\/asteralabs.org\/fr\/product\/anastrozole\/#primaryimage"},"thumbnailUrl":"https:\/\/asteralabs.org\/wp-content\/uploads\/2023\/01\/Anastrozole-mockup-nbg.png","datePublished":"2023-01-10T22:49:48+00:00","dateModified":"2026-01-16T08:11:40+00:00","breadcrumb":{"@id":"https:\/\/asteralabs.org\/fr\/product\/anastrozole\/#breadcrumb"},"inLanguage":"fr-FR","potentialAction":[{"@type":"ReadAction","target":["https:\/\/asteralabs.org\/fr\/product\/anastrozole\/"]}]},{"@type":"ImageObject","inLanguage":"fr-FR","@id":"https:\/\/asteralabs.org\/fr\/product\/anastrozole\/#primaryimage","url":"https:\/\/asteralabs.org\/wp-content\/uploads\/2023\/01\/Anastrozole-mockup-nbg.png","contentUrl":"https:\/\/asteralabs.org\/wp-content\/uploads\/2023\/01\/Anastrozole-mockup-nbg.png","width":2000,"height":2000},{"@type":"BreadcrumbList","@id":"https:\/\/asteralabs.org\/fr\/product\/anastrozole\/#breadcrumb","itemListElement":[{"@type":"ListItem","position":1,"name":"Home","item":"https:\/\/asteralabs.org\/fr\/"},{"@type":"ListItem","position":2,"name":"Shop","item":"https:\/\/asteralabs.org\/shop\/"},{"@type":"ListItem","position":3,"name":"Anastrozole"}]},{"@type":"WebSite","@id":"https:\/\/asteralabs.org\/fr\/#website","url":"https:\/\/asteralabs.org\/fr\/","name":"Astera Labs","description":"Improve Your Quality Of Life","publisher":{"@id":"https:\/\/asteralabs.org\/fr\/#organization"},"potentialAction":[{"@type":"SearchAction","target":{"@type":"EntryPoint","urlTemplate":"https:\/\/asteralabs.org\/fr\/?s={search_term_string}"},"query-input":{"@type":"PropertyValueSpecification","valueRequired":true,"valueName":"search_term_string"}}],"inLanguage":"fr-FR"},{"@type":"Organization","@id":"https:\/\/asteralabs.org\/fr\/#organization","name":"Astera Labs","url":"https:\/\/asteralabs.org\/fr\/","logo":{"@type":"ImageObject","inLanguage":"fr-FR","@id":"https:\/\/asteralabs.org\/fr\/#\/schema\/logo\/image\/","url":"https:\/\/asteralabs.org\/wp-content\/uploads\/2022\/12\/astera-2.png","contentUrl":"https:\/\/asteralabs.org\/wp-content\/uploads\/2022\/12\/astera-2.png","width":437,"height":111,"caption":"Astera Labs"},"image":{"@id":"https:\/\/asteralabs.org\/fr\/#\/schema\/logo\/image\/"}}]}},"_links":{"self":[{"href":"https:\/\/asteralabs.org\/fr\/wp-json\/wp\/v2\/product\/78224","targetHints":{"allow":["GET"]}}],"collection":[{"href":"https:\/\/asteralabs.org\/fr\/wp-json\/wp\/v2\/product"}],"about":[{"href":"https:\/\/asteralabs.org\/fr\/wp-json\/wp\/v2\/types\/product"}],"replies":[{"embeddable":true,"href":"https:\/\/asteralabs.org\/fr\/wp-json\/wp\/v2\/comments?post=78224"}],"version-history":[{"count":0,"href":"https:\/\/asteralabs.org\/fr\/wp-json\/wp\/v2\/product\/78224\/revisions"}],"wp:featuredmedia":[{"embeddable":true,"href":"https:\/\/asteralabs.org\/fr\/wp-json\/wp\/v2\/media\/76209"}],"wp:attachment":[{"href":"https:\/\/asteralabs.org\/fr\/wp-json\/wp\/v2\/media?parent=78224"}],"wp:term":[{"taxonomy":"product_brand","embeddable":true,"href":"https:\/\/asteralabs.org\/fr\/wp-json\/wp\/v2\/product_brand?post=78224"},{"taxonomy":"product_cat","embeddable":true,"href":"https:\/\/asteralabs.org\/fr\/wp-json\/wp\/v2\/product_cat?post=78224"},{"taxonomy":"product_tag","embeddable":true,"href":"https:\/\/asteralabs.org\/fr\/wp-json\/wp\/v2\/product_tag?post=78224"}],"curies":[{"name":"wp","href":"https:\/\/api.w.org\/{rel}","templated":true}]}}