{"id":78237,"date":"2023-01-10T22:47:13","date_gmt":"2023-01-10T22:47:13","guid":{"rendered":"https:\/\/asteralabs.org\/product\/letrozole\/"},"modified":"2026-01-16T09:16:57","modified_gmt":"2026-01-16T09:16:57","slug":"letrozole","status":"publish","type":"product","link":"https:\/\/asteralabs.org\/fr\/product\/letrozole\/","title":{"rendered":"L\u00e9trozole"},"content":{"rendered":"<p><strong>POSOLOGIE : <\/strong><br \/>\nLetrozole 1mg\/comprim\u00e9 <strong>CONTENU DU PAQUET : <\/strong><br \/>\n1 sachet, 50 comprim\u00e9s, 1mg par comprim\u00e9 <strong>QU&#8217;EST-CE QUE C&#8217;EST : <\/strong><br \/>\nC&#8217;est le plus puissant des &#8220;inhibiteurs suicidaires de l&#8217;aromatase&#8221;, il est g\u00e9n\u00e9ralement utilis\u00e9 avant la comp\u00e9tition ou pour inverser la gyn\u00e9comastie. <strong>MODE D&#8217;EMPLOI : <\/strong><br \/>\nLa dose varie beaucoup en fonction de l&#8217;utilisateur et ne doit \u00eatre ajust\u00e9e qu&#8217;en fonction des analyses sanguines de la personne. Il est conseill\u00e9 d&#8217;utiliser 0,5 mg comme premi\u00e8re dose et de l&#8217;ajuster en fonction des effets obtenus. <strong>INFORMATIONS SUR LES LOTS :<br \/>\n<\/strong>Num\u00e9ro de lot : <span data-sheets-root=\"1\" data-sheets-value=\"{\" data-sheets-userformat=\"{\">ZL47124<\/span><br \/>\nDate de fabrication : <span data-sheets-root=\"1\" data-sheets-value=\"{\" data-sheets-userformat=\"{\">10.2025.<\/span><br \/>\nDate d&#8217;expiration : <span data-sheets-root=\"1\" data-sheets-value=\"{\" data-sheets-userformat=\"{\">10.2028.<\/span><\/p>\n","protected":false},"excerpt":{"rendered":"<p>POSOLOGIE : Letrozole 1mg\/comprim\u00e9 CONTENU DU PAQUET : 1 sachet, 50 comprim\u00e9s, 1mg par comprim\u00e9 QU&#8217;EST-CE QUE C&#8217;EST : C&#8217;est le plus puissant des &#8220;inhibiteurs suicidaires de l&#8217;aromatase&#8221;, il est g\u00e9n\u00e9ralement utilis\u00e9 avant la comp\u00e9tition ou pour inverser la gyn\u00e9comastie. MODE D&#8217;EMPLOI : La dose varie beaucoup en fonction de l&#8217;utilisateur et ne doit \u00eatre&hellip;<\/p>\n","protected":false},"featured_media":76265,"comment_status":"open","ping_status":"closed","template":"","meta":[],"product_cat":[161,178],"product_tag":[],"yoast_head":"<!-- This site is optimized with the Yoast SEO plugin v23.0 - https:\/\/yoast.com\/wordpress\/plugins\/seo\/ -->\n<title>L\u00e9trozole - Astera Labs<\/title>\n<meta name=\"robots\" content=\"index, follow, max-snippet:-1, max-image-preview:large, max-video-preview:-1\" \/>\n<link rel=\"canonical\" href=\"https:\/\/asteralabs.org\/fr\/product\/letrozole\/\" \/>\n<meta property=\"og:locale\" content=\"fr_FR\" \/>\n<meta property=\"og:type\" content=\"article\" \/>\n<meta property=\"og:title\" content=\"L\u00e9trozole - Astera Labs\" \/>\n<meta property=\"og:description\" content=\"POSOLOGIE : Letrozole 1mg\/comprim\u00e9 CONTENU DU PAQUET : 1 sachet, 50 comprim\u00e9s, 1mg par comprim\u00e9 QU&#8217;EST-CE QUE C&#8217;EST : C&#8217;est le plus puissant des &#8220;inhibiteurs suicidaires de l&#8217;aromatase&#8221;, il est g\u00e9n\u00e9ralement utilis\u00e9 avant la comp\u00e9tition ou pour inverser la gyn\u00e9comastie. MODE D&#8217;EMPLOI : La dose varie beaucoup en fonction de l&#8217;utilisateur et ne doit \u00eatre&hellip;\" \/>\n<meta property=\"og:url\" content=\"https:\/\/asteralabs.org\/fr\/product\/letrozole\/\" \/>\n<meta property=\"og:site_name\" content=\"Astera Labs\" \/>\n<meta property=\"article:modified_time\" content=\"2026-01-16T09:16:57+00:00\" \/>\n<meta property=\"og:image\" content=\"https:\/\/asteralabs.org\/wp-content\/uploads\/2023\/01\/Letrozole-mockup-nbg.png\" \/>\n\t<meta property=\"og:image:width\" content=\"2000\" \/>\n\t<meta property=\"og:image:height\" content=\"2000\" \/>\n\t<meta property=\"og:image:type\" content=\"image\/png\" \/>\n<meta name=\"twitter:card\" content=\"summary_large_image\" \/>\n<script type=\"application\/ld+json\" class=\"yoast-schema-graph\">{\"@context\":\"https:\/\/schema.org\",\"@graph\":[{\"@type\":\"WebPage\",\"@id\":\"https:\/\/asteralabs.org\/fr\/product\/letrozole\/\",\"url\":\"https:\/\/asteralabs.org\/fr\/product\/letrozole\/\",\"name\":\"L\u00e9trozole - Astera Labs\",\"isPartOf\":{\"@id\":\"https:\/\/asteralabs.org\/fr\/#website\"},\"primaryImageOfPage\":{\"@id\":\"https:\/\/asteralabs.org\/fr\/product\/letrozole\/#primaryimage\"},\"image\":{\"@id\":\"https:\/\/asteralabs.org\/fr\/product\/letrozole\/#primaryimage\"},\"thumbnailUrl\":\"https:\/\/asteralabs.org\/wp-content\/uploads\/2023\/01\/Letrozole-mockup-nbg.png\",\"datePublished\":\"2023-01-10T22:47:13+00:00\",\"dateModified\":\"2026-01-16T09:16:57+00:00\",\"breadcrumb\":{\"@id\":\"https:\/\/asteralabs.org\/fr\/product\/letrozole\/#breadcrumb\"},\"inLanguage\":\"fr-FR\",\"potentialAction\":[{\"@type\":\"ReadAction\",\"target\":[\"https:\/\/asteralabs.org\/fr\/product\/letrozole\/\"]}]},{\"@type\":\"ImageObject\",\"inLanguage\":\"fr-FR\",\"@id\":\"https:\/\/asteralabs.org\/fr\/product\/letrozole\/#primaryimage\",\"url\":\"https:\/\/asteralabs.org\/wp-content\/uploads\/2023\/01\/Letrozole-mockup-nbg.png\",\"contentUrl\":\"https:\/\/asteralabs.org\/wp-content\/uploads\/2023\/01\/Letrozole-mockup-nbg.png\",\"width\":2000,\"height\":2000},{\"@type\":\"BreadcrumbList\",\"@id\":\"https:\/\/asteralabs.org\/fr\/product\/letrozole\/#breadcrumb\",\"itemListElement\":[{\"@type\":\"ListItem\",\"position\":1,\"name\":\"Home\",\"item\":\"https:\/\/asteralabs.org\/fr\/\"},{\"@type\":\"ListItem\",\"position\":2,\"name\":\"Boutique\",\"item\":\"https:\/\/asteralabs.org\/boutique\/\"},{\"@type\":\"ListItem\",\"position\":3,\"name\":\"L\u00e9trozole\"}]},{\"@type\":\"WebSite\",\"@id\":\"https:\/\/asteralabs.org\/fr\/#website\",\"url\":\"https:\/\/asteralabs.org\/fr\/\",\"name\":\"Astera Labs\",\"description\":\"Improve Your Quality Of Life\",\"publisher\":{\"@id\":\"https:\/\/asteralabs.org\/fr\/#organization\"},\"potentialAction\":[{\"@type\":\"SearchAction\",\"target\":{\"@type\":\"EntryPoint\",\"urlTemplate\":\"https:\/\/asteralabs.org\/fr\/?s={search_term_string}\"},\"query-input\":\"required name=search_term_string\"}],\"inLanguage\":\"fr-FR\"},{\"@type\":\"Organization\",\"@id\":\"https:\/\/asteralabs.org\/fr\/#organization\",\"name\":\"Astera Labs\",\"url\":\"https:\/\/asteralabs.org\/fr\/\",\"logo\":{\"@type\":\"ImageObject\",\"inLanguage\":\"fr-FR\",\"@id\":\"https:\/\/asteralabs.org\/fr\/#\/schema\/logo\/image\/\",\"url\":\"https:\/\/asteralabs.org\/wp-content\/uploads\/2022\/12\/astera-2.png\",\"contentUrl\":\"https:\/\/asteralabs.org\/wp-content\/uploads\/2022\/12\/astera-2.png\",\"width\":437,\"height\":111,\"caption\":\"Astera Labs\"},\"image\":{\"@id\":\"https:\/\/asteralabs.org\/fr\/#\/schema\/logo\/image\/\"}}]}<\/script>\n<!-- \/ Yoast SEO plugin. -->","yoast_head_json":{"title":"L\u00e9trozole - Astera Labs","robots":{"index":"index","follow":"follow","max-snippet":"max-snippet:-1","max-image-preview":"max-image-preview:large","max-video-preview":"max-video-preview:-1"},"canonical":"https:\/\/asteralabs.org\/fr\/product\/letrozole\/","og_locale":"fr_FR","og_type":"article","og_title":"L\u00e9trozole - Astera Labs","og_description":"POSOLOGIE : Letrozole 1mg\/comprim\u00e9 CONTENU DU PAQUET : 1 sachet, 50 comprim\u00e9s, 1mg par comprim\u00e9 QU&#8217;EST-CE QUE C&#8217;EST : C&#8217;est le plus puissant des &#8220;inhibiteurs suicidaires de l&#8217;aromatase&#8221;, il est g\u00e9n\u00e9ralement utilis\u00e9 avant la comp\u00e9tition ou pour inverser la gyn\u00e9comastie. MODE D&#8217;EMPLOI : La dose varie beaucoup en fonction de l&#8217;utilisateur et ne doit \u00eatre&hellip;","og_url":"https:\/\/asteralabs.org\/fr\/product\/letrozole\/","og_site_name":"Astera Labs","article_modified_time":"2026-01-16T09:16:57+00:00","og_image":[{"width":2000,"height":2000,"url":"https:\/\/asteralabs.org\/wp-content\/uploads\/2023\/01\/Letrozole-mockup-nbg.png","type":"image\/png"}],"twitter_card":"summary_large_image","schema":{"@context":"https:\/\/schema.org","@graph":[{"@type":"WebPage","@id":"https:\/\/asteralabs.org\/fr\/product\/letrozole\/","url":"https:\/\/asteralabs.org\/fr\/product\/letrozole\/","name":"L\u00e9trozole - Astera Labs","isPartOf":{"@id":"https:\/\/asteralabs.org\/fr\/#website"},"primaryImageOfPage":{"@id":"https:\/\/asteralabs.org\/fr\/product\/letrozole\/#primaryimage"},"image":{"@id":"https:\/\/asteralabs.org\/fr\/product\/letrozole\/#primaryimage"},"thumbnailUrl":"https:\/\/asteralabs.org\/wp-content\/uploads\/2023\/01\/Letrozole-mockup-nbg.png","datePublished":"2023-01-10T22:47:13+00:00","dateModified":"2026-01-16T09:16:57+00:00","breadcrumb":{"@id":"https:\/\/asteralabs.org\/fr\/product\/letrozole\/#breadcrumb"},"inLanguage":"fr-FR","potentialAction":[{"@type":"ReadAction","target":["https:\/\/asteralabs.org\/fr\/product\/letrozole\/"]}]},{"@type":"ImageObject","inLanguage":"fr-FR","@id":"https:\/\/asteralabs.org\/fr\/product\/letrozole\/#primaryimage","url":"https:\/\/asteralabs.org\/wp-content\/uploads\/2023\/01\/Letrozole-mockup-nbg.png","contentUrl":"https:\/\/asteralabs.org\/wp-content\/uploads\/2023\/01\/Letrozole-mockup-nbg.png","width":2000,"height":2000},{"@type":"BreadcrumbList","@id":"https:\/\/asteralabs.org\/fr\/product\/letrozole\/#breadcrumb","itemListElement":[{"@type":"ListItem","position":1,"name":"Home","item":"https:\/\/asteralabs.org\/fr\/"},{"@type":"ListItem","position":2,"name":"Boutique","item":"https:\/\/asteralabs.org\/boutique\/"},{"@type":"ListItem","position":3,"name":"L\u00e9trozole"}]},{"@type":"WebSite","@id":"https:\/\/asteralabs.org\/fr\/#website","url":"https:\/\/asteralabs.org\/fr\/","name":"Astera Labs","description":"Improve Your Quality Of Life","publisher":{"@id":"https:\/\/asteralabs.org\/fr\/#organization"},"potentialAction":[{"@type":"SearchAction","target":{"@type":"EntryPoint","urlTemplate":"https:\/\/asteralabs.org\/fr\/?s={search_term_string}"},"query-input":"required name=search_term_string"}],"inLanguage":"fr-FR"},{"@type":"Organization","@id":"https:\/\/asteralabs.org\/fr\/#organization","name":"Astera Labs","url":"https:\/\/asteralabs.org\/fr\/","logo":{"@type":"ImageObject","inLanguage":"fr-FR","@id":"https:\/\/asteralabs.org\/fr\/#\/schema\/logo\/image\/","url":"https:\/\/asteralabs.org\/wp-content\/uploads\/2022\/12\/astera-2.png","contentUrl":"https:\/\/asteralabs.org\/wp-content\/uploads\/2022\/12\/astera-2.png","width":437,"height":111,"caption":"Astera Labs"},"image":{"@id":"https:\/\/asteralabs.org\/fr\/#\/schema\/logo\/image\/"}}]}},"_links":{"self":[{"href":"https:\/\/asteralabs.org\/fr\/wp-json\/wp\/v2\/product\/78237"}],"collection":[{"href":"https:\/\/asteralabs.org\/fr\/wp-json\/wp\/v2\/product"}],"about":[{"href":"https:\/\/asteralabs.org\/fr\/wp-json\/wp\/v2\/types\/product"}],"replies":[{"embeddable":true,"href":"https:\/\/asteralabs.org\/fr\/wp-json\/wp\/v2\/comments?post=78237"}],"version-history":[{"count":0,"href":"https:\/\/asteralabs.org\/fr\/wp-json\/wp\/v2\/product\/78237\/revisions"}],"wp:featuredmedia":[{"embeddable":true,"href":"https:\/\/asteralabs.org\/fr\/wp-json\/wp\/v2\/media\/76265"}],"wp:attachment":[{"href":"https:\/\/asteralabs.org\/fr\/wp-json\/wp\/v2\/media?parent=78237"}],"wp:term":[{"taxonomy":"product_cat","embeddable":true,"href":"https:\/\/asteralabs.org\/fr\/wp-json\/wp\/v2\/product_cat?post=78237"},{"taxonomy":"product_tag","embeddable":true,"href":"https:\/\/asteralabs.org\/fr\/wp-json\/wp\/v2\/product_tag?post=78237"}],"curies":[{"name":"wp","href":"https:\/\/api.w.org\/{rel}","templated":true}]}}