{"id":78258,"date":"2023-01-10T22:42:05","date_gmt":"2023-01-10T22:42:05","guid":{"rendered":"https:\/\/asteralabs.org\/product\/stanozolol-2\/"},"modified":"2026-01-15T13:34:20","modified_gmt":"2026-01-15T13:34:20","slug":"stanozolol-2","status":"publish","type":"product","link":"https:\/\/asteralabs.org\/fr\/product\/stanozolol-2\/","title":{"rendered":"Stanozolol"},"content":{"rendered":"<p><strong>POSOLOGIE : <\/strong><br \/>\nStanozolol 20 mg\/comprim\u00e9. <strong>CONTENU DE L&#8217;EMBALLAGE <\/strong>:<br \/>\n1 sachet, 100 comprim\u00e9s, 20 mg par comprim\u00e9 <strong>QU&#8217;EST-CE QUE C&#8217;EST :<\/strong><br \/>\nLe Stanozolol plus connu sous le nom de Winstrol est le st\u00e9ro\u00efde oral le plus utilis\u00e9 dans les phases de coupe. Son potentiel androg\u00e8ne est tr\u00e8s \u00e9lev\u00e9, ce qui en fait le st\u00e9ro\u00efde id\u00e9al pour conserver la masse musculaire tout en perdant de la graisse. Il est \u00e9galement tr\u00e8s utile pour am\u00e9liorer la force et peut \u00eatre utilis\u00e9 dans les sports explosifs. <strong>MODE<\/strong> D <strong>&#8216;EMPLOI :<\/strong><br \/>\nLes doses vont de 30 \u00e0 100 mg, 40-50 mg \u00e9tant une dose standard et 100 mg \u00e9tant une dose de pr\u00e9-comp\u00e9tition. Nous vous recommandons de ne pas l&#8217;utiliser pendant plus de 4 \u00e0 6 semaines d&#8217;affil\u00e9e. Nous vous recommandons de fractionner la dose en deux prises par jour. En ce qui concerne la version orale, nous vous recommandons de l&#8217;utiliser une fois par jour. <strong>INFORMATIONS SUR LE LOT :<br \/>\n<\/strong>Num\u00e9ro de lot : <span data-sheets-root=\"1\" data-sheets-value=\"{\" data-sheets-userformat=\"{\">NK31868<\/span><br \/>\nDate de fabrication : <span data-sheets-root=\"1\" data-sheets-value=\"{\" data-sheets-userformat=\"{\">10.2025.<\/span><br \/>\nDate d&#8217;expiration : <span data-sheets-root=\"1\" data-sheets-value=\"{\" data-sheets-userformat=\"{\">10.2028<\/span><\/p>\n","protected":false},"excerpt":{"rendered":"<p>POSOLOGIE : Stanozolol 20 mg\/comprim\u00e9. CONTENU DE L&#8217;EMBALLAGE : 1 sachet, 100 comprim\u00e9s, 20 mg par comprim\u00e9 QU&#8217;EST-CE QUE C&#8217;EST : Le Stanozolol plus connu sous le nom de Winstrol est le st\u00e9ro\u00efde oral le plus utilis\u00e9 dans les phases de coupe. Son potentiel androg\u00e8ne est tr\u00e8s \u00e9lev\u00e9, ce qui en fait le st\u00e9ro\u00efde id\u00e9al&hellip;<\/p>\n","protected":false},"featured_media":76345,"comment_status":"open","ping_status":"closed","template":"","meta":[],"product_cat":[161,178],"product_tag":[],"yoast_head":"<!-- This site is optimized with the Yoast SEO plugin v23.0 - https:\/\/yoast.com\/wordpress\/plugins\/seo\/ -->\n<title>Stanozolol - Astera Labs<\/title>\n<meta name=\"robots\" content=\"index, follow, max-snippet:-1, max-image-preview:large, max-video-preview:-1\" \/>\n<link rel=\"canonical\" href=\"https:\/\/asteralabs.org\/fr\/product\/stanozolol-2\/\" \/>\n<meta property=\"og:locale\" content=\"fr_FR\" \/>\n<meta property=\"og:type\" content=\"article\" \/>\n<meta property=\"og:title\" content=\"Stanozolol - Astera Labs\" \/>\n<meta property=\"og:description\" content=\"POSOLOGIE : Stanozolol 20 mg\/comprim\u00e9. CONTENU DE L&#8217;EMBALLAGE : 1 sachet, 100 comprim\u00e9s, 20 mg par comprim\u00e9 QU&#8217;EST-CE QUE C&#8217;EST : Le Stanozolol plus connu sous le nom de Winstrol est le st\u00e9ro\u00efde oral le plus utilis\u00e9 dans les phases de coupe. Son potentiel androg\u00e8ne est tr\u00e8s \u00e9lev\u00e9, ce qui en fait le st\u00e9ro\u00efde id\u00e9al&hellip;\" \/>\n<meta property=\"og:url\" content=\"https:\/\/asteralabs.org\/fr\/product\/stanozolol-2\/\" \/>\n<meta property=\"og:site_name\" content=\"Astera Labs\" \/>\n<meta property=\"article:modified_time\" content=\"2026-01-15T13:34:20+00:00\" \/>\n<meta property=\"og:image\" content=\"https:\/\/asteralabs.org\/wp-content\/uploads\/2023\/01\/Stanozolol-mockup-nbg.png\" \/>\n\t<meta property=\"og:image:width\" content=\"2000\" \/>\n\t<meta property=\"og:image:height\" content=\"2000\" \/>\n\t<meta property=\"og:image:type\" content=\"image\/png\" \/>\n<meta name=\"twitter:card\" content=\"summary_large_image\" \/>\n<script type=\"application\/ld+json\" class=\"yoast-schema-graph\">{\"@context\":\"https:\/\/schema.org\",\"@graph\":[{\"@type\":\"WebPage\",\"@id\":\"https:\/\/asteralabs.org\/fr\/product\/stanozolol-2\/\",\"url\":\"https:\/\/asteralabs.org\/fr\/product\/stanozolol-2\/\",\"name\":\"Stanozolol - Astera Labs\",\"isPartOf\":{\"@id\":\"https:\/\/asteralabs.org\/fr\/#website\"},\"primaryImageOfPage\":{\"@id\":\"https:\/\/asteralabs.org\/fr\/product\/stanozolol-2\/#primaryimage\"},\"image\":{\"@id\":\"https:\/\/asteralabs.org\/fr\/product\/stanozolol-2\/#primaryimage\"},\"thumbnailUrl\":\"https:\/\/asteralabs.org\/wp-content\/uploads\/2023\/01\/Stanozolol-mockup-nbg.png\",\"datePublished\":\"2023-01-10T22:42:05+00:00\",\"dateModified\":\"2026-01-15T13:34:20+00:00\",\"breadcrumb\":{\"@id\":\"https:\/\/asteralabs.org\/fr\/product\/stanozolol-2\/#breadcrumb\"},\"inLanguage\":\"fr-FR\",\"potentialAction\":[{\"@type\":\"ReadAction\",\"target\":[\"https:\/\/asteralabs.org\/fr\/product\/stanozolol-2\/\"]}]},{\"@type\":\"ImageObject\",\"inLanguage\":\"fr-FR\",\"@id\":\"https:\/\/asteralabs.org\/fr\/product\/stanozolol-2\/#primaryimage\",\"url\":\"https:\/\/asteralabs.org\/wp-content\/uploads\/2023\/01\/Stanozolol-mockup-nbg.png\",\"contentUrl\":\"https:\/\/asteralabs.org\/wp-content\/uploads\/2023\/01\/Stanozolol-mockup-nbg.png\",\"width\":2000,\"height\":2000},{\"@type\":\"BreadcrumbList\",\"@id\":\"https:\/\/asteralabs.org\/fr\/product\/stanozolol-2\/#breadcrumb\",\"itemListElement\":[{\"@type\":\"ListItem\",\"position\":1,\"name\":\"Home\",\"item\":\"https:\/\/asteralabs.org\/fr\/\"},{\"@type\":\"ListItem\",\"position\":2,\"name\":\"Boutique\",\"item\":\"https:\/\/asteralabs.org\/boutique\/\"},{\"@type\":\"ListItem\",\"position\":3,\"name\":\"Stanozolol\"}]},{\"@type\":\"WebSite\",\"@id\":\"https:\/\/asteralabs.org\/fr\/#website\",\"url\":\"https:\/\/asteralabs.org\/fr\/\",\"name\":\"Astera Labs\",\"description\":\"Improve Your Quality Of Life\",\"publisher\":{\"@id\":\"https:\/\/asteralabs.org\/fr\/#organization\"},\"potentialAction\":[{\"@type\":\"SearchAction\",\"target\":{\"@type\":\"EntryPoint\",\"urlTemplate\":\"https:\/\/asteralabs.org\/fr\/?s={search_term_string}\"},\"query-input\":\"required name=search_term_string\"}],\"inLanguage\":\"fr-FR\"},{\"@type\":\"Organization\",\"@id\":\"https:\/\/asteralabs.org\/fr\/#organization\",\"name\":\"Astera Labs\",\"url\":\"https:\/\/asteralabs.org\/fr\/\",\"logo\":{\"@type\":\"ImageObject\",\"inLanguage\":\"fr-FR\",\"@id\":\"https:\/\/asteralabs.org\/fr\/#\/schema\/logo\/image\/\",\"url\":\"https:\/\/asteralabs.org\/wp-content\/uploads\/2022\/12\/astera-2.png\",\"contentUrl\":\"https:\/\/asteralabs.org\/wp-content\/uploads\/2022\/12\/astera-2.png\",\"width\":437,\"height\":111,\"caption\":\"Astera Labs\"},\"image\":{\"@id\":\"https:\/\/asteralabs.org\/fr\/#\/schema\/logo\/image\/\"}}]}<\/script>\n<!-- \/ Yoast SEO plugin. -->","yoast_head_json":{"title":"Stanozolol - Astera Labs","robots":{"index":"index","follow":"follow","max-snippet":"max-snippet:-1","max-image-preview":"max-image-preview:large","max-video-preview":"max-video-preview:-1"},"canonical":"https:\/\/asteralabs.org\/fr\/product\/stanozolol-2\/","og_locale":"fr_FR","og_type":"article","og_title":"Stanozolol - Astera Labs","og_description":"POSOLOGIE : Stanozolol 20 mg\/comprim\u00e9. CONTENU DE L&#8217;EMBALLAGE : 1 sachet, 100 comprim\u00e9s, 20 mg par comprim\u00e9 QU&#8217;EST-CE QUE C&#8217;EST : Le Stanozolol plus connu sous le nom de Winstrol est le st\u00e9ro\u00efde oral le plus utilis\u00e9 dans les phases de coupe. Son potentiel androg\u00e8ne est tr\u00e8s \u00e9lev\u00e9, ce qui en fait le st\u00e9ro\u00efde id\u00e9al&hellip;","og_url":"https:\/\/asteralabs.org\/fr\/product\/stanozolol-2\/","og_site_name":"Astera Labs","article_modified_time":"2026-01-15T13:34:20+00:00","og_image":[{"width":2000,"height":2000,"url":"https:\/\/asteralabs.org\/wp-content\/uploads\/2023\/01\/Stanozolol-mockup-nbg.png","type":"image\/png"}],"twitter_card":"summary_large_image","schema":{"@context":"https:\/\/schema.org","@graph":[{"@type":"WebPage","@id":"https:\/\/asteralabs.org\/fr\/product\/stanozolol-2\/","url":"https:\/\/asteralabs.org\/fr\/product\/stanozolol-2\/","name":"Stanozolol - Astera Labs","isPartOf":{"@id":"https:\/\/asteralabs.org\/fr\/#website"},"primaryImageOfPage":{"@id":"https:\/\/asteralabs.org\/fr\/product\/stanozolol-2\/#primaryimage"},"image":{"@id":"https:\/\/asteralabs.org\/fr\/product\/stanozolol-2\/#primaryimage"},"thumbnailUrl":"https:\/\/asteralabs.org\/wp-content\/uploads\/2023\/01\/Stanozolol-mockup-nbg.png","datePublished":"2023-01-10T22:42:05+00:00","dateModified":"2026-01-15T13:34:20+00:00","breadcrumb":{"@id":"https:\/\/asteralabs.org\/fr\/product\/stanozolol-2\/#breadcrumb"},"inLanguage":"fr-FR","potentialAction":[{"@type":"ReadAction","target":["https:\/\/asteralabs.org\/fr\/product\/stanozolol-2\/"]}]},{"@type":"ImageObject","inLanguage":"fr-FR","@id":"https:\/\/asteralabs.org\/fr\/product\/stanozolol-2\/#primaryimage","url":"https:\/\/asteralabs.org\/wp-content\/uploads\/2023\/01\/Stanozolol-mockup-nbg.png","contentUrl":"https:\/\/asteralabs.org\/wp-content\/uploads\/2023\/01\/Stanozolol-mockup-nbg.png","width":2000,"height":2000},{"@type":"BreadcrumbList","@id":"https:\/\/asteralabs.org\/fr\/product\/stanozolol-2\/#breadcrumb","itemListElement":[{"@type":"ListItem","position":1,"name":"Home","item":"https:\/\/asteralabs.org\/fr\/"},{"@type":"ListItem","position":2,"name":"Boutique","item":"https:\/\/asteralabs.org\/boutique\/"},{"@type":"ListItem","position":3,"name":"Stanozolol"}]},{"@type":"WebSite","@id":"https:\/\/asteralabs.org\/fr\/#website","url":"https:\/\/asteralabs.org\/fr\/","name":"Astera Labs","description":"Improve Your Quality Of Life","publisher":{"@id":"https:\/\/asteralabs.org\/fr\/#organization"},"potentialAction":[{"@type":"SearchAction","target":{"@type":"EntryPoint","urlTemplate":"https:\/\/asteralabs.org\/fr\/?s={search_term_string}"},"query-input":"required name=search_term_string"}],"inLanguage":"fr-FR"},{"@type":"Organization","@id":"https:\/\/asteralabs.org\/fr\/#organization","name":"Astera Labs","url":"https:\/\/asteralabs.org\/fr\/","logo":{"@type":"ImageObject","inLanguage":"fr-FR","@id":"https:\/\/asteralabs.org\/fr\/#\/schema\/logo\/image\/","url":"https:\/\/asteralabs.org\/wp-content\/uploads\/2022\/12\/astera-2.png","contentUrl":"https:\/\/asteralabs.org\/wp-content\/uploads\/2022\/12\/astera-2.png","width":437,"height":111,"caption":"Astera Labs"},"image":{"@id":"https:\/\/asteralabs.org\/fr\/#\/schema\/logo\/image\/"}}]}},"_links":{"self":[{"href":"https:\/\/asteralabs.org\/fr\/wp-json\/wp\/v2\/product\/78258"}],"collection":[{"href":"https:\/\/asteralabs.org\/fr\/wp-json\/wp\/v2\/product"}],"about":[{"href":"https:\/\/asteralabs.org\/fr\/wp-json\/wp\/v2\/types\/product"}],"replies":[{"embeddable":true,"href":"https:\/\/asteralabs.org\/fr\/wp-json\/wp\/v2\/comments?post=78258"}],"version-history":[{"count":2,"href":"https:\/\/asteralabs.org\/fr\/wp-json\/wp\/v2\/product\/78258\/revisions"}],"predecessor-version":[{"id":79925,"href":"https:\/\/asteralabs.org\/fr\/wp-json\/wp\/v2\/product\/78258\/revisions\/79925"}],"wp:featuredmedia":[{"embeddable":true,"href":"https:\/\/asteralabs.org\/fr\/wp-json\/wp\/v2\/media\/76345"}],"wp:attachment":[{"href":"https:\/\/asteralabs.org\/fr\/wp-json\/wp\/v2\/media?parent=78258"}],"wp:term":[{"taxonomy":"product_cat","embeddable":true,"href":"https:\/\/asteralabs.org\/fr\/wp-json\/wp\/v2\/product_cat?post=78258"},{"taxonomy":"product_tag","embeddable":true,"href":"https:\/\/asteralabs.org\/fr\/wp-json\/wp\/v2\/product_tag?post=78258"}],"curies":[{"name":"wp","href":"https:\/\/api.w.org\/{rel}","templated":true}]}}