{"id":77110,"date":"2023-02-21T19:32:09","date_gmt":"2023-02-21T19:32:09","guid":{"rendered":"https:\/\/asteralabs.org\/informativa-sulla-privacy-2\/"},"modified":"2025-01-30T13:23:13","modified_gmt":"2025-01-30T13:23:13","slug":"informativa-sulla-privacy","status":"publish","type":"page","link":"https:\/\/asteralabs.org\/it\/informativa-sulla-privacy\/","title":{"rendered":"Informativa sulla privacy"},"content":{"rendered":"\t\t<div data-elementor-type=\"wp-page\" data-elementor-id=\"77110\" class=\"elementor elementor-77110 elementor-72912\" data-elementor-post-type=\"page\">\n\t\t\t\t\t\t\t\t\t<section class=\"elementor-section elementor-top-section elementor-element elementor-element-778deb4 elementor-section-boxed elementor-section-height-default elementor-section-height-default\" data-id=\"778deb4\" data-element_type=\"section\">\n\t\t\t\t\t\t<div class=\"elementor-container elementor-column-gap-default\">\n\t\t\t\t\t<div class=\"elementor-column elementor-col-100 elementor-top-column elementor-element elementor-element-b7ac418\" data-id=\"b7ac418\" data-element_type=\"column\">\n\t\t\t<div class=\"elementor-widget-wrap elementor-element-populated\">\n\t\t\t\t\t\t\t\t<div class=\"elementor-element elementor-element-120ff5a elementor-widget elementor-widget-heading\" data-id=\"120ff5a\" data-element_type=\"widget\" data-widget_type=\"heading.default\">\n\t\t\t\t<div class=\"elementor-widget-container\">\n\t\t\t<h2 class=\"elementor-heading-title elementor-size-default\">Informativa sulla privacy<\/h2>\t\t<\/div>\n\t\t\t\t<\/div>\n\t\t\t\t<div class=\"elementor-element elementor-element-f2e1b90 elementor-widget elementor-widget-text-editor\" data-id=\"f2e1b90\" data-element_type=\"widget\" data-widget_type=\"text-editor.default\">\n\t\t\t\t<div class=\"elementor-widget-container\">\n\t\t\t\t\t\t\t<p align=\"justify\"><span style=\"font-family:  \" open=\"\" sans=\"\" open-sans=\"\"><span style=\"font-size: medium;\">La presente informativa sulla privacy (&#8220;informativa&#8221;) ti aiuter\u00e0 a comprendere come Astera Labs (&#8220;noi&#8221;, &#8220;nostro&#8221;) utilizza e protegge i dati che ci fornisci quando visiti e utilizzi il sito web https:\/\/asteralabs.org\/.  <\/span><\/span><\/p>\n<p align=\"justify\"><span style=\"font-family: Arial, serif;\"><span style=\"font-size: medium;\">Ci riserviamo il diritto di modificare questa politica in qualsiasi momento, e di questo sarai tempestivamente aggiornato. Se vuoi essere sicuro di essere aggiornato sulle ultime modifiche, ti consigliamo di visitare spesso questa pagina. <\/span><\/span><\/p>\n<p align=\"justify\"><span style=\"font-family: Arial, serif;\"><span style=\"font-size: medium;\"><b>Quali dati utente raccogliamo<\/b><\/span><\/span><\/p>\n<p align=\"justify\"><span style=\"font-family: Arial, serif;\"><span style=\"font-size: medium;\">Quando visiti il sito web, possiamo raccogliere i seguenti dati:<\/span><\/span><\/p>\n<ul>\n<li>\n<p align=\"justify\"><span style=\"font-family: Arial, serif;\"><span style=\"font-size: medium;\">Il tuo indirizzo IP.<\/span><\/span><\/p>\n<\/li>\n<li>\n<p align=\"justify\"><span style=\"font-family: Arial, serif;\"><span style=\"font-size: medium;\">Le tue informazioni di contatto e l&#8217;indirizzo e-mail.<\/span><\/span><\/p>\n<\/li>\n<li>\n<p align=\"justify\"><span style=\"font-family: Arial, serif;\"><span style=\"font-size: medium;\">Altre informazioni come interessi e preferenze.<\/span><\/span><\/p>\n<\/li>\n<li>\n<p align=\"justify\"><span style=\"font-family: Arial, serif;\"><span style=\"font-size: medium;\">Profilo dei dati relativi al tuo comportamento online sul nostro sito web.<\/span><\/span><\/p>\n<\/li>\n<\/ul>\n<p align=\"justify\"><span style=\"font-family: Arial, serif;\"><span style=\"font-size: medium;\"><b>Perch\u00e9 raccogliamo i tuoi dati<\/b><\/span><\/span><\/p>\n<p align=\"justify\"><span style=\"font-family: Arial, serif;\"><span style=\"font-size: medium;\">Stiamo raccogliendo i tuoi dati per diversi motivi:<\/span><\/span><\/p>\n<ul>\n<li>\n<p align=\"justify\"><span style=\"font-family: Arial, serif;\"><span style=\"font-size: medium;\">Per capire meglio le tue esigenze.<\/span><\/span><\/p>\n<\/li>\n<li>\n<p align=\"justify\"><span style=\"font-family: Arial, serif;\"><span style=\"font-size: medium;\">Per migliorare i nostri servizi e prodotti.<\/span><\/span><\/p>\n<\/li>\n<li>\n<p align=\"justify\"><span style=\"font-family: Arial, serif;\"><span style=\"font-size: medium;\">Per inviarti e-mail promozionali contenenti informazioni che riteniamo interessanti per te.<\/span><\/span><\/p>\n<\/li>\n<li>\n<p align=\"justify\"><span style=\"font-family: Arial, serif;\"><span style=\"font-size: medium;\">Per contattarti per compilare sondaggi e partecipare ad altri tipi di ricerche di mercato.<\/span><\/span><\/p>\n<\/li>\n<li>\n<p align=\"justify\"><span style=\"font-family: Arial, serif;\"><span style=\"font-size: medium;\">Per personalizzare il nostro sito web in base al tuo comportamento online e alle tue preferenze personali.<\/span><\/span><\/p>\n<\/li>\n<\/ul>\n<p align=\"justify\"><span style=\"font-family: Arial, serif;\"><span style=\"font-size: medium;\"><b>Salvaguardia e sicurezza dei dati<\/b><\/span><\/span><\/p>\n<p align=\"justify\"><span style=\"font-family: Arial, serif;\"><span style=\"font-size: medium;\">Astera Labs si impegna a proteggere i tuoi dati e a mantenerli riservati. Astera Labs ha fatto tutto il possibile per prevenire il furto di dati, l&#8217;accesso non autorizzato e la divulgazione, implementando le tecnologie e i software pi\u00f9 recenti che ci aiutano a salvaguardare tutte le informazioni raccolte online. <\/span><\/span><\/p>\n<p align=\"justify\"><span style=\"font-family: Arial, serif;\"><span style=\"font-size: medium;\"><b>La nostra politica sui cookie<\/b><\/span><\/span><\/p>\n<p align=\"justify\"><span style=\"font-family: Arial, serif;\"><span style=\"font-size: medium;\">Una volta che accetti di consentire al nostro sito web di utilizzare i cookie, accetti anche di utilizzare i dati che esso raccoglie in merito al tuo comportamento online (analisi del traffico web, pagine web che visiti e a cui dedichi pi\u00f9 tempo).<\/span><\/span><\/p>\n<p align=\"justify\"><a name=\"_GoBack\"><\/a> <span style=\"font-family: Arial, serif;\"><span style=\"font-size: medium;\">I dati raccolti tramite i cookie vengono utilizzati per personalizzare il nostro sito web in base alle tue esigenze. Una volta utilizzati per l&#8217;analisi statistica, i dati vengono completamente rimossi dai nostri sistemi. <\/span><\/span><\/p>\n<p align=\"justify\"><span style=\"font-family: Arial, serif;\"><span style=\"font-size: medium;\">Ti ricordiamo che i cookie non ci permettono di controllare in alcun modo il tuo computer. Vengono utilizzati esclusivamente per monitorare quali pagine trovi utili e quali no, in modo da poterti offrire un&#8217;esperienza migliore. <\/span><\/span><\/p>\n<p align=\"justify\"><span style=\"font-family: Arial, serif;\"><span style=\"font-size: medium;\">Se vuoi disabilitare i cookie, puoi farlo accedendo alle impostazioni del tuo browser internet. Puoi visitare il sito   <\/span><\/span><span style=\"color: #0563c1;\"><u><a href=\"https:\/\/www.internetcookies.com\/\"><span style=\"font-family: Arial, serif;\"><span style=\"font-size: medium;\">https:\/\/www.internetcookies.com<\/span><\/span><\/a><\/u><\/span><span style=\"font-family: Arial, serif;\"><span style=\"font-size: medium;\">che contiene informazioni esaustive su come effettuare questa operazione su un&#8217;ampia gamma di browser e dispositivi.<\/span><\/span><\/p>\n<p align=\"justify\"><span style=\"font-family: Arial, serif;\"><span style=\"font-size: medium;\"><b>Link ad altri siti web<\/b><\/span><\/span><\/p>\n<p align=\"justify\"><span style=\"font-family: Arial, serif;\"><span style=\"font-size: medium;\">Il nostro sito web contiene link che conducono ad altri siti web. Se clicchi su questi link, Astera Labs non \u00e8 responsabile della protezione dei tuoi dati e della tua privacy. La visita a questi siti web non \u00e8 regolata dal presente accordo sulla privacy. Assicurati di leggere la documentazione sulla privacy del sito web a cui accedi dal nostro sito.   <\/span><\/span><\/p>\n<p align=\"justify\"><span style=\"font-family: Arial, serif;\"><span style=\"font-size: medium;\"><b>Limitazione della raccolta dei tuoi dati personali<\/b><\/span><\/span><\/p>\n<p align=\"justify\"><span style=\"font-family: Arial, serif;\"><span style=\"font-size: medium;\">A un certo punto potresti voler limitare l&#8217;uso e la raccolta dei tuoi dati personali. Puoi ottenere questo risultato procedendo come segue: <\/span><\/span><\/p>\n<p align=\"justify\"><span style=\"font-family: Arial, serif;\"><span style=\"font-size: medium;\">Quando compili i moduli sul sito web, assicurati di controllare se c&#8217;\u00e8 una casella che puoi lasciare deselezionata, se non vuoi divulgare le tue informazioni personali.<\/span><\/span><\/p>\n<p align=\"justify\"><span style=\"font-family: Arial, serif;\"><span style=\"font-size: medium;\">Se hai gi\u00e0 accettato di condividere i tuoi dati con noi, non esitare a contattarci via e-mail e saremo pi\u00f9 che lieti di modificarli.<\/span><\/span><\/p>\n<p><span style=\"font-family: Arial, serif;\"><span style=\"font-size: medium;\">Astera Labs non affitter\u00e0, vender\u00e0 o distribuir\u00e0 le tue informazioni personali a terzi, a meno che non abbiamo il tuo permesso. Potremmo farlo se la legge ci obbliga. I tuoi dati personali saranno utilizzati per l&#8217;invio di materiale promozionale se accetti questa politica sulla privacy.    <\/span><\/span><\/p>\t\t\t\t\t\t<\/div>\n\t\t\t\t<\/div>\n\t\t\t\t\t<\/div>\n\t\t<\/div>\n\t\t\t\t\t\t\t<\/div>\n\t\t<\/section>\n\t\t\t\t\t\t\t<\/div>\n\t\t","protected":false},"excerpt":{"rendered":"<p>Informativa sulla privacy La presente informativa sulla privacy (&#8220;informativa&#8221;) ti aiuter\u00e0 a comprendere come Astera Labs (&#8220;noi&#8221;, &#8220;nostro&#8221;) utilizza e protegge i dati che ci fornisci quando visiti e utilizzi il sito web https:\/\/asteralabs.org\/. Ci riserviamo il diritto di modificare questa politica in qualsiasi momento, e di questo sarai tempestivamente aggiornato. Se vuoi essere sicuro&hellip;<\/p>\n","protected":false},"author":1,"featured_media":0,"parent":0,"menu_order":0,"comment_status":"closed","ping_status":"closed","template":"","meta":{"footnotes":""},"yoast_head":"<!-- This site is optimized with the Yoast SEO plugin v23.0 - https:\/\/yoast.com\/wordpress\/plugins\/seo\/ -->\n<title>Informativa sulla privacy - Astera Labs<\/title>\n<meta name=\"robots\" content=\"index, follow, max-snippet:-1, max-image-preview:large, max-video-preview:-1\" \/>\n<link rel=\"canonical\" href=\"https:\/\/asteralabs.org\/it\/informativa-sulla-privacy\/\" \/>\n<meta property=\"og:locale\" content=\"it_IT\" \/>\n<meta property=\"og:type\" content=\"article\" \/>\n<meta property=\"og:title\" content=\"Informativa sulla privacy - Astera Labs\" \/>\n<meta property=\"og:description\" content=\"Informativa sulla privacy La presente informativa sulla privacy (&#8220;informativa&#8221;) ti aiuter\u00e0 a comprendere come Astera Labs (&#8220;noi&#8221;, &#8220;nostro&#8221;) utilizza e protegge i dati che ci fornisci quando visiti e utilizzi il sito web https:\/\/asteralabs.org\/. Ci riserviamo il diritto di modificare questa politica in qualsiasi momento, e di questo sarai tempestivamente aggiornato. Se vuoi essere sicuro&hellip;\" \/>\n<meta property=\"og:url\" content=\"https:\/\/asteralabs.org\/it\/informativa-sulla-privacy\/\" \/>\n<meta property=\"og:site_name\" content=\"Astera Labs\" \/>\n<meta property=\"article:modified_time\" content=\"2025-01-30T13:23:13+00:00\" \/>\n<meta name=\"twitter:card\" content=\"summary_large_image\" \/>\n<script type=\"application\/ld+json\" class=\"yoast-schema-graph\">{\"@context\":\"https:\/\/schema.org\",\"@graph\":[{\"@type\":\"WebPage\",\"@id\":\"https:\/\/asteralabs.org\/it\/informativa-sulla-privacy\/\",\"url\":\"https:\/\/asteralabs.org\/it\/informativa-sulla-privacy\/\",\"name\":\"Informativa sulla privacy - Astera Labs\",\"isPartOf\":{\"@id\":\"https:\/\/asteralabs.org\/it\/#website\"},\"datePublished\":\"2023-02-21T19:32:09+00:00\",\"dateModified\":\"2025-01-30T13:23:13+00:00\",\"breadcrumb\":{\"@id\":\"https:\/\/asteralabs.org\/it\/informativa-sulla-privacy\/#breadcrumb\"},\"inLanguage\":\"it-IT\",\"potentialAction\":[{\"@type\":\"ReadAction\",\"target\":[\"https:\/\/asteralabs.org\/it\/informativa-sulla-privacy\/\"]}]},{\"@type\":\"BreadcrumbList\",\"@id\":\"https:\/\/asteralabs.org\/it\/informativa-sulla-privacy\/#breadcrumb\",\"itemListElement\":[{\"@type\":\"ListItem\",\"position\":1,\"name\":\"Home\",\"item\":\"https:\/\/asteralabs.org\/it\/\"},{\"@type\":\"ListItem\",\"position\":2,\"name\":\"Informativa sulla privacy\"}]},{\"@type\":\"WebSite\",\"@id\":\"https:\/\/asteralabs.org\/it\/#website\",\"url\":\"https:\/\/asteralabs.org\/it\/\",\"name\":\"Astera Labs\",\"description\":\"Improve Your Quality Of Life\",\"publisher\":{\"@id\":\"https:\/\/asteralabs.org\/it\/#organization\"},\"potentialAction\":[{\"@type\":\"SearchAction\",\"target\":{\"@type\":\"EntryPoint\",\"urlTemplate\":\"https:\/\/asteralabs.org\/it\/?s={search_term_string}\"},\"query-input\":\"required name=search_term_string\"}],\"inLanguage\":\"it-IT\"},{\"@type\":\"Organization\",\"@id\":\"https:\/\/asteralabs.org\/it\/#organization\",\"name\":\"Astera Labs\",\"url\":\"https:\/\/asteralabs.org\/it\/\",\"logo\":{\"@type\":\"ImageObject\",\"inLanguage\":\"it-IT\",\"@id\":\"https:\/\/asteralabs.org\/it\/#\/schema\/logo\/image\/\",\"url\":\"https:\/\/asteralabs.org\/wp-content\/uploads\/2022\/12\/astera-2.png\",\"contentUrl\":\"https:\/\/asteralabs.org\/wp-content\/uploads\/2022\/12\/astera-2.png\",\"width\":437,\"height\":111,\"caption\":\"Astera Labs\"},\"image\":{\"@id\":\"https:\/\/asteralabs.org\/it\/#\/schema\/logo\/image\/\"}}]}<\/script>\n<!-- \/ Yoast SEO plugin. -->","yoast_head_json":{"title":"Informativa sulla privacy - Astera Labs","robots":{"index":"index","follow":"follow","max-snippet":"max-snippet:-1","max-image-preview":"max-image-preview:large","max-video-preview":"max-video-preview:-1"},"canonical":"https:\/\/asteralabs.org\/it\/informativa-sulla-privacy\/","og_locale":"it_IT","og_type":"article","og_title":"Informativa sulla privacy - Astera Labs","og_description":"Informativa sulla privacy La presente informativa sulla privacy (&#8220;informativa&#8221;) ti aiuter\u00e0 a comprendere come Astera Labs (&#8220;noi&#8221;, &#8220;nostro&#8221;) utilizza e protegge i dati che ci fornisci quando visiti e utilizzi il sito web https:\/\/asteralabs.org\/. Ci riserviamo il diritto di modificare questa politica in qualsiasi momento, e di questo sarai tempestivamente aggiornato. Se vuoi essere sicuro&hellip;","og_url":"https:\/\/asteralabs.org\/it\/informativa-sulla-privacy\/","og_site_name":"Astera Labs","article_modified_time":"2025-01-30T13:23:13+00:00","twitter_card":"summary_large_image","schema":{"@context":"https:\/\/schema.org","@graph":[{"@type":"WebPage","@id":"https:\/\/asteralabs.org\/it\/informativa-sulla-privacy\/","url":"https:\/\/asteralabs.org\/it\/informativa-sulla-privacy\/","name":"Informativa sulla privacy - Astera Labs","isPartOf":{"@id":"https:\/\/asteralabs.org\/it\/#website"},"datePublished":"2023-02-21T19:32:09+00:00","dateModified":"2025-01-30T13:23:13+00:00","breadcrumb":{"@id":"https:\/\/asteralabs.org\/it\/informativa-sulla-privacy\/#breadcrumb"},"inLanguage":"it-IT","potentialAction":[{"@type":"ReadAction","target":["https:\/\/asteralabs.org\/it\/informativa-sulla-privacy\/"]}]},{"@type":"BreadcrumbList","@id":"https:\/\/asteralabs.org\/it\/informativa-sulla-privacy\/#breadcrumb","itemListElement":[{"@type":"ListItem","position":1,"name":"Home","item":"https:\/\/asteralabs.org\/it\/"},{"@type":"ListItem","position":2,"name":"Informativa sulla privacy"}]},{"@type":"WebSite","@id":"https:\/\/asteralabs.org\/it\/#website","url":"https:\/\/asteralabs.org\/it\/","name":"Astera Labs","description":"Improve Your Quality Of Life","publisher":{"@id":"https:\/\/asteralabs.org\/it\/#organization"},"potentialAction":[{"@type":"SearchAction","target":{"@type":"EntryPoint","urlTemplate":"https:\/\/asteralabs.org\/it\/?s={search_term_string}"},"query-input":"required name=search_term_string"}],"inLanguage":"it-IT"},{"@type":"Organization","@id":"https:\/\/asteralabs.org\/it\/#organization","name":"Astera Labs","url":"https:\/\/asteralabs.org\/it\/","logo":{"@type":"ImageObject","inLanguage":"it-IT","@id":"https:\/\/asteralabs.org\/it\/#\/schema\/logo\/image\/","url":"https:\/\/asteralabs.org\/wp-content\/uploads\/2022\/12\/astera-2.png","contentUrl":"https:\/\/asteralabs.org\/wp-content\/uploads\/2022\/12\/astera-2.png","width":437,"height":111,"caption":"Astera Labs"},"image":{"@id":"https:\/\/asteralabs.org\/it\/#\/schema\/logo\/image\/"}}]}},"_links":{"self":[{"href":"https:\/\/asteralabs.org\/it\/wp-json\/wp\/v2\/pages\/77110"}],"collection":[{"href":"https:\/\/asteralabs.org\/it\/wp-json\/wp\/v2\/pages"}],"about":[{"href":"https:\/\/asteralabs.org\/it\/wp-json\/wp\/v2\/types\/page"}],"author":[{"embeddable":true,"href":"https:\/\/asteralabs.org\/it\/wp-json\/wp\/v2\/users\/1"}],"replies":[{"embeddable":true,"href":"https:\/\/asteralabs.org\/it\/wp-json\/wp\/v2\/comments?post=77110"}],"version-history":[{"count":1,"href":"https:\/\/asteralabs.org\/it\/wp-json\/wp\/v2\/pages\/77110\/revisions"}],"predecessor-version":[{"id":77111,"href":"https:\/\/asteralabs.org\/it\/wp-json\/wp\/v2\/pages\/77110\/revisions\/77111"}],"wp:attachment":[{"href":"https:\/\/asteralabs.org\/it\/wp-json\/wp\/v2\/media?parent=77110"}],"curies":[{"name":"wp","href":"https:\/\/api.w.org\/{rel}","templated":true}]}}