{"id":77670,"date":"2022-11-05T20:06:18","date_gmt":"2022-11-05T20:06:18","guid":{"rendered":"https:\/\/asteralabs.org\/product\/sustanon-300mg\/"},"modified":"2026-01-15T13:50:27","modified_gmt":"2026-01-15T13:50:27","slug":"sustanon-300mg","status":"publish","type":"product","link":"https:\/\/asteralabs.org\/it\/product\/sustanon-300mg\/","title":{"rendered":"Sustanon 300mg"},"content":{"rendered":"<p><strong>DOSAGGIO:<\/strong><br \/>\nTestosterone Decanoato 120mg\/ml<br \/>\nTestosterone Isocaproato 72mg\/ml<br \/>\nTestosterone Fenilpropionato 72mg\/ml<br \/>\nTestosterone Propionato 36mg\/ml <strong>CONTENUTO DELLA CONFEZIONE:<\/strong><br \/>\n1 fiala da 10ML, 300 mg per ml <strong>CHE COSA \u00c8: <\/strong><br \/>\n\u00c8 una combinazione di diversi esteri del testosterone. Sebbene la sua concentrazione sia piuttosto elevata, la combinazione di diversi esteri rende il suo grado di tolleranza molto alto. Sebbene abbia diversi esteri lunghi che mantengono i livelli ematici stabili per lunghi periodi di tempo, poich\u00e9 ha anche diversi esteri corti, si raccomanda di utilizzare un protocollo di iniezione basato sull&#8217;emivita del prodotto. <strong>COME SI USA: <\/strong><br \/>\nEssendo un prodotto a base di testosterone, pu\u00f2 avere diversi utilizzi: pu\u00f2 essere usato come TRT, pu\u00f2 essere usato come ciclo singolo o pu\u00f2 servire come base per un ciclo con diverse sostanze. La dose da utilizzare pu\u00f2 variare a seconda dell&#8217;uso che se ne vuole fare; dosi da 100 mg a 1000 mg settimanali sono piuttosto comuni.<\/p>\n<p><strong>INFORMAZIONI SUL LOTTO:<br \/>\n<\/strong>Numero di lotto: <span data-sheets-root=\"1\" data-sheets-value=\"{\" data-sheets-userformat=\"{\">ZE37285<\/span><br \/>\nData di produzione: <span data-sheets-root=\"1\" data-sheets-value=\"{\" data-sheets-userformat=\"{\">10.2025.<\/span><br \/>\nData di scadenza: <span data-sheets-root=\"1\" data-sheets-value=\"{\" data-sheets-userformat=\"{\">10.2028.<\/span><\/p>\n","protected":false},"excerpt":{"rendered":"<p>DOSAGGIO: Testosterone Decanoato 120mg\/ml Testosterone Isocaproato 72mg\/ml Testosterone Fenilpropionato 72mg\/ml Testosterone Propionato 36mg\/ml CONTENUTO DELLA CONFEZIONE: 1 fiala da 10ML, 300 mg per ml CHE COSA \u00c8: \u00c8 una combinazione di diversi esteri del testosterone. Sebbene la sua concentrazione sia piuttosto elevata, la combinazione di diversi esteri rende il suo grado di tolleranza molto alto.&hellip;<\/p>\n","protected":false},"featured_media":76035,"comment_status":"open","ping_status":"closed","template":"","meta":[],"product_cat":[159,158],"product_tag":[],"yoast_head":"<!-- This site is optimized with the Yoast SEO plugin v23.0 - https:\/\/yoast.com\/wordpress\/plugins\/seo\/ -->\n<title>Sustanon 300mg - Astera Labs<\/title>\n<meta name=\"robots\" content=\"index, follow, max-snippet:-1, max-image-preview:large, max-video-preview:-1\" \/>\n<link rel=\"canonical\" href=\"https:\/\/asteralabs.org\/it\/product\/sustanon-300mg\/\" \/>\n<meta property=\"og:locale\" content=\"it_IT\" \/>\n<meta property=\"og:type\" content=\"article\" \/>\n<meta property=\"og:title\" content=\"Sustanon 300mg - Astera Labs\" \/>\n<meta property=\"og:description\" content=\"DOSAGGIO: Testosterone Decanoato 120mg\/ml Testosterone Isocaproato 72mg\/ml Testosterone Fenilpropionato 72mg\/ml Testosterone Propionato 36mg\/ml CONTENUTO DELLA CONFEZIONE: 1 fiala da 10ML, 300 mg per ml CHE COSA \u00c8: \u00c8 una combinazione di diversi esteri del testosterone. Sebbene la sua concentrazione sia piuttosto elevata, la combinazione di diversi esteri rende il suo grado di tolleranza molto alto.&hellip;\" \/>\n<meta property=\"og:url\" content=\"https:\/\/asteralabs.org\/it\/product\/sustanon-300mg\/\" \/>\n<meta property=\"og:site_name\" content=\"Astera Labs\" \/>\n<meta property=\"article:modified_time\" content=\"2026-01-15T13:50:27+00:00\" \/>\n<meta property=\"og:image\" content=\"https:\/\/asteralabs.org\/wp-content\/uploads\/2022\/11\/Sustanon-300mg-inject-nbg.png\" \/>\n\t<meta property=\"og:image:width\" content=\"2000\" \/>\n\t<meta property=\"og:image:height\" content=\"2000\" \/>\n\t<meta property=\"og:image:type\" content=\"image\/png\" \/>\n<meta name=\"twitter:card\" content=\"summary_large_image\" \/>\n<script type=\"application\/ld+json\" class=\"yoast-schema-graph\">{\"@context\":\"https:\/\/schema.org\",\"@graph\":[{\"@type\":\"WebPage\",\"@id\":\"https:\/\/asteralabs.org\/it\/product\/sustanon-300mg\/\",\"url\":\"https:\/\/asteralabs.org\/it\/product\/sustanon-300mg\/\",\"name\":\"Sustanon 300mg - Astera Labs\",\"isPartOf\":{\"@id\":\"https:\/\/asteralabs.org\/it\/#website\"},\"primaryImageOfPage\":{\"@id\":\"https:\/\/asteralabs.org\/it\/product\/sustanon-300mg\/#primaryimage\"},\"image\":{\"@id\":\"https:\/\/asteralabs.org\/it\/product\/sustanon-300mg\/#primaryimage\"},\"thumbnailUrl\":\"https:\/\/asteralabs.org\/wp-content\/uploads\/2022\/11\/Sustanon-300mg-inject-nbg.png\",\"datePublished\":\"2022-11-05T20:06:18+00:00\",\"dateModified\":\"2026-01-15T13:50:27+00:00\",\"breadcrumb\":{\"@id\":\"https:\/\/asteralabs.org\/it\/product\/sustanon-300mg\/#breadcrumb\"},\"inLanguage\":\"it-IT\",\"potentialAction\":[{\"@type\":\"ReadAction\",\"target\":[\"https:\/\/asteralabs.org\/it\/product\/sustanon-300mg\/\"]}]},{\"@type\":\"ImageObject\",\"inLanguage\":\"it-IT\",\"@id\":\"https:\/\/asteralabs.org\/it\/product\/sustanon-300mg\/#primaryimage\",\"url\":\"https:\/\/asteralabs.org\/wp-content\/uploads\/2022\/11\/Sustanon-300mg-inject-nbg.png\",\"contentUrl\":\"https:\/\/asteralabs.org\/wp-content\/uploads\/2022\/11\/Sustanon-300mg-inject-nbg.png\",\"width\":2000,\"height\":2000},{\"@type\":\"BreadcrumbList\",\"@id\":\"https:\/\/asteralabs.org\/it\/product\/sustanon-300mg\/#breadcrumb\",\"itemListElement\":[{\"@type\":\"ListItem\",\"position\":1,\"name\":\"Home\",\"item\":\"https:\/\/asteralabs.org\/it\/\"},{\"@type\":\"ListItem\",\"position\":2,\"name\":\"Negozio\",\"item\":\"https:\/\/asteralabs.org\/negozio\/\"},{\"@type\":\"ListItem\",\"position\":3,\"name\":\"Sustanon 300mg\"}]},{\"@type\":\"WebSite\",\"@id\":\"https:\/\/asteralabs.org\/it\/#website\",\"url\":\"https:\/\/asteralabs.org\/it\/\",\"name\":\"Astera Labs\",\"description\":\"Improve Your Quality Of Life\",\"publisher\":{\"@id\":\"https:\/\/asteralabs.org\/it\/#organization\"},\"potentialAction\":[{\"@type\":\"SearchAction\",\"target\":{\"@type\":\"EntryPoint\",\"urlTemplate\":\"https:\/\/asteralabs.org\/it\/?s={search_term_string}\"},\"query-input\":\"required name=search_term_string\"}],\"inLanguage\":\"it-IT\"},{\"@type\":\"Organization\",\"@id\":\"https:\/\/asteralabs.org\/it\/#organization\",\"name\":\"Astera Labs\",\"url\":\"https:\/\/asteralabs.org\/it\/\",\"logo\":{\"@type\":\"ImageObject\",\"inLanguage\":\"it-IT\",\"@id\":\"https:\/\/asteralabs.org\/it\/#\/schema\/logo\/image\/\",\"url\":\"https:\/\/asteralabs.org\/wp-content\/uploads\/2022\/12\/astera-2.png\",\"contentUrl\":\"https:\/\/asteralabs.org\/wp-content\/uploads\/2022\/12\/astera-2.png\",\"width\":437,\"height\":111,\"caption\":\"Astera Labs\"},\"image\":{\"@id\":\"https:\/\/asteralabs.org\/it\/#\/schema\/logo\/image\/\"}}]}<\/script>\n<!-- \/ Yoast SEO plugin. -->","yoast_head_json":{"title":"Sustanon 300mg - Astera Labs","robots":{"index":"index","follow":"follow","max-snippet":"max-snippet:-1","max-image-preview":"max-image-preview:large","max-video-preview":"max-video-preview:-1"},"canonical":"https:\/\/asteralabs.org\/it\/product\/sustanon-300mg\/","og_locale":"it_IT","og_type":"article","og_title":"Sustanon 300mg - Astera Labs","og_description":"DOSAGGIO: Testosterone Decanoato 120mg\/ml Testosterone Isocaproato 72mg\/ml Testosterone Fenilpropionato 72mg\/ml Testosterone Propionato 36mg\/ml CONTENUTO DELLA CONFEZIONE: 1 fiala da 10ML, 300 mg per ml CHE COSA \u00c8: \u00c8 una combinazione di diversi esteri del testosterone. Sebbene la sua concentrazione sia piuttosto elevata, la combinazione di diversi esteri rende il suo grado di tolleranza molto alto.&hellip;","og_url":"https:\/\/asteralabs.org\/it\/product\/sustanon-300mg\/","og_site_name":"Astera Labs","article_modified_time":"2026-01-15T13:50:27+00:00","og_image":[{"width":2000,"height":2000,"url":"https:\/\/asteralabs.org\/wp-content\/uploads\/2022\/11\/Sustanon-300mg-inject-nbg.png","type":"image\/png"}],"twitter_card":"summary_large_image","schema":{"@context":"https:\/\/schema.org","@graph":[{"@type":"WebPage","@id":"https:\/\/asteralabs.org\/it\/product\/sustanon-300mg\/","url":"https:\/\/asteralabs.org\/it\/product\/sustanon-300mg\/","name":"Sustanon 300mg - Astera Labs","isPartOf":{"@id":"https:\/\/asteralabs.org\/it\/#website"},"primaryImageOfPage":{"@id":"https:\/\/asteralabs.org\/it\/product\/sustanon-300mg\/#primaryimage"},"image":{"@id":"https:\/\/asteralabs.org\/it\/product\/sustanon-300mg\/#primaryimage"},"thumbnailUrl":"https:\/\/asteralabs.org\/wp-content\/uploads\/2022\/11\/Sustanon-300mg-inject-nbg.png","datePublished":"2022-11-05T20:06:18+00:00","dateModified":"2026-01-15T13:50:27+00:00","breadcrumb":{"@id":"https:\/\/asteralabs.org\/it\/product\/sustanon-300mg\/#breadcrumb"},"inLanguage":"it-IT","potentialAction":[{"@type":"ReadAction","target":["https:\/\/asteralabs.org\/it\/product\/sustanon-300mg\/"]}]},{"@type":"ImageObject","inLanguage":"it-IT","@id":"https:\/\/asteralabs.org\/it\/product\/sustanon-300mg\/#primaryimage","url":"https:\/\/asteralabs.org\/wp-content\/uploads\/2022\/11\/Sustanon-300mg-inject-nbg.png","contentUrl":"https:\/\/asteralabs.org\/wp-content\/uploads\/2022\/11\/Sustanon-300mg-inject-nbg.png","width":2000,"height":2000},{"@type":"BreadcrumbList","@id":"https:\/\/asteralabs.org\/it\/product\/sustanon-300mg\/#breadcrumb","itemListElement":[{"@type":"ListItem","position":1,"name":"Home","item":"https:\/\/asteralabs.org\/it\/"},{"@type":"ListItem","position":2,"name":"Negozio","item":"https:\/\/asteralabs.org\/negozio\/"},{"@type":"ListItem","position":3,"name":"Sustanon 300mg"}]},{"@type":"WebSite","@id":"https:\/\/asteralabs.org\/it\/#website","url":"https:\/\/asteralabs.org\/it\/","name":"Astera Labs","description":"Improve Your Quality Of Life","publisher":{"@id":"https:\/\/asteralabs.org\/it\/#organization"},"potentialAction":[{"@type":"SearchAction","target":{"@type":"EntryPoint","urlTemplate":"https:\/\/asteralabs.org\/it\/?s={search_term_string}"},"query-input":"required name=search_term_string"}],"inLanguage":"it-IT"},{"@type":"Organization","@id":"https:\/\/asteralabs.org\/it\/#organization","name":"Astera Labs","url":"https:\/\/asteralabs.org\/it\/","logo":{"@type":"ImageObject","inLanguage":"it-IT","@id":"https:\/\/asteralabs.org\/it\/#\/schema\/logo\/image\/","url":"https:\/\/asteralabs.org\/wp-content\/uploads\/2022\/12\/astera-2.png","contentUrl":"https:\/\/asteralabs.org\/wp-content\/uploads\/2022\/12\/astera-2.png","width":437,"height":111,"caption":"Astera Labs"},"image":{"@id":"https:\/\/asteralabs.org\/it\/#\/schema\/logo\/image\/"}}]}},"_links":{"self":[{"href":"https:\/\/asteralabs.org\/it\/wp-json\/wp\/v2\/product\/77670"}],"collection":[{"href":"https:\/\/asteralabs.org\/it\/wp-json\/wp\/v2\/product"}],"about":[{"href":"https:\/\/asteralabs.org\/it\/wp-json\/wp\/v2\/types\/product"}],"replies":[{"embeddable":true,"href":"https:\/\/asteralabs.org\/it\/wp-json\/wp\/v2\/comments?post=77670"}],"version-history":[{"count":0,"href":"https:\/\/asteralabs.org\/it\/wp-json\/wp\/v2\/product\/77670\/revisions"}],"wp:featuredmedia":[{"embeddable":true,"href":"https:\/\/asteralabs.org\/it\/wp-json\/wp\/v2\/media\/76035"}],"wp:attachment":[{"href":"https:\/\/asteralabs.org\/it\/wp-json\/wp\/v2\/media?parent=77670"}],"wp:term":[{"taxonomy":"product_cat","embeddable":true,"href":"https:\/\/asteralabs.org\/it\/wp-json\/wp\/v2\/product_cat?post=77670"},{"taxonomy":"product_tag","embeddable":true,"href":"https:\/\/asteralabs.org\/it\/wp-json\/wp\/v2\/product_tag?post=77670"}],"curies":[{"name":"wp","href":"https:\/\/api.w.org\/{rel}","templated":true}]}}