{"id":77685,"date":"2022-11-05T21:56:41","date_gmt":"2022-11-05T21:56:41","guid":{"rendered":"https:\/\/asteralabs.org\/product\/acetato-di-boldenone\/"},"modified":"2026-01-15T08:06:28","modified_gmt":"2026-01-15T08:06:28","slug":"acetato-di-boldenone","status":"publish","type":"product","link":"https:\/\/asteralabs.org\/it\/product\/acetato-di-boldenone\/","title":{"rendered":"Acetato di boldenone"},"content":{"rendered":"<p><strong>DOSAGGIO<\/strong>:<br \/>\nBoldenone Acetato 50mg\/ml <strong>CONTENUTO DELLA CONFEZIONE:<\/strong><br \/>\n1 fiala da 10ML, 50 mg per ml <strong>CHE COSA \u00c8:<\/strong><br \/>\nIl boldenone acetato \u00e8 uno steroide raro, uno dei maggiori svantaggi del boldenone \u00e8 che i suoi esteri hanno un grande peso molecolare, che lo rende difficile da assimilare. Riducendo il peso dell&#8217;estere \u00e8 possibile convertire uno steroide normalmente considerato &#8220;leggero&#8221; in uno steroide abbastanza potente. <strong>COME SI USA:<\/strong><br \/>\nSi consiglia di iniziare con una dose ridotta perch\u00e9 il boldenone acetato pu\u00f2 causare in alcune persone reazioni di tipo influenzale e PIP. Le informazioni disponibili su questo steroide sono molto scarse, quindi la mia raccomandazione di base \u00e8 quella di utilizzare la dose pi\u00f9 alta possibile con il minor numero di effetti possibili. Si consiglia di iniettarlo in ED o EOD. <strong>INFORMAZIONI SUL LOTTO:<br \/>\n<\/strong>Numero di lotto: <span data-sheets-root=\"1\" data-sheets-value=\"{\" data-sheets-userformat=\"{\">BG70578<\/span><br \/>\nData di produzione: <span data-sheets-root=\"1\" data-sheets-value=\"{\" data-sheets-userformat=\"{\">10.2025.<\/span><br \/>\nData di scadenza: <span data-sheets-root=\"1\" data-sheets-value=\"{\" data-sheets-userformat=\"{\">10.2028.<\/span><\/p>\n","protected":false},"excerpt":{"rendered":"<p>DOSAGGIO: Boldenone Acetato 50mg\/ml CONTENUTO DELLA CONFEZIONE: 1 fiala da 10ML, 50 mg per ml CHE COSA \u00c8: Il boldenone acetato \u00e8 uno steroide raro, uno dei maggiori svantaggi del boldenone \u00e8 che i suoi esteri hanno un grande peso molecolare, che lo rende difficile da assimilare. Riducendo il peso dell&#8217;estere \u00e8 possibile convertire uno&hellip;<\/p>\n","protected":false},"featured_media":75235,"comment_status":"open","ping_status":"closed","template":"","meta":{"_acf_changed":false},"product_brand":[],"product_cat":[159,158],"product_tag":[162],"class_list":{"0":"post-77685","1":"product","2":"type-product","3":"status-publish","4":"has-post-thumbnail","6":"product_cat-all-it","7":"product_cat-injectables-it","8":"product_tag-bestseller-it","9":"description-off","11":"first","12":"instock","13":"shipping-taxable","14":"product-type-simple"},"acf":[],"yoast_head":"<!-- This site is optimized with the Yoast SEO plugin v27.4 - https:\/\/yoast.com\/product\/yoast-seo-wordpress\/ -->\n<title>Acetato di boldenone - Astera Labs<\/title>\n<meta name=\"robots\" content=\"index, follow, max-snippet:-1, max-image-preview:large, max-video-preview:-1\" \/>\n<link rel=\"canonical\" href=\"https:\/\/asteralabs.org\/it\/product\/acetato-di-boldenone\/\" \/>\n<meta property=\"og:locale\" content=\"it_IT\" \/>\n<meta property=\"og:type\" content=\"article\" \/>\n<meta property=\"og:title\" content=\"Acetato di boldenone - Astera Labs\" \/>\n<meta property=\"og:description\" content=\"DOSAGGIO: Boldenone Acetato 50mg\/ml CONTENUTO DELLA CONFEZIONE: 1 fiala da 10ML, 50 mg per ml CHE COSA \u00c8: Il boldenone acetato \u00e8 uno steroide raro, uno dei maggiori svantaggi del boldenone \u00e8 che i suoi esteri hanno un grande peso molecolare, che lo rende difficile da assimilare. Riducendo il peso dell&#8217;estere \u00e8 possibile convertire uno&hellip;\" \/>\n<meta property=\"og:url\" content=\"https:\/\/asteralabs.org\/it\/product\/acetato-di-boldenone\/\" \/>\n<meta property=\"og:site_name\" content=\"Astera Labs\" \/>\n<meta property=\"article:modified_time\" content=\"2026-01-15T08:06:28+00:00\" \/>\n<meta property=\"og:image\" content=\"https:\/\/asteralabs.org\/wp-content\/uploads\/2022\/11\/34-1.png\" \/>\n\t<meta property=\"og:image:width\" content=\"2000\" \/>\n\t<meta property=\"og:image:height\" content=\"2000\" \/>\n\t<meta property=\"og:image:type\" content=\"image\/png\" \/>\n<meta name=\"twitter:card\" content=\"summary_large_image\" \/>\n<script type=\"application\/ld+json\" class=\"yoast-schema-graph\">{\"@context\":\"https:\\\/\\\/schema.org\",\"@graph\":[{\"@type\":\"WebPage\",\"@id\":\"https:\\\/\\\/asteralabs.org\\\/it\\\/product\\\/acetato-di-boldenone\\\/\",\"url\":\"https:\\\/\\\/asteralabs.org\\\/it\\\/product\\\/acetato-di-boldenone\\\/\",\"name\":\"Acetato di boldenone - Astera Labs\",\"isPartOf\":{\"@id\":\"https:\\\/\\\/asteralabs.org\\\/it\\\/#website\"},\"primaryImageOfPage\":{\"@id\":\"https:\\\/\\\/asteralabs.org\\\/it\\\/product\\\/acetato-di-boldenone\\\/#primaryimage\"},\"image\":{\"@id\":\"https:\\\/\\\/asteralabs.org\\\/it\\\/product\\\/acetato-di-boldenone\\\/#primaryimage\"},\"thumbnailUrl\":\"https:\\\/\\\/asteralabs.org\\\/wp-content\\\/uploads\\\/2022\\\/11\\\/34-1.png\",\"datePublished\":\"2022-11-05T21:56:41+00:00\",\"dateModified\":\"2026-01-15T08:06:28+00:00\",\"breadcrumb\":{\"@id\":\"https:\\\/\\\/asteralabs.org\\\/it\\\/product\\\/acetato-di-boldenone\\\/#breadcrumb\"},\"inLanguage\":\"it-IT\",\"potentialAction\":[{\"@type\":\"ReadAction\",\"target\":[\"https:\\\/\\\/asteralabs.org\\\/it\\\/product\\\/acetato-di-boldenone\\\/\"]}]},{\"@type\":\"ImageObject\",\"inLanguage\":\"it-IT\",\"@id\":\"https:\\\/\\\/asteralabs.org\\\/it\\\/product\\\/acetato-di-boldenone\\\/#primaryimage\",\"url\":\"https:\\\/\\\/asteralabs.org\\\/wp-content\\\/uploads\\\/2022\\\/11\\\/34-1.png\",\"contentUrl\":\"https:\\\/\\\/asteralabs.org\\\/wp-content\\\/uploads\\\/2022\\\/11\\\/34-1.png\",\"width\":2000,\"height\":2000},{\"@type\":\"BreadcrumbList\",\"@id\":\"https:\\\/\\\/asteralabs.org\\\/it\\\/product\\\/acetato-di-boldenone\\\/#breadcrumb\",\"itemListElement\":[{\"@type\":\"ListItem\",\"position\":1,\"name\":\"Home\",\"item\":\"https:\\\/\\\/asteralabs.org\\\/it\\\/\"},{\"@type\":\"ListItem\",\"position\":2,\"name\":\"Shop\",\"item\":\"https:\\\/\\\/asteralabs.org\\\/shop\\\/\"},{\"@type\":\"ListItem\",\"position\":3,\"name\":\"Acetato di boldenone\"}]},{\"@type\":\"WebSite\",\"@id\":\"https:\\\/\\\/asteralabs.org\\\/it\\\/#website\",\"url\":\"https:\\\/\\\/asteralabs.org\\\/it\\\/\",\"name\":\"Astera Labs\",\"description\":\"Improve Your Quality Of Life\",\"publisher\":{\"@id\":\"https:\\\/\\\/asteralabs.org\\\/it\\\/#organization\"},\"potentialAction\":[{\"@type\":\"SearchAction\",\"target\":{\"@type\":\"EntryPoint\",\"urlTemplate\":\"https:\\\/\\\/asteralabs.org\\\/it\\\/?s={search_term_string}\"},\"query-input\":{\"@type\":\"PropertyValueSpecification\",\"valueRequired\":true,\"valueName\":\"search_term_string\"}}],\"inLanguage\":\"it-IT\"},{\"@type\":\"Organization\",\"@id\":\"https:\\\/\\\/asteralabs.org\\\/it\\\/#organization\",\"name\":\"Astera Labs\",\"url\":\"https:\\\/\\\/asteralabs.org\\\/it\\\/\",\"logo\":{\"@type\":\"ImageObject\",\"inLanguage\":\"it-IT\",\"@id\":\"https:\\\/\\\/asteralabs.org\\\/it\\\/#\\\/schema\\\/logo\\\/image\\\/\",\"url\":\"https:\\\/\\\/asteralabs.org\\\/wp-content\\\/uploads\\\/2022\\\/12\\\/astera-2.png\",\"contentUrl\":\"https:\\\/\\\/asteralabs.org\\\/wp-content\\\/uploads\\\/2022\\\/12\\\/astera-2.png\",\"width\":437,\"height\":111,\"caption\":\"Astera Labs\"},\"image\":{\"@id\":\"https:\\\/\\\/asteralabs.org\\\/it\\\/#\\\/schema\\\/logo\\\/image\\\/\"}}]}<\/script>\n<!-- \/ Yoast SEO plugin. -->","yoast_head_json":{"title":"Acetato di boldenone - Astera Labs","robots":{"index":"index","follow":"follow","max-snippet":"max-snippet:-1","max-image-preview":"max-image-preview:large","max-video-preview":"max-video-preview:-1"},"canonical":"https:\/\/asteralabs.org\/it\/product\/acetato-di-boldenone\/","og_locale":"it_IT","og_type":"article","og_title":"Acetato di boldenone - Astera Labs","og_description":"DOSAGGIO: Boldenone Acetato 50mg\/ml CONTENUTO DELLA CONFEZIONE: 1 fiala da 10ML, 50 mg per ml CHE COSA \u00c8: Il boldenone acetato \u00e8 uno steroide raro, uno dei maggiori svantaggi del boldenone \u00e8 che i suoi esteri hanno un grande peso molecolare, che lo rende difficile da assimilare. Riducendo il peso dell&#8217;estere \u00e8 possibile convertire uno&hellip;","og_url":"https:\/\/asteralabs.org\/it\/product\/acetato-di-boldenone\/","og_site_name":"Astera Labs","article_modified_time":"2026-01-15T08:06:28+00:00","og_image":[{"width":2000,"height":2000,"url":"https:\/\/asteralabs.org\/wp-content\/uploads\/2022\/11\/34-1.png","type":"image\/png"}],"twitter_card":"summary_large_image","schema":{"@context":"https:\/\/schema.org","@graph":[{"@type":"WebPage","@id":"https:\/\/asteralabs.org\/it\/product\/acetato-di-boldenone\/","url":"https:\/\/asteralabs.org\/it\/product\/acetato-di-boldenone\/","name":"Acetato di boldenone - Astera Labs","isPartOf":{"@id":"https:\/\/asteralabs.org\/it\/#website"},"primaryImageOfPage":{"@id":"https:\/\/asteralabs.org\/it\/product\/acetato-di-boldenone\/#primaryimage"},"image":{"@id":"https:\/\/asteralabs.org\/it\/product\/acetato-di-boldenone\/#primaryimage"},"thumbnailUrl":"https:\/\/asteralabs.org\/wp-content\/uploads\/2022\/11\/34-1.png","datePublished":"2022-11-05T21:56:41+00:00","dateModified":"2026-01-15T08:06:28+00:00","breadcrumb":{"@id":"https:\/\/asteralabs.org\/it\/product\/acetato-di-boldenone\/#breadcrumb"},"inLanguage":"it-IT","potentialAction":[{"@type":"ReadAction","target":["https:\/\/asteralabs.org\/it\/product\/acetato-di-boldenone\/"]}]},{"@type":"ImageObject","inLanguage":"it-IT","@id":"https:\/\/asteralabs.org\/it\/product\/acetato-di-boldenone\/#primaryimage","url":"https:\/\/asteralabs.org\/wp-content\/uploads\/2022\/11\/34-1.png","contentUrl":"https:\/\/asteralabs.org\/wp-content\/uploads\/2022\/11\/34-1.png","width":2000,"height":2000},{"@type":"BreadcrumbList","@id":"https:\/\/asteralabs.org\/it\/product\/acetato-di-boldenone\/#breadcrumb","itemListElement":[{"@type":"ListItem","position":1,"name":"Home","item":"https:\/\/asteralabs.org\/it\/"},{"@type":"ListItem","position":2,"name":"Shop","item":"https:\/\/asteralabs.org\/shop\/"},{"@type":"ListItem","position":3,"name":"Acetato di boldenone"}]},{"@type":"WebSite","@id":"https:\/\/asteralabs.org\/it\/#website","url":"https:\/\/asteralabs.org\/it\/","name":"Astera Labs","description":"Improve Your Quality Of Life","publisher":{"@id":"https:\/\/asteralabs.org\/it\/#organization"},"potentialAction":[{"@type":"SearchAction","target":{"@type":"EntryPoint","urlTemplate":"https:\/\/asteralabs.org\/it\/?s={search_term_string}"},"query-input":{"@type":"PropertyValueSpecification","valueRequired":true,"valueName":"search_term_string"}}],"inLanguage":"it-IT"},{"@type":"Organization","@id":"https:\/\/asteralabs.org\/it\/#organization","name":"Astera Labs","url":"https:\/\/asteralabs.org\/it\/","logo":{"@type":"ImageObject","inLanguage":"it-IT","@id":"https:\/\/asteralabs.org\/it\/#\/schema\/logo\/image\/","url":"https:\/\/asteralabs.org\/wp-content\/uploads\/2022\/12\/astera-2.png","contentUrl":"https:\/\/asteralabs.org\/wp-content\/uploads\/2022\/12\/astera-2.png","width":437,"height":111,"caption":"Astera Labs"},"image":{"@id":"https:\/\/asteralabs.org\/it\/#\/schema\/logo\/image\/"}}]}},"_links":{"self":[{"href":"https:\/\/asteralabs.org\/it\/wp-json\/wp\/v2\/product\/77685","targetHints":{"allow":["GET"]}}],"collection":[{"href":"https:\/\/asteralabs.org\/it\/wp-json\/wp\/v2\/product"}],"about":[{"href":"https:\/\/asteralabs.org\/it\/wp-json\/wp\/v2\/types\/product"}],"replies":[{"embeddable":true,"href":"https:\/\/asteralabs.org\/it\/wp-json\/wp\/v2\/comments?post=77685"}],"version-history":[{"count":0,"href":"https:\/\/asteralabs.org\/it\/wp-json\/wp\/v2\/product\/77685\/revisions"}],"wp:featuredmedia":[{"embeddable":true,"href":"https:\/\/asteralabs.org\/it\/wp-json\/wp\/v2\/media\/75235"}],"wp:attachment":[{"href":"https:\/\/asteralabs.org\/it\/wp-json\/wp\/v2\/media?parent=77685"}],"wp:term":[{"taxonomy":"product_brand","embeddable":true,"href":"https:\/\/asteralabs.org\/it\/wp-json\/wp\/v2\/product_brand?post=77685"},{"taxonomy":"product_cat","embeddable":true,"href":"https:\/\/asteralabs.org\/it\/wp-json\/wp\/v2\/product_cat?post=77685"},{"taxonomy":"product_tag","embeddable":true,"href":"https:\/\/asteralabs.org\/it\/wp-json\/wp\/v2\/product_tag?post=77685"}],"curies":[{"name":"wp","href":"https:\/\/api.w.org\/{rel}","templated":true}]}}