{"id":77708,"date":"2023-01-10T22:31:46","date_gmt":"2023-01-10T22:31:46","guid":{"rendered":"https:\/\/asteralabs.org\/product\/oxandrolone\/"},"modified":"2026-01-16T10:27:08","modified_gmt":"2026-01-16T10:27:08","slug":"oxandrolone","status":"publish","type":"product","link":"https:\/\/asteralabs.org\/it\/product\/oxandrolone\/","title":{"rendered":"Oxandrolone"},"content":{"rendered":"<p><strong>DOSAGGIO: <\/strong><br \/>\n<span style=\"font-weight: 400;\">Oxandrolone <\/span><span style=\"font-weight: 400;\">20 mg<\/span><span style=\"font-weight: 400;\">\/<\/span><span style=\"font-weight: 400;\">cpr<\/span><\/p>\n<p><strong>CONTENUTO DELLA CONFEZIONE: <\/strong><br \/>\n<span style=\"font-weight: 400;\">1 confezione da 100 compresse (20 mg\/cpr)<\/span><\/p>\n<p><strong>A CHE COS&#8217;\u00c8: <\/strong><br \/>\nL&#8217;oxandrolone \u00e8 lo steroide orale pi\u00f9 utilizzato in virt\u00f9 del suo rapporto rischi\/benefici. Aiuta a promuovere la crescita della massa magra e della forza a scapito di quella grassa. \u00c8 molto versatile e pu\u00f2 essere utilizzato sia in cicli di cut che di bulking, anche se in genere viene preferito nei primi in virt\u00f9 del suo potente effetto brucia-grassi. \u00c8 uno steroide molto sicuro: sebbene venga metabolizzato nel fegato, la sua tossicit\u00e0 epatica \u00e8 quasi nulla.<\/p>\n<p><strong>COME SI USA: <\/strong><br \/>\n<span style=\"font-weight: 400;\">I dosaggi, strettamente individuali, rientrano nel range di 20-100 mg <\/span><span style=\"font-weight: 400;\">al giorno. <\/span><span style=\"font-weight: 400;\">Un dosaggio <\/span><span style=\"font-weight: 400;\">standard \u00e8 di <\/span><span style=\"font-weight: 400;\">circa <\/span><span style=\"font-weight: 400;\">30-50 mg <\/span><span style=\"font-weight: 400;\">pro die<\/span> <span style=\"font-weight: 400;\">da assumere durante i 3 pasti <\/span><span style=\"font-weight: 400;\">principali della giornata.<\/span><\/p>\n<p><strong>INFORMAZIONI SUL LOTTO:<br \/>\n<\/strong>Numero di lotto: <span data-sheets-root=\"1\" data-sheets-value=\"{\" data-sheets-userformat=\"{\">OW35606<\/span><br \/>\nData di produzione: <span data-sheets-root=\"1\" data-sheets-value=\"{\" data-sheets-userformat=\"{\">10.2025.<\/span><br \/>\nData di scadenza: <span data-sheets-root=\"1\" data-sheets-value=\"{\" data-sheets-userformat=\"{\">10.2028.<\/span><\/p>\n","protected":false},"excerpt":{"rendered":"<p>DOSAGGIO: Oxandrolone 20 mg\/cpr CONTENUTO DELLA CONFEZIONE: 1 confezione da 100 compresse (20 mg\/cpr) A CHE COS&#8217;\u00c8: L&#8217;oxandrolone \u00e8 lo steroide orale pi\u00f9 utilizzato in virt\u00f9 del suo rapporto rischi\/benefici. Aiuta a promuovere la crescita della massa magra e della forza a scapito di quella grassa. \u00c8 molto versatile e pu\u00f2 essere utilizzato sia in&hellip;<\/p>\n","protected":false},"featured_media":76323,"comment_status":"open","ping_status":"closed","template":"","meta":[],"product_cat":[159,176],"product_tag":[],"yoast_head":"<!-- This site is optimized with the Yoast SEO plugin v23.0 - https:\/\/yoast.com\/wordpress\/plugins\/seo\/ -->\n<title>Oxandrolone - Astera Labs<\/title>\n<meta name=\"robots\" content=\"index, follow, max-snippet:-1, max-image-preview:large, max-video-preview:-1\" \/>\n<link rel=\"canonical\" href=\"https:\/\/asteralabs.org\/it\/product\/oxandrolone\/\" \/>\n<meta property=\"og:locale\" content=\"it_IT\" \/>\n<meta property=\"og:type\" content=\"article\" \/>\n<meta property=\"og:title\" content=\"Oxandrolone - Astera Labs\" \/>\n<meta property=\"og:description\" content=\"DOSAGGIO: Oxandrolone 20 mg\/cpr CONTENUTO DELLA CONFEZIONE: 1 confezione da 100 compresse (20 mg\/cpr) A CHE COS&#8217;\u00c8: L&#8217;oxandrolone \u00e8 lo steroide orale pi\u00f9 utilizzato in virt\u00f9 del suo rapporto rischi\/benefici. Aiuta a promuovere la crescita della massa magra e della forza a scapito di quella grassa. \u00c8 molto versatile e pu\u00f2 essere utilizzato sia in&hellip;\" \/>\n<meta property=\"og:url\" content=\"https:\/\/asteralabs.org\/it\/product\/oxandrolone\/\" \/>\n<meta property=\"og:site_name\" content=\"Astera Labs\" \/>\n<meta property=\"article:modified_time\" content=\"2026-01-16T10:27:08+00:00\" \/>\n<meta property=\"og:image\" content=\"https:\/\/asteralabs.org\/wp-content\/uploads\/2023\/01\/Oxandrolone-mockup-nbg.png\" \/>\n\t<meta property=\"og:image:width\" content=\"2000\" \/>\n\t<meta property=\"og:image:height\" content=\"2000\" \/>\n\t<meta property=\"og:image:type\" content=\"image\/png\" \/>\n<meta name=\"twitter:card\" content=\"summary_large_image\" \/>\n<script type=\"application\/ld+json\" class=\"yoast-schema-graph\">{\"@context\":\"https:\/\/schema.org\",\"@graph\":[{\"@type\":\"WebPage\",\"@id\":\"https:\/\/asteralabs.org\/it\/product\/oxandrolone\/\",\"url\":\"https:\/\/asteralabs.org\/it\/product\/oxandrolone\/\",\"name\":\"Oxandrolone - Astera Labs\",\"isPartOf\":{\"@id\":\"https:\/\/asteralabs.org\/it\/#website\"},\"primaryImageOfPage\":{\"@id\":\"https:\/\/asteralabs.org\/it\/product\/oxandrolone\/#primaryimage\"},\"image\":{\"@id\":\"https:\/\/asteralabs.org\/it\/product\/oxandrolone\/#primaryimage\"},\"thumbnailUrl\":\"https:\/\/asteralabs.org\/wp-content\/uploads\/2023\/01\/Oxandrolone-mockup-nbg.png\",\"datePublished\":\"2023-01-10T22:31:46+00:00\",\"dateModified\":\"2026-01-16T10:27:08+00:00\",\"breadcrumb\":{\"@id\":\"https:\/\/asteralabs.org\/it\/product\/oxandrolone\/#breadcrumb\"},\"inLanguage\":\"it-IT\",\"potentialAction\":[{\"@type\":\"ReadAction\",\"target\":[\"https:\/\/asteralabs.org\/it\/product\/oxandrolone\/\"]}]},{\"@type\":\"ImageObject\",\"inLanguage\":\"it-IT\",\"@id\":\"https:\/\/asteralabs.org\/it\/product\/oxandrolone\/#primaryimage\",\"url\":\"https:\/\/asteralabs.org\/wp-content\/uploads\/2023\/01\/Oxandrolone-mockup-nbg.png\",\"contentUrl\":\"https:\/\/asteralabs.org\/wp-content\/uploads\/2023\/01\/Oxandrolone-mockup-nbg.png\",\"width\":2000,\"height\":2000},{\"@type\":\"BreadcrumbList\",\"@id\":\"https:\/\/asteralabs.org\/it\/product\/oxandrolone\/#breadcrumb\",\"itemListElement\":[{\"@type\":\"ListItem\",\"position\":1,\"name\":\"Home\",\"item\":\"https:\/\/asteralabs.org\/it\/\"},{\"@type\":\"ListItem\",\"position\":2,\"name\":\"Negozio\",\"item\":\"https:\/\/asteralabs.org\/negozio\/\"},{\"@type\":\"ListItem\",\"position\":3,\"name\":\"Oxandrolone\"}]},{\"@type\":\"WebSite\",\"@id\":\"https:\/\/asteralabs.org\/it\/#website\",\"url\":\"https:\/\/asteralabs.org\/it\/\",\"name\":\"Astera Labs\",\"description\":\"Improve Your Quality Of Life\",\"publisher\":{\"@id\":\"https:\/\/asteralabs.org\/it\/#organization\"},\"potentialAction\":[{\"@type\":\"SearchAction\",\"target\":{\"@type\":\"EntryPoint\",\"urlTemplate\":\"https:\/\/asteralabs.org\/it\/?s={search_term_string}\"},\"query-input\":\"required name=search_term_string\"}],\"inLanguage\":\"it-IT\"},{\"@type\":\"Organization\",\"@id\":\"https:\/\/asteralabs.org\/it\/#organization\",\"name\":\"Astera Labs\",\"url\":\"https:\/\/asteralabs.org\/it\/\",\"logo\":{\"@type\":\"ImageObject\",\"inLanguage\":\"it-IT\",\"@id\":\"https:\/\/asteralabs.org\/it\/#\/schema\/logo\/image\/\",\"url\":\"https:\/\/asteralabs.org\/wp-content\/uploads\/2022\/12\/astera-2.png\",\"contentUrl\":\"https:\/\/asteralabs.org\/wp-content\/uploads\/2022\/12\/astera-2.png\",\"width\":437,\"height\":111,\"caption\":\"Astera Labs\"},\"image\":{\"@id\":\"https:\/\/asteralabs.org\/it\/#\/schema\/logo\/image\/\"}}]}<\/script>\n<!-- \/ Yoast SEO plugin. -->","yoast_head_json":{"title":"Oxandrolone - Astera Labs","robots":{"index":"index","follow":"follow","max-snippet":"max-snippet:-1","max-image-preview":"max-image-preview:large","max-video-preview":"max-video-preview:-1"},"canonical":"https:\/\/asteralabs.org\/it\/product\/oxandrolone\/","og_locale":"it_IT","og_type":"article","og_title":"Oxandrolone - Astera Labs","og_description":"DOSAGGIO: Oxandrolone 20 mg\/cpr CONTENUTO DELLA CONFEZIONE: 1 confezione da 100 compresse (20 mg\/cpr) A CHE COS&#8217;\u00c8: L&#8217;oxandrolone \u00e8 lo steroide orale pi\u00f9 utilizzato in virt\u00f9 del suo rapporto rischi\/benefici. Aiuta a promuovere la crescita della massa magra e della forza a scapito di quella grassa. \u00c8 molto versatile e pu\u00f2 essere utilizzato sia in&hellip;","og_url":"https:\/\/asteralabs.org\/it\/product\/oxandrolone\/","og_site_name":"Astera Labs","article_modified_time":"2026-01-16T10:27:08+00:00","og_image":[{"width":2000,"height":2000,"url":"https:\/\/asteralabs.org\/wp-content\/uploads\/2023\/01\/Oxandrolone-mockup-nbg.png","type":"image\/png"}],"twitter_card":"summary_large_image","schema":{"@context":"https:\/\/schema.org","@graph":[{"@type":"WebPage","@id":"https:\/\/asteralabs.org\/it\/product\/oxandrolone\/","url":"https:\/\/asteralabs.org\/it\/product\/oxandrolone\/","name":"Oxandrolone - Astera Labs","isPartOf":{"@id":"https:\/\/asteralabs.org\/it\/#website"},"primaryImageOfPage":{"@id":"https:\/\/asteralabs.org\/it\/product\/oxandrolone\/#primaryimage"},"image":{"@id":"https:\/\/asteralabs.org\/it\/product\/oxandrolone\/#primaryimage"},"thumbnailUrl":"https:\/\/asteralabs.org\/wp-content\/uploads\/2023\/01\/Oxandrolone-mockup-nbg.png","datePublished":"2023-01-10T22:31:46+00:00","dateModified":"2026-01-16T10:27:08+00:00","breadcrumb":{"@id":"https:\/\/asteralabs.org\/it\/product\/oxandrolone\/#breadcrumb"},"inLanguage":"it-IT","potentialAction":[{"@type":"ReadAction","target":["https:\/\/asteralabs.org\/it\/product\/oxandrolone\/"]}]},{"@type":"ImageObject","inLanguage":"it-IT","@id":"https:\/\/asteralabs.org\/it\/product\/oxandrolone\/#primaryimage","url":"https:\/\/asteralabs.org\/wp-content\/uploads\/2023\/01\/Oxandrolone-mockup-nbg.png","contentUrl":"https:\/\/asteralabs.org\/wp-content\/uploads\/2023\/01\/Oxandrolone-mockup-nbg.png","width":2000,"height":2000},{"@type":"BreadcrumbList","@id":"https:\/\/asteralabs.org\/it\/product\/oxandrolone\/#breadcrumb","itemListElement":[{"@type":"ListItem","position":1,"name":"Home","item":"https:\/\/asteralabs.org\/it\/"},{"@type":"ListItem","position":2,"name":"Negozio","item":"https:\/\/asteralabs.org\/negozio\/"},{"@type":"ListItem","position":3,"name":"Oxandrolone"}]},{"@type":"WebSite","@id":"https:\/\/asteralabs.org\/it\/#website","url":"https:\/\/asteralabs.org\/it\/","name":"Astera Labs","description":"Improve Your Quality Of Life","publisher":{"@id":"https:\/\/asteralabs.org\/it\/#organization"},"potentialAction":[{"@type":"SearchAction","target":{"@type":"EntryPoint","urlTemplate":"https:\/\/asteralabs.org\/it\/?s={search_term_string}"},"query-input":"required name=search_term_string"}],"inLanguage":"it-IT"},{"@type":"Organization","@id":"https:\/\/asteralabs.org\/it\/#organization","name":"Astera Labs","url":"https:\/\/asteralabs.org\/it\/","logo":{"@type":"ImageObject","inLanguage":"it-IT","@id":"https:\/\/asteralabs.org\/it\/#\/schema\/logo\/image\/","url":"https:\/\/asteralabs.org\/wp-content\/uploads\/2022\/12\/astera-2.png","contentUrl":"https:\/\/asteralabs.org\/wp-content\/uploads\/2022\/12\/astera-2.png","width":437,"height":111,"caption":"Astera Labs"},"image":{"@id":"https:\/\/asteralabs.org\/it\/#\/schema\/logo\/image\/"}}]}},"_links":{"self":[{"href":"https:\/\/asteralabs.org\/it\/wp-json\/wp\/v2\/product\/77708"}],"collection":[{"href":"https:\/\/asteralabs.org\/it\/wp-json\/wp\/v2\/product"}],"about":[{"href":"https:\/\/asteralabs.org\/it\/wp-json\/wp\/v2\/types\/product"}],"replies":[{"embeddable":true,"href":"https:\/\/asteralabs.org\/it\/wp-json\/wp\/v2\/comments?post=77708"}],"version-history":[{"count":2,"href":"https:\/\/asteralabs.org\/it\/wp-json\/wp\/v2\/product\/77708\/revisions"}],"predecessor-version":[{"id":78777,"href":"https:\/\/asteralabs.org\/it\/wp-json\/wp\/v2\/product\/77708\/revisions\/78777"}],"wp:featuredmedia":[{"embeddable":true,"href":"https:\/\/asteralabs.org\/it\/wp-json\/wp\/v2\/media\/76323"}],"wp:attachment":[{"href":"https:\/\/asteralabs.org\/it\/wp-json\/wp\/v2\/media?parent=77708"}],"wp:term":[{"taxonomy":"product_cat","embeddable":true,"href":"https:\/\/asteralabs.org\/it\/wp-json\/wp\/v2\/product_cat?post=77708"},{"taxonomy":"product_tag","embeddable":true,"href":"https:\/\/asteralabs.org\/it\/wp-json\/wp\/v2\/product_tag?post=77708"}],"curies":[{"name":"wp","href":"https:\/\/api.w.org\/{rel}","templated":true}]}}