{"id":77735,"date":"2023-01-10T22:24:53","date_gmt":"2023-01-10T22:24:53","guid":{"rendered":"https:\/\/asteralabs.org\/product\/sex-hard-mix-viagra-cialis\/"},"modified":"2026-01-16T12:11:30","modified_gmt":"2026-01-16T12:11:30","slug":"sex-hard-mix-viagra-cialis","status":"publish","type":"product","link":"https:\/\/asteralabs.org\/it\/product\/sex-hard-mix-viagra-cialis\/","title":{"rendered":"Sex Hard Mix (Viagra + Cialis)"},"content":{"rendered":"<p><strong>DOSAGGIO: <\/strong><br \/>\nCitrato di Sildenafil (Viagra) 50mg\/tab<br \/>\nTadalafil (Cialis) 20mg\/tab <strong>CONTENUTO DELLA CONFEZIONE: <\/strong><br \/>\n1 bustina, 100 compresse, 70 mg per compressa <strong>CHE COSA \u00c8: <\/strong><br \/>\nLa combinazione di viagra e cialis ti aiuter\u00e0 a raggiungere un&#8217;erezione duratura per molto tempo. L&#8217;effetto acuto del viagra \u00e8 combinato con l&#8217;effetto duraturo del cialis. <strong>COME SI USA: <\/strong><br \/>\nSi consiglia di assumerlo due ore prima dell&#8217;attivit\u00e0 sessuale in modo che eserciti il suo effetto. \u00c8 necessario assumerlo solo una volta al giorno e le dosi non dovrebbero essere superiori a 1 compressa al giorno.<\/p>\n<p><strong>INFORMAZIONI SUL LOTTO:<br \/>\n<\/strong>Numero di lotto: <span data-sheets-root=\"1\" data-sheets-value=\"{\" data-sheets-userformat=\"{\">VY05604<\/span><br \/>\nData di produzione: <span data-sheets-root=\"1\" data-sheets-value=\"{\" data-sheets-userformat=\"{\">10.2025.<\/span><br \/>\nData di scadenza: <span data-sheets-root=\"1\" data-sheets-value=\"{\" data-sheets-userformat=\"{\">10.2028.<\/span><\/p>\n","protected":false},"excerpt":{"rendered":"<p>DOSAGGIO: Citrato di Sildenafil (Viagra) 50mg\/tab Tadalafil (Cialis) 20mg\/tab CONTENUTO DELLA CONFEZIONE: 1 bustina, 100 compresse, 70 mg per compressa CHE COSA \u00c8: La combinazione di viagra e cialis ti aiuter\u00e0 a raggiungere un&#8217;erezione duratura per molto tempo. L&#8217;effetto acuto del viagra \u00e8 combinato con l&#8217;effetto duraturo del cialis. COME SI USA: Si consiglia di&hellip;<\/p>\n","protected":false},"featured_media":76187,"comment_status":"open","ping_status":"closed","template":"","meta":{"_acf_changed":false},"product_brand":[],"product_cat":[159,176],"product_tag":[],"class_list":{"0":"post-77735","1":"product","2":"type-product","3":"status-publish","4":"has-post-thumbnail","6":"product_cat-all-it","7":"product_cat-orals-it","8":"description-off","10":"first","11":"instock","12":"shipping-taxable","13":"product-type-simple"},"acf":[],"yoast_head":"<!-- This site is optimized with the Yoast SEO plugin v27.4 - https:\/\/yoast.com\/product\/yoast-seo-wordpress\/ -->\n<title>Sex Hard Mix (Viagra + Cialis) - Astera Labs<\/title>\n<meta name=\"robots\" content=\"index, follow, max-snippet:-1, max-image-preview:large, max-video-preview:-1\" \/>\n<link rel=\"canonical\" href=\"https:\/\/asteralabs.org\/it\/product\/sex-hard-mix-viagra-cialis\/\" \/>\n<meta property=\"og:locale\" content=\"it_IT\" \/>\n<meta property=\"og:type\" content=\"article\" \/>\n<meta property=\"og:title\" content=\"Sex Hard Mix (Viagra + Cialis) - Astera Labs\" \/>\n<meta property=\"og:description\" content=\"DOSAGGIO: Citrato di Sildenafil (Viagra) 50mg\/tab Tadalafil (Cialis) 20mg\/tab CONTENUTO DELLA CONFEZIONE: 1 bustina, 100 compresse, 70 mg per compressa CHE COSA \u00c8: La combinazione di viagra e cialis ti aiuter\u00e0 a raggiungere un&#8217;erezione duratura per molto tempo. L&#8217;effetto acuto del viagra \u00e8 combinato con l&#8217;effetto duraturo del cialis. COME SI USA: Si consiglia di&hellip;\" \/>\n<meta property=\"og:url\" content=\"https:\/\/asteralabs.org\/it\/product\/sex-hard-mix-viagra-cialis\/\" \/>\n<meta property=\"og:site_name\" content=\"Astera Labs\" \/>\n<meta property=\"article:modified_time\" content=\"2026-01-16T12:11:30+00:00\" \/>\n<meta property=\"og:image\" content=\"https:\/\/asteralabs.org\/wp-content\/uploads\/2023\/01\/Sex-hard-mix-mockup-nbg.png\" \/>\n\t<meta property=\"og:image:width\" content=\"2000\" \/>\n\t<meta property=\"og:image:height\" content=\"2000\" \/>\n\t<meta property=\"og:image:type\" content=\"image\/png\" \/>\n<meta name=\"twitter:card\" content=\"summary_large_image\" \/>\n<script type=\"application\/ld+json\" class=\"yoast-schema-graph\">{\"@context\":\"https:\\\/\\\/schema.org\",\"@graph\":[{\"@type\":\"WebPage\",\"@id\":\"https:\\\/\\\/asteralabs.org\\\/it\\\/product\\\/sex-hard-mix-viagra-cialis\\\/\",\"url\":\"https:\\\/\\\/asteralabs.org\\\/it\\\/product\\\/sex-hard-mix-viagra-cialis\\\/\",\"name\":\"Sex Hard Mix (Viagra + Cialis) - Astera Labs\",\"isPartOf\":{\"@id\":\"https:\\\/\\\/asteralabs.org\\\/it\\\/#website\"},\"primaryImageOfPage\":{\"@id\":\"https:\\\/\\\/asteralabs.org\\\/it\\\/product\\\/sex-hard-mix-viagra-cialis\\\/#primaryimage\"},\"image\":{\"@id\":\"https:\\\/\\\/asteralabs.org\\\/it\\\/product\\\/sex-hard-mix-viagra-cialis\\\/#primaryimage\"},\"thumbnailUrl\":\"https:\\\/\\\/asteralabs.org\\\/wp-content\\\/uploads\\\/2023\\\/01\\\/Sex-hard-mix-mockup-nbg.png\",\"datePublished\":\"2023-01-10T22:24:53+00:00\",\"dateModified\":\"2026-01-16T12:11:30+00:00\",\"breadcrumb\":{\"@id\":\"https:\\\/\\\/asteralabs.org\\\/it\\\/product\\\/sex-hard-mix-viagra-cialis\\\/#breadcrumb\"},\"inLanguage\":\"it-IT\",\"potentialAction\":[{\"@type\":\"ReadAction\",\"target\":[\"https:\\\/\\\/asteralabs.org\\\/it\\\/product\\\/sex-hard-mix-viagra-cialis\\\/\"]}]},{\"@type\":\"ImageObject\",\"inLanguage\":\"it-IT\",\"@id\":\"https:\\\/\\\/asteralabs.org\\\/it\\\/product\\\/sex-hard-mix-viagra-cialis\\\/#primaryimage\",\"url\":\"https:\\\/\\\/asteralabs.org\\\/wp-content\\\/uploads\\\/2023\\\/01\\\/Sex-hard-mix-mockup-nbg.png\",\"contentUrl\":\"https:\\\/\\\/asteralabs.org\\\/wp-content\\\/uploads\\\/2023\\\/01\\\/Sex-hard-mix-mockup-nbg.png\",\"width\":2000,\"height\":2000},{\"@type\":\"BreadcrumbList\",\"@id\":\"https:\\\/\\\/asteralabs.org\\\/it\\\/product\\\/sex-hard-mix-viagra-cialis\\\/#breadcrumb\",\"itemListElement\":[{\"@type\":\"ListItem\",\"position\":1,\"name\":\"Home\",\"item\":\"https:\\\/\\\/asteralabs.org\\\/it\\\/\"},{\"@type\":\"ListItem\",\"position\":2,\"name\":\"Negozio\",\"item\":\"https:\\\/\\\/asteralabs.org\\\/it\\\/negozio\\\/\"},{\"@type\":\"ListItem\",\"position\":3,\"name\":\"Sex Hard Mix (Viagra + Cialis)\"}]},{\"@type\":\"WebSite\",\"@id\":\"https:\\\/\\\/asteralabs.org\\\/it\\\/#website\",\"url\":\"https:\\\/\\\/asteralabs.org\\\/it\\\/\",\"name\":\"Astera Labs\",\"description\":\"Improve Your Quality Of Life\",\"publisher\":{\"@id\":\"https:\\\/\\\/asteralabs.org\\\/it\\\/#organization\"},\"potentialAction\":[{\"@type\":\"SearchAction\",\"target\":{\"@type\":\"EntryPoint\",\"urlTemplate\":\"https:\\\/\\\/asteralabs.org\\\/it\\\/?s={search_term_string}\"},\"query-input\":{\"@type\":\"PropertyValueSpecification\",\"valueRequired\":true,\"valueName\":\"search_term_string\"}}],\"inLanguage\":\"it-IT\"},{\"@type\":\"Organization\",\"@id\":\"https:\\\/\\\/asteralabs.org\\\/it\\\/#organization\",\"name\":\"Astera Labs\",\"url\":\"https:\\\/\\\/asteralabs.org\\\/it\\\/\",\"logo\":{\"@type\":\"ImageObject\",\"inLanguage\":\"it-IT\",\"@id\":\"https:\\\/\\\/asteralabs.org\\\/it\\\/#\\\/schema\\\/logo\\\/image\\\/\",\"url\":\"https:\\\/\\\/asteralabs.org\\\/wp-content\\\/uploads\\\/2022\\\/12\\\/astera-2.png\",\"contentUrl\":\"https:\\\/\\\/asteralabs.org\\\/wp-content\\\/uploads\\\/2022\\\/12\\\/astera-2.png\",\"width\":437,\"height\":111,\"caption\":\"Astera Labs\"},\"image\":{\"@id\":\"https:\\\/\\\/asteralabs.org\\\/it\\\/#\\\/schema\\\/logo\\\/image\\\/\"}}]}<\/script>\n<!-- \/ Yoast SEO plugin. -->","yoast_head_json":{"title":"Sex Hard Mix (Viagra + Cialis) - Astera Labs","robots":{"index":"index","follow":"follow","max-snippet":"max-snippet:-1","max-image-preview":"max-image-preview:large","max-video-preview":"max-video-preview:-1"},"canonical":"https:\/\/asteralabs.org\/it\/product\/sex-hard-mix-viagra-cialis\/","og_locale":"it_IT","og_type":"article","og_title":"Sex Hard Mix (Viagra + Cialis) - Astera Labs","og_description":"DOSAGGIO: Citrato di Sildenafil (Viagra) 50mg\/tab Tadalafil (Cialis) 20mg\/tab CONTENUTO DELLA CONFEZIONE: 1 bustina, 100 compresse, 70 mg per compressa CHE COSA \u00c8: La combinazione di viagra e cialis ti aiuter\u00e0 a raggiungere un&#8217;erezione duratura per molto tempo. L&#8217;effetto acuto del viagra \u00e8 combinato con l&#8217;effetto duraturo del cialis. COME SI USA: Si consiglia di&hellip;","og_url":"https:\/\/asteralabs.org\/it\/product\/sex-hard-mix-viagra-cialis\/","og_site_name":"Astera Labs","article_modified_time":"2026-01-16T12:11:30+00:00","og_image":[{"width":2000,"height":2000,"url":"https:\/\/asteralabs.org\/wp-content\/uploads\/2023\/01\/Sex-hard-mix-mockup-nbg.png","type":"image\/png"}],"twitter_card":"summary_large_image","schema":{"@context":"https:\/\/schema.org","@graph":[{"@type":"WebPage","@id":"https:\/\/asteralabs.org\/it\/product\/sex-hard-mix-viagra-cialis\/","url":"https:\/\/asteralabs.org\/it\/product\/sex-hard-mix-viagra-cialis\/","name":"Sex Hard Mix (Viagra + Cialis) - Astera Labs","isPartOf":{"@id":"https:\/\/asteralabs.org\/it\/#website"},"primaryImageOfPage":{"@id":"https:\/\/asteralabs.org\/it\/product\/sex-hard-mix-viagra-cialis\/#primaryimage"},"image":{"@id":"https:\/\/asteralabs.org\/it\/product\/sex-hard-mix-viagra-cialis\/#primaryimage"},"thumbnailUrl":"https:\/\/asteralabs.org\/wp-content\/uploads\/2023\/01\/Sex-hard-mix-mockup-nbg.png","datePublished":"2023-01-10T22:24:53+00:00","dateModified":"2026-01-16T12:11:30+00:00","breadcrumb":{"@id":"https:\/\/asteralabs.org\/it\/product\/sex-hard-mix-viagra-cialis\/#breadcrumb"},"inLanguage":"it-IT","potentialAction":[{"@type":"ReadAction","target":["https:\/\/asteralabs.org\/it\/product\/sex-hard-mix-viagra-cialis\/"]}]},{"@type":"ImageObject","inLanguage":"it-IT","@id":"https:\/\/asteralabs.org\/it\/product\/sex-hard-mix-viagra-cialis\/#primaryimage","url":"https:\/\/asteralabs.org\/wp-content\/uploads\/2023\/01\/Sex-hard-mix-mockup-nbg.png","contentUrl":"https:\/\/asteralabs.org\/wp-content\/uploads\/2023\/01\/Sex-hard-mix-mockup-nbg.png","width":2000,"height":2000},{"@type":"BreadcrumbList","@id":"https:\/\/asteralabs.org\/it\/product\/sex-hard-mix-viagra-cialis\/#breadcrumb","itemListElement":[{"@type":"ListItem","position":1,"name":"Home","item":"https:\/\/asteralabs.org\/it\/"},{"@type":"ListItem","position":2,"name":"Negozio","item":"https:\/\/asteralabs.org\/it\/negozio\/"},{"@type":"ListItem","position":3,"name":"Sex Hard Mix (Viagra + Cialis)"}]},{"@type":"WebSite","@id":"https:\/\/asteralabs.org\/it\/#website","url":"https:\/\/asteralabs.org\/it\/","name":"Astera Labs","description":"Improve Your Quality Of Life","publisher":{"@id":"https:\/\/asteralabs.org\/it\/#organization"},"potentialAction":[{"@type":"SearchAction","target":{"@type":"EntryPoint","urlTemplate":"https:\/\/asteralabs.org\/it\/?s={search_term_string}"},"query-input":{"@type":"PropertyValueSpecification","valueRequired":true,"valueName":"search_term_string"}}],"inLanguage":"it-IT"},{"@type":"Organization","@id":"https:\/\/asteralabs.org\/it\/#organization","name":"Astera Labs","url":"https:\/\/asteralabs.org\/it\/","logo":{"@type":"ImageObject","inLanguage":"it-IT","@id":"https:\/\/asteralabs.org\/it\/#\/schema\/logo\/image\/","url":"https:\/\/asteralabs.org\/wp-content\/uploads\/2022\/12\/astera-2.png","contentUrl":"https:\/\/asteralabs.org\/wp-content\/uploads\/2022\/12\/astera-2.png","width":437,"height":111,"caption":"Astera Labs"},"image":{"@id":"https:\/\/asteralabs.org\/it\/#\/schema\/logo\/image\/"}}]}},"_links":{"self":[{"href":"https:\/\/asteralabs.org\/it\/wp-json\/wp\/v2\/product\/77735","targetHints":{"allow":["GET"]}}],"collection":[{"href":"https:\/\/asteralabs.org\/it\/wp-json\/wp\/v2\/product"}],"about":[{"href":"https:\/\/asteralabs.org\/it\/wp-json\/wp\/v2\/types\/product"}],"replies":[{"embeddable":true,"href":"https:\/\/asteralabs.org\/it\/wp-json\/wp\/v2\/comments?post=77735"}],"version-history":[{"count":0,"href":"https:\/\/asteralabs.org\/it\/wp-json\/wp\/v2\/product\/77735\/revisions"}],"wp:featuredmedia":[{"embeddable":true,"href":"https:\/\/asteralabs.org\/it\/wp-json\/wp\/v2\/media\/76187"}],"wp:attachment":[{"href":"https:\/\/asteralabs.org\/it\/wp-json\/wp\/v2\/media?parent=77735"}],"wp:term":[{"taxonomy":"product_brand","embeddable":true,"href":"https:\/\/asteralabs.org\/it\/wp-json\/wp\/v2\/product_brand?post=77735"},{"taxonomy":"product_cat","embeddable":true,"href":"https:\/\/asteralabs.org\/it\/wp-json\/wp\/v2\/product_cat?post=77735"},{"taxonomy":"product_tag","embeddable":true,"href":"https:\/\/asteralabs.org\/it\/wp-json\/wp\/v2\/product_tag?post=77735"}],"curies":[{"name":"wp","href":"https:\/\/api.w.org\/{rel}","templated":true}]}}