{"id":77748,"date":"2023-01-10T22:21:28","date_gmt":"2023-01-10T22:21:28","guid":{"rendered":"https:\/\/asteralabs.org\/product\/metildrostanolone-superdrol\/"},"modified":"2026-01-16T10:08:43","modified_gmt":"2026-01-16T10:08:43","slug":"metildrostanolone-superdrol","status":"publish","type":"product","link":"https:\/\/asteralabs.org\/it\/product\/metildrostanolone-superdrol\/","title":{"rendered":"Metildrostanolone (Superdrol)"},"content":{"rendered":"<p><strong>DOSAGGIO: <\/strong><br \/>\nMetildrostanolone 10mg\/tab <strong>CONTENUTO DELLA CONFEZIONE: <\/strong><br \/>\n1 bustina, 50 compresse, 10 mg per compressa <strong>CHE COSA \u00c8: <\/strong><br \/>\nIl metildrosnanolone, noto anche come Superdrol, \u00e8 il pi\u00f9 potente steroide orale esistente. Si tratta di una modifica metilata del drostanolone, ma non ne ha l&#8217;aspetto, ha un elevato potere anabolico e androgeno, pu\u00f2 essere utilizzato in fasi di volume, taglio o forza e, proprio come l&#8217;Anadrol, satura i depositi di glicogeno. \u00c8 uno steroide molto epatotossico. <strong>COME SI USA: <\/strong><br \/>\nUna dose di 10 mg \u00e8 gi\u00e0 molto efficace, ma spesso si utilizzano dosi fino a 20-30 mg al giorno. Si consiglia di utilizzarlo per un massimo di 4 settimane. Si consiglia di dividere la dose due volte al giorno. Deve essere utilizzato insieme a un protettore del fegato come TUDCA. <strong>INFORMAZIONI SUL LOTTO:<br \/>\n<\/strong>Numero di lotto: <span data-sheets-root=\"1\" data-sheets-value=\"{\" data-sheets-userformat=\"{\">VA38269<\/span><br \/>\nData di produzione: <span data-sheets-root=\"1\" data-sheets-value=\"{\" data-sheets-userformat=\"{\">10.2025.<\/span><br \/>\nData di scadenza: <span data-sheets-root=\"1\" data-sheets-value=\"{\" data-sheets-userformat=\"{\">10.2028.<\/span><\/p>\n","protected":false},"excerpt":{"rendered":"<p>DOSAGGIO: Metildrostanolone 10mg\/tab CONTENUTO DELLA CONFEZIONE: 1 bustina, 50 compresse, 10 mg per compressa CHE COSA \u00c8: Il metildrosnanolone, noto anche come Superdrol, \u00e8 il pi\u00f9 potente steroide orale esistente. Si tratta di una modifica metilata del drostanolone, ma non ne ha l&#8217;aspetto, ha un elevato potere anabolico e androgeno, pu\u00f2 essere utilizzato in fasi&hellip;<\/p>\n","protected":false},"featured_media":76299,"comment_status":"open","ping_status":"closed","template":"","meta":[],"product_cat":[159,176],"product_tag":[],"yoast_head":"<!-- This site is optimized with the Yoast SEO plugin v23.0 - https:\/\/yoast.com\/wordpress\/plugins\/seo\/ -->\n<title>Metildrostanolone (Superdrol) - Astera Labs<\/title>\n<meta name=\"robots\" content=\"index, follow, max-snippet:-1, max-image-preview:large, max-video-preview:-1\" \/>\n<link rel=\"canonical\" href=\"https:\/\/asteralabs.org\/it\/product\/metildrostanolone-superdrol\/\" \/>\n<meta property=\"og:locale\" content=\"it_IT\" \/>\n<meta property=\"og:type\" content=\"article\" \/>\n<meta property=\"og:title\" content=\"Metildrostanolone (Superdrol) - Astera Labs\" \/>\n<meta property=\"og:description\" content=\"DOSAGGIO: Metildrostanolone 10mg\/tab CONTENUTO DELLA CONFEZIONE: 1 bustina, 50 compresse, 10 mg per compressa CHE COSA \u00c8: Il metildrosnanolone, noto anche come Superdrol, \u00e8 il pi\u00f9 potente steroide orale esistente. Si tratta di una modifica metilata del drostanolone, ma non ne ha l&#8217;aspetto, ha un elevato potere anabolico e androgeno, pu\u00f2 essere utilizzato in fasi&hellip;\" \/>\n<meta property=\"og:url\" content=\"https:\/\/asteralabs.org\/it\/product\/metildrostanolone-superdrol\/\" \/>\n<meta property=\"og:site_name\" content=\"Astera Labs\" \/>\n<meta property=\"article:modified_time\" content=\"2026-01-16T10:08:43+00:00\" \/>\n<meta property=\"og:image\" content=\"https:\/\/asteralabs.org\/wp-content\/uploads\/2023\/01\/Methyldrostanolone-superdrol-mockup-nbg.png\" \/>\n\t<meta property=\"og:image:width\" content=\"2000\" \/>\n\t<meta property=\"og:image:height\" content=\"2000\" \/>\n\t<meta property=\"og:image:type\" content=\"image\/png\" \/>\n<meta name=\"twitter:card\" content=\"summary_large_image\" \/>\n<script type=\"application\/ld+json\" class=\"yoast-schema-graph\">{\"@context\":\"https:\/\/schema.org\",\"@graph\":[{\"@type\":\"WebPage\",\"@id\":\"https:\/\/asteralabs.org\/it\/product\/metildrostanolone-superdrol\/\",\"url\":\"https:\/\/asteralabs.org\/it\/product\/metildrostanolone-superdrol\/\",\"name\":\"Metildrostanolone (Superdrol) - Astera Labs\",\"isPartOf\":{\"@id\":\"https:\/\/asteralabs.org\/it\/#website\"},\"primaryImageOfPage\":{\"@id\":\"https:\/\/asteralabs.org\/it\/product\/metildrostanolone-superdrol\/#primaryimage\"},\"image\":{\"@id\":\"https:\/\/asteralabs.org\/it\/product\/metildrostanolone-superdrol\/#primaryimage\"},\"thumbnailUrl\":\"https:\/\/asteralabs.org\/wp-content\/uploads\/2023\/01\/Methyldrostanolone-superdrol-mockup-nbg.png\",\"datePublished\":\"2023-01-10T22:21:28+00:00\",\"dateModified\":\"2026-01-16T10:08:43+00:00\",\"breadcrumb\":{\"@id\":\"https:\/\/asteralabs.org\/it\/product\/metildrostanolone-superdrol\/#breadcrumb\"},\"inLanguage\":\"it-IT\",\"potentialAction\":[{\"@type\":\"ReadAction\",\"target\":[\"https:\/\/asteralabs.org\/it\/product\/metildrostanolone-superdrol\/\"]}]},{\"@type\":\"ImageObject\",\"inLanguage\":\"it-IT\",\"@id\":\"https:\/\/asteralabs.org\/it\/product\/metildrostanolone-superdrol\/#primaryimage\",\"url\":\"https:\/\/asteralabs.org\/wp-content\/uploads\/2023\/01\/Methyldrostanolone-superdrol-mockup-nbg.png\",\"contentUrl\":\"https:\/\/asteralabs.org\/wp-content\/uploads\/2023\/01\/Methyldrostanolone-superdrol-mockup-nbg.png\",\"width\":2000,\"height\":2000},{\"@type\":\"BreadcrumbList\",\"@id\":\"https:\/\/asteralabs.org\/it\/product\/metildrostanolone-superdrol\/#breadcrumb\",\"itemListElement\":[{\"@type\":\"ListItem\",\"position\":1,\"name\":\"Home\",\"item\":\"https:\/\/asteralabs.org\/it\/\"},{\"@type\":\"ListItem\",\"position\":2,\"name\":\"Negozio\",\"item\":\"https:\/\/asteralabs.org\/negozio\/\"},{\"@type\":\"ListItem\",\"position\":3,\"name\":\"Metildrostanolone (Superdrol)\"}]},{\"@type\":\"WebSite\",\"@id\":\"https:\/\/asteralabs.org\/it\/#website\",\"url\":\"https:\/\/asteralabs.org\/it\/\",\"name\":\"Astera Labs\",\"description\":\"Improve Your Quality Of Life\",\"publisher\":{\"@id\":\"https:\/\/asteralabs.org\/it\/#organization\"},\"potentialAction\":[{\"@type\":\"SearchAction\",\"target\":{\"@type\":\"EntryPoint\",\"urlTemplate\":\"https:\/\/asteralabs.org\/it\/?s={search_term_string}\"},\"query-input\":\"required name=search_term_string\"}],\"inLanguage\":\"it-IT\"},{\"@type\":\"Organization\",\"@id\":\"https:\/\/asteralabs.org\/it\/#organization\",\"name\":\"Astera Labs\",\"url\":\"https:\/\/asteralabs.org\/it\/\",\"logo\":{\"@type\":\"ImageObject\",\"inLanguage\":\"it-IT\",\"@id\":\"https:\/\/asteralabs.org\/it\/#\/schema\/logo\/image\/\",\"url\":\"https:\/\/asteralabs.org\/wp-content\/uploads\/2022\/12\/astera-2.png\",\"contentUrl\":\"https:\/\/asteralabs.org\/wp-content\/uploads\/2022\/12\/astera-2.png\",\"width\":437,\"height\":111,\"caption\":\"Astera Labs\"},\"image\":{\"@id\":\"https:\/\/asteralabs.org\/it\/#\/schema\/logo\/image\/\"}}]}<\/script>\n<!-- \/ Yoast SEO plugin. -->","yoast_head_json":{"title":"Metildrostanolone (Superdrol) - Astera Labs","robots":{"index":"index","follow":"follow","max-snippet":"max-snippet:-1","max-image-preview":"max-image-preview:large","max-video-preview":"max-video-preview:-1"},"canonical":"https:\/\/asteralabs.org\/it\/product\/metildrostanolone-superdrol\/","og_locale":"it_IT","og_type":"article","og_title":"Metildrostanolone (Superdrol) - Astera Labs","og_description":"DOSAGGIO: Metildrostanolone 10mg\/tab CONTENUTO DELLA CONFEZIONE: 1 bustina, 50 compresse, 10 mg per compressa CHE COSA \u00c8: Il metildrosnanolone, noto anche come Superdrol, \u00e8 il pi\u00f9 potente steroide orale esistente. Si tratta di una modifica metilata del drostanolone, ma non ne ha l&#8217;aspetto, ha un elevato potere anabolico e androgeno, pu\u00f2 essere utilizzato in fasi&hellip;","og_url":"https:\/\/asteralabs.org\/it\/product\/metildrostanolone-superdrol\/","og_site_name":"Astera Labs","article_modified_time":"2026-01-16T10:08:43+00:00","og_image":[{"width":2000,"height":2000,"url":"https:\/\/asteralabs.org\/wp-content\/uploads\/2023\/01\/Methyldrostanolone-superdrol-mockup-nbg.png","type":"image\/png"}],"twitter_card":"summary_large_image","schema":{"@context":"https:\/\/schema.org","@graph":[{"@type":"WebPage","@id":"https:\/\/asteralabs.org\/it\/product\/metildrostanolone-superdrol\/","url":"https:\/\/asteralabs.org\/it\/product\/metildrostanolone-superdrol\/","name":"Metildrostanolone (Superdrol) - Astera Labs","isPartOf":{"@id":"https:\/\/asteralabs.org\/it\/#website"},"primaryImageOfPage":{"@id":"https:\/\/asteralabs.org\/it\/product\/metildrostanolone-superdrol\/#primaryimage"},"image":{"@id":"https:\/\/asteralabs.org\/it\/product\/metildrostanolone-superdrol\/#primaryimage"},"thumbnailUrl":"https:\/\/asteralabs.org\/wp-content\/uploads\/2023\/01\/Methyldrostanolone-superdrol-mockup-nbg.png","datePublished":"2023-01-10T22:21:28+00:00","dateModified":"2026-01-16T10:08:43+00:00","breadcrumb":{"@id":"https:\/\/asteralabs.org\/it\/product\/metildrostanolone-superdrol\/#breadcrumb"},"inLanguage":"it-IT","potentialAction":[{"@type":"ReadAction","target":["https:\/\/asteralabs.org\/it\/product\/metildrostanolone-superdrol\/"]}]},{"@type":"ImageObject","inLanguage":"it-IT","@id":"https:\/\/asteralabs.org\/it\/product\/metildrostanolone-superdrol\/#primaryimage","url":"https:\/\/asteralabs.org\/wp-content\/uploads\/2023\/01\/Methyldrostanolone-superdrol-mockup-nbg.png","contentUrl":"https:\/\/asteralabs.org\/wp-content\/uploads\/2023\/01\/Methyldrostanolone-superdrol-mockup-nbg.png","width":2000,"height":2000},{"@type":"BreadcrumbList","@id":"https:\/\/asteralabs.org\/it\/product\/metildrostanolone-superdrol\/#breadcrumb","itemListElement":[{"@type":"ListItem","position":1,"name":"Home","item":"https:\/\/asteralabs.org\/it\/"},{"@type":"ListItem","position":2,"name":"Negozio","item":"https:\/\/asteralabs.org\/negozio\/"},{"@type":"ListItem","position":3,"name":"Metildrostanolone (Superdrol)"}]},{"@type":"WebSite","@id":"https:\/\/asteralabs.org\/it\/#website","url":"https:\/\/asteralabs.org\/it\/","name":"Astera Labs","description":"Improve Your Quality Of Life","publisher":{"@id":"https:\/\/asteralabs.org\/it\/#organization"},"potentialAction":[{"@type":"SearchAction","target":{"@type":"EntryPoint","urlTemplate":"https:\/\/asteralabs.org\/it\/?s={search_term_string}"},"query-input":"required name=search_term_string"}],"inLanguage":"it-IT"},{"@type":"Organization","@id":"https:\/\/asteralabs.org\/it\/#organization","name":"Astera Labs","url":"https:\/\/asteralabs.org\/it\/","logo":{"@type":"ImageObject","inLanguage":"it-IT","@id":"https:\/\/asteralabs.org\/it\/#\/schema\/logo\/image\/","url":"https:\/\/asteralabs.org\/wp-content\/uploads\/2022\/12\/astera-2.png","contentUrl":"https:\/\/asteralabs.org\/wp-content\/uploads\/2022\/12\/astera-2.png","width":437,"height":111,"caption":"Astera Labs"},"image":{"@id":"https:\/\/asteralabs.org\/it\/#\/schema\/logo\/image\/"}}]}},"_links":{"self":[{"href":"https:\/\/asteralabs.org\/it\/wp-json\/wp\/v2\/product\/77748"}],"collection":[{"href":"https:\/\/asteralabs.org\/it\/wp-json\/wp\/v2\/product"}],"about":[{"href":"https:\/\/asteralabs.org\/it\/wp-json\/wp\/v2\/types\/product"}],"replies":[{"embeddable":true,"href":"https:\/\/asteralabs.org\/it\/wp-json\/wp\/v2\/comments?post=77748"}],"version-history":[{"count":0,"href":"https:\/\/asteralabs.org\/it\/wp-json\/wp\/v2\/product\/77748\/revisions"}],"wp:featuredmedia":[{"embeddable":true,"href":"https:\/\/asteralabs.org\/it\/wp-json\/wp\/v2\/media\/76299"}],"wp:attachment":[{"href":"https:\/\/asteralabs.org\/it\/wp-json\/wp\/v2\/media?parent=77748"}],"wp:term":[{"taxonomy":"product_cat","embeddable":true,"href":"https:\/\/asteralabs.org\/it\/wp-json\/wp\/v2\/product_cat?post=77748"},{"taxonomy":"product_tag","embeddable":true,"href":"https:\/\/asteralabs.org\/it\/wp-json\/wp\/v2\/product_tag?post=77748"}],"curies":[{"name":"wp","href":"https:\/\/api.w.org\/{rel}","templated":true}]}}