{"id":77763,"date":"2023-01-10T22:19:43","date_gmt":"2023-01-10T22:19:43","guid":{"rendered":"https:\/\/asteralabs.org\/product\/mesterolone\/"},"modified":"2026-01-16T09:37:51","modified_gmt":"2026-01-16T09:37:51","slug":"mesterolone","status":"publish","type":"product","link":"https:\/\/asteralabs.org\/it\/product\/mesterolone\/","title":{"rendered":"Mesterolone"},"content":{"rendered":"<p><strong>DOSAGGIO: <\/strong><br \/>\nMesterolone 50mg\/tab <strong>CONTENUTO DELLA CONFEZIONE: <\/strong><br \/>\n1 bustina, 50 compresse, 50 mg per compressa <strong>CHE COSA \u00c8: <\/strong><br \/>\nIl mesterolone \u00e8 uno steroide androgeno e anabolizzante utilizzato per il trattamento della carenza di androgeni e per favorire la fertilit\u00e0 maschile. Poich\u00e9 non ha effetti estrogenici, il mesterolone pu\u00f2 essere indicato per il trattamento dei casi di carenza di androgeni in cui \u00e8 presente anche la ginecomastia. <strong>COME SI USA: <\/strong><br \/>\nL&#8217;uso pi\u00f9 comune \u00e8 quello di supporto androgenico, utile per aumentare la libido, bruciare pi\u00f9 grassi o evitare gli effetti collaterali di altre sostanze come il nandrolone. Le dosi variano a seconda di ci\u00f2 che \u00e8 richiesto, essendo 50-100 mg le pi\u00f9 comuni; consiglio di dividere la dose in due somministrazioni giornaliere. Proviron \u00e8 solitamente privo di effetti collaterali gravi. <strong>INFORMAZIONI SUL LOTTO:<br \/>\n<\/strong>Numero di lotto: <span data-sheets-root=\"1\" data-sheets-value=\"{\" data-sheets-userformat=\"{\">GZ77347<\/span><br \/>\nData di produzione: <span data-sheets-root=\"1\" data-sheets-value=\"{\" data-sheets-userformat=\"{\">10.2025.<\/span><br \/>\nData di scadenza: <span data-sheets-root=\"1\" data-sheets-value=\"{\" data-sheets-userformat=\"{\">10.2028.<\/span><\/p>\n","protected":false},"excerpt":{"rendered":"<p>DOSAGGIO: Mesterolone 50mg\/tab CONTENUTO DELLA CONFEZIONE: 1 bustina, 50 compresse, 50 mg per compressa CHE COSA \u00c8: Il mesterolone \u00e8 uno steroide androgeno e anabolizzante utilizzato per il trattamento della carenza di androgeni e per favorire la fertilit\u00e0 maschile. Poich\u00e9 non ha effetti estrogenici, il mesterolone pu\u00f2 essere indicato per il trattamento dei casi di&hellip;<\/p>\n","protected":false},"featured_media":76275,"comment_status":"open","ping_status":"closed","template":"","meta":[],"product_cat":[159,176],"product_tag":[],"yoast_head":"<!-- This site is optimized with the Yoast SEO plugin v23.0 - https:\/\/yoast.com\/wordpress\/plugins\/seo\/ -->\n<title>Mesterolone - Astera Labs<\/title>\n<meta name=\"robots\" content=\"index, follow, max-snippet:-1, max-image-preview:large, max-video-preview:-1\" \/>\n<link rel=\"canonical\" href=\"https:\/\/asteralabs.org\/it\/product\/mesterolone\/\" \/>\n<meta property=\"og:locale\" content=\"it_IT\" \/>\n<meta property=\"og:type\" content=\"article\" \/>\n<meta property=\"og:title\" content=\"Mesterolone - Astera Labs\" \/>\n<meta property=\"og:description\" content=\"DOSAGGIO: Mesterolone 50mg\/tab CONTENUTO DELLA CONFEZIONE: 1 bustina, 50 compresse, 50 mg per compressa CHE COSA \u00c8: Il mesterolone \u00e8 uno steroide androgeno e anabolizzante utilizzato per il trattamento della carenza di androgeni e per favorire la fertilit\u00e0 maschile. Poich\u00e9 non ha effetti estrogenici, il mesterolone pu\u00f2 essere indicato per il trattamento dei casi di&hellip;\" \/>\n<meta property=\"og:url\" content=\"https:\/\/asteralabs.org\/it\/product\/mesterolone\/\" \/>\n<meta property=\"og:site_name\" content=\"Astera Labs\" \/>\n<meta property=\"article:modified_time\" content=\"2026-01-16T09:37:51+00:00\" \/>\n<meta property=\"og:image\" content=\"https:\/\/asteralabs.org\/wp-content\/uploads\/2023\/01\/Mesterolone-mockup-nbg.png\" \/>\n\t<meta property=\"og:image:width\" content=\"2000\" \/>\n\t<meta property=\"og:image:height\" content=\"2000\" \/>\n\t<meta property=\"og:image:type\" content=\"image\/png\" \/>\n<meta name=\"twitter:card\" content=\"summary_large_image\" \/>\n<script type=\"application\/ld+json\" class=\"yoast-schema-graph\">{\"@context\":\"https:\/\/schema.org\",\"@graph\":[{\"@type\":\"WebPage\",\"@id\":\"https:\/\/asteralabs.org\/it\/product\/mesterolone\/\",\"url\":\"https:\/\/asteralabs.org\/it\/product\/mesterolone\/\",\"name\":\"Mesterolone - Astera Labs\",\"isPartOf\":{\"@id\":\"https:\/\/asteralabs.org\/it\/#website\"},\"primaryImageOfPage\":{\"@id\":\"https:\/\/asteralabs.org\/it\/product\/mesterolone\/#primaryimage\"},\"image\":{\"@id\":\"https:\/\/asteralabs.org\/it\/product\/mesterolone\/#primaryimage\"},\"thumbnailUrl\":\"https:\/\/asteralabs.org\/wp-content\/uploads\/2023\/01\/Mesterolone-mockup-nbg.png\",\"datePublished\":\"2023-01-10T22:19:43+00:00\",\"dateModified\":\"2026-01-16T09:37:51+00:00\",\"breadcrumb\":{\"@id\":\"https:\/\/asteralabs.org\/it\/product\/mesterolone\/#breadcrumb\"},\"inLanguage\":\"it-IT\",\"potentialAction\":[{\"@type\":\"ReadAction\",\"target\":[\"https:\/\/asteralabs.org\/it\/product\/mesterolone\/\"]}]},{\"@type\":\"ImageObject\",\"inLanguage\":\"it-IT\",\"@id\":\"https:\/\/asteralabs.org\/it\/product\/mesterolone\/#primaryimage\",\"url\":\"https:\/\/asteralabs.org\/wp-content\/uploads\/2023\/01\/Mesterolone-mockup-nbg.png\",\"contentUrl\":\"https:\/\/asteralabs.org\/wp-content\/uploads\/2023\/01\/Mesterolone-mockup-nbg.png\",\"width\":2000,\"height\":2000},{\"@type\":\"BreadcrumbList\",\"@id\":\"https:\/\/asteralabs.org\/it\/product\/mesterolone\/#breadcrumb\",\"itemListElement\":[{\"@type\":\"ListItem\",\"position\":1,\"name\":\"Home\",\"item\":\"https:\/\/asteralabs.org\/it\/\"},{\"@type\":\"ListItem\",\"position\":2,\"name\":\"Negozio\",\"item\":\"https:\/\/asteralabs.org\/negozio\/\"},{\"@type\":\"ListItem\",\"position\":3,\"name\":\"Mesterolone\"}]},{\"@type\":\"WebSite\",\"@id\":\"https:\/\/asteralabs.org\/it\/#website\",\"url\":\"https:\/\/asteralabs.org\/it\/\",\"name\":\"Astera Labs\",\"description\":\"Improve Your Quality Of Life\",\"publisher\":{\"@id\":\"https:\/\/asteralabs.org\/it\/#organization\"},\"potentialAction\":[{\"@type\":\"SearchAction\",\"target\":{\"@type\":\"EntryPoint\",\"urlTemplate\":\"https:\/\/asteralabs.org\/it\/?s={search_term_string}\"},\"query-input\":\"required name=search_term_string\"}],\"inLanguage\":\"it-IT\"},{\"@type\":\"Organization\",\"@id\":\"https:\/\/asteralabs.org\/it\/#organization\",\"name\":\"Astera Labs\",\"url\":\"https:\/\/asteralabs.org\/it\/\",\"logo\":{\"@type\":\"ImageObject\",\"inLanguage\":\"it-IT\",\"@id\":\"https:\/\/asteralabs.org\/it\/#\/schema\/logo\/image\/\",\"url\":\"https:\/\/asteralabs.org\/wp-content\/uploads\/2022\/12\/astera-2.png\",\"contentUrl\":\"https:\/\/asteralabs.org\/wp-content\/uploads\/2022\/12\/astera-2.png\",\"width\":437,\"height\":111,\"caption\":\"Astera Labs\"},\"image\":{\"@id\":\"https:\/\/asteralabs.org\/it\/#\/schema\/logo\/image\/\"}}]}<\/script>\n<!-- \/ Yoast SEO plugin. -->","yoast_head_json":{"title":"Mesterolone - Astera Labs","robots":{"index":"index","follow":"follow","max-snippet":"max-snippet:-1","max-image-preview":"max-image-preview:large","max-video-preview":"max-video-preview:-1"},"canonical":"https:\/\/asteralabs.org\/it\/product\/mesterolone\/","og_locale":"it_IT","og_type":"article","og_title":"Mesterolone - Astera Labs","og_description":"DOSAGGIO: Mesterolone 50mg\/tab CONTENUTO DELLA CONFEZIONE: 1 bustina, 50 compresse, 50 mg per compressa CHE COSA \u00c8: Il mesterolone \u00e8 uno steroide androgeno e anabolizzante utilizzato per il trattamento della carenza di androgeni e per favorire la fertilit\u00e0 maschile. Poich\u00e9 non ha effetti estrogenici, il mesterolone pu\u00f2 essere indicato per il trattamento dei casi di&hellip;","og_url":"https:\/\/asteralabs.org\/it\/product\/mesterolone\/","og_site_name":"Astera Labs","article_modified_time":"2026-01-16T09:37:51+00:00","og_image":[{"width":2000,"height":2000,"url":"https:\/\/asteralabs.org\/wp-content\/uploads\/2023\/01\/Mesterolone-mockup-nbg.png","type":"image\/png"}],"twitter_card":"summary_large_image","schema":{"@context":"https:\/\/schema.org","@graph":[{"@type":"WebPage","@id":"https:\/\/asteralabs.org\/it\/product\/mesterolone\/","url":"https:\/\/asteralabs.org\/it\/product\/mesterolone\/","name":"Mesterolone - Astera Labs","isPartOf":{"@id":"https:\/\/asteralabs.org\/it\/#website"},"primaryImageOfPage":{"@id":"https:\/\/asteralabs.org\/it\/product\/mesterolone\/#primaryimage"},"image":{"@id":"https:\/\/asteralabs.org\/it\/product\/mesterolone\/#primaryimage"},"thumbnailUrl":"https:\/\/asteralabs.org\/wp-content\/uploads\/2023\/01\/Mesterolone-mockup-nbg.png","datePublished":"2023-01-10T22:19:43+00:00","dateModified":"2026-01-16T09:37:51+00:00","breadcrumb":{"@id":"https:\/\/asteralabs.org\/it\/product\/mesterolone\/#breadcrumb"},"inLanguage":"it-IT","potentialAction":[{"@type":"ReadAction","target":["https:\/\/asteralabs.org\/it\/product\/mesterolone\/"]}]},{"@type":"ImageObject","inLanguage":"it-IT","@id":"https:\/\/asteralabs.org\/it\/product\/mesterolone\/#primaryimage","url":"https:\/\/asteralabs.org\/wp-content\/uploads\/2023\/01\/Mesterolone-mockup-nbg.png","contentUrl":"https:\/\/asteralabs.org\/wp-content\/uploads\/2023\/01\/Mesterolone-mockup-nbg.png","width":2000,"height":2000},{"@type":"BreadcrumbList","@id":"https:\/\/asteralabs.org\/it\/product\/mesterolone\/#breadcrumb","itemListElement":[{"@type":"ListItem","position":1,"name":"Home","item":"https:\/\/asteralabs.org\/it\/"},{"@type":"ListItem","position":2,"name":"Negozio","item":"https:\/\/asteralabs.org\/negozio\/"},{"@type":"ListItem","position":3,"name":"Mesterolone"}]},{"@type":"WebSite","@id":"https:\/\/asteralabs.org\/it\/#website","url":"https:\/\/asteralabs.org\/it\/","name":"Astera Labs","description":"Improve Your Quality Of Life","publisher":{"@id":"https:\/\/asteralabs.org\/it\/#organization"},"potentialAction":[{"@type":"SearchAction","target":{"@type":"EntryPoint","urlTemplate":"https:\/\/asteralabs.org\/it\/?s={search_term_string}"},"query-input":"required name=search_term_string"}],"inLanguage":"it-IT"},{"@type":"Organization","@id":"https:\/\/asteralabs.org\/it\/#organization","name":"Astera Labs","url":"https:\/\/asteralabs.org\/it\/","logo":{"@type":"ImageObject","inLanguage":"it-IT","@id":"https:\/\/asteralabs.org\/it\/#\/schema\/logo\/image\/","url":"https:\/\/asteralabs.org\/wp-content\/uploads\/2022\/12\/astera-2.png","contentUrl":"https:\/\/asteralabs.org\/wp-content\/uploads\/2022\/12\/astera-2.png","width":437,"height":111,"caption":"Astera Labs"},"image":{"@id":"https:\/\/asteralabs.org\/it\/#\/schema\/logo\/image\/"}}]}},"_links":{"self":[{"href":"https:\/\/asteralabs.org\/it\/wp-json\/wp\/v2\/product\/77763"}],"collection":[{"href":"https:\/\/asteralabs.org\/it\/wp-json\/wp\/v2\/product"}],"about":[{"href":"https:\/\/asteralabs.org\/it\/wp-json\/wp\/v2\/types\/product"}],"replies":[{"embeddable":true,"href":"https:\/\/asteralabs.org\/it\/wp-json\/wp\/v2\/comments?post=77763"}],"version-history":[{"count":0,"href":"https:\/\/asteralabs.org\/it\/wp-json\/wp\/v2\/product\/77763\/revisions"}],"wp:featuredmedia":[{"embeddable":true,"href":"https:\/\/asteralabs.org\/it\/wp-json\/wp\/v2\/media\/76275"}],"wp:attachment":[{"href":"https:\/\/asteralabs.org\/it\/wp-json\/wp\/v2\/media?parent=77763"}],"wp:term":[{"taxonomy":"product_cat","embeddable":true,"href":"https:\/\/asteralabs.org\/it\/wp-json\/wp\/v2\/product_cat?post=77763"},{"taxonomy":"product_tag","embeddable":true,"href":"https:\/\/asteralabs.org\/it\/wp-json\/wp\/v2\/product_tag?post=77763"}],"curies":[{"name":"wp","href":"https:\/\/api.w.org\/{rel}","templated":true}]}}