{"id":77781,"date":"2022-12-29T21:01:59","date_gmt":"2022-12-29T21:01:59","guid":{"rendered":"https:\/\/asteralabs.org\/product\/trestolone-enantato-ment\/"},"modified":"2026-01-16T07:50:18","modified_gmt":"2026-01-16T07:50:18","slug":"trestolone-enantato-ment","status":"publish","type":"product","link":"https:\/\/asteralabs.org\/it\/product\/trestolone-enantato-ment\/","title":{"rendered":"Trestolone Enantato (MENT)"},"content":{"rendered":"<p><strong>DOSAGGIO:<\/strong><br \/>\nTrestolone enantato 50 mg\/ml<\/p>\n<p><strong>CONTENUTO DELLA CONFEZIONE:<\/strong><br \/>\n1 fiala da 10 ml (50 mg\/ml)<\/p>\n<p><strong>A CHE COSA \u00c8:<\/strong><br \/>\nIl trestolone enantato (MENT) \u00e8 un potente steroide anabolizzante derivato dall\u2019ormone nandrolone. Considerato un mix tra il trenbolone e il nandrolone, offre una potente combinazione di forza muscolare e crescita dei tessuti. Pi\u00f9 intenso del trenbolone, il trestolone enantato \u00e8 uno degli steroidi pi\u00f9 efficaci in commercio. Questo composto \u00e8 fortemente aromatizzato, ovvero si converte in estrogeni nell\u2019organismo. In virt\u00f9 di ci\u00f2, \u00e8 bene adottare misure adeguate per controllare i livelli di estradiolo, utilizzando strategie diverse da quelle tipicamente utilizzate con composti meno potenti o optando per dosaggi minori. Il trestolone enantato non si converte in DHT, il che riduce il rischio di caduta dei capelli e altri effetti collaterali correlati. Poich\u00e9 \u00e8 fortemente inibitoria, questa sostanza viene impiegata come contraccettivo maschile.<\/p>\n<p><strong>COME SI USA:<\/strong><br \/>\nIl dosaggio del trestolone enantato varia a seconda dell\u2019esperienza e degli obiettivi dell\u2019utente. Dosaggi comuni vanno da 5-10 mg al giorno (35-70 mg a settimana) per i principianti, mentre i pi\u00f9 esperti possono utilizzare 10-25 mg al giorno (70-175 mg a settimana) o addirittura 25-50 mg al giorno (175-350 mg a settimana). Si consiglia di aumentare gradualmente la dose su base settimanale, fino a raggiungere gli effetti desiderati. I cicli durano in genere 8-12 settimane, durante cui gli utenti monitorano attentamente la loro risposta al composto e regolano il dosaggio in base alle necessit\u00e0 per ottimizzare i risultati e ridurre al minimo i potenziali effetti collaterali. Al termine del ciclo, si consiglia una terapia post ciclo (PCT) per aiutare a ripristinare la produzione naturale di testosterone e mantenere i guadagni ottenuti durante la somministrazione.<\/p>\n<p><strong>INFORMAZIONI SUL LOTTO:<br \/>\n<\/strong>Numero di lotto: <span data-sheets-root=\"1\" data-sheets-value=\"{\" data-sheets-userformat=\"{\">QD65113<\/span><br \/>\nData di produzione: <span data-sheets-root=\"1\" data-sheets-value=\"{\" data-sheets-userformat=\"{\">10.2025.<\/span><br \/>\nData di scadenza: <span data-sheets-root=\"1\" data-sheets-value=\"{\" data-sheets-userformat=\"{\">10.2028.<\/span><\/p>\n","protected":false},"excerpt":{"rendered":"<p>DOSAGGIO: Trestolone enantato 50 mg\/ml CONTENUTO DELLA CONFEZIONE: 1 fiala da 10 ml (50 mg\/ml) A CHE COSA \u00c8: Il trestolone enantato (MENT) \u00e8 un potente steroide anabolizzante derivato dall\u2019ormone nandrolone. Considerato un mix tra il trenbolone e il nandrolone, offre una potente combinazione di forza muscolare e crescita dei tessuti. Pi\u00f9 intenso del trenbolone,&hellip;<\/p>\n","protected":false},"featured_media":75699,"comment_status":"open","ping_status":"closed","template":"","meta":{"_acf_changed":false},"product_brand":[],"product_cat":[158],"product_tag":[],"class_list":{"0":"post-77781","1":"product","2":"type-product","3":"status-publish","4":"has-post-thumbnail","6":"product_cat-injectables-it","7":"description-off","9":"first","10":"instock","11":"shipping-taxable","12":"product-type-simple"},"acf":[],"yoast_head":"<!-- This site is optimized with the Yoast SEO plugin v27.4 - https:\/\/yoast.com\/product\/yoast-seo-wordpress\/ -->\n<title>Trestolone Enantato (MENT) - Astera Labs<\/title>\n<meta name=\"robots\" content=\"index, follow, max-snippet:-1, max-image-preview:large, max-video-preview:-1\" \/>\n<link rel=\"canonical\" href=\"https:\/\/asteralabs.org\/it\/product\/trestolone-enantato-ment\/\" \/>\n<meta property=\"og:locale\" content=\"it_IT\" \/>\n<meta property=\"og:type\" content=\"article\" \/>\n<meta property=\"og:title\" content=\"Trestolone Enantato (MENT) - Astera Labs\" \/>\n<meta property=\"og:description\" content=\"DOSAGGIO: Trestolone enantato 50 mg\/ml CONTENUTO DELLA CONFEZIONE: 1 fiala da 10 ml (50 mg\/ml) A CHE COSA \u00c8: Il trestolone enantato (MENT) \u00e8 un potente steroide anabolizzante derivato dall\u2019ormone nandrolone. Considerato un mix tra il trenbolone e il nandrolone, offre una potente combinazione di forza muscolare e crescita dei tessuti. Pi\u00f9 intenso del trenbolone,&hellip;\" \/>\n<meta property=\"og:url\" content=\"https:\/\/asteralabs.org\/it\/product\/trestolone-enantato-ment\/\" \/>\n<meta property=\"og:site_name\" content=\"Astera Labs\" \/>\n<meta property=\"article:modified_time\" content=\"2026-01-16T07:50:18+00:00\" \/>\n<meta property=\"og:image\" content=\"https:\/\/asteralabs.org\/wp-content\/uploads\/2022\/12\/8.png\" \/>\n\t<meta property=\"og:image:width\" content=\"2000\" \/>\n\t<meta property=\"og:image:height\" content=\"2000\" \/>\n\t<meta property=\"og:image:type\" content=\"image\/png\" \/>\n<meta name=\"twitter:card\" content=\"summary_large_image\" \/>\n<script type=\"application\/ld+json\" class=\"yoast-schema-graph\">{\"@context\":\"https:\\\/\\\/schema.org\",\"@graph\":[{\"@type\":\"WebPage\",\"@id\":\"https:\\\/\\\/asteralabs.org\\\/it\\\/product\\\/trestolone-enantato-ment\\\/\",\"url\":\"https:\\\/\\\/asteralabs.org\\\/it\\\/product\\\/trestolone-enantato-ment\\\/\",\"name\":\"Trestolone Enantato (MENT) - Astera Labs\",\"isPartOf\":{\"@id\":\"https:\\\/\\\/asteralabs.org\\\/it\\\/#website\"},\"primaryImageOfPage\":{\"@id\":\"https:\\\/\\\/asteralabs.org\\\/it\\\/product\\\/trestolone-enantato-ment\\\/#primaryimage\"},\"image\":{\"@id\":\"https:\\\/\\\/asteralabs.org\\\/it\\\/product\\\/trestolone-enantato-ment\\\/#primaryimage\"},\"thumbnailUrl\":\"https:\\\/\\\/asteralabs.org\\\/wp-content\\\/uploads\\\/2022\\\/12\\\/8.png\",\"datePublished\":\"2022-12-29T21:01:59+00:00\",\"dateModified\":\"2026-01-16T07:50:18+00:00\",\"breadcrumb\":{\"@id\":\"https:\\\/\\\/asteralabs.org\\\/it\\\/product\\\/trestolone-enantato-ment\\\/#breadcrumb\"},\"inLanguage\":\"it-IT\",\"potentialAction\":[{\"@type\":\"ReadAction\",\"target\":[\"https:\\\/\\\/asteralabs.org\\\/it\\\/product\\\/trestolone-enantato-ment\\\/\"]}]},{\"@type\":\"ImageObject\",\"inLanguage\":\"it-IT\",\"@id\":\"https:\\\/\\\/asteralabs.org\\\/it\\\/product\\\/trestolone-enantato-ment\\\/#primaryimage\",\"url\":\"https:\\\/\\\/asteralabs.org\\\/wp-content\\\/uploads\\\/2022\\\/12\\\/8.png\",\"contentUrl\":\"https:\\\/\\\/asteralabs.org\\\/wp-content\\\/uploads\\\/2022\\\/12\\\/8.png\",\"width\":2000,\"height\":2000},{\"@type\":\"BreadcrumbList\",\"@id\":\"https:\\\/\\\/asteralabs.org\\\/it\\\/product\\\/trestolone-enantato-ment\\\/#breadcrumb\",\"itemListElement\":[{\"@type\":\"ListItem\",\"position\":1,\"name\":\"Home\",\"item\":\"https:\\\/\\\/asteralabs.org\\\/it\\\/\"},{\"@type\":\"ListItem\",\"position\":2,\"name\":\"Negozio\",\"item\":\"https:\\\/\\\/asteralabs.org\\\/it\\\/negozio\\\/\"},{\"@type\":\"ListItem\",\"position\":3,\"name\":\"Trestolone Enantato (MENT)\"}]},{\"@type\":\"WebSite\",\"@id\":\"https:\\\/\\\/asteralabs.org\\\/it\\\/#website\",\"url\":\"https:\\\/\\\/asteralabs.org\\\/it\\\/\",\"name\":\"Astera Labs\",\"description\":\"Improve Your Quality Of Life\",\"publisher\":{\"@id\":\"https:\\\/\\\/asteralabs.org\\\/it\\\/#organization\"},\"potentialAction\":[{\"@type\":\"SearchAction\",\"target\":{\"@type\":\"EntryPoint\",\"urlTemplate\":\"https:\\\/\\\/asteralabs.org\\\/it\\\/?s={search_term_string}\"},\"query-input\":{\"@type\":\"PropertyValueSpecification\",\"valueRequired\":true,\"valueName\":\"search_term_string\"}}],\"inLanguage\":\"it-IT\"},{\"@type\":\"Organization\",\"@id\":\"https:\\\/\\\/asteralabs.org\\\/it\\\/#organization\",\"name\":\"Astera Labs\",\"url\":\"https:\\\/\\\/asteralabs.org\\\/it\\\/\",\"logo\":{\"@type\":\"ImageObject\",\"inLanguage\":\"it-IT\",\"@id\":\"https:\\\/\\\/asteralabs.org\\\/it\\\/#\\\/schema\\\/logo\\\/image\\\/\",\"url\":\"https:\\\/\\\/asteralabs.org\\\/wp-content\\\/uploads\\\/2022\\\/12\\\/astera-2.png\",\"contentUrl\":\"https:\\\/\\\/asteralabs.org\\\/wp-content\\\/uploads\\\/2022\\\/12\\\/astera-2.png\",\"width\":437,\"height\":111,\"caption\":\"Astera Labs\"},\"image\":{\"@id\":\"https:\\\/\\\/asteralabs.org\\\/it\\\/#\\\/schema\\\/logo\\\/image\\\/\"}}]}<\/script>\n<!-- \/ Yoast SEO plugin. -->","yoast_head_json":{"title":"Trestolone Enantato (MENT) - Astera Labs","robots":{"index":"index","follow":"follow","max-snippet":"max-snippet:-1","max-image-preview":"max-image-preview:large","max-video-preview":"max-video-preview:-1"},"canonical":"https:\/\/asteralabs.org\/it\/product\/trestolone-enantato-ment\/","og_locale":"it_IT","og_type":"article","og_title":"Trestolone Enantato (MENT) - Astera Labs","og_description":"DOSAGGIO: Trestolone enantato 50 mg\/ml CONTENUTO DELLA CONFEZIONE: 1 fiala da 10 ml (50 mg\/ml) A CHE COSA \u00c8: Il trestolone enantato (MENT) \u00e8 un potente steroide anabolizzante derivato dall\u2019ormone nandrolone. Considerato un mix tra il trenbolone e il nandrolone, offre una potente combinazione di forza muscolare e crescita dei tessuti. Pi\u00f9 intenso del trenbolone,&hellip;","og_url":"https:\/\/asteralabs.org\/it\/product\/trestolone-enantato-ment\/","og_site_name":"Astera Labs","article_modified_time":"2026-01-16T07:50:18+00:00","og_image":[{"width":2000,"height":2000,"url":"https:\/\/asteralabs.org\/wp-content\/uploads\/2022\/12\/8.png","type":"image\/png"}],"twitter_card":"summary_large_image","schema":{"@context":"https:\/\/schema.org","@graph":[{"@type":"WebPage","@id":"https:\/\/asteralabs.org\/it\/product\/trestolone-enantato-ment\/","url":"https:\/\/asteralabs.org\/it\/product\/trestolone-enantato-ment\/","name":"Trestolone Enantato (MENT) - Astera Labs","isPartOf":{"@id":"https:\/\/asteralabs.org\/it\/#website"},"primaryImageOfPage":{"@id":"https:\/\/asteralabs.org\/it\/product\/trestolone-enantato-ment\/#primaryimage"},"image":{"@id":"https:\/\/asteralabs.org\/it\/product\/trestolone-enantato-ment\/#primaryimage"},"thumbnailUrl":"https:\/\/asteralabs.org\/wp-content\/uploads\/2022\/12\/8.png","datePublished":"2022-12-29T21:01:59+00:00","dateModified":"2026-01-16T07:50:18+00:00","breadcrumb":{"@id":"https:\/\/asteralabs.org\/it\/product\/trestolone-enantato-ment\/#breadcrumb"},"inLanguage":"it-IT","potentialAction":[{"@type":"ReadAction","target":["https:\/\/asteralabs.org\/it\/product\/trestolone-enantato-ment\/"]}]},{"@type":"ImageObject","inLanguage":"it-IT","@id":"https:\/\/asteralabs.org\/it\/product\/trestolone-enantato-ment\/#primaryimage","url":"https:\/\/asteralabs.org\/wp-content\/uploads\/2022\/12\/8.png","contentUrl":"https:\/\/asteralabs.org\/wp-content\/uploads\/2022\/12\/8.png","width":2000,"height":2000},{"@type":"BreadcrumbList","@id":"https:\/\/asteralabs.org\/it\/product\/trestolone-enantato-ment\/#breadcrumb","itemListElement":[{"@type":"ListItem","position":1,"name":"Home","item":"https:\/\/asteralabs.org\/it\/"},{"@type":"ListItem","position":2,"name":"Negozio","item":"https:\/\/asteralabs.org\/it\/negozio\/"},{"@type":"ListItem","position":3,"name":"Trestolone Enantato (MENT)"}]},{"@type":"WebSite","@id":"https:\/\/asteralabs.org\/it\/#website","url":"https:\/\/asteralabs.org\/it\/","name":"Astera Labs","description":"Improve Your Quality Of Life","publisher":{"@id":"https:\/\/asteralabs.org\/it\/#organization"},"potentialAction":[{"@type":"SearchAction","target":{"@type":"EntryPoint","urlTemplate":"https:\/\/asteralabs.org\/it\/?s={search_term_string}"},"query-input":{"@type":"PropertyValueSpecification","valueRequired":true,"valueName":"search_term_string"}}],"inLanguage":"it-IT"},{"@type":"Organization","@id":"https:\/\/asteralabs.org\/it\/#organization","name":"Astera Labs","url":"https:\/\/asteralabs.org\/it\/","logo":{"@type":"ImageObject","inLanguage":"it-IT","@id":"https:\/\/asteralabs.org\/it\/#\/schema\/logo\/image\/","url":"https:\/\/asteralabs.org\/wp-content\/uploads\/2022\/12\/astera-2.png","contentUrl":"https:\/\/asteralabs.org\/wp-content\/uploads\/2022\/12\/astera-2.png","width":437,"height":111,"caption":"Astera Labs"},"image":{"@id":"https:\/\/asteralabs.org\/it\/#\/schema\/logo\/image\/"}}]}},"_links":{"self":[{"href":"https:\/\/asteralabs.org\/it\/wp-json\/wp\/v2\/product\/77781","targetHints":{"allow":["GET"]}}],"collection":[{"href":"https:\/\/asteralabs.org\/it\/wp-json\/wp\/v2\/product"}],"about":[{"href":"https:\/\/asteralabs.org\/it\/wp-json\/wp\/v2\/types\/product"}],"replies":[{"embeddable":true,"href":"https:\/\/asteralabs.org\/it\/wp-json\/wp\/v2\/comments?post=77781"}],"version-history":[{"count":2,"href":"https:\/\/asteralabs.org\/it\/wp-json\/wp\/v2\/product\/77781\/revisions"}],"predecessor-version":[{"id":78773,"href":"https:\/\/asteralabs.org\/it\/wp-json\/wp\/v2\/product\/77781\/revisions\/78773"}],"wp:featuredmedia":[{"embeddable":true,"href":"https:\/\/asteralabs.org\/it\/wp-json\/wp\/v2\/media\/75699"}],"wp:attachment":[{"href":"https:\/\/asteralabs.org\/it\/wp-json\/wp\/v2\/media?parent=77781"}],"wp:term":[{"taxonomy":"product_brand","embeddable":true,"href":"https:\/\/asteralabs.org\/it\/wp-json\/wp\/v2\/product_brand?post=77781"},{"taxonomy":"product_cat","embeddable":true,"href":"https:\/\/asteralabs.org\/it\/wp-json\/wp\/v2\/product_cat?post=77781"},{"taxonomy":"product_tag","embeddable":true,"href":"https:\/\/asteralabs.org\/it\/wp-json\/wp\/v2\/product_tag?post=77781"}],"curies":[{"name":"wp","href":"https:\/\/api.w.org\/{rel}","templated":true}]}}