{"id":77816,"date":"2022-11-05T23:08:48","date_gmt":"2022-11-05T23:08:48","guid":{"rendered":"https:\/\/asteralabs.org\/product\/drostanolone-propionato\/"},"modified":"2026-01-15T08:57:57","modified_gmt":"2026-01-15T08:57:57","slug":"drostanolone-propionato","status":"publish","type":"product","link":"https:\/\/asteralabs.org\/it\/product\/drostanolone-propionato\/","title":{"rendered":"Drostanolone Propionato"},"content":{"rendered":"<p><strong>DOSAGGIO:<\/strong><br \/>\nDrostanolone Propionato 100mg\/ml <strong>CONTENUTO DELLA CONFEZIONE:<\/strong><br \/>\n1 fiala da 10ML, 100 mg per ml <strong>CHE COSA \u00c8:<\/strong><br \/>\nDrostanolone Propionato \u00e8 uno steroide anabolizzante iniettabile con un&#8217;elevata potenza androgena. A causa della sua elevata potenza androgena, viene solitamente utilizzato durante i cicli di taglio per migliorare la perdita di grasso; di solito provoca un aspetto secco e duro se usato correttamente, \u00e8 anche utile come supporto androgeno durante un ciclo con Nandrolone per evitare che la conversione di questo in DHN provochi effetti collaterali indesiderati. <strong>COME SI USA:<\/strong><br \/>\nLe dosi normali sono di solito da 300 a 500 mg a settimana per i principianti e gli atleti di livello intermedio, con la possibilit\u00e0 di usarne 800 a settimana per scopi specifici o competitivi. Di solito viene utilizzato da 10 a 16 settimane. Poich\u00e9 ha una grande potenza androgena, il suo uso da parte delle donne \u00e8 sconsigliato se non in casi molto specifici (scopi agonistici), in periodi di tempo molto brevi e a dosi molto basse. Poich\u00e9 ha un estere corto, si consiglia di iniettarlo in ED o EOD. <strong>INFORMAZIONI SUL LOTTO:<br \/>\n<\/strong>Numero di lotto: <span data-sheets-root=\"1\" data-sheets-value=\"{\" data-sheets-userformat=\"{\">XH08584<\/span><br \/>\nData di produzione: <span data-sheets-root=\"1\" data-sheets-value=\"{\" data-sheets-userformat=\"{\">10.2025.<\/span><br \/>\nData di scadenza: <span data-sheets-root=\"1\" data-sheets-value=\"{\" data-sheets-userformat=\"{\">10.2028.<\/span><\/p>\n","protected":false},"excerpt":{"rendered":"<p>DOSAGGIO: Drostanolone Propionato 100mg\/ml CONTENUTO DELLA CONFEZIONE: 1 fiala da 10ML, 100 mg per ml CHE COSA \u00c8: Drostanolone Propionato \u00e8 uno steroide anabolizzante iniettabile con un&#8217;elevata potenza androgena. A causa della sua elevata potenza androgena, viene solitamente utilizzato durante i cicli di taglio per migliorare la perdita di grasso; di solito provoca un aspetto&hellip;<\/p>\n","protected":false},"featured_media":75187,"comment_status":"open","ping_status":"closed","template":"","meta":{"_acf_changed":false},"product_brand":[],"product_cat":[159,158],"product_tag":[],"class_list":{"0":"post-77816","1":"product","2":"type-product","3":"status-publish","4":"has-post-thumbnail","6":"product_cat-all-it","7":"product_cat-injectables-it","8":"description-off","10":"first","11":"instock","12":"shipping-taxable","13":"product-type-simple"},"acf":[],"yoast_head":"<!-- This site is optimized with the Yoast SEO plugin v27.4 - https:\/\/yoast.com\/product\/yoast-seo-wordpress\/ -->\n<title>Drostanolone Propionato - Astera Labs<\/title>\n<meta name=\"robots\" content=\"index, follow, max-snippet:-1, max-image-preview:large, max-video-preview:-1\" \/>\n<link rel=\"canonical\" href=\"https:\/\/asteralabs.org\/it\/product\/drostanolone-propionato\/\" \/>\n<meta property=\"og:locale\" content=\"it_IT\" \/>\n<meta property=\"og:type\" content=\"article\" \/>\n<meta property=\"og:title\" content=\"Drostanolone Propionato - Astera Labs\" \/>\n<meta property=\"og:description\" content=\"DOSAGGIO: Drostanolone Propionato 100mg\/ml CONTENUTO DELLA CONFEZIONE: 1 fiala da 10ML, 100 mg per ml CHE COSA \u00c8: Drostanolone Propionato \u00e8 uno steroide anabolizzante iniettabile con un&#8217;elevata potenza androgena. A causa della sua elevata potenza androgena, viene solitamente utilizzato durante i cicli di taglio per migliorare la perdita di grasso; di solito provoca un aspetto&hellip;\" \/>\n<meta property=\"og:url\" content=\"https:\/\/asteralabs.org\/it\/product\/drostanolone-propionato\/\" \/>\n<meta property=\"og:site_name\" content=\"Astera Labs\" \/>\n<meta property=\"article:modified_time\" content=\"2026-01-15T08:57:57+00:00\" \/>\n<meta property=\"og:image\" content=\"https:\/\/asteralabs.org\/wp-content\/uploads\/2022\/11\/18.png\" \/>\n\t<meta property=\"og:image:width\" content=\"2000\" \/>\n\t<meta property=\"og:image:height\" content=\"2000\" \/>\n\t<meta property=\"og:image:type\" content=\"image\/png\" \/>\n<meta name=\"twitter:card\" content=\"summary_large_image\" \/>\n<script type=\"application\/ld+json\" class=\"yoast-schema-graph\">{\"@context\":\"https:\\\/\\\/schema.org\",\"@graph\":[{\"@type\":\"WebPage\",\"@id\":\"https:\\\/\\\/asteralabs.org\\\/it\\\/product\\\/drostanolone-propionato\\\/\",\"url\":\"https:\\\/\\\/asteralabs.org\\\/it\\\/product\\\/drostanolone-propionato\\\/\",\"name\":\"Drostanolone Propionato - Astera Labs\",\"isPartOf\":{\"@id\":\"https:\\\/\\\/asteralabs.org\\\/it\\\/#website\"},\"primaryImageOfPage\":{\"@id\":\"https:\\\/\\\/asteralabs.org\\\/it\\\/product\\\/drostanolone-propionato\\\/#primaryimage\"},\"image\":{\"@id\":\"https:\\\/\\\/asteralabs.org\\\/it\\\/product\\\/drostanolone-propionato\\\/#primaryimage\"},\"thumbnailUrl\":\"https:\\\/\\\/asteralabs.org\\\/wp-content\\\/uploads\\\/2022\\\/11\\\/18.png\",\"datePublished\":\"2022-11-05T23:08:48+00:00\",\"dateModified\":\"2026-01-15T08:57:57+00:00\",\"breadcrumb\":{\"@id\":\"https:\\\/\\\/asteralabs.org\\\/it\\\/product\\\/drostanolone-propionato\\\/#breadcrumb\"},\"inLanguage\":\"it-IT\",\"potentialAction\":[{\"@type\":\"ReadAction\",\"target\":[\"https:\\\/\\\/asteralabs.org\\\/it\\\/product\\\/drostanolone-propionato\\\/\"]}]},{\"@type\":\"ImageObject\",\"inLanguage\":\"it-IT\",\"@id\":\"https:\\\/\\\/asteralabs.org\\\/it\\\/product\\\/drostanolone-propionato\\\/#primaryimage\",\"url\":\"https:\\\/\\\/asteralabs.org\\\/wp-content\\\/uploads\\\/2022\\\/11\\\/18.png\",\"contentUrl\":\"https:\\\/\\\/asteralabs.org\\\/wp-content\\\/uploads\\\/2022\\\/11\\\/18.png\",\"width\":2000,\"height\":2000},{\"@type\":\"BreadcrumbList\",\"@id\":\"https:\\\/\\\/asteralabs.org\\\/it\\\/product\\\/drostanolone-propionato\\\/#breadcrumb\",\"itemListElement\":[{\"@type\":\"ListItem\",\"position\":1,\"name\":\"Home\",\"item\":\"https:\\\/\\\/asteralabs.org\\\/it\\\/\"},{\"@type\":\"ListItem\",\"position\":2,\"name\":\"Shop\",\"item\":\"https:\\\/\\\/asteralabs.org\\\/shop\\\/\"},{\"@type\":\"ListItem\",\"position\":3,\"name\":\"Drostanolone Propionato\"}]},{\"@type\":\"WebSite\",\"@id\":\"https:\\\/\\\/asteralabs.org\\\/it\\\/#website\",\"url\":\"https:\\\/\\\/asteralabs.org\\\/it\\\/\",\"name\":\"Astera Labs\",\"description\":\"Improve Your Quality Of Life\",\"publisher\":{\"@id\":\"https:\\\/\\\/asteralabs.org\\\/it\\\/#organization\"},\"potentialAction\":[{\"@type\":\"SearchAction\",\"target\":{\"@type\":\"EntryPoint\",\"urlTemplate\":\"https:\\\/\\\/asteralabs.org\\\/it\\\/?s={search_term_string}\"},\"query-input\":{\"@type\":\"PropertyValueSpecification\",\"valueRequired\":true,\"valueName\":\"search_term_string\"}}],\"inLanguage\":\"it-IT\"},{\"@type\":\"Organization\",\"@id\":\"https:\\\/\\\/asteralabs.org\\\/it\\\/#organization\",\"name\":\"Astera Labs\",\"url\":\"https:\\\/\\\/asteralabs.org\\\/it\\\/\",\"logo\":{\"@type\":\"ImageObject\",\"inLanguage\":\"it-IT\",\"@id\":\"https:\\\/\\\/asteralabs.org\\\/it\\\/#\\\/schema\\\/logo\\\/image\\\/\",\"url\":\"https:\\\/\\\/asteralabs.org\\\/wp-content\\\/uploads\\\/2022\\\/12\\\/astera-2.png\",\"contentUrl\":\"https:\\\/\\\/asteralabs.org\\\/wp-content\\\/uploads\\\/2022\\\/12\\\/astera-2.png\",\"width\":437,\"height\":111,\"caption\":\"Astera Labs\"},\"image\":{\"@id\":\"https:\\\/\\\/asteralabs.org\\\/it\\\/#\\\/schema\\\/logo\\\/image\\\/\"}}]}<\/script>\n<!-- \/ Yoast SEO plugin. -->","yoast_head_json":{"title":"Drostanolone Propionato - Astera Labs","robots":{"index":"index","follow":"follow","max-snippet":"max-snippet:-1","max-image-preview":"max-image-preview:large","max-video-preview":"max-video-preview:-1"},"canonical":"https:\/\/asteralabs.org\/it\/product\/drostanolone-propionato\/","og_locale":"it_IT","og_type":"article","og_title":"Drostanolone Propionato - Astera Labs","og_description":"DOSAGGIO: Drostanolone Propionato 100mg\/ml CONTENUTO DELLA CONFEZIONE: 1 fiala da 10ML, 100 mg per ml CHE COSA \u00c8: Drostanolone Propionato \u00e8 uno steroide anabolizzante iniettabile con un&#8217;elevata potenza androgena. A causa della sua elevata potenza androgena, viene solitamente utilizzato durante i cicli di taglio per migliorare la perdita di grasso; di solito provoca un aspetto&hellip;","og_url":"https:\/\/asteralabs.org\/it\/product\/drostanolone-propionato\/","og_site_name":"Astera Labs","article_modified_time":"2026-01-15T08:57:57+00:00","og_image":[{"width":2000,"height":2000,"url":"https:\/\/asteralabs.org\/wp-content\/uploads\/2022\/11\/18.png","type":"image\/png"}],"twitter_card":"summary_large_image","schema":{"@context":"https:\/\/schema.org","@graph":[{"@type":"WebPage","@id":"https:\/\/asteralabs.org\/it\/product\/drostanolone-propionato\/","url":"https:\/\/asteralabs.org\/it\/product\/drostanolone-propionato\/","name":"Drostanolone Propionato - Astera Labs","isPartOf":{"@id":"https:\/\/asteralabs.org\/it\/#website"},"primaryImageOfPage":{"@id":"https:\/\/asteralabs.org\/it\/product\/drostanolone-propionato\/#primaryimage"},"image":{"@id":"https:\/\/asteralabs.org\/it\/product\/drostanolone-propionato\/#primaryimage"},"thumbnailUrl":"https:\/\/asteralabs.org\/wp-content\/uploads\/2022\/11\/18.png","datePublished":"2022-11-05T23:08:48+00:00","dateModified":"2026-01-15T08:57:57+00:00","breadcrumb":{"@id":"https:\/\/asteralabs.org\/it\/product\/drostanolone-propionato\/#breadcrumb"},"inLanguage":"it-IT","potentialAction":[{"@type":"ReadAction","target":["https:\/\/asteralabs.org\/it\/product\/drostanolone-propionato\/"]}]},{"@type":"ImageObject","inLanguage":"it-IT","@id":"https:\/\/asteralabs.org\/it\/product\/drostanolone-propionato\/#primaryimage","url":"https:\/\/asteralabs.org\/wp-content\/uploads\/2022\/11\/18.png","contentUrl":"https:\/\/asteralabs.org\/wp-content\/uploads\/2022\/11\/18.png","width":2000,"height":2000},{"@type":"BreadcrumbList","@id":"https:\/\/asteralabs.org\/it\/product\/drostanolone-propionato\/#breadcrumb","itemListElement":[{"@type":"ListItem","position":1,"name":"Home","item":"https:\/\/asteralabs.org\/it\/"},{"@type":"ListItem","position":2,"name":"Shop","item":"https:\/\/asteralabs.org\/shop\/"},{"@type":"ListItem","position":3,"name":"Drostanolone Propionato"}]},{"@type":"WebSite","@id":"https:\/\/asteralabs.org\/it\/#website","url":"https:\/\/asteralabs.org\/it\/","name":"Astera Labs","description":"Improve Your Quality Of Life","publisher":{"@id":"https:\/\/asteralabs.org\/it\/#organization"},"potentialAction":[{"@type":"SearchAction","target":{"@type":"EntryPoint","urlTemplate":"https:\/\/asteralabs.org\/it\/?s={search_term_string}"},"query-input":{"@type":"PropertyValueSpecification","valueRequired":true,"valueName":"search_term_string"}}],"inLanguage":"it-IT"},{"@type":"Organization","@id":"https:\/\/asteralabs.org\/it\/#organization","name":"Astera Labs","url":"https:\/\/asteralabs.org\/it\/","logo":{"@type":"ImageObject","inLanguage":"it-IT","@id":"https:\/\/asteralabs.org\/it\/#\/schema\/logo\/image\/","url":"https:\/\/asteralabs.org\/wp-content\/uploads\/2022\/12\/astera-2.png","contentUrl":"https:\/\/asteralabs.org\/wp-content\/uploads\/2022\/12\/astera-2.png","width":437,"height":111,"caption":"Astera Labs"},"image":{"@id":"https:\/\/asteralabs.org\/it\/#\/schema\/logo\/image\/"}}]}},"_links":{"self":[{"href":"https:\/\/asteralabs.org\/it\/wp-json\/wp\/v2\/product\/77816","targetHints":{"allow":["GET"]}}],"collection":[{"href":"https:\/\/asteralabs.org\/it\/wp-json\/wp\/v2\/product"}],"about":[{"href":"https:\/\/asteralabs.org\/it\/wp-json\/wp\/v2\/types\/product"}],"replies":[{"embeddable":true,"href":"https:\/\/asteralabs.org\/it\/wp-json\/wp\/v2\/comments?post=77816"}],"version-history":[{"count":0,"href":"https:\/\/asteralabs.org\/it\/wp-json\/wp\/v2\/product\/77816\/revisions"}],"wp:featuredmedia":[{"embeddable":true,"href":"https:\/\/asteralabs.org\/it\/wp-json\/wp\/v2\/media\/75187"}],"wp:attachment":[{"href":"https:\/\/asteralabs.org\/it\/wp-json\/wp\/v2\/media?parent=77816"}],"wp:term":[{"taxonomy":"product_brand","embeddable":true,"href":"https:\/\/asteralabs.org\/it\/wp-json\/wp\/v2\/product_brand?post=77816"},{"taxonomy":"product_cat","embeddable":true,"href":"https:\/\/asteralabs.org\/it\/wp-json\/wp\/v2\/product_cat?post=77816"},{"taxonomy":"product_tag","embeddable":true,"href":"https:\/\/asteralabs.org\/it\/wp-json\/wp\/v2\/product_tag?post=77816"}],"curies":[{"name":"wp","href":"https:\/\/api.w.org\/{rel}","templated":true}]}}