{"id":77822,"date":"2022-11-05T23:07:08","date_gmt":"2022-11-05T23:07:08","guid":{"rendered":"https:\/\/asteralabs.org\/product\/testosterone-no-ester\/"},"modified":"2026-01-15T11:16:51","modified_gmt":"2026-01-15T11:16:51","slug":"testosterone-no-ester","status":"publish","type":"product","link":"https:\/\/asteralabs.org\/it\/product\/testosterone-no-ester\/","title":{"rendered":"Testosterone No Ester"},"content":{"rendered":"<p><strong>DOSAGGIO: <\/strong><br \/>\nTestosterone no estere 100mg\/ml <strong>CONTENUTO DELLA CONFEZIONE: <\/strong><br \/>\n1 fiala da 10ML, 100 mg per ml <strong>CHE COSA \u00c8: <\/strong><br \/>\nIl testosterone \u00e8 lo steroide pi\u00f9 utilizzato e versatile del mercato. Tutti i cicli hanno bisogno di una base di Testosterone in combinazione con altri steroidi o possono essere costituiti solo da Testosterone, ma pu\u00f2 anche essere usato in piccole dosi come TRT. <strong>COME SI USA: <\/strong><br \/>\nPoich\u00e9 non ha esteri, la sua velocit\u00e0 di assorbimento sar\u00e0 molto rapida e la sua emivita molto breve. Pu\u00f2 essere usato come pre-allenamento, prima di un incontro di powerlifting o iniettato frequentemente ogni giorno come doping per evitare di essere individuato nelle analisi del sangue. <strong>INFORMAZIONI SUL LOTTO:<br \/>\n<\/strong>Numero di lotto: <span data-sheets-root=\"1\" data-sheets-value=\"{\" data-sheets-userformat=\"{\">HB44037<\/span><br \/>\nData di produzione: <span data-sheets-root=\"1\" data-sheets-value=\"{\" data-sheets-userformat=\"{\">10.2025.<\/span><br \/>\nData di scadenza: <span data-sheets-root=\"1\" data-sheets-value=\"{\" data-sheets-userformat=\"{\">10.2028.<\/span><\/p>\n","protected":false},"excerpt":{"rendered":"<p>DOSAGGIO: Testosterone no estere 100mg\/ml CONTENUTO DELLA CONFEZIONE: 1 fiala da 10ML, 100 mg per ml CHE COSA \u00c8: Il testosterone \u00e8 lo steroide pi\u00f9 utilizzato e versatile del mercato. Tutti i cicli hanno bisogno di una base di Testosterone in combinazione con altri steroidi o possono essere costituiti solo da Testosterone, ma pu\u00f2 anche&hellip;<\/p>\n","protected":false},"featured_media":75179,"comment_status":"open","ping_status":"closed","template":"","meta":[],"product_cat":[159,158],"product_tag":[],"yoast_head":"<!-- This site is optimized with the Yoast SEO plugin v23.0 - https:\/\/yoast.com\/wordpress\/plugins\/seo\/ -->\n<title>Testosterone No Ester - Astera Labs<\/title>\n<meta name=\"robots\" content=\"index, follow, max-snippet:-1, max-image-preview:large, max-video-preview:-1\" \/>\n<link rel=\"canonical\" href=\"https:\/\/asteralabs.org\/it\/product\/testosterone-no-ester\/\" \/>\n<meta property=\"og:locale\" content=\"it_IT\" \/>\n<meta property=\"og:type\" content=\"article\" \/>\n<meta property=\"og:title\" content=\"Testosterone No Ester - Astera Labs\" \/>\n<meta property=\"og:description\" content=\"DOSAGGIO: Testosterone no estere 100mg\/ml CONTENUTO DELLA CONFEZIONE: 1 fiala da 10ML, 100 mg per ml CHE COSA \u00c8: Il testosterone \u00e8 lo steroide pi\u00f9 utilizzato e versatile del mercato. Tutti i cicli hanno bisogno di una base di Testosterone in combinazione con altri steroidi o possono essere costituiti solo da Testosterone, ma pu\u00f2 anche&hellip;\" \/>\n<meta property=\"og:url\" content=\"https:\/\/asteralabs.org\/it\/product\/testosterone-no-ester\/\" \/>\n<meta property=\"og:site_name\" content=\"Astera Labs\" \/>\n<meta property=\"article:modified_time\" content=\"2026-01-15T11:16:51+00:00\" \/>\n<meta property=\"og:image\" content=\"https:\/\/asteralabs.org\/wp-content\/uploads\/2022\/11\/6.png\" \/>\n\t<meta property=\"og:image:width\" content=\"2000\" \/>\n\t<meta property=\"og:image:height\" content=\"2000\" \/>\n\t<meta property=\"og:image:type\" content=\"image\/png\" \/>\n<meta name=\"twitter:card\" content=\"summary_large_image\" \/>\n<script type=\"application\/ld+json\" class=\"yoast-schema-graph\">{\"@context\":\"https:\/\/schema.org\",\"@graph\":[{\"@type\":\"WebPage\",\"@id\":\"https:\/\/asteralabs.org\/it\/product\/testosterone-no-ester\/\",\"url\":\"https:\/\/asteralabs.org\/it\/product\/testosterone-no-ester\/\",\"name\":\"Testosterone No Ester - Astera Labs\",\"isPartOf\":{\"@id\":\"https:\/\/asteralabs.org\/it\/#website\"},\"primaryImageOfPage\":{\"@id\":\"https:\/\/asteralabs.org\/it\/product\/testosterone-no-ester\/#primaryimage\"},\"image\":{\"@id\":\"https:\/\/asteralabs.org\/it\/product\/testosterone-no-ester\/#primaryimage\"},\"thumbnailUrl\":\"https:\/\/asteralabs.org\/wp-content\/uploads\/2022\/11\/6.png\",\"datePublished\":\"2022-11-05T23:07:08+00:00\",\"dateModified\":\"2026-01-15T11:16:51+00:00\",\"breadcrumb\":{\"@id\":\"https:\/\/asteralabs.org\/it\/product\/testosterone-no-ester\/#breadcrumb\"},\"inLanguage\":\"it-IT\",\"potentialAction\":[{\"@type\":\"ReadAction\",\"target\":[\"https:\/\/asteralabs.org\/it\/product\/testosterone-no-ester\/\"]}]},{\"@type\":\"ImageObject\",\"inLanguage\":\"it-IT\",\"@id\":\"https:\/\/asteralabs.org\/it\/product\/testosterone-no-ester\/#primaryimage\",\"url\":\"https:\/\/asteralabs.org\/wp-content\/uploads\/2022\/11\/6.png\",\"contentUrl\":\"https:\/\/asteralabs.org\/wp-content\/uploads\/2022\/11\/6.png\",\"width\":2000,\"height\":2000},{\"@type\":\"BreadcrumbList\",\"@id\":\"https:\/\/asteralabs.org\/it\/product\/testosterone-no-ester\/#breadcrumb\",\"itemListElement\":[{\"@type\":\"ListItem\",\"position\":1,\"name\":\"Home\",\"item\":\"https:\/\/asteralabs.org\/it\/\"},{\"@type\":\"ListItem\",\"position\":2,\"name\":\"Negozio\",\"item\":\"https:\/\/asteralabs.org\/negozio\/\"},{\"@type\":\"ListItem\",\"position\":3,\"name\":\"Testosterone No Ester\"}]},{\"@type\":\"WebSite\",\"@id\":\"https:\/\/asteralabs.org\/it\/#website\",\"url\":\"https:\/\/asteralabs.org\/it\/\",\"name\":\"Astera Labs\",\"description\":\"Improve Your Quality Of Life\",\"publisher\":{\"@id\":\"https:\/\/asteralabs.org\/it\/#organization\"},\"potentialAction\":[{\"@type\":\"SearchAction\",\"target\":{\"@type\":\"EntryPoint\",\"urlTemplate\":\"https:\/\/asteralabs.org\/it\/?s={search_term_string}\"},\"query-input\":\"required name=search_term_string\"}],\"inLanguage\":\"it-IT\"},{\"@type\":\"Organization\",\"@id\":\"https:\/\/asteralabs.org\/it\/#organization\",\"name\":\"Astera Labs\",\"url\":\"https:\/\/asteralabs.org\/it\/\",\"logo\":{\"@type\":\"ImageObject\",\"inLanguage\":\"it-IT\",\"@id\":\"https:\/\/asteralabs.org\/it\/#\/schema\/logo\/image\/\",\"url\":\"https:\/\/asteralabs.org\/wp-content\/uploads\/2022\/12\/astera-2.png\",\"contentUrl\":\"https:\/\/asteralabs.org\/wp-content\/uploads\/2022\/12\/astera-2.png\",\"width\":437,\"height\":111,\"caption\":\"Astera Labs\"},\"image\":{\"@id\":\"https:\/\/asteralabs.org\/it\/#\/schema\/logo\/image\/\"}}]}<\/script>\n<!-- \/ Yoast SEO plugin. -->","yoast_head_json":{"title":"Testosterone No Ester - Astera Labs","robots":{"index":"index","follow":"follow","max-snippet":"max-snippet:-1","max-image-preview":"max-image-preview:large","max-video-preview":"max-video-preview:-1"},"canonical":"https:\/\/asteralabs.org\/it\/product\/testosterone-no-ester\/","og_locale":"it_IT","og_type":"article","og_title":"Testosterone No Ester - Astera Labs","og_description":"DOSAGGIO: Testosterone no estere 100mg\/ml CONTENUTO DELLA CONFEZIONE: 1 fiala da 10ML, 100 mg per ml CHE COSA \u00c8: Il testosterone \u00e8 lo steroide pi\u00f9 utilizzato e versatile del mercato. Tutti i cicli hanno bisogno di una base di Testosterone in combinazione con altri steroidi o possono essere costituiti solo da Testosterone, ma pu\u00f2 anche&hellip;","og_url":"https:\/\/asteralabs.org\/it\/product\/testosterone-no-ester\/","og_site_name":"Astera Labs","article_modified_time":"2026-01-15T11:16:51+00:00","og_image":[{"width":2000,"height":2000,"url":"https:\/\/asteralabs.org\/wp-content\/uploads\/2022\/11\/6.png","type":"image\/png"}],"twitter_card":"summary_large_image","schema":{"@context":"https:\/\/schema.org","@graph":[{"@type":"WebPage","@id":"https:\/\/asteralabs.org\/it\/product\/testosterone-no-ester\/","url":"https:\/\/asteralabs.org\/it\/product\/testosterone-no-ester\/","name":"Testosterone No Ester - Astera Labs","isPartOf":{"@id":"https:\/\/asteralabs.org\/it\/#website"},"primaryImageOfPage":{"@id":"https:\/\/asteralabs.org\/it\/product\/testosterone-no-ester\/#primaryimage"},"image":{"@id":"https:\/\/asteralabs.org\/it\/product\/testosterone-no-ester\/#primaryimage"},"thumbnailUrl":"https:\/\/asteralabs.org\/wp-content\/uploads\/2022\/11\/6.png","datePublished":"2022-11-05T23:07:08+00:00","dateModified":"2026-01-15T11:16:51+00:00","breadcrumb":{"@id":"https:\/\/asteralabs.org\/it\/product\/testosterone-no-ester\/#breadcrumb"},"inLanguage":"it-IT","potentialAction":[{"@type":"ReadAction","target":["https:\/\/asteralabs.org\/it\/product\/testosterone-no-ester\/"]}]},{"@type":"ImageObject","inLanguage":"it-IT","@id":"https:\/\/asteralabs.org\/it\/product\/testosterone-no-ester\/#primaryimage","url":"https:\/\/asteralabs.org\/wp-content\/uploads\/2022\/11\/6.png","contentUrl":"https:\/\/asteralabs.org\/wp-content\/uploads\/2022\/11\/6.png","width":2000,"height":2000},{"@type":"BreadcrumbList","@id":"https:\/\/asteralabs.org\/it\/product\/testosterone-no-ester\/#breadcrumb","itemListElement":[{"@type":"ListItem","position":1,"name":"Home","item":"https:\/\/asteralabs.org\/it\/"},{"@type":"ListItem","position":2,"name":"Negozio","item":"https:\/\/asteralabs.org\/negozio\/"},{"@type":"ListItem","position":3,"name":"Testosterone No Ester"}]},{"@type":"WebSite","@id":"https:\/\/asteralabs.org\/it\/#website","url":"https:\/\/asteralabs.org\/it\/","name":"Astera Labs","description":"Improve Your Quality Of Life","publisher":{"@id":"https:\/\/asteralabs.org\/it\/#organization"},"potentialAction":[{"@type":"SearchAction","target":{"@type":"EntryPoint","urlTemplate":"https:\/\/asteralabs.org\/it\/?s={search_term_string}"},"query-input":"required name=search_term_string"}],"inLanguage":"it-IT"},{"@type":"Organization","@id":"https:\/\/asteralabs.org\/it\/#organization","name":"Astera Labs","url":"https:\/\/asteralabs.org\/it\/","logo":{"@type":"ImageObject","inLanguage":"it-IT","@id":"https:\/\/asteralabs.org\/it\/#\/schema\/logo\/image\/","url":"https:\/\/asteralabs.org\/wp-content\/uploads\/2022\/12\/astera-2.png","contentUrl":"https:\/\/asteralabs.org\/wp-content\/uploads\/2022\/12\/astera-2.png","width":437,"height":111,"caption":"Astera Labs"},"image":{"@id":"https:\/\/asteralabs.org\/it\/#\/schema\/logo\/image\/"}}]}},"_links":{"self":[{"href":"https:\/\/asteralabs.org\/it\/wp-json\/wp\/v2\/product\/77822"}],"collection":[{"href":"https:\/\/asteralabs.org\/it\/wp-json\/wp\/v2\/product"}],"about":[{"href":"https:\/\/asteralabs.org\/it\/wp-json\/wp\/v2\/types\/product"}],"replies":[{"embeddable":true,"href":"https:\/\/asteralabs.org\/it\/wp-json\/wp\/v2\/comments?post=77822"}],"version-history":[{"count":0,"href":"https:\/\/asteralabs.org\/it\/wp-json\/wp\/v2\/product\/77822\/revisions"}],"wp:featuredmedia":[{"embeddable":true,"href":"https:\/\/asteralabs.org\/it\/wp-json\/wp\/v2\/media\/75179"}],"wp:attachment":[{"href":"https:\/\/asteralabs.org\/it\/wp-json\/wp\/v2\/media?parent=77822"}],"wp:term":[{"taxonomy":"product_cat","embeddable":true,"href":"https:\/\/asteralabs.org\/it\/wp-json\/wp\/v2\/product_cat?post=77822"},{"taxonomy":"product_tag","embeddable":true,"href":"https:\/\/asteralabs.org\/it\/wp-json\/wp\/v2\/product_tag?post=77822"}],"curies":[{"name":"wp","href":"https:\/\/api.w.org\/{rel}","templated":true}]}}