{"id":77827,"date":"2022-11-05T23:06:18","date_gmt":"2022-11-05T23:06:18","guid":{"rendered":"https:\/\/asteralabs.org\/product\/nandrolone-decanoato\/"},"modified":"2022-11-05T23:06:18","modified_gmt":"2022-11-05T23:06:18","slug":"nandrolone-decanoato","status":"publish","type":"product","link":"https:\/\/asteralabs.org\/it\/product\/nandrolone-decanoato\/","title":{"rendered":"Nandrolone decanoato"},"content":{"rendered":"<p><strong>DOSAGGIO:<\/strong><br \/>\nNandrolone Decanoato 300mg\/ml <strong>CONTENUTO DELLA CONFEZIONE:<\/strong><br \/>\n1 flacone da 10ML, 300 mg per ml <strong>CHE COSA \u00c8:<\/strong><br \/>\nIl nandrolone \u00e8 uno steroide ampiamente utilizzato appartenente alla famiglia dei 19-nori. I 19-nori sono generalmente caratterizzati da anabolismo e attivit\u00e0 progestinica.<br \/>\nSono molto anabolizzanti, ma presentano anche una quantit\u00e0 significativa di interazioni satellitari con altri recettori dell&#8217;organismo. Il pi\u00f9 importante \u00e8 la loro interazione con il recettore del progesterone.<br \/>\nI progestinici derivati dal 19-Nor sono agonisti del recettore del progesterone, il che significa che possono legarsi al recettore del progesterone e attivarlo. Il nandrolone provoca una riduzione della capacit\u00e0 di percepire il dolore (il cui aumento viene confuso con un effetto curativo) e pu\u00f2 anche essere ridotto a DHN; il DHN pu\u00f2 spostare il DHT dai suoi recettori causando diversi effetti collaterali, tra i quali spiccano gli sbalzi d&#8217;umore e l&#8217;assenza di erezioni, a cui si pu\u00f2 porre rimedio utilizzando Masteron, Proviron o qualche altro steroide che reagisce direttamente con il recettore degli androgeni attraverso il DHT. <strong>COME SI USA:<\/strong><br \/>\nLe dosi normali sono di solito da 200 a 400 mg a settimana per i principianti e gli atleti intermedi, con la possibilit\u00e0 di usarne 800 a settimana per scopi specifici o competitivi. Poich\u00e9 ha un estere lungo, si consiglia di iniettarlo EOD o E3D. <strong>INFORMAZIONI SUL LOTTO:<br \/>\n<\/strong>Numero di lotto: <span data-sheets-root=\"1\" data-sheets-value=\"{\"1\":2,\"2\":\"OJ32061\"}\" data-sheets-userformat=\"{\"2\":4224,\"10\":2,\"15\":\"Arial\"}\">OJ32061<\/span><br \/>\nData di produzione: <span data-sheets-root=\"1\" data-sheets-value=\"{\"1\":2,\"2\":\"03.2023.\"}\" data-sheets-userformat=\"{\"2\":577,\"3\":{\"1\":0},\"9\":0,\"12\":0}\">03.2023.<\/span><br \/>\nData di scadenza: <span data-sheets-root=\"1\" data-sheets-value=\"{\"1\":2,\"2\":\"03.2026.\"}\" data-sheets-userformat=\"{\"2\":637,\"3\":{\"1\":0},\"5\":{\"1\":[{\"1\":2,\"2\":0,\"5\":{\"1\":2,\"2\":0}},{\"1\":0,\"2\":0,\"3\":3},{\"1\":1,\"2\":0,\"4\":1}]},\"6\":{\"1\":[{\"1\":2,\"2\":0,\"5\":{\"1\":2,\"2\":0}},{\"1\":0,\"2\":0,\"3\":3},{\"1\":1,\"2\":0,\"4\":1}]},\"7\":{\"1\":[{\"1\":2,\"2\":0,\"5\":{\"1\":2,\"2\":0}},{\"1\":0,\"2\":0,\"3\":3},{\"1\":1,\"2\":0,\"4\":1}]},\"8\":{\"1\":[{\"1\":2,\"2\":0,\"5\":{\"1\":2,\"2\":0}},{\"1\":0,\"2\":0,\"3\":3},{\"1\":1,\"2\":0,\"4\":1}]},\"9\":0,\"12\":0}\">03.2026.<\/span><\/p>\n","protected":false},"excerpt":{"rendered":"<p>DOSAGGIO: Nandrolone Decanoato 300mg\/ml CONTENUTO DELLA CONFEZIONE: 1 flacone da 10ML, 300 mg per ml CHE COSA \u00c8: Il nandrolone \u00e8 uno steroide ampiamente utilizzato appartenente alla famiglia dei 19-nori. I 19-nori sono generalmente caratterizzati da anabolismo e attivit\u00e0 progestinica. Sono molto anabolizzanti, ma presentano anche una quantit\u00e0 significativa di interazioni satellitari con altri recettori&hellip;<\/p>\n","protected":false},"featured_media":75171,"comment_status":"open","ping_status":"closed","template":"","meta":{"_acf_changed":false},"product_brand":[],"product_cat":[159,158],"product_tag":[],"class_list":{"0":"post-77827","1":"product","2":"type-product","3":"status-publish","4":"has-post-thumbnail","6":"product_cat-all-it","7":"product_cat-injectables-it","8":"description-off","10":"first","11":"instock","12":"shipping-taxable","13":"product-type-simple"},"acf":[],"yoast_head":"<!-- This site is optimized with the Yoast SEO plugin v27.4 - https:\/\/yoast.com\/product\/yoast-seo-wordpress\/ -->\n<title>Nandrolone decanoato - Astera Labs<\/title>\n<meta name=\"robots\" content=\"index, follow, max-snippet:-1, max-image-preview:large, max-video-preview:-1\" \/>\n<link rel=\"canonical\" href=\"https:\/\/asteralabs.org\/it\/product\/nandrolone-decanoato\/\" \/>\n<meta property=\"og:locale\" content=\"it_IT\" \/>\n<meta property=\"og:type\" content=\"article\" \/>\n<meta property=\"og:title\" content=\"Nandrolone decanoato - Astera Labs\" \/>\n<meta property=\"og:description\" content=\"DOSAGGIO: Nandrolone Decanoato 300mg\/ml CONTENUTO DELLA CONFEZIONE: 1 flacone da 10ML, 300 mg per ml CHE COSA \u00c8: Il nandrolone \u00e8 uno steroide ampiamente utilizzato appartenente alla famiglia dei 19-nori. I 19-nori sono generalmente caratterizzati da anabolismo e attivit\u00e0 progestinica. Sono molto anabolizzanti, ma presentano anche una quantit\u00e0 significativa di interazioni satellitari con altri recettori&hellip;\" \/>\n<meta property=\"og:url\" content=\"https:\/\/asteralabs.org\/it\/product\/nandrolone-decanoato\/\" \/>\n<meta property=\"og:site_name\" content=\"Astera Labs\" \/>\n<meta property=\"og:image\" content=\"https:\/\/asteralabs.org\/wp-content\/uploads\/2022\/11\/13.png\" \/>\n\t<meta property=\"og:image:width\" content=\"2000\" \/>\n\t<meta property=\"og:image:height\" content=\"2000\" \/>\n\t<meta property=\"og:image:type\" content=\"image\/png\" \/>\n<meta name=\"twitter:card\" content=\"summary_large_image\" \/>\n<script type=\"application\/ld+json\" class=\"yoast-schema-graph\">{\"@context\":\"https:\\\/\\\/schema.org\",\"@graph\":[{\"@type\":\"WebPage\",\"@id\":\"https:\\\/\\\/asteralabs.org\\\/it\\\/product\\\/nandrolone-decanoato\\\/\",\"url\":\"https:\\\/\\\/asteralabs.org\\\/it\\\/product\\\/nandrolone-decanoato\\\/\",\"name\":\"Nandrolone decanoato - Astera Labs\",\"isPartOf\":{\"@id\":\"https:\\\/\\\/asteralabs.org\\\/it\\\/#website\"},\"primaryImageOfPage\":{\"@id\":\"https:\\\/\\\/asteralabs.org\\\/it\\\/product\\\/nandrolone-decanoato\\\/#primaryimage\"},\"image\":{\"@id\":\"https:\\\/\\\/asteralabs.org\\\/it\\\/product\\\/nandrolone-decanoato\\\/#primaryimage\"},\"thumbnailUrl\":\"https:\\\/\\\/asteralabs.org\\\/wp-content\\\/uploads\\\/2022\\\/11\\\/13.png\",\"datePublished\":\"2022-11-05T23:06:18+00:00\",\"breadcrumb\":{\"@id\":\"https:\\\/\\\/asteralabs.org\\\/it\\\/product\\\/nandrolone-decanoato\\\/#breadcrumb\"},\"inLanguage\":\"it-IT\",\"potentialAction\":[{\"@type\":\"ReadAction\",\"target\":[\"https:\\\/\\\/asteralabs.org\\\/it\\\/product\\\/nandrolone-decanoato\\\/\"]}]},{\"@type\":\"ImageObject\",\"inLanguage\":\"it-IT\",\"@id\":\"https:\\\/\\\/asteralabs.org\\\/it\\\/product\\\/nandrolone-decanoato\\\/#primaryimage\",\"url\":\"https:\\\/\\\/asteralabs.org\\\/wp-content\\\/uploads\\\/2022\\\/11\\\/13.png\",\"contentUrl\":\"https:\\\/\\\/asteralabs.org\\\/wp-content\\\/uploads\\\/2022\\\/11\\\/13.png\",\"width\":2000,\"height\":2000},{\"@type\":\"BreadcrumbList\",\"@id\":\"https:\\\/\\\/asteralabs.org\\\/it\\\/product\\\/nandrolone-decanoato\\\/#breadcrumb\",\"itemListElement\":[{\"@type\":\"ListItem\",\"position\":1,\"name\":\"Home\",\"item\":\"https:\\\/\\\/asteralabs.org\\\/it\\\/\"},{\"@type\":\"ListItem\",\"position\":2,\"name\":\"Negozio\",\"item\":\"https:\\\/\\\/asteralabs.org\\\/it\\\/negozio\\\/\"},{\"@type\":\"ListItem\",\"position\":3,\"name\":\"Nandrolone decanoato\"}]},{\"@type\":\"WebSite\",\"@id\":\"https:\\\/\\\/asteralabs.org\\\/it\\\/#website\",\"url\":\"https:\\\/\\\/asteralabs.org\\\/it\\\/\",\"name\":\"Astera Labs\",\"description\":\"Improve Your Quality Of Life\",\"publisher\":{\"@id\":\"https:\\\/\\\/asteralabs.org\\\/it\\\/#organization\"},\"potentialAction\":[{\"@type\":\"SearchAction\",\"target\":{\"@type\":\"EntryPoint\",\"urlTemplate\":\"https:\\\/\\\/asteralabs.org\\\/it\\\/?s={search_term_string}\"},\"query-input\":{\"@type\":\"PropertyValueSpecification\",\"valueRequired\":true,\"valueName\":\"search_term_string\"}}],\"inLanguage\":\"it-IT\"},{\"@type\":\"Organization\",\"@id\":\"https:\\\/\\\/asteralabs.org\\\/it\\\/#organization\",\"name\":\"Astera Labs\",\"url\":\"https:\\\/\\\/asteralabs.org\\\/it\\\/\",\"logo\":{\"@type\":\"ImageObject\",\"inLanguage\":\"it-IT\",\"@id\":\"https:\\\/\\\/asteralabs.org\\\/it\\\/#\\\/schema\\\/logo\\\/image\\\/\",\"url\":\"https:\\\/\\\/asteralabs.org\\\/wp-content\\\/uploads\\\/2022\\\/12\\\/astera-2.png\",\"contentUrl\":\"https:\\\/\\\/asteralabs.org\\\/wp-content\\\/uploads\\\/2022\\\/12\\\/astera-2.png\",\"width\":437,\"height\":111,\"caption\":\"Astera Labs\"},\"image\":{\"@id\":\"https:\\\/\\\/asteralabs.org\\\/it\\\/#\\\/schema\\\/logo\\\/image\\\/\"}}]}<\/script>\n<!-- \/ Yoast SEO plugin. -->","yoast_head_json":{"title":"Nandrolone decanoato - Astera Labs","robots":{"index":"index","follow":"follow","max-snippet":"max-snippet:-1","max-image-preview":"max-image-preview:large","max-video-preview":"max-video-preview:-1"},"canonical":"https:\/\/asteralabs.org\/it\/product\/nandrolone-decanoato\/","og_locale":"it_IT","og_type":"article","og_title":"Nandrolone decanoato - Astera Labs","og_description":"DOSAGGIO: Nandrolone Decanoato 300mg\/ml CONTENUTO DELLA CONFEZIONE: 1 flacone da 10ML, 300 mg per ml CHE COSA \u00c8: Il nandrolone \u00e8 uno steroide ampiamente utilizzato appartenente alla famiglia dei 19-nori. I 19-nori sono generalmente caratterizzati da anabolismo e attivit\u00e0 progestinica. Sono molto anabolizzanti, ma presentano anche una quantit\u00e0 significativa di interazioni satellitari con altri recettori&hellip;","og_url":"https:\/\/asteralabs.org\/it\/product\/nandrolone-decanoato\/","og_site_name":"Astera Labs","og_image":[{"width":2000,"height":2000,"url":"https:\/\/asteralabs.org\/wp-content\/uploads\/2022\/11\/13.png","type":"image\/png"}],"twitter_card":"summary_large_image","schema":{"@context":"https:\/\/schema.org","@graph":[{"@type":"WebPage","@id":"https:\/\/asteralabs.org\/it\/product\/nandrolone-decanoato\/","url":"https:\/\/asteralabs.org\/it\/product\/nandrolone-decanoato\/","name":"Nandrolone decanoato - Astera Labs","isPartOf":{"@id":"https:\/\/asteralabs.org\/it\/#website"},"primaryImageOfPage":{"@id":"https:\/\/asteralabs.org\/it\/product\/nandrolone-decanoato\/#primaryimage"},"image":{"@id":"https:\/\/asteralabs.org\/it\/product\/nandrolone-decanoato\/#primaryimage"},"thumbnailUrl":"https:\/\/asteralabs.org\/wp-content\/uploads\/2022\/11\/13.png","datePublished":"2022-11-05T23:06:18+00:00","breadcrumb":{"@id":"https:\/\/asteralabs.org\/it\/product\/nandrolone-decanoato\/#breadcrumb"},"inLanguage":"it-IT","potentialAction":[{"@type":"ReadAction","target":["https:\/\/asteralabs.org\/it\/product\/nandrolone-decanoato\/"]}]},{"@type":"ImageObject","inLanguage":"it-IT","@id":"https:\/\/asteralabs.org\/it\/product\/nandrolone-decanoato\/#primaryimage","url":"https:\/\/asteralabs.org\/wp-content\/uploads\/2022\/11\/13.png","contentUrl":"https:\/\/asteralabs.org\/wp-content\/uploads\/2022\/11\/13.png","width":2000,"height":2000},{"@type":"BreadcrumbList","@id":"https:\/\/asteralabs.org\/it\/product\/nandrolone-decanoato\/#breadcrumb","itemListElement":[{"@type":"ListItem","position":1,"name":"Home","item":"https:\/\/asteralabs.org\/it\/"},{"@type":"ListItem","position":2,"name":"Negozio","item":"https:\/\/asteralabs.org\/it\/negozio\/"},{"@type":"ListItem","position":3,"name":"Nandrolone decanoato"}]},{"@type":"WebSite","@id":"https:\/\/asteralabs.org\/it\/#website","url":"https:\/\/asteralabs.org\/it\/","name":"Astera Labs","description":"Improve Your Quality Of Life","publisher":{"@id":"https:\/\/asteralabs.org\/it\/#organization"},"potentialAction":[{"@type":"SearchAction","target":{"@type":"EntryPoint","urlTemplate":"https:\/\/asteralabs.org\/it\/?s={search_term_string}"},"query-input":{"@type":"PropertyValueSpecification","valueRequired":true,"valueName":"search_term_string"}}],"inLanguage":"it-IT"},{"@type":"Organization","@id":"https:\/\/asteralabs.org\/it\/#organization","name":"Astera Labs","url":"https:\/\/asteralabs.org\/it\/","logo":{"@type":"ImageObject","inLanguage":"it-IT","@id":"https:\/\/asteralabs.org\/it\/#\/schema\/logo\/image\/","url":"https:\/\/asteralabs.org\/wp-content\/uploads\/2022\/12\/astera-2.png","contentUrl":"https:\/\/asteralabs.org\/wp-content\/uploads\/2022\/12\/astera-2.png","width":437,"height":111,"caption":"Astera Labs"},"image":{"@id":"https:\/\/asteralabs.org\/it\/#\/schema\/logo\/image\/"}}]}},"_links":{"self":[{"href":"https:\/\/asteralabs.org\/it\/wp-json\/wp\/v2\/product\/77827","targetHints":{"allow":["GET"]}}],"collection":[{"href":"https:\/\/asteralabs.org\/it\/wp-json\/wp\/v2\/product"}],"about":[{"href":"https:\/\/asteralabs.org\/it\/wp-json\/wp\/v2\/types\/product"}],"replies":[{"embeddable":true,"href":"https:\/\/asteralabs.org\/it\/wp-json\/wp\/v2\/comments?post=77827"}],"version-history":[{"count":0,"href":"https:\/\/asteralabs.org\/it\/wp-json\/wp\/v2\/product\/77827\/revisions"}],"wp:featuredmedia":[{"embeddable":true,"href":"https:\/\/asteralabs.org\/it\/wp-json\/wp\/v2\/media\/75171"}],"wp:attachment":[{"href":"https:\/\/asteralabs.org\/it\/wp-json\/wp\/v2\/media?parent=77827"}],"wp:term":[{"taxonomy":"product_brand","embeddable":true,"href":"https:\/\/asteralabs.org\/it\/wp-json\/wp\/v2\/product_brand?post=77827"},{"taxonomy":"product_cat","embeddable":true,"href":"https:\/\/asteralabs.org\/it\/wp-json\/wp\/v2\/product_cat?post=77827"},{"taxonomy":"product_tag","embeddable":true,"href":"https:\/\/asteralabs.org\/it\/wp-json\/wp\/v2\/product_tag?post=77827"}],"curies":[{"name":"wp","href":"https:\/\/api.w.org\/{rel}","templated":true}]}}