{"id":77844,"date":"2022-11-05T23:04:20","date_gmt":"2022-11-05T23:04:20","guid":{"rendered":"https:\/\/asteralabs.org\/product\/ossimetolone\/"},"modified":"2026-01-15T10:25:27","modified_gmt":"2026-01-15T10:25:27","slug":"ossimetolone","status":"publish","type":"product","link":"https:\/\/asteralabs.org\/it\/product\/ossimetolone\/","title":{"rendered":"Ossimetolone"},"content":{"rendered":"<p><strong>DOSAGGIO: <\/strong><br \/>\nOxymetholone 50mg\/ml <strong>CONTENUTO DELLA CONFEZIONE: <\/strong><br \/>\n1 fiala da 10ML, 50 mg per ml <strong>CHE COSA \u00c8: <\/strong><br \/>\nL&#8217;ossimetolone \u00e8 uno degli steroidi orali pi\u00f9 utilizzati sul mercato. Viene normalmente utilizzato nei cicli di bulking grazie al rapido aumento della massa muscolare che fornisce (in parte grazie all&#8217;aumento delle scorte di glicogeno), inoltre per questo motivo fornisce un sostanziale aumento della forza, per questo motivo viene comunemente utilizzato nelle competizioni di powerlifting e strongman. La sua epatotossicit\u00e0 non \u00e8 cos\u00ec elevata come si dice, dosi relativamente elevate sono considerate sicure nei bambini malati e nelle persone affette da cancro e osteoporosi secondo vari studi clinici. Essendo una versione iniettabile, il suo assorbimento sar\u00e0 maggiore e, poich\u00e9 non contiene esteri, il suo assorbimento sar\u00e0 quasi altrettanto veloce della versione orale. <strong>COME SI USA: <\/strong><br \/>\nLe dosi pi\u00f9 comuni sono da 50 a 100 mg al giorno. Anche se \u00e8 iniettabile, si utilizza lo stesso protocollo che si usa con la versione orale. I cicli di solito durano dalle 4 alle 6 settimane. <strong>INFORMAZIONI SUL LOTTO:<br \/>\n<\/strong>Numero di lotto: <span data-sheets-root=\"1\" data-sheets-value=\"{\" data-sheets-userformat=\"{\">PQ92604<\/span><br \/>\nData di produzione: <span data-sheets-root=\"1\" data-sheets-value=\"{\" data-sheets-userformat=\"{\">10.2025.<\/span><br \/>\nData di scadenza: <span data-sheets-root=\"1\" data-sheets-value=\"{\" data-sheets-userformat=\"{\">10.2028.<\/span><\/p>\n","protected":false},"excerpt":{"rendered":"<p>DOSAGGIO: Oxymetholone 50mg\/ml CONTENUTO DELLA CONFEZIONE: 1 fiala da 10ML, 50 mg per ml CHE COSA \u00c8: L&#8217;ossimetolone \u00e8 uno degli steroidi orali pi\u00f9 utilizzati sul mercato. Viene normalmente utilizzato nei cicli di bulking grazie al rapido aumento della massa muscolare che fornisce (in parte grazie all&#8217;aumento delle scorte di glicogeno), inoltre per questo motivo&hellip;<\/p>\n","protected":false},"featured_media":75163,"comment_status":"open","ping_status":"closed","template":"","meta":[],"product_cat":[159,158],"product_tag":[],"yoast_head":"<!-- This site is optimized with the Yoast SEO plugin v23.0 - https:\/\/yoast.com\/wordpress\/plugins\/seo\/ -->\n<title>Ossimetolone - Astera Labs<\/title>\n<meta name=\"robots\" content=\"index, follow, max-snippet:-1, max-image-preview:large, max-video-preview:-1\" \/>\n<link rel=\"canonical\" href=\"https:\/\/asteralabs.org\/it\/product\/ossimetolone\/\" \/>\n<meta property=\"og:locale\" content=\"it_IT\" \/>\n<meta property=\"og:type\" content=\"article\" \/>\n<meta property=\"og:title\" content=\"Ossimetolone - Astera Labs\" \/>\n<meta property=\"og:description\" content=\"DOSAGGIO: Oxymetholone 50mg\/ml CONTENUTO DELLA CONFEZIONE: 1 fiala da 10ML, 50 mg per ml CHE COSA \u00c8: L&#8217;ossimetolone \u00e8 uno degli steroidi orali pi\u00f9 utilizzati sul mercato. Viene normalmente utilizzato nei cicli di bulking grazie al rapido aumento della massa muscolare che fornisce (in parte grazie all&#8217;aumento delle scorte di glicogeno), inoltre per questo motivo&hellip;\" \/>\n<meta property=\"og:url\" content=\"https:\/\/asteralabs.org\/it\/product\/ossimetolone\/\" \/>\n<meta property=\"og:site_name\" content=\"Astera Labs\" \/>\n<meta property=\"article:modified_time\" content=\"2026-01-15T10:25:27+00:00\" \/>\n<meta property=\"og:image\" content=\"https:\/\/asteralabs.org\/wp-content\/uploads\/2022\/11\/26.png\" \/>\n\t<meta property=\"og:image:width\" content=\"2000\" \/>\n\t<meta property=\"og:image:height\" content=\"2000\" \/>\n\t<meta property=\"og:image:type\" content=\"image\/png\" \/>\n<meta name=\"twitter:card\" content=\"summary_large_image\" \/>\n<script type=\"application\/ld+json\" class=\"yoast-schema-graph\">{\"@context\":\"https:\/\/schema.org\",\"@graph\":[{\"@type\":\"WebPage\",\"@id\":\"https:\/\/asteralabs.org\/it\/product\/ossimetolone\/\",\"url\":\"https:\/\/asteralabs.org\/it\/product\/ossimetolone\/\",\"name\":\"Ossimetolone - Astera Labs\",\"isPartOf\":{\"@id\":\"https:\/\/asteralabs.org\/it\/#website\"},\"primaryImageOfPage\":{\"@id\":\"https:\/\/asteralabs.org\/it\/product\/ossimetolone\/#primaryimage\"},\"image\":{\"@id\":\"https:\/\/asteralabs.org\/it\/product\/ossimetolone\/#primaryimage\"},\"thumbnailUrl\":\"https:\/\/asteralabs.org\/wp-content\/uploads\/2022\/11\/26.png\",\"datePublished\":\"2022-11-05T23:04:20+00:00\",\"dateModified\":\"2026-01-15T10:25:27+00:00\",\"breadcrumb\":{\"@id\":\"https:\/\/asteralabs.org\/it\/product\/ossimetolone\/#breadcrumb\"},\"inLanguage\":\"it-IT\",\"potentialAction\":[{\"@type\":\"ReadAction\",\"target\":[\"https:\/\/asteralabs.org\/it\/product\/ossimetolone\/\"]}]},{\"@type\":\"ImageObject\",\"inLanguage\":\"it-IT\",\"@id\":\"https:\/\/asteralabs.org\/it\/product\/ossimetolone\/#primaryimage\",\"url\":\"https:\/\/asteralabs.org\/wp-content\/uploads\/2022\/11\/26.png\",\"contentUrl\":\"https:\/\/asteralabs.org\/wp-content\/uploads\/2022\/11\/26.png\",\"width\":2000,\"height\":2000},{\"@type\":\"BreadcrumbList\",\"@id\":\"https:\/\/asteralabs.org\/it\/product\/ossimetolone\/#breadcrumb\",\"itemListElement\":[{\"@type\":\"ListItem\",\"position\":1,\"name\":\"Home\",\"item\":\"https:\/\/asteralabs.org\/it\/\"},{\"@type\":\"ListItem\",\"position\":2,\"name\":\"Negozio\",\"item\":\"https:\/\/asteralabs.org\/negozio\/\"},{\"@type\":\"ListItem\",\"position\":3,\"name\":\"Ossimetolone\"}]},{\"@type\":\"WebSite\",\"@id\":\"https:\/\/asteralabs.org\/it\/#website\",\"url\":\"https:\/\/asteralabs.org\/it\/\",\"name\":\"Astera Labs\",\"description\":\"Improve Your Quality Of Life\",\"publisher\":{\"@id\":\"https:\/\/asteralabs.org\/it\/#organization\"},\"potentialAction\":[{\"@type\":\"SearchAction\",\"target\":{\"@type\":\"EntryPoint\",\"urlTemplate\":\"https:\/\/asteralabs.org\/it\/?s={search_term_string}\"},\"query-input\":\"required name=search_term_string\"}],\"inLanguage\":\"it-IT\"},{\"@type\":\"Organization\",\"@id\":\"https:\/\/asteralabs.org\/it\/#organization\",\"name\":\"Astera Labs\",\"url\":\"https:\/\/asteralabs.org\/it\/\",\"logo\":{\"@type\":\"ImageObject\",\"inLanguage\":\"it-IT\",\"@id\":\"https:\/\/asteralabs.org\/it\/#\/schema\/logo\/image\/\",\"url\":\"https:\/\/asteralabs.org\/wp-content\/uploads\/2022\/12\/astera-2.png\",\"contentUrl\":\"https:\/\/asteralabs.org\/wp-content\/uploads\/2022\/12\/astera-2.png\",\"width\":437,\"height\":111,\"caption\":\"Astera Labs\"},\"image\":{\"@id\":\"https:\/\/asteralabs.org\/it\/#\/schema\/logo\/image\/\"}}]}<\/script>\n<!-- \/ Yoast SEO plugin. -->","yoast_head_json":{"title":"Ossimetolone - Astera Labs","robots":{"index":"index","follow":"follow","max-snippet":"max-snippet:-1","max-image-preview":"max-image-preview:large","max-video-preview":"max-video-preview:-1"},"canonical":"https:\/\/asteralabs.org\/it\/product\/ossimetolone\/","og_locale":"it_IT","og_type":"article","og_title":"Ossimetolone - Astera Labs","og_description":"DOSAGGIO: Oxymetholone 50mg\/ml CONTENUTO DELLA CONFEZIONE: 1 fiala da 10ML, 50 mg per ml CHE COSA \u00c8: L&#8217;ossimetolone \u00e8 uno degli steroidi orali pi\u00f9 utilizzati sul mercato. Viene normalmente utilizzato nei cicli di bulking grazie al rapido aumento della massa muscolare che fornisce (in parte grazie all&#8217;aumento delle scorte di glicogeno), inoltre per questo motivo&hellip;","og_url":"https:\/\/asteralabs.org\/it\/product\/ossimetolone\/","og_site_name":"Astera Labs","article_modified_time":"2026-01-15T10:25:27+00:00","og_image":[{"width":2000,"height":2000,"url":"https:\/\/asteralabs.org\/wp-content\/uploads\/2022\/11\/26.png","type":"image\/png"}],"twitter_card":"summary_large_image","schema":{"@context":"https:\/\/schema.org","@graph":[{"@type":"WebPage","@id":"https:\/\/asteralabs.org\/it\/product\/ossimetolone\/","url":"https:\/\/asteralabs.org\/it\/product\/ossimetolone\/","name":"Ossimetolone - Astera Labs","isPartOf":{"@id":"https:\/\/asteralabs.org\/it\/#website"},"primaryImageOfPage":{"@id":"https:\/\/asteralabs.org\/it\/product\/ossimetolone\/#primaryimage"},"image":{"@id":"https:\/\/asteralabs.org\/it\/product\/ossimetolone\/#primaryimage"},"thumbnailUrl":"https:\/\/asteralabs.org\/wp-content\/uploads\/2022\/11\/26.png","datePublished":"2022-11-05T23:04:20+00:00","dateModified":"2026-01-15T10:25:27+00:00","breadcrumb":{"@id":"https:\/\/asteralabs.org\/it\/product\/ossimetolone\/#breadcrumb"},"inLanguage":"it-IT","potentialAction":[{"@type":"ReadAction","target":["https:\/\/asteralabs.org\/it\/product\/ossimetolone\/"]}]},{"@type":"ImageObject","inLanguage":"it-IT","@id":"https:\/\/asteralabs.org\/it\/product\/ossimetolone\/#primaryimage","url":"https:\/\/asteralabs.org\/wp-content\/uploads\/2022\/11\/26.png","contentUrl":"https:\/\/asteralabs.org\/wp-content\/uploads\/2022\/11\/26.png","width":2000,"height":2000},{"@type":"BreadcrumbList","@id":"https:\/\/asteralabs.org\/it\/product\/ossimetolone\/#breadcrumb","itemListElement":[{"@type":"ListItem","position":1,"name":"Home","item":"https:\/\/asteralabs.org\/it\/"},{"@type":"ListItem","position":2,"name":"Negozio","item":"https:\/\/asteralabs.org\/negozio\/"},{"@type":"ListItem","position":3,"name":"Ossimetolone"}]},{"@type":"WebSite","@id":"https:\/\/asteralabs.org\/it\/#website","url":"https:\/\/asteralabs.org\/it\/","name":"Astera Labs","description":"Improve Your Quality Of Life","publisher":{"@id":"https:\/\/asteralabs.org\/it\/#organization"},"potentialAction":[{"@type":"SearchAction","target":{"@type":"EntryPoint","urlTemplate":"https:\/\/asteralabs.org\/it\/?s={search_term_string}"},"query-input":"required name=search_term_string"}],"inLanguage":"it-IT"},{"@type":"Organization","@id":"https:\/\/asteralabs.org\/it\/#organization","name":"Astera Labs","url":"https:\/\/asteralabs.org\/it\/","logo":{"@type":"ImageObject","inLanguage":"it-IT","@id":"https:\/\/asteralabs.org\/it\/#\/schema\/logo\/image\/","url":"https:\/\/asteralabs.org\/wp-content\/uploads\/2022\/12\/astera-2.png","contentUrl":"https:\/\/asteralabs.org\/wp-content\/uploads\/2022\/12\/astera-2.png","width":437,"height":111,"caption":"Astera Labs"},"image":{"@id":"https:\/\/asteralabs.org\/it\/#\/schema\/logo\/image\/"}}]}},"_links":{"self":[{"href":"https:\/\/asteralabs.org\/it\/wp-json\/wp\/v2\/product\/77844"}],"collection":[{"href":"https:\/\/asteralabs.org\/it\/wp-json\/wp\/v2\/product"}],"about":[{"href":"https:\/\/asteralabs.org\/it\/wp-json\/wp\/v2\/types\/product"}],"replies":[{"embeddable":true,"href":"https:\/\/asteralabs.org\/it\/wp-json\/wp\/v2\/comments?post=77844"}],"version-history":[{"count":0,"href":"https:\/\/asteralabs.org\/it\/wp-json\/wp\/v2\/product\/77844\/revisions"}],"wp:featuredmedia":[{"embeddable":true,"href":"https:\/\/asteralabs.org\/it\/wp-json\/wp\/v2\/media\/75163"}],"wp:attachment":[{"href":"https:\/\/asteralabs.org\/it\/wp-json\/wp\/v2\/media?parent=77844"}],"wp:term":[{"taxonomy":"product_cat","embeddable":true,"href":"https:\/\/asteralabs.org\/it\/wp-json\/wp\/v2\/product_cat?post=77844"},{"taxonomy":"product_tag","embeddable":true,"href":"https:\/\/asteralabs.org\/it\/wp-json\/wp\/v2\/product_tag?post=77844"}],"curies":[{"name":"wp","href":"https:\/\/api.w.org\/{rel}","templated":true}]}}