{"id":77862,"date":"2022-11-05T22:55:48","date_gmt":"2022-11-05T22:55:48","guid":{"rendered":"https:\/\/asteralabs.org\/product\/enantato-di-metenolone-200\/"},"modified":"2026-01-15T09:41:12","modified_gmt":"2026-01-15T09:41:12","slug":"enantato-di-metenolone-200","status":"publish","type":"product","link":"https:\/\/asteralabs.org\/it\/product\/enantato-di-metenolone-200\/","title":{"rendered":"Enantato di metenolone 200"},"content":{"rendered":"<p><strong>DOSAGGIO:<\/strong><br \/>\nMethenolone Enanthate 200mg\/ml <strong>CONTENUTO DELLA CONFEZIONE:<\/strong><br \/>\n1 fiala da 10ML, 200 mg per ml <strong>CHE COSA \u00c8:<\/strong><br \/>\nIl Methenolone Enanthate \u00e8 uno degli steroidi pi\u00f9 famosi e utilizzati sul mercato, in parte grazie alla sua mancanza di effetti collaterali. \u00c8 uno steroide utile sia per il volume che per la fase di taglio, in quanto, essendo privo di effetti collaterali, pu\u00f2 essere aggiunto a qualsiasi ciclo per migliorarne la potenza. <strong>COME SI USA:<\/strong><br \/>\nLe dosi che possono essere utilizzate senza rischi o con lievi effetti collaterali sono molto elevate e di solito si utilizzano dai 400 mg settimanali fino a quanto le tasche possono permettere. I cicli sono solitamente lunghi, in genere dalle 14 alle 20 settimane. Ti consiglio di iniettare EOD o E3D. <strong>INFORMAZIONI SUL LOTTO:<br \/>\n<\/strong>Numero di lotto: <span data-sheets-root=\"1\" data-sheets-value=\"{\" data-sheets-userformat=\"{\">IF90310<\/span><br \/>\nData di produzione: <span data-sheets-root=\"1\" data-sheets-value=\"{\" data-sheets-userformat=\"{\">10.2025.<\/span><br \/>\nData di scadenza: <span data-sheets-root=\"1\" data-sheets-value=\"{\" data-sheets-userformat=\"{\">10.2028.<\/span><\/p>\n","protected":false},"excerpt":{"rendered":"<p>DOSAGGIO: Methenolone Enanthate 200mg\/ml CONTENUTO DELLA CONFEZIONE: 1 fiala da 10ML, 200 mg per ml CHE COSA \u00c8: Il Methenolone Enanthate \u00e8 uno degli steroidi pi\u00f9 famosi e utilizzati sul mercato, in parte grazie alla sua mancanza di effetti collaterali. \u00c8 uno steroide utile sia per il volume che per la fase di taglio, in&hellip;<\/p>\n","protected":false},"featured_media":75139,"comment_status":"open","ping_status":"closed","template":"","meta":[],"product_cat":[159,158],"product_tag":[],"yoast_head":"<!-- This site is optimized with the Yoast SEO plugin v23.0 - https:\/\/yoast.com\/wordpress\/plugins\/seo\/ -->\n<title>Enantato di metenolone 200 - Astera Labs<\/title>\n<meta name=\"robots\" content=\"index, follow, max-snippet:-1, max-image-preview:large, max-video-preview:-1\" \/>\n<link rel=\"canonical\" href=\"https:\/\/asteralabs.org\/it\/product\/enantato-di-metenolone-200\/\" \/>\n<meta property=\"og:locale\" content=\"it_IT\" \/>\n<meta property=\"og:type\" content=\"article\" \/>\n<meta property=\"og:title\" content=\"Enantato di metenolone 200 - Astera Labs\" \/>\n<meta property=\"og:description\" content=\"DOSAGGIO: Methenolone Enanthate 200mg\/ml CONTENUTO DELLA CONFEZIONE: 1 fiala da 10ML, 200 mg per ml CHE COSA \u00c8: Il Methenolone Enanthate \u00e8 uno degli steroidi pi\u00f9 famosi e utilizzati sul mercato, in parte grazie alla sua mancanza di effetti collaterali. \u00c8 uno steroide utile sia per il volume che per la fase di taglio, in&hellip;\" \/>\n<meta property=\"og:url\" content=\"https:\/\/asteralabs.org\/it\/product\/enantato-di-metenolone-200\/\" \/>\n<meta property=\"og:site_name\" content=\"Astera Labs\" \/>\n<meta property=\"article:modified_time\" content=\"2026-01-15T09:41:12+00:00\" \/>\n<meta property=\"og:image\" content=\"https:\/\/asteralabs.org\/wp-content\/uploads\/2022\/11\/22.png\" \/>\n\t<meta property=\"og:image:width\" content=\"2000\" \/>\n\t<meta property=\"og:image:height\" content=\"2000\" \/>\n\t<meta property=\"og:image:type\" content=\"image\/png\" \/>\n<meta name=\"twitter:card\" content=\"summary_large_image\" \/>\n<script type=\"application\/ld+json\" class=\"yoast-schema-graph\">{\"@context\":\"https:\/\/schema.org\",\"@graph\":[{\"@type\":\"WebPage\",\"@id\":\"https:\/\/asteralabs.org\/it\/product\/enantato-di-metenolone-200\/\",\"url\":\"https:\/\/asteralabs.org\/it\/product\/enantato-di-metenolone-200\/\",\"name\":\"Enantato di metenolone 200 - Astera Labs\",\"isPartOf\":{\"@id\":\"https:\/\/asteralabs.org\/it\/#website\"},\"primaryImageOfPage\":{\"@id\":\"https:\/\/asteralabs.org\/it\/product\/enantato-di-metenolone-200\/#primaryimage\"},\"image\":{\"@id\":\"https:\/\/asteralabs.org\/it\/product\/enantato-di-metenolone-200\/#primaryimage\"},\"thumbnailUrl\":\"https:\/\/asteralabs.org\/wp-content\/uploads\/2022\/11\/22.png\",\"datePublished\":\"2022-11-05T22:55:48+00:00\",\"dateModified\":\"2026-01-15T09:41:12+00:00\",\"breadcrumb\":{\"@id\":\"https:\/\/asteralabs.org\/it\/product\/enantato-di-metenolone-200\/#breadcrumb\"},\"inLanguage\":\"it-IT\",\"potentialAction\":[{\"@type\":\"ReadAction\",\"target\":[\"https:\/\/asteralabs.org\/it\/product\/enantato-di-metenolone-200\/\"]}]},{\"@type\":\"ImageObject\",\"inLanguage\":\"it-IT\",\"@id\":\"https:\/\/asteralabs.org\/it\/product\/enantato-di-metenolone-200\/#primaryimage\",\"url\":\"https:\/\/asteralabs.org\/wp-content\/uploads\/2022\/11\/22.png\",\"contentUrl\":\"https:\/\/asteralabs.org\/wp-content\/uploads\/2022\/11\/22.png\",\"width\":2000,\"height\":2000},{\"@type\":\"BreadcrumbList\",\"@id\":\"https:\/\/asteralabs.org\/it\/product\/enantato-di-metenolone-200\/#breadcrumb\",\"itemListElement\":[{\"@type\":\"ListItem\",\"position\":1,\"name\":\"Home\",\"item\":\"https:\/\/asteralabs.org\/it\/\"},{\"@type\":\"ListItem\",\"position\":2,\"name\":\"Negozio\",\"item\":\"https:\/\/asteralabs.org\/negozio\/\"},{\"@type\":\"ListItem\",\"position\":3,\"name\":\"Enantato di metenolone 200\"}]},{\"@type\":\"WebSite\",\"@id\":\"https:\/\/asteralabs.org\/it\/#website\",\"url\":\"https:\/\/asteralabs.org\/it\/\",\"name\":\"Astera Labs\",\"description\":\"Improve Your Quality Of Life\",\"publisher\":{\"@id\":\"https:\/\/asteralabs.org\/it\/#organization\"},\"potentialAction\":[{\"@type\":\"SearchAction\",\"target\":{\"@type\":\"EntryPoint\",\"urlTemplate\":\"https:\/\/asteralabs.org\/it\/?s={search_term_string}\"},\"query-input\":\"required name=search_term_string\"}],\"inLanguage\":\"it-IT\"},{\"@type\":\"Organization\",\"@id\":\"https:\/\/asteralabs.org\/it\/#organization\",\"name\":\"Astera Labs\",\"url\":\"https:\/\/asteralabs.org\/it\/\",\"logo\":{\"@type\":\"ImageObject\",\"inLanguage\":\"it-IT\",\"@id\":\"https:\/\/asteralabs.org\/it\/#\/schema\/logo\/image\/\",\"url\":\"https:\/\/asteralabs.org\/wp-content\/uploads\/2022\/12\/astera-2.png\",\"contentUrl\":\"https:\/\/asteralabs.org\/wp-content\/uploads\/2022\/12\/astera-2.png\",\"width\":437,\"height\":111,\"caption\":\"Astera Labs\"},\"image\":{\"@id\":\"https:\/\/asteralabs.org\/it\/#\/schema\/logo\/image\/\"}}]}<\/script>\n<!-- \/ Yoast SEO plugin. -->","yoast_head_json":{"title":"Enantato di metenolone 200 - Astera Labs","robots":{"index":"index","follow":"follow","max-snippet":"max-snippet:-1","max-image-preview":"max-image-preview:large","max-video-preview":"max-video-preview:-1"},"canonical":"https:\/\/asteralabs.org\/it\/product\/enantato-di-metenolone-200\/","og_locale":"it_IT","og_type":"article","og_title":"Enantato di metenolone 200 - Astera Labs","og_description":"DOSAGGIO: Methenolone Enanthate 200mg\/ml CONTENUTO DELLA CONFEZIONE: 1 fiala da 10ML, 200 mg per ml CHE COSA \u00c8: Il Methenolone Enanthate \u00e8 uno degli steroidi pi\u00f9 famosi e utilizzati sul mercato, in parte grazie alla sua mancanza di effetti collaterali. \u00c8 uno steroide utile sia per il volume che per la fase di taglio, in&hellip;","og_url":"https:\/\/asteralabs.org\/it\/product\/enantato-di-metenolone-200\/","og_site_name":"Astera Labs","article_modified_time":"2026-01-15T09:41:12+00:00","og_image":[{"width":2000,"height":2000,"url":"https:\/\/asteralabs.org\/wp-content\/uploads\/2022\/11\/22.png","type":"image\/png"}],"twitter_card":"summary_large_image","schema":{"@context":"https:\/\/schema.org","@graph":[{"@type":"WebPage","@id":"https:\/\/asteralabs.org\/it\/product\/enantato-di-metenolone-200\/","url":"https:\/\/asteralabs.org\/it\/product\/enantato-di-metenolone-200\/","name":"Enantato di metenolone 200 - Astera Labs","isPartOf":{"@id":"https:\/\/asteralabs.org\/it\/#website"},"primaryImageOfPage":{"@id":"https:\/\/asteralabs.org\/it\/product\/enantato-di-metenolone-200\/#primaryimage"},"image":{"@id":"https:\/\/asteralabs.org\/it\/product\/enantato-di-metenolone-200\/#primaryimage"},"thumbnailUrl":"https:\/\/asteralabs.org\/wp-content\/uploads\/2022\/11\/22.png","datePublished":"2022-11-05T22:55:48+00:00","dateModified":"2026-01-15T09:41:12+00:00","breadcrumb":{"@id":"https:\/\/asteralabs.org\/it\/product\/enantato-di-metenolone-200\/#breadcrumb"},"inLanguage":"it-IT","potentialAction":[{"@type":"ReadAction","target":["https:\/\/asteralabs.org\/it\/product\/enantato-di-metenolone-200\/"]}]},{"@type":"ImageObject","inLanguage":"it-IT","@id":"https:\/\/asteralabs.org\/it\/product\/enantato-di-metenolone-200\/#primaryimage","url":"https:\/\/asteralabs.org\/wp-content\/uploads\/2022\/11\/22.png","contentUrl":"https:\/\/asteralabs.org\/wp-content\/uploads\/2022\/11\/22.png","width":2000,"height":2000},{"@type":"BreadcrumbList","@id":"https:\/\/asteralabs.org\/it\/product\/enantato-di-metenolone-200\/#breadcrumb","itemListElement":[{"@type":"ListItem","position":1,"name":"Home","item":"https:\/\/asteralabs.org\/it\/"},{"@type":"ListItem","position":2,"name":"Negozio","item":"https:\/\/asteralabs.org\/negozio\/"},{"@type":"ListItem","position":3,"name":"Enantato di metenolone 200"}]},{"@type":"WebSite","@id":"https:\/\/asteralabs.org\/it\/#website","url":"https:\/\/asteralabs.org\/it\/","name":"Astera Labs","description":"Improve Your Quality Of Life","publisher":{"@id":"https:\/\/asteralabs.org\/it\/#organization"},"potentialAction":[{"@type":"SearchAction","target":{"@type":"EntryPoint","urlTemplate":"https:\/\/asteralabs.org\/it\/?s={search_term_string}"},"query-input":"required name=search_term_string"}],"inLanguage":"it-IT"},{"@type":"Organization","@id":"https:\/\/asteralabs.org\/it\/#organization","name":"Astera Labs","url":"https:\/\/asteralabs.org\/it\/","logo":{"@type":"ImageObject","inLanguage":"it-IT","@id":"https:\/\/asteralabs.org\/it\/#\/schema\/logo\/image\/","url":"https:\/\/asteralabs.org\/wp-content\/uploads\/2022\/12\/astera-2.png","contentUrl":"https:\/\/asteralabs.org\/wp-content\/uploads\/2022\/12\/astera-2.png","width":437,"height":111,"caption":"Astera Labs"},"image":{"@id":"https:\/\/asteralabs.org\/it\/#\/schema\/logo\/image\/"}}]}},"_links":{"self":[{"href":"https:\/\/asteralabs.org\/it\/wp-json\/wp\/v2\/product\/77862"}],"collection":[{"href":"https:\/\/asteralabs.org\/it\/wp-json\/wp\/v2\/product"}],"about":[{"href":"https:\/\/asteralabs.org\/it\/wp-json\/wp\/v2\/types\/product"}],"replies":[{"embeddable":true,"href":"https:\/\/asteralabs.org\/it\/wp-json\/wp\/v2\/comments?post=77862"}],"version-history":[{"count":0,"href":"https:\/\/asteralabs.org\/it\/wp-json\/wp\/v2\/product\/77862\/revisions"}],"wp:featuredmedia":[{"embeddable":true,"href":"https:\/\/asteralabs.org\/it\/wp-json\/wp\/v2\/media\/75139"}],"wp:attachment":[{"href":"https:\/\/asteralabs.org\/it\/wp-json\/wp\/v2\/media?parent=77862"}],"wp:term":[{"taxonomy":"product_cat","embeddable":true,"href":"https:\/\/asteralabs.org\/it\/wp-json\/wp\/v2\/product_cat?post=77862"},{"taxonomy":"product_tag","embeddable":true,"href":"https:\/\/asteralabs.org\/it\/wp-json\/wp\/v2\/product_tag?post=77862"}],"curies":[{"name":"wp","href":"https:\/\/api.w.org\/{rel}","templated":true}]}}