{"id":77868,"date":"2022-11-05T22:53:52","date_gmt":"2022-11-05T22:53:52","guid":{"rendered":"https:\/\/asteralabs.org\/product\/l-carnitina\/"},"modified":"2026-01-15T09:13:40","modified_gmt":"2026-01-15T09:13:40","slug":"l-carnitina","status":"publish","type":"product","link":"https:\/\/asteralabs.org\/it\/product\/l-carnitina\/","title":{"rendered":"L-Carnitina"},"content":{"rendered":"<p><strong>DOSAGGIO:<\/strong><br \/>\n<span style=\"font-weight: 400;\">L-<\/span><span style=\"font-weight: 400;\">c<\/span><span style=\"font-weight: 400;\">arnitina <\/span><span style=\"font-weight: 400;\">500 mg<\/span><span style=\"font-weight: 400;\">\/ml\u00a0<\/span><\/p>\n<p><strong>CONTENUTO DELLA CONFEZIONE:<\/strong><br \/>\n<span style=\"font-weight: 400;\">1 fiala da 10 ml (500 mg\/ml)<\/span><\/p>\n<p><strong>A CHE COSA \u00c8:<\/strong><br \/>\n<span style=\"font-weight: 400;\">La carnitina \u00e8 un <\/span><span style=\"font-weight: 400;\">amminoacido <\/span><span style=\"font-weight: 400;\">la cui funzione \u00e8 quella di trasportare gli acidi grassi nei mitocondri. La carnitina \u00e8 utile per potenziare e ottimizzare la combustione dei grassi, migliorare il recupero e aumentare i livelli di forza esplosiva. Poich\u00e9 i <\/span><span style=\"font-weight: 400;\">suoi <\/span><span style=\"font-weight: 400;\">livelli possono ridursi notevolmente <\/span><span style=\"font-weight: 400;\">dopo <\/span><span style=\"font-weight: 400;\">una semplice sessione di allenamento, se ne consiglia la somministrazione esogena e, in base agli studi clinici disponibili, si raccomanda di somministrarla in uno stato di iperinsulinemia per migliorarne l\u2019assorbimento.<\/span><\/p>\n<p><strong>COME SI USA:<\/strong><br \/>\n<span style=\"font-weight: 400;\">Pu\u00f2 essere somministrata sia per via intramuscolare (IM) che per via sottocutanea (Subq)<\/span><span style=\"font-weight: 400;\">.<\/span> <span style=\"font-weight: 400;\">Il dosaggio minimo e sufficiente \u00e8 <\/span><span style=\"font-weight: 400;\">di 400 mg al giorno, <\/span><span style=\"font-weight: 400;\">purch\u00e9 essa venga iniettata con costanza per mantenere stabili i livelli di saturazione. <\/span><span style=\"font-weight: 400;\">La somministrazione di L-carnitina deve essere <\/span><span style=\"font-weight: 400;\">effettuata in <\/span><span style=\"font-weight: 400;\">stato di iperinsulinemia, <\/span><span style=\"font-weight: 400;\">raggiungibile <\/span><span style=\"font-weight: 400;\">somministrando un\u2019elevata quantit\u00e0 di carboidrati semplici <\/span><span style=\"font-weight: 400;\">(<\/span><span style=\"font-weight: 400;\">circa 90 grammi<\/span><span style=\"font-weight: 400;\">)<\/span> <span style=\"font-weight: 400;\">o <\/span><span style=\"font-weight: 400;\">semplicemente <\/span><span style=\"font-weight: 400;\">iniettando 7 a 10 UI di insulina <\/span><span style=\"font-weight: 400;\">ultrarapida per via sottocutanea.<\/span><\/p>\n<p><strong>INFORMAZIONI SUL LOTTO:<br \/>\n<\/strong>Numero di lotto: <span data-sheets-root=\"1\" data-sheets-value=\"{\" data-sheets-userformat=\"{\">LU71048<\/span><br \/>\nData di produzione: <span data-sheets-root=\"1\" data-sheets-value=\"{\" data-sheets-userformat=\"{\">10.2025.<\/span><br \/>\nData di scadenza: <span data-sheets-root=\"1\" data-sheets-value=\"{\" data-sheets-userformat=\"{\">10.2028.<\/span><\/p>\n","protected":false},"excerpt":{"rendered":"<p>DOSAGGIO: L-carnitina 500 mg\/ml\u00a0 CONTENUTO DELLA CONFEZIONE: 1 fiala da 10 ml (500 mg\/ml) A CHE COSA \u00c8: La carnitina \u00e8 un amminoacido la cui funzione \u00e8 quella di trasportare gli acidi grassi nei mitocondri. La carnitina \u00e8 utile per potenziare e ottimizzare la combustione dei grassi, migliorare il recupero e aumentare i livelli di&hellip;<\/p>\n","protected":false},"featured_media":75131,"comment_status":"open","ping_status":"closed","template":"","meta":{"_acf_changed":false},"product_brand":[],"product_cat":[159,182],"product_tag":[],"class_list":{"0":"post-77868","1":"product","2":"type-product","3":"status-publish","4":"has-post-thumbnail","6":"product_cat-all-it","7":"product_cat-amino-acids-it","8":"description-off","10":"first","11":"instock","12":"shipping-taxable","13":"product-type-simple"},"acf":[],"yoast_head":"<!-- This site is optimized with the Yoast SEO plugin v27.4 - https:\/\/yoast.com\/product\/yoast-seo-wordpress\/ -->\n<title>L-Carnitina - Astera Labs<\/title>\n<meta name=\"robots\" content=\"index, follow, max-snippet:-1, max-image-preview:large, max-video-preview:-1\" \/>\n<link rel=\"canonical\" href=\"https:\/\/asteralabs.org\/it\/product\/l-carnitina\/\" \/>\n<meta property=\"og:locale\" content=\"it_IT\" \/>\n<meta property=\"og:type\" content=\"article\" \/>\n<meta property=\"og:title\" content=\"L-Carnitina - Astera Labs\" \/>\n<meta property=\"og:description\" content=\"DOSAGGIO: L-carnitina 500 mg\/ml\u00a0 CONTENUTO DELLA CONFEZIONE: 1 fiala da 10 ml (500 mg\/ml) A CHE COSA \u00c8: La carnitina \u00e8 un amminoacido la cui funzione \u00e8 quella di trasportare gli acidi grassi nei mitocondri. La carnitina \u00e8 utile per potenziare e ottimizzare la combustione dei grassi, migliorare il recupero e aumentare i livelli di&hellip;\" \/>\n<meta property=\"og:url\" content=\"https:\/\/asteralabs.org\/it\/product\/l-carnitina\/\" \/>\n<meta property=\"og:site_name\" content=\"Astera Labs\" \/>\n<meta property=\"article:modified_time\" content=\"2026-01-15T09:13:40+00:00\" \/>\n<meta property=\"og:image\" content=\"https:\/\/asteralabs.org\/wp-content\/uploads\/2022\/11\/25.png\" \/>\n\t<meta property=\"og:image:width\" content=\"2000\" \/>\n\t<meta property=\"og:image:height\" content=\"2000\" \/>\n\t<meta property=\"og:image:type\" content=\"image\/png\" \/>\n<meta name=\"twitter:card\" content=\"summary_large_image\" \/>\n<script type=\"application\/ld+json\" class=\"yoast-schema-graph\">{\"@context\":\"https:\\\/\\\/schema.org\",\"@graph\":[{\"@type\":\"WebPage\",\"@id\":\"https:\\\/\\\/asteralabs.org\\\/it\\\/product\\\/l-carnitina\\\/\",\"url\":\"https:\\\/\\\/asteralabs.org\\\/it\\\/product\\\/l-carnitina\\\/\",\"name\":\"L-Carnitina - Astera Labs\",\"isPartOf\":{\"@id\":\"https:\\\/\\\/asteralabs.org\\\/it\\\/#website\"},\"primaryImageOfPage\":{\"@id\":\"https:\\\/\\\/asteralabs.org\\\/it\\\/product\\\/l-carnitina\\\/#primaryimage\"},\"image\":{\"@id\":\"https:\\\/\\\/asteralabs.org\\\/it\\\/product\\\/l-carnitina\\\/#primaryimage\"},\"thumbnailUrl\":\"https:\\\/\\\/asteralabs.org\\\/wp-content\\\/uploads\\\/2022\\\/11\\\/25.png\",\"datePublished\":\"2022-11-05T22:53:52+00:00\",\"dateModified\":\"2026-01-15T09:13:40+00:00\",\"breadcrumb\":{\"@id\":\"https:\\\/\\\/asteralabs.org\\\/it\\\/product\\\/l-carnitina\\\/#breadcrumb\"},\"inLanguage\":\"it-IT\",\"potentialAction\":[{\"@type\":\"ReadAction\",\"target\":[\"https:\\\/\\\/asteralabs.org\\\/it\\\/product\\\/l-carnitina\\\/\"]}]},{\"@type\":\"ImageObject\",\"inLanguage\":\"it-IT\",\"@id\":\"https:\\\/\\\/asteralabs.org\\\/it\\\/product\\\/l-carnitina\\\/#primaryimage\",\"url\":\"https:\\\/\\\/asteralabs.org\\\/wp-content\\\/uploads\\\/2022\\\/11\\\/25.png\",\"contentUrl\":\"https:\\\/\\\/asteralabs.org\\\/wp-content\\\/uploads\\\/2022\\\/11\\\/25.png\",\"width\":2000,\"height\":2000},{\"@type\":\"BreadcrumbList\",\"@id\":\"https:\\\/\\\/asteralabs.org\\\/it\\\/product\\\/l-carnitina\\\/#breadcrumb\",\"itemListElement\":[{\"@type\":\"ListItem\",\"position\":1,\"name\":\"Home\",\"item\":\"https:\\\/\\\/asteralabs.org\\\/it\\\/\"},{\"@type\":\"ListItem\",\"position\":2,\"name\":\"Negozio\",\"item\":\"https:\\\/\\\/asteralabs.org\\\/it\\\/negozio\\\/\"},{\"@type\":\"ListItem\",\"position\":3,\"name\":\"L-Carnitina\"}]},{\"@type\":\"WebSite\",\"@id\":\"https:\\\/\\\/asteralabs.org\\\/it\\\/#website\",\"url\":\"https:\\\/\\\/asteralabs.org\\\/it\\\/\",\"name\":\"Astera Labs\",\"description\":\"Improve Your Quality Of Life\",\"publisher\":{\"@id\":\"https:\\\/\\\/asteralabs.org\\\/it\\\/#organization\"},\"potentialAction\":[{\"@type\":\"SearchAction\",\"target\":{\"@type\":\"EntryPoint\",\"urlTemplate\":\"https:\\\/\\\/asteralabs.org\\\/it\\\/?s={search_term_string}\"},\"query-input\":{\"@type\":\"PropertyValueSpecification\",\"valueRequired\":true,\"valueName\":\"search_term_string\"}}],\"inLanguage\":\"it-IT\"},{\"@type\":\"Organization\",\"@id\":\"https:\\\/\\\/asteralabs.org\\\/it\\\/#organization\",\"name\":\"Astera Labs\",\"url\":\"https:\\\/\\\/asteralabs.org\\\/it\\\/\",\"logo\":{\"@type\":\"ImageObject\",\"inLanguage\":\"it-IT\",\"@id\":\"https:\\\/\\\/asteralabs.org\\\/it\\\/#\\\/schema\\\/logo\\\/image\\\/\",\"url\":\"https:\\\/\\\/asteralabs.org\\\/wp-content\\\/uploads\\\/2022\\\/12\\\/astera-2.png\",\"contentUrl\":\"https:\\\/\\\/asteralabs.org\\\/wp-content\\\/uploads\\\/2022\\\/12\\\/astera-2.png\",\"width\":437,\"height\":111,\"caption\":\"Astera Labs\"},\"image\":{\"@id\":\"https:\\\/\\\/asteralabs.org\\\/it\\\/#\\\/schema\\\/logo\\\/image\\\/\"}}]}<\/script>\n<!-- \/ Yoast SEO plugin. -->","yoast_head_json":{"title":"L-Carnitina - Astera Labs","robots":{"index":"index","follow":"follow","max-snippet":"max-snippet:-1","max-image-preview":"max-image-preview:large","max-video-preview":"max-video-preview:-1"},"canonical":"https:\/\/asteralabs.org\/it\/product\/l-carnitina\/","og_locale":"it_IT","og_type":"article","og_title":"L-Carnitina - Astera Labs","og_description":"DOSAGGIO: L-carnitina 500 mg\/ml\u00a0 CONTENUTO DELLA CONFEZIONE: 1 fiala da 10 ml (500 mg\/ml) A CHE COSA \u00c8: La carnitina \u00e8 un amminoacido la cui funzione \u00e8 quella di trasportare gli acidi grassi nei mitocondri. La carnitina \u00e8 utile per potenziare e ottimizzare la combustione dei grassi, migliorare il recupero e aumentare i livelli di&hellip;","og_url":"https:\/\/asteralabs.org\/it\/product\/l-carnitina\/","og_site_name":"Astera Labs","article_modified_time":"2026-01-15T09:13:40+00:00","og_image":[{"width":2000,"height":2000,"url":"https:\/\/asteralabs.org\/wp-content\/uploads\/2022\/11\/25.png","type":"image\/png"}],"twitter_card":"summary_large_image","schema":{"@context":"https:\/\/schema.org","@graph":[{"@type":"WebPage","@id":"https:\/\/asteralabs.org\/it\/product\/l-carnitina\/","url":"https:\/\/asteralabs.org\/it\/product\/l-carnitina\/","name":"L-Carnitina - Astera Labs","isPartOf":{"@id":"https:\/\/asteralabs.org\/it\/#website"},"primaryImageOfPage":{"@id":"https:\/\/asteralabs.org\/it\/product\/l-carnitina\/#primaryimage"},"image":{"@id":"https:\/\/asteralabs.org\/it\/product\/l-carnitina\/#primaryimage"},"thumbnailUrl":"https:\/\/asteralabs.org\/wp-content\/uploads\/2022\/11\/25.png","datePublished":"2022-11-05T22:53:52+00:00","dateModified":"2026-01-15T09:13:40+00:00","breadcrumb":{"@id":"https:\/\/asteralabs.org\/it\/product\/l-carnitina\/#breadcrumb"},"inLanguage":"it-IT","potentialAction":[{"@type":"ReadAction","target":["https:\/\/asteralabs.org\/it\/product\/l-carnitina\/"]}]},{"@type":"ImageObject","inLanguage":"it-IT","@id":"https:\/\/asteralabs.org\/it\/product\/l-carnitina\/#primaryimage","url":"https:\/\/asteralabs.org\/wp-content\/uploads\/2022\/11\/25.png","contentUrl":"https:\/\/asteralabs.org\/wp-content\/uploads\/2022\/11\/25.png","width":2000,"height":2000},{"@type":"BreadcrumbList","@id":"https:\/\/asteralabs.org\/it\/product\/l-carnitina\/#breadcrumb","itemListElement":[{"@type":"ListItem","position":1,"name":"Home","item":"https:\/\/asteralabs.org\/it\/"},{"@type":"ListItem","position":2,"name":"Negozio","item":"https:\/\/asteralabs.org\/it\/negozio\/"},{"@type":"ListItem","position":3,"name":"L-Carnitina"}]},{"@type":"WebSite","@id":"https:\/\/asteralabs.org\/it\/#website","url":"https:\/\/asteralabs.org\/it\/","name":"Astera Labs","description":"Improve Your Quality Of Life","publisher":{"@id":"https:\/\/asteralabs.org\/it\/#organization"},"potentialAction":[{"@type":"SearchAction","target":{"@type":"EntryPoint","urlTemplate":"https:\/\/asteralabs.org\/it\/?s={search_term_string}"},"query-input":{"@type":"PropertyValueSpecification","valueRequired":true,"valueName":"search_term_string"}}],"inLanguage":"it-IT"},{"@type":"Organization","@id":"https:\/\/asteralabs.org\/it\/#organization","name":"Astera Labs","url":"https:\/\/asteralabs.org\/it\/","logo":{"@type":"ImageObject","inLanguage":"it-IT","@id":"https:\/\/asteralabs.org\/it\/#\/schema\/logo\/image\/","url":"https:\/\/asteralabs.org\/wp-content\/uploads\/2022\/12\/astera-2.png","contentUrl":"https:\/\/asteralabs.org\/wp-content\/uploads\/2022\/12\/astera-2.png","width":437,"height":111,"caption":"Astera Labs"},"image":{"@id":"https:\/\/asteralabs.org\/it\/#\/schema\/logo\/image\/"}}]}},"_links":{"self":[{"href":"https:\/\/asteralabs.org\/it\/wp-json\/wp\/v2\/product\/77868","targetHints":{"allow":["GET"]}}],"collection":[{"href":"https:\/\/asteralabs.org\/it\/wp-json\/wp\/v2\/product"}],"about":[{"href":"https:\/\/asteralabs.org\/it\/wp-json\/wp\/v2\/types\/product"}],"replies":[{"embeddable":true,"href":"https:\/\/asteralabs.org\/it\/wp-json\/wp\/v2\/comments?post=77868"}],"version-history":[{"count":2,"href":"https:\/\/asteralabs.org\/it\/wp-json\/wp\/v2\/product\/77868\/revisions"}],"predecessor-version":[{"id":78781,"href":"https:\/\/asteralabs.org\/it\/wp-json\/wp\/v2\/product\/77868\/revisions\/78781"}],"wp:featuredmedia":[{"embeddable":true,"href":"https:\/\/asteralabs.org\/it\/wp-json\/wp\/v2\/media\/75131"}],"wp:attachment":[{"href":"https:\/\/asteralabs.org\/it\/wp-json\/wp\/v2\/media?parent=77868"}],"wp:term":[{"taxonomy":"product_brand","embeddable":true,"href":"https:\/\/asteralabs.org\/it\/wp-json\/wp\/v2\/product_brand?post=77868"},{"taxonomy":"product_cat","embeddable":true,"href":"https:\/\/asteralabs.org\/it\/wp-json\/wp\/v2\/product_cat?post=77868"},{"taxonomy":"product_tag","embeddable":true,"href":"https:\/\/asteralabs.org\/it\/wp-json\/wp\/v2\/product_tag?post=77868"}],"curies":[{"name":"wp","href":"https:\/\/api.w.org\/{rel}","templated":true}]}}