{"id":77884,"date":"2022-11-05T22:50:27","date_gmt":"2022-11-05T22:50:27","guid":{"rendered":"https:\/\/asteralabs.org\/product\/base-di-trenbolone\/"},"modified":"2026-01-15T12:44:10","modified_gmt":"2026-01-15T12:44:10","slug":"base-di-trenbolone","status":"publish","type":"product","link":"https:\/\/asteralabs.org\/it\/product\/base-di-trenbolone\/","title":{"rendered":"Trenbolone base"},"content":{"rendered":"<p><strong>DOSAGGIO: <\/strong><br \/>\nTrenbolone base 50 mg\/ml<\/p>\n<p><strong>CONTENUTO DELLA CONFEZIONE: <\/strong><br \/>\n1 fiala da 10 ml (50 mg\/ml)<\/p>\n<p><strong>CHE COSA \u00c8: <\/strong><\/p>\n<p>Il trenbolone \u00e8 uno steroide derivato dal 19-nortestosterone ed \u00e8 uno dei pi\u00f9 potenti ed efficaci attualmente esistenti.<\/p>\n<p>Grazie alla sua elevata affinit\u00e0 con i recettori degli androgeni, \u00e8 uno steroide versatile, utile per guadagnare massa muscolare, dimagrire e aumentare la forza. \u00c8 molto utile durante i cicli di cut per mantenere la maggior massa magra possibile e al contempo perdere pi\u00f9 grasso possibile.<\/p>\n<p>I suoi effetti collaterali sono significativi e molto simili a quelli di altri steroidi dose-dipendenti. Pu\u00f2 provocare disturbi del sonno (a seconda dei dosaggi e della durata del ciclo) e sbalzi d&#8217;umore (a seconda della persona).<\/p>\n<p><strong>COME SI USA: <\/strong><br \/>\nPoich\u00e9 non contiene esteri, entra in azione quasi subito. Pu\u00f2 essere utilizzato come pre allenamento per aumentare la potenza esplosiva o durante un incontro di powerlifting. Si consiglia una dose singola di 50-75 mg prima dell\u2019allenamento.<\/p>\n<p><strong>INFORMAZIONI SUL LOTTO:<br \/>\n<\/strong>Numero di lotto: <span data-sheets-root=\"1\" data-sheets-value=\"{\" data-sheets-userformat=\"{\">TE37030<\/span><br \/>\nData di produzione: <span data-sheets-root=\"1\" data-sheets-value=\"{\" data-sheets-userformat=\"{\">10.2025.<\/span><br \/>\nData di scadenza: <span data-sheets-root=\"1\" data-sheets-value=\"{\" data-sheets-userformat=\"{\">10.2028.<\/span><\/p>\n","protected":false},"excerpt":{"rendered":"<p>DOSAGGIO: Trenbolone base 50 mg\/ml CONTENUTO DELLA CONFEZIONE: 1 fiala da 10 ml (50 mg\/ml) CHE COSA \u00c8: Il trenbolone \u00e8 uno steroide derivato dal 19-nortestosterone ed \u00e8 uno dei pi\u00f9 potenti ed efficaci attualmente esistenti. Grazie alla sua elevata affinit\u00e0 con i recettori degli androgeni, \u00e8 uno steroide versatile, utile per guadagnare massa muscolare,&hellip;<\/p>\n","protected":false},"featured_media":75123,"comment_status":"open","ping_status":"closed","template":"","meta":[],"product_cat":[159,158],"product_tag":[],"yoast_head":"<!-- This site is optimized with the Yoast SEO plugin v23.0 - https:\/\/yoast.com\/wordpress\/plugins\/seo\/ -->\n<title>Trenbolone base - Astera Labs<\/title>\n<meta name=\"robots\" content=\"index, follow, max-snippet:-1, max-image-preview:large, max-video-preview:-1\" \/>\n<link rel=\"canonical\" href=\"https:\/\/asteralabs.org\/it\/product\/base-di-trenbolone\/\" \/>\n<meta property=\"og:locale\" content=\"it_IT\" \/>\n<meta property=\"og:type\" content=\"article\" \/>\n<meta property=\"og:title\" content=\"Trenbolone base - Astera Labs\" \/>\n<meta property=\"og:description\" content=\"DOSAGGIO: Trenbolone base 50 mg\/ml CONTENUTO DELLA CONFEZIONE: 1 fiala da 10 ml (50 mg\/ml) CHE COSA \u00c8: Il trenbolone \u00e8 uno steroide derivato dal 19-nortestosterone ed \u00e8 uno dei pi\u00f9 potenti ed efficaci attualmente esistenti. Grazie alla sua elevata affinit\u00e0 con i recettori degli androgeni, \u00e8 uno steroide versatile, utile per guadagnare massa muscolare,&hellip;\" \/>\n<meta property=\"og:url\" content=\"https:\/\/asteralabs.org\/it\/product\/base-di-trenbolone\/\" \/>\n<meta property=\"og:site_name\" content=\"Astera Labs\" \/>\n<meta property=\"article:modified_time\" content=\"2026-01-15T12:44:10+00:00\" \/>\n<meta property=\"og:image\" content=\"https:\/\/asteralabs.org\/wp-content\/uploads\/2022\/11\/24.png\" \/>\n\t<meta property=\"og:image:width\" content=\"2000\" \/>\n\t<meta property=\"og:image:height\" content=\"2000\" \/>\n\t<meta property=\"og:image:type\" content=\"image\/png\" \/>\n<meta name=\"twitter:card\" content=\"summary_large_image\" \/>\n<script type=\"application\/ld+json\" class=\"yoast-schema-graph\">{\"@context\":\"https:\/\/schema.org\",\"@graph\":[{\"@type\":\"WebPage\",\"@id\":\"https:\/\/asteralabs.org\/it\/product\/base-di-trenbolone\/\",\"url\":\"https:\/\/asteralabs.org\/it\/product\/base-di-trenbolone\/\",\"name\":\"Trenbolone base - Astera Labs\",\"isPartOf\":{\"@id\":\"https:\/\/asteralabs.org\/it\/#website\"},\"primaryImageOfPage\":{\"@id\":\"https:\/\/asteralabs.org\/it\/product\/base-di-trenbolone\/#primaryimage\"},\"image\":{\"@id\":\"https:\/\/asteralabs.org\/it\/product\/base-di-trenbolone\/#primaryimage\"},\"thumbnailUrl\":\"https:\/\/asteralabs.org\/wp-content\/uploads\/2022\/11\/24.png\",\"datePublished\":\"2022-11-05T22:50:27+00:00\",\"dateModified\":\"2026-01-15T12:44:10+00:00\",\"breadcrumb\":{\"@id\":\"https:\/\/asteralabs.org\/it\/product\/base-di-trenbolone\/#breadcrumb\"},\"inLanguage\":\"it-IT\",\"potentialAction\":[{\"@type\":\"ReadAction\",\"target\":[\"https:\/\/asteralabs.org\/it\/product\/base-di-trenbolone\/\"]}]},{\"@type\":\"ImageObject\",\"inLanguage\":\"it-IT\",\"@id\":\"https:\/\/asteralabs.org\/it\/product\/base-di-trenbolone\/#primaryimage\",\"url\":\"https:\/\/asteralabs.org\/wp-content\/uploads\/2022\/11\/24.png\",\"contentUrl\":\"https:\/\/asteralabs.org\/wp-content\/uploads\/2022\/11\/24.png\",\"width\":2000,\"height\":2000},{\"@type\":\"BreadcrumbList\",\"@id\":\"https:\/\/asteralabs.org\/it\/product\/base-di-trenbolone\/#breadcrumb\",\"itemListElement\":[{\"@type\":\"ListItem\",\"position\":1,\"name\":\"Home\",\"item\":\"https:\/\/asteralabs.org\/it\/\"},{\"@type\":\"ListItem\",\"position\":2,\"name\":\"Negozio\",\"item\":\"https:\/\/asteralabs.org\/negozio\/\"},{\"@type\":\"ListItem\",\"position\":3,\"name\":\"Trenbolone base\"}]},{\"@type\":\"WebSite\",\"@id\":\"https:\/\/asteralabs.org\/it\/#website\",\"url\":\"https:\/\/asteralabs.org\/it\/\",\"name\":\"Astera Labs\",\"description\":\"Improve Your Quality Of Life\",\"publisher\":{\"@id\":\"https:\/\/asteralabs.org\/it\/#organization\"},\"potentialAction\":[{\"@type\":\"SearchAction\",\"target\":{\"@type\":\"EntryPoint\",\"urlTemplate\":\"https:\/\/asteralabs.org\/it\/?s={search_term_string}\"},\"query-input\":\"required name=search_term_string\"}],\"inLanguage\":\"it-IT\"},{\"@type\":\"Organization\",\"@id\":\"https:\/\/asteralabs.org\/it\/#organization\",\"name\":\"Astera Labs\",\"url\":\"https:\/\/asteralabs.org\/it\/\",\"logo\":{\"@type\":\"ImageObject\",\"inLanguage\":\"it-IT\",\"@id\":\"https:\/\/asteralabs.org\/it\/#\/schema\/logo\/image\/\",\"url\":\"https:\/\/asteralabs.org\/wp-content\/uploads\/2022\/12\/astera-2.png\",\"contentUrl\":\"https:\/\/asteralabs.org\/wp-content\/uploads\/2022\/12\/astera-2.png\",\"width\":437,\"height\":111,\"caption\":\"Astera Labs\"},\"image\":{\"@id\":\"https:\/\/asteralabs.org\/it\/#\/schema\/logo\/image\/\"}}]}<\/script>\n<!-- \/ Yoast SEO plugin. -->","yoast_head_json":{"title":"Trenbolone base - Astera Labs","robots":{"index":"index","follow":"follow","max-snippet":"max-snippet:-1","max-image-preview":"max-image-preview:large","max-video-preview":"max-video-preview:-1"},"canonical":"https:\/\/asteralabs.org\/it\/product\/base-di-trenbolone\/","og_locale":"it_IT","og_type":"article","og_title":"Trenbolone base - Astera Labs","og_description":"DOSAGGIO: Trenbolone base 50 mg\/ml CONTENUTO DELLA CONFEZIONE: 1 fiala da 10 ml (50 mg\/ml) CHE COSA \u00c8: Il trenbolone \u00e8 uno steroide derivato dal 19-nortestosterone ed \u00e8 uno dei pi\u00f9 potenti ed efficaci attualmente esistenti. Grazie alla sua elevata affinit\u00e0 con i recettori degli androgeni, \u00e8 uno steroide versatile, utile per guadagnare massa muscolare,&hellip;","og_url":"https:\/\/asteralabs.org\/it\/product\/base-di-trenbolone\/","og_site_name":"Astera Labs","article_modified_time":"2026-01-15T12:44:10+00:00","og_image":[{"width":2000,"height":2000,"url":"https:\/\/asteralabs.org\/wp-content\/uploads\/2022\/11\/24.png","type":"image\/png"}],"twitter_card":"summary_large_image","schema":{"@context":"https:\/\/schema.org","@graph":[{"@type":"WebPage","@id":"https:\/\/asteralabs.org\/it\/product\/base-di-trenbolone\/","url":"https:\/\/asteralabs.org\/it\/product\/base-di-trenbolone\/","name":"Trenbolone base - Astera Labs","isPartOf":{"@id":"https:\/\/asteralabs.org\/it\/#website"},"primaryImageOfPage":{"@id":"https:\/\/asteralabs.org\/it\/product\/base-di-trenbolone\/#primaryimage"},"image":{"@id":"https:\/\/asteralabs.org\/it\/product\/base-di-trenbolone\/#primaryimage"},"thumbnailUrl":"https:\/\/asteralabs.org\/wp-content\/uploads\/2022\/11\/24.png","datePublished":"2022-11-05T22:50:27+00:00","dateModified":"2026-01-15T12:44:10+00:00","breadcrumb":{"@id":"https:\/\/asteralabs.org\/it\/product\/base-di-trenbolone\/#breadcrumb"},"inLanguage":"it-IT","potentialAction":[{"@type":"ReadAction","target":["https:\/\/asteralabs.org\/it\/product\/base-di-trenbolone\/"]}]},{"@type":"ImageObject","inLanguage":"it-IT","@id":"https:\/\/asteralabs.org\/it\/product\/base-di-trenbolone\/#primaryimage","url":"https:\/\/asteralabs.org\/wp-content\/uploads\/2022\/11\/24.png","contentUrl":"https:\/\/asteralabs.org\/wp-content\/uploads\/2022\/11\/24.png","width":2000,"height":2000},{"@type":"BreadcrumbList","@id":"https:\/\/asteralabs.org\/it\/product\/base-di-trenbolone\/#breadcrumb","itemListElement":[{"@type":"ListItem","position":1,"name":"Home","item":"https:\/\/asteralabs.org\/it\/"},{"@type":"ListItem","position":2,"name":"Negozio","item":"https:\/\/asteralabs.org\/negozio\/"},{"@type":"ListItem","position":3,"name":"Trenbolone base"}]},{"@type":"WebSite","@id":"https:\/\/asteralabs.org\/it\/#website","url":"https:\/\/asteralabs.org\/it\/","name":"Astera Labs","description":"Improve Your Quality Of Life","publisher":{"@id":"https:\/\/asteralabs.org\/it\/#organization"},"potentialAction":[{"@type":"SearchAction","target":{"@type":"EntryPoint","urlTemplate":"https:\/\/asteralabs.org\/it\/?s={search_term_string}"},"query-input":"required name=search_term_string"}],"inLanguage":"it-IT"},{"@type":"Organization","@id":"https:\/\/asteralabs.org\/it\/#organization","name":"Astera Labs","url":"https:\/\/asteralabs.org\/it\/","logo":{"@type":"ImageObject","inLanguage":"it-IT","@id":"https:\/\/asteralabs.org\/it\/#\/schema\/logo\/image\/","url":"https:\/\/asteralabs.org\/wp-content\/uploads\/2022\/12\/astera-2.png","contentUrl":"https:\/\/asteralabs.org\/wp-content\/uploads\/2022\/12\/astera-2.png","width":437,"height":111,"caption":"Astera Labs"},"image":{"@id":"https:\/\/asteralabs.org\/it\/#\/schema\/logo\/image\/"}}]}},"_links":{"self":[{"href":"https:\/\/asteralabs.org\/it\/wp-json\/wp\/v2\/product\/77884"}],"collection":[{"href":"https:\/\/asteralabs.org\/it\/wp-json\/wp\/v2\/product"}],"about":[{"href":"https:\/\/asteralabs.org\/it\/wp-json\/wp\/v2\/types\/product"}],"replies":[{"embeddable":true,"href":"https:\/\/asteralabs.org\/it\/wp-json\/wp\/v2\/comments?post=77884"}],"version-history":[{"count":4,"href":"https:\/\/asteralabs.org\/it\/wp-json\/wp\/v2\/product\/77884\/revisions"}],"predecessor-version":[{"id":78779,"href":"https:\/\/asteralabs.org\/it\/wp-json\/wp\/v2\/product\/77884\/revisions\/78779"}],"wp:featuredmedia":[{"embeddable":true,"href":"https:\/\/asteralabs.org\/it\/wp-json\/wp\/v2\/media\/75123"}],"wp:attachment":[{"href":"https:\/\/asteralabs.org\/it\/wp-json\/wp\/v2\/media?parent=77884"}],"wp:term":[{"taxonomy":"product_cat","embeddable":true,"href":"https:\/\/asteralabs.org\/it\/wp-json\/wp\/v2\/product_cat?post=77884"},{"taxonomy":"product_tag","embeddable":true,"href":"https:\/\/asteralabs.org\/it\/wp-json\/wp\/v2\/product_tag?post=77884"}],"curies":[{"name":"wp","href":"https:\/\/api.w.org\/{rel}","templated":true}]}}