{"id":77889,"date":"2022-11-05T22:45:25","date_gmt":"2022-11-05T22:45:25","guid":{"rendered":"https:\/\/asteralabs.org\/product\/trenbolone-esaidrobenzilcarbonato\/"},"modified":"2026-01-15T13:00:30","modified_gmt":"2026-01-15T13:00:30","slug":"trenbolone-esaidrobenzilcarbonato","status":"publish","type":"product","link":"https:\/\/asteralabs.org\/it\/product\/trenbolone-esaidrobenzilcarbonato\/","title":{"rendered":"Trenbolone esaidrobenzilcarbonato"},"content":{"rendered":"<p><strong>DOSAGGIO: <\/strong><br \/>\nTrenbolone Esaidrobenzilcarbonato 100mg\/ml <strong>CONTENUTO DELLA CONFEZIONE: <\/strong><br \/>\n1 flacone da 10ML, 100 mg per ml <strong>CHE COSA \u00c8: <\/strong><br \/>\nIl Trenbolone \u00e8 uno steroide derivato dal 19-Nortestosterone ed \u00e8 uno degli steroidi pi\u00f9 potenti ed efficaci attualmente esistenti.<br \/>\nGrazie alla sua elevata affinit\u00e0 con i recettori degli androgeni, \u00e8 uno steroide versatile, utile per guadagnare massa muscolare, perdere grasso e aumentare la forza. \u00c8 molto utile durante un ciclo di taglio per mantenere la maggior massa magra possibile e al contempo perdere pi\u00f9 grasso possibile.<br \/>\nSebbene i suoi effetti collaterali siano esagerati e molto simili a quelli di altri steroidi e dipendenti dalla dose, bisogna considerare che provoca disturbi del sonno (a seconda della dose e del tempo di utilizzo) e cambiamenti di umore (a seconda della persona). <strong>COME SI USA: <\/strong><br \/>\nEssendo uno steroide molto versatile, dosi di 75 mg a settimana possono essere molto utili durante una fase di taglio senza causare effetti collaterali o ridurne le possibilit\u00e0. Dosi di 200-400 mg a settimana sono considerate &#8220;normali&#8221; a seconda del livello di preparazione dell&#8217;atleta. Si consiglia di iniziare con 75 mg a settimana e di aumentare gradualmente la dose fino a quando non si notano effetti collaterali e questa sar\u00e0 la dose massima. Poich\u00e9 si tratta di un estere lungo, pu\u00f2 essere iniettato EOD o due volte a settimana.<\/p>\n<p><strong>INFORMAZIONI SUL LOTTO:<br \/>\n<\/strong>Numero di lotto: <span data-sheets-root=\"1\" data-sheets-value=\"{\" data-sheets-userformat=\"{\">JF15028<\/span><br \/>\nData di produzione: <span data-sheets-root=\"1\" data-sheets-value=\"{\" data-sheets-userformat=\"{\">10.2025.<\/span><br \/>\nData di scadenza: <span data-sheets-root=\"1\" data-sheets-value=\"{\" data-sheets-userformat=\"{\">10.2028.<\/span><\/p>\n","protected":false},"excerpt":{"rendered":"<p>DOSAGGIO: Trenbolone Esaidrobenzilcarbonato 100mg\/ml CONTENUTO DELLA CONFEZIONE: 1 flacone da 10ML, 100 mg per ml CHE COSA \u00c8: Il Trenbolone \u00e8 uno steroide derivato dal 19-Nortestosterone ed \u00e8 uno degli steroidi pi\u00f9 potenti ed efficaci attualmente esistenti. Grazie alla sua elevata affinit\u00e0 con i recettori degli androgeni, \u00e8 uno steroide versatile, utile per guadagnare massa&hellip;<\/p>\n","protected":false},"featured_media":76683,"comment_status":"open","ping_status":"closed","template":"","meta":[],"product_cat":[159,158],"product_tag":[],"yoast_head":"<!-- This site is optimized with the Yoast SEO plugin v23.0 - https:\/\/yoast.com\/wordpress\/plugins\/seo\/ -->\n<title>Trenbolone esaidrobenzilcarbonato - Astera Labs<\/title>\n<meta name=\"robots\" content=\"index, follow, max-snippet:-1, max-image-preview:large, max-video-preview:-1\" \/>\n<link rel=\"canonical\" href=\"https:\/\/asteralabs.org\/it\/product\/trenbolone-esaidrobenzilcarbonato\/\" \/>\n<meta property=\"og:locale\" content=\"it_IT\" \/>\n<meta property=\"og:type\" content=\"article\" \/>\n<meta property=\"og:title\" content=\"Trenbolone esaidrobenzilcarbonato - Astera Labs\" \/>\n<meta property=\"og:description\" content=\"DOSAGGIO: Trenbolone Esaidrobenzilcarbonato 100mg\/ml CONTENUTO DELLA CONFEZIONE: 1 flacone da 10ML, 100 mg per ml CHE COSA \u00c8: Il Trenbolone \u00e8 uno steroide derivato dal 19-Nortestosterone ed \u00e8 uno degli steroidi pi\u00f9 potenti ed efficaci attualmente esistenti. Grazie alla sua elevata affinit\u00e0 con i recettori degli androgeni, \u00e8 uno steroide versatile, utile per guadagnare massa&hellip;\" \/>\n<meta property=\"og:url\" content=\"https:\/\/asteralabs.org\/it\/product\/trenbolone-esaidrobenzilcarbonato\/\" \/>\n<meta property=\"og:site_name\" content=\"Astera Labs\" \/>\n<meta property=\"article:modified_time\" content=\"2026-01-15T13:00:30+00:00\" \/>\n<meta property=\"og:image\" content=\"https:\/\/asteralabs.org\/wp-content\/uploads\/2022\/11\/TRENBOLONE-hex.png\" \/>\n\t<meta property=\"og:image:width\" content=\"2000\" \/>\n\t<meta property=\"og:image:height\" content=\"2000\" \/>\n\t<meta property=\"og:image:type\" content=\"image\/png\" \/>\n<meta name=\"twitter:card\" content=\"summary_large_image\" \/>\n<script type=\"application\/ld+json\" class=\"yoast-schema-graph\">{\"@context\":\"https:\/\/schema.org\",\"@graph\":[{\"@type\":\"WebPage\",\"@id\":\"https:\/\/asteralabs.org\/it\/product\/trenbolone-esaidrobenzilcarbonato\/\",\"url\":\"https:\/\/asteralabs.org\/it\/product\/trenbolone-esaidrobenzilcarbonato\/\",\"name\":\"Trenbolone esaidrobenzilcarbonato - Astera Labs\",\"isPartOf\":{\"@id\":\"https:\/\/asteralabs.org\/it\/#website\"},\"primaryImageOfPage\":{\"@id\":\"https:\/\/asteralabs.org\/it\/product\/trenbolone-esaidrobenzilcarbonato\/#primaryimage\"},\"image\":{\"@id\":\"https:\/\/asteralabs.org\/it\/product\/trenbolone-esaidrobenzilcarbonato\/#primaryimage\"},\"thumbnailUrl\":\"https:\/\/asteralabs.org\/wp-content\/uploads\/2022\/11\/TRENBOLONE-hex.png\",\"datePublished\":\"2022-11-05T22:45:25+00:00\",\"dateModified\":\"2026-01-15T13:00:30+00:00\",\"breadcrumb\":{\"@id\":\"https:\/\/asteralabs.org\/it\/product\/trenbolone-esaidrobenzilcarbonato\/#breadcrumb\"},\"inLanguage\":\"it-IT\",\"potentialAction\":[{\"@type\":\"ReadAction\",\"target\":[\"https:\/\/asteralabs.org\/it\/product\/trenbolone-esaidrobenzilcarbonato\/\"]}]},{\"@type\":\"ImageObject\",\"inLanguage\":\"it-IT\",\"@id\":\"https:\/\/asteralabs.org\/it\/product\/trenbolone-esaidrobenzilcarbonato\/#primaryimage\",\"url\":\"https:\/\/asteralabs.org\/wp-content\/uploads\/2022\/11\/TRENBOLONE-hex.png\",\"contentUrl\":\"https:\/\/asteralabs.org\/wp-content\/uploads\/2022\/11\/TRENBOLONE-hex.png\",\"width\":2000,\"height\":2000},{\"@type\":\"BreadcrumbList\",\"@id\":\"https:\/\/asteralabs.org\/it\/product\/trenbolone-esaidrobenzilcarbonato\/#breadcrumb\",\"itemListElement\":[{\"@type\":\"ListItem\",\"position\":1,\"name\":\"Home\",\"item\":\"https:\/\/asteralabs.org\/it\/\"},{\"@type\":\"ListItem\",\"position\":2,\"name\":\"Negozio\",\"item\":\"https:\/\/asteralabs.org\/negozio\/\"},{\"@type\":\"ListItem\",\"position\":3,\"name\":\"Trenbolone esaidrobenzilcarbonato\"}]},{\"@type\":\"WebSite\",\"@id\":\"https:\/\/asteralabs.org\/it\/#website\",\"url\":\"https:\/\/asteralabs.org\/it\/\",\"name\":\"Astera Labs\",\"description\":\"Improve Your Quality Of Life\",\"publisher\":{\"@id\":\"https:\/\/asteralabs.org\/it\/#organization\"},\"potentialAction\":[{\"@type\":\"SearchAction\",\"target\":{\"@type\":\"EntryPoint\",\"urlTemplate\":\"https:\/\/asteralabs.org\/it\/?s={search_term_string}\"},\"query-input\":\"required name=search_term_string\"}],\"inLanguage\":\"it-IT\"},{\"@type\":\"Organization\",\"@id\":\"https:\/\/asteralabs.org\/it\/#organization\",\"name\":\"Astera Labs\",\"url\":\"https:\/\/asteralabs.org\/it\/\",\"logo\":{\"@type\":\"ImageObject\",\"inLanguage\":\"it-IT\",\"@id\":\"https:\/\/asteralabs.org\/it\/#\/schema\/logo\/image\/\",\"url\":\"https:\/\/asteralabs.org\/wp-content\/uploads\/2022\/12\/astera-2.png\",\"contentUrl\":\"https:\/\/asteralabs.org\/wp-content\/uploads\/2022\/12\/astera-2.png\",\"width\":437,\"height\":111,\"caption\":\"Astera Labs\"},\"image\":{\"@id\":\"https:\/\/asteralabs.org\/it\/#\/schema\/logo\/image\/\"}}]}<\/script>\n<!-- \/ Yoast SEO plugin. -->","yoast_head_json":{"title":"Trenbolone esaidrobenzilcarbonato - Astera Labs","robots":{"index":"index","follow":"follow","max-snippet":"max-snippet:-1","max-image-preview":"max-image-preview:large","max-video-preview":"max-video-preview:-1"},"canonical":"https:\/\/asteralabs.org\/it\/product\/trenbolone-esaidrobenzilcarbonato\/","og_locale":"it_IT","og_type":"article","og_title":"Trenbolone esaidrobenzilcarbonato - Astera Labs","og_description":"DOSAGGIO: Trenbolone Esaidrobenzilcarbonato 100mg\/ml CONTENUTO DELLA CONFEZIONE: 1 flacone da 10ML, 100 mg per ml CHE COSA \u00c8: Il Trenbolone \u00e8 uno steroide derivato dal 19-Nortestosterone ed \u00e8 uno degli steroidi pi\u00f9 potenti ed efficaci attualmente esistenti. Grazie alla sua elevata affinit\u00e0 con i recettori degli androgeni, \u00e8 uno steroide versatile, utile per guadagnare massa&hellip;","og_url":"https:\/\/asteralabs.org\/it\/product\/trenbolone-esaidrobenzilcarbonato\/","og_site_name":"Astera Labs","article_modified_time":"2026-01-15T13:00:30+00:00","og_image":[{"width":2000,"height":2000,"url":"https:\/\/asteralabs.org\/wp-content\/uploads\/2022\/11\/TRENBOLONE-hex.png","type":"image\/png"}],"twitter_card":"summary_large_image","schema":{"@context":"https:\/\/schema.org","@graph":[{"@type":"WebPage","@id":"https:\/\/asteralabs.org\/it\/product\/trenbolone-esaidrobenzilcarbonato\/","url":"https:\/\/asteralabs.org\/it\/product\/trenbolone-esaidrobenzilcarbonato\/","name":"Trenbolone esaidrobenzilcarbonato - Astera Labs","isPartOf":{"@id":"https:\/\/asteralabs.org\/it\/#website"},"primaryImageOfPage":{"@id":"https:\/\/asteralabs.org\/it\/product\/trenbolone-esaidrobenzilcarbonato\/#primaryimage"},"image":{"@id":"https:\/\/asteralabs.org\/it\/product\/trenbolone-esaidrobenzilcarbonato\/#primaryimage"},"thumbnailUrl":"https:\/\/asteralabs.org\/wp-content\/uploads\/2022\/11\/TRENBOLONE-hex.png","datePublished":"2022-11-05T22:45:25+00:00","dateModified":"2026-01-15T13:00:30+00:00","breadcrumb":{"@id":"https:\/\/asteralabs.org\/it\/product\/trenbolone-esaidrobenzilcarbonato\/#breadcrumb"},"inLanguage":"it-IT","potentialAction":[{"@type":"ReadAction","target":["https:\/\/asteralabs.org\/it\/product\/trenbolone-esaidrobenzilcarbonato\/"]}]},{"@type":"ImageObject","inLanguage":"it-IT","@id":"https:\/\/asteralabs.org\/it\/product\/trenbolone-esaidrobenzilcarbonato\/#primaryimage","url":"https:\/\/asteralabs.org\/wp-content\/uploads\/2022\/11\/TRENBOLONE-hex.png","contentUrl":"https:\/\/asteralabs.org\/wp-content\/uploads\/2022\/11\/TRENBOLONE-hex.png","width":2000,"height":2000},{"@type":"BreadcrumbList","@id":"https:\/\/asteralabs.org\/it\/product\/trenbolone-esaidrobenzilcarbonato\/#breadcrumb","itemListElement":[{"@type":"ListItem","position":1,"name":"Home","item":"https:\/\/asteralabs.org\/it\/"},{"@type":"ListItem","position":2,"name":"Negozio","item":"https:\/\/asteralabs.org\/negozio\/"},{"@type":"ListItem","position":3,"name":"Trenbolone esaidrobenzilcarbonato"}]},{"@type":"WebSite","@id":"https:\/\/asteralabs.org\/it\/#website","url":"https:\/\/asteralabs.org\/it\/","name":"Astera Labs","description":"Improve Your Quality Of Life","publisher":{"@id":"https:\/\/asteralabs.org\/it\/#organization"},"potentialAction":[{"@type":"SearchAction","target":{"@type":"EntryPoint","urlTemplate":"https:\/\/asteralabs.org\/it\/?s={search_term_string}"},"query-input":"required name=search_term_string"}],"inLanguage":"it-IT"},{"@type":"Organization","@id":"https:\/\/asteralabs.org\/it\/#organization","name":"Astera Labs","url":"https:\/\/asteralabs.org\/it\/","logo":{"@type":"ImageObject","inLanguage":"it-IT","@id":"https:\/\/asteralabs.org\/it\/#\/schema\/logo\/image\/","url":"https:\/\/asteralabs.org\/wp-content\/uploads\/2022\/12\/astera-2.png","contentUrl":"https:\/\/asteralabs.org\/wp-content\/uploads\/2022\/12\/astera-2.png","width":437,"height":111,"caption":"Astera Labs"},"image":{"@id":"https:\/\/asteralabs.org\/it\/#\/schema\/logo\/image\/"}}]}},"_links":{"self":[{"href":"https:\/\/asteralabs.org\/it\/wp-json\/wp\/v2\/product\/77889"}],"collection":[{"href":"https:\/\/asteralabs.org\/it\/wp-json\/wp\/v2\/product"}],"about":[{"href":"https:\/\/asteralabs.org\/it\/wp-json\/wp\/v2\/types\/product"}],"replies":[{"embeddable":true,"href":"https:\/\/asteralabs.org\/it\/wp-json\/wp\/v2\/comments?post=77889"}],"version-history":[{"count":0,"href":"https:\/\/asteralabs.org\/it\/wp-json\/wp\/v2\/product\/77889\/revisions"}],"wp:featuredmedia":[{"embeddable":true,"href":"https:\/\/asteralabs.org\/it\/wp-json\/wp\/v2\/media\/76683"}],"wp:attachment":[{"href":"https:\/\/asteralabs.org\/it\/wp-json\/wp\/v2\/media?parent=77889"}],"wp:term":[{"taxonomy":"product_cat","embeddable":true,"href":"https:\/\/asteralabs.org\/it\/wp-json\/wp\/v2\/product_cat?post=77889"},{"taxonomy":"product_tag","embeddable":true,"href":"https:\/\/asteralabs.org\/it\/wp-json\/wp\/v2\/product_tag?post=77889"}],"curies":[{"name":"wp","href":"https:\/\/api.w.org\/{rel}","templated":true}]}}