{"id":77903,"date":"2022-11-05T22:41:51","date_gmt":"2022-11-05T22:41:51","guid":{"rendered":"https:\/\/asteralabs.org\/product\/testosterone-cipionato\/"},"modified":"2026-01-15T11:01:16","modified_gmt":"2026-01-15T11:01:16","slug":"testosterone-cipionato","status":"publish","type":"product","link":"https:\/\/asteralabs.org\/it\/product\/testosterone-cipionato\/","title":{"rendered":"Testosterone cipionato"},"content":{"rendered":"<p><strong>DOSAGGIO: <\/strong><br \/>\nTestosterone cipionato 200 mg\/ml<\/p>\n<p><strong>CONTENUTO DELLA CONFEZIONE: <\/strong><br \/>\n1 fiala da 10 ml (200 mg\/ml)<\/p>\n<p><strong>A CHE COSA \u00c8: <\/strong><br \/>\n<span style=\"font-weight: 400;\">Il testosterone \u00e8 lo steroide pi\u00f9 utilizzato e versatile sul mercato. <\/span><span style=\"font-weight: 400;\">Ogni ciclo ha <\/span><span style=\"font-weight: 400;\">bisogno di una base di <\/span><span style=\"font-weight: 400;\">testosterone combinato <\/span><span style=\"font-weight: 400;\">con altri steroidi o <\/span><span style=\"font-weight: 400;\">di<\/span><span style=\"font-weight: 400;\"> solo testosterone, ma pu\u00f2 anche essere usato in dosi minori come TRT.<\/span><\/p>\n<p><strong>COME SI USA: <\/strong><br \/>\n<span style=\"font-weight: 400;\">I dosaggi ciclici <\/span><span style=\"font-weight: 400;\">possono variare da 250 mg per i principianti a 1 <\/span><span style=\"font-weight: 400;\">g<\/span><span style=\"font-weight: 400;\"> o pi\u00f9 per i bodybuilder professionisti. Si consiglia di utilizzare la dose massima possibile (ovviamente a seconda dell<\/span><span style=\"font-weight: 400;\">\u2019<\/span><span style=\"font-weight: 400;\">obiettivo) in assenza di effetti collaterali. Per la TRT <\/span><span style=\"font-weight: 400;\">\u00e8 preferibile impiegare<\/span> <span style=\"font-weight: 400;\">un dosaggio basato <\/span><span style=\"font-weight: 400;\">sulle analisi del sangue. Essendo un estere lungo, <\/span><span style=\"font-weight: 400;\">sono da preferire le iniezioni<\/span><span style=\"font-weight: 400;\"> EOD o E3D.<\/span><\/p>\n<p><strong>INFORMAZIONI SUL LOTTO:<br \/>\n<\/strong>Numero di lotto: <span data-sheets-root=\"1\" data-sheets-value=\"{\" data-sheets-userformat=\"{\">YT69999<\/span><br \/>\nData di produzione: <span data-sheets-root=\"1\" data-sheets-value=\"{\" data-sheets-userformat=\"{\">10.2025.<\/span><br \/>\nData di scadenza: <span data-sheets-root=\"1\" data-sheets-value=\"{\" data-sheets-userformat=\"{\">10.2028.<\/span><\/p>\n","protected":false},"excerpt":{"rendered":"<p>DOSAGGIO: Testosterone cipionato 200 mg\/ml CONTENUTO DELLA CONFEZIONE: 1 fiala da 10 ml (200 mg\/ml) A CHE COSA \u00c8: Il testosterone \u00e8 lo steroide pi\u00f9 utilizzato e versatile sul mercato. Ogni ciclo ha bisogno di una base di testosterone combinato con altri steroidi o di solo testosterone, ma pu\u00f2 anche essere usato in dosi minori&hellip;<\/p>\n","protected":false},"featured_media":75099,"comment_status":"open","ping_status":"closed","template":"","meta":{"_acf_changed":false},"product_brand":[],"product_cat":[159,158],"product_tag":[],"class_list":{"0":"post-77903","1":"product","2":"type-product","3":"status-publish","4":"has-post-thumbnail","6":"product_cat-all-it","7":"product_cat-injectables-it","8":"description-off","10":"first","11":"instock","12":"shipping-taxable","13":"product-type-simple"},"acf":[],"yoast_head":"<!-- This site is optimized with the Yoast SEO plugin v27.4 - https:\/\/yoast.com\/product\/yoast-seo-wordpress\/ -->\n<title>Testosterone cipionato - Astera Labs<\/title>\n<meta name=\"robots\" content=\"index, follow, max-snippet:-1, max-image-preview:large, max-video-preview:-1\" \/>\n<link rel=\"canonical\" href=\"https:\/\/asteralabs.org\/it\/product\/testosterone-cipionato\/\" \/>\n<meta property=\"og:locale\" content=\"it_IT\" \/>\n<meta property=\"og:type\" content=\"article\" \/>\n<meta property=\"og:title\" content=\"Testosterone cipionato - Astera Labs\" \/>\n<meta property=\"og:description\" content=\"DOSAGGIO: Testosterone cipionato 200 mg\/ml CONTENUTO DELLA CONFEZIONE: 1 fiala da 10 ml (200 mg\/ml) A CHE COSA \u00c8: Il testosterone \u00e8 lo steroide pi\u00f9 utilizzato e versatile sul mercato. Ogni ciclo ha bisogno di una base di testosterone combinato con altri steroidi o di solo testosterone, ma pu\u00f2 anche essere usato in dosi minori&hellip;\" \/>\n<meta property=\"og:url\" content=\"https:\/\/asteralabs.org\/it\/product\/testosterone-cipionato\/\" \/>\n<meta property=\"og:site_name\" content=\"Astera Labs\" \/>\n<meta property=\"article:modified_time\" content=\"2026-01-15T11:01:16+00:00\" \/>\n<meta property=\"og:image\" content=\"https:\/\/asteralabs.org\/wp-content\/uploads\/2022\/11\/14.png\" \/>\n\t<meta property=\"og:image:width\" content=\"2000\" \/>\n\t<meta property=\"og:image:height\" content=\"2000\" \/>\n\t<meta property=\"og:image:type\" content=\"image\/png\" \/>\n<meta name=\"twitter:card\" content=\"summary_large_image\" \/>\n<script type=\"application\/ld+json\" class=\"yoast-schema-graph\">{\"@context\":\"https:\\\/\\\/schema.org\",\"@graph\":[{\"@type\":\"WebPage\",\"@id\":\"https:\\\/\\\/asteralabs.org\\\/it\\\/product\\\/testosterone-cipionato\\\/\",\"url\":\"https:\\\/\\\/asteralabs.org\\\/it\\\/product\\\/testosterone-cipionato\\\/\",\"name\":\"Testosterone cipionato - Astera Labs\",\"isPartOf\":{\"@id\":\"https:\\\/\\\/asteralabs.org\\\/it\\\/#website\"},\"primaryImageOfPage\":{\"@id\":\"https:\\\/\\\/asteralabs.org\\\/it\\\/product\\\/testosterone-cipionato\\\/#primaryimage\"},\"image\":{\"@id\":\"https:\\\/\\\/asteralabs.org\\\/it\\\/product\\\/testosterone-cipionato\\\/#primaryimage\"},\"thumbnailUrl\":\"https:\\\/\\\/asteralabs.org\\\/wp-content\\\/uploads\\\/2022\\\/11\\\/14.png\",\"datePublished\":\"2022-11-05T22:41:51+00:00\",\"dateModified\":\"2026-01-15T11:01:16+00:00\",\"breadcrumb\":{\"@id\":\"https:\\\/\\\/asteralabs.org\\\/it\\\/product\\\/testosterone-cipionato\\\/#breadcrumb\"},\"inLanguage\":\"it-IT\",\"potentialAction\":[{\"@type\":\"ReadAction\",\"target\":[\"https:\\\/\\\/asteralabs.org\\\/it\\\/product\\\/testosterone-cipionato\\\/\"]}]},{\"@type\":\"ImageObject\",\"inLanguage\":\"it-IT\",\"@id\":\"https:\\\/\\\/asteralabs.org\\\/it\\\/product\\\/testosterone-cipionato\\\/#primaryimage\",\"url\":\"https:\\\/\\\/asteralabs.org\\\/wp-content\\\/uploads\\\/2022\\\/11\\\/14.png\",\"contentUrl\":\"https:\\\/\\\/asteralabs.org\\\/wp-content\\\/uploads\\\/2022\\\/11\\\/14.png\",\"width\":2000,\"height\":2000},{\"@type\":\"BreadcrumbList\",\"@id\":\"https:\\\/\\\/asteralabs.org\\\/it\\\/product\\\/testosterone-cipionato\\\/#breadcrumb\",\"itemListElement\":[{\"@type\":\"ListItem\",\"position\":1,\"name\":\"Home\",\"item\":\"https:\\\/\\\/asteralabs.org\\\/it\\\/\"},{\"@type\":\"ListItem\",\"position\":2,\"name\":\"Shop\",\"item\":\"https:\\\/\\\/asteralabs.org\\\/shop\\\/\"},{\"@type\":\"ListItem\",\"position\":3,\"name\":\"Testosterone cipionato\"}]},{\"@type\":\"WebSite\",\"@id\":\"https:\\\/\\\/asteralabs.org\\\/it\\\/#website\",\"url\":\"https:\\\/\\\/asteralabs.org\\\/it\\\/\",\"name\":\"Astera Labs\",\"description\":\"Improve Your Quality Of Life\",\"publisher\":{\"@id\":\"https:\\\/\\\/asteralabs.org\\\/it\\\/#organization\"},\"potentialAction\":[{\"@type\":\"SearchAction\",\"target\":{\"@type\":\"EntryPoint\",\"urlTemplate\":\"https:\\\/\\\/asteralabs.org\\\/it\\\/?s={search_term_string}\"},\"query-input\":{\"@type\":\"PropertyValueSpecification\",\"valueRequired\":true,\"valueName\":\"search_term_string\"}}],\"inLanguage\":\"it-IT\"},{\"@type\":\"Organization\",\"@id\":\"https:\\\/\\\/asteralabs.org\\\/it\\\/#organization\",\"name\":\"Astera Labs\",\"url\":\"https:\\\/\\\/asteralabs.org\\\/it\\\/\",\"logo\":{\"@type\":\"ImageObject\",\"inLanguage\":\"it-IT\",\"@id\":\"https:\\\/\\\/asteralabs.org\\\/it\\\/#\\\/schema\\\/logo\\\/image\\\/\",\"url\":\"https:\\\/\\\/asteralabs.org\\\/wp-content\\\/uploads\\\/2022\\\/12\\\/astera-2.png\",\"contentUrl\":\"https:\\\/\\\/asteralabs.org\\\/wp-content\\\/uploads\\\/2022\\\/12\\\/astera-2.png\",\"width\":437,\"height\":111,\"caption\":\"Astera Labs\"},\"image\":{\"@id\":\"https:\\\/\\\/asteralabs.org\\\/it\\\/#\\\/schema\\\/logo\\\/image\\\/\"}}]}<\/script>\n<!-- \/ Yoast SEO plugin. -->","yoast_head_json":{"title":"Testosterone cipionato - Astera Labs","robots":{"index":"index","follow":"follow","max-snippet":"max-snippet:-1","max-image-preview":"max-image-preview:large","max-video-preview":"max-video-preview:-1"},"canonical":"https:\/\/asteralabs.org\/it\/product\/testosterone-cipionato\/","og_locale":"it_IT","og_type":"article","og_title":"Testosterone cipionato - Astera Labs","og_description":"DOSAGGIO: Testosterone cipionato 200 mg\/ml CONTENUTO DELLA CONFEZIONE: 1 fiala da 10 ml (200 mg\/ml) A CHE COSA \u00c8: Il testosterone \u00e8 lo steroide pi\u00f9 utilizzato e versatile sul mercato. Ogni ciclo ha bisogno di una base di testosterone combinato con altri steroidi o di solo testosterone, ma pu\u00f2 anche essere usato in dosi minori&hellip;","og_url":"https:\/\/asteralabs.org\/it\/product\/testosterone-cipionato\/","og_site_name":"Astera Labs","article_modified_time":"2026-01-15T11:01:16+00:00","og_image":[{"width":2000,"height":2000,"url":"https:\/\/asteralabs.org\/wp-content\/uploads\/2022\/11\/14.png","type":"image\/png"}],"twitter_card":"summary_large_image","schema":{"@context":"https:\/\/schema.org","@graph":[{"@type":"WebPage","@id":"https:\/\/asteralabs.org\/it\/product\/testosterone-cipionato\/","url":"https:\/\/asteralabs.org\/it\/product\/testosterone-cipionato\/","name":"Testosterone cipionato - Astera Labs","isPartOf":{"@id":"https:\/\/asteralabs.org\/it\/#website"},"primaryImageOfPage":{"@id":"https:\/\/asteralabs.org\/it\/product\/testosterone-cipionato\/#primaryimage"},"image":{"@id":"https:\/\/asteralabs.org\/it\/product\/testosterone-cipionato\/#primaryimage"},"thumbnailUrl":"https:\/\/asteralabs.org\/wp-content\/uploads\/2022\/11\/14.png","datePublished":"2022-11-05T22:41:51+00:00","dateModified":"2026-01-15T11:01:16+00:00","breadcrumb":{"@id":"https:\/\/asteralabs.org\/it\/product\/testosterone-cipionato\/#breadcrumb"},"inLanguage":"it-IT","potentialAction":[{"@type":"ReadAction","target":["https:\/\/asteralabs.org\/it\/product\/testosterone-cipionato\/"]}]},{"@type":"ImageObject","inLanguage":"it-IT","@id":"https:\/\/asteralabs.org\/it\/product\/testosterone-cipionato\/#primaryimage","url":"https:\/\/asteralabs.org\/wp-content\/uploads\/2022\/11\/14.png","contentUrl":"https:\/\/asteralabs.org\/wp-content\/uploads\/2022\/11\/14.png","width":2000,"height":2000},{"@type":"BreadcrumbList","@id":"https:\/\/asteralabs.org\/it\/product\/testosterone-cipionato\/#breadcrumb","itemListElement":[{"@type":"ListItem","position":1,"name":"Home","item":"https:\/\/asteralabs.org\/it\/"},{"@type":"ListItem","position":2,"name":"Shop","item":"https:\/\/asteralabs.org\/shop\/"},{"@type":"ListItem","position":3,"name":"Testosterone cipionato"}]},{"@type":"WebSite","@id":"https:\/\/asteralabs.org\/it\/#website","url":"https:\/\/asteralabs.org\/it\/","name":"Astera Labs","description":"Improve Your Quality Of Life","publisher":{"@id":"https:\/\/asteralabs.org\/it\/#organization"},"potentialAction":[{"@type":"SearchAction","target":{"@type":"EntryPoint","urlTemplate":"https:\/\/asteralabs.org\/it\/?s={search_term_string}"},"query-input":{"@type":"PropertyValueSpecification","valueRequired":true,"valueName":"search_term_string"}}],"inLanguage":"it-IT"},{"@type":"Organization","@id":"https:\/\/asteralabs.org\/it\/#organization","name":"Astera Labs","url":"https:\/\/asteralabs.org\/it\/","logo":{"@type":"ImageObject","inLanguage":"it-IT","@id":"https:\/\/asteralabs.org\/it\/#\/schema\/logo\/image\/","url":"https:\/\/asteralabs.org\/wp-content\/uploads\/2022\/12\/astera-2.png","contentUrl":"https:\/\/asteralabs.org\/wp-content\/uploads\/2022\/12\/astera-2.png","width":437,"height":111,"caption":"Astera Labs"},"image":{"@id":"https:\/\/asteralabs.org\/it\/#\/schema\/logo\/image\/"}}]}},"_links":{"self":[{"href":"https:\/\/asteralabs.org\/it\/wp-json\/wp\/v2\/product\/77903","targetHints":{"allow":["GET"]}}],"collection":[{"href":"https:\/\/asteralabs.org\/it\/wp-json\/wp\/v2\/product"}],"about":[{"href":"https:\/\/asteralabs.org\/it\/wp-json\/wp\/v2\/types\/product"}],"replies":[{"embeddable":true,"href":"https:\/\/asteralabs.org\/it\/wp-json\/wp\/v2\/comments?post=77903"}],"version-history":[{"count":2,"href":"https:\/\/asteralabs.org\/it\/wp-json\/wp\/v2\/product\/77903\/revisions"}],"predecessor-version":[{"id":78783,"href":"https:\/\/asteralabs.org\/it\/wp-json\/wp\/v2\/product\/77903\/revisions\/78783"}],"wp:featuredmedia":[{"embeddable":true,"href":"https:\/\/asteralabs.org\/it\/wp-json\/wp\/v2\/media\/75099"}],"wp:attachment":[{"href":"https:\/\/asteralabs.org\/it\/wp-json\/wp\/v2\/media?parent=77903"}],"wp:term":[{"taxonomy":"product_brand","embeddable":true,"href":"https:\/\/asteralabs.org\/it\/wp-json\/wp\/v2\/product_brand?post=77903"},{"taxonomy":"product_cat","embeddable":true,"href":"https:\/\/asteralabs.org\/it\/wp-json\/wp\/v2\/product_cat?post=77903"},{"taxonomy":"product_tag","embeddable":true,"href":"https:\/\/asteralabs.org\/it\/wp-json\/wp\/v2\/product_tag?post=77903"}],"curies":[{"name":"wp","href":"https:\/\/api.w.org\/{rel}","templated":true}]}}