{"id":77936,"date":"2022-11-05T22:32:03","date_gmt":"2022-11-05T22:32:03","guid":{"rendered":"https:\/\/asteralabs.org\/product\/trestolone-acetato-ment\/"},"modified":"2026-01-16T07:42:53","modified_gmt":"2026-01-16T07:42:53","slug":"trestolone-acetato-ment","status":"publish","type":"product","link":"https:\/\/asteralabs.org\/it\/product\/trestolone-acetato-ment\/","title":{"rendered":"Trestolone Acetato (MENT)"},"content":{"rendered":"<p><strong>DOSAGGIO: <\/strong><br \/>\nTrestolone Acetato 50mg\/ml <strong>CONTENUTO DELLA CONFEZIONE: <\/strong><br \/>\n1 fiala da 10ML, 50 mg per ml <strong>CHE COSA \u00c8: <\/strong><br \/>\nIl pi\u00f9 potente steroide noto come Trestolone Acetato, che \u00e8 la versione metilata del Nandrolone e ha una potenza di gran lunga superiore al Trenbolone, \u00e8 ampiamente considerato come una combinazione dei due. Si tratta di una sostanza altamente aromatizzabile, per cui se viene utilizzata bisogna fare attenzione a gestire l&#8217;estradiolo con metodi alternativi o con dosaggi inferiori a quelli tipici delle sostanze normali. Non viene trasformato in DHT. \u00c8 la sostanza chimica che ha la pi\u00f9 alta costante di inibizione da milligrammo a milligrammo e uno dei suoi usi \u00e8 come contraccettivo maschile. <strong>COME SI USA: <\/strong><br \/>\nIl dosaggio dipende dall&#8217;utilizzatore. A titolo di contatto, sono molto comuni dosi di 5-10 mg al giorno (35-70 mg a settimana). Gli utilizzatori pi\u00f9 esperti usano in genere 10-25 mg al giorno (70-175 mg a settimana) o addirittura 25-50 mg al giorno (150-350 mg a settimana). Consigliamo di aumentare la dose settimanalmente fino a trovare quella che meglio soddisfa le tue esigenze. In genere, i cicli durano dalle 8 alle 12 settimane. <strong>INFORMAZIONI SUL LOTTO:<br \/>\n<\/strong>Numero di lotto: <span data-sheets-root=\"1\" data-sheets-value=\"{\" data-sheets-userformat=\"{\">SY44821<\/span><br \/>\nData di produzione: <span data-sheets-root=\"1\" data-sheets-value=\"{\" data-sheets-userformat=\"{\">10.2025.<\/span><br \/>\nData di scadenza: <span data-sheets-root=\"1\" data-sheets-value=\"{\" data-sheets-userformat=\"{\">10.2028.<\/span><\/p>\n","protected":false},"excerpt":{"rendered":"<p>DOSAGGIO: Trestolone Acetato 50mg\/ml CONTENUTO DELLA CONFEZIONE: 1 fiala da 10ML, 50 mg per ml CHE COSA \u00c8: Il pi\u00f9 potente steroide noto come Trestolone Acetato, che \u00e8 la versione metilata del Nandrolone e ha una potenza di gran lunga superiore al Trenbolone, \u00e8 ampiamente considerato come una combinazione dei due. Si tratta di una&hellip;<\/p>\n","protected":false},"featured_media":75067,"comment_status":"open","ping_status":"closed","template":"","meta":[],"product_cat":[159,158],"product_tag":[],"yoast_head":"<!-- This site is optimized with the Yoast SEO plugin v23.0 - https:\/\/yoast.com\/wordpress\/plugins\/seo\/ -->\n<title>Trestolone Acetato (MENT) - Astera Labs<\/title>\n<meta name=\"robots\" content=\"index, follow, max-snippet:-1, max-image-preview:large, max-video-preview:-1\" \/>\n<link rel=\"canonical\" href=\"https:\/\/asteralabs.org\/it\/product\/trestolone-acetato-ment\/\" \/>\n<meta property=\"og:locale\" content=\"it_IT\" \/>\n<meta property=\"og:type\" content=\"article\" \/>\n<meta property=\"og:title\" content=\"Trestolone Acetato (MENT) - Astera Labs\" \/>\n<meta property=\"og:description\" content=\"DOSAGGIO: Trestolone Acetato 50mg\/ml CONTENUTO DELLA CONFEZIONE: 1 fiala da 10ML, 50 mg per ml CHE COSA \u00c8: Il pi\u00f9 potente steroide noto come Trestolone Acetato, che \u00e8 la versione metilata del Nandrolone e ha una potenza di gran lunga superiore al Trenbolone, \u00e8 ampiamente considerato come una combinazione dei due. Si tratta di una&hellip;\" \/>\n<meta property=\"og:url\" content=\"https:\/\/asteralabs.org\/it\/product\/trestolone-acetato-ment\/\" \/>\n<meta property=\"og:site_name\" content=\"Astera Labs\" \/>\n<meta property=\"article:modified_time\" content=\"2026-01-16T07:42:53+00:00\" \/>\n<meta property=\"og:image\" content=\"https:\/\/asteralabs.org\/wp-content\/uploads\/2022\/11\/28.png\" \/>\n\t<meta property=\"og:image:width\" content=\"2000\" \/>\n\t<meta property=\"og:image:height\" content=\"2000\" \/>\n\t<meta property=\"og:image:type\" content=\"image\/png\" \/>\n<meta name=\"twitter:card\" content=\"summary_large_image\" \/>\n<script type=\"application\/ld+json\" class=\"yoast-schema-graph\">{\"@context\":\"https:\/\/schema.org\",\"@graph\":[{\"@type\":\"WebPage\",\"@id\":\"https:\/\/asteralabs.org\/it\/product\/trestolone-acetato-ment\/\",\"url\":\"https:\/\/asteralabs.org\/it\/product\/trestolone-acetato-ment\/\",\"name\":\"Trestolone Acetato (MENT) - Astera Labs\",\"isPartOf\":{\"@id\":\"https:\/\/asteralabs.org\/it\/#website\"},\"primaryImageOfPage\":{\"@id\":\"https:\/\/asteralabs.org\/it\/product\/trestolone-acetato-ment\/#primaryimage\"},\"image\":{\"@id\":\"https:\/\/asteralabs.org\/it\/product\/trestolone-acetato-ment\/#primaryimage\"},\"thumbnailUrl\":\"https:\/\/asteralabs.org\/wp-content\/uploads\/2022\/11\/28.png\",\"datePublished\":\"2022-11-05T22:32:03+00:00\",\"dateModified\":\"2026-01-16T07:42:53+00:00\",\"breadcrumb\":{\"@id\":\"https:\/\/asteralabs.org\/it\/product\/trestolone-acetato-ment\/#breadcrumb\"},\"inLanguage\":\"it-IT\",\"potentialAction\":[{\"@type\":\"ReadAction\",\"target\":[\"https:\/\/asteralabs.org\/it\/product\/trestolone-acetato-ment\/\"]}]},{\"@type\":\"ImageObject\",\"inLanguage\":\"it-IT\",\"@id\":\"https:\/\/asteralabs.org\/it\/product\/trestolone-acetato-ment\/#primaryimage\",\"url\":\"https:\/\/asteralabs.org\/wp-content\/uploads\/2022\/11\/28.png\",\"contentUrl\":\"https:\/\/asteralabs.org\/wp-content\/uploads\/2022\/11\/28.png\",\"width\":2000,\"height\":2000},{\"@type\":\"BreadcrumbList\",\"@id\":\"https:\/\/asteralabs.org\/it\/product\/trestolone-acetato-ment\/#breadcrumb\",\"itemListElement\":[{\"@type\":\"ListItem\",\"position\":1,\"name\":\"Home\",\"item\":\"https:\/\/asteralabs.org\/it\/\"},{\"@type\":\"ListItem\",\"position\":2,\"name\":\"Negozio\",\"item\":\"https:\/\/asteralabs.org\/negozio\/\"},{\"@type\":\"ListItem\",\"position\":3,\"name\":\"Trestolone Acetato (MENT)\"}]},{\"@type\":\"WebSite\",\"@id\":\"https:\/\/asteralabs.org\/it\/#website\",\"url\":\"https:\/\/asteralabs.org\/it\/\",\"name\":\"Astera Labs\",\"description\":\"Improve Your Quality Of Life\",\"publisher\":{\"@id\":\"https:\/\/asteralabs.org\/it\/#organization\"},\"potentialAction\":[{\"@type\":\"SearchAction\",\"target\":{\"@type\":\"EntryPoint\",\"urlTemplate\":\"https:\/\/asteralabs.org\/it\/?s={search_term_string}\"},\"query-input\":\"required name=search_term_string\"}],\"inLanguage\":\"it-IT\"},{\"@type\":\"Organization\",\"@id\":\"https:\/\/asteralabs.org\/it\/#organization\",\"name\":\"Astera Labs\",\"url\":\"https:\/\/asteralabs.org\/it\/\",\"logo\":{\"@type\":\"ImageObject\",\"inLanguage\":\"it-IT\",\"@id\":\"https:\/\/asteralabs.org\/it\/#\/schema\/logo\/image\/\",\"url\":\"https:\/\/asteralabs.org\/wp-content\/uploads\/2022\/12\/astera-2.png\",\"contentUrl\":\"https:\/\/asteralabs.org\/wp-content\/uploads\/2022\/12\/astera-2.png\",\"width\":437,\"height\":111,\"caption\":\"Astera Labs\"},\"image\":{\"@id\":\"https:\/\/asteralabs.org\/it\/#\/schema\/logo\/image\/\"}}]}<\/script>\n<!-- \/ Yoast SEO plugin. -->","yoast_head_json":{"title":"Trestolone Acetato (MENT) - Astera Labs","robots":{"index":"index","follow":"follow","max-snippet":"max-snippet:-1","max-image-preview":"max-image-preview:large","max-video-preview":"max-video-preview:-1"},"canonical":"https:\/\/asteralabs.org\/it\/product\/trestolone-acetato-ment\/","og_locale":"it_IT","og_type":"article","og_title":"Trestolone Acetato (MENT) - Astera Labs","og_description":"DOSAGGIO: Trestolone Acetato 50mg\/ml CONTENUTO DELLA CONFEZIONE: 1 fiala da 10ML, 50 mg per ml CHE COSA \u00c8: Il pi\u00f9 potente steroide noto come Trestolone Acetato, che \u00e8 la versione metilata del Nandrolone e ha una potenza di gran lunga superiore al Trenbolone, \u00e8 ampiamente considerato come una combinazione dei due. Si tratta di una&hellip;","og_url":"https:\/\/asteralabs.org\/it\/product\/trestolone-acetato-ment\/","og_site_name":"Astera Labs","article_modified_time":"2026-01-16T07:42:53+00:00","og_image":[{"width":2000,"height":2000,"url":"https:\/\/asteralabs.org\/wp-content\/uploads\/2022\/11\/28.png","type":"image\/png"}],"twitter_card":"summary_large_image","schema":{"@context":"https:\/\/schema.org","@graph":[{"@type":"WebPage","@id":"https:\/\/asteralabs.org\/it\/product\/trestolone-acetato-ment\/","url":"https:\/\/asteralabs.org\/it\/product\/trestolone-acetato-ment\/","name":"Trestolone Acetato (MENT) - Astera Labs","isPartOf":{"@id":"https:\/\/asteralabs.org\/it\/#website"},"primaryImageOfPage":{"@id":"https:\/\/asteralabs.org\/it\/product\/trestolone-acetato-ment\/#primaryimage"},"image":{"@id":"https:\/\/asteralabs.org\/it\/product\/trestolone-acetato-ment\/#primaryimage"},"thumbnailUrl":"https:\/\/asteralabs.org\/wp-content\/uploads\/2022\/11\/28.png","datePublished":"2022-11-05T22:32:03+00:00","dateModified":"2026-01-16T07:42:53+00:00","breadcrumb":{"@id":"https:\/\/asteralabs.org\/it\/product\/trestolone-acetato-ment\/#breadcrumb"},"inLanguage":"it-IT","potentialAction":[{"@type":"ReadAction","target":["https:\/\/asteralabs.org\/it\/product\/trestolone-acetato-ment\/"]}]},{"@type":"ImageObject","inLanguage":"it-IT","@id":"https:\/\/asteralabs.org\/it\/product\/trestolone-acetato-ment\/#primaryimage","url":"https:\/\/asteralabs.org\/wp-content\/uploads\/2022\/11\/28.png","contentUrl":"https:\/\/asteralabs.org\/wp-content\/uploads\/2022\/11\/28.png","width":2000,"height":2000},{"@type":"BreadcrumbList","@id":"https:\/\/asteralabs.org\/it\/product\/trestolone-acetato-ment\/#breadcrumb","itemListElement":[{"@type":"ListItem","position":1,"name":"Home","item":"https:\/\/asteralabs.org\/it\/"},{"@type":"ListItem","position":2,"name":"Negozio","item":"https:\/\/asteralabs.org\/negozio\/"},{"@type":"ListItem","position":3,"name":"Trestolone Acetato (MENT)"}]},{"@type":"WebSite","@id":"https:\/\/asteralabs.org\/it\/#website","url":"https:\/\/asteralabs.org\/it\/","name":"Astera Labs","description":"Improve Your Quality Of Life","publisher":{"@id":"https:\/\/asteralabs.org\/it\/#organization"},"potentialAction":[{"@type":"SearchAction","target":{"@type":"EntryPoint","urlTemplate":"https:\/\/asteralabs.org\/it\/?s={search_term_string}"},"query-input":"required name=search_term_string"}],"inLanguage":"it-IT"},{"@type":"Organization","@id":"https:\/\/asteralabs.org\/it\/#organization","name":"Astera Labs","url":"https:\/\/asteralabs.org\/it\/","logo":{"@type":"ImageObject","inLanguage":"it-IT","@id":"https:\/\/asteralabs.org\/it\/#\/schema\/logo\/image\/","url":"https:\/\/asteralabs.org\/wp-content\/uploads\/2022\/12\/astera-2.png","contentUrl":"https:\/\/asteralabs.org\/wp-content\/uploads\/2022\/12\/astera-2.png","width":437,"height":111,"caption":"Astera Labs"},"image":{"@id":"https:\/\/asteralabs.org\/it\/#\/schema\/logo\/image\/"}}]}},"_links":{"self":[{"href":"https:\/\/asteralabs.org\/it\/wp-json\/wp\/v2\/product\/77936"}],"collection":[{"href":"https:\/\/asteralabs.org\/it\/wp-json\/wp\/v2\/product"}],"about":[{"href":"https:\/\/asteralabs.org\/it\/wp-json\/wp\/v2\/types\/product"}],"replies":[{"embeddable":true,"href":"https:\/\/asteralabs.org\/it\/wp-json\/wp\/v2\/comments?post=77936"}],"version-history":[{"count":0,"href":"https:\/\/asteralabs.org\/it\/wp-json\/wp\/v2\/product\/77936\/revisions"}],"wp:featuredmedia":[{"embeddable":true,"href":"https:\/\/asteralabs.org\/it\/wp-json\/wp\/v2\/media\/75067"}],"wp:attachment":[{"href":"https:\/\/asteralabs.org\/it\/wp-json\/wp\/v2\/media?parent=77936"}],"wp:term":[{"taxonomy":"product_cat","embeddable":true,"href":"https:\/\/asteralabs.org\/it\/wp-json\/wp\/v2\/product_cat?post=77936"},{"taxonomy":"product_tag","embeddable":true,"href":"https:\/\/asteralabs.org\/it\/wp-json\/wp\/v2\/product_tag?post=77936"}],"curies":[{"name":"wp","href":"https:\/\/api.w.org\/{rel}","templated":true}]}}