{"id":77947,"date":"2022-11-05T22:24:04","date_gmt":"2022-11-05T22:24:04","guid":{"rendered":"https:\/\/asteralabs.org\/product\/diidroboldenone-dhb\/"},"modified":"2026-01-15T08:34:30","modified_gmt":"2026-01-15T08:34:30","slug":"diidroboldenone-dhb","status":"publish","type":"product","link":"https:\/\/asteralabs.org\/it\/product\/diidroboldenone-dhb\/","title":{"rendered":"Diidroboldenone (DHB)"},"content":{"rendered":"<p><strong>DOSAGGIO<\/strong>:<br \/>\nDihydroboldenone (DHB) 100mg\/ml <strong>CONTENUTO DELLA CONFEZIONE: <\/strong><br \/>\n1 fiala da 10ML, 100 mg per ml <strong>CHE COSA \u00c8: <\/strong><br \/>\nLa forma ridotta del boldenone si chiama DHB-MED 100 (Dihydroboldenone Cypionate) e recentemente ha guadagnato molta attenzione. Si ritiene che abbia una potenza del tutto simile a quella del testosterone in base a ricerche sugli animali, ma richiede dosaggi elevati per saturare completamente le UDP-Glucuronosiltransferasi, il che \u00e8 molto affascinante. \u00c8 uno steroide molto affascinante durante la fase di taglio grazie alla sua forte affinit\u00e0 per il recettore degli androgeni, che pu\u00f2 aiutare a stimolare le lipasi nel tessuto adiposo e a promuovere la perdita di grasso. A causa della sua elevata affinit\u00e0 con i recettori degli androgeni e della sua attivit\u00e0 androgena, la dose raccomandata per i maschi va da 200 a 400 mg a settimana. A causa del fatto che questo prodotto contiene <strong>COME SI USA: <\/strong><br \/>\nA causa della sua forte affinit\u00e0 con i recettori degli androgeni e della sua potenza androgena, non consigliamo questo prodotto alle donne a causa del pericolo di virilizzazione. La dose consigliata per gli uomini \u00e8 compresa tra 200 e 400 mg a settimana.<br \/>\nPu\u00f2 essere somministrato in cicli di 8-12 settimane, tenendo sempre in considerazione i risultati delle analisi del sangue e prestando molta attenzione ai parametri renali.<\/p>\n<p><strong>INFORMAZIONI SUL LOTTO:<br \/>\n<\/strong>Numero di lotto: <span data-sheets-root=\"1\" data-sheets-value=\"{\" data-sheets-userformat=\"{\">YQ15731<\/span><br \/>\nData di produzione: <span data-sheets-root=\"1\" data-sheets-value=\"{\" data-sheets-userformat=\"{\">10.2025.<\/span><br \/>\nData di scadenza: <span data-sheets-root=\"1\" data-sheets-value=\"{\" data-sheets-userformat=\"{\">10.2028.<\/span><\/p>\n","protected":false},"excerpt":{"rendered":"<p>DOSAGGIO: Dihydroboldenone (DHB) 100mg\/ml CONTENUTO DELLA CONFEZIONE: 1 fiala da 10ML, 100 mg per ml CHE COSA \u00c8: La forma ridotta del boldenone si chiama DHB-MED 100 (Dihydroboldenone Cypionate) e recentemente ha guadagnato molta attenzione. Si ritiene che abbia una potenza del tutto simile a quella del testosterone in base a ricerche sugli animali, ma&hellip;<\/p>\n","protected":false},"featured_media":75051,"comment_status":"open","ping_status":"closed","template":"","meta":[],"product_cat":[159,158],"product_tag":[],"yoast_head":"<!-- This site is optimized with the Yoast SEO plugin v23.0 - https:\/\/yoast.com\/wordpress\/plugins\/seo\/ -->\n<title>Diidroboldenone (DHB) - Astera Labs<\/title>\n<meta name=\"robots\" content=\"index, follow, max-snippet:-1, max-image-preview:large, max-video-preview:-1\" \/>\n<link rel=\"canonical\" href=\"https:\/\/asteralabs.org\/it\/product\/diidroboldenone-dhb\/\" \/>\n<meta property=\"og:locale\" content=\"it_IT\" \/>\n<meta property=\"og:type\" content=\"article\" \/>\n<meta property=\"og:title\" content=\"Diidroboldenone (DHB) - Astera Labs\" \/>\n<meta property=\"og:description\" content=\"DOSAGGIO: Dihydroboldenone (DHB) 100mg\/ml CONTENUTO DELLA CONFEZIONE: 1 fiala da 10ML, 100 mg per ml CHE COSA \u00c8: La forma ridotta del boldenone si chiama DHB-MED 100 (Dihydroboldenone Cypionate) e recentemente ha guadagnato molta attenzione. Si ritiene che abbia una potenza del tutto simile a quella del testosterone in base a ricerche sugli animali, ma&hellip;\" \/>\n<meta property=\"og:url\" content=\"https:\/\/asteralabs.org\/it\/product\/diidroboldenone-dhb\/\" \/>\n<meta property=\"og:site_name\" content=\"Astera Labs\" \/>\n<meta property=\"article:modified_time\" content=\"2026-01-15T08:34:30+00:00\" \/>\n<meta property=\"og:image\" content=\"https:\/\/asteralabs.org\/wp-content\/uploads\/2022\/11\/31.png\" \/>\n\t<meta property=\"og:image:width\" content=\"2000\" \/>\n\t<meta property=\"og:image:height\" content=\"2000\" \/>\n\t<meta property=\"og:image:type\" content=\"image\/png\" \/>\n<meta name=\"twitter:card\" content=\"summary_large_image\" \/>\n<script type=\"application\/ld+json\" class=\"yoast-schema-graph\">{\"@context\":\"https:\/\/schema.org\",\"@graph\":[{\"@type\":\"WebPage\",\"@id\":\"https:\/\/asteralabs.org\/it\/product\/diidroboldenone-dhb\/\",\"url\":\"https:\/\/asteralabs.org\/it\/product\/diidroboldenone-dhb\/\",\"name\":\"Diidroboldenone (DHB) - Astera Labs\",\"isPartOf\":{\"@id\":\"https:\/\/asteralabs.org\/it\/#website\"},\"primaryImageOfPage\":{\"@id\":\"https:\/\/asteralabs.org\/it\/product\/diidroboldenone-dhb\/#primaryimage\"},\"image\":{\"@id\":\"https:\/\/asteralabs.org\/it\/product\/diidroboldenone-dhb\/#primaryimage\"},\"thumbnailUrl\":\"https:\/\/asteralabs.org\/wp-content\/uploads\/2022\/11\/31.png\",\"datePublished\":\"2022-11-05T22:24:04+00:00\",\"dateModified\":\"2026-01-15T08:34:30+00:00\",\"breadcrumb\":{\"@id\":\"https:\/\/asteralabs.org\/it\/product\/diidroboldenone-dhb\/#breadcrumb\"},\"inLanguage\":\"it-IT\",\"potentialAction\":[{\"@type\":\"ReadAction\",\"target\":[\"https:\/\/asteralabs.org\/it\/product\/diidroboldenone-dhb\/\"]}]},{\"@type\":\"ImageObject\",\"inLanguage\":\"it-IT\",\"@id\":\"https:\/\/asteralabs.org\/it\/product\/diidroboldenone-dhb\/#primaryimage\",\"url\":\"https:\/\/asteralabs.org\/wp-content\/uploads\/2022\/11\/31.png\",\"contentUrl\":\"https:\/\/asteralabs.org\/wp-content\/uploads\/2022\/11\/31.png\",\"width\":2000,\"height\":2000},{\"@type\":\"BreadcrumbList\",\"@id\":\"https:\/\/asteralabs.org\/it\/product\/diidroboldenone-dhb\/#breadcrumb\",\"itemListElement\":[{\"@type\":\"ListItem\",\"position\":1,\"name\":\"Home\",\"item\":\"https:\/\/asteralabs.org\/it\/\"},{\"@type\":\"ListItem\",\"position\":2,\"name\":\"Negozio\",\"item\":\"https:\/\/asteralabs.org\/negozio\/\"},{\"@type\":\"ListItem\",\"position\":3,\"name\":\"Diidroboldenone (DHB)\"}]},{\"@type\":\"WebSite\",\"@id\":\"https:\/\/asteralabs.org\/it\/#website\",\"url\":\"https:\/\/asteralabs.org\/it\/\",\"name\":\"Astera Labs\",\"description\":\"Improve Your Quality Of Life\",\"publisher\":{\"@id\":\"https:\/\/asteralabs.org\/it\/#organization\"},\"potentialAction\":[{\"@type\":\"SearchAction\",\"target\":{\"@type\":\"EntryPoint\",\"urlTemplate\":\"https:\/\/asteralabs.org\/it\/?s={search_term_string}\"},\"query-input\":\"required name=search_term_string\"}],\"inLanguage\":\"it-IT\"},{\"@type\":\"Organization\",\"@id\":\"https:\/\/asteralabs.org\/it\/#organization\",\"name\":\"Astera Labs\",\"url\":\"https:\/\/asteralabs.org\/it\/\",\"logo\":{\"@type\":\"ImageObject\",\"inLanguage\":\"it-IT\",\"@id\":\"https:\/\/asteralabs.org\/it\/#\/schema\/logo\/image\/\",\"url\":\"https:\/\/asteralabs.org\/wp-content\/uploads\/2022\/12\/astera-2.png\",\"contentUrl\":\"https:\/\/asteralabs.org\/wp-content\/uploads\/2022\/12\/astera-2.png\",\"width\":437,\"height\":111,\"caption\":\"Astera Labs\"},\"image\":{\"@id\":\"https:\/\/asteralabs.org\/it\/#\/schema\/logo\/image\/\"}}]}<\/script>\n<!-- \/ Yoast SEO plugin. -->","yoast_head_json":{"title":"Diidroboldenone (DHB) - Astera Labs","robots":{"index":"index","follow":"follow","max-snippet":"max-snippet:-1","max-image-preview":"max-image-preview:large","max-video-preview":"max-video-preview:-1"},"canonical":"https:\/\/asteralabs.org\/it\/product\/diidroboldenone-dhb\/","og_locale":"it_IT","og_type":"article","og_title":"Diidroboldenone (DHB) - Astera Labs","og_description":"DOSAGGIO: Dihydroboldenone (DHB) 100mg\/ml CONTENUTO DELLA CONFEZIONE: 1 fiala da 10ML, 100 mg per ml CHE COSA \u00c8: La forma ridotta del boldenone si chiama DHB-MED 100 (Dihydroboldenone Cypionate) e recentemente ha guadagnato molta attenzione. Si ritiene che abbia una potenza del tutto simile a quella del testosterone in base a ricerche sugli animali, ma&hellip;","og_url":"https:\/\/asteralabs.org\/it\/product\/diidroboldenone-dhb\/","og_site_name":"Astera Labs","article_modified_time":"2026-01-15T08:34:30+00:00","og_image":[{"width":2000,"height":2000,"url":"https:\/\/asteralabs.org\/wp-content\/uploads\/2022\/11\/31.png","type":"image\/png"}],"twitter_card":"summary_large_image","schema":{"@context":"https:\/\/schema.org","@graph":[{"@type":"WebPage","@id":"https:\/\/asteralabs.org\/it\/product\/diidroboldenone-dhb\/","url":"https:\/\/asteralabs.org\/it\/product\/diidroboldenone-dhb\/","name":"Diidroboldenone (DHB) - Astera Labs","isPartOf":{"@id":"https:\/\/asteralabs.org\/it\/#website"},"primaryImageOfPage":{"@id":"https:\/\/asteralabs.org\/it\/product\/diidroboldenone-dhb\/#primaryimage"},"image":{"@id":"https:\/\/asteralabs.org\/it\/product\/diidroboldenone-dhb\/#primaryimage"},"thumbnailUrl":"https:\/\/asteralabs.org\/wp-content\/uploads\/2022\/11\/31.png","datePublished":"2022-11-05T22:24:04+00:00","dateModified":"2026-01-15T08:34:30+00:00","breadcrumb":{"@id":"https:\/\/asteralabs.org\/it\/product\/diidroboldenone-dhb\/#breadcrumb"},"inLanguage":"it-IT","potentialAction":[{"@type":"ReadAction","target":["https:\/\/asteralabs.org\/it\/product\/diidroboldenone-dhb\/"]}]},{"@type":"ImageObject","inLanguage":"it-IT","@id":"https:\/\/asteralabs.org\/it\/product\/diidroboldenone-dhb\/#primaryimage","url":"https:\/\/asteralabs.org\/wp-content\/uploads\/2022\/11\/31.png","contentUrl":"https:\/\/asteralabs.org\/wp-content\/uploads\/2022\/11\/31.png","width":2000,"height":2000},{"@type":"BreadcrumbList","@id":"https:\/\/asteralabs.org\/it\/product\/diidroboldenone-dhb\/#breadcrumb","itemListElement":[{"@type":"ListItem","position":1,"name":"Home","item":"https:\/\/asteralabs.org\/it\/"},{"@type":"ListItem","position":2,"name":"Negozio","item":"https:\/\/asteralabs.org\/negozio\/"},{"@type":"ListItem","position":3,"name":"Diidroboldenone (DHB)"}]},{"@type":"WebSite","@id":"https:\/\/asteralabs.org\/it\/#website","url":"https:\/\/asteralabs.org\/it\/","name":"Astera Labs","description":"Improve Your Quality Of Life","publisher":{"@id":"https:\/\/asteralabs.org\/it\/#organization"},"potentialAction":[{"@type":"SearchAction","target":{"@type":"EntryPoint","urlTemplate":"https:\/\/asteralabs.org\/it\/?s={search_term_string}"},"query-input":"required name=search_term_string"}],"inLanguage":"it-IT"},{"@type":"Organization","@id":"https:\/\/asteralabs.org\/it\/#organization","name":"Astera Labs","url":"https:\/\/asteralabs.org\/it\/","logo":{"@type":"ImageObject","inLanguage":"it-IT","@id":"https:\/\/asteralabs.org\/it\/#\/schema\/logo\/image\/","url":"https:\/\/asteralabs.org\/wp-content\/uploads\/2022\/12\/astera-2.png","contentUrl":"https:\/\/asteralabs.org\/wp-content\/uploads\/2022\/12\/astera-2.png","width":437,"height":111,"caption":"Astera Labs"},"image":{"@id":"https:\/\/asteralabs.org\/it\/#\/schema\/logo\/image\/"}}]}},"_links":{"self":[{"href":"https:\/\/asteralabs.org\/it\/wp-json\/wp\/v2\/product\/77947"}],"collection":[{"href":"https:\/\/asteralabs.org\/it\/wp-json\/wp\/v2\/product"}],"about":[{"href":"https:\/\/asteralabs.org\/it\/wp-json\/wp\/v2\/types\/product"}],"replies":[{"embeddable":true,"href":"https:\/\/asteralabs.org\/it\/wp-json\/wp\/v2\/comments?post=77947"}],"version-history":[{"count":0,"href":"https:\/\/asteralabs.org\/it\/wp-json\/wp\/v2\/product\/77947\/revisions"}],"wp:featuredmedia":[{"embeddable":true,"href":"https:\/\/asteralabs.org\/it\/wp-json\/wp\/v2\/media\/75051"}],"wp:attachment":[{"href":"https:\/\/asteralabs.org\/it\/wp-json\/wp\/v2\/media?parent=77947"}],"wp:term":[{"taxonomy":"product_cat","embeddable":true,"href":"https:\/\/asteralabs.org\/it\/wp-json\/wp\/v2\/product_cat?post=77947"},{"taxonomy":"product_tag","embeddable":true,"href":"https:\/\/asteralabs.org\/it\/wp-json\/wp\/v2\/product_tag?post=77947"}],"curies":[{"name":"wp","href":"https:\/\/api.w.org\/{rel}","templated":true}]}}