{"id":77975,"date":"2022-11-05T22:17:23","date_gmt":"2022-11-05T22:17:23","guid":{"rendered":"https:\/\/asteralabs.org\/product\/miscela-di-trenbolone\/"},"modified":"2026-01-15T14:05:05","modified_gmt":"2026-01-15T14:05:05","slug":"miscela-di-trenbolone","status":"publish","type":"product","link":"https:\/\/asteralabs.org\/it\/product\/miscela-di-trenbolone\/","title":{"rendered":"Miscela di Trenbolone"},"content":{"rendered":"<p><strong>DOSAGGIO:<\/strong><br \/>\nTrenbolone Acetato 50mg<br \/>\nTrenbolone Enantato 50mg<br \/>\nTrenbolone Esaidrobenzilcarbonato 50mg <strong>CONTENUTO DELLA CONFEZIONE:<\/strong><br \/>\n1 flacone da 10ML, 150 mg per ml <strong>CHE COSA \u00c8:<\/strong><br \/>\nIl Trenbolone \u00e8 uno steroide derivato dal 19-Nortestosterone ed \u00e8 uno degli steroidi pi\u00f9 potenti ed efficaci attualmente esistenti. Grazie alla sua elevata affinit\u00e0 con i recettori degli androgeni, \u00e8 uno steroide versatile, utile per guadagnare massa muscolare, perdere grasso e aumentare la forza. \u00c8 molto utile durante un ciclo di taglio per mantenere la maggior massa magra possibile e perdere pi\u00f9 grasso possibile. Sebbene i suoi effetti collaterali siano esagerati e molto simili a quelli di altri steroidi e dipendenti dalla dose, bisogna considerare che provoca disturbi del sonno (a seconda della dose e del tempo di utilizzo) e cambiamenti di umore (a seconda della persona). <strong>COME SI USA:<\/strong><br \/>\nEssendo uno steroide molto versatile, dosi di 75 mg a settimana possono essere molto utili durante una fase di taglio senza causare effetti collaterali o ridurne le possibilit\u00e0. Dosi di 200-400 mg a settimana sono considerate &#8220;normali&#8221; a seconda del livello di preparazione dell&#8217;atleta. Si consiglia di iniziare con 75 mg a settimana e di aumentare gradualmente la dose fino a quando non si notano effetti collaterali e quella sar\u00e0 la dose massima. Poich\u00e9 si tratta di una combinazione di tre esteri, raccomandiamo di utilizzare la stessa frequenza di iniezione che utilizzeremmo con l&#8217;estere pi\u00f9 corto, quindi ED o EOD.<\/p>\n<p><strong>INFORMAZIONI SUL LOTTO:<br \/>\n<\/strong>Numero di lotto: <span data-sheets-root=\"1\" data-sheets-value=\"{\" data-sheets-userformat=\"{\">YO09765<\/span><br \/>\nData di produzione: <span data-sheets-root=\"1\" data-sheets-value=\"{\" data-sheets-userformat=\"{\">10.2025.<\/span><br \/>\nData di scadenza: <span data-sheets-root=\"1\" data-sheets-value=\"{\" data-sheets-userformat=\"{\">10.2028.<\/span><\/p>\n","protected":false},"excerpt":{"rendered":"<p>DOSAGGIO: Trenbolone Acetato 50mg Trenbolone Enantato 50mg Trenbolone Esaidrobenzilcarbonato 50mg CONTENUTO DELLA CONFEZIONE: 1 flacone da 10ML, 150 mg per ml CHE COSA \u00c8: Il Trenbolone \u00e8 uno steroide derivato dal 19-Nortestosterone ed \u00e8 uno degli steroidi pi\u00f9 potenti ed efficaci attualmente esistenti. Grazie alla sua elevata affinit\u00e0 con i recettori degli androgeni, \u00e8 uno&hellip;<\/p>\n","protected":false},"featured_media":76179,"comment_status":"open","ping_status":"closed","template":"","meta":{"_acf_changed":false},"product_brand":[],"product_cat":[159,158],"product_tag":[],"class_list":{"0":"post-77975","1":"product","2":"type-product","3":"status-publish","4":"has-post-thumbnail","6":"product_cat-all-it","7":"product_cat-injectables-it","8":"description-off","10":"first","11":"instock","12":"shipping-taxable","13":"product-type-simple"},"acf":[],"yoast_head":"<!-- This site is optimized with the Yoast SEO plugin v27.4 - https:\/\/yoast.com\/product\/yoast-seo-wordpress\/ -->\n<title>Miscela di Trenbolone - Astera Labs<\/title>\n<meta name=\"robots\" content=\"index, follow, max-snippet:-1, max-image-preview:large, max-video-preview:-1\" \/>\n<link rel=\"canonical\" href=\"https:\/\/asteralabs.org\/it\/product\/miscela-di-trenbolone\/\" \/>\n<meta property=\"og:locale\" content=\"it_IT\" \/>\n<meta property=\"og:type\" content=\"article\" \/>\n<meta property=\"og:title\" content=\"Miscela di Trenbolone - Astera Labs\" \/>\n<meta property=\"og:description\" content=\"DOSAGGIO: Trenbolone Acetato 50mg Trenbolone Enantato 50mg Trenbolone Esaidrobenzilcarbonato 50mg CONTENUTO DELLA CONFEZIONE: 1 flacone da 10ML, 150 mg per ml CHE COSA \u00c8: Il Trenbolone \u00e8 uno steroide derivato dal 19-Nortestosterone ed \u00e8 uno degli steroidi pi\u00f9 potenti ed efficaci attualmente esistenti. Grazie alla sua elevata affinit\u00e0 con i recettori degli androgeni, \u00e8 uno&hellip;\" \/>\n<meta property=\"og:url\" content=\"https:\/\/asteralabs.org\/it\/product\/miscela-di-trenbolone\/\" \/>\n<meta property=\"og:site_name\" content=\"Astera Labs\" \/>\n<meta property=\"article:modified_time\" content=\"2026-01-15T14:05:05+00:00\" \/>\n<meta property=\"og:image\" content=\"https:\/\/asteralabs.org\/wp-content\/uploads\/2022\/11\/Trenbolone-mix-inject-nbg-1.png\" \/>\n\t<meta property=\"og:image:width\" content=\"2000\" \/>\n\t<meta property=\"og:image:height\" content=\"2000\" \/>\n\t<meta property=\"og:image:type\" content=\"image\/png\" \/>\n<meta name=\"twitter:card\" content=\"summary_large_image\" \/>\n<script type=\"application\/ld+json\" class=\"yoast-schema-graph\">{\"@context\":\"https:\\\/\\\/schema.org\",\"@graph\":[{\"@type\":\"WebPage\",\"@id\":\"https:\\\/\\\/asteralabs.org\\\/it\\\/product\\\/miscela-di-trenbolone\\\/\",\"url\":\"https:\\\/\\\/asteralabs.org\\\/it\\\/product\\\/miscela-di-trenbolone\\\/\",\"name\":\"Miscela di Trenbolone - Astera Labs\",\"isPartOf\":{\"@id\":\"https:\\\/\\\/asteralabs.org\\\/it\\\/#website\"},\"primaryImageOfPage\":{\"@id\":\"https:\\\/\\\/asteralabs.org\\\/it\\\/product\\\/miscela-di-trenbolone\\\/#primaryimage\"},\"image\":{\"@id\":\"https:\\\/\\\/asteralabs.org\\\/it\\\/product\\\/miscela-di-trenbolone\\\/#primaryimage\"},\"thumbnailUrl\":\"https:\\\/\\\/asteralabs.org\\\/wp-content\\\/uploads\\\/2022\\\/11\\\/Trenbolone-mix-inject-nbg-1.png\",\"datePublished\":\"2022-11-05T22:17:23+00:00\",\"dateModified\":\"2026-01-15T14:05:05+00:00\",\"breadcrumb\":{\"@id\":\"https:\\\/\\\/asteralabs.org\\\/it\\\/product\\\/miscela-di-trenbolone\\\/#breadcrumb\"},\"inLanguage\":\"it-IT\",\"potentialAction\":[{\"@type\":\"ReadAction\",\"target\":[\"https:\\\/\\\/asteralabs.org\\\/it\\\/product\\\/miscela-di-trenbolone\\\/\"]}]},{\"@type\":\"ImageObject\",\"inLanguage\":\"it-IT\",\"@id\":\"https:\\\/\\\/asteralabs.org\\\/it\\\/product\\\/miscela-di-trenbolone\\\/#primaryimage\",\"url\":\"https:\\\/\\\/asteralabs.org\\\/wp-content\\\/uploads\\\/2022\\\/11\\\/Trenbolone-mix-inject-nbg-1.png\",\"contentUrl\":\"https:\\\/\\\/asteralabs.org\\\/wp-content\\\/uploads\\\/2022\\\/11\\\/Trenbolone-mix-inject-nbg-1.png\",\"width\":2000,\"height\":2000},{\"@type\":\"BreadcrumbList\",\"@id\":\"https:\\\/\\\/asteralabs.org\\\/it\\\/product\\\/miscela-di-trenbolone\\\/#breadcrumb\",\"itemListElement\":[{\"@type\":\"ListItem\",\"position\":1,\"name\":\"Home\",\"item\":\"https:\\\/\\\/asteralabs.org\\\/it\\\/\"},{\"@type\":\"ListItem\",\"position\":2,\"name\":\"Negozio\",\"item\":\"https:\\\/\\\/asteralabs.org\\\/it\\\/negozio\\\/\"},{\"@type\":\"ListItem\",\"position\":3,\"name\":\"Miscela di Trenbolone\"}]},{\"@type\":\"WebSite\",\"@id\":\"https:\\\/\\\/asteralabs.org\\\/it\\\/#website\",\"url\":\"https:\\\/\\\/asteralabs.org\\\/it\\\/\",\"name\":\"Astera Labs\",\"description\":\"Improve Your Quality Of Life\",\"publisher\":{\"@id\":\"https:\\\/\\\/asteralabs.org\\\/it\\\/#organization\"},\"potentialAction\":[{\"@type\":\"SearchAction\",\"target\":{\"@type\":\"EntryPoint\",\"urlTemplate\":\"https:\\\/\\\/asteralabs.org\\\/it\\\/?s={search_term_string}\"},\"query-input\":{\"@type\":\"PropertyValueSpecification\",\"valueRequired\":true,\"valueName\":\"search_term_string\"}}],\"inLanguage\":\"it-IT\"},{\"@type\":\"Organization\",\"@id\":\"https:\\\/\\\/asteralabs.org\\\/it\\\/#organization\",\"name\":\"Astera Labs\",\"url\":\"https:\\\/\\\/asteralabs.org\\\/it\\\/\",\"logo\":{\"@type\":\"ImageObject\",\"inLanguage\":\"it-IT\",\"@id\":\"https:\\\/\\\/asteralabs.org\\\/it\\\/#\\\/schema\\\/logo\\\/image\\\/\",\"url\":\"https:\\\/\\\/asteralabs.org\\\/wp-content\\\/uploads\\\/2022\\\/12\\\/astera-2.png\",\"contentUrl\":\"https:\\\/\\\/asteralabs.org\\\/wp-content\\\/uploads\\\/2022\\\/12\\\/astera-2.png\",\"width\":437,\"height\":111,\"caption\":\"Astera Labs\"},\"image\":{\"@id\":\"https:\\\/\\\/asteralabs.org\\\/it\\\/#\\\/schema\\\/logo\\\/image\\\/\"}}]}<\/script>\n<!-- \/ Yoast SEO plugin. -->","yoast_head_json":{"title":"Miscela di Trenbolone - Astera Labs","robots":{"index":"index","follow":"follow","max-snippet":"max-snippet:-1","max-image-preview":"max-image-preview:large","max-video-preview":"max-video-preview:-1"},"canonical":"https:\/\/asteralabs.org\/it\/product\/miscela-di-trenbolone\/","og_locale":"it_IT","og_type":"article","og_title":"Miscela di Trenbolone - Astera Labs","og_description":"DOSAGGIO: Trenbolone Acetato 50mg Trenbolone Enantato 50mg Trenbolone Esaidrobenzilcarbonato 50mg CONTENUTO DELLA CONFEZIONE: 1 flacone da 10ML, 150 mg per ml CHE COSA \u00c8: Il Trenbolone \u00e8 uno steroide derivato dal 19-Nortestosterone ed \u00e8 uno degli steroidi pi\u00f9 potenti ed efficaci attualmente esistenti. Grazie alla sua elevata affinit\u00e0 con i recettori degli androgeni, \u00e8 uno&hellip;","og_url":"https:\/\/asteralabs.org\/it\/product\/miscela-di-trenbolone\/","og_site_name":"Astera Labs","article_modified_time":"2026-01-15T14:05:05+00:00","og_image":[{"width":2000,"height":2000,"url":"https:\/\/asteralabs.org\/wp-content\/uploads\/2022\/11\/Trenbolone-mix-inject-nbg-1.png","type":"image\/png"}],"twitter_card":"summary_large_image","schema":{"@context":"https:\/\/schema.org","@graph":[{"@type":"WebPage","@id":"https:\/\/asteralabs.org\/it\/product\/miscela-di-trenbolone\/","url":"https:\/\/asteralabs.org\/it\/product\/miscela-di-trenbolone\/","name":"Miscela di Trenbolone - Astera Labs","isPartOf":{"@id":"https:\/\/asteralabs.org\/it\/#website"},"primaryImageOfPage":{"@id":"https:\/\/asteralabs.org\/it\/product\/miscela-di-trenbolone\/#primaryimage"},"image":{"@id":"https:\/\/asteralabs.org\/it\/product\/miscela-di-trenbolone\/#primaryimage"},"thumbnailUrl":"https:\/\/asteralabs.org\/wp-content\/uploads\/2022\/11\/Trenbolone-mix-inject-nbg-1.png","datePublished":"2022-11-05T22:17:23+00:00","dateModified":"2026-01-15T14:05:05+00:00","breadcrumb":{"@id":"https:\/\/asteralabs.org\/it\/product\/miscela-di-trenbolone\/#breadcrumb"},"inLanguage":"it-IT","potentialAction":[{"@type":"ReadAction","target":["https:\/\/asteralabs.org\/it\/product\/miscela-di-trenbolone\/"]}]},{"@type":"ImageObject","inLanguage":"it-IT","@id":"https:\/\/asteralabs.org\/it\/product\/miscela-di-trenbolone\/#primaryimage","url":"https:\/\/asteralabs.org\/wp-content\/uploads\/2022\/11\/Trenbolone-mix-inject-nbg-1.png","contentUrl":"https:\/\/asteralabs.org\/wp-content\/uploads\/2022\/11\/Trenbolone-mix-inject-nbg-1.png","width":2000,"height":2000},{"@type":"BreadcrumbList","@id":"https:\/\/asteralabs.org\/it\/product\/miscela-di-trenbolone\/#breadcrumb","itemListElement":[{"@type":"ListItem","position":1,"name":"Home","item":"https:\/\/asteralabs.org\/it\/"},{"@type":"ListItem","position":2,"name":"Negozio","item":"https:\/\/asteralabs.org\/it\/negozio\/"},{"@type":"ListItem","position":3,"name":"Miscela di Trenbolone"}]},{"@type":"WebSite","@id":"https:\/\/asteralabs.org\/it\/#website","url":"https:\/\/asteralabs.org\/it\/","name":"Astera Labs","description":"Improve Your Quality Of Life","publisher":{"@id":"https:\/\/asteralabs.org\/it\/#organization"},"potentialAction":[{"@type":"SearchAction","target":{"@type":"EntryPoint","urlTemplate":"https:\/\/asteralabs.org\/it\/?s={search_term_string}"},"query-input":{"@type":"PropertyValueSpecification","valueRequired":true,"valueName":"search_term_string"}}],"inLanguage":"it-IT"},{"@type":"Organization","@id":"https:\/\/asteralabs.org\/it\/#organization","name":"Astera Labs","url":"https:\/\/asteralabs.org\/it\/","logo":{"@type":"ImageObject","inLanguage":"it-IT","@id":"https:\/\/asteralabs.org\/it\/#\/schema\/logo\/image\/","url":"https:\/\/asteralabs.org\/wp-content\/uploads\/2022\/12\/astera-2.png","contentUrl":"https:\/\/asteralabs.org\/wp-content\/uploads\/2022\/12\/astera-2.png","width":437,"height":111,"caption":"Astera Labs"},"image":{"@id":"https:\/\/asteralabs.org\/it\/#\/schema\/logo\/image\/"}}]}},"_links":{"self":[{"href":"https:\/\/asteralabs.org\/it\/wp-json\/wp\/v2\/product\/77975","targetHints":{"allow":["GET"]}}],"collection":[{"href":"https:\/\/asteralabs.org\/it\/wp-json\/wp\/v2\/product"}],"about":[{"href":"https:\/\/asteralabs.org\/it\/wp-json\/wp\/v2\/types\/product"}],"replies":[{"embeddable":true,"href":"https:\/\/asteralabs.org\/it\/wp-json\/wp\/v2\/comments?post=77975"}],"version-history":[{"count":0,"href":"https:\/\/asteralabs.org\/it\/wp-json\/wp\/v2\/product\/77975\/revisions"}],"wp:featuredmedia":[{"embeddable":true,"href":"https:\/\/asteralabs.org\/it\/wp-json\/wp\/v2\/media\/76179"}],"wp:attachment":[{"href":"https:\/\/asteralabs.org\/it\/wp-json\/wp\/v2\/media?parent=77975"}],"wp:term":[{"taxonomy":"product_brand","embeddable":true,"href":"https:\/\/asteralabs.org\/it\/wp-json\/wp\/v2\/product_brand?post=77975"},{"taxonomy":"product_cat","embeddable":true,"href":"https:\/\/asteralabs.org\/it\/wp-json\/wp\/v2\/product_cat?post=77975"},{"taxonomy":"product_tag","embeddable":true,"href":"https:\/\/asteralabs.org\/it\/wp-json\/wp\/v2\/product_tag?post=77975"}],"curies":[{"name":"wp","href":"https:\/\/api.w.org\/{rel}","templated":true}]}}