{"id":77997,"date":"2022-11-05T22:04:15","date_gmt":"2022-11-05T22:04:15","guid":{"rendered":"https:\/\/asteralabs.org\/product\/metildrostanolone-superdrol-2\/"},"modified":"2026-01-15T09:50:48","modified_gmt":"2026-01-15T09:50:48","slug":"metildrostanolone-superdrol-2","status":"publish","type":"product","link":"https:\/\/asteralabs.org\/it\/product\/metildrostanolone-superdrol-2\/","title":{"rendered":"Metildrostanolone (Superdrol)"},"content":{"rendered":"<p><strong>DOSAGGIO:<\/strong><br \/>\nMetildrostanolone (Superdrol) 40mg\/ml <strong>CONTENUTO DELLA CONFEZIONE:<\/strong><br \/>\n1 fiala da 10ML, 40 mg per ml <strong>CHE COSA \u00c8:<\/strong><br \/>\nMetildrostanolone, noto anche come Superdrol, \u00e8 il pi\u00f9 potente steroide orale esistente. Si tratta di una modifica metilata del drostanolone, ma non ne ha l&#8217;aspetto, ha un elevato potere anabolico e androgeno, pu\u00f2 essere utilizzato in fasi di volume, taglio o forza e, proprio come l&#8217;Anadrol, satura i depositi di glicogeno. \u00c8 uno steroide molto epatotossico, ma la sua versione iniettabile lo rende pi\u00f9 tollerabile. <strong>COME SI USA:<\/strong><br \/>\nUna dose di 10 mg \u00e8 gi\u00e0 molto efficace, ma spesso si usano dosi fino a 40-50 mg al giorno. Si consiglia di utilizzarlo per un massimo di 4 settimane e di iniettarlo una volta al giorno, in ED. Deve essere utilizzato insieme a un protettore del fegato come TUDCA. <strong>INFORMAZIONI SUL LOTTO:<br \/>\n<\/strong>Numero di lotto: <span data-sheets-root=\"1\" data-sheets-value=\"{\" data-sheets-userformat=\"{\">KW19458<\/span><br \/>\nData di produzione: <span data-sheets-root=\"1\" data-sheets-value=\"{\" data-sheets-userformat=\"{\">10.2025.<\/span><br \/>\nData di scadenza: <span data-sheets-root=\"1\" data-sheets-value=\"{\" data-sheets-userformat=\"{\">10.2028.<\/span><\/p>\n","protected":false},"excerpt":{"rendered":"<p>DOSAGGIO: Metildrostanolone (Superdrol) 40mg\/ml CONTENUTO DELLA CONFEZIONE: 1 fiala da 10ML, 40 mg per ml CHE COSA \u00c8: Metildrostanolone, noto anche come Superdrol, \u00e8 il pi\u00f9 potente steroide orale esistente. Si tratta di una modifica metilata del drostanolone, ma non ne ha l&#8217;aspetto, ha un elevato potere anabolico e androgeno, pu\u00f2 essere utilizzato in fasi&hellip;<\/p>\n","protected":false},"featured_media":76083,"comment_status":"open","ping_status":"closed","template":"","meta":[],"product_cat":[159,158],"product_tag":[],"yoast_head":"<!-- This site is optimized with the Yoast SEO plugin v23.0 - https:\/\/yoast.com\/wordpress\/plugins\/seo\/ -->\n<title>Metildrostanolone (Superdrol) - Astera Labs<\/title>\n<meta name=\"robots\" content=\"index, follow, max-snippet:-1, max-image-preview:large, max-video-preview:-1\" \/>\n<link rel=\"canonical\" href=\"https:\/\/asteralabs.org\/it\/product\/metildrostanolone-superdrol-2\/\" \/>\n<meta property=\"og:locale\" content=\"it_IT\" \/>\n<meta property=\"og:type\" content=\"article\" \/>\n<meta property=\"og:title\" content=\"Metildrostanolone (Superdrol) - Astera Labs\" \/>\n<meta property=\"og:description\" content=\"DOSAGGIO: Metildrostanolone (Superdrol) 40mg\/ml CONTENUTO DELLA CONFEZIONE: 1 fiala da 10ML, 40 mg per ml CHE COSA \u00c8: Metildrostanolone, noto anche come Superdrol, \u00e8 il pi\u00f9 potente steroide orale esistente. Si tratta di una modifica metilata del drostanolone, ma non ne ha l&#8217;aspetto, ha un elevato potere anabolico e androgeno, pu\u00f2 essere utilizzato in fasi&hellip;\" \/>\n<meta property=\"og:url\" content=\"https:\/\/asteralabs.org\/it\/product\/metildrostanolone-superdrol-2\/\" \/>\n<meta property=\"og:site_name\" content=\"Astera Labs\" \/>\n<meta property=\"article:modified_time\" content=\"2026-01-15T09:50:48+00:00\" \/>\n<meta property=\"og:image\" content=\"https:\/\/asteralabs.org\/wp-content\/uploads\/2022\/11\/Methyldrostanolone-Superdrol-inject-nbg.png\" \/>\n\t<meta property=\"og:image:width\" content=\"2000\" \/>\n\t<meta property=\"og:image:height\" content=\"2000\" \/>\n\t<meta property=\"og:image:type\" content=\"image\/png\" \/>\n<meta name=\"twitter:card\" content=\"summary_large_image\" \/>\n<script type=\"application\/ld+json\" class=\"yoast-schema-graph\">{\"@context\":\"https:\/\/schema.org\",\"@graph\":[{\"@type\":\"WebPage\",\"@id\":\"https:\/\/asteralabs.org\/it\/product\/metildrostanolone-superdrol-2\/\",\"url\":\"https:\/\/asteralabs.org\/it\/product\/metildrostanolone-superdrol-2\/\",\"name\":\"Metildrostanolone (Superdrol) - Astera Labs\",\"isPartOf\":{\"@id\":\"https:\/\/asteralabs.org\/it\/#website\"},\"primaryImageOfPage\":{\"@id\":\"https:\/\/asteralabs.org\/it\/product\/metildrostanolone-superdrol-2\/#primaryimage\"},\"image\":{\"@id\":\"https:\/\/asteralabs.org\/it\/product\/metildrostanolone-superdrol-2\/#primaryimage\"},\"thumbnailUrl\":\"https:\/\/asteralabs.org\/wp-content\/uploads\/2022\/11\/Methyldrostanolone-Superdrol-inject-nbg.png\",\"datePublished\":\"2022-11-05T22:04:15+00:00\",\"dateModified\":\"2026-01-15T09:50:48+00:00\",\"breadcrumb\":{\"@id\":\"https:\/\/asteralabs.org\/it\/product\/metildrostanolone-superdrol-2\/#breadcrumb\"},\"inLanguage\":\"it-IT\",\"potentialAction\":[{\"@type\":\"ReadAction\",\"target\":[\"https:\/\/asteralabs.org\/it\/product\/metildrostanolone-superdrol-2\/\"]}]},{\"@type\":\"ImageObject\",\"inLanguage\":\"it-IT\",\"@id\":\"https:\/\/asteralabs.org\/it\/product\/metildrostanolone-superdrol-2\/#primaryimage\",\"url\":\"https:\/\/asteralabs.org\/wp-content\/uploads\/2022\/11\/Methyldrostanolone-Superdrol-inject-nbg.png\",\"contentUrl\":\"https:\/\/asteralabs.org\/wp-content\/uploads\/2022\/11\/Methyldrostanolone-Superdrol-inject-nbg.png\",\"width\":2000,\"height\":2000},{\"@type\":\"BreadcrumbList\",\"@id\":\"https:\/\/asteralabs.org\/it\/product\/metildrostanolone-superdrol-2\/#breadcrumb\",\"itemListElement\":[{\"@type\":\"ListItem\",\"position\":1,\"name\":\"Home\",\"item\":\"https:\/\/asteralabs.org\/it\/\"},{\"@type\":\"ListItem\",\"position\":2,\"name\":\"Negozio\",\"item\":\"https:\/\/asteralabs.org\/negozio\/\"},{\"@type\":\"ListItem\",\"position\":3,\"name\":\"Metildrostanolone (Superdrol)\"}]},{\"@type\":\"WebSite\",\"@id\":\"https:\/\/asteralabs.org\/it\/#website\",\"url\":\"https:\/\/asteralabs.org\/it\/\",\"name\":\"Astera Labs\",\"description\":\"Improve Your Quality Of Life\",\"publisher\":{\"@id\":\"https:\/\/asteralabs.org\/it\/#organization\"},\"potentialAction\":[{\"@type\":\"SearchAction\",\"target\":{\"@type\":\"EntryPoint\",\"urlTemplate\":\"https:\/\/asteralabs.org\/it\/?s={search_term_string}\"},\"query-input\":\"required name=search_term_string\"}],\"inLanguage\":\"it-IT\"},{\"@type\":\"Organization\",\"@id\":\"https:\/\/asteralabs.org\/it\/#organization\",\"name\":\"Astera Labs\",\"url\":\"https:\/\/asteralabs.org\/it\/\",\"logo\":{\"@type\":\"ImageObject\",\"inLanguage\":\"it-IT\",\"@id\":\"https:\/\/asteralabs.org\/it\/#\/schema\/logo\/image\/\",\"url\":\"https:\/\/asteralabs.org\/wp-content\/uploads\/2022\/12\/astera-2.png\",\"contentUrl\":\"https:\/\/asteralabs.org\/wp-content\/uploads\/2022\/12\/astera-2.png\",\"width\":437,\"height\":111,\"caption\":\"Astera Labs\"},\"image\":{\"@id\":\"https:\/\/asteralabs.org\/it\/#\/schema\/logo\/image\/\"}}]}<\/script>\n<!-- \/ Yoast SEO plugin. -->","yoast_head_json":{"title":"Metildrostanolone (Superdrol) - Astera Labs","robots":{"index":"index","follow":"follow","max-snippet":"max-snippet:-1","max-image-preview":"max-image-preview:large","max-video-preview":"max-video-preview:-1"},"canonical":"https:\/\/asteralabs.org\/it\/product\/metildrostanolone-superdrol-2\/","og_locale":"it_IT","og_type":"article","og_title":"Metildrostanolone (Superdrol) - Astera Labs","og_description":"DOSAGGIO: Metildrostanolone (Superdrol) 40mg\/ml CONTENUTO DELLA CONFEZIONE: 1 fiala da 10ML, 40 mg per ml CHE COSA \u00c8: Metildrostanolone, noto anche come Superdrol, \u00e8 il pi\u00f9 potente steroide orale esistente. Si tratta di una modifica metilata del drostanolone, ma non ne ha l&#8217;aspetto, ha un elevato potere anabolico e androgeno, pu\u00f2 essere utilizzato in fasi&hellip;","og_url":"https:\/\/asteralabs.org\/it\/product\/metildrostanolone-superdrol-2\/","og_site_name":"Astera Labs","article_modified_time":"2026-01-15T09:50:48+00:00","og_image":[{"width":2000,"height":2000,"url":"https:\/\/asteralabs.org\/wp-content\/uploads\/2022\/11\/Methyldrostanolone-Superdrol-inject-nbg.png","type":"image\/png"}],"twitter_card":"summary_large_image","schema":{"@context":"https:\/\/schema.org","@graph":[{"@type":"WebPage","@id":"https:\/\/asteralabs.org\/it\/product\/metildrostanolone-superdrol-2\/","url":"https:\/\/asteralabs.org\/it\/product\/metildrostanolone-superdrol-2\/","name":"Metildrostanolone (Superdrol) - Astera Labs","isPartOf":{"@id":"https:\/\/asteralabs.org\/it\/#website"},"primaryImageOfPage":{"@id":"https:\/\/asteralabs.org\/it\/product\/metildrostanolone-superdrol-2\/#primaryimage"},"image":{"@id":"https:\/\/asteralabs.org\/it\/product\/metildrostanolone-superdrol-2\/#primaryimage"},"thumbnailUrl":"https:\/\/asteralabs.org\/wp-content\/uploads\/2022\/11\/Methyldrostanolone-Superdrol-inject-nbg.png","datePublished":"2022-11-05T22:04:15+00:00","dateModified":"2026-01-15T09:50:48+00:00","breadcrumb":{"@id":"https:\/\/asteralabs.org\/it\/product\/metildrostanolone-superdrol-2\/#breadcrumb"},"inLanguage":"it-IT","potentialAction":[{"@type":"ReadAction","target":["https:\/\/asteralabs.org\/it\/product\/metildrostanolone-superdrol-2\/"]}]},{"@type":"ImageObject","inLanguage":"it-IT","@id":"https:\/\/asteralabs.org\/it\/product\/metildrostanolone-superdrol-2\/#primaryimage","url":"https:\/\/asteralabs.org\/wp-content\/uploads\/2022\/11\/Methyldrostanolone-Superdrol-inject-nbg.png","contentUrl":"https:\/\/asteralabs.org\/wp-content\/uploads\/2022\/11\/Methyldrostanolone-Superdrol-inject-nbg.png","width":2000,"height":2000},{"@type":"BreadcrumbList","@id":"https:\/\/asteralabs.org\/it\/product\/metildrostanolone-superdrol-2\/#breadcrumb","itemListElement":[{"@type":"ListItem","position":1,"name":"Home","item":"https:\/\/asteralabs.org\/it\/"},{"@type":"ListItem","position":2,"name":"Negozio","item":"https:\/\/asteralabs.org\/negozio\/"},{"@type":"ListItem","position":3,"name":"Metildrostanolone (Superdrol)"}]},{"@type":"WebSite","@id":"https:\/\/asteralabs.org\/it\/#website","url":"https:\/\/asteralabs.org\/it\/","name":"Astera Labs","description":"Improve Your Quality Of Life","publisher":{"@id":"https:\/\/asteralabs.org\/it\/#organization"},"potentialAction":[{"@type":"SearchAction","target":{"@type":"EntryPoint","urlTemplate":"https:\/\/asteralabs.org\/it\/?s={search_term_string}"},"query-input":"required name=search_term_string"}],"inLanguage":"it-IT"},{"@type":"Organization","@id":"https:\/\/asteralabs.org\/it\/#organization","name":"Astera Labs","url":"https:\/\/asteralabs.org\/it\/","logo":{"@type":"ImageObject","inLanguage":"it-IT","@id":"https:\/\/asteralabs.org\/it\/#\/schema\/logo\/image\/","url":"https:\/\/asteralabs.org\/wp-content\/uploads\/2022\/12\/astera-2.png","contentUrl":"https:\/\/asteralabs.org\/wp-content\/uploads\/2022\/12\/astera-2.png","width":437,"height":111,"caption":"Astera Labs"},"image":{"@id":"https:\/\/asteralabs.org\/it\/#\/schema\/logo\/image\/"}}]}},"_links":{"self":[{"href":"https:\/\/asteralabs.org\/it\/wp-json\/wp\/v2\/product\/77997"}],"collection":[{"href":"https:\/\/asteralabs.org\/it\/wp-json\/wp\/v2\/product"}],"about":[{"href":"https:\/\/asteralabs.org\/it\/wp-json\/wp\/v2\/types\/product"}],"replies":[{"embeddable":true,"href":"https:\/\/asteralabs.org\/it\/wp-json\/wp\/v2\/comments?post=77997"}],"version-history":[{"count":0,"href":"https:\/\/asteralabs.org\/it\/wp-json\/wp\/v2\/product\/77997\/revisions"}],"wp:featuredmedia":[{"embeddable":true,"href":"https:\/\/asteralabs.org\/it\/wp-json\/wp\/v2\/media\/76083"}],"wp:attachment":[{"href":"https:\/\/asteralabs.org\/it\/wp-json\/wp\/v2\/media?parent=77997"}],"wp:term":[{"taxonomy":"product_cat","embeddable":true,"href":"https:\/\/asteralabs.org\/it\/wp-json\/wp\/v2\/product_cat?post=77997"},{"taxonomy":"product_tag","embeddable":true,"href":"https:\/\/asteralabs.org\/it\/wp-json\/wp\/v2\/product_tag?post=77997"}],"curies":[{"name":"wp","href":"https:\/\/api.w.org\/{rel}","templated":true}]}}