{"id":78054,"date":"2023-09-07T12:35:37","date_gmt":"2023-09-07T12:35:37","guid":{"rendered":"https:\/\/asteralabs.org\/product\/sr9009-50-compresse\/"},"modified":"2026-01-15T11:09:40","modified_gmt":"2026-01-15T11:09:40","slug":"sr9009-50-compresse","status":"publish","type":"product","link":"https:\/\/asteralabs.org\/it\/product\/sr9009-50-compresse\/","title":{"rendered":"SR9009 50 compresse"},"content":{"rendered":"<p><strong>DOSAGGIO<\/strong>: SR9009 Stenabolic 10 mg per compressa<\/p>\n<p><strong>CONTENUTO DELLA CONFEZIONE:<\/strong><\/p>\n<p>1 Bustina da 50 compresse, ciascuna contenente 10 mg<\/p>\n<p><strong>COSA E&#8217;:<\/strong><\/p>\n<p>Stenabolic, noto anche come SR9009, \u00e8 un composto unico noto per la sua capacit\u00e0 di influenzare diverse funzioni corporee, tra cui l&#8217;accumulo di grasso, il metabolismo del glucosio e la regolazione del ritmo circadiano. \u00c8 apprezzato dalla comunit\u00e0 dei culturisti per la sua capacit\u00e0 di aumentare la capacit\u00e0 di esercizio, migliorare la resistenza e favorire la perdita di grasso.<\/p>\n<p><strong>COME SI USA:<\/strong><\/p>\n<p>Il dosaggio consigliato per Stenabolic \u00e8 compreso tra 10 e 40 mg al giorno, spesso suddivisi in due o tre dosi nell&#8217;arco della giornata a causa della sua breve emivita di circa 4-6 ore. <strong>INFORMAZIONI SUL LOTTO:<br \/>\n<\/strong>Numero di lotto: <span data-sheets-root=\"1\" data-sheets-value=\"{\" data-sheets-userformat=\"{\">XT17311<\/span><br \/>\nData di produzione: <span data-sheets-root=\"1\" data-sheets-value=\"{\" data-sheets-userformat=\"{\">10.2025.<\/span><br \/>\nData di scadenza: <span data-sheets-root=\"1\" data-sheets-value=\"{\" data-sheets-userformat=\"{\">10.2028.<\/span><\/p>\n","protected":false},"excerpt":{"rendered":"<p>DOSAGGIO: SR9009 Stenabolic 10 mg per compressa CONTENUTO DELLA CONFEZIONE: 1 Bustina da 50 compresse, ciascuna contenente 10 mg COSA E&#8217;: Stenabolic, noto anche come SR9009, \u00e8 un composto unico noto per la sua capacit\u00e0 di influenzare diverse funzioni corporee, tra cui l&#8217;accumulo di grasso, il metabolismo del glucosio e la regolazione del ritmo circadiano.&hellip;<\/p>\n","protected":false},"featured_media":76475,"comment_status":"closed","ping_status":"closed","template":"","meta":[],"product_cat":[159,198],"product_tag":[],"yoast_head":"<!-- This site is optimized with the Yoast SEO plugin v23.0 - https:\/\/yoast.com\/wordpress\/plugins\/seo\/ -->\n<title>SR9009 50 compresse - Astera Labs<\/title>\n<meta name=\"robots\" content=\"index, follow, max-snippet:-1, max-image-preview:large, max-video-preview:-1\" \/>\n<link rel=\"canonical\" href=\"https:\/\/asteralabs.org\/it\/product\/sr9009-50-compresse\/\" \/>\n<meta property=\"og:locale\" content=\"it_IT\" \/>\n<meta property=\"og:type\" content=\"article\" \/>\n<meta property=\"og:title\" content=\"SR9009 50 compresse - Astera Labs\" \/>\n<meta property=\"og:description\" content=\"DOSAGGIO: SR9009 Stenabolic 10 mg per compressa CONTENUTO DELLA CONFEZIONE: 1 Bustina da 50 compresse, ciascuna contenente 10 mg COSA E&#8217;: Stenabolic, noto anche come SR9009, \u00e8 un composto unico noto per la sua capacit\u00e0 di influenzare diverse funzioni corporee, tra cui l&#8217;accumulo di grasso, il metabolismo del glucosio e la regolazione del ritmo circadiano.&hellip;\" \/>\n<meta property=\"og:url\" content=\"https:\/\/asteralabs.org\/it\/product\/sr9009-50-compresse\/\" \/>\n<meta property=\"og:site_name\" content=\"Astera Labs\" \/>\n<meta property=\"article:modified_time\" content=\"2026-01-15T11:09:40+00:00\" \/>\n<meta property=\"og:image\" content=\"https:\/\/asteralabs.org\/wp-content\/uploads\/2023\/09\/Astera-zipbag-SARMs-SR9009.png\" \/>\n\t<meta property=\"og:image:width\" content=\"2000\" \/>\n\t<meta property=\"og:image:height\" content=\"2000\" \/>\n\t<meta property=\"og:image:type\" content=\"image\/png\" \/>\n<meta name=\"twitter:card\" content=\"summary_large_image\" \/>\n<script type=\"application\/ld+json\" class=\"yoast-schema-graph\">{\"@context\":\"https:\/\/schema.org\",\"@graph\":[{\"@type\":\"WebPage\",\"@id\":\"https:\/\/asteralabs.org\/it\/product\/sr9009-50-compresse\/\",\"url\":\"https:\/\/asteralabs.org\/it\/product\/sr9009-50-compresse\/\",\"name\":\"SR9009 50 compresse - Astera Labs\",\"isPartOf\":{\"@id\":\"https:\/\/asteralabs.org\/it\/#website\"},\"primaryImageOfPage\":{\"@id\":\"https:\/\/asteralabs.org\/it\/product\/sr9009-50-compresse\/#primaryimage\"},\"image\":{\"@id\":\"https:\/\/asteralabs.org\/it\/product\/sr9009-50-compresse\/#primaryimage\"},\"thumbnailUrl\":\"https:\/\/asteralabs.org\/wp-content\/uploads\/2023\/09\/Astera-zipbag-SARMs-SR9009.png\",\"datePublished\":\"2023-09-07T12:35:37+00:00\",\"dateModified\":\"2026-01-15T11:09:40+00:00\",\"breadcrumb\":{\"@id\":\"https:\/\/asteralabs.org\/it\/product\/sr9009-50-compresse\/#breadcrumb\"},\"inLanguage\":\"it-IT\",\"potentialAction\":[{\"@type\":\"ReadAction\",\"target\":[\"https:\/\/asteralabs.org\/it\/product\/sr9009-50-compresse\/\"]}]},{\"@type\":\"ImageObject\",\"inLanguage\":\"it-IT\",\"@id\":\"https:\/\/asteralabs.org\/it\/product\/sr9009-50-compresse\/#primaryimage\",\"url\":\"https:\/\/asteralabs.org\/wp-content\/uploads\/2023\/09\/Astera-zipbag-SARMs-SR9009.png\",\"contentUrl\":\"https:\/\/asteralabs.org\/wp-content\/uploads\/2023\/09\/Astera-zipbag-SARMs-SR9009.png\",\"width\":2000,\"height\":2000},{\"@type\":\"BreadcrumbList\",\"@id\":\"https:\/\/asteralabs.org\/it\/product\/sr9009-50-compresse\/#breadcrumb\",\"itemListElement\":[{\"@type\":\"ListItem\",\"position\":1,\"name\":\"Home\",\"item\":\"https:\/\/asteralabs.org\/it\/\"},{\"@type\":\"ListItem\",\"position\":2,\"name\":\"Negozio\",\"item\":\"https:\/\/asteralabs.org\/negozio\/\"},{\"@type\":\"ListItem\",\"position\":3,\"name\":\"SR9009 50 compresse\"}]},{\"@type\":\"WebSite\",\"@id\":\"https:\/\/asteralabs.org\/it\/#website\",\"url\":\"https:\/\/asteralabs.org\/it\/\",\"name\":\"Astera Labs\",\"description\":\"Improve Your Quality Of Life\",\"publisher\":{\"@id\":\"https:\/\/asteralabs.org\/it\/#organization\"},\"potentialAction\":[{\"@type\":\"SearchAction\",\"target\":{\"@type\":\"EntryPoint\",\"urlTemplate\":\"https:\/\/asteralabs.org\/it\/?s={search_term_string}\"},\"query-input\":\"required name=search_term_string\"}],\"inLanguage\":\"it-IT\"},{\"@type\":\"Organization\",\"@id\":\"https:\/\/asteralabs.org\/it\/#organization\",\"name\":\"Astera Labs\",\"url\":\"https:\/\/asteralabs.org\/it\/\",\"logo\":{\"@type\":\"ImageObject\",\"inLanguage\":\"it-IT\",\"@id\":\"https:\/\/asteralabs.org\/it\/#\/schema\/logo\/image\/\",\"url\":\"https:\/\/asteralabs.org\/wp-content\/uploads\/2022\/12\/astera-2.png\",\"contentUrl\":\"https:\/\/asteralabs.org\/wp-content\/uploads\/2022\/12\/astera-2.png\",\"width\":437,\"height\":111,\"caption\":\"Astera Labs\"},\"image\":{\"@id\":\"https:\/\/asteralabs.org\/it\/#\/schema\/logo\/image\/\"}}]}<\/script>\n<!-- \/ Yoast SEO plugin. -->","yoast_head_json":{"title":"SR9009 50 compresse - Astera Labs","robots":{"index":"index","follow":"follow","max-snippet":"max-snippet:-1","max-image-preview":"max-image-preview:large","max-video-preview":"max-video-preview:-1"},"canonical":"https:\/\/asteralabs.org\/it\/product\/sr9009-50-compresse\/","og_locale":"it_IT","og_type":"article","og_title":"SR9009 50 compresse - Astera Labs","og_description":"DOSAGGIO: SR9009 Stenabolic 10 mg per compressa CONTENUTO DELLA CONFEZIONE: 1 Bustina da 50 compresse, ciascuna contenente 10 mg COSA E&#8217;: Stenabolic, noto anche come SR9009, \u00e8 un composto unico noto per la sua capacit\u00e0 di influenzare diverse funzioni corporee, tra cui l&#8217;accumulo di grasso, il metabolismo del glucosio e la regolazione del ritmo circadiano.&hellip;","og_url":"https:\/\/asteralabs.org\/it\/product\/sr9009-50-compresse\/","og_site_name":"Astera Labs","article_modified_time":"2026-01-15T11:09:40+00:00","og_image":[{"width":2000,"height":2000,"url":"https:\/\/asteralabs.org\/wp-content\/uploads\/2023\/09\/Astera-zipbag-SARMs-SR9009.png","type":"image\/png"}],"twitter_card":"summary_large_image","schema":{"@context":"https:\/\/schema.org","@graph":[{"@type":"WebPage","@id":"https:\/\/asteralabs.org\/it\/product\/sr9009-50-compresse\/","url":"https:\/\/asteralabs.org\/it\/product\/sr9009-50-compresse\/","name":"SR9009 50 compresse - Astera Labs","isPartOf":{"@id":"https:\/\/asteralabs.org\/it\/#website"},"primaryImageOfPage":{"@id":"https:\/\/asteralabs.org\/it\/product\/sr9009-50-compresse\/#primaryimage"},"image":{"@id":"https:\/\/asteralabs.org\/it\/product\/sr9009-50-compresse\/#primaryimage"},"thumbnailUrl":"https:\/\/asteralabs.org\/wp-content\/uploads\/2023\/09\/Astera-zipbag-SARMs-SR9009.png","datePublished":"2023-09-07T12:35:37+00:00","dateModified":"2026-01-15T11:09:40+00:00","breadcrumb":{"@id":"https:\/\/asteralabs.org\/it\/product\/sr9009-50-compresse\/#breadcrumb"},"inLanguage":"it-IT","potentialAction":[{"@type":"ReadAction","target":["https:\/\/asteralabs.org\/it\/product\/sr9009-50-compresse\/"]}]},{"@type":"ImageObject","inLanguage":"it-IT","@id":"https:\/\/asteralabs.org\/it\/product\/sr9009-50-compresse\/#primaryimage","url":"https:\/\/asteralabs.org\/wp-content\/uploads\/2023\/09\/Astera-zipbag-SARMs-SR9009.png","contentUrl":"https:\/\/asteralabs.org\/wp-content\/uploads\/2023\/09\/Astera-zipbag-SARMs-SR9009.png","width":2000,"height":2000},{"@type":"BreadcrumbList","@id":"https:\/\/asteralabs.org\/it\/product\/sr9009-50-compresse\/#breadcrumb","itemListElement":[{"@type":"ListItem","position":1,"name":"Home","item":"https:\/\/asteralabs.org\/it\/"},{"@type":"ListItem","position":2,"name":"Negozio","item":"https:\/\/asteralabs.org\/negozio\/"},{"@type":"ListItem","position":3,"name":"SR9009 50 compresse"}]},{"@type":"WebSite","@id":"https:\/\/asteralabs.org\/it\/#website","url":"https:\/\/asteralabs.org\/it\/","name":"Astera Labs","description":"Improve Your Quality Of Life","publisher":{"@id":"https:\/\/asteralabs.org\/it\/#organization"},"potentialAction":[{"@type":"SearchAction","target":{"@type":"EntryPoint","urlTemplate":"https:\/\/asteralabs.org\/it\/?s={search_term_string}"},"query-input":"required name=search_term_string"}],"inLanguage":"it-IT"},{"@type":"Organization","@id":"https:\/\/asteralabs.org\/it\/#organization","name":"Astera Labs","url":"https:\/\/asteralabs.org\/it\/","logo":{"@type":"ImageObject","inLanguage":"it-IT","@id":"https:\/\/asteralabs.org\/it\/#\/schema\/logo\/image\/","url":"https:\/\/asteralabs.org\/wp-content\/uploads\/2022\/12\/astera-2.png","contentUrl":"https:\/\/asteralabs.org\/wp-content\/uploads\/2022\/12\/astera-2.png","width":437,"height":111,"caption":"Astera Labs"},"image":{"@id":"https:\/\/asteralabs.org\/it\/#\/schema\/logo\/image\/"}}]}},"_links":{"self":[{"href":"https:\/\/asteralabs.org\/it\/wp-json\/wp\/v2\/product\/78054"}],"collection":[{"href":"https:\/\/asteralabs.org\/it\/wp-json\/wp\/v2\/product"}],"about":[{"href":"https:\/\/asteralabs.org\/it\/wp-json\/wp\/v2\/types\/product"}],"replies":[{"embeddable":true,"href":"https:\/\/asteralabs.org\/it\/wp-json\/wp\/v2\/comments?post=78054"}],"version-history":[{"count":2,"href":"https:\/\/asteralabs.org\/it\/wp-json\/wp\/v2\/product\/78054\/revisions"}],"predecessor-version":[{"id":79572,"href":"https:\/\/asteralabs.org\/it\/wp-json\/wp\/v2\/product\/78054\/revisions\/79572"}],"wp:featuredmedia":[{"embeddable":true,"href":"https:\/\/asteralabs.org\/it\/wp-json\/wp\/v2\/media\/76475"}],"wp:attachment":[{"href":"https:\/\/asteralabs.org\/it\/wp-json\/wp\/v2\/media?parent=78054"}],"wp:term":[{"taxonomy":"product_cat","embeddable":true,"href":"https:\/\/asteralabs.org\/it\/wp-json\/wp\/v2\/product_cat?post=78054"},{"taxonomy":"product_tag","embeddable":true,"href":"https:\/\/asteralabs.org\/it\/wp-json\/wp\/v2\/product_tag?post=78054"}],"curies":[{"name":"wp","href":"https:\/\/api.w.org\/{rel}","templated":true}]}}