{"id":78096,"date":"2023-09-07T12:20:03","date_gmt":"2023-09-07T12:20:03","guid":{"rendered":"https:\/\/asteralabs.org\/product\/lgd4033-50-compresse\/"},"modified":"2026-01-15T13:00:55","modified_gmt":"2026-01-15T13:00:55","slug":"lgd4033-50-compresse","status":"publish","type":"product","link":"https:\/\/asteralabs.org\/it\/product\/lgd4033-50-compresse\/","title":{"rendered":"LGD4033 50 compresse"},"content":{"rendered":"<p><strong>DOSAGGIO<\/strong>: LGD4033 Ligandrol 10 mg per compressa<\/p>\n<p><strong>CONTENUTO DELLA CONFEZIONE:<\/strong><\/p>\n<p>1 Bustina da 50 compresse, ciascuna contenente 10 mg<\/p>\n<p><strong>COSA E&#8217;:<\/strong><\/p>\n<p>Il Ligandrol, noto anche come LGD4033, \u00e8 un modulatore selettivo del recettore degli androgeni (SARM) noto per il suo potenziale nel promuovere un rapido aumento muscolare. Riconosciuto come la scelta migliore per il bulking tra i bodybuilder maschi e femmine, Ligandrol favorisce una maggiore attivit\u00e0 anabolica, una maggiore forza e una crescita muscolare sostanziale.<\/p>\n<p><strong>COME SI USA:<\/strong><\/p>\n<p>La dose per i principianti \u00e8 di circa 10 mg al giorno, quella intermedia di 20 mg al giorno e quella per i pi\u00f9 esperti di 30-40 mg al giorno. Pu\u00f2 essere assunta una volta al giorno, preferibilmente al mattino con il cibo. <strong><br \/>\nINFORMAZIONI SUL LOTTO:<br \/>\n<\/strong>Numero di lotto: <span data-sheets-root=\"1\">XN25652<\/span><br \/>\nData di produzione: <span data-sheets-root=\"1\" data-sheets-value=\"{&quot;1&quot;:2,&quot;2&quot;:&quot;03.2023.&quot;}\" data-sheets-userformat=\"{&quot;2&quot;:577,&quot;3&quot;:{&quot;1&quot;:0},&quot;9&quot;:0,&quot;12&quot;:0}\">10.2025.<\/span><br \/>\nData di scadenza: 10<span data-sheets-root=\"1\" data-sheets-value=\"{&quot;1&quot;:2,&quot;2&quot;:&quot;03.2026.&quot;}\" data-sheets-userformat=\"{&quot;2&quot;:637,&quot;3&quot;:{&quot;1&quot;:0},&quot;5&quot;:{&quot;1&quot;:[{&quot;1&quot;:2,&quot;2&quot;:0,&quot;5&quot;:{&quot;1&quot;:2,&quot;2&quot;:0}},{&quot;1&quot;:0,&quot;2&quot;:0,&quot;3&quot;:3},{&quot;1&quot;:1,&quot;2&quot;:0,&quot;4&quot;:1}]},&quot;6&quot;:{&quot;1&quot;:[{&quot;1&quot;:2,&quot;2&quot;:0,&quot;5&quot;:{&quot;1&quot;:2,&quot;2&quot;:0}},{&quot;1&quot;:0,&quot;2&quot;:0,&quot;3&quot;:3},{&quot;1&quot;:1,&quot;2&quot;:0,&quot;4&quot;:1}]},&quot;7&quot;:{&quot;1&quot;:[{&quot;1&quot;:2,&quot;2&quot;:0,&quot;5&quot;:{&quot;1&quot;:2,&quot;2&quot;:0}},{&quot;1&quot;:0,&quot;2&quot;:0,&quot;3&quot;:3},{&quot;1&quot;:1,&quot;2&quot;:0,&quot;4&quot;:1}]},&quot;8&quot;:{&quot;1&quot;:[{&quot;1&quot;:2,&quot;2&quot;:0,&quot;5&quot;:{&quot;1&quot;:2,&quot;2&quot;:0}},{&quot;1&quot;:0,&quot;2&quot;:0,&quot;3&quot;:3},{&quot;1&quot;:1,&quot;2&quot;:0,&quot;4&quot;:1}]},&quot;9&quot;:0,&quot;12&quot;:0}\">.2028.<\/span><\/p>\n","protected":false},"excerpt":{"rendered":"<p>DOSAGGIO: LGD4033 Ligandrol 10 mg per compressa CONTENUTO DELLA CONFEZIONE: 1 Bustina da 50 compresse, ciascuna contenente 10 mg COSA E&#8217;: Il Ligandrol, noto anche come LGD4033, \u00e8 un modulatore selettivo del recettore degli androgeni (SARM) noto per il suo potenziale nel promuovere un rapido aumento muscolare. Riconosciuto come la scelta migliore per il bulking&hellip;<\/p>\n","protected":false},"featured_media":76427,"comment_status":"closed","ping_status":"closed","template":"","meta":[],"product_cat":[159,198],"product_tag":[],"yoast_head":"<!-- This site is optimized with the Yoast SEO plugin v23.0 - https:\/\/yoast.com\/wordpress\/plugins\/seo\/ -->\n<title>LGD4033 50 compresse - Astera Labs<\/title>\n<meta name=\"robots\" content=\"index, follow, max-snippet:-1, max-image-preview:large, max-video-preview:-1\" \/>\n<link rel=\"canonical\" href=\"https:\/\/asteralabs.org\/it\/product\/lgd4033-50-compresse\/\" \/>\n<meta property=\"og:locale\" content=\"it_IT\" \/>\n<meta property=\"og:type\" content=\"article\" \/>\n<meta property=\"og:title\" content=\"LGD4033 50 compresse - Astera Labs\" \/>\n<meta property=\"og:description\" content=\"DOSAGGIO: LGD4033 Ligandrol 10 mg per compressa CONTENUTO DELLA CONFEZIONE: 1 Bustina da 50 compresse, ciascuna contenente 10 mg COSA E&#8217;: Il Ligandrol, noto anche come LGD4033, \u00e8 un modulatore selettivo del recettore degli androgeni (SARM) noto per il suo potenziale nel promuovere un rapido aumento muscolare. Riconosciuto come la scelta migliore per il bulking&hellip;\" \/>\n<meta property=\"og:url\" content=\"https:\/\/asteralabs.org\/it\/product\/lgd4033-50-compresse\/\" \/>\n<meta property=\"og:site_name\" content=\"Astera Labs\" \/>\n<meta property=\"article:modified_time\" content=\"2026-01-15T13:00:55+00:00\" \/>\n<meta property=\"og:image\" content=\"https:\/\/asteralabs.org\/wp-content\/uploads\/2023\/09\/Astera-zipbag-SARMs-LGD4033.png\" \/>\n\t<meta property=\"og:image:width\" content=\"2000\" \/>\n\t<meta property=\"og:image:height\" content=\"2000\" \/>\n\t<meta property=\"og:image:type\" content=\"image\/png\" \/>\n<meta name=\"twitter:card\" content=\"summary_large_image\" \/>\n<script type=\"application\/ld+json\" class=\"yoast-schema-graph\">{\"@context\":\"https:\/\/schema.org\",\"@graph\":[{\"@type\":\"WebPage\",\"@id\":\"https:\/\/asteralabs.org\/it\/product\/lgd4033-50-compresse\/\",\"url\":\"https:\/\/asteralabs.org\/it\/product\/lgd4033-50-compresse\/\",\"name\":\"LGD4033 50 compresse - Astera Labs\",\"isPartOf\":{\"@id\":\"https:\/\/asteralabs.org\/it\/#website\"},\"primaryImageOfPage\":{\"@id\":\"https:\/\/asteralabs.org\/it\/product\/lgd4033-50-compresse\/#primaryimage\"},\"image\":{\"@id\":\"https:\/\/asteralabs.org\/it\/product\/lgd4033-50-compresse\/#primaryimage\"},\"thumbnailUrl\":\"https:\/\/asteralabs.org\/wp-content\/uploads\/2023\/09\/Astera-zipbag-SARMs-LGD4033.png\",\"datePublished\":\"2023-09-07T12:20:03+00:00\",\"dateModified\":\"2026-01-15T13:00:55+00:00\",\"breadcrumb\":{\"@id\":\"https:\/\/asteralabs.org\/it\/product\/lgd4033-50-compresse\/#breadcrumb\"},\"inLanguage\":\"it-IT\",\"potentialAction\":[{\"@type\":\"ReadAction\",\"target\":[\"https:\/\/asteralabs.org\/it\/product\/lgd4033-50-compresse\/\"]}]},{\"@type\":\"ImageObject\",\"inLanguage\":\"it-IT\",\"@id\":\"https:\/\/asteralabs.org\/it\/product\/lgd4033-50-compresse\/#primaryimage\",\"url\":\"https:\/\/asteralabs.org\/wp-content\/uploads\/2023\/09\/Astera-zipbag-SARMs-LGD4033.png\",\"contentUrl\":\"https:\/\/asteralabs.org\/wp-content\/uploads\/2023\/09\/Astera-zipbag-SARMs-LGD4033.png\",\"width\":2000,\"height\":2000},{\"@type\":\"BreadcrumbList\",\"@id\":\"https:\/\/asteralabs.org\/it\/product\/lgd4033-50-compresse\/#breadcrumb\",\"itemListElement\":[{\"@type\":\"ListItem\",\"position\":1,\"name\":\"Home\",\"item\":\"https:\/\/asteralabs.org\/it\/\"},{\"@type\":\"ListItem\",\"position\":2,\"name\":\"Negozio\",\"item\":\"https:\/\/asteralabs.org\/negozio\/\"},{\"@type\":\"ListItem\",\"position\":3,\"name\":\"LGD4033 50 compresse\"}]},{\"@type\":\"WebSite\",\"@id\":\"https:\/\/asteralabs.org\/it\/#website\",\"url\":\"https:\/\/asteralabs.org\/it\/\",\"name\":\"Astera Labs\",\"description\":\"Improve Your Quality Of Life\",\"publisher\":{\"@id\":\"https:\/\/asteralabs.org\/it\/#organization\"},\"potentialAction\":[{\"@type\":\"SearchAction\",\"target\":{\"@type\":\"EntryPoint\",\"urlTemplate\":\"https:\/\/asteralabs.org\/it\/?s={search_term_string}\"},\"query-input\":\"required name=search_term_string\"}],\"inLanguage\":\"it-IT\"},{\"@type\":\"Organization\",\"@id\":\"https:\/\/asteralabs.org\/it\/#organization\",\"name\":\"Astera Labs\",\"url\":\"https:\/\/asteralabs.org\/it\/\",\"logo\":{\"@type\":\"ImageObject\",\"inLanguage\":\"it-IT\",\"@id\":\"https:\/\/asteralabs.org\/it\/#\/schema\/logo\/image\/\",\"url\":\"https:\/\/asteralabs.org\/wp-content\/uploads\/2022\/12\/astera-2.png\",\"contentUrl\":\"https:\/\/asteralabs.org\/wp-content\/uploads\/2022\/12\/astera-2.png\",\"width\":437,\"height\":111,\"caption\":\"Astera Labs\"},\"image\":{\"@id\":\"https:\/\/asteralabs.org\/it\/#\/schema\/logo\/image\/\"}}]}<\/script>\n<!-- \/ Yoast SEO plugin. -->","yoast_head_json":{"title":"LGD4033 50 compresse - Astera Labs","robots":{"index":"index","follow":"follow","max-snippet":"max-snippet:-1","max-image-preview":"max-image-preview:large","max-video-preview":"max-video-preview:-1"},"canonical":"https:\/\/asteralabs.org\/it\/product\/lgd4033-50-compresse\/","og_locale":"it_IT","og_type":"article","og_title":"LGD4033 50 compresse - Astera Labs","og_description":"DOSAGGIO: LGD4033 Ligandrol 10 mg per compressa CONTENUTO DELLA CONFEZIONE: 1 Bustina da 50 compresse, ciascuna contenente 10 mg COSA E&#8217;: Il Ligandrol, noto anche come LGD4033, \u00e8 un modulatore selettivo del recettore degli androgeni (SARM) noto per il suo potenziale nel promuovere un rapido aumento muscolare. Riconosciuto come la scelta migliore per il bulking&hellip;","og_url":"https:\/\/asteralabs.org\/it\/product\/lgd4033-50-compresse\/","og_site_name":"Astera Labs","article_modified_time":"2026-01-15T13:00:55+00:00","og_image":[{"width":2000,"height":2000,"url":"https:\/\/asteralabs.org\/wp-content\/uploads\/2023\/09\/Astera-zipbag-SARMs-LGD4033.png","type":"image\/png"}],"twitter_card":"summary_large_image","schema":{"@context":"https:\/\/schema.org","@graph":[{"@type":"WebPage","@id":"https:\/\/asteralabs.org\/it\/product\/lgd4033-50-compresse\/","url":"https:\/\/asteralabs.org\/it\/product\/lgd4033-50-compresse\/","name":"LGD4033 50 compresse - Astera Labs","isPartOf":{"@id":"https:\/\/asteralabs.org\/it\/#website"},"primaryImageOfPage":{"@id":"https:\/\/asteralabs.org\/it\/product\/lgd4033-50-compresse\/#primaryimage"},"image":{"@id":"https:\/\/asteralabs.org\/it\/product\/lgd4033-50-compresse\/#primaryimage"},"thumbnailUrl":"https:\/\/asteralabs.org\/wp-content\/uploads\/2023\/09\/Astera-zipbag-SARMs-LGD4033.png","datePublished":"2023-09-07T12:20:03+00:00","dateModified":"2026-01-15T13:00:55+00:00","breadcrumb":{"@id":"https:\/\/asteralabs.org\/it\/product\/lgd4033-50-compresse\/#breadcrumb"},"inLanguage":"it-IT","potentialAction":[{"@type":"ReadAction","target":["https:\/\/asteralabs.org\/it\/product\/lgd4033-50-compresse\/"]}]},{"@type":"ImageObject","inLanguage":"it-IT","@id":"https:\/\/asteralabs.org\/it\/product\/lgd4033-50-compresse\/#primaryimage","url":"https:\/\/asteralabs.org\/wp-content\/uploads\/2023\/09\/Astera-zipbag-SARMs-LGD4033.png","contentUrl":"https:\/\/asteralabs.org\/wp-content\/uploads\/2023\/09\/Astera-zipbag-SARMs-LGD4033.png","width":2000,"height":2000},{"@type":"BreadcrumbList","@id":"https:\/\/asteralabs.org\/it\/product\/lgd4033-50-compresse\/#breadcrumb","itemListElement":[{"@type":"ListItem","position":1,"name":"Home","item":"https:\/\/asteralabs.org\/it\/"},{"@type":"ListItem","position":2,"name":"Negozio","item":"https:\/\/asteralabs.org\/negozio\/"},{"@type":"ListItem","position":3,"name":"LGD4033 50 compresse"}]},{"@type":"WebSite","@id":"https:\/\/asteralabs.org\/it\/#website","url":"https:\/\/asteralabs.org\/it\/","name":"Astera Labs","description":"Improve Your Quality Of Life","publisher":{"@id":"https:\/\/asteralabs.org\/it\/#organization"},"potentialAction":[{"@type":"SearchAction","target":{"@type":"EntryPoint","urlTemplate":"https:\/\/asteralabs.org\/it\/?s={search_term_string}"},"query-input":"required name=search_term_string"}],"inLanguage":"it-IT"},{"@type":"Organization","@id":"https:\/\/asteralabs.org\/it\/#organization","name":"Astera Labs","url":"https:\/\/asteralabs.org\/it\/","logo":{"@type":"ImageObject","inLanguage":"it-IT","@id":"https:\/\/asteralabs.org\/it\/#\/schema\/logo\/image\/","url":"https:\/\/asteralabs.org\/wp-content\/uploads\/2022\/12\/astera-2.png","contentUrl":"https:\/\/asteralabs.org\/wp-content\/uploads\/2022\/12\/astera-2.png","width":437,"height":111,"caption":"Astera Labs"},"image":{"@id":"https:\/\/asteralabs.org\/it\/#\/schema\/logo\/image\/"}}]}},"_links":{"self":[{"href":"https:\/\/asteralabs.org\/it\/wp-json\/wp\/v2\/product\/78096"}],"collection":[{"href":"https:\/\/asteralabs.org\/it\/wp-json\/wp\/v2\/product"}],"about":[{"href":"https:\/\/asteralabs.org\/it\/wp-json\/wp\/v2\/types\/product"}],"replies":[{"embeddable":true,"href":"https:\/\/asteralabs.org\/it\/wp-json\/wp\/v2\/comments?post=78096"}],"version-history":[{"count":2,"href":"https:\/\/asteralabs.org\/it\/wp-json\/wp\/v2\/product\/78096\/revisions"}],"predecessor-version":[{"id":79812,"href":"https:\/\/asteralabs.org\/it\/wp-json\/wp\/v2\/product\/78096\/revisions\/79812"}],"wp:featuredmedia":[{"embeddable":true,"href":"https:\/\/asteralabs.org\/it\/wp-json\/wp\/v2\/media\/76427"}],"wp:attachment":[{"href":"https:\/\/asteralabs.org\/it\/wp-json\/wp\/v2\/media?parent=78096"}],"wp:term":[{"taxonomy":"product_cat","embeddable":true,"href":"https:\/\/asteralabs.org\/it\/wp-json\/wp\/v2\/product_cat?post=78096"},{"taxonomy":"product_tag","embeddable":true,"href":"https:\/\/asteralabs.org\/it\/wp-json\/wp\/v2\/product_tag?post=78096"}],"curies":[{"name":"wp","href":"https:\/\/api.w.org\/{rel}","templated":true}]}}