{"id":78145,"date":"2023-01-10T23:00:06","date_gmt":"2023-01-10T23:00:06","guid":{"rendered":"https:\/\/asteralabs.org\/product\/clenbuterolo-hcl\/"},"modified":"2026-01-16T08:33:04","modified_gmt":"2026-01-16T08:33:04","slug":"clenbuterolo-hcl","status":"publish","type":"product","link":"https:\/\/asteralabs.org\/it\/product\/clenbuterolo-hcl\/","title":{"rendered":"Clenbuterolo HCL"},"content":{"rendered":"<p><strong>DOSAGGIO: <\/strong><br \/>\nClenbuterolo HCL 40mcg\/tab<\/p>\n<p><strong>CONTENUTO DELLA CONFEZIONE: <\/strong><br \/>\n<span style=\"font-weight: 400;\">1 confezione da 100 compresse (40 mcg\/cpr)<\/span><\/p>\n<p><strong>A CHE COSA \u00c8: <\/strong><br \/>\n<span style=\"font-weight: 400;\">Il clenbuterolo \u00e8 un\u2019ammina simpaticomimetica utilizzata da chi soffre di disturbi respiratori <\/span><span style=\"font-weight: 400;\">in virt\u00f9 delle sue caratteristiche decongestionanti e broncodilatatrici<\/span><span style=\"font-weight: 400;\">. Per quanto riguarda l\u2019uso del clenbuterolo <\/span><span style=\"font-weight: 400;\">in ambito sportivo<\/span><span style=\"font-weight: 400;\">, la sua funzione di agonista beta-2 pu\u00f2 contribuire ad aumentare la lipolisi. Questo avviene attraverso un <\/span><span style=\"font-weight: 400;\">incremento <\/span><span style=\"font-weight: 400;\">del tasso metabolico basale e una maggiore produzione di calore nei mitocondri<\/span><span style=\"font-weight: 400;\">, che contribuisce a sollevare <\/span><span style=\"font-weight: 400;\">la temperatura corporea e quindi la termogenesi. Inoltre, \u00e8 stato dimostrato che il clenbuterolo \u00e8 in grado di stimolare direttamente le cellule adipose e accelerare la scomposizione dei trigliceridi, formando cos\u00ec acidi grassi liberi.<\/span><\/p>\n<p><strong>COME SI USA: <\/strong><br \/>\n<span style=\"font-weight: 400;\">Sebbene abbia un\u2019emivita molto lunga, \u00e8 consigliabile suddividere <\/span><span style=\"font-weight: 400;\">il dosaggio <\/span><span style=\"font-weight: 400;\">in tre somministrazioni distanziate nel corso della giornata. La dose iniziale \u00e8 solitamente di 20 mcg, ma \u00e8 consigliabile <\/span><span style=\"font-weight: 400;\">aumentarla un <\/span><span style=\"font-weight: 400;\">poco alla volta ogni volta che smette di esercitare il suo effetto (<\/span><span style=\"font-weight: 400;\">sono preferibili i cicli piramidali<\/span><span style=\"font-weight: 400;\">). Per evitare effetti collaterali indesiderati come tachicardia o rimodellamento cardiaco, \u00e8 consigliabile associarlo a basse dosi di <\/span><span style=\"font-weight: 400;\">nebivololo<\/span><span style=\"font-weight: 400;\">.<\/span><\/p>\n<p><strong>INFORMAZIONI SUL LOTTO:<br \/>\n<\/strong>Numero di lotto: <span data-sheets-root=\"1\" data-sheets-value=\"{\" data-sheets-userformat=\"{\">AD21833<\/span><br \/>\nData di produzione: <span data-sheets-root=\"1\" data-sheets-value=\"{\" data-sheets-userformat=\"{\">10.2025.<\/span><br \/>\nData di scadenza: <span data-sheets-root=\"1\" data-sheets-value=\"{\" data-sheets-userformat=\"{\">10.2028.<\/span><\/p>\n","protected":false},"excerpt":{"rendered":"<p>DOSAGGIO: Clenbuterolo HCL 40mcg\/tab CONTENUTO DELLA CONFEZIONE: 1 confezione da 100 compresse (40 mcg\/cpr) A CHE COSA \u00c8: Il clenbuterolo \u00e8 un\u2019ammina simpaticomimetica utilizzata da chi soffre di disturbi respiratori in virt\u00f9 delle sue caratteristiche decongestionanti e broncodilatatrici. Per quanto riguarda l\u2019uso del clenbuterolo in ambito sportivo, la sua funzione di agonista beta-2 pu\u00f2 contribuire&hellip;<\/p>\n","protected":false},"featured_media":76227,"comment_status":"open","ping_status":"closed","template":"","meta":[],"product_cat":[159,176],"product_tag":[],"yoast_head":"<!-- This site is optimized with the Yoast SEO plugin v23.0 - https:\/\/yoast.com\/wordpress\/plugins\/seo\/ -->\n<title>Clenbuterolo HCL - Astera Labs<\/title>\n<meta name=\"robots\" content=\"index, follow, max-snippet:-1, max-image-preview:large, max-video-preview:-1\" \/>\n<link rel=\"canonical\" href=\"https:\/\/asteralabs.org\/it\/product\/clenbuterolo-hcl\/\" \/>\n<meta property=\"og:locale\" content=\"it_IT\" \/>\n<meta property=\"og:type\" content=\"article\" \/>\n<meta property=\"og:title\" content=\"Clenbuterolo HCL - Astera Labs\" \/>\n<meta property=\"og:description\" content=\"DOSAGGIO: Clenbuterolo HCL 40mcg\/tab CONTENUTO DELLA CONFEZIONE: 1 confezione da 100 compresse (40 mcg\/cpr) A CHE COSA \u00c8: Il clenbuterolo \u00e8 un\u2019ammina simpaticomimetica utilizzata da chi soffre di disturbi respiratori in virt\u00f9 delle sue caratteristiche decongestionanti e broncodilatatrici. Per quanto riguarda l\u2019uso del clenbuterolo in ambito sportivo, la sua funzione di agonista beta-2 pu\u00f2 contribuire&hellip;\" \/>\n<meta property=\"og:url\" content=\"https:\/\/asteralabs.org\/it\/product\/clenbuterolo-hcl\/\" \/>\n<meta property=\"og:site_name\" content=\"Astera Labs\" \/>\n<meta property=\"article:modified_time\" content=\"2026-01-16T08:33:04+00:00\" \/>\n<meta property=\"og:image\" content=\"https:\/\/asteralabs.org\/wp-content\/uploads\/2023\/01\/Clenbuterol-HCL-mockup-nbg.png\" \/>\n\t<meta property=\"og:image:width\" content=\"2000\" \/>\n\t<meta property=\"og:image:height\" content=\"2000\" \/>\n\t<meta property=\"og:image:type\" content=\"image\/png\" \/>\n<meta name=\"twitter:card\" content=\"summary_large_image\" \/>\n<script type=\"application\/ld+json\" class=\"yoast-schema-graph\">{\"@context\":\"https:\/\/schema.org\",\"@graph\":[{\"@type\":\"WebPage\",\"@id\":\"https:\/\/asteralabs.org\/it\/product\/clenbuterolo-hcl\/\",\"url\":\"https:\/\/asteralabs.org\/it\/product\/clenbuterolo-hcl\/\",\"name\":\"Clenbuterolo HCL - Astera Labs\",\"isPartOf\":{\"@id\":\"https:\/\/asteralabs.org\/it\/#website\"},\"primaryImageOfPage\":{\"@id\":\"https:\/\/asteralabs.org\/it\/product\/clenbuterolo-hcl\/#primaryimage\"},\"image\":{\"@id\":\"https:\/\/asteralabs.org\/it\/product\/clenbuterolo-hcl\/#primaryimage\"},\"thumbnailUrl\":\"https:\/\/asteralabs.org\/wp-content\/uploads\/2023\/01\/Clenbuterol-HCL-mockup-nbg.png\",\"datePublished\":\"2023-01-10T23:00:06+00:00\",\"dateModified\":\"2026-01-16T08:33:04+00:00\",\"breadcrumb\":{\"@id\":\"https:\/\/asteralabs.org\/it\/product\/clenbuterolo-hcl\/#breadcrumb\"},\"inLanguage\":\"it-IT\",\"potentialAction\":[{\"@type\":\"ReadAction\",\"target\":[\"https:\/\/asteralabs.org\/it\/product\/clenbuterolo-hcl\/\"]}]},{\"@type\":\"ImageObject\",\"inLanguage\":\"it-IT\",\"@id\":\"https:\/\/asteralabs.org\/it\/product\/clenbuterolo-hcl\/#primaryimage\",\"url\":\"https:\/\/asteralabs.org\/wp-content\/uploads\/2023\/01\/Clenbuterol-HCL-mockup-nbg.png\",\"contentUrl\":\"https:\/\/asteralabs.org\/wp-content\/uploads\/2023\/01\/Clenbuterol-HCL-mockup-nbg.png\",\"width\":2000,\"height\":2000},{\"@type\":\"BreadcrumbList\",\"@id\":\"https:\/\/asteralabs.org\/it\/product\/clenbuterolo-hcl\/#breadcrumb\",\"itemListElement\":[{\"@type\":\"ListItem\",\"position\":1,\"name\":\"Home\",\"item\":\"https:\/\/asteralabs.org\/it\/\"},{\"@type\":\"ListItem\",\"position\":2,\"name\":\"Negozio\",\"item\":\"https:\/\/asteralabs.org\/negozio\/\"},{\"@type\":\"ListItem\",\"position\":3,\"name\":\"Clenbuterolo HCL\"}]},{\"@type\":\"WebSite\",\"@id\":\"https:\/\/asteralabs.org\/it\/#website\",\"url\":\"https:\/\/asteralabs.org\/it\/\",\"name\":\"Astera Labs\",\"description\":\"Improve Your Quality Of Life\",\"publisher\":{\"@id\":\"https:\/\/asteralabs.org\/it\/#organization\"},\"potentialAction\":[{\"@type\":\"SearchAction\",\"target\":{\"@type\":\"EntryPoint\",\"urlTemplate\":\"https:\/\/asteralabs.org\/it\/?s={search_term_string}\"},\"query-input\":\"required name=search_term_string\"}],\"inLanguage\":\"it-IT\"},{\"@type\":\"Organization\",\"@id\":\"https:\/\/asteralabs.org\/it\/#organization\",\"name\":\"Astera Labs\",\"url\":\"https:\/\/asteralabs.org\/it\/\",\"logo\":{\"@type\":\"ImageObject\",\"inLanguage\":\"it-IT\",\"@id\":\"https:\/\/asteralabs.org\/it\/#\/schema\/logo\/image\/\",\"url\":\"https:\/\/asteralabs.org\/wp-content\/uploads\/2022\/12\/astera-2.png\",\"contentUrl\":\"https:\/\/asteralabs.org\/wp-content\/uploads\/2022\/12\/astera-2.png\",\"width\":437,\"height\":111,\"caption\":\"Astera Labs\"},\"image\":{\"@id\":\"https:\/\/asteralabs.org\/it\/#\/schema\/logo\/image\/\"}}]}<\/script>\n<!-- \/ Yoast SEO plugin. -->","yoast_head_json":{"title":"Clenbuterolo HCL - Astera Labs","robots":{"index":"index","follow":"follow","max-snippet":"max-snippet:-1","max-image-preview":"max-image-preview:large","max-video-preview":"max-video-preview:-1"},"canonical":"https:\/\/asteralabs.org\/it\/product\/clenbuterolo-hcl\/","og_locale":"it_IT","og_type":"article","og_title":"Clenbuterolo HCL - Astera Labs","og_description":"DOSAGGIO: Clenbuterolo HCL 40mcg\/tab CONTENUTO DELLA CONFEZIONE: 1 confezione da 100 compresse (40 mcg\/cpr) A CHE COSA \u00c8: Il clenbuterolo \u00e8 un\u2019ammina simpaticomimetica utilizzata da chi soffre di disturbi respiratori in virt\u00f9 delle sue caratteristiche decongestionanti e broncodilatatrici. Per quanto riguarda l\u2019uso del clenbuterolo in ambito sportivo, la sua funzione di agonista beta-2 pu\u00f2 contribuire&hellip;","og_url":"https:\/\/asteralabs.org\/it\/product\/clenbuterolo-hcl\/","og_site_name":"Astera Labs","article_modified_time":"2026-01-16T08:33:04+00:00","og_image":[{"width":2000,"height":2000,"url":"https:\/\/asteralabs.org\/wp-content\/uploads\/2023\/01\/Clenbuterol-HCL-mockup-nbg.png","type":"image\/png"}],"twitter_card":"summary_large_image","schema":{"@context":"https:\/\/schema.org","@graph":[{"@type":"WebPage","@id":"https:\/\/asteralabs.org\/it\/product\/clenbuterolo-hcl\/","url":"https:\/\/asteralabs.org\/it\/product\/clenbuterolo-hcl\/","name":"Clenbuterolo HCL - Astera Labs","isPartOf":{"@id":"https:\/\/asteralabs.org\/it\/#website"},"primaryImageOfPage":{"@id":"https:\/\/asteralabs.org\/it\/product\/clenbuterolo-hcl\/#primaryimage"},"image":{"@id":"https:\/\/asteralabs.org\/it\/product\/clenbuterolo-hcl\/#primaryimage"},"thumbnailUrl":"https:\/\/asteralabs.org\/wp-content\/uploads\/2023\/01\/Clenbuterol-HCL-mockup-nbg.png","datePublished":"2023-01-10T23:00:06+00:00","dateModified":"2026-01-16T08:33:04+00:00","breadcrumb":{"@id":"https:\/\/asteralabs.org\/it\/product\/clenbuterolo-hcl\/#breadcrumb"},"inLanguage":"it-IT","potentialAction":[{"@type":"ReadAction","target":["https:\/\/asteralabs.org\/it\/product\/clenbuterolo-hcl\/"]}]},{"@type":"ImageObject","inLanguage":"it-IT","@id":"https:\/\/asteralabs.org\/it\/product\/clenbuterolo-hcl\/#primaryimage","url":"https:\/\/asteralabs.org\/wp-content\/uploads\/2023\/01\/Clenbuterol-HCL-mockup-nbg.png","contentUrl":"https:\/\/asteralabs.org\/wp-content\/uploads\/2023\/01\/Clenbuterol-HCL-mockup-nbg.png","width":2000,"height":2000},{"@type":"BreadcrumbList","@id":"https:\/\/asteralabs.org\/it\/product\/clenbuterolo-hcl\/#breadcrumb","itemListElement":[{"@type":"ListItem","position":1,"name":"Home","item":"https:\/\/asteralabs.org\/it\/"},{"@type":"ListItem","position":2,"name":"Negozio","item":"https:\/\/asteralabs.org\/negozio\/"},{"@type":"ListItem","position":3,"name":"Clenbuterolo HCL"}]},{"@type":"WebSite","@id":"https:\/\/asteralabs.org\/it\/#website","url":"https:\/\/asteralabs.org\/it\/","name":"Astera Labs","description":"Improve Your Quality Of Life","publisher":{"@id":"https:\/\/asteralabs.org\/it\/#organization"},"potentialAction":[{"@type":"SearchAction","target":{"@type":"EntryPoint","urlTemplate":"https:\/\/asteralabs.org\/it\/?s={search_term_string}"},"query-input":"required name=search_term_string"}],"inLanguage":"it-IT"},{"@type":"Organization","@id":"https:\/\/asteralabs.org\/it\/#organization","name":"Astera Labs","url":"https:\/\/asteralabs.org\/it\/","logo":{"@type":"ImageObject","inLanguage":"it-IT","@id":"https:\/\/asteralabs.org\/it\/#\/schema\/logo\/image\/","url":"https:\/\/asteralabs.org\/wp-content\/uploads\/2022\/12\/astera-2.png","contentUrl":"https:\/\/asteralabs.org\/wp-content\/uploads\/2022\/12\/astera-2.png","width":437,"height":111,"caption":"Astera Labs"},"image":{"@id":"https:\/\/asteralabs.org\/it\/#\/schema\/logo\/image\/"}}]}},"_links":{"self":[{"href":"https:\/\/asteralabs.org\/it\/wp-json\/wp\/v2\/product\/78145"}],"collection":[{"href":"https:\/\/asteralabs.org\/it\/wp-json\/wp\/v2\/product"}],"about":[{"href":"https:\/\/asteralabs.org\/it\/wp-json\/wp\/v2\/types\/product"}],"replies":[{"embeddable":true,"href":"https:\/\/asteralabs.org\/it\/wp-json\/wp\/v2\/comments?post=78145"}],"version-history":[{"count":2,"href":"https:\/\/asteralabs.org\/it\/wp-json\/wp\/v2\/product\/78145\/revisions"}],"predecessor-version":[{"id":78787,"href":"https:\/\/asteralabs.org\/it\/wp-json\/wp\/v2\/product\/78145\/revisions\/78787"}],"wp:featuredmedia":[{"embeddable":true,"href":"https:\/\/asteralabs.org\/it\/wp-json\/wp\/v2\/media\/76227"}],"wp:attachment":[{"href":"https:\/\/asteralabs.org\/it\/wp-json\/wp\/v2\/media?parent=78145"}],"wp:term":[{"taxonomy":"product_cat","embeddable":true,"href":"https:\/\/asteralabs.org\/it\/wp-json\/wp\/v2\/product_cat?post=78145"},{"taxonomy":"product_tag","embeddable":true,"href":"https:\/\/asteralabs.org\/it\/wp-json\/wp\/v2\/product_tag?post=78145"}],"curies":[{"name":"wp","href":"https:\/\/api.w.org\/{rel}","templated":true}]}}