{"id":78161,"date":"2023-01-10T22:58:54","date_gmt":"2023-01-10T22:58:54","guid":{"rendered":"https:\/\/asteralabs.org\/product\/metiltrenbolone\/"},"modified":"2026-01-16T10:14:27","modified_gmt":"2026-01-16T10:14:27","slug":"metiltrenbolone","status":"publish","type":"product","link":"https:\/\/asteralabs.org\/it\/product\/metiltrenbolone\/","title":{"rendered":"Metiltrenbolone"},"content":{"rendered":"<p><strong>DOSAGGIO: <\/strong><br \/>\nMetiltrenbolone 1mg\/tab <strong>CONTENUTO DELLA CONFEZIONE: <\/strong><br \/>\n1 bustina, 50 compresse, 1mg per compressa <strong>CHE COSA \u00c8: <\/strong><br \/>\nIl metribolone \u00e8 uno steroide anabolizzante-androgeno (AAS) sintetico e attivo per via orale, nonch\u00e9 un derivato del nandrolone 17\u03b1-alchilato (19-nortestosterone). \u00c8 uno degli steroidi pi\u00f9 potenti e tossici che esistano; i cambiamenti nella forza e nell&#8217;estetica che si osservano con il suo utilizzo sono impressionanti. <strong>COME SI USA: <\/strong><br \/>\nLe dosi giornaliere variano tra i 500-1000mcg divisi in 2 dosi, anche se la maggior parte degli utenti lo usa qualche ora prima dell&#8217;allenamento. \u00c8 sconsigliato l&#8217;uso per pi\u00f9 di 2 settimane di seguito, \u00e8 obbligatorio usare un protettore del fegato come il TUDCA, mentre per evitare effetti collaterali psicologici sarebbe consigliabile usare il SAME poich\u00e9 \u00e8 molto utile a livello epatico e anche a livello emotivo. <strong>INFORMAZIONI SUL LOTTO:<br \/>\n<\/strong>Numero di lotto: <span data-sheets-root=\"1\" data-sheets-value=\"{\" data-sheets-userformat=\"{\">RM67280<\/span><br \/>\nData di produzione: <span data-sheets-root=\"1\" data-sheets-value=\"{\" data-sheets-userformat=\"{\">10.2025.<\/span><br \/>\nData di scadenza: <span data-sheets-root=\"1\" data-sheets-value=\"{\" data-sheets-userformat=\"{\">10.2028.<\/span><\/p>\n","protected":false},"excerpt":{"rendered":"<p>DOSAGGIO: Metiltrenbolone 1mg\/tab CONTENUTO DELLA CONFEZIONE: 1 bustina, 50 compresse, 1mg per compressa CHE COSA \u00c8: Il metribolone \u00e8 uno steroide anabolizzante-androgeno (AAS) sintetico e attivo per via orale, nonch\u00e9 un derivato del nandrolone 17\u03b1-alchilato (19-nortestosterone). \u00c8 uno degli steroidi pi\u00f9 potenti e tossici che esistano; i cambiamenti nella forza e nell&#8217;estetica che si osservano&hellip;<\/p>\n","protected":false},"featured_media":76307,"comment_status":"open","ping_status":"closed","template":"","meta":[],"product_cat":[159,176],"product_tag":[],"yoast_head":"<!-- This site is optimized with the Yoast SEO plugin v23.0 - https:\/\/yoast.com\/wordpress\/plugins\/seo\/ -->\n<title>Metiltrenbolone - Astera Labs<\/title>\n<meta name=\"robots\" content=\"index, follow, max-snippet:-1, max-image-preview:large, max-video-preview:-1\" \/>\n<link rel=\"canonical\" href=\"https:\/\/asteralabs.org\/it\/product\/metiltrenbolone\/\" \/>\n<meta property=\"og:locale\" content=\"it_IT\" \/>\n<meta property=\"og:type\" content=\"article\" \/>\n<meta property=\"og:title\" content=\"Metiltrenbolone - Astera Labs\" \/>\n<meta property=\"og:description\" content=\"DOSAGGIO: Metiltrenbolone 1mg\/tab CONTENUTO DELLA CONFEZIONE: 1 bustina, 50 compresse, 1mg per compressa CHE COSA \u00c8: Il metribolone \u00e8 uno steroide anabolizzante-androgeno (AAS) sintetico e attivo per via orale, nonch\u00e9 un derivato del nandrolone 17\u03b1-alchilato (19-nortestosterone). \u00c8 uno degli steroidi pi\u00f9 potenti e tossici che esistano; i cambiamenti nella forza e nell&#8217;estetica che si osservano&hellip;\" \/>\n<meta property=\"og:url\" content=\"https:\/\/asteralabs.org\/it\/product\/metiltrenbolone\/\" \/>\n<meta property=\"og:site_name\" content=\"Astera Labs\" \/>\n<meta property=\"article:modified_time\" content=\"2026-01-16T10:14:27+00:00\" \/>\n<meta property=\"og:image\" content=\"https:\/\/asteralabs.org\/wp-content\/uploads\/2023\/01\/Methyltrenbolone-mockup-nbg.png\" \/>\n\t<meta property=\"og:image:width\" content=\"2000\" \/>\n\t<meta property=\"og:image:height\" content=\"2000\" \/>\n\t<meta property=\"og:image:type\" content=\"image\/png\" \/>\n<meta name=\"twitter:card\" content=\"summary_large_image\" \/>\n<script type=\"application\/ld+json\" class=\"yoast-schema-graph\">{\"@context\":\"https:\/\/schema.org\",\"@graph\":[{\"@type\":\"WebPage\",\"@id\":\"https:\/\/asteralabs.org\/it\/product\/metiltrenbolone\/\",\"url\":\"https:\/\/asteralabs.org\/it\/product\/metiltrenbolone\/\",\"name\":\"Metiltrenbolone - Astera Labs\",\"isPartOf\":{\"@id\":\"https:\/\/asteralabs.org\/it\/#website\"},\"primaryImageOfPage\":{\"@id\":\"https:\/\/asteralabs.org\/it\/product\/metiltrenbolone\/#primaryimage\"},\"image\":{\"@id\":\"https:\/\/asteralabs.org\/it\/product\/metiltrenbolone\/#primaryimage\"},\"thumbnailUrl\":\"https:\/\/asteralabs.org\/wp-content\/uploads\/2023\/01\/Methyltrenbolone-mockup-nbg.png\",\"datePublished\":\"2023-01-10T22:58:54+00:00\",\"dateModified\":\"2026-01-16T10:14:27+00:00\",\"breadcrumb\":{\"@id\":\"https:\/\/asteralabs.org\/it\/product\/metiltrenbolone\/#breadcrumb\"},\"inLanguage\":\"it-IT\",\"potentialAction\":[{\"@type\":\"ReadAction\",\"target\":[\"https:\/\/asteralabs.org\/it\/product\/metiltrenbolone\/\"]}]},{\"@type\":\"ImageObject\",\"inLanguage\":\"it-IT\",\"@id\":\"https:\/\/asteralabs.org\/it\/product\/metiltrenbolone\/#primaryimage\",\"url\":\"https:\/\/asteralabs.org\/wp-content\/uploads\/2023\/01\/Methyltrenbolone-mockup-nbg.png\",\"contentUrl\":\"https:\/\/asteralabs.org\/wp-content\/uploads\/2023\/01\/Methyltrenbolone-mockup-nbg.png\",\"width\":2000,\"height\":2000},{\"@type\":\"BreadcrumbList\",\"@id\":\"https:\/\/asteralabs.org\/it\/product\/metiltrenbolone\/#breadcrumb\",\"itemListElement\":[{\"@type\":\"ListItem\",\"position\":1,\"name\":\"Home\",\"item\":\"https:\/\/asteralabs.org\/it\/\"},{\"@type\":\"ListItem\",\"position\":2,\"name\":\"Negozio\",\"item\":\"https:\/\/asteralabs.org\/negozio\/\"},{\"@type\":\"ListItem\",\"position\":3,\"name\":\"Metiltrenbolone\"}]},{\"@type\":\"WebSite\",\"@id\":\"https:\/\/asteralabs.org\/it\/#website\",\"url\":\"https:\/\/asteralabs.org\/it\/\",\"name\":\"Astera Labs\",\"description\":\"Improve Your Quality Of Life\",\"publisher\":{\"@id\":\"https:\/\/asteralabs.org\/it\/#organization\"},\"potentialAction\":[{\"@type\":\"SearchAction\",\"target\":{\"@type\":\"EntryPoint\",\"urlTemplate\":\"https:\/\/asteralabs.org\/it\/?s={search_term_string}\"},\"query-input\":\"required name=search_term_string\"}],\"inLanguage\":\"it-IT\"},{\"@type\":\"Organization\",\"@id\":\"https:\/\/asteralabs.org\/it\/#organization\",\"name\":\"Astera Labs\",\"url\":\"https:\/\/asteralabs.org\/it\/\",\"logo\":{\"@type\":\"ImageObject\",\"inLanguage\":\"it-IT\",\"@id\":\"https:\/\/asteralabs.org\/it\/#\/schema\/logo\/image\/\",\"url\":\"https:\/\/asteralabs.org\/wp-content\/uploads\/2022\/12\/astera-2.png\",\"contentUrl\":\"https:\/\/asteralabs.org\/wp-content\/uploads\/2022\/12\/astera-2.png\",\"width\":437,\"height\":111,\"caption\":\"Astera Labs\"},\"image\":{\"@id\":\"https:\/\/asteralabs.org\/it\/#\/schema\/logo\/image\/\"}}]}<\/script>\n<!-- \/ Yoast SEO plugin. -->","yoast_head_json":{"title":"Metiltrenbolone - Astera Labs","robots":{"index":"index","follow":"follow","max-snippet":"max-snippet:-1","max-image-preview":"max-image-preview:large","max-video-preview":"max-video-preview:-1"},"canonical":"https:\/\/asteralabs.org\/it\/product\/metiltrenbolone\/","og_locale":"it_IT","og_type":"article","og_title":"Metiltrenbolone - Astera Labs","og_description":"DOSAGGIO: Metiltrenbolone 1mg\/tab CONTENUTO DELLA CONFEZIONE: 1 bustina, 50 compresse, 1mg per compressa CHE COSA \u00c8: Il metribolone \u00e8 uno steroide anabolizzante-androgeno (AAS) sintetico e attivo per via orale, nonch\u00e9 un derivato del nandrolone 17\u03b1-alchilato (19-nortestosterone). \u00c8 uno degli steroidi pi\u00f9 potenti e tossici che esistano; i cambiamenti nella forza e nell&#8217;estetica che si osservano&hellip;","og_url":"https:\/\/asteralabs.org\/it\/product\/metiltrenbolone\/","og_site_name":"Astera Labs","article_modified_time":"2026-01-16T10:14:27+00:00","og_image":[{"width":2000,"height":2000,"url":"https:\/\/asteralabs.org\/wp-content\/uploads\/2023\/01\/Methyltrenbolone-mockup-nbg.png","type":"image\/png"}],"twitter_card":"summary_large_image","schema":{"@context":"https:\/\/schema.org","@graph":[{"@type":"WebPage","@id":"https:\/\/asteralabs.org\/it\/product\/metiltrenbolone\/","url":"https:\/\/asteralabs.org\/it\/product\/metiltrenbolone\/","name":"Metiltrenbolone - Astera Labs","isPartOf":{"@id":"https:\/\/asteralabs.org\/it\/#website"},"primaryImageOfPage":{"@id":"https:\/\/asteralabs.org\/it\/product\/metiltrenbolone\/#primaryimage"},"image":{"@id":"https:\/\/asteralabs.org\/it\/product\/metiltrenbolone\/#primaryimage"},"thumbnailUrl":"https:\/\/asteralabs.org\/wp-content\/uploads\/2023\/01\/Methyltrenbolone-mockup-nbg.png","datePublished":"2023-01-10T22:58:54+00:00","dateModified":"2026-01-16T10:14:27+00:00","breadcrumb":{"@id":"https:\/\/asteralabs.org\/it\/product\/metiltrenbolone\/#breadcrumb"},"inLanguage":"it-IT","potentialAction":[{"@type":"ReadAction","target":["https:\/\/asteralabs.org\/it\/product\/metiltrenbolone\/"]}]},{"@type":"ImageObject","inLanguage":"it-IT","@id":"https:\/\/asteralabs.org\/it\/product\/metiltrenbolone\/#primaryimage","url":"https:\/\/asteralabs.org\/wp-content\/uploads\/2023\/01\/Methyltrenbolone-mockup-nbg.png","contentUrl":"https:\/\/asteralabs.org\/wp-content\/uploads\/2023\/01\/Methyltrenbolone-mockup-nbg.png","width":2000,"height":2000},{"@type":"BreadcrumbList","@id":"https:\/\/asteralabs.org\/it\/product\/metiltrenbolone\/#breadcrumb","itemListElement":[{"@type":"ListItem","position":1,"name":"Home","item":"https:\/\/asteralabs.org\/it\/"},{"@type":"ListItem","position":2,"name":"Negozio","item":"https:\/\/asteralabs.org\/negozio\/"},{"@type":"ListItem","position":3,"name":"Metiltrenbolone"}]},{"@type":"WebSite","@id":"https:\/\/asteralabs.org\/it\/#website","url":"https:\/\/asteralabs.org\/it\/","name":"Astera Labs","description":"Improve Your Quality Of Life","publisher":{"@id":"https:\/\/asteralabs.org\/it\/#organization"},"potentialAction":[{"@type":"SearchAction","target":{"@type":"EntryPoint","urlTemplate":"https:\/\/asteralabs.org\/it\/?s={search_term_string}"},"query-input":"required name=search_term_string"}],"inLanguage":"it-IT"},{"@type":"Organization","@id":"https:\/\/asteralabs.org\/it\/#organization","name":"Astera Labs","url":"https:\/\/asteralabs.org\/it\/","logo":{"@type":"ImageObject","inLanguage":"it-IT","@id":"https:\/\/asteralabs.org\/it\/#\/schema\/logo\/image\/","url":"https:\/\/asteralabs.org\/wp-content\/uploads\/2022\/12\/astera-2.png","contentUrl":"https:\/\/asteralabs.org\/wp-content\/uploads\/2022\/12\/astera-2.png","width":437,"height":111,"caption":"Astera Labs"},"image":{"@id":"https:\/\/asteralabs.org\/it\/#\/schema\/logo\/image\/"}}]}},"_links":{"self":[{"href":"https:\/\/asteralabs.org\/it\/wp-json\/wp\/v2\/product\/78161"}],"collection":[{"href":"https:\/\/asteralabs.org\/it\/wp-json\/wp\/v2\/product"}],"about":[{"href":"https:\/\/asteralabs.org\/it\/wp-json\/wp\/v2\/types\/product"}],"replies":[{"embeddable":true,"href":"https:\/\/asteralabs.org\/it\/wp-json\/wp\/v2\/comments?post=78161"}],"version-history":[{"count":0,"href":"https:\/\/asteralabs.org\/it\/wp-json\/wp\/v2\/product\/78161\/revisions"}],"wp:featuredmedia":[{"embeddable":true,"href":"https:\/\/asteralabs.org\/it\/wp-json\/wp\/v2\/media\/76307"}],"wp:attachment":[{"href":"https:\/\/asteralabs.org\/it\/wp-json\/wp\/v2\/media?parent=78161"}],"wp:term":[{"taxonomy":"product_cat","embeddable":true,"href":"https:\/\/asteralabs.org\/it\/wp-json\/wp\/v2\/product_cat?post=78161"},{"taxonomy":"product_tag","embeddable":true,"href":"https:\/\/asteralabs.org\/it\/wp-json\/wp\/v2\/product_tag?post=78161"}],"curies":[{"name":"wp","href":"https:\/\/api.w.org\/{rel}","templated":true}]}}