{"id":78167,"date":"2023-01-10T22:56:46","date_gmt":"2023-01-10T22:56:46","guid":{"rendered":"https:\/\/asteralabs.org\/product\/mibolerone-gocce-di-assegno\/"},"modified":"2026-01-16T10:20:54","modified_gmt":"2026-01-16T10:20:54","slug":"mibolerone-gocce-di-assegno","status":"publish","type":"product","link":"https:\/\/asteralabs.org\/it\/product\/mibolerone-gocce-di-assegno\/","title":{"rendered":"Mibolerone (Cheque Drops)"},"content":{"rendered":"<p><strong>DOSAGGIO: <\/strong><br \/>\nMibolerone 0.5mg\/tab <strong>CONTENUTO DELLA CONFEZIONE: <\/strong><br \/>\n1 bustina, 50 tabs, 0.5mg per tab <strong>cos&#8217;\u00e8: <\/strong><br \/>\nIl Mibolerone \u00e8 un derivato 7,17-dimetilato del nandrolone. \u00c8 uno steroide orale molto potente, ma i suoi usi sono molto specifici, soprattutto per le gare di powerlifting, strongman o sport di contatto per aumentare forza e aggressivit\u00e0. <strong>COME SI USA: <\/strong><br \/>\nSi consiglia di assumere da 0,5 a 1 mg 30 minuti prima di un evento sportivo di forza; l&#8217;atleta deve tenere presente che la pressione sanguigna pu\u00f2 salire a livelli pericolosi con il suo utilizzo. <strong>INFORMAZIONI SUL LOTTO:<br \/>\n<\/strong>Numero di lotto: <span data-sheets-root=\"1\" data-sheets-value=\"{\" data-sheets-userformat=\"{\">MD29854<\/span><br \/>\nData di produzione: <span data-sheets-root=\"1\" data-sheets-value=\"{\" data-sheets-userformat=\"{\">10.2025.<\/span><br \/>\nData di scadenza: <span data-sheets-root=\"1\" data-sheets-value=\"{\" data-sheets-userformat=\"{\">10.2028.<\/span><\/p>\n","protected":false},"excerpt":{"rendered":"<p>DOSAGGIO: Mibolerone 0.5mg\/tab CONTENUTO DELLA CONFEZIONE: 1 bustina, 50 tabs, 0.5mg per tab cos&#8217;\u00e8: Il Mibolerone \u00e8 un derivato 7,17-dimetilato del nandrolone. \u00c8 uno steroide orale molto potente, ma i suoi usi sono molto specifici, soprattutto per le gare di powerlifting, strongman o sport di contatto per aumentare forza e aggressivit\u00e0. COME SI USA: Si&hellip;<\/p>\n","protected":false},"featured_media":76315,"comment_status":"open","ping_status":"closed","template":"","meta":{"_acf_changed":false},"product_brand":[],"product_cat":[159,176],"product_tag":[],"class_list":{"0":"post-78167","1":"product","2":"type-product","3":"status-publish","4":"has-post-thumbnail","6":"product_cat-all-it","7":"product_cat-orals-it","8":"description-off","10":"first","11":"instock","12":"shipping-taxable","13":"product-type-simple"},"acf":[],"yoast_head":"<!-- This site is optimized with the Yoast SEO plugin v27.4 - https:\/\/yoast.com\/product\/yoast-seo-wordpress\/ -->\n<title>Mibolerone (Cheque Drops) - Astera Labs<\/title>\n<meta name=\"robots\" content=\"index, follow, max-snippet:-1, max-image-preview:large, max-video-preview:-1\" \/>\n<link rel=\"canonical\" href=\"https:\/\/asteralabs.org\/it\/product\/mibolerone-gocce-di-assegno\/\" \/>\n<meta property=\"og:locale\" content=\"it_IT\" \/>\n<meta property=\"og:type\" content=\"article\" \/>\n<meta property=\"og:title\" content=\"Mibolerone (Cheque Drops) - Astera Labs\" \/>\n<meta property=\"og:description\" content=\"DOSAGGIO: Mibolerone 0.5mg\/tab CONTENUTO DELLA CONFEZIONE: 1 bustina, 50 tabs, 0.5mg per tab cos&#8217;\u00e8: Il Mibolerone \u00e8 un derivato 7,17-dimetilato del nandrolone. \u00c8 uno steroide orale molto potente, ma i suoi usi sono molto specifici, soprattutto per le gare di powerlifting, strongman o sport di contatto per aumentare forza e aggressivit\u00e0. COME SI USA: Si&hellip;\" \/>\n<meta property=\"og:url\" content=\"https:\/\/asteralabs.org\/it\/product\/mibolerone-gocce-di-assegno\/\" \/>\n<meta property=\"og:site_name\" content=\"Astera Labs\" \/>\n<meta property=\"article:modified_time\" content=\"2026-01-16T10:20:54+00:00\" \/>\n<meta property=\"og:image\" content=\"https:\/\/asteralabs.org\/wp-content\/uploads\/2023\/01\/Mibolerone-cheque-drops-mockup-nbg.png\" \/>\n\t<meta property=\"og:image:width\" content=\"2000\" \/>\n\t<meta property=\"og:image:height\" content=\"2000\" \/>\n\t<meta property=\"og:image:type\" content=\"image\/png\" \/>\n<meta name=\"twitter:card\" content=\"summary_large_image\" \/>\n<script type=\"application\/ld+json\" class=\"yoast-schema-graph\">{\"@context\":\"https:\\\/\\\/schema.org\",\"@graph\":[{\"@type\":\"WebPage\",\"@id\":\"https:\\\/\\\/asteralabs.org\\\/it\\\/product\\\/mibolerone-gocce-di-assegno\\\/\",\"url\":\"https:\\\/\\\/asteralabs.org\\\/it\\\/product\\\/mibolerone-gocce-di-assegno\\\/\",\"name\":\"Mibolerone (Cheque Drops) - Astera Labs\",\"isPartOf\":{\"@id\":\"https:\\\/\\\/asteralabs.org\\\/it\\\/#website\"},\"primaryImageOfPage\":{\"@id\":\"https:\\\/\\\/asteralabs.org\\\/it\\\/product\\\/mibolerone-gocce-di-assegno\\\/#primaryimage\"},\"image\":{\"@id\":\"https:\\\/\\\/asteralabs.org\\\/it\\\/product\\\/mibolerone-gocce-di-assegno\\\/#primaryimage\"},\"thumbnailUrl\":\"https:\\\/\\\/asteralabs.org\\\/wp-content\\\/uploads\\\/2023\\\/01\\\/Mibolerone-cheque-drops-mockup-nbg.png\",\"datePublished\":\"2023-01-10T22:56:46+00:00\",\"dateModified\":\"2026-01-16T10:20:54+00:00\",\"breadcrumb\":{\"@id\":\"https:\\\/\\\/asteralabs.org\\\/it\\\/product\\\/mibolerone-gocce-di-assegno\\\/#breadcrumb\"},\"inLanguage\":\"it-IT\",\"potentialAction\":[{\"@type\":\"ReadAction\",\"target\":[\"https:\\\/\\\/asteralabs.org\\\/it\\\/product\\\/mibolerone-gocce-di-assegno\\\/\"]}]},{\"@type\":\"ImageObject\",\"inLanguage\":\"it-IT\",\"@id\":\"https:\\\/\\\/asteralabs.org\\\/it\\\/product\\\/mibolerone-gocce-di-assegno\\\/#primaryimage\",\"url\":\"https:\\\/\\\/asteralabs.org\\\/wp-content\\\/uploads\\\/2023\\\/01\\\/Mibolerone-cheque-drops-mockup-nbg.png\",\"contentUrl\":\"https:\\\/\\\/asteralabs.org\\\/wp-content\\\/uploads\\\/2023\\\/01\\\/Mibolerone-cheque-drops-mockup-nbg.png\",\"width\":2000,\"height\":2000},{\"@type\":\"BreadcrumbList\",\"@id\":\"https:\\\/\\\/asteralabs.org\\\/it\\\/product\\\/mibolerone-gocce-di-assegno\\\/#breadcrumb\",\"itemListElement\":[{\"@type\":\"ListItem\",\"position\":1,\"name\":\"Home\",\"item\":\"https:\\\/\\\/asteralabs.org\\\/it\\\/\"},{\"@type\":\"ListItem\",\"position\":2,\"name\":\"Negozio\",\"item\":\"https:\\\/\\\/asteralabs.org\\\/it\\\/negozio\\\/\"},{\"@type\":\"ListItem\",\"position\":3,\"name\":\"Mibolerone (Cheque Drops)\"}]},{\"@type\":\"WebSite\",\"@id\":\"https:\\\/\\\/asteralabs.org\\\/it\\\/#website\",\"url\":\"https:\\\/\\\/asteralabs.org\\\/it\\\/\",\"name\":\"Astera Labs\",\"description\":\"Improve Your Quality Of Life\",\"publisher\":{\"@id\":\"https:\\\/\\\/asteralabs.org\\\/it\\\/#organization\"},\"potentialAction\":[{\"@type\":\"SearchAction\",\"target\":{\"@type\":\"EntryPoint\",\"urlTemplate\":\"https:\\\/\\\/asteralabs.org\\\/it\\\/?s={search_term_string}\"},\"query-input\":{\"@type\":\"PropertyValueSpecification\",\"valueRequired\":true,\"valueName\":\"search_term_string\"}}],\"inLanguage\":\"it-IT\"},{\"@type\":\"Organization\",\"@id\":\"https:\\\/\\\/asteralabs.org\\\/it\\\/#organization\",\"name\":\"Astera Labs\",\"url\":\"https:\\\/\\\/asteralabs.org\\\/it\\\/\",\"logo\":{\"@type\":\"ImageObject\",\"inLanguage\":\"it-IT\",\"@id\":\"https:\\\/\\\/asteralabs.org\\\/it\\\/#\\\/schema\\\/logo\\\/image\\\/\",\"url\":\"https:\\\/\\\/asteralabs.org\\\/wp-content\\\/uploads\\\/2022\\\/12\\\/astera-2.png\",\"contentUrl\":\"https:\\\/\\\/asteralabs.org\\\/wp-content\\\/uploads\\\/2022\\\/12\\\/astera-2.png\",\"width\":437,\"height\":111,\"caption\":\"Astera Labs\"},\"image\":{\"@id\":\"https:\\\/\\\/asteralabs.org\\\/it\\\/#\\\/schema\\\/logo\\\/image\\\/\"}}]}<\/script>\n<!-- \/ Yoast SEO plugin. -->","yoast_head_json":{"title":"Mibolerone (Cheque Drops) - Astera Labs","robots":{"index":"index","follow":"follow","max-snippet":"max-snippet:-1","max-image-preview":"max-image-preview:large","max-video-preview":"max-video-preview:-1"},"canonical":"https:\/\/asteralabs.org\/it\/product\/mibolerone-gocce-di-assegno\/","og_locale":"it_IT","og_type":"article","og_title":"Mibolerone (Cheque Drops) - Astera Labs","og_description":"DOSAGGIO: Mibolerone 0.5mg\/tab CONTENUTO DELLA CONFEZIONE: 1 bustina, 50 tabs, 0.5mg per tab cos&#8217;\u00e8: Il Mibolerone \u00e8 un derivato 7,17-dimetilato del nandrolone. \u00c8 uno steroide orale molto potente, ma i suoi usi sono molto specifici, soprattutto per le gare di powerlifting, strongman o sport di contatto per aumentare forza e aggressivit\u00e0. COME SI USA: Si&hellip;","og_url":"https:\/\/asteralabs.org\/it\/product\/mibolerone-gocce-di-assegno\/","og_site_name":"Astera Labs","article_modified_time":"2026-01-16T10:20:54+00:00","og_image":[{"width":2000,"height":2000,"url":"https:\/\/asteralabs.org\/wp-content\/uploads\/2023\/01\/Mibolerone-cheque-drops-mockup-nbg.png","type":"image\/png"}],"twitter_card":"summary_large_image","schema":{"@context":"https:\/\/schema.org","@graph":[{"@type":"WebPage","@id":"https:\/\/asteralabs.org\/it\/product\/mibolerone-gocce-di-assegno\/","url":"https:\/\/asteralabs.org\/it\/product\/mibolerone-gocce-di-assegno\/","name":"Mibolerone (Cheque Drops) - Astera Labs","isPartOf":{"@id":"https:\/\/asteralabs.org\/it\/#website"},"primaryImageOfPage":{"@id":"https:\/\/asteralabs.org\/it\/product\/mibolerone-gocce-di-assegno\/#primaryimage"},"image":{"@id":"https:\/\/asteralabs.org\/it\/product\/mibolerone-gocce-di-assegno\/#primaryimage"},"thumbnailUrl":"https:\/\/asteralabs.org\/wp-content\/uploads\/2023\/01\/Mibolerone-cheque-drops-mockup-nbg.png","datePublished":"2023-01-10T22:56:46+00:00","dateModified":"2026-01-16T10:20:54+00:00","breadcrumb":{"@id":"https:\/\/asteralabs.org\/it\/product\/mibolerone-gocce-di-assegno\/#breadcrumb"},"inLanguage":"it-IT","potentialAction":[{"@type":"ReadAction","target":["https:\/\/asteralabs.org\/it\/product\/mibolerone-gocce-di-assegno\/"]}]},{"@type":"ImageObject","inLanguage":"it-IT","@id":"https:\/\/asteralabs.org\/it\/product\/mibolerone-gocce-di-assegno\/#primaryimage","url":"https:\/\/asteralabs.org\/wp-content\/uploads\/2023\/01\/Mibolerone-cheque-drops-mockup-nbg.png","contentUrl":"https:\/\/asteralabs.org\/wp-content\/uploads\/2023\/01\/Mibolerone-cheque-drops-mockup-nbg.png","width":2000,"height":2000},{"@type":"BreadcrumbList","@id":"https:\/\/asteralabs.org\/it\/product\/mibolerone-gocce-di-assegno\/#breadcrumb","itemListElement":[{"@type":"ListItem","position":1,"name":"Home","item":"https:\/\/asteralabs.org\/it\/"},{"@type":"ListItem","position":2,"name":"Negozio","item":"https:\/\/asteralabs.org\/it\/negozio\/"},{"@type":"ListItem","position":3,"name":"Mibolerone (Cheque Drops)"}]},{"@type":"WebSite","@id":"https:\/\/asteralabs.org\/it\/#website","url":"https:\/\/asteralabs.org\/it\/","name":"Astera Labs","description":"Improve Your Quality Of Life","publisher":{"@id":"https:\/\/asteralabs.org\/it\/#organization"},"potentialAction":[{"@type":"SearchAction","target":{"@type":"EntryPoint","urlTemplate":"https:\/\/asteralabs.org\/it\/?s={search_term_string}"},"query-input":{"@type":"PropertyValueSpecification","valueRequired":true,"valueName":"search_term_string"}}],"inLanguage":"it-IT"},{"@type":"Organization","@id":"https:\/\/asteralabs.org\/it\/#organization","name":"Astera Labs","url":"https:\/\/asteralabs.org\/it\/","logo":{"@type":"ImageObject","inLanguage":"it-IT","@id":"https:\/\/asteralabs.org\/it\/#\/schema\/logo\/image\/","url":"https:\/\/asteralabs.org\/wp-content\/uploads\/2022\/12\/astera-2.png","contentUrl":"https:\/\/asteralabs.org\/wp-content\/uploads\/2022\/12\/astera-2.png","width":437,"height":111,"caption":"Astera Labs"},"image":{"@id":"https:\/\/asteralabs.org\/it\/#\/schema\/logo\/image\/"}}]}},"_links":{"self":[{"href":"https:\/\/asteralabs.org\/it\/wp-json\/wp\/v2\/product\/78167","targetHints":{"allow":["GET"]}}],"collection":[{"href":"https:\/\/asteralabs.org\/it\/wp-json\/wp\/v2\/product"}],"about":[{"href":"https:\/\/asteralabs.org\/it\/wp-json\/wp\/v2\/types\/product"}],"replies":[{"embeddable":true,"href":"https:\/\/asteralabs.org\/it\/wp-json\/wp\/v2\/comments?post=78167"}],"version-history":[{"count":1,"href":"https:\/\/asteralabs.org\/it\/wp-json\/wp\/v2\/product\/78167\/revisions"}],"predecessor-version":[{"id":78771,"href":"https:\/\/asteralabs.org\/it\/wp-json\/wp\/v2\/product\/78167\/revisions\/78771"}],"wp:featuredmedia":[{"embeddable":true,"href":"https:\/\/asteralabs.org\/it\/wp-json\/wp\/v2\/media\/76315"}],"wp:attachment":[{"href":"https:\/\/asteralabs.org\/it\/wp-json\/wp\/v2\/media?parent=78167"}],"wp:term":[{"taxonomy":"product_brand","embeddable":true,"href":"https:\/\/asteralabs.org\/it\/wp-json\/wp\/v2\/product_brand?post=78167"},{"taxonomy":"product_cat","embeddable":true,"href":"https:\/\/asteralabs.org\/it\/wp-json\/wp\/v2\/product_cat?post=78167"},{"taxonomy":"product_tag","embeddable":true,"href":"https:\/\/asteralabs.org\/it\/wp-json\/wp\/v2\/product_tag?post=78167"}],"curies":[{"name":"wp","href":"https:\/\/api.w.org\/{rel}","templated":true}]}}