{"id":78173,"date":"2023-01-10T22:55:43","date_gmt":"2023-01-10T22:55:43","guid":{"rendered":"https:\/\/asteralabs.org\/product\/metil-1-testosterone\/"},"modified":"2026-01-16T09:52:48","modified_gmt":"2026-01-16T09:52:48","slug":"metil-1-testosterone","status":"publish","type":"product","link":"https:\/\/asteralabs.org\/it\/product\/metil-1-testosterone\/","title":{"rendered":"Metil-1-Testosterone"},"content":{"rendered":"<p><strong>DOSAGGIO: <\/strong><br \/>\nMethyl-1-testosterone 10mg\/tab <strong>CONTENUTO DELLA CONFEZIONE: <\/strong><br \/>\n1 bustina, 50 compresse, 10mg per compressa <strong>COS&#8217;\u00c8: <\/strong><br \/>\n\u00c8 uno steroide anabolizzante-androgeno sintetico e attivo per via orale che non \u00e8 mai stato commercializzato per uso medico. \u00c8 il derivato 17\u03b1-metilico del 1-testosterone (\u03941-DHT; diidroboldenone). <strong>COME SI USA: <\/strong><br \/>\nEssendo uno steroide che non ha mai avuto un uso terapeutico, le raccomandazioni per l&#8217;uso si basano sulle esperienze degli utenti che lo hanno utilizzato; le dosi variano da 10-30 mg al giorno, di solito viene assunto un paio d&#8217;ore prima dell&#8217;allenamento; si consiglia di non superare le 4 settimane di utilizzo. <strong>INFORMAZIONI SUL LOTTO:<br \/>\n<\/strong>Numero di lotto: <span data-sheets-root=\"1\" data-sheets-value=\"{\" data-sheets-userformat=\"{\">YB46413<\/span><br \/>\nData di produzione: 10<span data-sheets-root=\"1\" data-sheets-value=\"{&quot;1&quot;:2,&quot;2&quot;:&quot;03.2023.&quot;}\" data-sheets-userformat=\"{&quot;2&quot;:577,&quot;3&quot;:{&quot;1&quot;:0},&quot;9&quot;:0,&quot;12&quot;:0}\">.2025.<\/span><br \/>\nData di scadenza: <span data-sheets-root=\"1\" data-sheets-value=\"{\" data-sheets-userformat=\"{\">10.2028.<\/span><\/p>\n","protected":false},"excerpt":{"rendered":"<p>DOSAGGIO: Methyl-1-testosterone 10mg\/tab CONTENUTO DELLA CONFEZIONE: 1 bustina, 50 compresse, 10mg per compressa COS&#8217;\u00c8: \u00c8 uno steroide anabolizzante-androgeno sintetico e attivo per via orale che non \u00e8 mai stato commercializzato per uso medico. \u00c8 il derivato 17\u03b1-metilico del 1-testosterone (\u03941-DHT; diidroboldenone). COME SI USA: Essendo uno steroide che non ha mai avuto un uso terapeutico,&hellip;<\/p>\n","protected":false},"featured_media":76291,"comment_status":"open","ping_status":"closed","template":"","meta":[],"product_cat":[159,176],"product_tag":[],"yoast_head":"<!-- This site is optimized with the Yoast SEO plugin v23.0 - https:\/\/yoast.com\/wordpress\/plugins\/seo\/ -->\n<title>Metil-1-Testosterone - Astera Labs<\/title>\n<meta name=\"robots\" content=\"index, follow, max-snippet:-1, max-image-preview:large, max-video-preview:-1\" \/>\n<link rel=\"canonical\" href=\"https:\/\/asteralabs.org\/it\/product\/metil-1-testosterone\/\" \/>\n<meta property=\"og:locale\" content=\"it_IT\" \/>\n<meta property=\"og:type\" content=\"article\" \/>\n<meta property=\"og:title\" content=\"Metil-1-Testosterone - Astera Labs\" \/>\n<meta property=\"og:description\" content=\"DOSAGGIO: Methyl-1-testosterone 10mg\/tab CONTENUTO DELLA CONFEZIONE: 1 bustina, 50 compresse, 10mg per compressa COS&#8217;\u00c8: \u00c8 uno steroide anabolizzante-androgeno sintetico e attivo per via orale che non \u00e8 mai stato commercializzato per uso medico. \u00c8 il derivato 17\u03b1-metilico del 1-testosterone (\u03941-DHT; diidroboldenone). COME SI USA: Essendo uno steroide che non ha mai avuto un uso terapeutico,&hellip;\" \/>\n<meta property=\"og:url\" content=\"https:\/\/asteralabs.org\/it\/product\/metil-1-testosterone\/\" \/>\n<meta property=\"og:site_name\" content=\"Astera Labs\" \/>\n<meta property=\"article:modified_time\" content=\"2026-01-16T09:52:48+00:00\" \/>\n<meta property=\"og:image\" content=\"https:\/\/asteralabs.org\/wp-content\/uploads\/2023\/01\/Methyl-1-testosterone-mockup-nbg.png\" \/>\n\t<meta property=\"og:image:width\" content=\"2000\" \/>\n\t<meta property=\"og:image:height\" content=\"2000\" \/>\n\t<meta property=\"og:image:type\" content=\"image\/png\" \/>\n<meta name=\"twitter:card\" content=\"summary_large_image\" \/>\n<script type=\"application\/ld+json\" class=\"yoast-schema-graph\">{\"@context\":\"https:\/\/schema.org\",\"@graph\":[{\"@type\":\"WebPage\",\"@id\":\"https:\/\/asteralabs.org\/it\/product\/metil-1-testosterone\/\",\"url\":\"https:\/\/asteralabs.org\/it\/product\/metil-1-testosterone\/\",\"name\":\"Metil-1-Testosterone - Astera Labs\",\"isPartOf\":{\"@id\":\"https:\/\/asteralabs.org\/it\/#website\"},\"primaryImageOfPage\":{\"@id\":\"https:\/\/asteralabs.org\/it\/product\/metil-1-testosterone\/#primaryimage\"},\"image\":{\"@id\":\"https:\/\/asteralabs.org\/it\/product\/metil-1-testosterone\/#primaryimage\"},\"thumbnailUrl\":\"https:\/\/asteralabs.org\/wp-content\/uploads\/2023\/01\/Methyl-1-testosterone-mockup-nbg.png\",\"datePublished\":\"2023-01-10T22:55:43+00:00\",\"dateModified\":\"2026-01-16T09:52:48+00:00\",\"breadcrumb\":{\"@id\":\"https:\/\/asteralabs.org\/it\/product\/metil-1-testosterone\/#breadcrumb\"},\"inLanguage\":\"it-IT\",\"potentialAction\":[{\"@type\":\"ReadAction\",\"target\":[\"https:\/\/asteralabs.org\/it\/product\/metil-1-testosterone\/\"]}]},{\"@type\":\"ImageObject\",\"inLanguage\":\"it-IT\",\"@id\":\"https:\/\/asteralabs.org\/it\/product\/metil-1-testosterone\/#primaryimage\",\"url\":\"https:\/\/asteralabs.org\/wp-content\/uploads\/2023\/01\/Methyl-1-testosterone-mockup-nbg.png\",\"contentUrl\":\"https:\/\/asteralabs.org\/wp-content\/uploads\/2023\/01\/Methyl-1-testosterone-mockup-nbg.png\",\"width\":2000,\"height\":2000},{\"@type\":\"BreadcrumbList\",\"@id\":\"https:\/\/asteralabs.org\/it\/product\/metil-1-testosterone\/#breadcrumb\",\"itemListElement\":[{\"@type\":\"ListItem\",\"position\":1,\"name\":\"Home\",\"item\":\"https:\/\/asteralabs.org\/it\/\"},{\"@type\":\"ListItem\",\"position\":2,\"name\":\"Negozio\",\"item\":\"https:\/\/asteralabs.org\/negozio\/\"},{\"@type\":\"ListItem\",\"position\":3,\"name\":\"Metil-1-Testosterone\"}]},{\"@type\":\"WebSite\",\"@id\":\"https:\/\/asteralabs.org\/it\/#website\",\"url\":\"https:\/\/asteralabs.org\/it\/\",\"name\":\"Astera Labs\",\"description\":\"Improve Your Quality Of Life\",\"publisher\":{\"@id\":\"https:\/\/asteralabs.org\/it\/#organization\"},\"potentialAction\":[{\"@type\":\"SearchAction\",\"target\":{\"@type\":\"EntryPoint\",\"urlTemplate\":\"https:\/\/asteralabs.org\/it\/?s={search_term_string}\"},\"query-input\":\"required name=search_term_string\"}],\"inLanguage\":\"it-IT\"},{\"@type\":\"Organization\",\"@id\":\"https:\/\/asteralabs.org\/it\/#organization\",\"name\":\"Astera Labs\",\"url\":\"https:\/\/asteralabs.org\/it\/\",\"logo\":{\"@type\":\"ImageObject\",\"inLanguage\":\"it-IT\",\"@id\":\"https:\/\/asteralabs.org\/it\/#\/schema\/logo\/image\/\",\"url\":\"https:\/\/asteralabs.org\/wp-content\/uploads\/2022\/12\/astera-2.png\",\"contentUrl\":\"https:\/\/asteralabs.org\/wp-content\/uploads\/2022\/12\/astera-2.png\",\"width\":437,\"height\":111,\"caption\":\"Astera Labs\"},\"image\":{\"@id\":\"https:\/\/asteralabs.org\/it\/#\/schema\/logo\/image\/\"}}]}<\/script>\n<!-- \/ Yoast SEO plugin. -->","yoast_head_json":{"title":"Metil-1-Testosterone - Astera Labs","robots":{"index":"index","follow":"follow","max-snippet":"max-snippet:-1","max-image-preview":"max-image-preview:large","max-video-preview":"max-video-preview:-1"},"canonical":"https:\/\/asteralabs.org\/it\/product\/metil-1-testosterone\/","og_locale":"it_IT","og_type":"article","og_title":"Metil-1-Testosterone - Astera Labs","og_description":"DOSAGGIO: Methyl-1-testosterone 10mg\/tab CONTENUTO DELLA CONFEZIONE: 1 bustina, 50 compresse, 10mg per compressa COS&#8217;\u00c8: \u00c8 uno steroide anabolizzante-androgeno sintetico e attivo per via orale che non \u00e8 mai stato commercializzato per uso medico. \u00c8 il derivato 17\u03b1-metilico del 1-testosterone (\u03941-DHT; diidroboldenone). COME SI USA: Essendo uno steroide che non ha mai avuto un uso terapeutico,&hellip;","og_url":"https:\/\/asteralabs.org\/it\/product\/metil-1-testosterone\/","og_site_name":"Astera Labs","article_modified_time":"2026-01-16T09:52:48+00:00","og_image":[{"width":2000,"height":2000,"url":"https:\/\/asteralabs.org\/wp-content\/uploads\/2023\/01\/Methyl-1-testosterone-mockup-nbg.png","type":"image\/png"}],"twitter_card":"summary_large_image","schema":{"@context":"https:\/\/schema.org","@graph":[{"@type":"WebPage","@id":"https:\/\/asteralabs.org\/it\/product\/metil-1-testosterone\/","url":"https:\/\/asteralabs.org\/it\/product\/metil-1-testosterone\/","name":"Metil-1-Testosterone - Astera Labs","isPartOf":{"@id":"https:\/\/asteralabs.org\/it\/#website"},"primaryImageOfPage":{"@id":"https:\/\/asteralabs.org\/it\/product\/metil-1-testosterone\/#primaryimage"},"image":{"@id":"https:\/\/asteralabs.org\/it\/product\/metil-1-testosterone\/#primaryimage"},"thumbnailUrl":"https:\/\/asteralabs.org\/wp-content\/uploads\/2023\/01\/Methyl-1-testosterone-mockup-nbg.png","datePublished":"2023-01-10T22:55:43+00:00","dateModified":"2026-01-16T09:52:48+00:00","breadcrumb":{"@id":"https:\/\/asteralabs.org\/it\/product\/metil-1-testosterone\/#breadcrumb"},"inLanguage":"it-IT","potentialAction":[{"@type":"ReadAction","target":["https:\/\/asteralabs.org\/it\/product\/metil-1-testosterone\/"]}]},{"@type":"ImageObject","inLanguage":"it-IT","@id":"https:\/\/asteralabs.org\/it\/product\/metil-1-testosterone\/#primaryimage","url":"https:\/\/asteralabs.org\/wp-content\/uploads\/2023\/01\/Methyl-1-testosterone-mockup-nbg.png","contentUrl":"https:\/\/asteralabs.org\/wp-content\/uploads\/2023\/01\/Methyl-1-testosterone-mockup-nbg.png","width":2000,"height":2000},{"@type":"BreadcrumbList","@id":"https:\/\/asteralabs.org\/it\/product\/metil-1-testosterone\/#breadcrumb","itemListElement":[{"@type":"ListItem","position":1,"name":"Home","item":"https:\/\/asteralabs.org\/it\/"},{"@type":"ListItem","position":2,"name":"Negozio","item":"https:\/\/asteralabs.org\/negozio\/"},{"@type":"ListItem","position":3,"name":"Metil-1-Testosterone"}]},{"@type":"WebSite","@id":"https:\/\/asteralabs.org\/it\/#website","url":"https:\/\/asteralabs.org\/it\/","name":"Astera Labs","description":"Improve Your Quality Of Life","publisher":{"@id":"https:\/\/asteralabs.org\/it\/#organization"},"potentialAction":[{"@type":"SearchAction","target":{"@type":"EntryPoint","urlTemplate":"https:\/\/asteralabs.org\/it\/?s={search_term_string}"},"query-input":"required name=search_term_string"}],"inLanguage":"it-IT"},{"@type":"Organization","@id":"https:\/\/asteralabs.org\/it\/#organization","name":"Astera Labs","url":"https:\/\/asteralabs.org\/it\/","logo":{"@type":"ImageObject","inLanguage":"it-IT","@id":"https:\/\/asteralabs.org\/it\/#\/schema\/logo\/image\/","url":"https:\/\/asteralabs.org\/wp-content\/uploads\/2022\/12\/astera-2.png","contentUrl":"https:\/\/asteralabs.org\/wp-content\/uploads\/2022\/12\/astera-2.png","width":437,"height":111,"caption":"Astera Labs"},"image":{"@id":"https:\/\/asteralabs.org\/it\/#\/schema\/logo\/image\/"}}]}},"_links":{"self":[{"href":"https:\/\/asteralabs.org\/it\/wp-json\/wp\/v2\/product\/78173"}],"collection":[{"href":"https:\/\/asteralabs.org\/it\/wp-json\/wp\/v2\/product"}],"about":[{"href":"https:\/\/asteralabs.org\/it\/wp-json\/wp\/v2\/types\/product"}],"replies":[{"embeddable":true,"href":"https:\/\/asteralabs.org\/it\/wp-json\/wp\/v2\/comments?post=78173"}],"version-history":[{"count":0,"href":"https:\/\/asteralabs.org\/it\/wp-json\/wp\/v2\/product\/78173\/revisions"}],"wp:featuredmedia":[{"embeddable":true,"href":"https:\/\/asteralabs.org\/it\/wp-json\/wp\/v2\/media\/76291"}],"wp:attachment":[{"href":"https:\/\/asteralabs.org\/it\/wp-json\/wp\/v2\/media?parent=78173"}],"wp:term":[{"taxonomy":"product_cat","embeddable":true,"href":"https:\/\/asteralabs.org\/it\/wp-json\/wp\/v2\/product_cat?post=78173"},{"taxonomy":"product_tag","embeddable":true,"href":"https:\/\/asteralabs.org\/it\/wp-json\/wp\/v2\/product_tag?post=78173"}],"curies":[{"name":"wp","href":"https:\/\/api.w.org\/{rel}","templated":true}]}}