{"id":78208,"date":"2023-01-10T22:52:10","date_gmt":"2023-01-10T22:52:10","guid":{"rendered":"https:\/\/asteralabs.org\/product\/citrato-di-tamoxifene\/"},"modified":"2026-01-15T13:11:07","modified_gmt":"2026-01-15T13:11:07","slug":"citrato-di-tamoxifene","status":"publish","type":"product","link":"https:\/\/asteralabs.org\/it\/product\/citrato-di-tamoxifene\/","title":{"rendered":"Citrato di tamoxifene"},"content":{"rendered":"<p><strong>DOSAGGIO: <\/strong><br \/>\nTamoxifen citrato 20mg\/tab <strong>CONTENUTO DELLA CONFEZIONE: <\/strong><br \/>\n1 bustina, 50 compresse, 20mg per compressa <strong>CHE COS&#8217;\u00c8: <\/strong><br \/>\nTamoxifen citrato \u00e8 un modulatore selettivo del recettore degli estrogeni. I modulatori selettivi del recettore degli estrogeni possono agire come agonisti o antagonisti del recettore degli estrogeni. L&#8217;attivit\u00e0 del tamoxifene citrato \u00e8 selettiva per i tessuti e agisce sui recettori degli estrogeni situati nel fegato, nel seno e nelle ossa.<br \/>\nQuando la molecola di tamoxifene si lega a questo recettore, l&#8217;estrogeno viene bloccato e non pu\u00f2 avere alcun effetto. Per i bodybuilder il tamoxifene citrato pu\u00f2 essere utile in due modi.<br \/>\nIn primo luogo, grazie all&#8217;affinit\u00e0 di legame del composto, \u00e8 in grado di aiutare nella prevenzione della ginecomastia. Il tamoxifene compete con gli estrogeni per i recettori degli estrogeni in alcuni tessuti, tra cui il seno; se riesce a legarsi al recettore, gli estrogeni non avranno la possibilit\u00e0 di interagire con il recettore e quindi la ginecomastia non potr\u00e0 svilupparsi. Il secondo aspetto, forse pi\u00f9 vantaggioso, del tamoxifene citrato per chi fa uso di steroidi \u00e8 la sua capacit\u00e0 di aumentare la produzione dell&#8217;ormone luteinizzante e dell&#8217;ormone follicolo-stimolante e quindi di aumentare il testosterone. Questo \u00e8 il motivo per cui viene<br \/>\nspesso utilizzato dai consumatori di steroidi durante la terapia post-ciclo. <strong>COME SI USA: <\/strong><br \/>\nLa dose per il trattamento della ginecomastia e per l&#8217;uso nella PCT varia tra i 20 e i 40 mg al giorno; la dose deve essere regolata fino a raggiungere l&#8217;effetto desiderato.<\/p>\n<p><strong>INFORMAZIONI SUL LOTTO:<br \/>\n<\/strong>Numero di lotto: <span data-sheets-root=\"1\" data-sheets-value=\"{\" data-sheets-userformat=\"{\">ZF85240<\/span><br \/>\nData di produzione: <span data-sheets-root=\"1\" data-sheets-value=\"{\" data-sheets-userformat=\"{\">10.2025.<\/span><br \/>\nData di scadenza: <span data-sheets-root=\"1\" data-sheets-value=\"{\" data-sheets-userformat=\"{\">10.2028.<\/span><\/p>\n","protected":false},"excerpt":{"rendered":"<p>DOSAGGIO: Tamoxifen citrato 20mg\/tab CONTENUTO DELLA CONFEZIONE: 1 bustina, 50 compresse, 20mg per compressa CHE COS&#8217;\u00c8: Tamoxifen citrato \u00e8 un modulatore selettivo del recettore degli estrogeni. I modulatori selettivi del recettore degli estrogeni possono agire come agonisti o antagonisti del recettore degli estrogeni. L&#8217;attivit\u00e0 del tamoxifene citrato \u00e8 selettiva per i tessuti e agisce sui&hellip;<\/p>\n","protected":false},"featured_media":76355,"comment_status":"open","ping_status":"closed","template":"","meta":{"_acf_changed":false},"product_brand":[],"product_cat":[159,176],"product_tag":[],"class_list":{"0":"post-78208","1":"product","2":"type-product","3":"status-publish","4":"has-post-thumbnail","6":"product_cat-all-it","7":"product_cat-orals-it","8":"description-off","10":"first","11":"instock","12":"shipping-taxable","13":"product-type-simple"},"acf":[],"yoast_head":"<!-- This site is optimized with the Yoast SEO plugin v27.4 - https:\/\/yoast.com\/product\/yoast-seo-wordpress\/ -->\n<title>Citrato di tamoxifene - Astera Labs<\/title>\n<meta name=\"robots\" content=\"index, follow, max-snippet:-1, max-image-preview:large, max-video-preview:-1\" \/>\n<link rel=\"canonical\" href=\"https:\/\/asteralabs.org\/it\/product\/citrato-di-tamoxifene\/\" \/>\n<meta property=\"og:locale\" content=\"it_IT\" \/>\n<meta property=\"og:type\" content=\"article\" \/>\n<meta property=\"og:title\" content=\"Citrato di tamoxifene - Astera Labs\" \/>\n<meta property=\"og:description\" content=\"DOSAGGIO: Tamoxifen citrato 20mg\/tab CONTENUTO DELLA CONFEZIONE: 1 bustina, 50 compresse, 20mg per compressa CHE COS&#8217;\u00c8: Tamoxifen citrato \u00e8 un modulatore selettivo del recettore degli estrogeni. I modulatori selettivi del recettore degli estrogeni possono agire come agonisti o antagonisti del recettore degli estrogeni. L&#8217;attivit\u00e0 del tamoxifene citrato \u00e8 selettiva per i tessuti e agisce sui&hellip;\" \/>\n<meta property=\"og:url\" content=\"https:\/\/asteralabs.org\/it\/product\/citrato-di-tamoxifene\/\" \/>\n<meta property=\"og:site_name\" content=\"Astera Labs\" \/>\n<meta property=\"article:modified_time\" content=\"2026-01-15T13:11:07+00:00\" \/>\n<meta property=\"og:image\" content=\"https:\/\/asteralabs.org\/wp-content\/uploads\/2023\/01\/Tamoxifen-citrate-mockup-nbg.png\" \/>\n\t<meta property=\"og:image:width\" content=\"2000\" \/>\n\t<meta property=\"og:image:height\" content=\"2000\" \/>\n\t<meta property=\"og:image:type\" content=\"image\/png\" \/>\n<meta name=\"twitter:card\" content=\"summary_large_image\" \/>\n<script type=\"application\/ld+json\" class=\"yoast-schema-graph\">{\"@context\":\"https:\\\/\\\/schema.org\",\"@graph\":[{\"@type\":\"WebPage\",\"@id\":\"https:\\\/\\\/asteralabs.org\\\/it\\\/product\\\/citrato-di-tamoxifene\\\/\",\"url\":\"https:\\\/\\\/asteralabs.org\\\/it\\\/product\\\/citrato-di-tamoxifene\\\/\",\"name\":\"Citrato di tamoxifene - Astera Labs\",\"isPartOf\":{\"@id\":\"https:\\\/\\\/asteralabs.org\\\/it\\\/#website\"},\"primaryImageOfPage\":{\"@id\":\"https:\\\/\\\/asteralabs.org\\\/it\\\/product\\\/citrato-di-tamoxifene\\\/#primaryimage\"},\"image\":{\"@id\":\"https:\\\/\\\/asteralabs.org\\\/it\\\/product\\\/citrato-di-tamoxifene\\\/#primaryimage\"},\"thumbnailUrl\":\"https:\\\/\\\/asteralabs.org\\\/wp-content\\\/uploads\\\/2023\\\/01\\\/Tamoxifen-citrate-mockup-nbg.png\",\"datePublished\":\"2023-01-10T22:52:10+00:00\",\"dateModified\":\"2026-01-15T13:11:07+00:00\",\"breadcrumb\":{\"@id\":\"https:\\\/\\\/asteralabs.org\\\/it\\\/product\\\/citrato-di-tamoxifene\\\/#breadcrumb\"},\"inLanguage\":\"it-IT\",\"potentialAction\":[{\"@type\":\"ReadAction\",\"target\":[\"https:\\\/\\\/asteralabs.org\\\/it\\\/product\\\/citrato-di-tamoxifene\\\/\"]}]},{\"@type\":\"ImageObject\",\"inLanguage\":\"it-IT\",\"@id\":\"https:\\\/\\\/asteralabs.org\\\/it\\\/product\\\/citrato-di-tamoxifene\\\/#primaryimage\",\"url\":\"https:\\\/\\\/asteralabs.org\\\/wp-content\\\/uploads\\\/2023\\\/01\\\/Tamoxifen-citrate-mockup-nbg.png\",\"contentUrl\":\"https:\\\/\\\/asteralabs.org\\\/wp-content\\\/uploads\\\/2023\\\/01\\\/Tamoxifen-citrate-mockup-nbg.png\",\"width\":2000,\"height\":2000},{\"@type\":\"BreadcrumbList\",\"@id\":\"https:\\\/\\\/asteralabs.org\\\/it\\\/product\\\/citrato-di-tamoxifene\\\/#breadcrumb\",\"itemListElement\":[{\"@type\":\"ListItem\",\"position\":1,\"name\":\"Home\",\"item\":\"https:\\\/\\\/asteralabs.org\\\/it\\\/\"},{\"@type\":\"ListItem\",\"position\":2,\"name\":\"Negozio\",\"item\":\"https:\\\/\\\/asteralabs.org\\\/it\\\/negozio\\\/\"},{\"@type\":\"ListItem\",\"position\":3,\"name\":\"Citrato di tamoxifene\"}]},{\"@type\":\"WebSite\",\"@id\":\"https:\\\/\\\/asteralabs.org\\\/it\\\/#website\",\"url\":\"https:\\\/\\\/asteralabs.org\\\/it\\\/\",\"name\":\"Astera Labs\",\"description\":\"Improve Your Quality Of Life\",\"publisher\":{\"@id\":\"https:\\\/\\\/asteralabs.org\\\/it\\\/#organization\"},\"potentialAction\":[{\"@type\":\"SearchAction\",\"target\":{\"@type\":\"EntryPoint\",\"urlTemplate\":\"https:\\\/\\\/asteralabs.org\\\/it\\\/?s={search_term_string}\"},\"query-input\":{\"@type\":\"PropertyValueSpecification\",\"valueRequired\":true,\"valueName\":\"search_term_string\"}}],\"inLanguage\":\"it-IT\"},{\"@type\":\"Organization\",\"@id\":\"https:\\\/\\\/asteralabs.org\\\/it\\\/#organization\",\"name\":\"Astera Labs\",\"url\":\"https:\\\/\\\/asteralabs.org\\\/it\\\/\",\"logo\":{\"@type\":\"ImageObject\",\"inLanguage\":\"it-IT\",\"@id\":\"https:\\\/\\\/asteralabs.org\\\/it\\\/#\\\/schema\\\/logo\\\/image\\\/\",\"url\":\"https:\\\/\\\/asteralabs.org\\\/wp-content\\\/uploads\\\/2022\\\/12\\\/astera-2.png\",\"contentUrl\":\"https:\\\/\\\/asteralabs.org\\\/wp-content\\\/uploads\\\/2022\\\/12\\\/astera-2.png\",\"width\":437,\"height\":111,\"caption\":\"Astera Labs\"},\"image\":{\"@id\":\"https:\\\/\\\/asteralabs.org\\\/it\\\/#\\\/schema\\\/logo\\\/image\\\/\"}}]}<\/script>\n<!-- \/ Yoast SEO plugin. -->","yoast_head_json":{"title":"Citrato di tamoxifene - Astera Labs","robots":{"index":"index","follow":"follow","max-snippet":"max-snippet:-1","max-image-preview":"max-image-preview:large","max-video-preview":"max-video-preview:-1"},"canonical":"https:\/\/asteralabs.org\/it\/product\/citrato-di-tamoxifene\/","og_locale":"it_IT","og_type":"article","og_title":"Citrato di tamoxifene - Astera Labs","og_description":"DOSAGGIO: Tamoxifen citrato 20mg\/tab CONTENUTO DELLA CONFEZIONE: 1 bustina, 50 compresse, 20mg per compressa CHE COS&#8217;\u00c8: Tamoxifen citrato \u00e8 un modulatore selettivo del recettore degli estrogeni. I modulatori selettivi del recettore degli estrogeni possono agire come agonisti o antagonisti del recettore degli estrogeni. L&#8217;attivit\u00e0 del tamoxifene citrato \u00e8 selettiva per i tessuti e agisce sui&hellip;","og_url":"https:\/\/asteralabs.org\/it\/product\/citrato-di-tamoxifene\/","og_site_name":"Astera Labs","article_modified_time":"2026-01-15T13:11:07+00:00","og_image":[{"width":2000,"height":2000,"url":"https:\/\/asteralabs.org\/wp-content\/uploads\/2023\/01\/Tamoxifen-citrate-mockup-nbg.png","type":"image\/png"}],"twitter_card":"summary_large_image","schema":{"@context":"https:\/\/schema.org","@graph":[{"@type":"WebPage","@id":"https:\/\/asteralabs.org\/it\/product\/citrato-di-tamoxifene\/","url":"https:\/\/asteralabs.org\/it\/product\/citrato-di-tamoxifene\/","name":"Citrato di tamoxifene - Astera Labs","isPartOf":{"@id":"https:\/\/asteralabs.org\/it\/#website"},"primaryImageOfPage":{"@id":"https:\/\/asteralabs.org\/it\/product\/citrato-di-tamoxifene\/#primaryimage"},"image":{"@id":"https:\/\/asteralabs.org\/it\/product\/citrato-di-tamoxifene\/#primaryimage"},"thumbnailUrl":"https:\/\/asteralabs.org\/wp-content\/uploads\/2023\/01\/Tamoxifen-citrate-mockup-nbg.png","datePublished":"2023-01-10T22:52:10+00:00","dateModified":"2026-01-15T13:11:07+00:00","breadcrumb":{"@id":"https:\/\/asteralabs.org\/it\/product\/citrato-di-tamoxifene\/#breadcrumb"},"inLanguage":"it-IT","potentialAction":[{"@type":"ReadAction","target":["https:\/\/asteralabs.org\/it\/product\/citrato-di-tamoxifene\/"]}]},{"@type":"ImageObject","inLanguage":"it-IT","@id":"https:\/\/asteralabs.org\/it\/product\/citrato-di-tamoxifene\/#primaryimage","url":"https:\/\/asteralabs.org\/wp-content\/uploads\/2023\/01\/Tamoxifen-citrate-mockup-nbg.png","contentUrl":"https:\/\/asteralabs.org\/wp-content\/uploads\/2023\/01\/Tamoxifen-citrate-mockup-nbg.png","width":2000,"height":2000},{"@type":"BreadcrumbList","@id":"https:\/\/asteralabs.org\/it\/product\/citrato-di-tamoxifene\/#breadcrumb","itemListElement":[{"@type":"ListItem","position":1,"name":"Home","item":"https:\/\/asteralabs.org\/it\/"},{"@type":"ListItem","position":2,"name":"Negozio","item":"https:\/\/asteralabs.org\/it\/negozio\/"},{"@type":"ListItem","position":3,"name":"Citrato di tamoxifene"}]},{"@type":"WebSite","@id":"https:\/\/asteralabs.org\/it\/#website","url":"https:\/\/asteralabs.org\/it\/","name":"Astera Labs","description":"Improve Your Quality Of Life","publisher":{"@id":"https:\/\/asteralabs.org\/it\/#organization"},"potentialAction":[{"@type":"SearchAction","target":{"@type":"EntryPoint","urlTemplate":"https:\/\/asteralabs.org\/it\/?s={search_term_string}"},"query-input":{"@type":"PropertyValueSpecification","valueRequired":true,"valueName":"search_term_string"}}],"inLanguage":"it-IT"},{"@type":"Organization","@id":"https:\/\/asteralabs.org\/it\/#organization","name":"Astera Labs","url":"https:\/\/asteralabs.org\/it\/","logo":{"@type":"ImageObject","inLanguage":"it-IT","@id":"https:\/\/asteralabs.org\/it\/#\/schema\/logo\/image\/","url":"https:\/\/asteralabs.org\/wp-content\/uploads\/2022\/12\/astera-2.png","contentUrl":"https:\/\/asteralabs.org\/wp-content\/uploads\/2022\/12\/astera-2.png","width":437,"height":111,"caption":"Astera Labs"},"image":{"@id":"https:\/\/asteralabs.org\/it\/#\/schema\/logo\/image\/"}}]}},"_links":{"self":[{"href":"https:\/\/asteralabs.org\/it\/wp-json\/wp\/v2\/product\/78208","targetHints":{"allow":["GET"]}}],"collection":[{"href":"https:\/\/asteralabs.org\/it\/wp-json\/wp\/v2\/product"}],"about":[{"href":"https:\/\/asteralabs.org\/it\/wp-json\/wp\/v2\/types\/product"}],"replies":[{"embeddable":true,"href":"https:\/\/asteralabs.org\/it\/wp-json\/wp\/v2\/comments?post=78208"}],"version-history":[{"count":2,"href":"https:\/\/asteralabs.org\/it\/wp-json\/wp\/v2\/product\/78208\/revisions"}],"predecessor-version":[{"id":79854,"href":"https:\/\/asteralabs.org\/it\/wp-json\/wp\/v2\/product\/78208\/revisions\/79854"}],"wp:featuredmedia":[{"embeddable":true,"href":"https:\/\/asteralabs.org\/it\/wp-json\/wp\/v2\/media\/76355"}],"wp:attachment":[{"href":"https:\/\/asteralabs.org\/it\/wp-json\/wp\/v2\/media?parent=78208"}],"wp:term":[{"taxonomy":"product_brand","embeddable":true,"href":"https:\/\/asteralabs.org\/it\/wp-json\/wp\/v2\/product_brand?post=78208"},{"taxonomy":"product_cat","embeddable":true,"href":"https:\/\/asteralabs.org\/it\/wp-json\/wp\/v2\/product_cat?post=78208"},{"taxonomy":"product_tag","embeddable":true,"href":"https:\/\/asteralabs.org\/it\/wp-json\/wp\/v2\/product_tag?post=78208"}],"curies":[{"name":"wp","href":"https:\/\/api.w.org\/{rel}","templated":true}]}}