{"id":77094,"date":"2023-02-21T19:33:10","date_gmt":"2023-02-21T19:33:10","guid":{"rendered":"https:\/\/asteralabs.org\/servicevoorwaarden-2\/"},"modified":"2025-01-30T13:29:05","modified_gmt":"2025-01-30T13:29:05","slug":"servicevoorwaarden","status":"publish","type":"page","link":"https:\/\/asteralabs.org\/nl\/servicevoorwaarden\/","title":{"rendered":"Servicevoorwaarden"},"content":{"rendered":"\t\t<div data-elementor-type=\"wp-page\" data-elementor-id=\"77094\" class=\"elementor elementor-77094 elementor-72914\" data-elementor-post-type=\"page\">\n\t\t\t\t\t\t\t\t\t<section class=\"elementor-section elementor-top-section elementor-element elementor-element-40ea88b elementor-section-boxed elementor-section-height-default elementor-section-height-default\" data-id=\"40ea88b\" data-element_type=\"section\">\n\t\t\t\t\t\t<div class=\"elementor-container elementor-column-gap-default\">\n\t\t\t\t\t<div class=\"elementor-column elementor-col-100 elementor-top-column elementor-element elementor-element-3ed11c8\" data-id=\"3ed11c8\" data-element_type=\"column\">\n\t\t\t<div class=\"elementor-widget-wrap elementor-element-populated\">\n\t\t\t\t\t\t\t\t<div class=\"elementor-element elementor-element-62d9358 elementor-widget elementor-widget-heading\" data-id=\"62d9358\" data-element_type=\"widget\" data-widget_type=\"heading.default\">\n\t\t\t\t<div class=\"elementor-widget-container\">\n\t\t\t<h2 class=\"elementor-heading-title elementor-size-default\">Servicevoorwaarden<\/h2>\t\t<\/div>\n\t\t\t\t<\/div>\n\t\t\t\t<div class=\"elementor-element elementor-element-051793c elementor-widget elementor-widget-text-editor\" data-id=\"051793c\" data-element_type=\"widget\" data-widget_type=\"text-editor.default\">\n\t\t\t\t<div class=\"elementor-widget-container\">\n\t\t\t\t\t\t\t<p><span style=\"color: #000000;\"><span style=\"font-size: x-large;\">1. Voorwaarden<\/span><\/span><\/p>\n<p align=\"justify\"><span style=\"color: #000000;\"><span style=\"font-size: medium;\">Door naar de website te gaan op&nbsp;<\/span><\/span><span style=\"color: #0000ff;\"><u><span style=\"font-size: medium;\"><a href=\"https:\/\/asteralabs.org\/nl\/\">https:\/\/asteralabs.org\/<\/a><\/span><\/u><\/span><span style=\"color: #000000;\"><span style=\"font-size: medium;\">gaat u ermee akkoord gebonden te zijn aan deze servicevoorwaarden en alle toepasselijke wet- en regelgeving en stemt u ermee in dat u verantwoordelijk bent voor de naleving van alle toepasselijke lokale wetten. Als u niet akkoord gaat met een van deze voorwaarden, is het verboden deze site te gebruiken of te bezoeken. Het materiaal op deze website wordt beschermd door de toepasselijke wetgeving inzake auteursrecht en handelsmerken.  <\/span><\/span><\/p>\n<h3 class=\"western\"><span style=\"color: #000000;\"><span style=\"font-size: x-large;\">2. Licentie gebruiken<\/span><\/span><\/h3>\n<ol start=\"2\">\n<li style=\"list-style-type: none;\">\n<ol>\n<li><span style=\"color: #000000;\"><span style=\"font-size: medium;\">Toestemming wordt verleend om tijdelijk \u00e9\u00e9n kopie van de materialen (informatie of software) op de website van Astera Labs te downloaden voor persoonlijk, niet-commercieel gebruik. Dit is de verlening van een licentie, geen overdracht van eigendom, en onder deze licentie mag u niet: <\/span><\/span>\n<ol>\n<li><span style=\"color: #000000;\"><span style=\"font-size: medium;\">de materialen wijzigen of kopi\u00ebren;<\/span><\/span><\/li>\n<li><span style=\"color: #000000;\"><span style=\"font-size: medium;\">de materialen te gebruiken voor commerci\u00eble doeleinden of voor openbare weergave (commercieel of niet-commercieel);<\/span><\/span><\/li>\n<li><span style=\"color: #000000;\"><span style=\"font-size: medium;\">te proberen software op de website van Astera Labs te decompileren of te onderwerpen aan reverse-engineering;<\/span><\/span><\/li>\n<li><span style=\"color: #000000;\"><span style=\"font-size: medium;\">auteursrechtvermeldingen of andere eigendomsvermeldingen uit de materialen verwijderen; of<\/span><\/span><\/li>\n<li><span style=\"color: #000000;\"><span style=\"font-size: medium;\">de materialen overdragen aan een andere persoon of de materialen &#8220;spiegelen&#8221; op een andere server.<\/span><\/span><\/li>\n<\/ol>\n<\/li>\n<li><span style=\"color: #000000;\"><span style=\"font-size: medium;\">Deze licentie wordt automatisch be\u00ebindigd als u een van deze beperkingen schendt en kan op elk moment door Astera Labs worden be\u00ebindigd. Bij be\u00ebindiging van het bekijken van deze materialen of bij be\u00ebindiging van deze licentie, moet u alle gedownloade materialen in uw bezit vernietigen, hetzij in elektronische of afgedrukte vorm. <\/span><\/span><\/li>\n<\/ol>\n<\/li>\n<\/ol>\n<h3 class=\"western\"><span style=\"color: #000000;\"><span style=\"font-size: x-large;\">3. Disclaimer<\/span><\/span><\/h3>\n<ol start=\"3\">\n<li style=\"list-style-type: none;\">\n<ol>\n<li><span style=\"color: #000000;\"><span style=\"font-size: medium;\">De materialen op de website van Astera Labs worden geleverd op een &#8216;as is&#8217;-basis. Astera Labs geeft geen garanties, expliciet of impliciet, en ontkent en wijst hierbij alle andere garanties af, inclusief maar niet beperkt tot impliciete garanties of voorwaarden van verkoopbaarheid, geschiktheid voor een bepaald doel of niet-schending van intellectuele eigendomsrechten of andere schending van rechten. <\/span><\/span><\/li>\n<li><span style=\"color: #000000;\"><span style=\"font-size: medium;\">Verder geeft Astera Labs geen garanties of verklaringen met betrekking tot de nauwkeurigheid, waarschijnlijke resultaten of betrouwbaarheid van het gebruik van de materialen op haar website of anderszins met betrekking tot dergelijke materialen of op sites gekoppeld aan deze site.<\/span><\/span><\/li>\n<\/ol>\n<\/li>\n<\/ol>\n<h3 class=\"western\"><span style=\"color: #000000;\"><span style=\"font-size: x-large;\">4. Beperkingen<\/span><\/span><\/h3>\n<p align=\"justify\"><span style=\"font-size: medium;\"><span style=\"color: #000000;\">In geen geval zal Astera Labs of haar leveranciers aansprakelijk zijn voor enige schade (inclusief, zonder beperking, schade voor verlies van gegevens of winst, of als gevolg van onderbreking van de bedrijfsvoering) voortvloeiend uit het gebruik of onvermogen tot gebruik van de materialen op de website van Astera Labs, zelfs als Astera Labs of een door Astera Labs gemachtigde mondeling of schriftelijk in kennis is gesteld van de mogelijkheid van dergelijke schade. Omdat sommige rechtsgebieden geen beperkingen toestaan op impliciete garanties of beperkingen van aansprakelijkheid voor gevolgschade of incidentele schade, zijn deze beperkingen mogelijk niet op u van toepassing. <\/span><\/span><\/p>\n<h3 class=\"western\"><span style=\"color: #000000;\"><span style=\"font-size: x-large;\">5. Nauwkeurigheid van materialen<\/span><\/span><\/h3>\n<p align=\"justify\"><span style=\"font-size: medium;\"><span style=\"color: #000000;\">De materialen op de website van Astera Labs kunnen technische, typografische of fotografische fouten bevatten. Astera Labs garandeert niet dat de materialen op haar website juist, volledig of actueel zijn. Astera Labs kan te allen tijde zonder kennisgeving wijzigingen aanbrengen in de materialen op haar website. Astera Labs verplicht zich er echter niet toe de materialen bij te werken.   <\/span><\/span><\/p>\n<h3 class=\"western\"><span style=\"color: #000000;\"><span style=\"font-size: x-large;\">6. Links<\/span><\/span><\/h3>\n<p align=\"justify\"><span style=\"font-size: medium;\"><span style=\"color: #000000;\">Astera Labs heeft niet alle aan haar website gekoppelde sites beoordeeld en is niet verantwoordelijk voor de inhoud van dergelijke gekoppelde sites. Het opnemen van een link impliceert geen goedkeuring van de site door Astera Labs. Het gebruik van een dergelijke gekoppelde website is voor eigen risico van de gebruiker.  <\/span><\/span><\/p>\n<h3 class=\"western\"><span style=\"color: #000000;\"><span style=\"font-size: x-large;\">7. Wijzigingen<\/span><\/span><\/h3>\n<p align=\"justify\"><span style=\"font-size: medium;\"><span style=\"color: #000000;\">Astera Labs kan deze servicevoorwaarden voor haar website te allen tijde zonder kennisgeving herzien. Door deze website te gebruiken gaat u ermee akkoord gebonden te zijn aan de op dat moment geldende versie van deze servicevoorwaarden. <\/span><\/span><\/p>\n<h3 class=\"western\"><span style=\"color: #000000;\"><span style=\"font-size: x-large;\">8. Toepasselijk recht<\/span><\/span><\/h3>\n<p><span style=\"color: #000000;\"><span style=\"font-size: medium;\">Deze Servicevoorwaarden en eventuele afzonderlijke overeenkomsten waarbij wij u Services leveren, worden beheerst door en ge\u00efnterpreteerd in overeenstemming met de wet.<\/span><\/span><\/p>\n<h3 class=\"western\"><span style=\"color: #000000;\"><span style=\"font-size: x-large;\">8. Contactgegevens<\/span><\/span><\/h3>\n<p><span style=\"color: #000000;\"><span style=\"font-size: medium;\">Vragen over de Servicevoorwaarden kunt u sturen naar <\/span><\/span><span style=\"color: #0000ff;\"><u><a href=\"mailto:info@dev.asteralabs.org\"><span style=\"font-size: medium;\">info@asteralabs.org<\/span><\/a><\/u><\/span><\/p>\t\t\t\t\t\t<\/div>\n\t\t\t\t<\/div>\n\t\t\t\t\t<\/div>\n\t\t<\/div>\n\t\t\t\t\t\t\t<\/div>\n\t\t<\/section>\n\t\t\t\t\t\t\t<\/div>\n\t\t","protected":false},"excerpt":{"rendered":"<p>Servicevoorwaarden 1. Voorwaarden Door naar de website te gaan op&nbsp;https:\/\/asteralabs.org\/gaat u ermee akkoord gebonden te zijn aan deze servicevoorwaarden en alle toepasselijke wet- en regelgeving en stemt u ermee in dat u verantwoordelijk bent voor de naleving van alle toepasselijke lokale wetten. Als u niet akkoord gaat met een van deze voorwaarden, is het verboden&hellip;<\/p>\n","protected":false},"author":1,"featured_media":0,"parent":0,"menu_order":0,"comment_status":"closed","ping_status":"closed","template":"","meta":{"footnotes":""},"yoast_head":"<!-- This site is optimized with the Yoast SEO plugin v23.0 - https:\/\/yoast.com\/wordpress\/plugins\/seo\/ -->\n<title>Servicevoorwaarden - Astera Labs<\/title>\n<meta name=\"robots\" content=\"index, follow, max-snippet:-1, max-image-preview:large, max-video-preview:-1\" \/>\n<link rel=\"canonical\" href=\"https:\/\/asteralabs.org\/nl\/servicevoorwaarden\/\" \/>\n<meta property=\"og:locale\" content=\"nl_NL\" \/>\n<meta property=\"og:type\" content=\"article\" \/>\n<meta property=\"og:title\" content=\"Servicevoorwaarden - Astera Labs\" \/>\n<meta property=\"og:description\" content=\"Servicevoorwaarden 1. Voorwaarden Door naar de website te gaan op&nbsp;https:\/\/asteralabs.org\/gaat u ermee akkoord gebonden te zijn aan deze servicevoorwaarden en alle toepasselijke wet- en regelgeving en stemt u ermee in dat u verantwoordelijk bent voor de naleving van alle toepasselijke lokale wetten. Als u niet akkoord gaat met een van deze voorwaarden, is het verboden&hellip;\" \/>\n<meta property=\"og:url\" content=\"https:\/\/asteralabs.org\/nl\/servicevoorwaarden\/\" \/>\n<meta property=\"og:site_name\" content=\"Astera Labs\" \/>\n<meta property=\"article:modified_time\" content=\"2025-01-30T13:29:05+00:00\" \/>\n<meta name=\"twitter:card\" content=\"summary_large_image\" \/>\n<script type=\"application\/ld+json\" class=\"yoast-schema-graph\">{\"@context\":\"https:\/\/schema.org\",\"@graph\":[{\"@type\":\"WebPage\",\"@id\":\"https:\/\/asteralabs.org\/nl\/servicevoorwaarden\/\",\"url\":\"https:\/\/asteralabs.org\/nl\/servicevoorwaarden\/\",\"name\":\"Servicevoorwaarden - Astera Labs\",\"isPartOf\":{\"@id\":\"https:\/\/asteralabs.org\/nl\/#website\"},\"datePublished\":\"2023-02-21T19:33:10+00:00\",\"dateModified\":\"2025-01-30T13:29:05+00:00\",\"breadcrumb\":{\"@id\":\"https:\/\/asteralabs.org\/nl\/servicevoorwaarden\/#breadcrumb\"},\"inLanguage\":\"nl-NL\",\"potentialAction\":[{\"@type\":\"ReadAction\",\"target\":[\"https:\/\/asteralabs.org\/nl\/servicevoorwaarden\/\"]}]},{\"@type\":\"BreadcrumbList\",\"@id\":\"https:\/\/asteralabs.org\/nl\/servicevoorwaarden\/#breadcrumb\",\"itemListElement\":[{\"@type\":\"ListItem\",\"position\":1,\"name\":\"Home\",\"item\":\"https:\/\/asteralabs.org\/nl\/\"},{\"@type\":\"ListItem\",\"position\":2,\"name\":\"Servicevoorwaarden\"}]},{\"@type\":\"WebSite\",\"@id\":\"https:\/\/asteralabs.org\/nl\/#website\",\"url\":\"https:\/\/asteralabs.org\/nl\/\",\"name\":\"Astera Labs\",\"description\":\"Improve Your Quality Of Life\",\"publisher\":{\"@id\":\"https:\/\/asteralabs.org\/nl\/#organization\"},\"potentialAction\":[{\"@type\":\"SearchAction\",\"target\":{\"@type\":\"EntryPoint\",\"urlTemplate\":\"https:\/\/asteralabs.org\/nl\/?s={search_term_string}\"},\"query-input\":\"required name=search_term_string\"}],\"inLanguage\":\"nl-NL\"},{\"@type\":\"Organization\",\"@id\":\"https:\/\/asteralabs.org\/nl\/#organization\",\"name\":\"Astera Labs\",\"url\":\"https:\/\/asteralabs.org\/nl\/\",\"logo\":{\"@type\":\"ImageObject\",\"inLanguage\":\"nl-NL\",\"@id\":\"https:\/\/asteralabs.org\/nl\/#\/schema\/logo\/image\/\",\"url\":\"https:\/\/asteralabs.org\/wp-content\/uploads\/2022\/12\/astera-2.png\",\"contentUrl\":\"https:\/\/asteralabs.org\/wp-content\/uploads\/2022\/12\/astera-2.png\",\"width\":437,\"height\":111,\"caption\":\"Astera Labs\"},\"image\":{\"@id\":\"https:\/\/asteralabs.org\/nl\/#\/schema\/logo\/image\/\"}}]}<\/script>\n<!-- \/ Yoast SEO plugin. -->","yoast_head_json":{"title":"Servicevoorwaarden - Astera Labs","robots":{"index":"index","follow":"follow","max-snippet":"max-snippet:-1","max-image-preview":"max-image-preview:large","max-video-preview":"max-video-preview:-1"},"canonical":"https:\/\/asteralabs.org\/nl\/servicevoorwaarden\/","og_locale":"nl_NL","og_type":"article","og_title":"Servicevoorwaarden - Astera Labs","og_description":"Servicevoorwaarden 1. Voorwaarden Door naar de website te gaan op&nbsp;https:\/\/asteralabs.org\/gaat u ermee akkoord gebonden te zijn aan deze servicevoorwaarden en alle toepasselijke wet- en regelgeving en stemt u ermee in dat u verantwoordelijk bent voor de naleving van alle toepasselijke lokale wetten. Als u niet akkoord gaat met een van deze voorwaarden, is het verboden&hellip;","og_url":"https:\/\/asteralabs.org\/nl\/servicevoorwaarden\/","og_site_name":"Astera Labs","article_modified_time":"2025-01-30T13:29:05+00:00","twitter_card":"summary_large_image","schema":{"@context":"https:\/\/schema.org","@graph":[{"@type":"WebPage","@id":"https:\/\/asteralabs.org\/nl\/servicevoorwaarden\/","url":"https:\/\/asteralabs.org\/nl\/servicevoorwaarden\/","name":"Servicevoorwaarden - Astera Labs","isPartOf":{"@id":"https:\/\/asteralabs.org\/nl\/#website"},"datePublished":"2023-02-21T19:33:10+00:00","dateModified":"2025-01-30T13:29:05+00:00","breadcrumb":{"@id":"https:\/\/asteralabs.org\/nl\/servicevoorwaarden\/#breadcrumb"},"inLanguage":"nl-NL","potentialAction":[{"@type":"ReadAction","target":["https:\/\/asteralabs.org\/nl\/servicevoorwaarden\/"]}]},{"@type":"BreadcrumbList","@id":"https:\/\/asteralabs.org\/nl\/servicevoorwaarden\/#breadcrumb","itemListElement":[{"@type":"ListItem","position":1,"name":"Home","item":"https:\/\/asteralabs.org\/nl\/"},{"@type":"ListItem","position":2,"name":"Servicevoorwaarden"}]},{"@type":"WebSite","@id":"https:\/\/asteralabs.org\/nl\/#website","url":"https:\/\/asteralabs.org\/nl\/","name":"Astera Labs","description":"Improve Your Quality Of Life","publisher":{"@id":"https:\/\/asteralabs.org\/nl\/#organization"},"potentialAction":[{"@type":"SearchAction","target":{"@type":"EntryPoint","urlTemplate":"https:\/\/asteralabs.org\/nl\/?s={search_term_string}"},"query-input":"required name=search_term_string"}],"inLanguage":"nl-NL"},{"@type":"Organization","@id":"https:\/\/asteralabs.org\/nl\/#organization","name":"Astera Labs","url":"https:\/\/asteralabs.org\/nl\/","logo":{"@type":"ImageObject","inLanguage":"nl-NL","@id":"https:\/\/asteralabs.org\/nl\/#\/schema\/logo\/image\/","url":"https:\/\/asteralabs.org\/wp-content\/uploads\/2022\/12\/astera-2.png","contentUrl":"https:\/\/asteralabs.org\/wp-content\/uploads\/2022\/12\/astera-2.png","width":437,"height":111,"caption":"Astera Labs"},"image":{"@id":"https:\/\/asteralabs.org\/nl\/#\/schema\/logo\/image\/"}}]}},"_links":{"self":[{"href":"https:\/\/asteralabs.org\/nl\/wp-json\/wp\/v2\/pages\/77094"}],"collection":[{"href":"https:\/\/asteralabs.org\/nl\/wp-json\/wp\/v2\/pages"}],"about":[{"href":"https:\/\/asteralabs.org\/nl\/wp-json\/wp\/v2\/types\/page"}],"author":[{"embeddable":true,"href":"https:\/\/asteralabs.org\/nl\/wp-json\/wp\/v2\/users\/1"}],"replies":[{"embeddable":true,"href":"https:\/\/asteralabs.org\/nl\/wp-json\/wp\/v2\/comments?post=77094"}],"version-history":[{"count":1,"href":"https:\/\/asteralabs.org\/nl\/wp-json\/wp\/v2\/pages\/77094\/revisions"}],"predecessor-version":[{"id":77096,"href":"https:\/\/asteralabs.org\/nl\/wp-json\/wp\/v2\/pages\/77094\/revisions\/77096"}],"wp:attachment":[{"href":"https:\/\/asteralabs.org\/nl\/wp-json\/wp\/v2\/media?parent=77094"}],"curies":[{"name":"wp","href":"https:\/\/api.w.org\/{rel}","templated":true}]}}