{"id":77922,"date":"2022-11-05T22:37:30","date_gmt":"2022-11-05T22:37:30","guid":{"rendered":"https:\/\/asteralabs.org\/product\/trenbolonacetaat\/"},"modified":"2026-01-15T12:20:27","modified_gmt":"2026-01-15T12:20:27","slug":"trenbolonacetaat","status":"publish","type":"product","link":"https:\/\/asteralabs.org\/nl\/product\/trenbolonacetaat\/","title":{"rendered":"Trenbolonacetaat"},"content":{"rendered":"<p><strong>DOSAGE: <\/strong><br \/>\nTrenbolone Acerate 100mg\/ml <strong>VERPAKKING INHOUD: <\/strong><br \/>\n1 x 10ML flacon, 100 mg per ml <strong>WAT IS HET: <\/strong><br \/>\nTrenbolon is een stero\u00efde afgeleid van 19-Nortestosteron en is een van de meest krachtige en effectieve stero\u00efden die momenteel bestaan.<br \/>\nDoor zijn hoge affiniteit met androgeen receptoren, het is een veelzijdige stero\u00efde, nuttig voor het verkrijgen van spiermassa, het verliezen van vet en het verhogen van kracht. Het is zeer nuttig tijdens een snijcyclus om zoveel mogelijk vetvrije massa te behouden terwijl je zoveel mogelijk vet verliest.<br \/>\nHoewel de bijwerkingen overdreven zijn en erg lijken op die van andere stero\u00efden en dosisafhankelijk, moet er rekening mee worden gehouden dat het slaapstoornissen (afhankelijk van de dosis en het tijdstip van gebruik) en stemmingswisselingen (afhankelijk van de persoon) veroorzaakt. <strong>HOE TE GEBRUIKEN: <\/strong><br \/>\nOmdat het een zeer veelzijdige stero\u00efde is, kunnen doses van 75 mg per week zeer nuttig zijn tijdens een cutting fase zonder bijwerkingen te veroorzaken of de kans daarop te verminderen. Doses van 200-400 mg per week worden beschouwd als &#8220;normaal&#8221;, afhankelijk van hoe geavanceerd de atleet is, raden wij beginnen bij 75 mg per week en geleidelijk verhogen van de dosis totdat u eventuele bijwerkingen en dat zou uw maximale dosis. Aangezien het een korte ester moet worden ge\u00efnjecteerd ED of EOD.<\/p>\n<p><strong>BATCH INFORMATIE:<br \/>\n<\/strong>Batchnummer: <span data-sheets-root=\"1\" data-sheets-value=\"{\" data-sheets-userformat=\"{\">OE25218<\/span><br \/>\nProductiedatum: <span data-sheets-root=\"1\" data-sheets-value=\"{\" data-sheets-userformat=\"{\">10.2025.<\/span><br \/>\nVervaldatum: <span data-sheets-root=\"1\" data-sheets-value=\"{\" data-sheets-userformat=\"{\">10.2028.<\/span><\/p>\n","protected":false},"excerpt":{"rendered":"<p>DOSAGE: Trenbolone Acerate 100mg\/ml VERPAKKING INHOUD: 1 x 10ML flacon, 100 mg per ml WAT IS HET: Trenbolon is een stero\u00efde afgeleid van 19-Nortestosteron en is een van de meest krachtige en effectieve stero\u00efden die momenteel bestaan. Door zijn hoge affiniteit met androgeen receptoren, het is een veelzijdige stero\u00efde, nuttig voor het verkrijgen van spiermassa,&hellip;<\/p>\n","protected":false},"featured_media":75080,"comment_status":"open","ping_status":"closed","template":"","meta":{"_acf_changed":false},"product_brand":[],"product_cat":[151,149],"product_tag":[],"class_list":{"0":"post-77922","1":"product","2":"type-product","3":"status-publish","4":"has-post-thumbnail","6":"product_cat-all-nl","7":"product_cat-injectables-nl","8":"description-off","10":"first","11":"instock","12":"shipping-taxable","13":"product-type-simple"},"acf":[],"yoast_head":"<!-- This site is optimized with the Yoast SEO plugin v27.4 - https:\/\/yoast.com\/product\/yoast-seo-wordpress\/ -->\n<title>Trenbolonacetaat - Astera Labs<\/title>\n<meta name=\"robots\" content=\"index, follow, max-snippet:-1, max-image-preview:large, max-video-preview:-1\" \/>\n<link rel=\"canonical\" href=\"https:\/\/asteralabs.org\/nl\/product\/trenbolonacetaat\/\" \/>\n<meta property=\"og:locale\" content=\"nl_NL\" \/>\n<meta property=\"og:type\" content=\"article\" \/>\n<meta property=\"og:title\" content=\"Trenbolonacetaat - Astera Labs\" \/>\n<meta property=\"og:description\" content=\"DOSAGE: Trenbolone Acerate 100mg\/ml VERPAKKING INHOUD: 1 x 10ML flacon, 100 mg per ml WAT IS HET: Trenbolon is een stero\u00efde afgeleid van 19-Nortestosteron en is een van de meest krachtige en effectieve stero\u00efden die momenteel bestaan. Door zijn hoge affiniteit met androgeen receptoren, het is een veelzijdige stero\u00efde, nuttig voor het verkrijgen van spiermassa,&hellip;\" \/>\n<meta property=\"og:url\" content=\"https:\/\/asteralabs.org\/nl\/product\/trenbolonacetaat\/\" \/>\n<meta property=\"og:site_name\" content=\"Astera Labs\" \/>\n<meta property=\"article:modified_time\" content=\"2026-01-15T12:20:27+00:00\" \/>\n<meta property=\"og:image\" content=\"https:\/\/asteralabs.org\/wp-content\/uploads\/2022\/11\/17.png\" \/>\n\t<meta property=\"og:image:width\" content=\"2000\" \/>\n\t<meta property=\"og:image:height\" content=\"2000\" \/>\n\t<meta property=\"og:image:type\" content=\"image\/png\" \/>\n<meta name=\"twitter:card\" content=\"summary_large_image\" \/>\n<script type=\"application\/ld+json\" class=\"yoast-schema-graph\">{\"@context\":\"https:\\\/\\\/schema.org\",\"@graph\":[{\"@type\":\"WebPage\",\"@id\":\"https:\\\/\\\/asteralabs.org\\\/nl\\\/product\\\/trenbolonacetaat\\\/\",\"url\":\"https:\\\/\\\/asteralabs.org\\\/nl\\\/product\\\/trenbolonacetaat\\\/\",\"name\":\"Trenbolonacetaat - Astera Labs\",\"isPartOf\":{\"@id\":\"https:\\\/\\\/asteralabs.org\\\/nl\\\/#website\"},\"primaryImageOfPage\":{\"@id\":\"https:\\\/\\\/asteralabs.org\\\/nl\\\/product\\\/trenbolonacetaat\\\/#primaryimage\"},\"image\":{\"@id\":\"https:\\\/\\\/asteralabs.org\\\/nl\\\/product\\\/trenbolonacetaat\\\/#primaryimage\"},\"thumbnailUrl\":\"https:\\\/\\\/asteralabs.org\\\/wp-content\\\/uploads\\\/2022\\\/11\\\/17.png\",\"datePublished\":\"2022-11-05T22:37:30+00:00\",\"dateModified\":\"2026-01-15T12:20:27+00:00\",\"breadcrumb\":{\"@id\":\"https:\\\/\\\/asteralabs.org\\\/nl\\\/product\\\/trenbolonacetaat\\\/#breadcrumb\"},\"inLanguage\":\"nl-NL\",\"potentialAction\":[{\"@type\":\"ReadAction\",\"target\":[\"https:\\\/\\\/asteralabs.org\\\/nl\\\/product\\\/trenbolonacetaat\\\/\"]}]},{\"@type\":\"ImageObject\",\"inLanguage\":\"nl-NL\",\"@id\":\"https:\\\/\\\/asteralabs.org\\\/nl\\\/product\\\/trenbolonacetaat\\\/#primaryimage\",\"url\":\"https:\\\/\\\/asteralabs.org\\\/wp-content\\\/uploads\\\/2022\\\/11\\\/17.png\",\"contentUrl\":\"https:\\\/\\\/asteralabs.org\\\/wp-content\\\/uploads\\\/2022\\\/11\\\/17.png\",\"width\":2000,\"height\":2000},{\"@type\":\"BreadcrumbList\",\"@id\":\"https:\\\/\\\/asteralabs.org\\\/nl\\\/product\\\/trenbolonacetaat\\\/#breadcrumb\",\"itemListElement\":[{\"@type\":\"ListItem\",\"position\":1,\"name\":\"Home\",\"item\":\"https:\\\/\\\/asteralabs.org\\\/nl\\\/\"},{\"@type\":\"ListItem\",\"position\":2,\"name\":\"Winkel op\",\"item\":\"https:\\\/\\\/asteralabs.org\\\/nl\\\/winkel-op\\\/\"},{\"@type\":\"ListItem\",\"position\":3,\"name\":\"Trenbolonacetaat\"}]},{\"@type\":\"WebSite\",\"@id\":\"https:\\\/\\\/asteralabs.org\\\/nl\\\/#website\",\"url\":\"https:\\\/\\\/asteralabs.org\\\/nl\\\/\",\"name\":\"Astera Labs\",\"description\":\"Improve Your Quality Of Life\",\"publisher\":{\"@id\":\"https:\\\/\\\/asteralabs.org\\\/nl\\\/#organization\"},\"potentialAction\":[{\"@type\":\"SearchAction\",\"target\":{\"@type\":\"EntryPoint\",\"urlTemplate\":\"https:\\\/\\\/asteralabs.org\\\/nl\\\/?s={search_term_string}\"},\"query-input\":{\"@type\":\"PropertyValueSpecification\",\"valueRequired\":true,\"valueName\":\"search_term_string\"}}],\"inLanguage\":\"nl-NL\"},{\"@type\":\"Organization\",\"@id\":\"https:\\\/\\\/asteralabs.org\\\/nl\\\/#organization\",\"name\":\"Astera Labs\",\"url\":\"https:\\\/\\\/asteralabs.org\\\/nl\\\/\",\"logo\":{\"@type\":\"ImageObject\",\"inLanguage\":\"nl-NL\",\"@id\":\"https:\\\/\\\/asteralabs.org\\\/nl\\\/#\\\/schema\\\/logo\\\/image\\\/\",\"url\":\"https:\\\/\\\/asteralabs.org\\\/wp-content\\\/uploads\\\/2022\\\/12\\\/astera-2.png\",\"contentUrl\":\"https:\\\/\\\/asteralabs.org\\\/wp-content\\\/uploads\\\/2022\\\/12\\\/astera-2.png\",\"width\":437,\"height\":111,\"caption\":\"Astera Labs\"},\"image\":{\"@id\":\"https:\\\/\\\/asteralabs.org\\\/nl\\\/#\\\/schema\\\/logo\\\/image\\\/\"}}]}<\/script>\n<!-- \/ Yoast SEO plugin. -->","yoast_head_json":{"title":"Trenbolonacetaat - Astera Labs","robots":{"index":"index","follow":"follow","max-snippet":"max-snippet:-1","max-image-preview":"max-image-preview:large","max-video-preview":"max-video-preview:-1"},"canonical":"https:\/\/asteralabs.org\/nl\/product\/trenbolonacetaat\/","og_locale":"nl_NL","og_type":"article","og_title":"Trenbolonacetaat - Astera Labs","og_description":"DOSAGE: Trenbolone Acerate 100mg\/ml VERPAKKING INHOUD: 1 x 10ML flacon, 100 mg per ml WAT IS HET: Trenbolon is een stero\u00efde afgeleid van 19-Nortestosteron en is een van de meest krachtige en effectieve stero\u00efden die momenteel bestaan. Door zijn hoge affiniteit met androgeen receptoren, het is een veelzijdige stero\u00efde, nuttig voor het verkrijgen van spiermassa,&hellip;","og_url":"https:\/\/asteralabs.org\/nl\/product\/trenbolonacetaat\/","og_site_name":"Astera Labs","article_modified_time":"2026-01-15T12:20:27+00:00","og_image":[{"width":2000,"height":2000,"url":"https:\/\/asteralabs.org\/wp-content\/uploads\/2022\/11\/17.png","type":"image\/png"}],"twitter_card":"summary_large_image","schema":{"@context":"https:\/\/schema.org","@graph":[{"@type":"WebPage","@id":"https:\/\/asteralabs.org\/nl\/product\/trenbolonacetaat\/","url":"https:\/\/asteralabs.org\/nl\/product\/trenbolonacetaat\/","name":"Trenbolonacetaat - Astera Labs","isPartOf":{"@id":"https:\/\/asteralabs.org\/nl\/#website"},"primaryImageOfPage":{"@id":"https:\/\/asteralabs.org\/nl\/product\/trenbolonacetaat\/#primaryimage"},"image":{"@id":"https:\/\/asteralabs.org\/nl\/product\/trenbolonacetaat\/#primaryimage"},"thumbnailUrl":"https:\/\/asteralabs.org\/wp-content\/uploads\/2022\/11\/17.png","datePublished":"2022-11-05T22:37:30+00:00","dateModified":"2026-01-15T12:20:27+00:00","breadcrumb":{"@id":"https:\/\/asteralabs.org\/nl\/product\/trenbolonacetaat\/#breadcrumb"},"inLanguage":"nl-NL","potentialAction":[{"@type":"ReadAction","target":["https:\/\/asteralabs.org\/nl\/product\/trenbolonacetaat\/"]}]},{"@type":"ImageObject","inLanguage":"nl-NL","@id":"https:\/\/asteralabs.org\/nl\/product\/trenbolonacetaat\/#primaryimage","url":"https:\/\/asteralabs.org\/wp-content\/uploads\/2022\/11\/17.png","contentUrl":"https:\/\/asteralabs.org\/wp-content\/uploads\/2022\/11\/17.png","width":2000,"height":2000},{"@type":"BreadcrumbList","@id":"https:\/\/asteralabs.org\/nl\/product\/trenbolonacetaat\/#breadcrumb","itemListElement":[{"@type":"ListItem","position":1,"name":"Home","item":"https:\/\/asteralabs.org\/nl\/"},{"@type":"ListItem","position":2,"name":"Winkel op","item":"https:\/\/asteralabs.org\/nl\/winkel-op\/"},{"@type":"ListItem","position":3,"name":"Trenbolonacetaat"}]},{"@type":"WebSite","@id":"https:\/\/asteralabs.org\/nl\/#website","url":"https:\/\/asteralabs.org\/nl\/","name":"Astera Labs","description":"Improve Your Quality Of Life","publisher":{"@id":"https:\/\/asteralabs.org\/nl\/#organization"},"potentialAction":[{"@type":"SearchAction","target":{"@type":"EntryPoint","urlTemplate":"https:\/\/asteralabs.org\/nl\/?s={search_term_string}"},"query-input":{"@type":"PropertyValueSpecification","valueRequired":true,"valueName":"search_term_string"}}],"inLanguage":"nl-NL"},{"@type":"Organization","@id":"https:\/\/asteralabs.org\/nl\/#organization","name":"Astera Labs","url":"https:\/\/asteralabs.org\/nl\/","logo":{"@type":"ImageObject","inLanguage":"nl-NL","@id":"https:\/\/asteralabs.org\/nl\/#\/schema\/logo\/image\/","url":"https:\/\/asteralabs.org\/wp-content\/uploads\/2022\/12\/astera-2.png","contentUrl":"https:\/\/asteralabs.org\/wp-content\/uploads\/2022\/12\/astera-2.png","width":437,"height":111,"caption":"Astera Labs"},"image":{"@id":"https:\/\/asteralabs.org\/nl\/#\/schema\/logo\/image\/"}}]}},"_links":{"self":[{"href":"https:\/\/asteralabs.org\/nl\/wp-json\/wp\/v2\/product\/77922","targetHints":{"allow":["GET"]}}],"collection":[{"href":"https:\/\/asteralabs.org\/nl\/wp-json\/wp\/v2\/product"}],"about":[{"href":"https:\/\/asteralabs.org\/nl\/wp-json\/wp\/v2\/types\/product"}],"replies":[{"embeddable":true,"href":"https:\/\/asteralabs.org\/nl\/wp-json\/wp\/v2\/comments?post=77922"}],"version-history":[{"count":0,"href":"https:\/\/asteralabs.org\/nl\/wp-json\/wp\/v2\/product\/77922\/revisions"}],"wp:featuredmedia":[{"embeddable":true,"href":"https:\/\/asteralabs.org\/nl\/wp-json\/wp\/v2\/media\/75080"}],"wp:attachment":[{"href":"https:\/\/asteralabs.org\/nl\/wp-json\/wp\/v2\/media?parent=77922"}],"wp:term":[{"taxonomy":"product_brand","embeddable":true,"href":"https:\/\/asteralabs.org\/nl\/wp-json\/wp\/v2\/product_brand?post=77922"},{"taxonomy":"product_cat","embeddable":true,"href":"https:\/\/asteralabs.org\/nl\/wp-json\/wp\/v2\/product_cat?post=77922"},{"taxonomy":"product_tag","embeddable":true,"href":"https:\/\/asteralabs.org\/nl\/wp-json\/wp\/v2\/product_tag?post=77922"}],"curies":[{"name":"wp","href":"https:\/\/api.w.org\/{rel}","templated":true}]}}